{"id":1708,"date":"2018-12-28T14:10:55","date_gmt":"2018-12-28T14:10:55","guid":{"rendered":"https:\/\/www.ankarsrum.com\/?page_id=1708"},"modified":"2024-12-11T13:40:09","modified_gmt":"2024-12-11T12:40:09","slug":"register-your-machine","status":"publish","type":"page","link":"https:\/\/www.ankarsrum.com\/dk\/register-your-machine\/","title":{"rendered":"Registrer din maskine"},"content":{"rendered":"\n<div class=\"wp-block-cover alignfull is-light\" style=\"min-height:370px;aspect-ratio:unset;\"><span aria-hidden=\"true\" class=\"wp-block-cover__background has-base-900-background-color has-background-dim-40 has-background-dim\"><\/span><img decoding=\"async\" class=\"wp-block-cover__image-background wp-image-42241\" alt=\"Vit Ankarsrum k\u00f6ksassistent \" src=\"https:\/\/www.ankarsrum.com\/se\/wp-content\/uploads\/sites\/11\/2023\/09\/ankarsrum-liggande.jpg\" style=\"object-position:56% 51%\" data-object-fit=\"cover\" data-object-position=\"56% 51%\"\/><div class=\"wp-block-cover__inner-container is-layout-flow wp-block-cover-is-layout-flow\">\n<h1 class=\"wp-block-heading has-text-align-center\" id=\"h-registrer-din-maskine\"><strong>Registrer din maskine<\/strong><\/h1>\n\n\n\n<div class=\"wp-block-columns is-layout-flex wp-container-core-columns-is-layout-28f84493 wp-block-columns-is-layout-flex\">\n<div class=\"wp-block-column is-layout-flow wp-block-column-is-layout-flow\" style=\"flex-basis:25%\"><\/div>\n\n\n\n<div class=\"wp-block-column is-layout-flow wp-block-column-is-layout-flow\" style=\"flex-basis:50%\">\n<p class=\"has-text-align-center\">ANKARSRUM\u00ae Assistent Original bliver fremstillet og monteret i h\u00e5nden og individuelt testet i Sverige. Vi byder 7 \u00e5rs motorgaranti, der d\u00e6kker selve maskinens indvendige dele, s\u00e5som motor, gearkasse, timer og printplade. Motorgarantien d\u00e6kker ikke den rustfri r\u00f8resk\u00e5l og det \u00f8vrige tilbeh\u00f8r og maskinens bev\u00e6gelige dele \u2013 p\u00e5 disse dele er der 2 \u00e5rs garanti.<\/p>\n<\/div>\n\n\n\n<div class=\"wp-block-column is-layout-flow wp-block-column-is-layout-flow\" style=\"flex-basis:25%\"><\/div>\n<\/div>\n<\/div><\/div>\n\n\n\n<div style=\"height:69px\" aria-hidden=\"true\" class=\"wp-block-spacer\"><\/div>\n\n\n\n<div class=\"wp-block-columns alignwide is-layout-flex wp-container-core-columns-is-layout-28f84493 wp-block-columns-is-layout-flex\">\n<div class=\"wp-block-column is-layout-flow wp-block-column-is-layout-flow\" style=\"flex-basis:25%\"><\/div>\n\n\n\n<div class=\"wp-block-column is-layout-flow wp-block-column-is-layout-flow\" style=\"flex-basis:50%\">\n<div class=\"wp-block-leadin-hubspot-form-block\">\n\t\t\t\t\t\t<script>\n\t\t\t\t\t\t\twindow.hsFormsOnReady = window.hsFormsOnReady || [];\n\t\t\t\t\t\t\twindow.hsFormsOnReady.push(()=>{\n\t\t\t\t\t\t\t\thbspt.forms.create({\n\t\t\t\t\t\t\t\t\tportalId: 145411780,\n\t\t\t\t\t\t\t\t\tformId: \"c1e7ef0e-65ba-497d-9bd9-b3b2655505ca\",\n\t\t\t\t\t\t\t\t\ttarget: \"#hbspt-form-1778516932000-1698834433\",\n\t\t\t\t\t\t\t\t\tregion: \"eu1\",\n\t\t\t\t\t\t\t\t\t\n\t\t\t\t\t\t\t})});\n\t\t\t\t\t\t<\/script>\n\t\t\t\t\t\t<div class=\"hbspt-form\" id=\"hbspt-form-1778516932000-1698834433\"><\/div><\/div>\n<\/div>\n\n\n\n<div class=\"wp-block-column is-layout-flow wp-block-column-is-layout-flow\" style=\"flex-basis:25%\"><\/div>\n<\/div>\n","protected":false},"excerpt":{"rendered":"<p>Registrer din maskine. ANKARSRUM\u00ae Assistent Original bliver fremstillet og monteret i h\u00e5nden og individuelt testet i Sverige<\/p>\n","protected":false},"author":35,"featured_media":3696,"parent":0,"menu_order":0,"comment_status":"closed","ping_status":"closed","template":"","meta":{"_acf_changed":false,"content-type":"","editor_notices":[],"footnotes":""},"class_list":["post-1708","page","type-page","status-publish","has-post-thumbnail","hentry"],"acf":[],"yoast_head":"<!-- This site is optimized with the Yoast SEO Premium plugin v26.6 (Yoast SEO v26.6) - https:\/\/yoast.com\/wordpress\/plugins\/seo\/ -->\n<title>Ankarsrum k\u00f8kkenmaskine - Beskyt og registrer din maskine nu<\/title>\n<meta name=\"description\" content=\"Registrer din Ankarsrum k\u00f8kkenmaskine for at f\u00e5 forl\u00e6nget garanti og personlig support. Beskyt din maskine og nyd ekstra fordele.\" \/>\n<meta name=\"robots\" content=\"index, follow, max-snippet:-1, max-image-preview:large, max-video-preview:-1\" \/>\n<link rel=\"canonical\" href=\"https:\/\/www.ankarsrum.com\/dk\/register-your-machine\/\" \/>\n<meta property=\"og:locale\" content=\"da_DK\" \/>\n<meta property=\"og:type\" content=\"article\" \/>\n<meta property=\"og:title\" content=\"Registrer din maskine\" \/>\n<meta property=\"og:description\" content=\"Registrer din Ankarsrum k\u00f8kkenmaskine for at f\u00e5 forl\u00e6nget garanti og personlig support. Beskyt din maskine og nyd ekstra fordele.\" \/>\n<meta property=\"og:url\" content=\"https:\/\/www.ankarsrum.com\/dk\/register-your-machine\/\" \/>\n<meta property=\"og:site_name\" content=\"Ankarsrum Denmark\" \/>\n<meta property=\"article:modified_time\" content=\"2024-12-11T12:40:09+00:00\" \/>\n<meta property=\"og:image\" content=\"https:\/\/www.ankarsrum.com\/dk\/wp-content\/uploads\/sites\/19\/2019\/11\/GarantiEmblem-7-Years_CMYK-1.png\" \/>\n\t<meta property=\"og:image:width\" content=\"800\" \/>\n\t<meta property=\"og:image:height\" content=\"630\" \/>\n\t<meta property=\"og:image:type\" content=\"image\/png\" \/>\n<meta name=\"twitter:card\" content=\"summary_large_image\" \/>\n<meta name=\"twitter:label1\" content=\"Estimeret l\u00e6setid\" \/>\n\t<meta name=\"twitter:data1\" content=\"1 minut\" \/>\n<script type=\"application\/ld+json\" class=\"yoast-schema-graph\">{\"@context\":\"https:\/\/schema.org\",\"@graph\":[{\"@type\":\"WebPage\",\"@id\":\"https:\/\/www.ankarsrum.com\/dk\/register-your-machine\/\",\"url\":\"https:\/\/www.ankarsrum.com\/dk\/register-your-machine\/\",\"name\":\"Ankarsrum k\u00f8kkenmaskine - Beskyt og registrer din maskine nu\",\"isPartOf\":{\"@id\":\"https:\/\/www.ankarsrum.com\/dk\/#website\"},\"primaryImageOfPage\":{\"@id\":\"https:\/\/www.ankarsrum.com\/dk\/register-your-machine\/#primaryimage\"},\"image\":{\"@id\":\"https:\/\/www.ankarsrum.com\/dk\/register-your-machine\/#primaryimage\"},\"thumbnailUrl\":\"https:\/\/www.ankarsrum.com\/img-srv\/z6bcpaFLbs40hnw6yllH_h8uDy_Zipbj1O19D7L5gJE\/resizing_type:auto\/width:0\/height:0\/gravity:sm\/enlarge:1\/ext:webp\/strip_metadata:1\/quality:90\/cachebuster:filesize-44830\/bG9jYWw6Ly8vd3d3LmFua2Fyc3J1bS5jb20vd3AtY29udGVudC91cGxvYWRzL3NpdGVzLzE5LzIwMTkvMTEvR2FyYW50aUVtYmxlbS03LVllYXJzX0NNWUstMS5wbmc.webp\",\"datePublished\":\"2018-12-28T14:10:55+00:00\",\"dateModified\":\"2024-12-11T12:40:09+00:00\",\"description\":\"Registrer din Ankarsrum k\u00f8kkenmaskine for at f\u00e5 forl\u00e6nget garanti og personlig support. Beskyt din maskine og nyd ekstra fordele.\",\"breadcrumb\":{\"@id\":\"https:\/\/www.ankarsrum.com\/dk\/register-your-machine\/#breadcrumb\"},\"inLanguage\":\"da-DK\",\"potentialAction\":[{\"@type\":\"ReadAction\",\"target\":[\"https:\/\/www.ankarsrum.com\/dk\/register-your-machine\/\"]}]},{\"@type\":\"ImageObject\",\"inLanguage\":\"da-DK\",\"@id\":\"https:\/\/www.ankarsrum.com\/dk\/register-your-machine\/#primaryimage\",\"url\":\"https:\/\/www.ankarsrum.com\/img-srv\/z6bcpaFLbs40hnw6yllH_h8uDy_Zipbj1O19D7L5gJE\/resizing_type:auto\/width:0\/height:0\/gravity:sm\/enlarge:1\/ext:webp\/strip_metadata:1\/quality:90\/cachebuster:filesize-44830\/bG9jYWw6Ly8vd3d3LmFua2Fyc3J1bS5jb20vd3AtY29udGVudC91cGxvYWRzL3NpdGVzLzE5LzIwMTkvMTEvR2FyYW50aUVtYmxlbS03LVllYXJzX0NNWUstMS5wbmc.webp\",\"contentUrl\":\"https:\/\/www.ankarsrum.com\/img-srv\/z6bcpaFLbs40hnw6yllH_h8uDy_Zipbj1O19D7L5gJE\/resizing_type:auto\/width:0\/height:0\/gravity:sm\/enlarge:1\/ext:webp\/strip_metadata:1\/quality:90\/cachebuster:filesize-44830\/bG9jYWw6Ly8vd3d3LmFua2Fyc3J1bS5jb20vd3AtY29udGVudC91cGxvYWRzL3NpdGVzLzE5LzIwMTkvMTEvR2FyYW50aUVtYmxlbS03LVllYXJzX0NNWUstMS5wbmc.webp\",\"width\":800,\"height\":800},{\"@type\":\"BreadcrumbList\",\"@id\":\"https:\/\/www.ankarsrum.com\/dk\/register-your-machine\/#breadcrumb\",\"itemListElement\":[{\"@type\":\"ListItem\",\"position\":1,\"name\":\"Home\",\"item\":\"https:\/\/www.ankarsrum.com\/dk\/\"},{\"@type\":\"ListItem\",\"position\":2,\"name\":\"Registrer din maskine\"}]},{\"@type\":\"WebSite\",\"@id\":\"https:\/\/www.ankarsrum.com\/dk\/#website\",\"url\":\"https:\/\/www.ankarsrum.com\/dk\/\",\"name\":\"Ankarsrum Denmark\",\"description\":\"The bread of the world\",\"potentialAction\":[{\"@type\":\"SearchAction\",\"target\":{\"@type\":\"EntryPoint\",\"urlTemplate\":\"https:\/\/www.ankarsrum.com\/dk\/?s={search_term_string}\"},\"query-input\":{\"@type\":\"PropertyValueSpecification\",\"valueRequired\":true,\"valueName\":\"search_term_string\"}}],\"inLanguage\":\"da-DK\"}]}<\/script>\n<!-- \/ Yoast SEO Premium plugin. -->","yoast_head_json":{"title":"Ankarsrum k\u00f8kkenmaskine - Beskyt og registrer din maskine nu","description":"Registrer din Ankarsrum k\u00f8kkenmaskine for at f\u00e5 forl\u00e6nget garanti og personlig support. Beskyt din maskine og nyd ekstra fordele.","robots":{"index":"index","follow":"follow","max-snippet":"max-snippet:-1","max-image-preview":"max-image-preview:large","max-video-preview":"max-video-preview:-1"},"canonical":"https:\/\/www.ankarsrum.com\/dk\/register-your-machine\/","og_locale":"da_DK","og_type":"article","og_title":"Registrer din maskine","og_description":"Registrer din Ankarsrum k\u00f8kkenmaskine for at f\u00e5 forl\u00e6nget garanti og personlig support. Beskyt din maskine og nyd ekstra fordele.","og_url":"https:\/\/www.ankarsrum.com\/dk\/register-your-machine\/","og_site_name":"Ankarsrum Denmark","article_modified_time":"2024-12-11T12:40:09+00:00","og_image":[{"width":800,"height":630,"url":"https:\/\/www.ankarsrum.com\/dk\/wp-content\/uploads\/sites\/19\/2019\/11\/GarantiEmblem-7-Years_CMYK-1.png","type":"image\/png"}],"twitter_card":"summary_large_image","twitter_misc":{"Estimeret l\u00e6setid":"1 minut"},"schema":{"@context":"https:\/\/schema.org","@graph":[{"@type":"WebPage","@id":"https:\/\/www.ankarsrum.com\/dk\/register-your-machine\/","url":"https:\/\/www.ankarsrum.com\/dk\/register-your-machine\/","name":"Ankarsrum k\u00f8kkenmaskine - Beskyt og registrer din maskine nu","isPartOf":{"@id":"https:\/\/www.ankarsrum.com\/dk\/#website"},"primaryImageOfPage":{"@id":"https:\/\/www.ankarsrum.com\/dk\/register-your-machine\/#primaryimage"},"image":{"@id":"https:\/\/www.ankarsrum.com\/dk\/register-your-machine\/#primaryimage"},"thumbnailUrl":"https:\/\/www.ankarsrum.com\/img-srv\/z6bcpaFLbs40hnw6yllH_h8uDy_Zipbj1O19D7L5gJE\/resizing_type:auto\/width:0\/height:0\/gravity:sm\/enlarge:1\/ext:webp\/strip_metadata:1\/quality:90\/cachebuster:filesize-44830\/bG9jYWw6Ly8vd3d3LmFua2Fyc3J1bS5jb20vd3AtY29udGVudC91cGxvYWRzL3NpdGVzLzE5LzIwMTkvMTEvR2FyYW50aUVtYmxlbS03LVllYXJzX0NNWUstMS5wbmc.webp","datePublished":"2018-12-28T14:10:55+00:00","dateModified":"2024-12-11T12:40:09+00:00","description":"Registrer din Ankarsrum k\u00f8kkenmaskine for at f\u00e5 forl\u00e6nget garanti og personlig support. Beskyt din maskine og nyd ekstra fordele.","breadcrumb":{"@id":"https:\/\/www.ankarsrum.com\/dk\/register-your-machine\/#breadcrumb"},"inLanguage":"da-DK","potentialAction":[{"@type":"ReadAction","target":["https:\/\/www.ankarsrum.com\/dk\/register-your-machine\/"]}]},{"@type":"ImageObject","inLanguage":"da-DK","@id":"https:\/\/www.ankarsrum.com\/dk\/register-your-machine\/#primaryimage","url":"https:\/\/www.ankarsrum.com\/img-srv\/z6bcpaFLbs40hnw6yllH_h8uDy_Zipbj1O19D7L5gJE\/resizing_type:auto\/width:0\/height:0\/gravity:sm\/enlarge:1\/ext:webp\/strip_metadata:1\/quality:90\/cachebuster:filesize-44830\/bG9jYWw6Ly8vd3d3LmFua2Fyc3J1bS5jb20vd3AtY29udGVudC91cGxvYWRzL3NpdGVzLzE5LzIwMTkvMTEvR2FyYW50aUVtYmxlbS03LVllYXJzX0NNWUstMS5wbmc.webp","contentUrl":"https:\/\/www.ankarsrum.com\/img-srv\/z6bcpaFLbs40hnw6yllH_h8uDy_Zipbj1O19D7L5gJE\/resizing_type:auto\/width:0\/height:0\/gravity:sm\/enlarge:1\/ext:webp\/strip_metadata:1\/quality:90\/cachebuster:filesize-44830\/bG9jYWw6Ly8vd3d3LmFua2Fyc3J1bS5jb20vd3AtY29udGVudC91cGxvYWRzL3NpdGVzLzE5LzIwMTkvMTEvR2FyYW50aUVtYmxlbS03LVllYXJzX0NNWUstMS5wbmc.webp","width":800,"height":800},{"@type":"BreadcrumbList","@id":"https:\/\/www.ankarsrum.com\/dk\/register-your-machine\/#breadcrumb","itemListElement":[{"@type":"ListItem","position":1,"name":"Home","item":"https:\/\/www.ankarsrum.com\/dk\/"},{"@type":"ListItem","position":2,"name":"Registrer din maskine"}]},{"@type":"WebSite","@id":"https:\/\/www.ankarsrum.com\/dk\/#website","url":"https:\/\/www.ankarsrum.com\/dk\/","name":"Ankarsrum Denmark","description":"The bread of the world","potentialAction":[{"@type":"SearchAction","target":{"@type":"EntryPoint","urlTemplate":"https:\/\/www.ankarsrum.com\/dk\/?s={search_term_string}"},"query-input":{"@type":"PropertyValueSpecification","valueRequired":true,"valueName":"search_term_string"}}],"inLanguage":"da-DK"}]}},"_links":{"self":[{"href":"https:\/\/www.ankarsrum.com\/dk\/wp-json\/wp\/v2\/pages\/1708","targetHints":{"allow":["GET"]}}],"collection":[{"href":"https:\/\/www.ankarsrum.com\/dk\/wp-json\/wp\/v2\/pages"}],"about":[{"href":"https:\/\/www.ankarsrum.com\/dk\/wp-json\/wp\/v2\/types\/page"}],"author":[{"embeddable":true,"href":"https:\/\/www.ankarsrum.com\/dk\/wp-json\/wp\/v2\/users\/35"}],"replies":[{"embeddable":true,"href":"https:\/\/www.ankarsrum.com\/dk\/wp-json\/wp\/v2\/comments?post=1708"}],"version-history":[{"count":4,"href":"https:\/\/www.ankarsrum.com\/dk\/wp-json\/wp\/v2\/pages\/1708\/revisions"}],"predecessor-version":[{"id":14929,"href":"https:\/\/www.ankarsrum.com\/dk\/wp-json\/wp\/v2\/pages\/1708\/revisions\/14929"}],"wp:featuredmedia":[{"embeddable":true,"href":"https:\/\/www.ankarsrum.com\/dk\/wp-json\/wp\/v2\/media\/3696"}],"wp:attachment":[{"href":"https:\/\/www.ankarsrum.com\/dk\/wp-json\/wp\/v2\/media?parent=1708"}],"curies":[{"name":"wp","href":"https:\/\/api.w.org\/{rel}","templated":true}]}}