{"id":5324,"date":"2020-09-29T07:28:10","date_gmt":"2020-09-29T07:28:10","guid":{"rendered":"https:\/\/www.ankarsrum.com\/dk\/?page_id=5324"},"modified":"2023-06-19T08:56:51","modified_gmt":"2023-06-19T08:56:51","slug":"klar-til-at-hjaelpe-i-koekkenet","status":"publish","type":"page","link":"https:\/\/www.ankarsrum.com\/dk\/klar-til-at-hjaelpe-i-koekkenet\/","title":{"rendered":"Klar til at hj\u00e6lpe! I k\u00f8kkenet"},"content":{"rendered":"\n<h2 class=\"has-text-align-center wp-block-heading\">V\u00e5res sortiment<\/h2>\n\n\n\n<div class=\"wp-block-columns alignfull is-layout-flex wp-container-core-columns-is-layout-28f84493 wp-block-columns-is-layout-flex\">\n<div class=\"wp-block-column is-layout-flow wp-block-column-is-layout-flow\">\n<div class=\"wp-block-cover has-background-dim-30 has-background-dim\" style=\"min-height:500px;aspect-ratio:unset;\"><img decoding=\"async\" class=\"wp-block-cover__image-background wp-image-35777\" alt=\"\" src=\"https:\/\/www.ankarsrum.com\/se\/wp-content\/uploads\/sites\/11\/2023\/01\/Ankarsrum-Assistent_Olive-Green_Focaccia_5_web.jpg\" data-object-fit=\"cover\"\/><div class=\"wp-block-cover__inner-container is-layout-flow wp-block-cover-is-layout-flow\">\n<h2 class=\"has-text-align-center wp-block-heading\">K\u00f8kkenmaskiner<\/h2>\n\n\n\n<p class=\"has-text-align-center\">V\u00e6lg mellem mere end 14 forskellige farver<\/p>\n\n\n\n<div class=\"wp-block-buttons is-content-justification-center is-layout-flex wp-block-buttons-is-layout-flex\">\n<div class=\"wp-block-button is-style-primary wp-block-button is-style-primary btn-medium\"><a class=\"wp-block-button__link\" href=\"https:\/\/www.ankarsrum.com\/dk\/product-category\/vores-farver\/\">Shop vores farver<\/a><\/div>\n<\/div>\n<\/div><\/div>\n<\/div>\n\n\n\n<div class=\"wp-block-column is-layout-flow wp-block-column-is-layout-flow\">\n<div class=\"wp-block-cover has-background-dim-30 has-background-dim\" style=\"min-height:500px;aspect-ratio:unset;\"><img loading=\"lazy\" decoding=\"async\" width=\"1536\" height=\"1920\" class=\"wp-block-cover__image-background wp-image-10340\" alt=\"\" src=\"https:\/\/www.ankarsrum.com\/dk\/wp-content\/uploads\/sites\/19\/2023\/05\/ankarsrum-3.jpg\" style=\"object-position:28% 52%\" data-object-fit=\"cover\" data-object-position=\"28% 52%\" srcset=\"https:\/\/www.ankarsrum.com\/dk\/wp-content\/uploads\/sites\/19\/2023\/05\/ankarsrum-3.jpg 1536w, https:\/\/www.ankarsrum.com\/dk\/wp-content\/uploads\/sites\/19\/2023\/05\/ankarsrum-3-240x300.jpg 240w, https:\/\/www.ankarsrum.com\/dk\/wp-content\/uploads\/sites\/19\/2023\/05\/ankarsrum-3-819x1024.jpg 819w, https:\/\/www.ankarsrum.com\/dk\/wp-content\/uploads\/sites\/19\/2023\/05\/ankarsrum-3-768x960.jpg 768w, https:\/\/www.ankarsrum.com\/dk\/wp-content\/uploads\/sites\/19\/2023\/05\/ankarsrum-3-1229x1536.jpg 1229w, https:\/\/www.ankarsrum.com\/dk\/wp-content\/uploads\/sites\/19\/2023\/05\/ankarsrum-3-720x900.jpg 720w, https:\/\/www.ankarsrum.com\/dk\/wp-content\/uploads\/sites\/19\/2023\/05\/ankarsrum-3-580x725.jpg 580w\" sizes=\"(max-width: 1536px) 100vw, 1536px\" \/><div class=\"wp-block-cover__inner-container is-layout-flow wp-block-cover-is-layout-flow\">\n<h2 class=\"has-text-align-center wp-block-heading\">Tilbeh\u00f8r<\/h2>\n\n\n\n<p class=\"has-text-align-center\">\u00c6lte, presse, hakke, snitte? Intet problem.<\/p>\n\n\n\n<div class=\"wp-block-buttons is-content-justification-center is-layout-flex wp-block-buttons-is-layout-flex\">\n<div class=\"wp-block-button is-style-primary wp-block-button is-style-primary btn-medium\"><a class=\"wp-block-button__link\" href=\"https:\/\/www.ankarsrum.com\/dk\/product-category\/tilbehoer\/\">Shop vores tilbeh\u00f8r<\/a><\/div>\n<\/div>\n<\/div><\/div>\n<\/div>\n\n\n\n<div class=\"wp-block-column is-layout-flow wp-block-column-is-layout-flow\">\n<div class=\"wp-block-cover has-background-dim-30 has-background-dim\" style=\"min-height:500px;aspect-ratio:unset;\"><img loading=\"lazy\" decoding=\"async\" width=\"5460\" height=\"4368\" class=\"wp-block-cover__image-background wp-image-4574\" alt=\"\" src=\"https:\/\/www.ankarsrum.com\/dk\/wp-content\/uploads\/sites\/19\/2020\/02\/Cord_Set_EU__600000110-50.jpg\" data-object-fit=\"cover\" srcset=\"https:\/\/www.ankarsrum.com\/dk\/wp-content\/uploads\/sites\/19\/2020\/02\/Cord_Set_EU__600000110-50.jpg 5460w, https:\/\/www.ankarsrum.com\/dk\/wp-content\/uploads\/sites\/19\/2020\/02\/Cord_Set_EU__600000110-50-300x240.jpg 300w, https:\/\/www.ankarsrum.com\/dk\/wp-content\/uploads\/sites\/19\/2020\/02\/Cord_Set_EU__600000110-50-768x614.jpg 768w, https:\/\/www.ankarsrum.com\/dk\/wp-content\/uploads\/sites\/19\/2020\/02\/Cord_Set_EU__600000110-50-1024x819.jpg 1024w, https:\/\/www.ankarsrum.com\/dk\/wp-content\/uploads\/sites\/19\/2020\/02\/Cord_Set_EU__600000110-50-1680x1344.jpg 1680w, https:\/\/www.ankarsrum.com\/dk\/wp-content\/uploads\/sites\/19\/2020\/02\/Cord_Set_EU__600000110-50-600x480.jpg 600w\" sizes=\"(max-width: 5460px) 100vw, 5460px\" \/><div class=\"wp-block-cover__inner-container is-layout-flow wp-block-cover-is-layout-flow\">\n<h2 class=\"has-text-align-center wp-block-heading\">Reservedele<\/h2>\n\n\n\n<p class=\"has-text-align-center\">En maskine der arbejder h\u00e5rdt \u00e5r efter \u00e5r, har undertiden brug for en ny reservedel.<\/p>\n\n\n\n<div class=\"wp-block-buttons is-content-justification-center is-layout-flex wp-block-buttons-is-layout-flex\">\n<div class=\"wp-block-button is-style-primary wp-block-button is-style-primary btn-medium\"><a class=\"wp-block-button__link\" href=\"https:\/\/www.ankarsrum.com\/dk\/product-category\/dele\/\">Shop vores reservedele<\/a><\/div>\n<\/div>\n<\/div><\/div>\n<\/div>\n<\/div>\n","protected":false},"excerpt":{"rendered":"<p>V\u00e5res sortiment. K\u00f8kkenmaskiner. V\u00e6lg mellem mere end 14 forskellige farver. Shop vores farver. <\/p>\n","protected":false},"author":5,"featured_media":0,"parent":0,"menu_order":0,"comment_status":"closed","ping_status":"closed","template":"","meta":{"_acf_changed":false,"content-type":"","editor_notices":[],"footnotes":""},"class_list":["post-5324","page","type-page","status-publish","hentry"],"acf":[],"yoast_head":"<!-- This site is optimized with the Yoast SEO Premium plugin v26.6 (Yoast SEO v26.6) - https:\/\/yoast.com\/wordpress\/plugins\/seo\/ -->\n<title>Klar til at hj\u00e6lpe! I k\u00f8kkenet - Ankarsrum Denmark<\/title>\n<meta name=\"robots\" content=\"index, follow, max-snippet:-1, max-image-preview:large, max-video-preview:-1\" \/>\n<link rel=\"canonical\" href=\"https:\/\/www.ankarsrum.com\/dk\/klar-til-at-hjaelpe-i-koekkenet\/\" \/>\n<meta property=\"og:locale\" content=\"da_DK\" \/>\n<meta property=\"og:type\" content=\"article\" \/>\n<meta property=\"og:title\" content=\"Klar til at hj\u00e6lpe! I k\u00f8kkenet\" \/>\n<meta property=\"og:description\" content=\"V\u00e5res sortiment. K\u00f8kkenmaskiner. V\u00e6lg mellem mere end 14 forskellige farver. Shop vores farver.\" \/>\n<meta property=\"og:url\" content=\"https:\/\/www.ankarsrum.com\/dk\/klar-til-at-hjaelpe-i-koekkenet\/\" \/>\n<meta property=\"og:site_name\" content=\"Ankarsrum Denmark\" \/>\n<meta property=\"article:modified_time\" content=\"2023-06-19T08:56:51+00:00\" \/>\n<meta property=\"og:image\" content=\"https:\/\/www.ankarsrum.com\/se\/wp-content\/uploads\/sites\/11\/2023\/01\/Ankarsrum-Assistent_Olive-Green_Focaccia_5_web.jpg\" \/>\n<meta name=\"twitter:card\" content=\"summary_large_image\" \/>\n<meta name=\"twitter:label1\" content=\"Estimeret l\u00e6setid\" \/>\n\t<meta name=\"twitter:data1\" content=\"1 minut\" \/>\n<script type=\"application\/ld+json\" class=\"yoast-schema-graph\">{\"@context\":\"https:\/\/schema.org\",\"@graph\":[{\"@type\":\"WebPage\",\"@id\":\"https:\/\/www.ankarsrum.com\/dk\/klar-til-at-hjaelpe-i-koekkenet\/\",\"url\":\"https:\/\/www.ankarsrum.com\/dk\/klar-til-at-hjaelpe-i-koekkenet\/\",\"name\":\"Klar til at hj\u00e6lpe! I k\u00f8kkenet - Ankarsrum Denmark\",\"isPartOf\":{\"@id\":\"https:\/\/www.ankarsrum.com\/dk\/#website\"},\"primaryImageOfPage\":{\"@id\":\"https:\/\/www.ankarsrum.com\/dk\/klar-til-at-hjaelpe-i-koekkenet\/#primaryimage\"},\"image\":{\"@id\":\"https:\/\/www.ankarsrum.com\/dk\/klar-til-at-hjaelpe-i-koekkenet\/#primaryimage\"},\"thumbnailUrl\":\"https:\/\/www.ankarsrum.com\/se\/wp-content\/uploads\/sites\/11\/2023\/01\/Ankarsrum-Assistent_Olive-Green_Focaccia_5_web.jpg\",\"datePublished\":\"2020-09-29T07:28:10+00:00\",\"dateModified\":\"2023-06-19T08:56:51+00:00\",\"breadcrumb\":{\"@id\":\"https:\/\/www.ankarsrum.com\/dk\/klar-til-at-hjaelpe-i-koekkenet\/#breadcrumb\"},\"inLanguage\":\"da-DK\",\"potentialAction\":[{\"@type\":\"ReadAction\",\"target\":[\"https:\/\/www.ankarsrum.com\/dk\/klar-til-at-hjaelpe-i-koekkenet\/\"]}]},{\"@type\":\"ImageObject\",\"inLanguage\":\"da-DK\",\"@id\":\"https:\/\/www.ankarsrum.com\/dk\/klar-til-at-hjaelpe-i-koekkenet\/#primaryimage\",\"url\":\"https:\/\/www.ankarsrum.com\/se\/wp-content\/uploads\/sites\/11\/2023\/01\/Ankarsrum-Assistent_Olive-Green_Focaccia_5_web.jpg\",\"contentUrl\":\"https:\/\/www.ankarsrum.com\/se\/wp-content\/uploads\/sites\/11\/2023\/01\/Ankarsrum-Assistent_Olive-Green_Focaccia_5_web.jpg\"},{\"@type\":\"BreadcrumbList\",\"@id\":\"https:\/\/www.ankarsrum.com\/dk\/klar-til-at-hjaelpe-i-koekkenet\/#breadcrumb\",\"itemListElement\":[{\"@type\":\"ListItem\",\"position\":1,\"name\":\"Home\",\"item\":\"https:\/\/www.ankarsrum.com\/dk\/\"},{\"@type\":\"ListItem\",\"position\":2,\"name\":\"Klar til at hj\u00e6lpe! I k\u00f8kkenet\"}]},{\"@type\":\"WebSite\",\"@id\":\"https:\/\/www.ankarsrum.com\/dk\/#website\",\"url\":\"https:\/\/www.ankarsrum.com\/dk\/\",\"name\":\"Ankarsrum Denmark\",\"description\":\"The bread of the world\",\"potentialAction\":[{\"@type\":\"SearchAction\",\"target\":{\"@type\":\"EntryPoint\",\"urlTemplate\":\"https:\/\/www.ankarsrum.com\/dk\/?s={search_term_string}\"},\"query-input\":{\"@type\":\"PropertyValueSpecification\",\"valueRequired\":true,\"valueName\":\"search_term_string\"}}],\"inLanguage\":\"da-DK\"}]}<\/script>\n<!-- \/ Yoast SEO Premium plugin. -->","yoast_head_json":{"title":"Klar til at hj\u00e6lpe! I k\u00f8kkenet - Ankarsrum Denmark","robots":{"index":"index","follow":"follow","max-snippet":"max-snippet:-1","max-image-preview":"max-image-preview:large","max-video-preview":"max-video-preview:-1"},"canonical":"https:\/\/www.ankarsrum.com\/dk\/klar-til-at-hjaelpe-i-koekkenet\/","og_locale":"da_DK","og_type":"article","og_title":"Klar til at hj\u00e6lpe! I k\u00f8kkenet","og_description":"V\u00e5res sortiment. K\u00f8kkenmaskiner. V\u00e6lg mellem mere end 14 forskellige farver. Shop vores farver.","og_url":"https:\/\/www.ankarsrum.com\/dk\/klar-til-at-hjaelpe-i-koekkenet\/","og_site_name":"Ankarsrum Denmark","article_modified_time":"2023-06-19T08:56:51+00:00","og_image":[{"url":"https:\/\/www.ankarsrum.com\/se\/wp-content\/uploads\/sites\/11\/2023\/01\/Ankarsrum-Assistent_Olive-Green_Focaccia_5_web.jpg","type":"","width":"","height":""}],"twitter_card":"summary_large_image","twitter_misc":{"Estimeret l\u00e6setid":"1 minut"},"schema":{"@context":"https:\/\/schema.org","@graph":[{"@type":"WebPage","@id":"https:\/\/www.ankarsrum.com\/dk\/klar-til-at-hjaelpe-i-koekkenet\/","url":"https:\/\/www.ankarsrum.com\/dk\/klar-til-at-hjaelpe-i-koekkenet\/","name":"Klar til at hj\u00e6lpe! I k\u00f8kkenet - Ankarsrum Denmark","isPartOf":{"@id":"https:\/\/www.ankarsrum.com\/dk\/#website"},"primaryImageOfPage":{"@id":"https:\/\/www.ankarsrum.com\/dk\/klar-til-at-hjaelpe-i-koekkenet\/#primaryimage"},"image":{"@id":"https:\/\/www.ankarsrum.com\/dk\/klar-til-at-hjaelpe-i-koekkenet\/#primaryimage"},"thumbnailUrl":"https:\/\/www.ankarsrum.com\/se\/wp-content\/uploads\/sites\/11\/2023\/01\/Ankarsrum-Assistent_Olive-Green_Focaccia_5_web.jpg","datePublished":"2020-09-29T07:28:10+00:00","dateModified":"2023-06-19T08:56:51+00:00","breadcrumb":{"@id":"https:\/\/www.ankarsrum.com\/dk\/klar-til-at-hjaelpe-i-koekkenet\/#breadcrumb"},"inLanguage":"da-DK","potentialAction":[{"@type":"ReadAction","target":["https:\/\/www.ankarsrum.com\/dk\/klar-til-at-hjaelpe-i-koekkenet\/"]}]},{"@type":"ImageObject","inLanguage":"da-DK","@id":"https:\/\/www.ankarsrum.com\/dk\/klar-til-at-hjaelpe-i-koekkenet\/#primaryimage","url":"https:\/\/www.ankarsrum.com\/se\/wp-content\/uploads\/sites\/11\/2023\/01\/Ankarsrum-Assistent_Olive-Green_Focaccia_5_web.jpg","contentUrl":"https:\/\/www.ankarsrum.com\/se\/wp-content\/uploads\/sites\/11\/2023\/01\/Ankarsrum-Assistent_Olive-Green_Focaccia_5_web.jpg"},{"@type":"BreadcrumbList","@id":"https:\/\/www.ankarsrum.com\/dk\/klar-til-at-hjaelpe-i-koekkenet\/#breadcrumb","itemListElement":[{"@type":"ListItem","position":1,"name":"Home","item":"https:\/\/www.ankarsrum.com\/dk\/"},{"@type":"ListItem","position":2,"name":"Klar til at hj\u00e6lpe! I k\u00f8kkenet"}]},{"@type":"WebSite","@id":"https:\/\/www.ankarsrum.com\/dk\/#website","url":"https:\/\/www.ankarsrum.com\/dk\/","name":"Ankarsrum Denmark","description":"The bread of the world","potentialAction":[{"@type":"SearchAction","target":{"@type":"EntryPoint","urlTemplate":"https:\/\/www.ankarsrum.com\/dk\/?s={search_term_string}"},"query-input":{"@type":"PropertyValueSpecification","valueRequired":true,"valueName":"search_term_string"}}],"inLanguage":"da-DK"}]}},"_links":{"self":[{"href":"https:\/\/www.ankarsrum.com\/dk\/wp-json\/wp\/v2\/pages\/5324","targetHints":{"allow":["GET"]}}],"collection":[{"href":"https:\/\/www.ankarsrum.com\/dk\/wp-json\/wp\/v2\/pages"}],"about":[{"href":"https:\/\/www.ankarsrum.com\/dk\/wp-json\/wp\/v2\/types\/page"}],"author":[{"embeddable":true,"href":"https:\/\/www.ankarsrum.com\/dk\/wp-json\/wp\/v2\/users\/5"}],"replies":[{"embeddable":true,"href":"https:\/\/www.ankarsrum.com\/dk\/wp-json\/wp\/v2\/comments?post=5324"}],"version-history":[{"count":5,"href":"https:\/\/www.ankarsrum.com\/dk\/wp-json\/wp\/v2\/pages\/5324\/revisions"}],"predecessor-version":[{"id":10347,"href":"https:\/\/www.ankarsrum.com\/dk\/wp-json\/wp\/v2\/pages\/5324\/revisions\/10347"}],"wp:attachment":[{"href":"https:\/\/www.ankarsrum.com\/dk\/wp-json\/wp\/v2\/media?parent=5324"}],"curies":[{"name":"wp","href":"https:\/\/api.w.org\/{rel}","templated":true}]}}