{"id":6516,"date":"2021-06-22T11:17:47","date_gmt":"2021-06-22T11:17:47","guid":{"rendered":"https:\/\/www.ankarsrum.com\/dk\/?page_id=6516"},"modified":"2025-10-22T15:19:31","modified_gmt":"2025-10-22T13:19:31","slug":"garantiregler","status":"publish","type":"page","link":"https:\/\/www.ankarsrum.com\/dk\/garantiregler\/","title":{"rendered":"Garantiregler"},"content":{"rendered":"Vi byder 7 \u00e5rs fabriksgaranti, der d\u00e6kker selve maskinen, men ikke den rustfri r\u00f8resk\u00e5l og det \u00f8vrige tilbeh\u00f8r. Din kvittering er ogs\u00e5 garantibevis. Garantien d\u00e6kker kun maskiner, der benyttes i en privat husholdning, og kun, hvis brugsanvisningens instruktioner er overholdt. Garantien omfatter ikke transportskader, skader som f\u00f8lge af forkert eller sk\u00f8desl\u00f8s behandling eller ved kommerciel brug.\r\n\r\nGarantien g\u00e6lder heller ikke ved forkert vedligeholdelse. Maskinen m\u00e5 ikke bruges til andet end det, den er beregnet til. Garantien g\u00e6lder ikke, hvis maskinen er blevet \u00e5bnet eller fors\u00f8gt repareret af andre end distribut\u00f8ren eller en reparat\u00f8r, der er godkendt af distribut\u00f8ren.\r\n\r\nI tilf\u00e6lde af problemer med maskinen skal du henvende dig til forhandleren for at f\u00e5 konstateret, om fejlen h\u00f8rer under garantien. Hvis det er tilf\u00e6ldet, bliver maskinen sendt til reparation. Du skal altid kunne fremvise kvitteringen i tilf\u00e6lde af reklamation.","protected":false},"excerpt":{"rendered":"<p>Vi byder 7 \u00e5rs fabriksgaranti der d\u00e6kker selve maskinen men ikke den rustfri r\u00f8resk\u00e5l og det \u00f8vrige tilbeh\u00f8r<\/p>\n","protected":false},"author":23,"featured_media":0,"parent":0,"menu_order":0,"comment_status":"closed","ping_status":"closed","template":"","meta":{"_acf_changed":false,"content-type":"","editor_notices":[],"footnotes":""},"class_list":["post-6516","page","type-page","status-publish","hentry"],"acf":[],"yoast_head":"<!-- This site is optimized with the Yoast SEO Premium plugin v26.6 (Yoast SEO v26.6) - https:\/\/yoast.com\/wordpress\/plugins\/seo\/ -->\n<title>Garantiregler \u2013 Ankarsrum 7 \u00e5rs fabriksgaranti<\/title>\n<meta name=\"description\" content=\"Vi tilbyder 7 \u00e5rs fabriksgaranti p\u00e5 maskinen (eksklusive sk\u00e5l og tilbeh\u00f8r). G\u00e6lder kun til privat husholdningsbrug og ved korrekt anvendelse.\" \/>\n<meta name=\"robots\" content=\"index, follow, max-snippet:-1, max-image-preview:large, max-video-preview:-1\" \/>\n<link rel=\"canonical\" href=\"https:\/\/www.ankarsrum.com\/dk\/garantiregler\/\" \/>\n<meta property=\"og:locale\" content=\"da_DK\" \/>\n<meta property=\"og:type\" content=\"article\" \/>\n<meta property=\"og:title\" content=\"Garantiregler\" \/>\n<meta property=\"og:description\" content=\"Vi tilbyder 7 \u00e5rs fabriksgaranti p\u00e5 maskinen (eksklusive sk\u00e5l og tilbeh\u00f8r). G\u00e6lder kun til privat husholdningsbrug og ved korrekt anvendelse.\" \/>\n<meta property=\"og:url\" content=\"https:\/\/www.ankarsrum.com\/dk\/garantiregler\/\" \/>\n<meta property=\"og:site_name\" content=\"Ankarsrum Denmark\" \/>\n<meta property=\"article:modified_time\" content=\"2025-10-22T13:19:31+00:00\" \/>\n<meta name=\"twitter:card\" content=\"summary_large_image\" \/>\n<meta name=\"twitter:label1\" content=\"Estimeret l\u00e6setid\" \/>\n\t<meta name=\"twitter:data1\" content=\"1 minut\" \/>\n<script type=\"application\/ld+json\" class=\"yoast-schema-graph\">{\"@context\":\"https:\/\/schema.org\",\"@graph\":[{\"@type\":\"WebPage\",\"@id\":\"https:\/\/www.ankarsrum.com\/dk\/garantiregler\/\",\"url\":\"https:\/\/www.ankarsrum.com\/dk\/garantiregler\/\",\"name\":\"Garantiregler \u2013 Ankarsrum 7 \u00e5rs fabriksgaranti\",\"isPartOf\":{\"@id\":\"https:\/\/www.ankarsrum.com\/dk\/#website\"},\"datePublished\":\"2021-06-22T11:17:47+00:00\",\"dateModified\":\"2025-10-22T13:19:31+00:00\",\"description\":\"Vi tilbyder 7 \u00e5rs fabriksgaranti p\u00e5 maskinen (eksklusive sk\u00e5l og tilbeh\u00f8r). G\u00e6lder kun til privat husholdningsbrug og ved korrekt anvendelse.\",\"breadcrumb\":{\"@id\":\"https:\/\/www.ankarsrum.com\/dk\/garantiregler\/#breadcrumb\"},\"inLanguage\":\"da-DK\",\"potentialAction\":[{\"@type\":\"ReadAction\",\"target\":[\"https:\/\/www.ankarsrum.com\/dk\/garantiregler\/\"]}]},{\"@type\":\"BreadcrumbList\",\"@id\":\"https:\/\/www.ankarsrum.com\/dk\/garantiregler\/#breadcrumb\",\"itemListElement\":[{\"@type\":\"ListItem\",\"position\":1,\"name\":\"Home\",\"item\":\"https:\/\/www.ankarsrum.com\/dk\/\"},{\"@type\":\"ListItem\",\"position\":2,\"name\":\"Garantiregler\"}]},{\"@type\":\"WebSite\",\"@id\":\"https:\/\/www.ankarsrum.com\/dk\/#website\",\"url\":\"https:\/\/www.ankarsrum.com\/dk\/\",\"name\":\"Ankarsrum Denmark\",\"description\":\"The bread of the world\",\"potentialAction\":[{\"@type\":\"SearchAction\",\"target\":{\"@type\":\"EntryPoint\",\"urlTemplate\":\"https:\/\/www.ankarsrum.com\/dk\/?s={search_term_string}\"},\"query-input\":{\"@type\":\"PropertyValueSpecification\",\"valueRequired\":true,\"valueName\":\"search_term_string\"}}],\"inLanguage\":\"da-DK\"}]}<\/script>\n<!-- \/ Yoast SEO Premium plugin. -->","yoast_head_json":{"title":"Garantiregler \u2013 Ankarsrum 7 \u00e5rs fabriksgaranti","description":"Vi tilbyder 7 \u00e5rs fabriksgaranti p\u00e5 maskinen (eksklusive sk\u00e5l og tilbeh\u00f8r). G\u00e6lder kun til privat husholdningsbrug og ved korrekt anvendelse.","robots":{"index":"index","follow":"follow","max-snippet":"max-snippet:-1","max-image-preview":"max-image-preview:large","max-video-preview":"max-video-preview:-1"},"canonical":"https:\/\/www.ankarsrum.com\/dk\/garantiregler\/","og_locale":"da_DK","og_type":"article","og_title":"Garantiregler","og_description":"Vi tilbyder 7 \u00e5rs fabriksgaranti p\u00e5 maskinen (eksklusive sk\u00e5l og tilbeh\u00f8r). G\u00e6lder kun til privat husholdningsbrug og ved korrekt anvendelse.","og_url":"https:\/\/www.ankarsrum.com\/dk\/garantiregler\/","og_site_name":"Ankarsrum Denmark","article_modified_time":"2025-10-22T13:19:31+00:00","twitter_card":"summary_large_image","twitter_misc":{"Estimeret l\u00e6setid":"1 minut"},"schema":{"@context":"https:\/\/schema.org","@graph":[{"@type":"WebPage","@id":"https:\/\/www.ankarsrum.com\/dk\/garantiregler\/","url":"https:\/\/www.ankarsrum.com\/dk\/garantiregler\/","name":"Garantiregler \u2013 Ankarsrum 7 \u00e5rs fabriksgaranti","isPartOf":{"@id":"https:\/\/www.ankarsrum.com\/dk\/#website"},"datePublished":"2021-06-22T11:17:47+00:00","dateModified":"2025-10-22T13:19:31+00:00","description":"Vi tilbyder 7 \u00e5rs fabriksgaranti p\u00e5 maskinen (eksklusive sk\u00e5l og tilbeh\u00f8r). G\u00e6lder kun til privat husholdningsbrug og ved korrekt anvendelse.","breadcrumb":{"@id":"https:\/\/www.ankarsrum.com\/dk\/garantiregler\/#breadcrumb"},"inLanguage":"da-DK","potentialAction":[{"@type":"ReadAction","target":["https:\/\/www.ankarsrum.com\/dk\/garantiregler\/"]}]},{"@type":"BreadcrumbList","@id":"https:\/\/www.ankarsrum.com\/dk\/garantiregler\/#breadcrumb","itemListElement":[{"@type":"ListItem","position":1,"name":"Home","item":"https:\/\/www.ankarsrum.com\/dk\/"},{"@type":"ListItem","position":2,"name":"Garantiregler"}]},{"@type":"WebSite","@id":"https:\/\/www.ankarsrum.com\/dk\/#website","url":"https:\/\/www.ankarsrum.com\/dk\/","name":"Ankarsrum Denmark","description":"The bread of the world","potentialAction":[{"@type":"SearchAction","target":{"@type":"EntryPoint","urlTemplate":"https:\/\/www.ankarsrum.com\/dk\/?s={search_term_string}"},"query-input":{"@type":"PropertyValueSpecification","valueRequired":true,"valueName":"search_term_string"}}],"inLanguage":"da-DK"}]}},"_links":{"self":[{"href":"https:\/\/www.ankarsrum.com\/dk\/wp-json\/wp\/v2\/pages\/6516","targetHints":{"allow":["GET"]}}],"collection":[{"href":"https:\/\/www.ankarsrum.com\/dk\/wp-json\/wp\/v2\/pages"}],"about":[{"href":"https:\/\/www.ankarsrum.com\/dk\/wp-json\/wp\/v2\/types\/page"}],"author":[{"embeddable":true,"href":"https:\/\/www.ankarsrum.com\/dk\/wp-json\/wp\/v2\/users\/23"}],"replies":[{"embeddable":true,"href":"https:\/\/www.ankarsrum.com\/dk\/wp-json\/wp\/v2\/comments?post=6516"}],"version-history":[{"count":3,"href":"https:\/\/www.ankarsrum.com\/dk\/wp-json\/wp\/v2\/pages\/6516\/revisions"}],"predecessor-version":[{"id":8763,"href":"https:\/\/www.ankarsrum.com\/dk\/wp-json\/wp\/v2\/pages\/6516\/revisions\/8763"}],"wp:attachment":[{"href":"https:\/\/www.ankarsrum.com\/dk\/wp-json\/wp\/v2\/media?parent=6516"}],"curies":[{"name":"wp","href":"https:\/\/api.w.org\/{rel}","templated":true}]}}