{"id":779,"date":"2019-01-28T14:09:23","date_gmt":"2019-01-28T14:09:23","guid":{"rendered":"https:\/\/www.ankarsrum.com\/?page_id=779"},"modified":"2025-10-22T15:12:26","modified_gmt":"2025-10-22T13:12:26","slug":"kontakt-os","status":"publish","type":"page","link":"https:\/\/www.ankarsrum.com\/dk\/kontakt-os\/","title":{"rendered":"Kontakt os"},"content":{"rendered":"\n<div class=\"wp-block-cover alignfull has-parallax\" style=\"min-height:370px;aspect-ratio:unset;\"><span aria-hidden=\"true\" class=\"wp-block-cover__background has-base-900-background-color has-background-dim-40 has-background-dim\"><\/span><div class=\"wp-block-cover__image-background wp-image-37681 has-parallax\" style=\"background-position:50% 50%;background-image:url(https:\/\/www.ankarsrum.com\/se\/wp-content\/uploads\/sites\/11\/2023\/02\/207A5802_korr-scaled-e1677158223372.jpg)\"><\/div><div class=\"wp-block-cover__inner-container is-layout-flow wp-block-cover-is-layout-flow\">\n<h1 class=\"wp-block-heading has-text-align-center\" id=\"h-kontakt-os\">Kontakt os<\/h1>\n\n\n\n<p class=\"has-text-align-center\">Kontakt os gerne, hvis du har sp\u00f8rgsm\u00e5l til vores produkter, for brugertip eller <br>information om, hvor du kan k\u00f8be k\u00f8kkenmaskinen Ankarsrum Assistent Original.<\/p>\n<\/div><\/div>\n\n\n\n<div class=\"wp-block-columns alignwide is-layout-flex wp-container-core-columns-is-layout-28f84493 wp-block-columns-is-layout-flex\">\n<div class=\"wp-block-column is-layout-flow wp-block-column-is-layout-flow\">\n<div style=\"height:15px\" aria-hidden=\"true\" class=\"wp-block-spacer\"><\/div>\n\n\n\n<h3 class=\"wp-block-heading has-text-align-center\" id=\"h-primaere-kontakter\">Prim\u00e6re kontakter<\/h3>\n\n\n\n<div class=\"wp-block-columns is-layout-flex wp-container-core-columns-is-layout-28f84493 wp-block-columns-is-layout-flex\">\n<div class=\"wp-block-column is-layout-flow wp-block-column-is-layout-flow\">\n<p class=\"has-text-align-center has-medium-font-size\"><\/p>\n\n\n\n<p class=\"has-text-align-center has-medium-font-size\"><\/p>\n<\/div>\n\n\n\n<div class=\"wp-block-column is-layout-flow wp-block-column-is-layout-flow\">\n<p class=\"has-text-align-center has-medium-font-size\"><strong>CRYLLE ApS<\/strong><br>Christian Honore<br>Telefon:&nbsp;<a href=\"tel:+45 2552 0002\">+45 2552 0002<\/a><br>Hverdage mellem 8-16<br><a href=\"mailto:Crylle@crylle.dk\">Crylle@crylle.dk<\/a><br><a href=\"http:\/\/www.crylle.dk\/\" target=\"_blank\" rel=\"noreferrer noopener\">crylle.dk<\/a><\/p>\n\n\n\n<p class=\"has-text-align-center has-medium-font-size\"><\/p>\n<\/div>\n\n\n\n<div class=\"wp-block-column is-layout-flow wp-block-column-is-layout-flow\">\n<p class=\"has-text-align-center has-medium-font-size\"><\/p>\n<\/div>\n<\/div>\n\n\n\n<div style=\"height:30px\" aria-hidden=\"true\" class=\"wp-block-spacer\"><\/div>\n<\/div>\n<\/div>\n","protected":false},"excerpt":{"rendered":"<p>Kontakt os. Kontakt os gerne hvis du har sp\u00f8rgsm\u00e5l til vores produkter for brugertip eller information om hvor du kan&hellip;<\/p>\n","protected":false},"author":5,"featured_media":0,"parent":0,"menu_order":0,"comment_status":"closed","ping_status":"closed","template":"","meta":{"_acf_changed":false,"content-type":"","editor_notices":[],"footnotes":""},"class_list":["post-779","page","type-page","status-publish","hentry"],"acf":[],"yoast_head":"<!-- This site is optimized with the Yoast SEO Premium plugin v26.6 (Yoast SEO v26.6) - https:\/\/yoast.com\/wordpress\/plugins\/seo\/ -->\n<title>Kontakt os \u2013 Ankarsrum Danmark support &amp; kundeservice<\/title>\n<meta name=\"description\" content=\"Har du sp\u00f8rgsm\u00e5l om Ankarsrum Assistent Original? Kontakt vores support hos Crylle ApS i Aarhus \u2013 tlf. +45 2552 0002 (hverdage 8-16).\" \/>\n<meta name=\"robots\" content=\"index, follow, max-snippet:-1, max-image-preview:large, max-video-preview:-1\" \/>\n<link rel=\"canonical\" href=\"https:\/\/www.ankarsrum.com\/dk\/kontakt-os\/\" \/>\n<meta property=\"og:locale\" content=\"da_DK\" \/>\n<meta property=\"og:type\" content=\"article\" \/>\n<meta property=\"og:title\" content=\"Kontakt os\" \/>\n<meta property=\"og:description\" content=\"Har du sp\u00f8rgsm\u00e5l om Ankarsrum Assistent Original? Kontakt vores support hos Crylle ApS i Aarhus \u2013 tlf. +45 2552 0002 (hverdage 8-16).\" \/>\n<meta property=\"og:url\" content=\"https:\/\/www.ankarsrum.com\/dk\/kontakt-os\/\" \/>\n<meta property=\"og:site_name\" content=\"Ankarsrum Denmark\" \/>\n<meta property=\"article:modified_time\" content=\"2025-10-22T13:12:26+00:00\" \/>\n<meta name=\"twitter:card\" content=\"summary_large_image\" \/>\n<meta name=\"twitter:label1\" content=\"Estimeret l\u00e6setid\" \/>\n\t<meta name=\"twitter:data1\" content=\"1 minut\" \/>\n<script type=\"application\/ld+json\" class=\"yoast-schema-graph\">{\"@context\":\"https:\/\/schema.org\",\"@graph\":[{\"@type\":\"WebPage\",\"@id\":\"https:\/\/www.ankarsrum.com\/dk\/kontakt-os\/\",\"url\":\"https:\/\/www.ankarsrum.com\/dk\/kontakt-os\/\",\"name\":\"Kontakt os \u2013 Ankarsrum Danmark support & kundeservice\",\"isPartOf\":{\"@id\":\"https:\/\/www.ankarsrum.com\/dk\/#website\"},\"datePublished\":\"2019-01-28T14:09:23+00:00\",\"dateModified\":\"2025-10-22T13:12:26+00:00\",\"description\":\"Har du sp\u00f8rgsm\u00e5l om Ankarsrum Assistent Original? Kontakt vores support hos Crylle ApS i Aarhus \u2013 tlf. +45 2552 0002 (hverdage 8-16).\",\"breadcrumb\":{\"@id\":\"https:\/\/www.ankarsrum.com\/dk\/kontakt-os\/#breadcrumb\"},\"inLanguage\":\"da-DK\",\"potentialAction\":[{\"@type\":\"ReadAction\",\"target\":[\"https:\/\/www.ankarsrum.com\/dk\/kontakt-os\/\"]}]},{\"@type\":\"BreadcrumbList\",\"@id\":\"https:\/\/www.ankarsrum.com\/dk\/kontakt-os\/#breadcrumb\",\"itemListElement\":[{\"@type\":\"ListItem\",\"position\":1,\"name\":\"Home\",\"item\":\"https:\/\/www.ankarsrum.com\/dk\/\"},{\"@type\":\"ListItem\",\"position\":2,\"name\":\"Kontakt os\"}]},{\"@type\":\"WebSite\",\"@id\":\"https:\/\/www.ankarsrum.com\/dk\/#website\",\"url\":\"https:\/\/www.ankarsrum.com\/dk\/\",\"name\":\"Ankarsrum Denmark\",\"description\":\"The bread of the world\",\"potentialAction\":[{\"@type\":\"SearchAction\",\"target\":{\"@type\":\"EntryPoint\",\"urlTemplate\":\"https:\/\/www.ankarsrum.com\/dk\/?s={search_term_string}\"},\"query-input\":{\"@type\":\"PropertyValueSpecification\",\"valueRequired\":true,\"valueName\":\"search_term_string\"}}],\"inLanguage\":\"da-DK\"}]}<\/script>\n<!-- \/ Yoast SEO Premium plugin. -->","yoast_head_json":{"title":"Kontakt os \u2013 Ankarsrum Danmark support & kundeservice","description":"Har du sp\u00f8rgsm\u00e5l om Ankarsrum Assistent Original? Kontakt vores support hos Crylle ApS i Aarhus \u2013 tlf. +45 2552 0002 (hverdage 8-16).","robots":{"index":"index","follow":"follow","max-snippet":"max-snippet:-1","max-image-preview":"max-image-preview:large","max-video-preview":"max-video-preview:-1"},"canonical":"https:\/\/www.ankarsrum.com\/dk\/kontakt-os\/","og_locale":"da_DK","og_type":"article","og_title":"Kontakt os","og_description":"Har du sp\u00f8rgsm\u00e5l om Ankarsrum Assistent Original? Kontakt vores support hos Crylle ApS i Aarhus \u2013 tlf. +45 2552 0002 (hverdage 8-16).","og_url":"https:\/\/www.ankarsrum.com\/dk\/kontakt-os\/","og_site_name":"Ankarsrum Denmark","article_modified_time":"2025-10-22T13:12:26+00:00","twitter_card":"summary_large_image","twitter_misc":{"Estimeret l\u00e6setid":"1 minut"},"schema":{"@context":"https:\/\/schema.org","@graph":[{"@type":"WebPage","@id":"https:\/\/www.ankarsrum.com\/dk\/kontakt-os\/","url":"https:\/\/www.ankarsrum.com\/dk\/kontakt-os\/","name":"Kontakt os \u2013 Ankarsrum Danmark support & kundeservice","isPartOf":{"@id":"https:\/\/www.ankarsrum.com\/dk\/#website"},"datePublished":"2019-01-28T14:09:23+00:00","dateModified":"2025-10-22T13:12:26+00:00","description":"Har du sp\u00f8rgsm\u00e5l om Ankarsrum Assistent Original? Kontakt vores support hos Crylle ApS i Aarhus \u2013 tlf. +45 2552 0002 (hverdage 8-16).","breadcrumb":{"@id":"https:\/\/www.ankarsrum.com\/dk\/kontakt-os\/#breadcrumb"},"inLanguage":"da-DK","potentialAction":[{"@type":"ReadAction","target":["https:\/\/www.ankarsrum.com\/dk\/kontakt-os\/"]}]},{"@type":"BreadcrumbList","@id":"https:\/\/www.ankarsrum.com\/dk\/kontakt-os\/#breadcrumb","itemListElement":[{"@type":"ListItem","position":1,"name":"Home","item":"https:\/\/www.ankarsrum.com\/dk\/"},{"@type":"ListItem","position":2,"name":"Kontakt os"}]},{"@type":"WebSite","@id":"https:\/\/www.ankarsrum.com\/dk\/#website","url":"https:\/\/www.ankarsrum.com\/dk\/","name":"Ankarsrum Denmark","description":"The bread of the world","potentialAction":[{"@type":"SearchAction","target":{"@type":"EntryPoint","urlTemplate":"https:\/\/www.ankarsrum.com\/dk\/?s={search_term_string}"},"query-input":{"@type":"PropertyValueSpecification","valueRequired":true,"valueName":"search_term_string"}}],"inLanguage":"da-DK"}]}},"_links":{"self":[{"href":"https:\/\/www.ankarsrum.com\/dk\/wp-json\/wp\/v2\/pages\/779","targetHints":{"allow":["GET"]}}],"collection":[{"href":"https:\/\/www.ankarsrum.com\/dk\/wp-json\/wp\/v2\/pages"}],"about":[{"href":"https:\/\/www.ankarsrum.com\/dk\/wp-json\/wp\/v2\/types\/page"}],"author":[{"embeddable":true,"href":"https:\/\/www.ankarsrum.com\/dk\/wp-json\/wp\/v2\/users\/5"}],"replies":[{"embeddable":true,"href":"https:\/\/www.ankarsrum.com\/dk\/wp-json\/wp\/v2\/comments?post=779"}],"version-history":[{"count":4,"href":"https:\/\/www.ankarsrum.com\/dk\/wp-json\/wp\/v2\/pages\/779\/revisions"}],"predecessor-version":[{"id":16554,"href":"https:\/\/www.ankarsrum.com\/dk\/wp-json\/wp\/v2\/pages\/779\/revisions\/16554"}],"wp:attachment":[{"href":"https:\/\/www.ankarsrum.com\/dk\/wp-json\/wp\/v2\/media?parent=779"}],"curies":[{"name":"wp","href":"https:\/\/api.w.org\/{rel}","templated":true}]}}