{"id":10380,"date":"2024-07-05T10:53:18","date_gmt":"2024-07-05T08:53:18","guid":{"rendered":"https:\/\/www.ankarsrum.com\/dk\/product\/maalelaag-til-blender\/"},"modified":"2026-05-17T02:06:28","modified_gmt":"2026-05-17T00:06:28","slug":"maalelaag-til-blender","status":"publish","type":"product","link":"https:\/\/www.ankarsrum.com\/dk\/product\/maalelaag-til-blender\/","title":{"rendered":"M\u00e5lel\u00e5g til Blender"},"content":{"rendered":"<p>M\u00e5lel\u00e5g til Blender \u2013 placeres i topl\u00e5get til Ankarsrum Blender.<\/p>","protected":false},"excerpt":{"rendered":"<p>Passer til nutidens blender \u2013 som er produceret siden 2019.<\/p>\n","protected":false},"featured_media":13709,"comment_status":"open","ping_status":"closed","template":"","meta":{"_acf_changed":false,"content-type":"","editor_notices":[]},"product_brand":[],"product_cat":[450],"product_tag":[],"product-tag":[],"machines":[],"filter":[],"class_list":{"0":"post-10380","1":"product","2":"type-product","3":"status-publish","4":"has-post-thumbnail","6":"product_cat-ankarsrum-assistent-dele","8":"first","9":"instock","10":"taxable","11":"shipping-taxable","12":"purchasable","13":"product-type-simple"},"bundled_by":[],"bundle_stock_status":"instock","bundle_stock_quantity":null,"bundle_virtual":false,"bundle_layout":"","bundle_add_to_cart_form_location":"","bundle_editable_in_cart":false,"bundle_sold_individually_context":"","bundle_item_grouping":"","bundle_min_size":"","bundle_max_size":"","bundle_price":[],"bundled_items":[],"bundle_sell_ids":[],"acf":[],"yoast_head":"<!-- This site is optimized with the Yoast SEO Premium plugin v26.6 (Yoast SEO v26.6) - https:\/\/yoast.com\/wordpress\/plugins\/seo\/ -->\n<title>M\u00e5lel\u00e5g til blender | Ankarsrum k\u00f8kkenmaskine<\/title>\n<meta name=\"description\" content=\"M\u00e5lel\u00e5g til blender fra Ankarsrum. Praktisk reservedel til din k\u00f8kkenmaskine, der g\u00f8r det nemt at m\u00e5le og d\u00e6kke din blender under brug.\" \/>\n<meta name=\"robots\" content=\"index, follow, max-snippet:-1, max-image-preview:large, max-video-preview:-1\" \/>\n<link rel=\"canonical\" href=\"https:\/\/www.ankarsrum.com\/dk\/product\/maalelaag-til-blender\/\" \/>\n<meta property=\"og:locale\" content=\"da_DK\" \/>\n<meta property=\"og:type\" content=\"article\" \/>\n<meta property=\"og:title\" content=\"M\u00e5lel\u00e5g til Blender\" \/>\n<meta property=\"og:description\" content=\"M\u00e5lel\u00e5g til blender fra Ankarsrum. Praktisk reservedel til din k\u00f8kkenmaskine, der g\u00f8r det nemt at m\u00e5le og d\u00e6kke din blender under brug.\" \/>\n<meta property=\"og:url\" content=\"https:\/\/www.ankarsrum.com\/dk\/product\/maalelaag-til-blender\/\" \/>\n<meta property=\"og:site_name\" content=\"Ankarsrum Denmark\" \/>\n<meta property=\"article:modified_time\" content=\"2026-05-17T00:06:28+00:00\" \/>\n<meta property=\"og:image\" content=\"https:\/\/www.ankarsrum.com\/dk\/wp-content\/uploads\/sites\/19\/2024\/09\/blender-top-cup.jpg\" \/>\n\t<meta property=\"og:image:width\" content=\"1200\" \/>\n\t<meta property=\"og:image:height\" content=\"630\" \/>\n\t<meta property=\"og:image:type\" content=\"image\/jpeg\" \/>\n<meta name=\"twitter:card\" content=\"summary_large_image\" \/>\n<meta name=\"twitter:label1\" content=\"Estimeret l\u00e6setid\" \/>\n\t<meta name=\"twitter:data1\" content=\"1 minut\" \/>\n<script type=\"application\/ld+json\" class=\"yoast-schema-graph\">{\"@context\":\"https:\/\/schema.org\",\"@graph\":[{\"@type\":\"WebPage\",\"@id\":\"https:\/\/www.ankarsrum.com\/dk\/product\/maalelaag-til-blender\/\",\"url\":\"https:\/\/www.ankarsrum.com\/dk\/product\/maalelaag-til-blender\/\",\"name\":\"M\u00e5lel\u00e5g til blender | Ankarsrum k\u00f8kkenmaskine\",\"isPartOf\":{\"@id\":\"https:\/\/www.ankarsrum.com\/dk\/#website\"},\"primaryImageOfPage\":{\"@id\":\"https:\/\/www.ankarsrum.com\/dk\/product\/maalelaag-til-blender\/#primaryimage\"},\"image\":{\"@id\":\"https:\/\/www.ankarsrum.com\/dk\/product\/maalelaag-til-blender\/#primaryimage\"},\"thumbnailUrl\":\"https:\/\/www.ankarsrum.com\/img-srv\/6EXBiv7jqsafH6VNL-t63UUVwkMB5oAhEw66YZk-Oao\/resizing_type:auto\/width:0\/height:0\/gravity:sm\/enlarge:1\/ext:webp\/strip_metadata:1\/quality:90\/cachebuster:filesize-89632\/bG9jYWw6Ly8vd3d3LmFua2Fyc3J1bS5jb20vd3AtY29udGVudC91cGxvYWRzL3NpdGVzLzE5LzIwMjQvMDkvYmxlbmRlci10b3AtY3VwLmpwZw.webp\",\"datePublished\":\"2024-07-05T08:53:18+00:00\",\"dateModified\":\"2026-05-17T00:06:28+00:00\",\"description\":\"M\u00e5lel\u00e5g til blender fra Ankarsrum. Praktisk reservedel til din k\u00f8kkenmaskine, der g\u00f8r det nemt at m\u00e5le og d\u00e6kke din blender under brug.\",\"breadcrumb\":{\"@id\":\"https:\/\/www.ankarsrum.com\/dk\/product\/maalelaag-til-blender\/#breadcrumb\"},\"inLanguage\":\"da-DK\",\"potentialAction\":[{\"@type\":\"ReadAction\",\"target\":[\"https:\/\/www.ankarsrum.com\/dk\/product\/maalelaag-til-blender\/\"]}]},{\"@type\":\"ImageObject\",\"inLanguage\":\"da-DK\",\"@id\":\"https:\/\/www.ankarsrum.com\/dk\/product\/maalelaag-til-blender\/#primaryimage\",\"url\":\"https:\/\/www.ankarsrum.com\/img-srv\/6EXBiv7jqsafH6VNL-t63UUVwkMB5oAhEw66YZk-Oao\/resizing_type:auto\/width:0\/height:0\/gravity:sm\/enlarge:1\/ext:webp\/strip_metadata:1\/quality:90\/cachebuster:filesize-89632\/bG9jYWw6Ly8vd3d3LmFua2Fyc3J1bS5jb20vd3AtY29udGVudC91cGxvYWRzL3NpdGVzLzE5LzIwMjQvMDkvYmxlbmRlci10b3AtY3VwLmpwZw.webp\",\"contentUrl\":\"https:\/\/www.ankarsrum.com\/img-srv\/6EXBiv7jqsafH6VNL-t63UUVwkMB5oAhEw66YZk-Oao\/resizing_type:auto\/width:0\/height:0\/gravity:sm\/enlarge:1\/ext:webp\/strip_metadata:1\/quality:90\/cachebuster:filesize-89632\/bG9jYWw6Ly8vd3d3LmFua2Fyc3J1bS5jb20vd3AtY29udGVudC91cGxvYWRzL3NpdGVzLzE5LzIwMjQvMDkvYmxlbmRlci10b3AtY3VwLmpwZw.webp\",\"width\":2000,\"height\":2000},{\"@type\":\"BreadcrumbList\",\"@id\":\"https:\/\/www.ankarsrum.com\/dk\/product\/maalelaag-til-blender\/#breadcrumb\",\"itemListElement\":[{\"@type\":\"ListItem\",\"position\":1,\"name\":\"Home\",\"item\":\"https:\/\/www.ankarsrum.com\/dk\/\"},{\"@type\":\"ListItem\",\"position\":2,\"name\":\"Produce name\",\"item\":\"https:\/\/www.ankarsrum.com\/dk\/shop\/\"},{\"@type\":\"ListItem\",\"position\":3,\"name\":\"M\u00e5lel\u00e5g til Blender\"}]},{\"@type\":\"WebSite\",\"@id\":\"https:\/\/www.ankarsrum.com\/dk\/#website\",\"url\":\"https:\/\/www.ankarsrum.com\/dk\/\",\"name\":\"Ankarsrum Denmark\",\"description\":\"The bread of the world\",\"potentialAction\":[{\"@type\":\"SearchAction\",\"target\":{\"@type\":\"EntryPoint\",\"urlTemplate\":\"https:\/\/www.ankarsrum.com\/dk\/?s={search_term_string}\"},\"query-input\":{\"@type\":\"PropertyValueSpecification\",\"valueRequired\":true,\"valueName\":\"search_term_string\"}}],\"inLanguage\":\"da-DK\"}]}<\/script>\n<!-- \/ Yoast SEO Premium plugin. -->","yoast_head_json":{"title":"M\u00e5lel\u00e5g til blender | Ankarsrum k\u00f8kkenmaskine","description":"M\u00e5lel\u00e5g til blender fra Ankarsrum. Praktisk reservedel til din k\u00f8kkenmaskine, der g\u00f8r det nemt at m\u00e5le og d\u00e6kke din blender under brug.","robots":{"index":"index","follow":"follow","max-snippet":"max-snippet:-1","max-image-preview":"max-image-preview:large","max-video-preview":"max-video-preview:-1"},"canonical":"https:\/\/www.ankarsrum.com\/dk\/product\/maalelaag-til-blender\/","og_locale":"da_DK","og_type":"article","og_title":"M\u00e5lel\u00e5g til Blender","og_description":"M\u00e5lel\u00e5g til blender fra Ankarsrum. Praktisk reservedel til din k\u00f8kkenmaskine, der g\u00f8r det nemt at m\u00e5le og d\u00e6kke din blender under brug.","og_url":"https:\/\/www.ankarsrum.com\/dk\/product\/maalelaag-til-blender\/","og_site_name":"Ankarsrum Denmark","article_modified_time":"2026-05-17T00:06:28+00:00","og_image":[{"width":1200,"height":630,"url":"https:\/\/www.ankarsrum.com\/dk\/wp-content\/uploads\/sites\/19\/2024\/09\/blender-top-cup.jpg","type":"image\/jpeg"}],"twitter_card":"summary_large_image","twitter_misc":{"Estimeret l\u00e6setid":"1 minut"},"schema":{"@context":"https:\/\/schema.org","@graph":[{"@type":"WebPage","@id":"https:\/\/www.ankarsrum.com\/dk\/product\/maalelaag-til-blender\/","url":"https:\/\/www.ankarsrum.com\/dk\/product\/maalelaag-til-blender\/","name":"M\u00e5lel\u00e5g til blender | Ankarsrum k\u00f8kkenmaskine","isPartOf":{"@id":"https:\/\/www.ankarsrum.com\/dk\/#website"},"primaryImageOfPage":{"@id":"https:\/\/www.ankarsrum.com\/dk\/product\/maalelaag-til-blender\/#primaryimage"},"image":{"@id":"https:\/\/www.ankarsrum.com\/dk\/product\/maalelaag-til-blender\/#primaryimage"},"thumbnailUrl":"https:\/\/www.ankarsrum.com\/img-srv\/6EXBiv7jqsafH6VNL-t63UUVwkMB5oAhEw66YZk-Oao\/resizing_type:auto\/width:0\/height:0\/gravity:sm\/enlarge:1\/ext:webp\/strip_metadata:1\/quality:90\/cachebuster:filesize-89632\/bG9jYWw6Ly8vd3d3LmFua2Fyc3J1bS5jb20vd3AtY29udGVudC91cGxvYWRzL3NpdGVzLzE5LzIwMjQvMDkvYmxlbmRlci10b3AtY3VwLmpwZw.webp","datePublished":"2024-07-05T08:53:18+00:00","dateModified":"2026-05-17T00:06:28+00:00","description":"M\u00e5lel\u00e5g til blender fra Ankarsrum. Praktisk reservedel til din k\u00f8kkenmaskine, der g\u00f8r det nemt at m\u00e5le og d\u00e6kke din blender under brug.","breadcrumb":{"@id":"https:\/\/www.ankarsrum.com\/dk\/product\/maalelaag-til-blender\/#breadcrumb"},"inLanguage":"da-DK","potentialAction":[{"@type":"ReadAction","target":["https:\/\/www.ankarsrum.com\/dk\/product\/maalelaag-til-blender\/"]}]},{"@type":"ImageObject","inLanguage":"da-DK","@id":"https:\/\/www.ankarsrum.com\/dk\/product\/maalelaag-til-blender\/#primaryimage","url":"https:\/\/www.ankarsrum.com\/img-srv\/6EXBiv7jqsafH6VNL-t63UUVwkMB5oAhEw66YZk-Oao\/resizing_type:auto\/width:0\/height:0\/gravity:sm\/enlarge:1\/ext:webp\/strip_metadata:1\/quality:90\/cachebuster:filesize-89632\/bG9jYWw6Ly8vd3d3LmFua2Fyc3J1bS5jb20vd3AtY29udGVudC91cGxvYWRzL3NpdGVzLzE5LzIwMjQvMDkvYmxlbmRlci10b3AtY3VwLmpwZw.webp","contentUrl":"https:\/\/www.ankarsrum.com\/img-srv\/6EXBiv7jqsafH6VNL-t63UUVwkMB5oAhEw66YZk-Oao\/resizing_type:auto\/width:0\/height:0\/gravity:sm\/enlarge:1\/ext:webp\/strip_metadata:1\/quality:90\/cachebuster:filesize-89632\/bG9jYWw6Ly8vd3d3LmFua2Fyc3J1bS5jb20vd3AtY29udGVudC91cGxvYWRzL3NpdGVzLzE5LzIwMjQvMDkvYmxlbmRlci10b3AtY3VwLmpwZw.webp","width":2000,"height":2000},{"@type":"BreadcrumbList","@id":"https:\/\/www.ankarsrum.com\/dk\/product\/maalelaag-til-blender\/#breadcrumb","itemListElement":[{"@type":"ListItem","position":1,"name":"Home","item":"https:\/\/www.ankarsrum.com\/dk\/"},{"@type":"ListItem","position":2,"name":"Produce name","item":"https:\/\/www.ankarsrum.com\/dk\/shop\/"},{"@type":"ListItem","position":3,"name":"M\u00e5lel\u00e5g til Blender"}]},{"@type":"WebSite","@id":"https:\/\/www.ankarsrum.com\/dk\/#website","url":"https:\/\/www.ankarsrum.com\/dk\/","name":"Ankarsrum Denmark","description":"The bread of the world","potentialAction":[{"@type":"SearchAction","target":{"@type":"EntryPoint","urlTemplate":"https:\/\/www.ankarsrum.com\/dk\/?s={search_term_string}"},"query-input":{"@type":"PropertyValueSpecification","valueRequired":true,"valueName":"search_term_string"}}],"inLanguage":"da-DK"}]}},"_links":{"self":[{"href":"https:\/\/www.ankarsrum.com\/dk\/wp-json\/wp\/v2\/product\/10380","targetHints":{"allow":["GET"]}}],"collection":[{"href":"https:\/\/www.ankarsrum.com\/dk\/wp-json\/wp\/v2\/product"}],"about":[{"href":"https:\/\/www.ankarsrum.com\/dk\/wp-json\/wp\/v2\/types\/product"}],"replies":[{"embeddable":true,"href":"https:\/\/www.ankarsrum.com\/dk\/wp-json\/wp\/v2\/comments?post=10380"}],"wp:featuredmedia":[{"embeddable":true,"href":"https:\/\/www.ankarsrum.com\/dk\/wp-json\/wp\/v2\/media\/13709"}],"wp:attachment":[{"href":"https:\/\/www.ankarsrum.com\/dk\/wp-json\/wp\/v2\/media?parent=10380"}],"wp:term":[{"taxonomy":"product_brand","embeddable":true,"href":"https:\/\/www.ankarsrum.com\/dk\/wp-json\/wp\/v2\/product_brand?post=10380"},{"taxonomy":"product_cat","embeddable":true,"href":"https:\/\/www.ankarsrum.com\/dk\/wp-json\/wp\/v2\/product_cat?post=10380"},{"taxonomy":"product_tag","embeddable":true,"href":"https:\/\/www.ankarsrum.com\/dk\/wp-json\/wp\/v2\/product_tag?post=10380"},{"taxonomy":"product-tag","embeddable":true,"href":"https:\/\/www.ankarsrum.com\/dk\/wp-json\/wp\/v2\/product-tag?post=10380"},{"taxonomy":"machines","embeddable":true,"href":"https:\/\/www.ankarsrum.com\/dk\/wp-json\/wp\/v2\/machines?post=10380"},{"taxonomy":"filter","embeddable":true,"href":"https:\/\/www.ankarsrum.com\/dk\/wp-json\/wp\/v2\/filter?post=10380"}],"curies":[{"name":"wp","href":"https:\/\/api.w.org\/{rel}","templated":true}]}}