{"id":11203,"date":"2024-07-16T14:46:35","date_gmt":"2024-07-16T12:46:35","guid":{"rendered":"https:\/\/www.ankarsrum.com\/dk\/product\/blender\/"},"modified":"2026-04-14T23:31:58","modified_gmt":"2026-04-14T21:31:58","slug":"blender","status":"publish","type":"product","link":"https:\/\/www.ankarsrum.com\/dk\/product\/blender\/","title":{"rendered":"Blender med Tamper"},"content":{"rendered":"<p>Blenderkanden er et alsidigt tilbeh\u00f8r til din Assistent Original, der nemt blander smoothies, knuser b\u00e6r og skaber cremede saucer uden problemer. Du fastg\u00f8r blenderkanden ved at vippe din Assistent over p\u00e5 siden. Kanden har en kapacitet p\u00e5 1,5 liter, med en maksimal volumen til brug p\u00e5 1,3 liter. Tamperen hj\u00e6lper dig med at trykke ingredienserne ned mod knivene, uanset om det er hakket chokolade eller en cremet hummus.<\/p>\n<p>Blenderkanden er lavet af slidst\u00e6rkt Tritan-plastik, der er b\u00e5de BPA-fri og uknuselig, hvilket giver dig sikker og langvarig brug. For ekstra sikkerhed skal du holde en h\u00e5nd p\u00e5 l\u00e5get, n\u00e5r blenderen startes op. Med Blenderkanden f\u00e5r du ikke bare en blender, du f\u00e5r et v\u00e6rkt\u00f8j, der l\u00f8fter dine opskrifter.<\/p>\n<p><strong>Blenderkanden passer til alle modeller af Assistent Original N23-N30.<\/strong><\/p>\n<p>Hvad er inkluderet?<\/p>\n<ul>\n<li>Blenderkande<\/li>\n<li>Topl\u00e5g til blenderkanden<\/li>\n<li>M\u00e5lel\u00e5g til blenderkanden<\/li>\n<li>Tamper<\/li>\n<\/ul>","protected":false},"excerpt":{"rendered":"<p><span>Knus, bland og blend sunde opskrifter uden besv\u00e6r. Vores blenderkande er klar til alt fra at knuse b\u00e6r og blende smoothies til at lave cremede saucer. Derudover har den et ubrydeligt design, der kan t\u00e5le dagligt brug.<\/span><\/p>\n","protected":false},"featured_media":13896,"comment_status":"open","ping_status":"closed","template":"","meta":{"_acf_changed":false,"content-type":"","editor_notices":[]},"product_brand":[],"product_cat":[453],"product_tag":[156],"product-tag":[],"machines":[],"filter":[314,310],"class_list":{"0":"post-11203","1":"product","2":"type-product","3":"status-publish","4":"has-post-thumbnail","6":"product_cat-ankarsrum-tilbehoer","7":"product_tag-blender","8":"filter-frugt-og-groent","9":"filter-mad","11":"first","12":"instock","13":"taxable","14":"shipping-taxable","15":"purchasable","16":"product-type-simple"},"bundled_by":[],"bundle_stock_status":"instock","bundle_stock_quantity":null,"bundle_virtual":false,"bundle_layout":"","bundle_add_to_cart_form_location":"","bundle_editable_in_cart":false,"bundle_sold_individually_context":"","bundle_item_grouping":"","bundle_min_size":"","bundle_max_size":"","bundle_price":[],"bundled_items":[],"bundle_sell_ids":[],"acf":[],"yoast_head":"<!-- This site is optimized with the Yoast SEO Premium plugin v26.6 (Yoast SEO v26.6) - https:\/\/yoast.com\/wordpress\/plugins\/seo\/ -->\n<title>Blender til Ankarsrum k\u00f8kkenmaskine<\/title>\n<meta name=\"description\" content=\"Blender til Ankarsrum k\u00f8kkenmaskine. Ideel til smoothies, supper og saucer. Effektiv, holdbar og nem at reng\u00f8re for daglig brug.\" \/>\n<meta name=\"robots\" content=\"index, follow, max-snippet:-1, max-image-preview:large, max-video-preview:-1\" \/>\n<link rel=\"canonical\" href=\"https:\/\/www.ankarsrum.com\/dk\/product\/blender\/\" \/>\n<meta property=\"og:locale\" content=\"da_DK\" \/>\n<meta property=\"og:type\" content=\"article\" \/>\n<meta property=\"og:title\" content=\"Blender med Tamper\" \/>\n<meta property=\"og:description\" content=\"Blender til Ankarsrum k\u00f8kkenmaskine. Ideel til smoothies, supper og saucer. Effektiv, holdbar og nem at reng\u00f8re for daglig brug.\" \/>\n<meta property=\"og:url\" content=\"https:\/\/www.ankarsrum.com\/dk\/product\/blender\/\" \/>\n<meta property=\"og:site_name\" content=\"Ankarsrum Denmark\" \/>\n<meta property=\"article:modified_time\" content=\"2026-04-14T21:31:58+00:00\" \/>\n<meta property=\"og:image\" content=\"https:\/\/www.ankarsrum.com\/dk\/wp-content\/uploads\/sites\/19\/2024\/09\/blender-with-tamper-920900082-3.png\" \/>\n\t<meta property=\"og:image:width\" content=\"1080\" \/>\n\t<meta property=\"og:image:height\" content=\"630\" \/>\n\t<meta property=\"og:image:type\" content=\"image\/png\" \/>\n<meta name=\"twitter:card\" content=\"summary_large_image\" \/>\n<meta name=\"twitter:label1\" content=\"Estimeret l\u00e6setid\" \/>\n\t<meta name=\"twitter:data1\" content=\"1 minut\" \/>\n<script type=\"application\/ld+json\" class=\"yoast-schema-graph\">{\"@context\":\"https:\/\/schema.org\",\"@graph\":[{\"@type\":\"WebPage\",\"@id\":\"https:\/\/www.ankarsrum.com\/dk\/product\/blender\/\",\"url\":\"https:\/\/www.ankarsrum.com\/dk\/product\/blender\/\",\"name\":\"Blender til Ankarsrum k\u00f8kkenmaskine\",\"isPartOf\":{\"@id\":\"https:\/\/www.ankarsrum.com\/dk\/#website\"},\"primaryImageOfPage\":{\"@id\":\"https:\/\/www.ankarsrum.com\/dk\/product\/blender\/#primaryimage\"},\"image\":{\"@id\":\"https:\/\/www.ankarsrum.com\/dk\/product\/blender\/#primaryimage\"},\"thumbnailUrl\":\"https:\/\/www.ankarsrum.com\/img-srv\/IW3okG-FZpwQjx3xrHZbBZwSEyefqS0BaJluO_XMTS0\/resizing_type:auto\/width:0\/height:0\/gravity:sm\/enlarge:1\/ext:webp\/strip_metadata:1\/quality:90\/cachebuster:filesize-350030\/bG9jYWw6Ly8vd3d3LmFua2Fyc3J1bS5jb20vd3AtY29udGVudC91cGxvYWRzL3NpdGVzLzE5LzIwMjQvMDkvYmxlbmRlci13aXRoLXRhbXBlci05MjA5MDAwODItMy5wbmc.webp\",\"datePublished\":\"2024-07-16T12:46:35+00:00\",\"dateModified\":\"2026-04-14T21:31:58+00:00\",\"description\":\"Blender til Ankarsrum k\u00f8kkenmaskine. Ideel til smoothies, supper og saucer. Effektiv, holdbar og nem at reng\u00f8re for daglig brug.\",\"breadcrumb\":{\"@id\":\"https:\/\/www.ankarsrum.com\/dk\/product\/blender\/#breadcrumb\"},\"inLanguage\":\"da-DK\",\"potentialAction\":[{\"@type\":\"ReadAction\",\"target\":[\"https:\/\/www.ankarsrum.com\/dk\/product\/blender\/\"]}]},{\"@type\":\"ImageObject\",\"inLanguage\":\"da-DK\",\"@id\":\"https:\/\/www.ankarsrum.com\/dk\/product\/blender\/#primaryimage\",\"url\":\"https:\/\/www.ankarsrum.com\/img-srv\/IW3okG-FZpwQjx3xrHZbBZwSEyefqS0BaJluO_XMTS0\/resizing_type:auto\/width:0\/height:0\/gravity:sm\/enlarge:1\/ext:webp\/strip_metadata:1\/quality:90\/cachebuster:filesize-350030\/bG9jYWw6Ly8vd3d3LmFua2Fyc3J1bS5jb20vd3AtY29udGVudC91cGxvYWRzL3NpdGVzLzE5LzIwMjQvMDkvYmxlbmRlci13aXRoLXRhbXBlci05MjA5MDAwODItMy5wbmc.webp\",\"contentUrl\":\"https:\/\/www.ankarsrum.com\/img-srv\/IW3okG-FZpwQjx3xrHZbBZwSEyefqS0BaJluO_XMTS0\/resizing_type:auto\/width:0\/height:0\/gravity:sm\/enlarge:1\/ext:webp\/strip_metadata:1\/quality:90\/cachebuster:filesize-350030\/bG9jYWw6Ly8vd3d3LmFua2Fyc3J1bS5jb20vd3AtY29udGVudC91cGxvYWRzL3NpdGVzLzE5LzIwMjQvMDkvYmxlbmRlci13aXRoLXRhbXBlci05MjA5MDAwODItMy5wbmc.webp\",\"width\":1080,\"height\":1080},{\"@type\":\"BreadcrumbList\",\"@id\":\"https:\/\/www.ankarsrum.com\/dk\/product\/blender\/#breadcrumb\",\"itemListElement\":[{\"@type\":\"ListItem\",\"position\":1,\"name\":\"Home\",\"item\":\"https:\/\/www.ankarsrum.com\/dk\/\"},{\"@type\":\"ListItem\",\"position\":2,\"name\":\"Produce name\",\"item\":\"https:\/\/www.ankarsrum.com\/dk\/shop\/\"},{\"@type\":\"ListItem\",\"position\":3,\"name\":\"Blender med Tamper\"}]},{\"@type\":\"WebSite\",\"@id\":\"https:\/\/www.ankarsrum.com\/dk\/#website\",\"url\":\"https:\/\/www.ankarsrum.com\/dk\/\",\"name\":\"Ankarsrum Denmark\",\"description\":\"The bread of the world\",\"potentialAction\":[{\"@type\":\"SearchAction\",\"target\":{\"@type\":\"EntryPoint\",\"urlTemplate\":\"https:\/\/www.ankarsrum.com\/dk\/?s={search_term_string}\"},\"query-input\":{\"@type\":\"PropertyValueSpecification\",\"valueRequired\":true,\"valueName\":\"search_term_string\"}}],\"inLanguage\":\"da-DK\"}]}<\/script>\n<!-- \/ Yoast SEO Premium plugin. -->","yoast_head_json":{"title":"Blender til Ankarsrum k\u00f8kkenmaskine","description":"Blender til Ankarsrum k\u00f8kkenmaskine. Ideel til smoothies, supper og saucer. Effektiv, holdbar og nem at reng\u00f8re for daglig brug.","robots":{"index":"index","follow":"follow","max-snippet":"max-snippet:-1","max-image-preview":"max-image-preview:large","max-video-preview":"max-video-preview:-1"},"canonical":"https:\/\/www.ankarsrum.com\/dk\/product\/blender\/","og_locale":"da_DK","og_type":"article","og_title":"Blender med Tamper","og_description":"Blender til Ankarsrum k\u00f8kkenmaskine. Ideel til smoothies, supper og saucer. Effektiv, holdbar og nem at reng\u00f8re for daglig brug.","og_url":"https:\/\/www.ankarsrum.com\/dk\/product\/blender\/","og_site_name":"Ankarsrum Denmark","article_modified_time":"2026-04-14T21:31:58+00:00","og_image":[{"width":1080,"height":630,"url":"https:\/\/www.ankarsrum.com\/dk\/wp-content\/uploads\/sites\/19\/2024\/09\/blender-with-tamper-920900082-3.png","type":"image\/png"}],"twitter_card":"summary_large_image","twitter_misc":{"Estimeret l\u00e6setid":"1 minut"},"schema":{"@context":"https:\/\/schema.org","@graph":[{"@type":"WebPage","@id":"https:\/\/www.ankarsrum.com\/dk\/product\/blender\/","url":"https:\/\/www.ankarsrum.com\/dk\/product\/blender\/","name":"Blender til Ankarsrum k\u00f8kkenmaskine","isPartOf":{"@id":"https:\/\/www.ankarsrum.com\/dk\/#website"},"primaryImageOfPage":{"@id":"https:\/\/www.ankarsrum.com\/dk\/product\/blender\/#primaryimage"},"image":{"@id":"https:\/\/www.ankarsrum.com\/dk\/product\/blender\/#primaryimage"},"thumbnailUrl":"https:\/\/www.ankarsrum.com\/img-srv\/IW3okG-FZpwQjx3xrHZbBZwSEyefqS0BaJluO_XMTS0\/resizing_type:auto\/width:0\/height:0\/gravity:sm\/enlarge:1\/ext:webp\/strip_metadata:1\/quality:90\/cachebuster:filesize-350030\/bG9jYWw6Ly8vd3d3LmFua2Fyc3J1bS5jb20vd3AtY29udGVudC91cGxvYWRzL3NpdGVzLzE5LzIwMjQvMDkvYmxlbmRlci13aXRoLXRhbXBlci05MjA5MDAwODItMy5wbmc.webp","datePublished":"2024-07-16T12:46:35+00:00","dateModified":"2026-04-14T21:31:58+00:00","description":"Blender til Ankarsrum k\u00f8kkenmaskine. Ideel til smoothies, supper og saucer. Effektiv, holdbar og nem at reng\u00f8re for daglig brug.","breadcrumb":{"@id":"https:\/\/www.ankarsrum.com\/dk\/product\/blender\/#breadcrumb"},"inLanguage":"da-DK","potentialAction":[{"@type":"ReadAction","target":["https:\/\/www.ankarsrum.com\/dk\/product\/blender\/"]}]},{"@type":"ImageObject","inLanguage":"da-DK","@id":"https:\/\/www.ankarsrum.com\/dk\/product\/blender\/#primaryimage","url":"https:\/\/www.ankarsrum.com\/img-srv\/IW3okG-FZpwQjx3xrHZbBZwSEyefqS0BaJluO_XMTS0\/resizing_type:auto\/width:0\/height:0\/gravity:sm\/enlarge:1\/ext:webp\/strip_metadata:1\/quality:90\/cachebuster:filesize-350030\/bG9jYWw6Ly8vd3d3LmFua2Fyc3J1bS5jb20vd3AtY29udGVudC91cGxvYWRzL3NpdGVzLzE5LzIwMjQvMDkvYmxlbmRlci13aXRoLXRhbXBlci05MjA5MDAwODItMy5wbmc.webp","contentUrl":"https:\/\/www.ankarsrum.com\/img-srv\/IW3okG-FZpwQjx3xrHZbBZwSEyefqS0BaJluO_XMTS0\/resizing_type:auto\/width:0\/height:0\/gravity:sm\/enlarge:1\/ext:webp\/strip_metadata:1\/quality:90\/cachebuster:filesize-350030\/bG9jYWw6Ly8vd3d3LmFua2Fyc3J1bS5jb20vd3AtY29udGVudC91cGxvYWRzL3NpdGVzLzE5LzIwMjQvMDkvYmxlbmRlci13aXRoLXRhbXBlci05MjA5MDAwODItMy5wbmc.webp","width":1080,"height":1080},{"@type":"BreadcrumbList","@id":"https:\/\/www.ankarsrum.com\/dk\/product\/blender\/#breadcrumb","itemListElement":[{"@type":"ListItem","position":1,"name":"Home","item":"https:\/\/www.ankarsrum.com\/dk\/"},{"@type":"ListItem","position":2,"name":"Produce name","item":"https:\/\/www.ankarsrum.com\/dk\/shop\/"},{"@type":"ListItem","position":3,"name":"Blender med Tamper"}]},{"@type":"WebSite","@id":"https:\/\/www.ankarsrum.com\/dk\/#website","url":"https:\/\/www.ankarsrum.com\/dk\/","name":"Ankarsrum Denmark","description":"The bread of the world","potentialAction":[{"@type":"SearchAction","target":{"@type":"EntryPoint","urlTemplate":"https:\/\/www.ankarsrum.com\/dk\/?s={search_term_string}"},"query-input":{"@type":"PropertyValueSpecification","valueRequired":true,"valueName":"search_term_string"}}],"inLanguage":"da-DK"}]}},"_links":{"self":[{"href":"https:\/\/www.ankarsrum.com\/dk\/wp-json\/wp\/v2\/product\/11203","targetHints":{"allow":["GET"]}}],"collection":[{"href":"https:\/\/www.ankarsrum.com\/dk\/wp-json\/wp\/v2\/product"}],"about":[{"href":"https:\/\/www.ankarsrum.com\/dk\/wp-json\/wp\/v2\/types\/product"}],"replies":[{"embeddable":true,"href":"https:\/\/www.ankarsrum.com\/dk\/wp-json\/wp\/v2\/comments?post=11203"}],"wp:featuredmedia":[{"embeddable":true,"href":"https:\/\/www.ankarsrum.com\/dk\/wp-json\/wp\/v2\/media\/13896"}],"wp:attachment":[{"href":"https:\/\/www.ankarsrum.com\/dk\/wp-json\/wp\/v2\/media?parent=11203"}],"wp:term":[{"taxonomy":"product_brand","embeddable":true,"href":"https:\/\/www.ankarsrum.com\/dk\/wp-json\/wp\/v2\/product_brand?post=11203"},{"taxonomy":"product_cat","embeddable":true,"href":"https:\/\/www.ankarsrum.com\/dk\/wp-json\/wp\/v2\/product_cat?post=11203"},{"taxonomy":"product_tag","embeddable":true,"href":"https:\/\/www.ankarsrum.com\/dk\/wp-json\/wp\/v2\/product_tag?post=11203"},{"taxonomy":"product-tag","embeddable":true,"href":"https:\/\/www.ankarsrum.com\/dk\/wp-json\/wp\/v2\/product-tag?post=11203"},{"taxonomy":"machines","embeddable":true,"href":"https:\/\/www.ankarsrum.com\/dk\/wp-json\/wp\/v2\/machines?post=11203"},{"taxonomy":"filter","embeddable":true,"href":"https:\/\/www.ankarsrum.com\/dk\/wp-json\/wp\/v2\/filter?post=11203"}],"curies":[{"name":"wp","href":"https:\/\/api.w.org\/{rel}","templated":true}]}}