{"id":11772,"date":"2024-07-16T15:07:54","date_gmt":"2024-07-16T13:07:54","guid":{"rendered":"https:\/\/www.ankarsrum.com\/dk\/product\/hurtigpiskerskaal-i-metal-3-5-liter\/"},"modified":"2026-05-12T01:41:57","modified_gmt":"2026-05-11T23:41:57","slug":"hurtigpiskerskaal-i-metal-3-5-liter","status":"publish","type":"product","link":"https:\/\/www.ankarsrum.com\/dk\/product\/hurtigpiskerskaal-i-metal-3-5-liter\/","title":{"rendered":"Hurtigpiskersk\u00e5l i metal 3.5 liter"},"content":{"rendered":"<p>Vores Hurtigpiskersk\u00e5l i rustfri metal er et must have for alle der elsker at bage. Sk\u00e5len er lavet i rustfrit st\u00e5l, hvilket g\u00f8r den b\u00e5de holdbar og nem at reng\u00f8re. Den t\u00e5ler h\u00f8je temperaturer og er derfor perfekt til at piske italiensk marengs og andre varmef\u00f8lsomme kreationer op. Med sit tidl\u00f8se design er den ikke kun et praktisk tilbeh\u00f8r, men ogs\u00e5 et elegant indslag p\u00e5 din k\u00f8kkenbord.<\/p>\n<p>Hurtigpiskersk\u00e5len har en gener\u00f8s volumen p\u00e5 3,5 liter og er udstyret med m\u00e5l p\u00e5 indersiden samt et robust h\u00e5ndtag for nem brug. Silikoneringen i bunden giver \u00f8get stabilitet under brug, s\u00e5 du kan fokusere p\u00e5 at skabe l\u00e6kkert bagv\u00e6rk uden besv\u00e6r. Med Hurtigpiskersk\u00e5l fra Ankarsrum kan du l\u00f8fte dit bagv\u00e6rk og skabe med stil &#8211; et elegant input i dit k\u00f8kken.<\/p>\n<p><strong>Hurtigpiskersk\u00e5len i metal passer til alle modeller af Assistent Original N1-N30.<\/strong><\/p>\n<p>Hvad er inkluderet?<\/p>\n<ul>\n<li class=\"MsoNormal\">Hurtigpiskersk\u00e5l i rustfrit st\u00e5l<\/li>\n<li class=\"MsoNormal\">Silikonering<br \/><strong><span style=\"color: red;\"><br \/><\/span><\/strong><\/li>\n<\/ul>\n<p class=\"MsoNormal\">\u00a0<\/p>","protected":false},"excerpt":{"rendered":"<p>L\u00f8ft dit bagv\u00e6rk til nye h\u00f8jder med vores Hurtigpiskersk\u00e5l i rustfri st\u00e5l! Perfekt til alt fra italienske marengs til farverige macarons. Sk\u00e5len er b\u00e5de varmebestandig og holdbar, nem at reng\u00f8re og har et tidl\u00f8st design, der passer ind i ethvert k\u00f8kken.<\/p>\n","protected":false},"featured_media":13814,"comment_status":"open","ping_status":"closed","template":"","meta":{"_acf_changed":false,"content-type":"","editor_notices":[]},"product_brand":[],"product_cat":[453],"product_tag":[],"product-tag":[],"machines":[],"filter":[],"class_list":{"0":"post-11772","1":"product","2":"type-product","3":"status-publish","4":"has-post-thumbnail","6":"product_cat-ankarsrum-tilbehoer","8":"first","9":"instock","10":"taxable","11":"shipping-taxable","12":"purchasable","13":"product-type-simple"},"bundled_by":[],"bundle_stock_status":"instock","bundle_stock_quantity":null,"bundle_virtual":false,"bundle_layout":"","bundle_add_to_cart_form_location":"","bundle_editable_in_cart":false,"bundle_sold_individually_context":"","bundle_item_grouping":"","bundle_min_size":"","bundle_max_size":"","bundle_price":[],"bundled_items":[],"bundle_sell_ids":[],"acf":[],"yoast_head":"<!-- This site is optimized with the Yoast SEO Premium plugin v26.6 (Yoast SEO v26.6) - https:\/\/yoast.com\/wordpress\/plugins\/seo\/ -->\n<title>Hurtigpiskersk\u00e5l i metal 3,5 liter til Ankarsrum<\/title>\n<meta name=\"description\" content=\"Hurtigpiskersk\u00e5l i metal 3,5 liter til Ankarsrum k\u00f8kkenmaskine. Ideel til effektiv piskning og blanding. Robust design og nem at reng\u00f8re.\" \/>\n<meta name=\"robots\" content=\"index, follow, max-snippet:-1, max-image-preview:large, max-video-preview:-1\" \/>\n<link rel=\"canonical\" href=\"https:\/\/www.ankarsrum.com\/dk\/product\/hurtigpiskerskaal-i-metal-3-5-liter\/\" \/>\n<meta property=\"og:locale\" content=\"da_DK\" \/>\n<meta property=\"og:type\" content=\"article\" \/>\n<meta property=\"og:title\" content=\"Hurtigpiskersk\u00e5l i metal 3.5 liter\" \/>\n<meta property=\"og:description\" content=\"Hurtigpiskersk\u00e5l i metal 3,5 liter til Ankarsrum k\u00f8kkenmaskine. Ideel til effektiv piskning og blanding. Robust design og nem at reng\u00f8re.\" \/>\n<meta property=\"og:url\" content=\"https:\/\/www.ankarsrum.com\/dk\/product\/hurtigpiskerskaal-i-metal-3-5-liter\/\" \/>\n<meta property=\"og:site_name\" content=\"Ankarsrum Denmark\" \/>\n<meta property=\"article:modified_time\" content=\"2026-05-11T23:41:57+00:00\" \/>\n<meta property=\"og:image\" content=\"https:\/\/www.ankarsrum.com\/dk\/wp-content\/uploads\/sites\/19\/2024\/09\/beater-bowl-in-stainless-steel.jpg\" \/>\n\t<meta property=\"og:image:width\" content=\"1200\" \/>\n\t<meta property=\"og:image:height\" content=\"630\" \/>\n\t<meta property=\"og:image:type\" content=\"image\/jpeg\" \/>\n<meta name=\"twitter:card\" content=\"summary_large_image\" \/>\n<meta name=\"twitter:label1\" content=\"Estimeret l\u00e6setid\" \/>\n\t<meta name=\"twitter:data1\" content=\"1 minut\" \/>\n<script type=\"application\/ld+json\" class=\"yoast-schema-graph\">{\"@context\":\"https:\/\/schema.org\",\"@graph\":[{\"@type\":\"WebPage\",\"@id\":\"https:\/\/www.ankarsrum.com\/dk\/product\/hurtigpiskerskaal-i-metal-3-5-liter\/\",\"url\":\"https:\/\/www.ankarsrum.com\/dk\/product\/hurtigpiskerskaal-i-metal-3-5-liter\/\",\"name\":\"Hurtigpiskersk\u00e5l i metal 3,5 liter til Ankarsrum\",\"isPartOf\":{\"@id\":\"https:\/\/www.ankarsrum.com\/dk\/#website\"},\"primaryImageOfPage\":{\"@id\":\"https:\/\/www.ankarsrum.com\/dk\/product\/hurtigpiskerskaal-i-metal-3-5-liter\/#primaryimage\"},\"image\":{\"@id\":\"https:\/\/www.ankarsrum.com\/dk\/product\/hurtigpiskerskaal-i-metal-3-5-liter\/#primaryimage\"},\"thumbnailUrl\":\"https:\/\/www.ankarsrum.com\/img-srv\/DkRQfUzy_NskR0OQZQT-3F8JkOe7P9sV3poisHsjDck\/resizing_type:auto\/width:0\/height:0\/gravity:sm\/enlarge:1\/ext:webp\/strip_metadata:1\/quality:90\/cachebuster:filesize-115069\/bG9jYWw6Ly8vd3d3LmFua2Fyc3J1bS5jb20vd3AtY29udGVudC91cGxvYWRzL3NpdGVzLzE5LzIwMjQvMDkvYmVhdGVyLWJvd2wtaW4tc3RhaW5sZXNzLXN0ZWVsLmpwZw.webp\",\"datePublished\":\"2024-07-16T13:07:54+00:00\",\"dateModified\":\"2026-05-11T23:41:57+00:00\",\"description\":\"Hurtigpiskersk\u00e5l i metal 3,5 liter til Ankarsrum k\u00f8kkenmaskine. Ideel til effektiv piskning og blanding. Robust design og nem at reng\u00f8re.\",\"breadcrumb\":{\"@id\":\"https:\/\/www.ankarsrum.com\/dk\/product\/hurtigpiskerskaal-i-metal-3-5-liter\/#breadcrumb\"},\"inLanguage\":\"da-DK\",\"potentialAction\":[{\"@type\":\"ReadAction\",\"target\":[\"https:\/\/www.ankarsrum.com\/dk\/product\/hurtigpiskerskaal-i-metal-3-5-liter\/\"]}]},{\"@type\":\"ImageObject\",\"inLanguage\":\"da-DK\",\"@id\":\"https:\/\/www.ankarsrum.com\/dk\/product\/hurtigpiskerskaal-i-metal-3-5-liter\/#primaryimage\",\"url\":\"https:\/\/www.ankarsrum.com\/img-srv\/DkRQfUzy_NskR0OQZQT-3F8JkOe7P9sV3poisHsjDck\/resizing_type:auto\/width:0\/height:0\/gravity:sm\/enlarge:1\/ext:webp\/strip_metadata:1\/quality:90\/cachebuster:filesize-115069\/bG9jYWw6Ly8vd3d3LmFua2Fyc3J1bS5jb20vd3AtY29udGVudC91cGxvYWRzL3NpdGVzLzE5LzIwMjQvMDkvYmVhdGVyLWJvd2wtaW4tc3RhaW5sZXNzLXN0ZWVsLmpwZw.webp\",\"contentUrl\":\"https:\/\/www.ankarsrum.com\/img-srv\/DkRQfUzy_NskR0OQZQT-3F8JkOe7P9sV3poisHsjDck\/resizing_type:auto\/width:0\/height:0\/gravity:sm\/enlarge:1\/ext:webp\/strip_metadata:1\/quality:90\/cachebuster:filesize-115069\/bG9jYWw6Ly8vd3d3LmFua2Fyc3J1bS5jb20vd3AtY29udGVudC91cGxvYWRzL3NpdGVzLzE5LzIwMjQvMDkvYmVhdGVyLWJvd2wtaW4tc3RhaW5sZXNzLXN0ZWVsLmpwZw.webp\",\"width\":2000,\"height\":2000},{\"@type\":\"BreadcrumbList\",\"@id\":\"https:\/\/www.ankarsrum.com\/dk\/product\/hurtigpiskerskaal-i-metal-3-5-liter\/#breadcrumb\",\"itemListElement\":[{\"@type\":\"ListItem\",\"position\":1,\"name\":\"Home\",\"item\":\"https:\/\/www.ankarsrum.com\/dk\/\"},{\"@type\":\"ListItem\",\"position\":2,\"name\":\"Produce name\",\"item\":\"https:\/\/www.ankarsrum.com\/dk\/shop\/\"},{\"@type\":\"ListItem\",\"position\":3,\"name\":\"Hurtigpiskersk\u00e5l i metal 3.5 liter\"}]},{\"@type\":\"WebSite\",\"@id\":\"https:\/\/www.ankarsrum.com\/dk\/#website\",\"url\":\"https:\/\/www.ankarsrum.com\/dk\/\",\"name\":\"Ankarsrum Denmark\",\"description\":\"The bread of the world\",\"potentialAction\":[{\"@type\":\"SearchAction\",\"target\":{\"@type\":\"EntryPoint\",\"urlTemplate\":\"https:\/\/www.ankarsrum.com\/dk\/?s={search_term_string}\"},\"query-input\":{\"@type\":\"PropertyValueSpecification\",\"valueRequired\":true,\"valueName\":\"search_term_string\"}}],\"inLanguage\":\"da-DK\"}]}<\/script>\n<!-- \/ Yoast SEO Premium plugin. -->","yoast_head_json":{"title":"Hurtigpiskersk\u00e5l i metal 3,5 liter til Ankarsrum","description":"Hurtigpiskersk\u00e5l i metal 3,5 liter til Ankarsrum k\u00f8kkenmaskine. Ideel til effektiv piskning og blanding. Robust design og nem at reng\u00f8re.","robots":{"index":"index","follow":"follow","max-snippet":"max-snippet:-1","max-image-preview":"max-image-preview:large","max-video-preview":"max-video-preview:-1"},"canonical":"https:\/\/www.ankarsrum.com\/dk\/product\/hurtigpiskerskaal-i-metal-3-5-liter\/","og_locale":"da_DK","og_type":"article","og_title":"Hurtigpiskersk\u00e5l i metal 3.5 liter","og_description":"Hurtigpiskersk\u00e5l i metal 3,5 liter til Ankarsrum k\u00f8kkenmaskine. Ideel til effektiv piskning og blanding. Robust design og nem at reng\u00f8re.","og_url":"https:\/\/www.ankarsrum.com\/dk\/product\/hurtigpiskerskaal-i-metal-3-5-liter\/","og_site_name":"Ankarsrum Denmark","article_modified_time":"2026-05-11T23:41:57+00:00","og_image":[{"width":1200,"height":630,"url":"https:\/\/www.ankarsrum.com\/dk\/wp-content\/uploads\/sites\/19\/2024\/09\/beater-bowl-in-stainless-steel.jpg","type":"image\/jpeg"}],"twitter_card":"summary_large_image","twitter_misc":{"Estimeret l\u00e6setid":"1 minut"},"schema":{"@context":"https:\/\/schema.org","@graph":[{"@type":"WebPage","@id":"https:\/\/www.ankarsrum.com\/dk\/product\/hurtigpiskerskaal-i-metal-3-5-liter\/","url":"https:\/\/www.ankarsrum.com\/dk\/product\/hurtigpiskerskaal-i-metal-3-5-liter\/","name":"Hurtigpiskersk\u00e5l i metal 3,5 liter til Ankarsrum","isPartOf":{"@id":"https:\/\/www.ankarsrum.com\/dk\/#website"},"primaryImageOfPage":{"@id":"https:\/\/www.ankarsrum.com\/dk\/product\/hurtigpiskerskaal-i-metal-3-5-liter\/#primaryimage"},"image":{"@id":"https:\/\/www.ankarsrum.com\/dk\/product\/hurtigpiskerskaal-i-metal-3-5-liter\/#primaryimage"},"thumbnailUrl":"https:\/\/www.ankarsrum.com\/img-srv\/DkRQfUzy_NskR0OQZQT-3F8JkOe7P9sV3poisHsjDck\/resizing_type:auto\/width:0\/height:0\/gravity:sm\/enlarge:1\/ext:webp\/strip_metadata:1\/quality:90\/cachebuster:filesize-115069\/bG9jYWw6Ly8vd3d3LmFua2Fyc3J1bS5jb20vd3AtY29udGVudC91cGxvYWRzL3NpdGVzLzE5LzIwMjQvMDkvYmVhdGVyLWJvd2wtaW4tc3RhaW5sZXNzLXN0ZWVsLmpwZw.webp","datePublished":"2024-07-16T13:07:54+00:00","dateModified":"2026-05-11T23:41:57+00:00","description":"Hurtigpiskersk\u00e5l i metal 3,5 liter til Ankarsrum k\u00f8kkenmaskine. Ideel til effektiv piskning og blanding. Robust design og nem at reng\u00f8re.","breadcrumb":{"@id":"https:\/\/www.ankarsrum.com\/dk\/product\/hurtigpiskerskaal-i-metal-3-5-liter\/#breadcrumb"},"inLanguage":"da-DK","potentialAction":[{"@type":"ReadAction","target":["https:\/\/www.ankarsrum.com\/dk\/product\/hurtigpiskerskaal-i-metal-3-5-liter\/"]}]},{"@type":"ImageObject","inLanguage":"da-DK","@id":"https:\/\/www.ankarsrum.com\/dk\/product\/hurtigpiskerskaal-i-metal-3-5-liter\/#primaryimage","url":"https:\/\/www.ankarsrum.com\/img-srv\/DkRQfUzy_NskR0OQZQT-3F8JkOe7P9sV3poisHsjDck\/resizing_type:auto\/width:0\/height:0\/gravity:sm\/enlarge:1\/ext:webp\/strip_metadata:1\/quality:90\/cachebuster:filesize-115069\/bG9jYWw6Ly8vd3d3LmFua2Fyc3J1bS5jb20vd3AtY29udGVudC91cGxvYWRzL3NpdGVzLzE5LzIwMjQvMDkvYmVhdGVyLWJvd2wtaW4tc3RhaW5sZXNzLXN0ZWVsLmpwZw.webp","contentUrl":"https:\/\/www.ankarsrum.com\/img-srv\/DkRQfUzy_NskR0OQZQT-3F8JkOe7P9sV3poisHsjDck\/resizing_type:auto\/width:0\/height:0\/gravity:sm\/enlarge:1\/ext:webp\/strip_metadata:1\/quality:90\/cachebuster:filesize-115069\/bG9jYWw6Ly8vd3d3LmFua2Fyc3J1bS5jb20vd3AtY29udGVudC91cGxvYWRzL3NpdGVzLzE5LzIwMjQvMDkvYmVhdGVyLWJvd2wtaW4tc3RhaW5sZXNzLXN0ZWVsLmpwZw.webp","width":2000,"height":2000},{"@type":"BreadcrumbList","@id":"https:\/\/www.ankarsrum.com\/dk\/product\/hurtigpiskerskaal-i-metal-3-5-liter\/#breadcrumb","itemListElement":[{"@type":"ListItem","position":1,"name":"Home","item":"https:\/\/www.ankarsrum.com\/dk\/"},{"@type":"ListItem","position":2,"name":"Produce name","item":"https:\/\/www.ankarsrum.com\/dk\/shop\/"},{"@type":"ListItem","position":3,"name":"Hurtigpiskersk\u00e5l i metal 3.5 liter"}]},{"@type":"WebSite","@id":"https:\/\/www.ankarsrum.com\/dk\/#website","url":"https:\/\/www.ankarsrum.com\/dk\/","name":"Ankarsrum Denmark","description":"The bread of the world","potentialAction":[{"@type":"SearchAction","target":{"@type":"EntryPoint","urlTemplate":"https:\/\/www.ankarsrum.com\/dk\/?s={search_term_string}"},"query-input":{"@type":"PropertyValueSpecification","valueRequired":true,"valueName":"search_term_string"}}],"inLanguage":"da-DK"}]}},"_links":{"self":[{"href":"https:\/\/www.ankarsrum.com\/dk\/wp-json\/wp\/v2\/product\/11772","targetHints":{"allow":["GET"]}}],"collection":[{"href":"https:\/\/www.ankarsrum.com\/dk\/wp-json\/wp\/v2\/product"}],"about":[{"href":"https:\/\/www.ankarsrum.com\/dk\/wp-json\/wp\/v2\/types\/product"}],"replies":[{"embeddable":true,"href":"https:\/\/www.ankarsrum.com\/dk\/wp-json\/wp\/v2\/comments?post=11772"}],"wp:featuredmedia":[{"embeddable":true,"href":"https:\/\/www.ankarsrum.com\/dk\/wp-json\/wp\/v2\/media\/13814"}],"wp:attachment":[{"href":"https:\/\/www.ankarsrum.com\/dk\/wp-json\/wp\/v2\/media?parent=11772"}],"wp:term":[{"taxonomy":"product_brand","embeddable":true,"href":"https:\/\/www.ankarsrum.com\/dk\/wp-json\/wp\/v2\/product_brand?post=11772"},{"taxonomy":"product_cat","embeddable":true,"href":"https:\/\/www.ankarsrum.com\/dk\/wp-json\/wp\/v2\/product_cat?post=11772"},{"taxonomy":"product_tag","embeddable":true,"href":"https:\/\/www.ankarsrum.com\/dk\/wp-json\/wp\/v2\/product_tag?post=11772"},{"taxonomy":"product-tag","embeddable":true,"href":"https:\/\/www.ankarsrum.com\/dk\/wp-json\/wp\/v2\/product-tag?post=11772"},{"taxonomy":"machines","embeddable":true,"href":"https:\/\/www.ankarsrum.com\/dk\/wp-json\/wp\/v2\/machines?post=11772"},{"taxonomy":"filter","embeddable":true,"href":"https:\/\/www.ankarsrum.com\/dk\/wp-json\/wp\/v2\/filter?post=11772"}],"curies":[{"name":"wp","href":"https:\/\/api.w.org\/{rel}","templated":true}]}}