{"id":12235,"date":"2024-07-04T08:32:02","date_gmt":"2024-07-04T06:32:02","guid":{"rendered":"https:\/\/www.ankarsrum.com\/dk\/product\/pastaroller-pastacuttersaet\/"},"modified":"2026-04-16T23:40:51","modified_gmt":"2026-04-16T21:40:51","slug":"pastaroller-pastacuttersaet","status":"publish","type":"product","link":"https:\/\/www.ankarsrum.com\/dk\/product\/pastaroller-pastacuttersaet\/","title":{"rendered":"Pastavalse Basispakke"},"content":{"rendered":"<p>Med Ankarsrums pastavalse Basispakke er pastafremstilling b\u00e5de sjovt og nemt. Basispakken indeholder b\u00e5de en pastaroller til lasagne og en cutter til fettuccine, som giver dig mulighed for nemt at lave dine yndlingsretter derhjemme. Monter nemt pastavalserne p\u00e5 din Ankarsrum Assistent Original og lad assistentens kraftige motor rulle dejen ud for dig. Uanset om det er tynde lasagneplader eller j\u00e6vnt sk\u00e5ret fettuccine, f\u00e5r du altid et resultat, der imponerer ubesv\u00e6ret.<\/p>\n<p><span>Lasagnerolleren ruller dejen ud med justerbar tykkelse mellem 0,6 mm og 4,8 mm, mens fettuccinerullen sk\u00e6rer 6 mm brede pastastrimler ud. Det eneste du skal g\u00f8re er at rulle dejen med lasagnerullen f\u00f8rst og derefter bruge fettuccinerullen til at skabe den perfekte pasta. Det er en pakke, som hele familien kan nyde \u2013 en aktivitet, hvor alle kan v\u00e6re med og lave l\u00e6kre italienske middage sammen.<\/span><\/p>\n<p><span>Pakken er lavet i Italien af <\/span><span>\u200b\u200b<\/span><span>Marcato, en virksomhed med over 80 \u00e5rs erfaring i pastaproduktion, hvilket garanterer h\u00f8j kvalitet og holdbarhed. <\/span>Med Ankarsrums pastavalse basispakke kan du nyde hjemmelavet pasta \u2013 hurtigt, nemt og sammen med dem du holder af.<\/p>\n<p>Vi anbefaler 1 mm tykke pastaplader til fremstilling af lasagne, dette svarer til position 7 p\u00e5 pastarullen. Vi anbefaler 1,2-1,5 mm tykke pastaplader til fremstilling af fettuccine, dette svarer til position 5-6 p\u00e5 pastarolleren til lasagne.<\/p>\n<p><strong>Pastavalse Basispakke passer til alle modeller af Assistent Original N1-N30.<\/strong><\/p>\n<p>Hvad er inkluderet?<\/p>\n<ul>\n<li>Pastaroller til lasagne<\/li>\n<li>Pastacutter til fettuccine<\/li>\n<\/ul>","protected":false},"excerpt":{"rendered":"<p><span>Med Ankarsrums pastavalse basispakke har du alt, hvad du skal bruge for at lave hjemmelavet pasta nemt og bekvemt. B\u00e5de lasagne- og fettuccinevalserne hj\u00e6lper dig med at skabe perfekt pasta hver gang, uden besv\u00e6ret med at rulle i h\u00e5nden. Nyd frisk pasta med familie og venner &#8211; direkte fra dit eget k\u00f8kken!<\/span><\/p>\n","protected":false},"featured_media":13422,"comment_status":"open","ping_status":"closed","template":"","meta":{"_acf_changed":false,"content-type":"","editor_notices":[]},"product_brand":[],"product_cat":[453],"product_tag":[],"product-tag":[],"machines":[],"filter":[],"class_list":{"0":"post-12235","1":"product","2":"type-product","3":"status-publish","4":"has-post-thumbnail","6":"product_cat-ankarsrum-tilbehoer","8":"first","9":"instock","10":"taxable","11":"shipping-taxable","12":"purchasable","13":"product-type-simple"},"bundled_by":[],"bundle_stock_status":"instock","bundle_stock_quantity":null,"bundle_virtual":false,"bundle_layout":"","bundle_add_to_cart_form_location":"","bundle_editable_in_cart":false,"bundle_sold_individually_context":"","bundle_item_grouping":"","bundle_min_size":"","bundle_max_size":"","bundle_price":[],"bundled_items":[],"bundle_sell_ids":[],"acf":[],"yoast_head":"<!-- This site is optimized with the Yoast SEO Premium plugin v26.6 (Yoast SEO v26.6) - https:\/\/yoast.com\/wordpress\/plugins\/seo\/ -->\n<title>Pastaroller og pastacutters\u00e6t til Assistent<\/title>\n<meta name=\"description\" content=\"Pastaroller og pastacutters\u00e6t til Assistent. Perfekt til hjemmelavet pasta som lasagne, fettuccine og spaghetti. Holdbart og nemt at bruge.\" \/>\n<meta name=\"robots\" content=\"index, follow, max-snippet:-1, max-image-preview:large, max-video-preview:-1\" \/>\n<link rel=\"canonical\" href=\"https:\/\/www.ankarsrum.com\/dk\/product\/pastaroller-pastacuttersaet\/\" \/>\n<meta property=\"og:locale\" content=\"da_DK\" \/>\n<meta property=\"og:type\" content=\"article\" \/>\n<meta property=\"og:title\" content=\"Pastavalse Basispakke\" \/>\n<meta property=\"og:description\" content=\"Pastaroller og pastacutters\u00e6t til Assistent. Perfekt til hjemmelavet pasta som lasagne, fettuccine og spaghetti. Holdbart og nemt at bruge.\" \/>\n<meta property=\"og:url\" content=\"https:\/\/www.ankarsrum.com\/dk\/product\/pastaroller-pastacuttersaet\/\" \/>\n<meta property=\"og:site_name\" content=\"Ankarsrum Denmark\" \/>\n<meta property=\"article:modified_time\" content=\"2026-04-16T21:40:51+00:00\" \/>\n<meta property=\"og:image\" content=\"https:\/\/www.ankarsrum.com\/dk\/wp-content\/uploads\/sites\/19\/2024\/09\/fettuccine-lasagne-bundle025x.jpg\" \/>\n\t<meta property=\"og:image:width\" content=\"1200\" \/>\n\t<meta property=\"og:image:height\" content=\"630\" \/>\n\t<meta property=\"og:image:type\" content=\"image\/jpeg\" \/>\n<meta name=\"twitter:card\" content=\"summary_large_image\" \/>\n<meta name=\"twitter:label1\" content=\"Estimeret l\u00e6setid\" \/>\n\t<meta name=\"twitter:data1\" content=\"2 minutter\" \/>\n<script type=\"application\/ld+json\" class=\"yoast-schema-graph\">{\"@context\":\"https:\/\/schema.org\",\"@graph\":[{\"@type\":\"WebPage\",\"@id\":\"https:\/\/www.ankarsrum.com\/dk\/product\/pastaroller-pastacuttersaet\/\",\"url\":\"https:\/\/www.ankarsrum.com\/dk\/product\/pastaroller-pastacuttersaet\/\",\"name\":\"Pastaroller og pastacutters\u00e6t til Assistent\",\"isPartOf\":{\"@id\":\"https:\/\/www.ankarsrum.com\/dk\/#website\"},\"primaryImageOfPage\":{\"@id\":\"https:\/\/www.ankarsrum.com\/dk\/product\/pastaroller-pastacuttersaet\/#primaryimage\"},\"image\":{\"@id\":\"https:\/\/www.ankarsrum.com\/dk\/product\/pastaroller-pastacuttersaet\/#primaryimage\"},\"thumbnailUrl\":\"https:\/\/www.ankarsrum.com\/img-srv\/y3z2RS72FRb80VQvoPnF0r6YMy_Z7yP9x0Z-4zLePB0\/resizing_type:auto\/width:0\/height:0\/gravity:sm\/enlarge:1\/ext:webp\/strip_metadata:1\/quality:90\/cachebuster:filesize-82470\/bG9jYWw6Ly8vd3d3LmFua2Fyc3J1bS5jb20vd3AtY29udGVudC91cGxvYWRzL3NpdGVzLzE5LzIwMjQvMDkvZmV0dHVjY2luZS1sYXNhZ25lLWJ1bmRsZTAyNXguanBn.webp\",\"datePublished\":\"2024-07-04T06:32:02+00:00\",\"dateModified\":\"2026-04-16T21:40:51+00:00\",\"description\":\"Pastaroller og pastacutters\u00e6t til Assistent. Perfekt til hjemmelavet pasta som lasagne, fettuccine og spaghetti. Holdbart og nemt at bruge.\",\"breadcrumb\":{\"@id\":\"https:\/\/www.ankarsrum.com\/dk\/product\/pastaroller-pastacuttersaet\/#breadcrumb\"},\"inLanguage\":\"da-DK\",\"potentialAction\":[{\"@type\":\"ReadAction\",\"target\":[\"https:\/\/www.ankarsrum.com\/dk\/product\/pastaroller-pastacuttersaet\/\"]}]},{\"@type\":\"ImageObject\",\"inLanguage\":\"da-DK\",\"@id\":\"https:\/\/www.ankarsrum.com\/dk\/product\/pastaroller-pastacuttersaet\/#primaryimage\",\"url\":\"https:\/\/www.ankarsrum.com\/img-srv\/y3z2RS72FRb80VQvoPnF0r6YMy_Z7yP9x0Z-4zLePB0\/resizing_type:auto\/width:0\/height:0\/gravity:sm\/enlarge:1\/ext:webp\/strip_metadata:1\/quality:90\/cachebuster:filesize-82470\/bG9jYWw6Ly8vd3d3LmFua2Fyc3J1bS5jb20vd3AtY29udGVudC91cGxvYWRzL3NpdGVzLzE5LzIwMjQvMDkvZmV0dHVjY2luZS1sYXNhZ25lLWJ1bmRsZTAyNXguanBn.webp\",\"contentUrl\":\"https:\/\/www.ankarsrum.com\/img-srv\/y3z2RS72FRb80VQvoPnF0r6YMy_Z7yP9x0Z-4zLePB0\/resizing_type:auto\/width:0\/height:0\/gravity:sm\/enlarge:1\/ext:webp\/strip_metadata:1\/quality:90\/cachebuster:filesize-82470\/bG9jYWw6Ly8vd3d3LmFua2Fyc3J1bS5jb20vd3AtY29udGVudC91cGxvYWRzL3NpdGVzLzE5LzIwMjQvMDkvZmV0dHVjY2luZS1sYXNhZ25lLWJ1bmRsZTAyNXguanBn.webp\",\"width\":1342,\"height\":1342},{\"@type\":\"BreadcrumbList\",\"@id\":\"https:\/\/www.ankarsrum.com\/dk\/product\/pastaroller-pastacuttersaet\/#breadcrumb\",\"itemListElement\":[{\"@type\":\"ListItem\",\"position\":1,\"name\":\"Home\",\"item\":\"https:\/\/www.ankarsrum.com\/dk\/\"},{\"@type\":\"ListItem\",\"position\":2,\"name\":\"Produce name\",\"item\":\"https:\/\/www.ankarsrum.com\/dk\/shop\/\"},{\"@type\":\"ListItem\",\"position\":3,\"name\":\"Pastavalse Basispakke\"}]},{\"@type\":\"WebSite\",\"@id\":\"https:\/\/www.ankarsrum.com\/dk\/#website\",\"url\":\"https:\/\/www.ankarsrum.com\/dk\/\",\"name\":\"Ankarsrum Denmark\",\"description\":\"The bread of the world\",\"potentialAction\":[{\"@type\":\"SearchAction\",\"target\":{\"@type\":\"EntryPoint\",\"urlTemplate\":\"https:\/\/www.ankarsrum.com\/dk\/?s={search_term_string}\"},\"query-input\":{\"@type\":\"PropertyValueSpecification\",\"valueRequired\":true,\"valueName\":\"search_term_string\"}}],\"inLanguage\":\"da-DK\"}]}<\/script>\n<!-- \/ Yoast SEO Premium plugin. -->","yoast_head_json":{"title":"Pastaroller og pastacutters\u00e6t til Assistent","description":"Pastaroller og pastacutters\u00e6t til Assistent. Perfekt til hjemmelavet pasta som lasagne, fettuccine og spaghetti. Holdbart og nemt at bruge.","robots":{"index":"index","follow":"follow","max-snippet":"max-snippet:-1","max-image-preview":"max-image-preview:large","max-video-preview":"max-video-preview:-1"},"canonical":"https:\/\/www.ankarsrum.com\/dk\/product\/pastaroller-pastacuttersaet\/","og_locale":"da_DK","og_type":"article","og_title":"Pastavalse Basispakke","og_description":"Pastaroller og pastacutters\u00e6t til Assistent. Perfekt til hjemmelavet pasta som lasagne, fettuccine og spaghetti. Holdbart og nemt at bruge.","og_url":"https:\/\/www.ankarsrum.com\/dk\/product\/pastaroller-pastacuttersaet\/","og_site_name":"Ankarsrum Denmark","article_modified_time":"2026-04-16T21:40:51+00:00","og_image":[{"width":1200,"height":630,"url":"https:\/\/www.ankarsrum.com\/dk\/wp-content\/uploads\/sites\/19\/2024\/09\/fettuccine-lasagne-bundle025x.jpg","type":"image\/jpeg"}],"twitter_card":"summary_large_image","twitter_misc":{"Estimeret l\u00e6setid":"2 minutter"},"schema":{"@context":"https:\/\/schema.org","@graph":[{"@type":"WebPage","@id":"https:\/\/www.ankarsrum.com\/dk\/product\/pastaroller-pastacuttersaet\/","url":"https:\/\/www.ankarsrum.com\/dk\/product\/pastaroller-pastacuttersaet\/","name":"Pastaroller og pastacutters\u00e6t til Assistent","isPartOf":{"@id":"https:\/\/www.ankarsrum.com\/dk\/#website"},"primaryImageOfPage":{"@id":"https:\/\/www.ankarsrum.com\/dk\/product\/pastaroller-pastacuttersaet\/#primaryimage"},"image":{"@id":"https:\/\/www.ankarsrum.com\/dk\/product\/pastaroller-pastacuttersaet\/#primaryimage"},"thumbnailUrl":"https:\/\/www.ankarsrum.com\/img-srv\/y3z2RS72FRb80VQvoPnF0r6YMy_Z7yP9x0Z-4zLePB0\/resizing_type:auto\/width:0\/height:0\/gravity:sm\/enlarge:1\/ext:webp\/strip_metadata:1\/quality:90\/cachebuster:filesize-82470\/bG9jYWw6Ly8vd3d3LmFua2Fyc3J1bS5jb20vd3AtY29udGVudC91cGxvYWRzL3NpdGVzLzE5LzIwMjQvMDkvZmV0dHVjY2luZS1sYXNhZ25lLWJ1bmRsZTAyNXguanBn.webp","datePublished":"2024-07-04T06:32:02+00:00","dateModified":"2026-04-16T21:40:51+00:00","description":"Pastaroller og pastacutters\u00e6t til Assistent. Perfekt til hjemmelavet pasta som lasagne, fettuccine og spaghetti. Holdbart og nemt at bruge.","breadcrumb":{"@id":"https:\/\/www.ankarsrum.com\/dk\/product\/pastaroller-pastacuttersaet\/#breadcrumb"},"inLanguage":"da-DK","potentialAction":[{"@type":"ReadAction","target":["https:\/\/www.ankarsrum.com\/dk\/product\/pastaroller-pastacuttersaet\/"]}]},{"@type":"ImageObject","inLanguage":"da-DK","@id":"https:\/\/www.ankarsrum.com\/dk\/product\/pastaroller-pastacuttersaet\/#primaryimage","url":"https:\/\/www.ankarsrum.com\/img-srv\/y3z2RS72FRb80VQvoPnF0r6YMy_Z7yP9x0Z-4zLePB0\/resizing_type:auto\/width:0\/height:0\/gravity:sm\/enlarge:1\/ext:webp\/strip_metadata:1\/quality:90\/cachebuster:filesize-82470\/bG9jYWw6Ly8vd3d3LmFua2Fyc3J1bS5jb20vd3AtY29udGVudC91cGxvYWRzL3NpdGVzLzE5LzIwMjQvMDkvZmV0dHVjY2luZS1sYXNhZ25lLWJ1bmRsZTAyNXguanBn.webp","contentUrl":"https:\/\/www.ankarsrum.com\/img-srv\/y3z2RS72FRb80VQvoPnF0r6YMy_Z7yP9x0Z-4zLePB0\/resizing_type:auto\/width:0\/height:0\/gravity:sm\/enlarge:1\/ext:webp\/strip_metadata:1\/quality:90\/cachebuster:filesize-82470\/bG9jYWw6Ly8vd3d3LmFua2Fyc3J1bS5jb20vd3AtY29udGVudC91cGxvYWRzL3NpdGVzLzE5LzIwMjQvMDkvZmV0dHVjY2luZS1sYXNhZ25lLWJ1bmRsZTAyNXguanBn.webp","width":1342,"height":1342},{"@type":"BreadcrumbList","@id":"https:\/\/www.ankarsrum.com\/dk\/product\/pastaroller-pastacuttersaet\/#breadcrumb","itemListElement":[{"@type":"ListItem","position":1,"name":"Home","item":"https:\/\/www.ankarsrum.com\/dk\/"},{"@type":"ListItem","position":2,"name":"Produce name","item":"https:\/\/www.ankarsrum.com\/dk\/shop\/"},{"@type":"ListItem","position":3,"name":"Pastavalse Basispakke"}]},{"@type":"WebSite","@id":"https:\/\/www.ankarsrum.com\/dk\/#website","url":"https:\/\/www.ankarsrum.com\/dk\/","name":"Ankarsrum Denmark","description":"The bread of the world","potentialAction":[{"@type":"SearchAction","target":{"@type":"EntryPoint","urlTemplate":"https:\/\/www.ankarsrum.com\/dk\/?s={search_term_string}"},"query-input":{"@type":"PropertyValueSpecification","valueRequired":true,"valueName":"search_term_string"}}],"inLanguage":"da-DK"}]}},"_links":{"self":[{"href":"https:\/\/www.ankarsrum.com\/dk\/wp-json\/wp\/v2\/product\/12235","targetHints":{"allow":["GET"]}}],"collection":[{"href":"https:\/\/www.ankarsrum.com\/dk\/wp-json\/wp\/v2\/product"}],"about":[{"href":"https:\/\/www.ankarsrum.com\/dk\/wp-json\/wp\/v2\/types\/product"}],"replies":[{"embeddable":true,"href":"https:\/\/www.ankarsrum.com\/dk\/wp-json\/wp\/v2\/comments?post=12235"}],"wp:featuredmedia":[{"embeddable":true,"href":"https:\/\/www.ankarsrum.com\/dk\/wp-json\/wp\/v2\/media\/13422"}],"wp:attachment":[{"href":"https:\/\/www.ankarsrum.com\/dk\/wp-json\/wp\/v2\/media?parent=12235"}],"wp:term":[{"taxonomy":"product_brand","embeddable":true,"href":"https:\/\/www.ankarsrum.com\/dk\/wp-json\/wp\/v2\/product_brand?post=12235"},{"taxonomy":"product_cat","embeddable":true,"href":"https:\/\/www.ankarsrum.com\/dk\/wp-json\/wp\/v2\/product_cat?post=12235"},{"taxonomy":"product_tag","embeddable":true,"href":"https:\/\/www.ankarsrum.com\/dk\/wp-json\/wp\/v2\/product_tag?post=12235"},{"taxonomy":"product-tag","embeddable":true,"href":"https:\/\/www.ankarsrum.com\/dk\/wp-json\/wp\/v2\/product-tag?post=12235"},{"taxonomy":"machines","embeddable":true,"href":"https:\/\/www.ankarsrum.com\/dk\/wp-json\/wp\/v2\/machines?post=12235"},{"taxonomy":"filter","embeddable":true,"href":"https:\/\/www.ankarsrum.com\/dk\/wp-json\/wp\/v2\/filter?post=12235"}],"curies":[{"name":"wp","href":"https:\/\/api.w.org\/{rel}","templated":true}]}}