{"id":14031,"date":"2024-07-16T11:08:59","date_gmt":"2024-07-16T09:08:59","guid":{"rendered":"https:\/\/www.ankarsrum.com\/dk\/product\/ankarsrum-ismaskine\/"},"modified":"2026-05-12T01:41:55","modified_gmt":"2026-05-11T23:41:55","slug":"ankarsrum-ismaskine","status":"publish","type":"product","link":"https:\/\/www.ankarsrum.com\/dk\/product\/ankarsrum-ismaskine\/","title":{"rendered":"Ismaskine"},"content":{"rendered":"<p>Med Ankarsrums Ismaskine, som nemt monteres p\u00e5 din Ankarsrum Assistent, er det b\u00e5de nemt og sjovt at lave din egen is. Det er en aktivitet, som hele familien kan nyde, b\u00e5de unge og \u00e6ldre. Uanset om du har lyst til klassisk vaniljeis, frisk sorbet eller en cremet frossen yoghurt, f\u00e5r du altid et perfekt resultat. <span>Ismaskinen er lavet i Italien med professionel kvalitet, som giver dig mulighed for at nyde hjemmelavet is i topklasse.<\/span><\/p>\n<p><span>Frysesk\u00e5len har en kapacitet p\u00e5 op til 700g ingredienser, hvilket giver dig hele 1,5 liter f\u00e6rdig is. S\u00e6t frysesk\u00e5len i fryseren i 20-24 timer f\u00f8r brug, og s\u00e5 er det bare at begynde at eksperimentere med dine yndlingssmage. Kan du lide citron, jordb\u00e6r, viol eller pistacie? Med Ankarsrums Ismaskine er det kun din fantasi, der s\u00e6tter gr\u00e6nser!<\/span><\/p>\n<p><span>Det bedste er, at pakken indeholder komplet istilbeh\u00f8r og l\u00e5g, s\u00e5 du kan servere direkte fra frysesk\u00e5len. Skab dine yndlingssmage og lad hele familien nyde hjemmelavet is, lige som du \u00f8nsker det. Ankarsrums Ismaskine er perfekt til dem, der gerne vil lave is som de professionelle, hjemme i dit eget k\u00f8kken.<\/span><\/p>\n<p><strong><span>Ismaskinen passer til alle modeller af Assistent Original N3-N30.<\/span><\/strong><\/p>\n<p><span>Hvad er inkluderet?<\/span><\/p>\n<ul>\n<li><span>Ydersk\u00e5l<\/span><\/li>\n<li>Bundplade<\/li>\n<li>Frysesk\u00e5l (m\u00e5l: 205 mm diameter, 135 mm h\u00f8j)<\/li>\n<li>L\u00e5g til frysesk\u00e5l<\/li>\n<li>Spatel<\/li>\n<li>Blandespade<\/li>\n<\/ul>","protected":false},"excerpt":{"rendered":"<p><span>Lav din egen is derhjemme med Ankarsrums Ismaskine, det er b\u00e5de nemt og sjovt. Skab alt fra klassisk vaniljeis til friske sorbeter &#8211; en aktivitet hele familien kan nyde. Lav is som de professionelle &#8211; lige i dit eget k\u00f8kken!<\/span><\/p>\n","protected":false},"featured_media":13872,"comment_status":"open","ping_status":"closed","template":"","meta":{"_acf_changed":false,"content-type":"","editor_notices":[]},"product_brand":[],"product_cat":[453],"product_tag":[],"product-tag":[],"machines":[],"filter":[],"class_list":{"0":"post-14031","1":"product","2":"type-product","3":"status-publish","4":"has-post-thumbnail","6":"product_cat-ankarsrum-tilbehoer","8":"first","9":"instock","10":"taxable","11":"shipping-taxable","12":"purchasable","13":"product-type-simple"},"bundled_by":[],"bundle_stock_status":"instock","bundle_stock_quantity":null,"bundle_virtual":false,"bundle_layout":"","bundle_add_to_cart_form_location":"","bundle_editable_in_cart":false,"bundle_sold_individually_context":"","bundle_item_grouping":"","bundle_min_size":"","bundle_max_size":"","bundle_price":[],"bundled_items":[],"bundle_sell_ids":[],"acf":[],"yoast_head":"<!-- This site is optimized with the Yoast SEO Premium plugin v26.6 (Yoast SEO v26.6) - https:\/\/yoast.com\/wordpress\/plugins\/seo\/ -->\n<title>Ismaskine til Ankarsrum k\u00f8kkenmaskine<\/title>\n<meta name=\"description\" content=\"Ismaskine til Ankarsrum k\u00f8kkenmaskine. Lav hjemmelavet is og sorbet nemt og hurtigt. Effektiv, holdbar og nem at reng\u00f8re.\" \/>\n<meta name=\"robots\" content=\"index, follow, max-snippet:-1, max-image-preview:large, max-video-preview:-1\" \/>\n<link rel=\"canonical\" href=\"https:\/\/www.ankarsrum.com\/dk\/product\/ankarsrum-ismaskine\/\" \/>\n<meta property=\"og:locale\" content=\"da_DK\" \/>\n<meta property=\"og:type\" content=\"article\" \/>\n<meta property=\"og:title\" content=\"Ismaskine\" \/>\n<meta property=\"og:description\" content=\"Ismaskine til Ankarsrum k\u00f8kkenmaskine. Lav hjemmelavet is og sorbet nemt og hurtigt. Effektiv, holdbar og nem at reng\u00f8re.\" \/>\n<meta property=\"og:url\" content=\"https:\/\/www.ankarsrum.com\/dk\/product\/ankarsrum-ismaskine\/\" \/>\n<meta property=\"og:site_name\" content=\"Ankarsrum Denmark\" \/>\n<meta property=\"article:modified_time\" content=\"2026-05-11T23:41:55+00:00\" \/>\n<meta property=\"og:image\" content=\"https:\/\/www.ankarsrum.com\/dk\/wp-content\/uploads\/sites\/19\/2024\/09\/icecreammaker-med-spatel.jpg\" \/>\n\t<meta property=\"og:image:width\" content=\"1200\" \/>\n\t<meta property=\"og:image:height\" content=\"630\" \/>\n\t<meta property=\"og:image:type\" content=\"image\/jpeg\" \/>\n<meta name=\"twitter:card\" content=\"summary_large_image\" \/>\n<meta name=\"twitter:label1\" content=\"Estimeret l\u00e6setid\" \/>\n\t<meta name=\"twitter:data1\" content=\"2 minutter\" \/>\n<script type=\"application\/ld+json\" class=\"yoast-schema-graph\">{\"@context\":\"https:\/\/schema.org\",\"@graph\":[{\"@type\":\"WebPage\",\"@id\":\"https:\/\/www.ankarsrum.com\/dk\/product\/ankarsrum-ismaskine\/\",\"url\":\"https:\/\/www.ankarsrum.com\/dk\/product\/ankarsrum-ismaskine\/\",\"name\":\"Ismaskine til Ankarsrum k\u00f8kkenmaskine\",\"isPartOf\":{\"@id\":\"https:\/\/www.ankarsrum.com\/dk\/#website\"},\"primaryImageOfPage\":{\"@id\":\"https:\/\/www.ankarsrum.com\/dk\/product\/ankarsrum-ismaskine\/#primaryimage\"},\"image\":{\"@id\":\"https:\/\/www.ankarsrum.com\/dk\/product\/ankarsrum-ismaskine\/#primaryimage\"},\"thumbnailUrl\":\"https:\/\/www.ankarsrum.com\/img-srv\/-mY8YWajt6jCShNth-jQk7ijNmmXK-Bb1dEPzLS55VQ\/resizing_type:auto\/width:0\/height:0\/gravity:sm\/enlarge:1\/ext:webp\/strip_metadata:1\/quality:90\/cachebuster:filesize-135773\/bG9jYWw6Ly8vd3d3LmFua2Fyc3J1bS5jb20vd3AtY29udGVudC91cGxvYWRzL3NpdGVzLzE5LzIwMjQvMDkvaWNlY3JlYW1tYWtlci1tZWQtc3BhdGVsLmpwZw.webp\",\"datePublished\":\"2024-07-16T09:08:59+00:00\",\"dateModified\":\"2026-05-11T23:41:55+00:00\",\"description\":\"Ismaskine til Ankarsrum k\u00f8kkenmaskine. Lav hjemmelavet is og sorbet nemt og hurtigt. Effektiv, holdbar og nem at reng\u00f8re.\",\"breadcrumb\":{\"@id\":\"https:\/\/www.ankarsrum.com\/dk\/product\/ankarsrum-ismaskine\/#breadcrumb\"},\"inLanguage\":\"da-DK\",\"potentialAction\":[{\"@type\":\"ReadAction\",\"target\":[\"https:\/\/www.ankarsrum.com\/dk\/product\/ankarsrum-ismaskine\/\"]}]},{\"@type\":\"ImageObject\",\"inLanguage\":\"da-DK\",\"@id\":\"https:\/\/www.ankarsrum.com\/dk\/product\/ankarsrum-ismaskine\/#primaryimage\",\"url\":\"https:\/\/www.ankarsrum.com\/img-srv\/-mY8YWajt6jCShNth-jQk7ijNmmXK-Bb1dEPzLS55VQ\/resizing_type:auto\/width:0\/height:0\/gravity:sm\/enlarge:1\/ext:webp\/strip_metadata:1\/quality:90\/cachebuster:filesize-135773\/bG9jYWw6Ly8vd3d3LmFua2Fyc3J1bS5jb20vd3AtY29udGVudC91cGxvYWRzL3NpdGVzLzE5LzIwMjQvMDkvaWNlY3JlYW1tYWtlci1tZWQtc3BhdGVsLmpwZw.webp\",\"contentUrl\":\"https:\/\/www.ankarsrum.com\/img-srv\/-mY8YWajt6jCShNth-jQk7ijNmmXK-Bb1dEPzLS55VQ\/resizing_type:auto\/width:0\/height:0\/gravity:sm\/enlarge:1\/ext:webp\/strip_metadata:1\/quality:90\/cachebuster:filesize-135773\/bG9jYWw6Ly8vd3d3LmFua2Fyc3J1bS5jb20vd3AtY29udGVudC91cGxvYWRzL3NpdGVzLzE5LzIwMjQvMDkvaWNlY3JlYW1tYWtlci1tZWQtc3BhdGVsLmpwZw.webp\",\"width\":2000,\"height\":2000},{\"@type\":\"BreadcrumbList\",\"@id\":\"https:\/\/www.ankarsrum.com\/dk\/product\/ankarsrum-ismaskine\/#breadcrumb\",\"itemListElement\":[{\"@type\":\"ListItem\",\"position\":1,\"name\":\"Home\",\"item\":\"https:\/\/www.ankarsrum.com\/dk\/\"},{\"@type\":\"ListItem\",\"position\":2,\"name\":\"Produce name\",\"item\":\"https:\/\/www.ankarsrum.com\/dk\/shop\/\"},{\"@type\":\"ListItem\",\"position\":3,\"name\":\"Ismaskine\"}]},{\"@type\":\"WebSite\",\"@id\":\"https:\/\/www.ankarsrum.com\/dk\/#website\",\"url\":\"https:\/\/www.ankarsrum.com\/dk\/\",\"name\":\"Ankarsrum Denmark\",\"description\":\"The bread of the world\",\"potentialAction\":[{\"@type\":\"SearchAction\",\"target\":{\"@type\":\"EntryPoint\",\"urlTemplate\":\"https:\/\/www.ankarsrum.com\/dk\/?s={search_term_string}\"},\"query-input\":{\"@type\":\"PropertyValueSpecification\",\"valueRequired\":true,\"valueName\":\"search_term_string\"}}],\"inLanguage\":\"da-DK\"}]}<\/script>\n<!-- \/ Yoast SEO Premium plugin. -->","yoast_head_json":{"title":"Ismaskine til Ankarsrum k\u00f8kkenmaskine","description":"Ismaskine til Ankarsrum k\u00f8kkenmaskine. Lav hjemmelavet is og sorbet nemt og hurtigt. Effektiv, holdbar og nem at reng\u00f8re.","robots":{"index":"index","follow":"follow","max-snippet":"max-snippet:-1","max-image-preview":"max-image-preview:large","max-video-preview":"max-video-preview:-1"},"canonical":"https:\/\/www.ankarsrum.com\/dk\/product\/ankarsrum-ismaskine\/","og_locale":"da_DK","og_type":"article","og_title":"Ismaskine","og_description":"Ismaskine til Ankarsrum k\u00f8kkenmaskine. Lav hjemmelavet is og sorbet nemt og hurtigt. Effektiv, holdbar og nem at reng\u00f8re.","og_url":"https:\/\/www.ankarsrum.com\/dk\/product\/ankarsrum-ismaskine\/","og_site_name":"Ankarsrum Denmark","article_modified_time":"2026-05-11T23:41:55+00:00","og_image":[{"width":1200,"height":630,"url":"https:\/\/www.ankarsrum.com\/dk\/wp-content\/uploads\/sites\/19\/2024\/09\/icecreammaker-med-spatel.jpg","type":"image\/jpeg"}],"twitter_card":"summary_large_image","twitter_misc":{"Estimeret l\u00e6setid":"2 minutter"},"schema":{"@context":"https:\/\/schema.org","@graph":[{"@type":"WebPage","@id":"https:\/\/www.ankarsrum.com\/dk\/product\/ankarsrum-ismaskine\/","url":"https:\/\/www.ankarsrum.com\/dk\/product\/ankarsrum-ismaskine\/","name":"Ismaskine til Ankarsrum k\u00f8kkenmaskine","isPartOf":{"@id":"https:\/\/www.ankarsrum.com\/dk\/#website"},"primaryImageOfPage":{"@id":"https:\/\/www.ankarsrum.com\/dk\/product\/ankarsrum-ismaskine\/#primaryimage"},"image":{"@id":"https:\/\/www.ankarsrum.com\/dk\/product\/ankarsrum-ismaskine\/#primaryimage"},"thumbnailUrl":"https:\/\/www.ankarsrum.com\/img-srv\/-mY8YWajt6jCShNth-jQk7ijNmmXK-Bb1dEPzLS55VQ\/resizing_type:auto\/width:0\/height:0\/gravity:sm\/enlarge:1\/ext:webp\/strip_metadata:1\/quality:90\/cachebuster:filesize-135773\/bG9jYWw6Ly8vd3d3LmFua2Fyc3J1bS5jb20vd3AtY29udGVudC91cGxvYWRzL3NpdGVzLzE5LzIwMjQvMDkvaWNlY3JlYW1tYWtlci1tZWQtc3BhdGVsLmpwZw.webp","datePublished":"2024-07-16T09:08:59+00:00","dateModified":"2026-05-11T23:41:55+00:00","description":"Ismaskine til Ankarsrum k\u00f8kkenmaskine. Lav hjemmelavet is og sorbet nemt og hurtigt. Effektiv, holdbar og nem at reng\u00f8re.","breadcrumb":{"@id":"https:\/\/www.ankarsrum.com\/dk\/product\/ankarsrum-ismaskine\/#breadcrumb"},"inLanguage":"da-DK","potentialAction":[{"@type":"ReadAction","target":["https:\/\/www.ankarsrum.com\/dk\/product\/ankarsrum-ismaskine\/"]}]},{"@type":"ImageObject","inLanguage":"da-DK","@id":"https:\/\/www.ankarsrum.com\/dk\/product\/ankarsrum-ismaskine\/#primaryimage","url":"https:\/\/www.ankarsrum.com\/img-srv\/-mY8YWajt6jCShNth-jQk7ijNmmXK-Bb1dEPzLS55VQ\/resizing_type:auto\/width:0\/height:0\/gravity:sm\/enlarge:1\/ext:webp\/strip_metadata:1\/quality:90\/cachebuster:filesize-135773\/bG9jYWw6Ly8vd3d3LmFua2Fyc3J1bS5jb20vd3AtY29udGVudC91cGxvYWRzL3NpdGVzLzE5LzIwMjQvMDkvaWNlY3JlYW1tYWtlci1tZWQtc3BhdGVsLmpwZw.webp","contentUrl":"https:\/\/www.ankarsrum.com\/img-srv\/-mY8YWajt6jCShNth-jQk7ijNmmXK-Bb1dEPzLS55VQ\/resizing_type:auto\/width:0\/height:0\/gravity:sm\/enlarge:1\/ext:webp\/strip_metadata:1\/quality:90\/cachebuster:filesize-135773\/bG9jYWw6Ly8vd3d3LmFua2Fyc3J1bS5jb20vd3AtY29udGVudC91cGxvYWRzL3NpdGVzLzE5LzIwMjQvMDkvaWNlY3JlYW1tYWtlci1tZWQtc3BhdGVsLmpwZw.webp","width":2000,"height":2000},{"@type":"BreadcrumbList","@id":"https:\/\/www.ankarsrum.com\/dk\/product\/ankarsrum-ismaskine\/#breadcrumb","itemListElement":[{"@type":"ListItem","position":1,"name":"Home","item":"https:\/\/www.ankarsrum.com\/dk\/"},{"@type":"ListItem","position":2,"name":"Produce name","item":"https:\/\/www.ankarsrum.com\/dk\/shop\/"},{"@type":"ListItem","position":3,"name":"Ismaskine"}]},{"@type":"WebSite","@id":"https:\/\/www.ankarsrum.com\/dk\/#website","url":"https:\/\/www.ankarsrum.com\/dk\/","name":"Ankarsrum Denmark","description":"The bread of the world","potentialAction":[{"@type":"SearchAction","target":{"@type":"EntryPoint","urlTemplate":"https:\/\/www.ankarsrum.com\/dk\/?s={search_term_string}"},"query-input":{"@type":"PropertyValueSpecification","valueRequired":true,"valueName":"search_term_string"}}],"inLanguage":"da-DK"}]}},"_links":{"self":[{"href":"https:\/\/www.ankarsrum.com\/dk\/wp-json\/wp\/v2\/product\/14031","targetHints":{"allow":["GET"]}}],"collection":[{"href":"https:\/\/www.ankarsrum.com\/dk\/wp-json\/wp\/v2\/product"}],"about":[{"href":"https:\/\/www.ankarsrum.com\/dk\/wp-json\/wp\/v2\/types\/product"}],"replies":[{"embeddable":true,"href":"https:\/\/www.ankarsrum.com\/dk\/wp-json\/wp\/v2\/comments?post=14031"}],"wp:featuredmedia":[{"embeddable":true,"href":"https:\/\/www.ankarsrum.com\/dk\/wp-json\/wp\/v2\/media\/13872"}],"wp:attachment":[{"href":"https:\/\/www.ankarsrum.com\/dk\/wp-json\/wp\/v2\/media?parent=14031"}],"wp:term":[{"taxonomy":"product_brand","embeddable":true,"href":"https:\/\/www.ankarsrum.com\/dk\/wp-json\/wp\/v2\/product_brand?post=14031"},{"taxonomy":"product_cat","embeddable":true,"href":"https:\/\/www.ankarsrum.com\/dk\/wp-json\/wp\/v2\/product_cat?post=14031"},{"taxonomy":"product_tag","embeddable":true,"href":"https:\/\/www.ankarsrum.com\/dk\/wp-json\/wp\/v2\/product_tag?post=14031"},{"taxonomy":"product-tag","embeddable":true,"href":"https:\/\/www.ankarsrum.com\/dk\/wp-json\/wp\/v2\/product-tag?post=14031"},{"taxonomy":"machines","embeddable":true,"href":"https:\/\/www.ankarsrum.com\/dk\/wp-json\/wp\/v2\/machines?post=14031"},{"taxonomy":"filter","embeddable":true,"href":"https:\/\/www.ankarsrum.com\/dk\/wp-json\/wp\/v2\/filter?post=14031"}],"curies":[{"name":"wp","href":"https:\/\/api.w.org\/{rel}","templated":true}]}}