{"id":16177,"date":"2024-07-16T09:00:53","date_gmt":"2024-07-16T07:00:53","guid":{"rendered":"https:\/\/www.ankarsrum.com\/dk\/product\/koedhakker-komplet-2\/"},"modified":"2026-04-28T00:31:50","modified_gmt":"2026-04-27T22:31:50","slug":"koedhakker-komplet-2","status":"publish","type":"product","link":"https:\/\/www.ankarsrum.com\/dk\/product\/koedhakker-komplet-2\/","title":{"rendered":"K\u00f8dhakker Komplet"},"content":{"rendered":"<p>Med Ankarsrums K\u00f8dhakkerpakke Komplet f\u00e5r du alt, hvad du beh\u00f8ver for at tage din madlavning til n\u00e6ste niveau. Udover k\u00f8dhakkeren f\u00e5r du fem stykker tilbeh\u00f8r, som du nemt kan montere p\u00e5 din k\u00f8dhakker, hvilket g\u00f8r den endnu mere alsidig. Hak dit eget k\u00f8d, lav hjemmelavede p\u00f8lser, pur\u00e9r frugt til marmelade og pur\u00e9er, riv parmesan eller n\u00f8dder. Alt dette med en og samme k\u00f8dhakker!<\/p>\n<p><strong>K\u00f8dhakker med hulskiver &amp; p\u00f8lsehorn <\/strong>\u2013 Kv\u00e6rn k\u00f8d til hakkek\u00f8d, form dine egne p\u00f8lser eller lav vegetariske alternativer som falafel og kik\u00e6rtefars.<br \/><strong>Pur\u00e9presser<\/strong> \u2013 Perfekt til at lave glatte pur\u00e9er, babymad, syltet\u00f8j og marmelade.<br \/><strong>Rivejern<\/strong> \u2013 Riv alt fra parmesan og chokolade til n\u00f8dder.<\/p>\n<p>Med K\u00f8dhakkerpakke Komplet f\u00e5r du flere muligheder i k\u00f8kkenet \u2013 perfekt til b\u00e5de hverdagsmad og velsmagende festm\u00e5ltider. Takket v\u00e6re de medf\u00f8lgende hulskiver kan du justere st\u00f8rrelsen efter behov &#8211; fra finthakket k\u00f8d til grovere formaling. En uundv\u00e6rlig pakke til dem, der \u00f8nsker flere muligheder i k\u00f8kkenet!<\/p>\n<p><strong>K\u00f8dhakkeren passer til alle modeller af Assistent Original N1-N30<br \/>Pur\u00e9presseren, p\u00f8lsehornet, rivejernet er monteret p\u00e5 k\u00f8dhakkeren og er kompatible med k\u00f8dkv\u00e6rnen model 10. Kv\u00e6rnmodellen st\u00e5r p\u00e5 den 4-bladede kniv og er m\u00e6rket med&#34;10&#34;.<\/strong><\/p>\n<p>Hvad er inkluderet?<\/p>\n<ul>\n<li>K\u00f8dhakker: K\u00f8dhakkerhus og fremtr\u00e6ksvalse, 4-bladet kniv, f\u00f8deplade, nedstopper, st\u00e6nksk\u00e6rm til k\u00f8dhakker.<\/li>\n<li>4 Hulskiver: 2,5\/4,5\/6\/8 mm.<\/li>\n<li>Tre p\u00f8lsehorn: 10\/20\/25 mm.<\/li>\n<li>Pur\u00e9presser: Passerrulle, ventil, genneml\u00f8bsr\u00f8r, justeringsknap og genneml\u00f8bsskakt.<\/li>\n<li>Rivejern: Makuleringscylinder og makuleringsvalse.<\/li>\n<\/ul>","protected":false},"excerpt":{"rendered":"<p>F\u00e5 mest muligt ud af din Ankarsrum Assistent Original med k\u00f8dhakkerpakken Komplet! En komplet pakke med en k\u00f8dhakker og fem praktiske tilbeh\u00f8r, der giver dig mulighed for at hakke, pur\u00e9re og rive \u2013 hurtigt, smidigt og med fuld kontrol over dine ingredienser. Perfekt til dem, der vil lave mad fra bunden.<\/p>\n","protected":false},"featured_media":16174,"comment_status":"open","ping_status":"closed","template":"","meta":{"_acf_changed":false,"content-type":"","editor_notices":[]},"product_brand":[],"product_cat":[453],"product_tag":[],"product-tag":[],"machines":[],"filter":[],"class_list":{"0":"post-16177","1":"product","2":"type-product","3":"status-publish","4":"has-post-thumbnail","6":"product_cat-ankarsrum-tilbehoer","8":"first","9":"instock","10":"taxable","11":"shipping-taxable","12":"purchasable","13":"product-type-simple"},"bundled_by":[],"bundle_stock_status":"instock","bundle_stock_quantity":null,"bundle_virtual":false,"bundle_layout":"","bundle_add_to_cart_form_location":"","bundle_editable_in_cart":false,"bundle_sold_individually_context":"","bundle_item_grouping":"","bundle_min_size":"","bundle_max_size":"","bundle_price":[],"bundled_items":[],"bundle_sell_ids":[],"acf":[],"yoast_head":"<!-- This site is optimized with the Yoast SEO Premium plugin v26.6 (Yoast SEO v26.6) - https:\/\/yoast.com\/wordpress\/plugins\/seo\/ -->\n<title>K\u00f8dhakker komplet \u2013 tilbeh\u00f8rspakke til Ankarsrum<\/title>\n<meta name=\"description\" content=\"Oppdag K\u00f8dhakker Komplet-pakken fra Ankarsrum for Assistent Original \u2013 komplett sett med kj\u00f8ttkvern, p\u00f8lsehorn, hulskiver og mer tilbeh\u00f8r for proffresultat.\" \/>\n<meta name=\"robots\" content=\"index, follow, max-snippet:-1, max-image-preview:large, max-video-preview:-1\" \/>\n<link rel=\"canonical\" href=\"https:\/\/www.ankarsrum.com\/dk\/product\/koedhakker-komplet-2\/\" \/>\n<meta property=\"og:locale\" content=\"da_DK\" \/>\n<meta property=\"og:type\" content=\"article\" \/>\n<meta property=\"og:title\" content=\"K\u00f8dhakker Komplet\" \/>\n<meta property=\"og:description\" content=\"Oppdag K\u00f8dhakker Komplet-pakken fra Ankarsrum for Assistent Original \u2013 komplett sett med kj\u00f8ttkvern, p\u00f8lsehorn, hulskiver og mer tilbeh\u00f8r for proffresultat.\" \/>\n<meta property=\"og:url\" content=\"https:\/\/www.ankarsrum.com\/dk\/product\/koedhakker-komplet-2\/\" \/>\n<meta property=\"og:site_name\" content=\"Ankarsrum Denmark\" \/>\n<meta property=\"article:modified_time\" content=\"2026-04-27T22:31:50+00:00\" \/>\n<meta property=\"og:image\" content=\"https:\/\/www.ankarsrum.com\/dk\/wp-content\/uploads\/sites\/19\/2025\/06\/mincer-complete-920900086-scaled.jpg\" \/>\n\t<meta property=\"og:image:width\" content=\"1200\" \/>\n\t<meta property=\"og:image:height\" content=\"630\" \/>\n\t<meta property=\"og:image:type\" content=\"image\/jpeg\" \/>\n<meta name=\"twitter:card\" content=\"summary_large_image\" \/>\n<meta name=\"twitter:label1\" content=\"Estimeret l\u00e6setid\" \/>\n\t<meta name=\"twitter:data1\" content=\"2 minutter\" \/>\n<script type=\"application\/ld+json\" class=\"yoast-schema-graph\">{\"@context\":\"https:\/\/schema.org\",\"@graph\":[{\"@type\":\"WebPage\",\"@id\":\"https:\/\/www.ankarsrum.com\/dk\/product\/koedhakker-komplet-2\/\",\"url\":\"https:\/\/www.ankarsrum.com\/dk\/product\/koedhakker-komplet-2\/\",\"name\":\"K\u00f8dhakker komplet \u2013 tilbeh\u00f8rspakke til Ankarsrum\",\"isPartOf\":{\"@id\":\"https:\/\/www.ankarsrum.com\/dk\/#website\"},\"primaryImageOfPage\":{\"@id\":\"https:\/\/www.ankarsrum.com\/dk\/product\/koedhakker-komplet-2\/#primaryimage\"},\"image\":{\"@id\":\"https:\/\/www.ankarsrum.com\/dk\/product\/koedhakker-komplet-2\/#primaryimage\"},\"thumbnailUrl\":\"https:\/\/www.ankarsrum.com\/img-srv\/g8zLZBCnX8pXyrswBzVGNV3MOQUs3C7OywHL1SwmEn4\/resizing_type:auto\/width:0\/height:0\/gravity:sm\/enlarge:1\/ext:webp\/strip_metadata:1\/quality:90\/cachebuster:filesize-325716\/bG9jYWw6Ly8vd3d3LmFua2Fyc3J1bS5jb20vd3AtY29udGVudC91cGxvYWRzL3NpdGVzLzE5LzIwMjUvMDYvbWluY2VyLWNvbXBsZXRlLTkyMDkwMDA4Ni1zY2FsZWQuanBn.webp\",\"datePublished\":\"2024-07-16T07:00:53+00:00\",\"dateModified\":\"2026-04-27T22:31:50+00:00\",\"description\":\"Oppdag K\u00f8dhakker Komplet-pakken fra Ankarsrum for Assistent Original \u2013 komplett sett med kj\u00f8ttkvern, p\u00f8lsehorn, hulskiver og mer tilbeh\u00f8r for proffresultat.\",\"breadcrumb\":{\"@id\":\"https:\/\/www.ankarsrum.com\/dk\/product\/koedhakker-komplet-2\/#breadcrumb\"},\"inLanguage\":\"da-DK\",\"potentialAction\":[{\"@type\":\"ReadAction\",\"target\":[\"https:\/\/www.ankarsrum.com\/dk\/product\/koedhakker-komplet-2\/\"]}]},{\"@type\":\"ImageObject\",\"inLanguage\":\"da-DK\",\"@id\":\"https:\/\/www.ankarsrum.com\/dk\/product\/koedhakker-komplet-2\/#primaryimage\",\"url\":\"https:\/\/www.ankarsrum.com\/img-srv\/g8zLZBCnX8pXyrswBzVGNV3MOQUs3C7OywHL1SwmEn4\/resizing_type:auto\/width:0\/height:0\/gravity:sm\/enlarge:1\/ext:webp\/strip_metadata:1\/quality:90\/cachebuster:filesize-325716\/bG9jYWw6Ly8vd3d3LmFua2Fyc3J1bS5jb20vd3AtY29udGVudC91cGxvYWRzL3NpdGVzLzE5LzIwMjUvMDYvbWluY2VyLWNvbXBsZXRlLTkyMDkwMDA4Ni1zY2FsZWQuanBn.webp\",\"contentUrl\":\"https:\/\/www.ankarsrum.com\/img-srv\/g8zLZBCnX8pXyrswBzVGNV3MOQUs3C7OywHL1SwmEn4\/resizing_type:auto\/width:0\/height:0\/gravity:sm\/enlarge:1\/ext:webp\/strip_metadata:1\/quality:90\/cachebuster:filesize-325716\/bG9jYWw6Ly8vd3d3LmFua2Fyc3J1bS5jb20vd3AtY29udGVudC91cGxvYWRzL3NpdGVzLzE5LzIwMjUvMDYvbWluY2VyLWNvbXBsZXRlLTkyMDkwMDA4Ni1zY2FsZWQuanBn.webp\",\"width\":2560,\"height\":2315},{\"@type\":\"BreadcrumbList\",\"@id\":\"https:\/\/www.ankarsrum.com\/dk\/product\/koedhakker-komplet-2\/#breadcrumb\",\"itemListElement\":[{\"@type\":\"ListItem\",\"position\":1,\"name\":\"Home\",\"item\":\"https:\/\/www.ankarsrum.com\/dk\/\"},{\"@type\":\"ListItem\",\"position\":2,\"name\":\"Produce name\",\"item\":\"https:\/\/www.ankarsrum.com\/dk\/shop\/\"},{\"@type\":\"ListItem\",\"position\":3,\"name\":\"K\u00f8dhakker Komplet\"}]},{\"@type\":\"WebSite\",\"@id\":\"https:\/\/www.ankarsrum.com\/dk\/#website\",\"url\":\"https:\/\/www.ankarsrum.com\/dk\/\",\"name\":\"Ankarsrum Denmark\",\"description\":\"The bread of the world\",\"potentialAction\":[{\"@type\":\"SearchAction\",\"target\":{\"@type\":\"EntryPoint\",\"urlTemplate\":\"https:\/\/www.ankarsrum.com\/dk\/?s={search_term_string}\"},\"query-input\":{\"@type\":\"PropertyValueSpecification\",\"valueRequired\":true,\"valueName\":\"search_term_string\"}}],\"inLanguage\":\"da-DK\"}]}<\/script>\n<!-- \/ Yoast SEO Premium plugin. -->","yoast_head_json":{"title":"K\u00f8dhakker komplet \u2013 tilbeh\u00f8rspakke til Ankarsrum","description":"Oppdag K\u00f8dhakker Komplet-pakken fra Ankarsrum for Assistent Original \u2013 komplett sett med kj\u00f8ttkvern, p\u00f8lsehorn, hulskiver og mer tilbeh\u00f8r for proffresultat.","robots":{"index":"index","follow":"follow","max-snippet":"max-snippet:-1","max-image-preview":"max-image-preview:large","max-video-preview":"max-video-preview:-1"},"canonical":"https:\/\/www.ankarsrum.com\/dk\/product\/koedhakker-komplet-2\/","og_locale":"da_DK","og_type":"article","og_title":"K\u00f8dhakker Komplet","og_description":"Oppdag K\u00f8dhakker Komplet-pakken fra Ankarsrum for Assistent Original \u2013 komplett sett med kj\u00f8ttkvern, p\u00f8lsehorn, hulskiver og mer tilbeh\u00f8r for proffresultat.","og_url":"https:\/\/www.ankarsrum.com\/dk\/product\/koedhakker-komplet-2\/","og_site_name":"Ankarsrum Denmark","article_modified_time":"2026-04-27T22:31:50+00:00","og_image":[{"width":1200,"height":630,"url":"https:\/\/www.ankarsrum.com\/dk\/wp-content\/uploads\/sites\/19\/2025\/06\/mincer-complete-920900086-scaled.jpg","type":"image\/jpeg"}],"twitter_card":"summary_large_image","twitter_misc":{"Estimeret l\u00e6setid":"2 minutter"},"schema":{"@context":"https:\/\/schema.org","@graph":[{"@type":"WebPage","@id":"https:\/\/www.ankarsrum.com\/dk\/product\/koedhakker-komplet-2\/","url":"https:\/\/www.ankarsrum.com\/dk\/product\/koedhakker-komplet-2\/","name":"K\u00f8dhakker komplet \u2013 tilbeh\u00f8rspakke til Ankarsrum","isPartOf":{"@id":"https:\/\/www.ankarsrum.com\/dk\/#website"},"primaryImageOfPage":{"@id":"https:\/\/www.ankarsrum.com\/dk\/product\/koedhakker-komplet-2\/#primaryimage"},"image":{"@id":"https:\/\/www.ankarsrum.com\/dk\/product\/koedhakker-komplet-2\/#primaryimage"},"thumbnailUrl":"https:\/\/www.ankarsrum.com\/img-srv\/g8zLZBCnX8pXyrswBzVGNV3MOQUs3C7OywHL1SwmEn4\/resizing_type:auto\/width:0\/height:0\/gravity:sm\/enlarge:1\/ext:webp\/strip_metadata:1\/quality:90\/cachebuster:filesize-325716\/bG9jYWw6Ly8vd3d3LmFua2Fyc3J1bS5jb20vd3AtY29udGVudC91cGxvYWRzL3NpdGVzLzE5LzIwMjUvMDYvbWluY2VyLWNvbXBsZXRlLTkyMDkwMDA4Ni1zY2FsZWQuanBn.webp","datePublished":"2024-07-16T07:00:53+00:00","dateModified":"2026-04-27T22:31:50+00:00","description":"Oppdag K\u00f8dhakker Komplet-pakken fra Ankarsrum for Assistent Original \u2013 komplett sett med kj\u00f8ttkvern, p\u00f8lsehorn, hulskiver og mer tilbeh\u00f8r for proffresultat.","breadcrumb":{"@id":"https:\/\/www.ankarsrum.com\/dk\/product\/koedhakker-komplet-2\/#breadcrumb"},"inLanguage":"da-DK","potentialAction":[{"@type":"ReadAction","target":["https:\/\/www.ankarsrum.com\/dk\/product\/koedhakker-komplet-2\/"]}]},{"@type":"ImageObject","inLanguage":"da-DK","@id":"https:\/\/www.ankarsrum.com\/dk\/product\/koedhakker-komplet-2\/#primaryimage","url":"https:\/\/www.ankarsrum.com\/img-srv\/g8zLZBCnX8pXyrswBzVGNV3MOQUs3C7OywHL1SwmEn4\/resizing_type:auto\/width:0\/height:0\/gravity:sm\/enlarge:1\/ext:webp\/strip_metadata:1\/quality:90\/cachebuster:filesize-325716\/bG9jYWw6Ly8vd3d3LmFua2Fyc3J1bS5jb20vd3AtY29udGVudC91cGxvYWRzL3NpdGVzLzE5LzIwMjUvMDYvbWluY2VyLWNvbXBsZXRlLTkyMDkwMDA4Ni1zY2FsZWQuanBn.webp","contentUrl":"https:\/\/www.ankarsrum.com\/img-srv\/g8zLZBCnX8pXyrswBzVGNV3MOQUs3C7OywHL1SwmEn4\/resizing_type:auto\/width:0\/height:0\/gravity:sm\/enlarge:1\/ext:webp\/strip_metadata:1\/quality:90\/cachebuster:filesize-325716\/bG9jYWw6Ly8vd3d3LmFua2Fyc3J1bS5jb20vd3AtY29udGVudC91cGxvYWRzL3NpdGVzLzE5LzIwMjUvMDYvbWluY2VyLWNvbXBsZXRlLTkyMDkwMDA4Ni1zY2FsZWQuanBn.webp","width":2560,"height":2315},{"@type":"BreadcrumbList","@id":"https:\/\/www.ankarsrum.com\/dk\/product\/koedhakker-komplet-2\/#breadcrumb","itemListElement":[{"@type":"ListItem","position":1,"name":"Home","item":"https:\/\/www.ankarsrum.com\/dk\/"},{"@type":"ListItem","position":2,"name":"Produce name","item":"https:\/\/www.ankarsrum.com\/dk\/shop\/"},{"@type":"ListItem","position":3,"name":"K\u00f8dhakker Komplet"}]},{"@type":"WebSite","@id":"https:\/\/www.ankarsrum.com\/dk\/#website","url":"https:\/\/www.ankarsrum.com\/dk\/","name":"Ankarsrum Denmark","description":"The bread of the world","potentialAction":[{"@type":"SearchAction","target":{"@type":"EntryPoint","urlTemplate":"https:\/\/www.ankarsrum.com\/dk\/?s={search_term_string}"},"query-input":{"@type":"PropertyValueSpecification","valueRequired":true,"valueName":"search_term_string"}}],"inLanguage":"da-DK"}]}},"_links":{"self":[{"href":"https:\/\/www.ankarsrum.com\/dk\/wp-json\/wp\/v2\/product\/16177","targetHints":{"allow":["GET"]}}],"collection":[{"href":"https:\/\/www.ankarsrum.com\/dk\/wp-json\/wp\/v2\/product"}],"about":[{"href":"https:\/\/www.ankarsrum.com\/dk\/wp-json\/wp\/v2\/types\/product"}],"replies":[{"embeddable":true,"href":"https:\/\/www.ankarsrum.com\/dk\/wp-json\/wp\/v2\/comments?post=16177"}],"wp:featuredmedia":[{"embeddable":true,"href":"https:\/\/www.ankarsrum.com\/dk\/wp-json\/wp\/v2\/media\/16174"}],"wp:attachment":[{"href":"https:\/\/www.ankarsrum.com\/dk\/wp-json\/wp\/v2\/media?parent=16177"}],"wp:term":[{"taxonomy":"product_brand","embeddable":true,"href":"https:\/\/www.ankarsrum.com\/dk\/wp-json\/wp\/v2\/product_brand?post=16177"},{"taxonomy":"product_cat","embeddable":true,"href":"https:\/\/www.ankarsrum.com\/dk\/wp-json\/wp\/v2\/product_cat?post=16177"},{"taxonomy":"product_tag","embeddable":true,"href":"https:\/\/www.ankarsrum.com\/dk\/wp-json\/wp\/v2\/product_tag?post=16177"},{"taxonomy":"product-tag","embeddable":true,"href":"https:\/\/www.ankarsrum.com\/dk\/wp-json\/wp\/v2\/product-tag?post=16177"},{"taxonomy":"machines","embeddable":true,"href":"https:\/\/www.ankarsrum.com\/dk\/wp-json\/wp\/v2\/machines?post=16177"},{"taxonomy":"filter","embeddable":true,"href":"https:\/\/www.ankarsrum.com\/dk\/wp-json\/wp\/v2\/filter?post=16177"}],"curies":[{"name":"wp","href":"https:\/\/api.w.org\/{rel}","templated":true}]}}