{"id":16999,"date":"2025-06-27T14:34:14","date_gmt":"2025-06-27T12:34:14","guid":{"rendered":"https:\/\/www.ankarsrum.com\/dk\/product\/de-luxe-pakken\/"},"modified":"2026-05-09T01:26:54","modified_gmt":"2026-05-08T23:26:54","slug":"de-luxe-pakken","status":"publish","type":"product","link":"https:\/\/www.ankarsrum.com\/dk\/product\/de-luxe-pakken\/","title":{"rendered":"De Luxe pakken"},"content":{"rendered":"<p>Vores store tilbeh\u00f8rspakke er perfekt til dig, der \u00f8nsker at f\u00e5 endnu mere ud af din Ankarsrum Assistent Original. Med Deluxe-tilbeh\u00f8rspakke f\u00e5r du 6 af vores mest popul\u00e6re tilbeh\u00f8rsdele \u2013 alt hvad du beh\u00f8ver for at tage din madlavning til n\u00e6ste niveau. Hak dit eget k\u00f8d, lav din egen p\u00f8lse, pres frisk juice, blend smoothies, riv\u00a0parmesan eller pur\u00e9r frugt til marmelade og pur\u00e9. Med denne pakke f\u00e5r du flere muligheder i k\u00f8kkenet og kan skabe det meste fra bunden.<\/p>\n<p><strong>K\u00f8dhakker med hulskiver &amp; p\u00f8lsehorn<\/strong> \u2013 Hak k\u00f8d til hakkek\u00f8d, form dine egne p\u00f8lser eller lav vegetariske alternativer som falafel og kik\u00e6rtefars.<br \/><strong>Pur\u00e9presser <\/strong>\u2013 Perfekt til at lave glatte pur\u00e9er, babymad, syltet\u00f8j og marmelade.<br \/><strong>Rivejern <\/strong>\u2013 Riv alt fra parmesan og chokolade til n\u00f8dder og kartofler.<br \/><strong>Citruspresser <\/strong>\u2013 Pres frisk juice fra appelsin, lime, citron og grapefrugt.<br \/><strong>Blender med Tamper <\/strong>\u2013 Blend smoothies, knus b\u00e6r og lav cremede saucer og blandinger.<\/p>\n<p>Med Deluxe-pakken kan du lave alt fra morgenmadssmoothies til hjemmelavet aftensmad \u2013 hurtigt, nemt og helt p\u00e5 dine pr\u00e6misser.<\/p>\n<p><strong>K\u00f8dhakkeren passer til alle modeller af Assistent Original N1-N30<\/strong><br \/><strong>Pur\u00e9presseren, P\u00f8lsehornene og Rivejernet monteres p\u00e5 k\u00f8dhakkeren og er kompatible med k\u00f8dhakker model 10.<\/strong><br \/><strong>Citruspresseren passer til alle modeller af Assistent Original N1-N30<\/strong><br \/><strong>Blenderkanden passer til alle modeller af Assistent Original N24-N30<\/strong><\/p>\n<p>Hvad er inkluderet?<\/p>\n<ul>\n<li>K\u00f8dhakker: K\u00f8dhakkerhus med fremtr\u00e6ksvalse, 4-bladet kniv, f\u00f8deplade, nedstopper, st\u00e6nksk\u00e6rm , 4 hulskiver: 2,5\/4,5\/6\/8 mm<\/li>\n<li>Tre p\u00f8lsehorn: 10\/20\/25 mm<\/li>\n<li>Purepresser: Passervalse, ventil, genneml\u00f8bsr\u00f8r, justeringsknap og genneml\u00f8bsskakt<\/li>\n<li>Rivejern: Makuleringscylinder og makuleringsvalse<\/li>\n<li>Citruspresser: Gennemsigtig beholder og hvid Citruspresse<\/li>\n<li>Blender med Tamper: Blenderkande, topl\u00e5g, m\u00e5leh\u00e6tte og Tamper<\/li>\n<\/ul>","protected":false},"excerpt":{"rendered":"<p>F\u00e5 mest muligt ud af din Ankarsrum Assistent Original med Deluxe-pakken. En komplet pakke med 6 popul\u00e6re tilbeh\u00f8rsdele, der lader dig hakke, blende, purere, presse og rive \u2013 hurtigt og nemt. Perfekt til dem, der elsker at lave mad fra bunden!<\/p>\n","protected":false},"featured_media":16279,"comment_status":"open","ping_status":"closed","template":"","meta":{"_acf_changed":false,"content-type":"","editor_notices":[]},"product_brand":[],"product_cat":[453],"product_tag":[],"product-tag":[],"machines":[],"filter":[],"class_list":{"0":"post-16999","1":"product","2":"type-product","3":"status-publish","4":"has-post-thumbnail","6":"product_cat-ankarsrum-tilbehoer","8":"first","9":"instock","10":"taxable","11":"shipping-taxable","12":"purchasable","13":"product-type-simple"},"bundled_by":[],"bundle_stock_status":"instock","bundle_stock_quantity":null,"bundle_virtual":false,"bundle_layout":"","bundle_add_to_cart_form_location":"","bundle_editable_in_cart":false,"bundle_sold_individually_context":"","bundle_item_grouping":"","bundle_min_size":"","bundle_max_size":"","bundle_price":[],"bundled_items":[],"bundle_sell_ids":[],"acf":[],"yoast_head":"<!-- This site is optimized with the Yoast SEO Premium plugin v26.6 (Yoast SEO v26.6) - https:\/\/yoast.com\/wordpress\/plugins\/seo\/ -->\n<title>De Luxe pakken til k\u00f8kkenmaskine | Ankarsrum Denmark<\/title>\n<meta name=\"description\" content=\"F\u00e5 mest muligt ud af din Ankarsrum k\u00f8kkenmaskine med De Luxe pakken. Komplet tilbeh\u00f8rspakke til hakning, blending, juicing og purering.\" \/>\n<meta name=\"robots\" content=\"index, follow, max-snippet:-1, max-image-preview:large, max-video-preview:-1\" \/>\n<link rel=\"canonical\" href=\"https:\/\/www.ankarsrum.com\/dk\/product\/de-luxe-pakken\/\" \/>\n<meta property=\"og:locale\" content=\"da_DK\" \/>\n<meta property=\"og:type\" content=\"article\" \/>\n<meta property=\"og:title\" content=\"De Luxe pakken\" \/>\n<meta property=\"og:description\" content=\"F\u00e5 mest muligt ud af din Ankarsrum k\u00f8kkenmaskine med De Luxe pakken. Komplet tilbeh\u00f8rspakke til hakning, blending, juicing og purering.\" \/>\n<meta property=\"og:url\" content=\"https:\/\/www.ankarsrum.com\/dk\/product\/de-luxe-pakken\/\" \/>\n<meta property=\"og:site_name\" content=\"Ankarsrum Denmark\" \/>\n<meta property=\"article:modified_time\" content=\"2026-05-08T23:26:54+00:00\" \/>\n<meta property=\"og:image\" content=\"https:\/\/www.ankarsrum.com\/dk\/wp-content\/uploads\/sites\/19\/2025\/08\/deluxe-package-920900085.png\" \/>\n\t<meta property=\"og:image:width\" content=\"1080\" \/>\n\t<meta property=\"og:image:height\" content=\"630\" \/>\n\t<meta property=\"og:image:type\" content=\"image\/png\" \/>\n<meta name=\"twitter:card\" content=\"summary_large_image\" \/>\n<meta name=\"twitter:label1\" content=\"Estimeret l\u00e6setid\" \/>\n\t<meta name=\"twitter:data1\" content=\"2 minutter\" \/>\n<script type=\"application\/ld+json\" class=\"yoast-schema-graph\">{\"@context\":\"https:\/\/schema.org\",\"@graph\":[{\"@type\":\"WebPage\",\"@id\":\"https:\/\/www.ankarsrum.com\/dk\/product\/de-luxe-pakken\/\",\"url\":\"https:\/\/www.ankarsrum.com\/dk\/product\/de-luxe-pakken\/\",\"name\":\"De Luxe pakken til k\u00f8kkenmaskine | Ankarsrum Denmark\",\"isPartOf\":{\"@id\":\"https:\/\/www.ankarsrum.com\/dk\/#website\"},\"primaryImageOfPage\":{\"@id\":\"https:\/\/www.ankarsrum.com\/dk\/product\/de-luxe-pakken\/#primaryimage\"},\"image\":{\"@id\":\"https:\/\/www.ankarsrum.com\/dk\/product\/de-luxe-pakken\/#primaryimage\"},\"thumbnailUrl\":\"https:\/\/www.ankarsrum.com\/img-srv\/ZghBSiFAQVH4UppJvWUSnKI4vdvwErlmtwwA8bIiqZk\/resizing_type:auto\/width:0\/height:0\/gravity:sm\/enlarge:1\/ext:webp\/strip_metadata:1\/quality:90\/cachebuster:filesize-244783\/bG9jYWw6Ly8vd3d3LmFua2Fyc3J1bS5jb20vd3AtY29udGVudC91cGxvYWRzL3NpdGVzLzE5LzIwMjUvMDgvZGVsdXhlLXBhY2thZ2UtOTIwOTAwMDg1LnBuZw.webp\",\"datePublished\":\"2025-06-27T12:34:14+00:00\",\"dateModified\":\"2026-05-08T23:26:54+00:00\",\"description\":\"F\u00e5 mest muligt ud af din Ankarsrum k\u00f8kkenmaskine med De Luxe pakken. Komplet tilbeh\u00f8rspakke til hakning, blending, juicing og purering.\",\"breadcrumb\":{\"@id\":\"https:\/\/www.ankarsrum.com\/dk\/product\/de-luxe-pakken\/#breadcrumb\"},\"inLanguage\":\"da-DK\",\"potentialAction\":[{\"@type\":\"ReadAction\",\"target\":[\"https:\/\/www.ankarsrum.com\/dk\/product\/de-luxe-pakken\/\"]}]},{\"@type\":\"ImageObject\",\"inLanguage\":\"da-DK\",\"@id\":\"https:\/\/www.ankarsrum.com\/dk\/product\/de-luxe-pakken\/#primaryimage\",\"url\":\"https:\/\/www.ankarsrum.com\/img-srv\/ZghBSiFAQVH4UppJvWUSnKI4vdvwErlmtwwA8bIiqZk\/resizing_type:auto\/width:0\/height:0\/gravity:sm\/enlarge:1\/ext:webp\/strip_metadata:1\/quality:90\/cachebuster:filesize-244783\/bG9jYWw6Ly8vd3d3LmFua2Fyc3J1bS5jb20vd3AtY29udGVudC91cGxvYWRzL3NpdGVzLzE5LzIwMjUvMDgvZGVsdXhlLXBhY2thZ2UtOTIwOTAwMDg1LnBuZw.webp\",\"contentUrl\":\"https:\/\/www.ankarsrum.com\/img-srv\/ZghBSiFAQVH4UppJvWUSnKI4vdvwErlmtwwA8bIiqZk\/resizing_type:auto\/width:0\/height:0\/gravity:sm\/enlarge:1\/ext:webp\/strip_metadata:1\/quality:90\/cachebuster:filesize-244783\/bG9jYWw6Ly8vd3d3LmFua2Fyc3J1bS5jb20vd3AtY29udGVudC91cGxvYWRzL3NpdGVzLzE5LzIwMjUvMDgvZGVsdXhlLXBhY2thZ2UtOTIwOTAwMDg1LnBuZw.webp\",\"width\":1080,\"height\":1080},{\"@type\":\"BreadcrumbList\",\"@id\":\"https:\/\/www.ankarsrum.com\/dk\/product\/de-luxe-pakken\/#breadcrumb\",\"itemListElement\":[{\"@type\":\"ListItem\",\"position\":1,\"name\":\"Home\",\"item\":\"https:\/\/www.ankarsrum.com\/dk\/\"},{\"@type\":\"ListItem\",\"position\":2,\"name\":\"Produce name\",\"item\":\"https:\/\/www.ankarsrum.com\/dk\/shop\/\"},{\"@type\":\"ListItem\",\"position\":3,\"name\":\"De Luxe pakken\"}]},{\"@type\":\"WebSite\",\"@id\":\"https:\/\/www.ankarsrum.com\/dk\/#website\",\"url\":\"https:\/\/www.ankarsrum.com\/dk\/\",\"name\":\"Ankarsrum Denmark\",\"description\":\"The bread of the world\",\"potentialAction\":[{\"@type\":\"SearchAction\",\"target\":{\"@type\":\"EntryPoint\",\"urlTemplate\":\"https:\/\/www.ankarsrum.com\/dk\/?s={search_term_string}\"},\"query-input\":{\"@type\":\"PropertyValueSpecification\",\"valueRequired\":true,\"valueName\":\"search_term_string\"}}],\"inLanguage\":\"da-DK\"}]}<\/script>\n<!-- \/ Yoast SEO Premium plugin. -->","yoast_head_json":{"title":"De Luxe pakken til k\u00f8kkenmaskine | Ankarsrum Denmark","description":"F\u00e5 mest muligt ud af din Ankarsrum k\u00f8kkenmaskine med De Luxe pakken. Komplet tilbeh\u00f8rspakke til hakning, blending, juicing og purering.","robots":{"index":"index","follow":"follow","max-snippet":"max-snippet:-1","max-image-preview":"max-image-preview:large","max-video-preview":"max-video-preview:-1"},"canonical":"https:\/\/www.ankarsrum.com\/dk\/product\/de-luxe-pakken\/","og_locale":"da_DK","og_type":"article","og_title":"De Luxe pakken","og_description":"F\u00e5 mest muligt ud af din Ankarsrum k\u00f8kkenmaskine med De Luxe pakken. Komplet tilbeh\u00f8rspakke til hakning, blending, juicing og purering.","og_url":"https:\/\/www.ankarsrum.com\/dk\/product\/de-luxe-pakken\/","og_site_name":"Ankarsrum Denmark","article_modified_time":"2026-05-08T23:26:54+00:00","og_image":[{"width":1080,"height":630,"url":"https:\/\/www.ankarsrum.com\/dk\/wp-content\/uploads\/sites\/19\/2025\/08\/deluxe-package-920900085.png","type":"image\/png"}],"twitter_card":"summary_large_image","twitter_misc":{"Estimeret l\u00e6setid":"2 minutter"},"schema":{"@context":"https:\/\/schema.org","@graph":[{"@type":"WebPage","@id":"https:\/\/www.ankarsrum.com\/dk\/product\/de-luxe-pakken\/","url":"https:\/\/www.ankarsrum.com\/dk\/product\/de-luxe-pakken\/","name":"De Luxe pakken til k\u00f8kkenmaskine | Ankarsrum Denmark","isPartOf":{"@id":"https:\/\/www.ankarsrum.com\/dk\/#website"},"primaryImageOfPage":{"@id":"https:\/\/www.ankarsrum.com\/dk\/product\/de-luxe-pakken\/#primaryimage"},"image":{"@id":"https:\/\/www.ankarsrum.com\/dk\/product\/de-luxe-pakken\/#primaryimage"},"thumbnailUrl":"https:\/\/www.ankarsrum.com\/img-srv\/ZghBSiFAQVH4UppJvWUSnKI4vdvwErlmtwwA8bIiqZk\/resizing_type:auto\/width:0\/height:0\/gravity:sm\/enlarge:1\/ext:webp\/strip_metadata:1\/quality:90\/cachebuster:filesize-244783\/bG9jYWw6Ly8vd3d3LmFua2Fyc3J1bS5jb20vd3AtY29udGVudC91cGxvYWRzL3NpdGVzLzE5LzIwMjUvMDgvZGVsdXhlLXBhY2thZ2UtOTIwOTAwMDg1LnBuZw.webp","datePublished":"2025-06-27T12:34:14+00:00","dateModified":"2026-05-08T23:26:54+00:00","description":"F\u00e5 mest muligt ud af din Ankarsrum k\u00f8kkenmaskine med De Luxe pakken. Komplet tilbeh\u00f8rspakke til hakning, blending, juicing og purering.","breadcrumb":{"@id":"https:\/\/www.ankarsrum.com\/dk\/product\/de-luxe-pakken\/#breadcrumb"},"inLanguage":"da-DK","potentialAction":[{"@type":"ReadAction","target":["https:\/\/www.ankarsrum.com\/dk\/product\/de-luxe-pakken\/"]}]},{"@type":"ImageObject","inLanguage":"da-DK","@id":"https:\/\/www.ankarsrum.com\/dk\/product\/de-luxe-pakken\/#primaryimage","url":"https:\/\/www.ankarsrum.com\/img-srv\/ZghBSiFAQVH4UppJvWUSnKI4vdvwErlmtwwA8bIiqZk\/resizing_type:auto\/width:0\/height:0\/gravity:sm\/enlarge:1\/ext:webp\/strip_metadata:1\/quality:90\/cachebuster:filesize-244783\/bG9jYWw6Ly8vd3d3LmFua2Fyc3J1bS5jb20vd3AtY29udGVudC91cGxvYWRzL3NpdGVzLzE5LzIwMjUvMDgvZGVsdXhlLXBhY2thZ2UtOTIwOTAwMDg1LnBuZw.webp","contentUrl":"https:\/\/www.ankarsrum.com\/img-srv\/ZghBSiFAQVH4UppJvWUSnKI4vdvwErlmtwwA8bIiqZk\/resizing_type:auto\/width:0\/height:0\/gravity:sm\/enlarge:1\/ext:webp\/strip_metadata:1\/quality:90\/cachebuster:filesize-244783\/bG9jYWw6Ly8vd3d3LmFua2Fyc3J1bS5jb20vd3AtY29udGVudC91cGxvYWRzL3NpdGVzLzE5LzIwMjUvMDgvZGVsdXhlLXBhY2thZ2UtOTIwOTAwMDg1LnBuZw.webp","width":1080,"height":1080},{"@type":"BreadcrumbList","@id":"https:\/\/www.ankarsrum.com\/dk\/product\/de-luxe-pakken\/#breadcrumb","itemListElement":[{"@type":"ListItem","position":1,"name":"Home","item":"https:\/\/www.ankarsrum.com\/dk\/"},{"@type":"ListItem","position":2,"name":"Produce name","item":"https:\/\/www.ankarsrum.com\/dk\/shop\/"},{"@type":"ListItem","position":3,"name":"De Luxe pakken"}]},{"@type":"WebSite","@id":"https:\/\/www.ankarsrum.com\/dk\/#website","url":"https:\/\/www.ankarsrum.com\/dk\/","name":"Ankarsrum Denmark","description":"The bread of the world","potentialAction":[{"@type":"SearchAction","target":{"@type":"EntryPoint","urlTemplate":"https:\/\/www.ankarsrum.com\/dk\/?s={search_term_string}"},"query-input":{"@type":"PropertyValueSpecification","valueRequired":true,"valueName":"search_term_string"}}],"inLanguage":"da-DK"}]}},"_links":{"self":[{"href":"https:\/\/www.ankarsrum.com\/dk\/wp-json\/wp\/v2\/product\/16999","targetHints":{"allow":["GET"]}}],"collection":[{"href":"https:\/\/www.ankarsrum.com\/dk\/wp-json\/wp\/v2\/product"}],"about":[{"href":"https:\/\/www.ankarsrum.com\/dk\/wp-json\/wp\/v2\/types\/product"}],"replies":[{"embeddable":true,"href":"https:\/\/www.ankarsrum.com\/dk\/wp-json\/wp\/v2\/comments?post=16999"}],"wp:featuredmedia":[{"embeddable":true,"href":"https:\/\/www.ankarsrum.com\/dk\/wp-json\/wp\/v2\/media\/16279"}],"wp:attachment":[{"href":"https:\/\/www.ankarsrum.com\/dk\/wp-json\/wp\/v2\/media?parent=16999"}],"wp:term":[{"taxonomy":"product_brand","embeddable":true,"href":"https:\/\/www.ankarsrum.com\/dk\/wp-json\/wp\/v2\/product_brand?post=16999"},{"taxonomy":"product_cat","embeddable":true,"href":"https:\/\/www.ankarsrum.com\/dk\/wp-json\/wp\/v2\/product_cat?post=16999"},{"taxonomy":"product_tag","embeddable":true,"href":"https:\/\/www.ankarsrum.com\/dk\/wp-json\/wp\/v2\/product_tag?post=16999"},{"taxonomy":"product-tag","embeddable":true,"href":"https:\/\/www.ankarsrum.com\/dk\/wp-json\/wp\/v2\/product-tag?post=16999"},{"taxonomy":"machines","embeddable":true,"href":"https:\/\/www.ankarsrum.com\/dk\/wp-json\/wp\/v2\/machines?post=16999"},{"taxonomy":"filter","embeddable":true,"href":"https:\/\/www.ankarsrum.com\/dk\/wp-json\/wp\/v2\/filter?post=16999"}],"curies":[{"name":"wp","href":"https:\/\/api.w.org\/{rel}","templated":true}]}}