{"id":5326,"date":"2024-07-16T15:24:49","date_gmt":"2024-07-16T13:24:49","guid":{"rendered":"https:\/\/www.ankarsrum.com\/dk\/product\/bagetilbehoer\/"},"modified":"2026-05-02T00:51:54","modified_gmt":"2026-05-01T22:51:54","slug":"bagetilbehoer","status":"publish","type":"product","link":"https:\/\/www.ankarsrum.com\/dk\/product\/bagetilbehoer\/","title":{"rendered":"Bagetilbeh\u00f8r"},"content":{"rendered":"<p>\u2022 Dejrulle \u2013 en unik m\u00e5de at \u00e6lte dejen p\u00e5. Et Ankarsrum ikon lige fra begyndelsen!<br \/>\u2022 Brug dejrullen med kantskraberen p\u00e5sat for at hj\u00e6lpe med at k\u00f8re dejen ind mod midten af sk\u00e5len.<br \/>\u2022 Dejrullen passer til alle assistent-modeller (N1-N30).<\/p>","protected":false},"excerpt":{"rendered":"<p>Hvilken \u00e9n skal jeg bruge? \u2013 Dejrullen eller dejkrogen? Det er et sp\u00f8rgsm\u00e5l om holdning og smag. Dejrullen \u00e6lter dejen, mens krogen tr\u00e6kker mere i dejen. Dejrullen har h\u00f8rt med til maskinen fra tidernes morgen, mens dejkrogen blev tilf\u00f8jet, da man introducerede Ankarsrum Assistent Original i USA. Vores r\u00e5d er at pr\u00f8ve dig frem og se, hvad du bedst kan lide. Det skal dog siges, at dejkrogen normalt er bedre til st\u00f8rre deje.<\/p>\n","protected":false},"featured_media":13778,"comment_status":"open","ping_status":"closed","template":"","meta":{"_acf_changed":false,"content-type":"","editor_notices":[]},"product_brand":[],"product_cat":[450],"product_tag":[],"product-tag":[],"machines":[255,257,259],"filter":[],"class_list":{"0":"post-5326","1":"product","2":"type-product","3":"status-publish","4":"has-post-thumbnail","6":"product_cat-ankarsrum-assistent-dele","7":"machines-16-n25","8":"machines-17-n28","9":"machines-18-n30","11":"first","12":"instock","13":"taxable","14":"shipping-taxable","15":"purchasable","16":"product-type-simple"},"bundled_by":[],"bundle_stock_status":"instock","bundle_stock_quantity":null,"bundle_virtual":false,"bundle_layout":"","bundle_add_to_cart_form_location":"","bundle_editable_in_cart":false,"bundle_sold_individually_context":"","bundle_item_grouping":"","bundle_min_size":"","bundle_max_size":"","bundle_price":[],"bundled_items":[],"bundle_sell_ids":[],"acf":[],"yoast_head":"<!-- This site is optimized with the Yoast SEO Premium plugin v26.6 (Yoast SEO v26.6) - https:\/\/yoast.com\/wordpress\/plugins\/seo\/ -->\n<title>bagetilbeh\u00f8r \u2013 dejrulle &amp; tilbeh\u00f8r til Ankarsrum<\/title>\n<meta name=\"description\" content=\"Oppdag bagetilbeh\u00f8ret til din Ankarsrum \u2013 inkluderer dejrulle for alle modeller (N-serien) og gj\u00f8r baking enklere og morsommere.\" \/>\n<meta name=\"robots\" content=\"index, follow, max-snippet:-1, max-image-preview:large, max-video-preview:-1\" \/>\n<link rel=\"canonical\" href=\"https:\/\/www.ankarsrum.com\/dk\/product\/bagetilbehoer\/\" \/>\n<meta property=\"og:locale\" content=\"da_DK\" \/>\n<meta property=\"og:type\" content=\"article\" \/>\n<meta property=\"og:title\" content=\"Bagetilbeh\u00f8r\" \/>\n<meta property=\"og:description\" content=\"Oppdag bagetilbeh\u00f8ret til din Ankarsrum \u2013 inkluderer dejrulle for alle modeller (N-serien) og gj\u00f8r baking enklere og morsommere.\" \/>\n<meta property=\"og:url\" content=\"https:\/\/www.ankarsrum.com\/dk\/product\/bagetilbehoer\/\" \/>\n<meta property=\"og:site_name\" content=\"Ankarsrum Denmark\" \/>\n<meta property=\"article:modified_time\" content=\"2026-05-01T22:51:54+00:00\" \/>\n<meta property=\"og:image\" content=\"https:\/\/www.ankarsrum.com\/dk\/wp-content\/uploads\/sites\/19\/2024\/09\/baking-accessories.jpg\" \/>\n\t<meta property=\"og:image:width\" content=\"1200\" \/>\n\t<meta property=\"og:image:height\" content=\"630\" \/>\n\t<meta property=\"og:image:type\" content=\"image\/jpeg\" \/>\n<meta name=\"twitter:card\" content=\"summary_large_image\" \/>\n<meta name=\"twitter:label1\" content=\"Estimeret l\u00e6setid\" \/>\n\t<meta name=\"twitter:data1\" content=\"1 minut\" \/>\n<script type=\"application\/ld+json\" class=\"yoast-schema-graph\">{\"@context\":\"https:\/\/schema.org\",\"@graph\":[{\"@type\":\"WebPage\",\"@id\":\"https:\/\/www.ankarsrum.com\/dk\/product\/bagetilbehoer\/\",\"url\":\"https:\/\/www.ankarsrum.com\/dk\/product\/bagetilbehoer\/\",\"name\":\"bagetilbeh\u00f8r \u2013 dejrulle & tilbeh\u00f8r til Ankarsrum\",\"isPartOf\":{\"@id\":\"https:\/\/www.ankarsrum.com\/dk\/#website\"},\"primaryImageOfPage\":{\"@id\":\"https:\/\/www.ankarsrum.com\/dk\/product\/bagetilbehoer\/#primaryimage\"},\"image\":{\"@id\":\"https:\/\/www.ankarsrum.com\/dk\/product\/bagetilbehoer\/#primaryimage\"},\"thumbnailUrl\":\"https:\/\/www.ankarsrum.com\/img-srv\/iNVeDxPXMzWFofhesVCFYn6mDwDEJ-rg2rAc9z7hNfw\/resizing_type:auto\/width:0\/height:0\/gravity:sm\/enlarge:1\/ext:webp\/strip_metadata:1\/quality:90\/cachebuster:filesize-72237\/bG9jYWw6Ly8vd3d3LmFua2Fyc3J1bS5jb20vd3AtY29udGVudC91cGxvYWRzL3NpdGVzLzE5LzIwMjQvMDkvYmFraW5nLWFjY2Vzc29yaWVzLmpwZw.webp\",\"datePublished\":\"2024-07-16T13:24:49+00:00\",\"dateModified\":\"2026-05-01T22:51:54+00:00\",\"description\":\"Oppdag bagetilbeh\u00f8ret til din Ankarsrum \u2013 inkluderer dejrulle for alle modeller (N-serien) og gj\u00f8r baking enklere og morsommere.\",\"breadcrumb\":{\"@id\":\"https:\/\/www.ankarsrum.com\/dk\/product\/bagetilbehoer\/#breadcrumb\"},\"inLanguage\":\"da-DK\",\"potentialAction\":[{\"@type\":\"ReadAction\",\"target\":[\"https:\/\/www.ankarsrum.com\/dk\/product\/bagetilbehoer\/\"]}]},{\"@type\":\"ImageObject\",\"inLanguage\":\"da-DK\",\"@id\":\"https:\/\/www.ankarsrum.com\/dk\/product\/bagetilbehoer\/#primaryimage\",\"url\":\"https:\/\/www.ankarsrum.com\/img-srv\/iNVeDxPXMzWFofhesVCFYn6mDwDEJ-rg2rAc9z7hNfw\/resizing_type:auto\/width:0\/height:0\/gravity:sm\/enlarge:1\/ext:webp\/strip_metadata:1\/quality:90\/cachebuster:filesize-72237\/bG9jYWw6Ly8vd3d3LmFua2Fyc3J1bS5jb20vd3AtY29udGVudC91cGxvYWRzL3NpdGVzLzE5LzIwMjQvMDkvYmFraW5nLWFjY2Vzc29yaWVzLmpwZw.webp\",\"contentUrl\":\"https:\/\/www.ankarsrum.com\/img-srv\/iNVeDxPXMzWFofhesVCFYn6mDwDEJ-rg2rAc9z7hNfw\/resizing_type:auto\/width:0\/height:0\/gravity:sm\/enlarge:1\/ext:webp\/strip_metadata:1\/quality:90\/cachebuster:filesize-72237\/bG9jYWw6Ly8vd3d3LmFua2Fyc3J1bS5jb20vd3AtY29udGVudC91cGxvYWRzL3NpdGVzLzE5LzIwMjQvMDkvYmFraW5nLWFjY2Vzc29yaWVzLmpwZw.webp\",\"width\":2000,\"height\":2000},{\"@type\":\"BreadcrumbList\",\"@id\":\"https:\/\/www.ankarsrum.com\/dk\/product\/bagetilbehoer\/#breadcrumb\",\"itemListElement\":[{\"@type\":\"ListItem\",\"position\":1,\"name\":\"Home\",\"item\":\"https:\/\/www.ankarsrum.com\/dk\/\"},{\"@type\":\"ListItem\",\"position\":2,\"name\":\"Produce name\",\"item\":\"https:\/\/www.ankarsrum.com\/dk\/shop\/\"},{\"@type\":\"ListItem\",\"position\":3,\"name\":\"Bagetilbeh\u00f8r\"}]},{\"@type\":\"WebSite\",\"@id\":\"https:\/\/www.ankarsrum.com\/dk\/#website\",\"url\":\"https:\/\/www.ankarsrum.com\/dk\/\",\"name\":\"Ankarsrum Denmark\",\"description\":\"The bread of the world\",\"potentialAction\":[{\"@type\":\"SearchAction\",\"target\":{\"@type\":\"EntryPoint\",\"urlTemplate\":\"https:\/\/www.ankarsrum.com\/dk\/?s={search_term_string}\"},\"query-input\":{\"@type\":\"PropertyValueSpecification\",\"valueRequired\":true,\"valueName\":\"search_term_string\"}}],\"inLanguage\":\"da-DK\"}]}<\/script>\n<!-- \/ Yoast SEO Premium plugin. -->","yoast_head_json":{"title":"bagetilbeh\u00f8r \u2013 dejrulle & tilbeh\u00f8r til Ankarsrum","description":"Oppdag bagetilbeh\u00f8ret til din Ankarsrum \u2013 inkluderer dejrulle for alle modeller (N-serien) og gj\u00f8r baking enklere og morsommere.","robots":{"index":"index","follow":"follow","max-snippet":"max-snippet:-1","max-image-preview":"max-image-preview:large","max-video-preview":"max-video-preview:-1"},"canonical":"https:\/\/www.ankarsrum.com\/dk\/product\/bagetilbehoer\/","og_locale":"da_DK","og_type":"article","og_title":"Bagetilbeh\u00f8r","og_description":"Oppdag bagetilbeh\u00f8ret til din Ankarsrum \u2013 inkluderer dejrulle for alle modeller (N-serien) og gj\u00f8r baking enklere og morsommere.","og_url":"https:\/\/www.ankarsrum.com\/dk\/product\/bagetilbehoer\/","og_site_name":"Ankarsrum Denmark","article_modified_time":"2026-05-01T22:51:54+00:00","og_image":[{"width":1200,"height":630,"url":"https:\/\/www.ankarsrum.com\/dk\/wp-content\/uploads\/sites\/19\/2024\/09\/baking-accessories.jpg","type":"image\/jpeg"}],"twitter_card":"summary_large_image","twitter_misc":{"Estimeret l\u00e6setid":"1 minut"},"schema":{"@context":"https:\/\/schema.org","@graph":[{"@type":"WebPage","@id":"https:\/\/www.ankarsrum.com\/dk\/product\/bagetilbehoer\/","url":"https:\/\/www.ankarsrum.com\/dk\/product\/bagetilbehoer\/","name":"bagetilbeh\u00f8r \u2013 dejrulle & tilbeh\u00f8r til Ankarsrum","isPartOf":{"@id":"https:\/\/www.ankarsrum.com\/dk\/#website"},"primaryImageOfPage":{"@id":"https:\/\/www.ankarsrum.com\/dk\/product\/bagetilbehoer\/#primaryimage"},"image":{"@id":"https:\/\/www.ankarsrum.com\/dk\/product\/bagetilbehoer\/#primaryimage"},"thumbnailUrl":"https:\/\/www.ankarsrum.com\/img-srv\/iNVeDxPXMzWFofhesVCFYn6mDwDEJ-rg2rAc9z7hNfw\/resizing_type:auto\/width:0\/height:0\/gravity:sm\/enlarge:1\/ext:webp\/strip_metadata:1\/quality:90\/cachebuster:filesize-72237\/bG9jYWw6Ly8vd3d3LmFua2Fyc3J1bS5jb20vd3AtY29udGVudC91cGxvYWRzL3NpdGVzLzE5LzIwMjQvMDkvYmFraW5nLWFjY2Vzc29yaWVzLmpwZw.webp","datePublished":"2024-07-16T13:24:49+00:00","dateModified":"2026-05-01T22:51:54+00:00","description":"Oppdag bagetilbeh\u00f8ret til din Ankarsrum \u2013 inkluderer dejrulle for alle modeller (N-serien) og gj\u00f8r baking enklere og morsommere.","breadcrumb":{"@id":"https:\/\/www.ankarsrum.com\/dk\/product\/bagetilbehoer\/#breadcrumb"},"inLanguage":"da-DK","potentialAction":[{"@type":"ReadAction","target":["https:\/\/www.ankarsrum.com\/dk\/product\/bagetilbehoer\/"]}]},{"@type":"ImageObject","inLanguage":"da-DK","@id":"https:\/\/www.ankarsrum.com\/dk\/product\/bagetilbehoer\/#primaryimage","url":"https:\/\/www.ankarsrum.com\/img-srv\/iNVeDxPXMzWFofhesVCFYn6mDwDEJ-rg2rAc9z7hNfw\/resizing_type:auto\/width:0\/height:0\/gravity:sm\/enlarge:1\/ext:webp\/strip_metadata:1\/quality:90\/cachebuster:filesize-72237\/bG9jYWw6Ly8vd3d3LmFua2Fyc3J1bS5jb20vd3AtY29udGVudC91cGxvYWRzL3NpdGVzLzE5LzIwMjQvMDkvYmFraW5nLWFjY2Vzc29yaWVzLmpwZw.webp","contentUrl":"https:\/\/www.ankarsrum.com\/img-srv\/iNVeDxPXMzWFofhesVCFYn6mDwDEJ-rg2rAc9z7hNfw\/resizing_type:auto\/width:0\/height:0\/gravity:sm\/enlarge:1\/ext:webp\/strip_metadata:1\/quality:90\/cachebuster:filesize-72237\/bG9jYWw6Ly8vd3d3LmFua2Fyc3J1bS5jb20vd3AtY29udGVudC91cGxvYWRzL3NpdGVzLzE5LzIwMjQvMDkvYmFraW5nLWFjY2Vzc29yaWVzLmpwZw.webp","width":2000,"height":2000},{"@type":"BreadcrumbList","@id":"https:\/\/www.ankarsrum.com\/dk\/product\/bagetilbehoer\/#breadcrumb","itemListElement":[{"@type":"ListItem","position":1,"name":"Home","item":"https:\/\/www.ankarsrum.com\/dk\/"},{"@type":"ListItem","position":2,"name":"Produce name","item":"https:\/\/www.ankarsrum.com\/dk\/shop\/"},{"@type":"ListItem","position":3,"name":"Bagetilbeh\u00f8r"}]},{"@type":"WebSite","@id":"https:\/\/www.ankarsrum.com\/dk\/#website","url":"https:\/\/www.ankarsrum.com\/dk\/","name":"Ankarsrum Denmark","description":"The bread of the world","potentialAction":[{"@type":"SearchAction","target":{"@type":"EntryPoint","urlTemplate":"https:\/\/www.ankarsrum.com\/dk\/?s={search_term_string}"},"query-input":{"@type":"PropertyValueSpecification","valueRequired":true,"valueName":"search_term_string"}}],"inLanguage":"da-DK"}]}},"_links":{"self":[{"href":"https:\/\/www.ankarsrum.com\/dk\/wp-json\/wp\/v2\/product\/5326","targetHints":{"allow":["GET"]}}],"collection":[{"href":"https:\/\/www.ankarsrum.com\/dk\/wp-json\/wp\/v2\/product"}],"about":[{"href":"https:\/\/www.ankarsrum.com\/dk\/wp-json\/wp\/v2\/types\/product"}],"replies":[{"embeddable":true,"href":"https:\/\/www.ankarsrum.com\/dk\/wp-json\/wp\/v2\/comments?post=5326"}],"wp:featuredmedia":[{"embeddable":true,"href":"https:\/\/www.ankarsrum.com\/dk\/wp-json\/wp\/v2\/media\/13778"}],"wp:attachment":[{"href":"https:\/\/www.ankarsrum.com\/dk\/wp-json\/wp\/v2\/media?parent=5326"}],"wp:term":[{"taxonomy":"product_brand","embeddable":true,"href":"https:\/\/www.ankarsrum.com\/dk\/wp-json\/wp\/v2\/product_brand?post=5326"},{"taxonomy":"product_cat","embeddable":true,"href":"https:\/\/www.ankarsrum.com\/dk\/wp-json\/wp\/v2\/product_cat?post=5326"},{"taxonomy":"product_tag","embeddable":true,"href":"https:\/\/www.ankarsrum.com\/dk\/wp-json\/wp\/v2\/product_tag?post=5326"},{"taxonomy":"product-tag","embeddable":true,"href":"https:\/\/www.ankarsrum.com\/dk\/wp-json\/wp\/v2\/product-tag?post=5326"},{"taxonomy":"machines","embeddable":true,"href":"https:\/\/www.ankarsrum.com\/dk\/wp-json\/wp\/v2\/machines?post=5326"},{"taxonomy":"filter","embeddable":true,"href":"https:\/\/www.ankarsrum.com\/dk\/wp-json\/wp\/v2\/filter?post=5326"}],"curies":[{"name":"wp","href":"https:\/\/api.w.org\/{rel}","templated":true}]}}