{"id":5327,"date":"2024-07-10T16:00:52","date_gmt":"2024-07-10T14:00:52","guid":{"rendered":"https:\/\/www.ankarsrum.com\/dk\/product\/7-liters-rustfri-metalskaal\/"},"modified":"2026-05-17T02:07:02","modified_gmt":"2026-05-17T00:07:02","slug":"7-liters-rustfri-metalskaal","status":"publish","type":"product","link":"https:\/\/www.ankarsrum.com\/dk\/product\/7-liters-rustfri-metalskaal\/","title":{"rendered":"7 liters rustfri metalsk\u00e5l"},"content":{"rendered":"<p>\u2022 Volumen 7 liter, maks. kapacitet 5 kg dej.<br \/>\u2022 H\u00e5ndterer 1,5 liter dejv\u00e6ske.<br \/>\u2022 Metalsk\u00e5l i rustfrit st\u00e5l.<br \/>\u2022 Den h\u00f8je kant p\u00e5 plastl\u00e5get g\u00f8r at dejen kan h\u00e6ve sig h\u00f8jere op end sk\u00e5len faktisk er, da den l\u00f8ftes i takt med at dejen h\u00e6ver.<br \/>\u2022 Sk\u00e5len passer til alle assistenter N1-N30.<\/p>","protected":false},"excerpt":{"rendered":"<p>Den 7-liters rustfri metalsk\u00e5l er sv\u00e6r at sl\u00e5, n\u00e5r det kommer til br\u00f8dbagning!<\/p>\n","protected":false},"featured_media":13769,"comment_status":"open","ping_status":"closed","template":"","meta":{"_acf_changed":false,"content-type":"","editor_notices":[]},"product_brand":[],"product_cat":[450],"product_tag":[],"product-tag":[],"machines":[215,232,234,238,243,248,249,250,255,257,220,259,222,226,227,231,214,218],"filter":[271],"class_list":{"0":"post-5327","1":"product","2":"type-product","3":"status-publish","4":"has-post-thumbnail","6":"product_cat-ankarsrum-assistent-dele","7":"machines-02-n1","8":"machines-09-n10","9":"machines-10-n100","10":"machines-11-n20","11":"machines-12-n21","12":"machines-13-n22","13":"machines-14-n23","14":"machines-15-n24","15":"machines-16-n25","16":"machines-17-n28","17":"machines-04-n3","18":"machines-18-n30","19":"machines-05-n4","20":"machines-06-n6","21":"machines-07-n7","22":"machines-08-n8","23":"machines-01-ng1","24":"machines-03-nx1","25":"filter-basispakke","27":"first","28":"instock","29":"taxable","30":"shipping-taxable","31":"purchasable","32":"product-type-simple"},"bundled_by":[],"bundle_stock_status":"instock","bundle_stock_quantity":null,"bundle_virtual":false,"bundle_layout":"","bundle_add_to_cart_form_location":"","bundle_editable_in_cart":false,"bundle_sold_individually_context":"","bundle_item_grouping":"","bundle_min_size":"","bundle_max_size":"","bundle_price":[],"bundled_items":[],"bundle_sell_ids":[],"acf":[],"yoast_head":"<!-- This site is optimized with the Yoast SEO Premium plugin v26.6 (Yoast SEO v26.6) - https:\/\/yoast.com\/wordpress\/plugins\/seo\/ -->\n<title>7 liters rustfri metalsk\u00e5l \u2013 tilbeh\u00f8r til Ankarsrum<\/title>\n<meta name=\"description\" content=\"Opdag den 7 liters rustfri metalsk\u00e5l fra Ankarsrum \u2013 kapacitet til 5 kg dej, passer alle Assistent-modeller og ideel til br\u00f8dbagning.\" \/>\n<meta name=\"robots\" content=\"index, follow, max-snippet:-1, max-image-preview:large, max-video-preview:-1\" \/>\n<link rel=\"canonical\" href=\"https:\/\/www.ankarsrum.com\/dk\/product\/7-liters-rustfri-metalskaal\/\" \/>\n<meta property=\"og:locale\" content=\"da_DK\" \/>\n<meta property=\"og:type\" content=\"article\" \/>\n<meta property=\"og:title\" content=\"7 liters rustfri metalsk\u00e5l\" \/>\n<meta property=\"og:description\" content=\"Opdag den 7 liters rustfri metalsk\u00e5l fra Ankarsrum \u2013 kapacitet til 5 kg dej, passer alle Assistent-modeller og ideel til br\u00f8dbagning.\" \/>\n<meta property=\"og:url\" content=\"https:\/\/www.ankarsrum.com\/dk\/product\/7-liters-rustfri-metalskaal\/\" \/>\n<meta property=\"og:site_name\" content=\"Ankarsrum Denmark\" \/>\n<meta property=\"article:modified_time\" content=\"2026-05-17T00:07:02+00:00\" \/>\n<meta property=\"og:image\" content=\"https:\/\/www.ankarsrum.com\/dk\/wp-content\/uploads\/sites\/19\/2024\/09\/bowl.jpg\" \/>\n\t<meta property=\"og:image:width\" content=\"1080\" \/>\n\t<meta property=\"og:image:height\" content=\"630\" \/>\n\t<meta property=\"og:image:type\" content=\"image\/jpeg\" \/>\n<meta name=\"twitter:card\" content=\"summary_large_image\" \/>\n<meta name=\"twitter:label1\" content=\"Estimeret l\u00e6setid\" \/>\n\t<meta name=\"twitter:data1\" content=\"1 minut\" \/>\n<script type=\"application\/ld+json\" class=\"yoast-schema-graph\">{\"@context\":\"https:\/\/schema.org\",\"@graph\":[{\"@type\":\"WebPage\",\"@id\":\"https:\/\/www.ankarsrum.com\/dk\/product\/7-liters-rustfri-metalskaal\/\",\"url\":\"https:\/\/www.ankarsrum.com\/dk\/product\/7-liters-rustfri-metalskaal\/\",\"name\":\"7 liters rustfri metalsk\u00e5l \u2013 tilbeh\u00f8r til Ankarsrum\",\"isPartOf\":{\"@id\":\"https:\/\/www.ankarsrum.com\/dk\/#website\"},\"primaryImageOfPage\":{\"@id\":\"https:\/\/www.ankarsrum.com\/dk\/product\/7-liters-rustfri-metalskaal\/#primaryimage\"},\"image\":{\"@id\":\"https:\/\/www.ankarsrum.com\/dk\/product\/7-liters-rustfri-metalskaal\/#primaryimage\"},\"thumbnailUrl\":\"https:\/\/www.ankarsrum.com\/img-srv\/0tLvdIc4X-cnU9N7YMPW8kj48ZYYOdTZo6j4-RMEYMg\/resizing_type:auto\/width:0\/height:0\/gravity:sm\/enlarge:1\/ext:webp\/strip_metadata:1\/quality:90\/cachebuster:filesize-36001\/bG9jYWw6Ly8vd3d3LmFua2Fyc3J1bS5jb20vd3AtY29udGVudC91cGxvYWRzL3NpdGVzLzE5LzIwMjQvMDkvYm93bC5qcGc.webp\",\"datePublished\":\"2024-07-10T14:00:52+00:00\",\"dateModified\":\"2026-05-17T00:07:02+00:00\",\"description\":\"Opdag den 7 liters rustfri metalsk\u00e5l fra Ankarsrum \u2013 kapacitet til 5 kg dej, passer alle Assistent-modeller og ideel til br\u00f8dbagning.\",\"breadcrumb\":{\"@id\":\"https:\/\/www.ankarsrum.com\/dk\/product\/7-liters-rustfri-metalskaal\/#breadcrumb\"},\"inLanguage\":\"da-DK\",\"potentialAction\":[{\"@type\":\"ReadAction\",\"target\":[\"https:\/\/www.ankarsrum.com\/dk\/product\/7-liters-rustfri-metalskaal\/\"]}]},{\"@type\":\"ImageObject\",\"inLanguage\":\"da-DK\",\"@id\":\"https:\/\/www.ankarsrum.com\/dk\/product\/7-liters-rustfri-metalskaal\/#primaryimage\",\"url\":\"https:\/\/www.ankarsrum.com\/img-srv\/0tLvdIc4X-cnU9N7YMPW8kj48ZYYOdTZo6j4-RMEYMg\/resizing_type:auto\/width:0\/height:0\/gravity:sm\/enlarge:1\/ext:webp\/strip_metadata:1\/quality:90\/cachebuster:filesize-36001\/bG9jYWw6Ly8vd3d3LmFua2Fyc3J1bS5jb20vd3AtY29udGVudC91cGxvYWRzL3NpdGVzLzE5LzIwMjQvMDkvYm93bC5qcGc.webp\",\"contentUrl\":\"https:\/\/www.ankarsrum.com\/img-srv\/0tLvdIc4X-cnU9N7YMPW8kj48ZYYOdTZo6j4-RMEYMg\/resizing_type:auto\/width:0\/height:0\/gravity:sm\/enlarge:1\/ext:webp\/strip_metadata:1\/quality:90\/cachebuster:filesize-36001\/bG9jYWw6Ly8vd3d3LmFua2Fyc3J1bS5jb20vd3AtY29udGVudC91cGxvYWRzL3NpdGVzLzE5LzIwMjQvMDkvYm93bC5qcGc.webp\",\"width\":1080,\"height\":1080},{\"@type\":\"BreadcrumbList\",\"@id\":\"https:\/\/www.ankarsrum.com\/dk\/product\/7-liters-rustfri-metalskaal\/#breadcrumb\",\"itemListElement\":[{\"@type\":\"ListItem\",\"position\":1,\"name\":\"Home\",\"item\":\"https:\/\/www.ankarsrum.com\/dk\/\"},{\"@type\":\"ListItem\",\"position\":2,\"name\":\"Produce name\",\"item\":\"https:\/\/www.ankarsrum.com\/dk\/shop\/\"},{\"@type\":\"ListItem\",\"position\":3,\"name\":\"7 liters rustfri metalsk\u00e5l\"}]},{\"@type\":\"WebSite\",\"@id\":\"https:\/\/www.ankarsrum.com\/dk\/#website\",\"url\":\"https:\/\/www.ankarsrum.com\/dk\/\",\"name\":\"Ankarsrum Denmark\",\"description\":\"The bread of the world\",\"potentialAction\":[{\"@type\":\"SearchAction\",\"target\":{\"@type\":\"EntryPoint\",\"urlTemplate\":\"https:\/\/www.ankarsrum.com\/dk\/?s={search_term_string}\"},\"query-input\":{\"@type\":\"PropertyValueSpecification\",\"valueRequired\":true,\"valueName\":\"search_term_string\"}}],\"inLanguage\":\"da-DK\"}]}<\/script>\n<!-- \/ Yoast SEO Premium plugin. -->","yoast_head_json":{"title":"7 liters rustfri metalsk\u00e5l \u2013 tilbeh\u00f8r til Ankarsrum","description":"Opdag den 7 liters rustfri metalsk\u00e5l fra Ankarsrum \u2013 kapacitet til 5 kg dej, passer alle Assistent-modeller og ideel til br\u00f8dbagning.","robots":{"index":"index","follow":"follow","max-snippet":"max-snippet:-1","max-image-preview":"max-image-preview:large","max-video-preview":"max-video-preview:-1"},"canonical":"https:\/\/www.ankarsrum.com\/dk\/product\/7-liters-rustfri-metalskaal\/","og_locale":"da_DK","og_type":"article","og_title":"7 liters rustfri metalsk\u00e5l","og_description":"Opdag den 7 liters rustfri metalsk\u00e5l fra Ankarsrum \u2013 kapacitet til 5 kg dej, passer alle Assistent-modeller og ideel til br\u00f8dbagning.","og_url":"https:\/\/www.ankarsrum.com\/dk\/product\/7-liters-rustfri-metalskaal\/","og_site_name":"Ankarsrum Denmark","article_modified_time":"2026-05-17T00:07:02+00:00","og_image":[{"width":1080,"height":630,"url":"https:\/\/www.ankarsrum.com\/dk\/wp-content\/uploads\/sites\/19\/2024\/09\/bowl.jpg","type":"image\/jpeg"}],"twitter_card":"summary_large_image","twitter_misc":{"Estimeret l\u00e6setid":"1 minut"},"schema":{"@context":"https:\/\/schema.org","@graph":[{"@type":"WebPage","@id":"https:\/\/www.ankarsrum.com\/dk\/product\/7-liters-rustfri-metalskaal\/","url":"https:\/\/www.ankarsrum.com\/dk\/product\/7-liters-rustfri-metalskaal\/","name":"7 liters rustfri metalsk\u00e5l \u2013 tilbeh\u00f8r til Ankarsrum","isPartOf":{"@id":"https:\/\/www.ankarsrum.com\/dk\/#website"},"primaryImageOfPage":{"@id":"https:\/\/www.ankarsrum.com\/dk\/product\/7-liters-rustfri-metalskaal\/#primaryimage"},"image":{"@id":"https:\/\/www.ankarsrum.com\/dk\/product\/7-liters-rustfri-metalskaal\/#primaryimage"},"thumbnailUrl":"https:\/\/www.ankarsrum.com\/img-srv\/0tLvdIc4X-cnU9N7YMPW8kj48ZYYOdTZo6j4-RMEYMg\/resizing_type:auto\/width:0\/height:0\/gravity:sm\/enlarge:1\/ext:webp\/strip_metadata:1\/quality:90\/cachebuster:filesize-36001\/bG9jYWw6Ly8vd3d3LmFua2Fyc3J1bS5jb20vd3AtY29udGVudC91cGxvYWRzL3NpdGVzLzE5LzIwMjQvMDkvYm93bC5qcGc.webp","datePublished":"2024-07-10T14:00:52+00:00","dateModified":"2026-05-17T00:07:02+00:00","description":"Opdag den 7 liters rustfri metalsk\u00e5l fra Ankarsrum \u2013 kapacitet til 5 kg dej, passer alle Assistent-modeller og ideel til br\u00f8dbagning.","breadcrumb":{"@id":"https:\/\/www.ankarsrum.com\/dk\/product\/7-liters-rustfri-metalskaal\/#breadcrumb"},"inLanguage":"da-DK","potentialAction":[{"@type":"ReadAction","target":["https:\/\/www.ankarsrum.com\/dk\/product\/7-liters-rustfri-metalskaal\/"]}]},{"@type":"ImageObject","inLanguage":"da-DK","@id":"https:\/\/www.ankarsrum.com\/dk\/product\/7-liters-rustfri-metalskaal\/#primaryimage","url":"https:\/\/www.ankarsrum.com\/img-srv\/0tLvdIc4X-cnU9N7YMPW8kj48ZYYOdTZo6j4-RMEYMg\/resizing_type:auto\/width:0\/height:0\/gravity:sm\/enlarge:1\/ext:webp\/strip_metadata:1\/quality:90\/cachebuster:filesize-36001\/bG9jYWw6Ly8vd3d3LmFua2Fyc3J1bS5jb20vd3AtY29udGVudC91cGxvYWRzL3NpdGVzLzE5LzIwMjQvMDkvYm93bC5qcGc.webp","contentUrl":"https:\/\/www.ankarsrum.com\/img-srv\/0tLvdIc4X-cnU9N7YMPW8kj48ZYYOdTZo6j4-RMEYMg\/resizing_type:auto\/width:0\/height:0\/gravity:sm\/enlarge:1\/ext:webp\/strip_metadata:1\/quality:90\/cachebuster:filesize-36001\/bG9jYWw6Ly8vd3d3LmFua2Fyc3J1bS5jb20vd3AtY29udGVudC91cGxvYWRzL3NpdGVzLzE5LzIwMjQvMDkvYm93bC5qcGc.webp","width":1080,"height":1080},{"@type":"BreadcrumbList","@id":"https:\/\/www.ankarsrum.com\/dk\/product\/7-liters-rustfri-metalskaal\/#breadcrumb","itemListElement":[{"@type":"ListItem","position":1,"name":"Home","item":"https:\/\/www.ankarsrum.com\/dk\/"},{"@type":"ListItem","position":2,"name":"Produce name","item":"https:\/\/www.ankarsrum.com\/dk\/shop\/"},{"@type":"ListItem","position":3,"name":"7 liters rustfri metalsk\u00e5l"}]},{"@type":"WebSite","@id":"https:\/\/www.ankarsrum.com\/dk\/#website","url":"https:\/\/www.ankarsrum.com\/dk\/","name":"Ankarsrum Denmark","description":"The bread of the world","potentialAction":[{"@type":"SearchAction","target":{"@type":"EntryPoint","urlTemplate":"https:\/\/www.ankarsrum.com\/dk\/?s={search_term_string}"},"query-input":{"@type":"PropertyValueSpecification","valueRequired":true,"valueName":"search_term_string"}}],"inLanguage":"da-DK"}]}},"_links":{"self":[{"href":"https:\/\/www.ankarsrum.com\/dk\/wp-json\/wp\/v2\/product\/5327","targetHints":{"allow":["GET"]}}],"collection":[{"href":"https:\/\/www.ankarsrum.com\/dk\/wp-json\/wp\/v2\/product"}],"about":[{"href":"https:\/\/www.ankarsrum.com\/dk\/wp-json\/wp\/v2\/types\/product"}],"replies":[{"embeddable":true,"href":"https:\/\/www.ankarsrum.com\/dk\/wp-json\/wp\/v2\/comments?post=5327"}],"wp:featuredmedia":[{"embeddable":true,"href":"https:\/\/www.ankarsrum.com\/dk\/wp-json\/wp\/v2\/media\/13769"}],"wp:attachment":[{"href":"https:\/\/www.ankarsrum.com\/dk\/wp-json\/wp\/v2\/media?parent=5327"}],"wp:term":[{"taxonomy":"product_brand","embeddable":true,"href":"https:\/\/www.ankarsrum.com\/dk\/wp-json\/wp\/v2\/product_brand?post=5327"},{"taxonomy":"product_cat","embeddable":true,"href":"https:\/\/www.ankarsrum.com\/dk\/wp-json\/wp\/v2\/product_cat?post=5327"},{"taxonomy":"product_tag","embeddable":true,"href":"https:\/\/www.ankarsrum.com\/dk\/wp-json\/wp\/v2\/product_tag?post=5327"},{"taxonomy":"product-tag","embeddable":true,"href":"https:\/\/www.ankarsrum.com\/dk\/wp-json\/wp\/v2\/product-tag?post=5327"},{"taxonomy":"machines","embeddable":true,"href":"https:\/\/www.ankarsrum.com\/dk\/wp-json\/wp\/v2\/machines?post=5327"},{"taxonomy":"filter","embeddable":true,"href":"https:\/\/www.ankarsrum.com\/dk\/wp-json\/wp\/v2\/filter?post=5327"}],"curies":[{"name":"wp","href":"https:\/\/api.w.org\/{rel}","templated":true}]}}