{"id":5331,"date":"2024-07-10T16:21:58","date_gmt":"2024-07-10T14:21:58","guid":{"rendered":"https:\/\/www.ankarsrum.com\/dk\/product\/dejrulle\/"},"modified":"2026-05-09T01:26:29","modified_gmt":"2026-05-08T23:26:29","slug":"dejrulle","status":"publish","type":"product","link":"https:\/\/www.ankarsrum.com\/dk\/product\/dejrulle\/","title":{"rendered":"Dejrulle"},"content":{"rendered":"<p>\u2022 Brug dejrullen med kantskraberen p\u00e5sat til at hj\u00e6lpe med at k\u00f8re dejen ind mod midten af sk\u00e5len.<br \/>\u2022 Dejrullen passer til Aassistent- modeller N6-N30.<\/p>\n<p>Hvilken en til at \u00e9n skal man bruge, dejen rullen eller dejen krogen? Dette er et sp\u00f8rgsm\u00e5l om mening holdning og smag. Dejrullen kn\u00e6er \u00e6lter dejen, mensog krogen tr\u00e6kker hellere mere i dejen. Dejrullen har v\u00e6ret hos os siden tidernes morgen, mens dejkrogen blev tilf\u00f8jet, da mhan introducerede Aassistent-originalen i USA. Vores r\u00e5d er at pr\u00f8ve begg\u00e5de og se, hvad du synes. Et punkt at Det er v\u00e6rd at bem\u00e6rke er, at dejkrogen er mere bedre egnet til st\u00f8rre doughsdeje.<\/p>","protected":false},"excerpt":{"rendered":"<p>Dejrulle \u2013 en unik m\u00e5de at \u00e6lte dejen p\u00e5. Et Ankarsrum ikon siden lige fra begyndelsen!<\/p>\n","protected":false},"featured_media":13763,"comment_status":"open","ping_status":"closed","template":"","meta":{"_acf_changed":false,"content-type":"","editor_notices":[]},"product_brand":[],"product_cat":[450],"product_tag":[],"product-tag":[],"machines":[215,232,234,238,243,249,250,255,257,220,259,222,226,227,231,214,218],"filter":[271],"class_list":{"0":"post-5331","1":"product","2":"type-product","3":"status-publish","4":"has-post-thumbnail","6":"product_cat-ankarsrum-assistent-dele","7":"machines-02-n1","8":"machines-09-n10","9":"machines-10-n100","10":"machines-11-n20","11":"machines-12-n21","12":"machines-14-n23","13":"machines-15-n24","14":"machines-16-n25","15":"machines-17-n28","16":"machines-04-n3","17":"machines-18-n30","18":"machines-05-n4","19":"machines-06-n6","20":"machines-07-n7","21":"machines-08-n8","22":"machines-01-ng1","23":"machines-03-nx1","24":"filter-basispakke","26":"first","27":"instock","28":"taxable","29":"shipping-taxable","30":"purchasable","31":"product-type-simple"},"bundled_by":[],"bundle_stock_status":"instock","bundle_stock_quantity":null,"bundle_virtual":false,"bundle_layout":"","bundle_add_to_cart_form_location":"","bundle_editable_in_cart":false,"bundle_sold_individually_context":"","bundle_item_grouping":"","bundle_min_size":"","bundle_max_size":"","bundle_price":[],"bundled_items":[],"bundle_sell_ids":[],"acf":[],"yoast_head":"<!-- This site is optimized with the Yoast SEO Premium plugin v26.6 (Yoast SEO v26.6) - https:\/\/yoast.com\/wordpress\/plugins\/seo\/ -->\n<title>Dejrulle - Ankarsrum Denmark<\/title>\n<meta name=\"description\" content=\"Dejrulle til \u00e6ltning p\u00e5 din Ankarsrum Original k\u00f8kkenmaskine\" \/>\n<meta name=\"robots\" content=\"index, follow, max-snippet:-1, max-image-preview:large, max-video-preview:-1\" \/>\n<link rel=\"canonical\" href=\"https:\/\/www.ankarsrum.com\/dk\/product\/dejrulle\/\" \/>\n<meta property=\"og:locale\" content=\"da_DK\" \/>\n<meta property=\"og:type\" content=\"article\" \/>\n<meta property=\"og:title\" content=\"Dejrulle\" \/>\n<meta property=\"og:description\" content=\"Dejrulle til \u00e6ltning p\u00e5 din Ankarsrum Original k\u00f8kkenmaskine\" \/>\n<meta property=\"og:url\" content=\"https:\/\/www.ankarsrum.com\/dk\/product\/dejrulle\/\" \/>\n<meta property=\"og:site_name\" content=\"Ankarsrum Denmark\" \/>\n<meta property=\"article:modified_time\" content=\"2026-05-08T23:26:29+00:00\" \/>\n<meta property=\"og:image\" content=\"https:\/\/www.ankarsrum.com\/dk\/wp-content\/uploads\/sites\/19\/2024\/09\/dough-roller-920900018.jpg\" \/>\n\t<meta property=\"og:image:width\" content=\"1200\" \/>\n\t<meta property=\"og:image:height\" content=\"630\" \/>\n\t<meta property=\"og:image:type\" content=\"image\/jpeg\" \/>\n<meta name=\"twitter:card\" content=\"summary_large_image\" \/>\n<meta name=\"twitter:label1\" content=\"Estimeret l\u00e6setid\" \/>\n\t<meta name=\"twitter:data1\" content=\"1 minut\" \/>\n<script type=\"application\/ld+json\" class=\"yoast-schema-graph\">{\"@context\":\"https:\/\/schema.org\",\"@graph\":[{\"@type\":\"WebPage\",\"@id\":\"https:\/\/www.ankarsrum.com\/dk\/product\/dejrulle\/\",\"url\":\"https:\/\/www.ankarsrum.com\/dk\/product\/dejrulle\/\",\"name\":\"Dejrulle - Ankarsrum Denmark\",\"isPartOf\":{\"@id\":\"https:\/\/www.ankarsrum.com\/dk\/#website\"},\"primaryImageOfPage\":{\"@id\":\"https:\/\/www.ankarsrum.com\/dk\/product\/dejrulle\/#primaryimage\"},\"image\":{\"@id\":\"https:\/\/www.ankarsrum.com\/dk\/product\/dejrulle\/#primaryimage\"},\"thumbnailUrl\":\"https:\/\/www.ankarsrum.com\/img-srv\/14GAW2Gn5QOdH4oQTPCIs7a6r4h4Cwt6AoMWvy0pTwI\/resizing_type:auto\/width:0\/height:0\/gravity:sm\/enlarge:1\/ext:webp\/strip_metadata:1\/quality:90\/cachebuster:filesize-78114\/bG9jYWw6Ly8vd3d3LmFua2Fyc3J1bS5jb20vd3AtY29udGVudC91cGxvYWRzL3NpdGVzLzE5LzIwMjQvMDkvZG91Z2gtcm9sbGVyLTkyMDkwMDAxOC5qcGc.webp\",\"datePublished\":\"2024-07-10T14:21:58+00:00\",\"dateModified\":\"2026-05-08T23:26:29+00:00\",\"description\":\"Dejrulle til \u00e6ltning p\u00e5 din Ankarsrum Original k\u00f8kkenmaskine\",\"breadcrumb\":{\"@id\":\"https:\/\/www.ankarsrum.com\/dk\/product\/dejrulle\/#breadcrumb\"},\"inLanguage\":\"da-DK\",\"potentialAction\":[{\"@type\":\"ReadAction\",\"target\":[\"https:\/\/www.ankarsrum.com\/dk\/product\/dejrulle\/\"]}]},{\"@type\":\"ImageObject\",\"inLanguage\":\"da-DK\",\"@id\":\"https:\/\/www.ankarsrum.com\/dk\/product\/dejrulle\/#primaryimage\",\"url\":\"https:\/\/www.ankarsrum.com\/img-srv\/14GAW2Gn5QOdH4oQTPCIs7a6r4h4Cwt6AoMWvy0pTwI\/resizing_type:auto\/width:0\/height:0\/gravity:sm\/enlarge:1\/ext:webp\/strip_metadata:1\/quality:90\/cachebuster:filesize-78114\/bG9jYWw6Ly8vd3d3LmFua2Fyc3J1bS5jb20vd3AtY29udGVudC91cGxvYWRzL3NpdGVzLzE5LzIwMjQvMDkvZG91Z2gtcm9sbGVyLTkyMDkwMDAxOC5qcGc.webp\",\"contentUrl\":\"https:\/\/www.ankarsrum.com\/img-srv\/14GAW2Gn5QOdH4oQTPCIs7a6r4h4Cwt6AoMWvy0pTwI\/resizing_type:auto\/width:0\/height:0\/gravity:sm\/enlarge:1\/ext:webp\/strip_metadata:1\/quality:90\/cachebuster:filesize-78114\/bG9jYWw6Ly8vd3d3LmFua2Fyc3J1bS5jb20vd3AtY29udGVudC91cGxvYWRzL3NpdGVzLzE5LzIwMjQvMDkvZG91Z2gtcm9sbGVyLTkyMDkwMDAxOC5qcGc.webp\",\"width\":1835,\"height\":1835},{\"@type\":\"BreadcrumbList\",\"@id\":\"https:\/\/www.ankarsrum.com\/dk\/product\/dejrulle\/#breadcrumb\",\"itemListElement\":[{\"@type\":\"ListItem\",\"position\":1,\"name\":\"Home\",\"item\":\"https:\/\/www.ankarsrum.com\/dk\/\"},{\"@type\":\"ListItem\",\"position\":2,\"name\":\"Produce name\",\"item\":\"https:\/\/www.ankarsrum.com\/dk\/shop\/\"},{\"@type\":\"ListItem\",\"position\":3,\"name\":\"Dejrulle\"}]},{\"@type\":\"WebSite\",\"@id\":\"https:\/\/www.ankarsrum.com\/dk\/#website\",\"url\":\"https:\/\/www.ankarsrum.com\/dk\/\",\"name\":\"Ankarsrum Denmark\",\"description\":\"The bread of the world\",\"potentialAction\":[{\"@type\":\"SearchAction\",\"target\":{\"@type\":\"EntryPoint\",\"urlTemplate\":\"https:\/\/www.ankarsrum.com\/dk\/?s={search_term_string}\"},\"query-input\":{\"@type\":\"PropertyValueSpecification\",\"valueRequired\":true,\"valueName\":\"search_term_string\"}}],\"inLanguage\":\"da-DK\"}]}<\/script>\n<!-- \/ Yoast SEO Premium plugin. -->","yoast_head_json":{"title":"Dejrulle - Ankarsrum Denmark","description":"Dejrulle til \u00e6ltning p\u00e5 din Ankarsrum Original k\u00f8kkenmaskine","robots":{"index":"index","follow":"follow","max-snippet":"max-snippet:-1","max-image-preview":"max-image-preview:large","max-video-preview":"max-video-preview:-1"},"canonical":"https:\/\/www.ankarsrum.com\/dk\/product\/dejrulle\/","og_locale":"da_DK","og_type":"article","og_title":"Dejrulle","og_description":"Dejrulle til \u00e6ltning p\u00e5 din Ankarsrum Original k\u00f8kkenmaskine","og_url":"https:\/\/www.ankarsrum.com\/dk\/product\/dejrulle\/","og_site_name":"Ankarsrum Denmark","article_modified_time":"2026-05-08T23:26:29+00:00","og_image":[{"width":1200,"height":630,"url":"https:\/\/www.ankarsrum.com\/dk\/wp-content\/uploads\/sites\/19\/2024\/09\/dough-roller-920900018.jpg","type":"image\/jpeg"}],"twitter_card":"summary_large_image","twitter_misc":{"Estimeret l\u00e6setid":"1 minut"},"schema":{"@context":"https:\/\/schema.org","@graph":[{"@type":"WebPage","@id":"https:\/\/www.ankarsrum.com\/dk\/product\/dejrulle\/","url":"https:\/\/www.ankarsrum.com\/dk\/product\/dejrulle\/","name":"Dejrulle - Ankarsrum Denmark","isPartOf":{"@id":"https:\/\/www.ankarsrum.com\/dk\/#website"},"primaryImageOfPage":{"@id":"https:\/\/www.ankarsrum.com\/dk\/product\/dejrulle\/#primaryimage"},"image":{"@id":"https:\/\/www.ankarsrum.com\/dk\/product\/dejrulle\/#primaryimage"},"thumbnailUrl":"https:\/\/www.ankarsrum.com\/img-srv\/14GAW2Gn5QOdH4oQTPCIs7a6r4h4Cwt6AoMWvy0pTwI\/resizing_type:auto\/width:0\/height:0\/gravity:sm\/enlarge:1\/ext:webp\/strip_metadata:1\/quality:90\/cachebuster:filesize-78114\/bG9jYWw6Ly8vd3d3LmFua2Fyc3J1bS5jb20vd3AtY29udGVudC91cGxvYWRzL3NpdGVzLzE5LzIwMjQvMDkvZG91Z2gtcm9sbGVyLTkyMDkwMDAxOC5qcGc.webp","datePublished":"2024-07-10T14:21:58+00:00","dateModified":"2026-05-08T23:26:29+00:00","description":"Dejrulle til \u00e6ltning p\u00e5 din Ankarsrum Original k\u00f8kkenmaskine","breadcrumb":{"@id":"https:\/\/www.ankarsrum.com\/dk\/product\/dejrulle\/#breadcrumb"},"inLanguage":"da-DK","potentialAction":[{"@type":"ReadAction","target":["https:\/\/www.ankarsrum.com\/dk\/product\/dejrulle\/"]}]},{"@type":"ImageObject","inLanguage":"da-DK","@id":"https:\/\/www.ankarsrum.com\/dk\/product\/dejrulle\/#primaryimage","url":"https:\/\/www.ankarsrum.com\/img-srv\/14GAW2Gn5QOdH4oQTPCIs7a6r4h4Cwt6AoMWvy0pTwI\/resizing_type:auto\/width:0\/height:0\/gravity:sm\/enlarge:1\/ext:webp\/strip_metadata:1\/quality:90\/cachebuster:filesize-78114\/bG9jYWw6Ly8vd3d3LmFua2Fyc3J1bS5jb20vd3AtY29udGVudC91cGxvYWRzL3NpdGVzLzE5LzIwMjQvMDkvZG91Z2gtcm9sbGVyLTkyMDkwMDAxOC5qcGc.webp","contentUrl":"https:\/\/www.ankarsrum.com\/img-srv\/14GAW2Gn5QOdH4oQTPCIs7a6r4h4Cwt6AoMWvy0pTwI\/resizing_type:auto\/width:0\/height:0\/gravity:sm\/enlarge:1\/ext:webp\/strip_metadata:1\/quality:90\/cachebuster:filesize-78114\/bG9jYWw6Ly8vd3d3LmFua2Fyc3J1bS5jb20vd3AtY29udGVudC91cGxvYWRzL3NpdGVzLzE5LzIwMjQvMDkvZG91Z2gtcm9sbGVyLTkyMDkwMDAxOC5qcGc.webp","width":1835,"height":1835},{"@type":"BreadcrumbList","@id":"https:\/\/www.ankarsrum.com\/dk\/product\/dejrulle\/#breadcrumb","itemListElement":[{"@type":"ListItem","position":1,"name":"Home","item":"https:\/\/www.ankarsrum.com\/dk\/"},{"@type":"ListItem","position":2,"name":"Produce name","item":"https:\/\/www.ankarsrum.com\/dk\/shop\/"},{"@type":"ListItem","position":3,"name":"Dejrulle"}]},{"@type":"WebSite","@id":"https:\/\/www.ankarsrum.com\/dk\/#website","url":"https:\/\/www.ankarsrum.com\/dk\/","name":"Ankarsrum Denmark","description":"The bread of the world","potentialAction":[{"@type":"SearchAction","target":{"@type":"EntryPoint","urlTemplate":"https:\/\/www.ankarsrum.com\/dk\/?s={search_term_string}"},"query-input":{"@type":"PropertyValueSpecification","valueRequired":true,"valueName":"search_term_string"}}],"inLanguage":"da-DK"}]}},"_links":{"self":[{"href":"https:\/\/www.ankarsrum.com\/dk\/wp-json\/wp\/v2\/product\/5331","targetHints":{"allow":["GET"]}}],"collection":[{"href":"https:\/\/www.ankarsrum.com\/dk\/wp-json\/wp\/v2\/product"}],"about":[{"href":"https:\/\/www.ankarsrum.com\/dk\/wp-json\/wp\/v2\/types\/product"}],"replies":[{"embeddable":true,"href":"https:\/\/www.ankarsrum.com\/dk\/wp-json\/wp\/v2\/comments?post=5331"}],"wp:featuredmedia":[{"embeddable":true,"href":"https:\/\/www.ankarsrum.com\/dk\/wp-json\/wp\/v2\/media\/13763"}],"wp:attachment":[{"href":"https:\/\/www.ankarsrum.com\/dk\/wp-json\/wp\/v2\/media?parent=5331"}],"wp:term":[{"taxonomy":"product_brand","embeddable":true,"href":"https:\/\/www.ankarsrum.com\/dk\/wp-json\/wp\/v2\/product_brand?post=5331"},{"taxonomy":"product_cat","embeddable":true,"href":"https:\/\/www.ankarsrum.com\/dk\/wp-json\/wp\/v2\/product_cat?post=5331"},{"taxonomy":"product_tag","embeddable":true,"href":"https:\/\/www.ankarsrum.com\/dk\/wp-json\/wp\/v2\/product_tag?post=5331"},{"taxonomy":"product-tag","embeddable":true,"href":"https:\/\/www.ankarsrum.com\/dk\/wp-json\/wp\/v2\/product-tag?post=5331"},{"taxonomy":"machines","embeddable":true,"href":"https:\/\/www.ankarsrum.com\/dk\/wp-json\/wp\/v2\/machines?post=5331"},{"taxonomy":"filter","embeddable":true,"href":"https:\/\/www.ankarsrum.com\/dk\/wp-json\/wp\/v2\/filter?post=5331"}],"curies":[{"name":"wp","href":"https:\/\/api.w.org\/{rel}","templated":true}]}}