{"id":5333,"date":"2024-07-10T16:30:33","date_gmt":"2024-07-10T14:30:33","guid":{"rendered":"https:\/\/www.ankarsrum.com\/dk\/product\/dejkrog\/"},"modified":"2026-04-15T23:36:34","modified_gmt":"2026-04-15T21:36:34","slug":"dejkrog","status":"publish","type":"product","link":"https:\/\/www.ankarsrum.com\/dk\/product\/dejkrog\/","title":{"rendered":"Dejkrog"},"content":{"rendered":"<p>\u2013 Dejkrogen bruges prim\u00e6rt til bagning<br \/>\u2013 Brug altid kantskraberen samtidig med dejkrogen for at tr\u00e6kke dejen ind mod midten.<br \/>\u2013 Dejkrogen passer til Assistent-maskiner fra model N25 og nyere.<\/p>\n<p>Skal man bruge dejkrog eller dejrulle? Der er ikke et endegyldigt svar \u2013 det afh\u00e6nger af holdning og smag og ikke mindst, hvilken opskrift man bruger. Dejrullen \u00e6lter dejen p\u00e5 samme m\u00e5de, som man \u00e6lter dej i h\u00e5nden p\u00e5 en bordplade. Dejkrogen tr\u00e6kker mere i dejen og kan klare st\u00f8rre portioner, da den ikke \u201dfylder\u201d s\u00e5 meget i sk\u00e5len, som dejrullen g\u00f8r. Dejrullen har h\u00f8rt til maskinen lige siden dens oprindelse, hvorimod dejkrogen f\u00f8rst kom til, da man introducerede Assistent-maskinen i USA.<\/p>\n<p>Vores bedste r\u00e5d er: Pr\u00f8v dig frem for at finde ud af, om du foretr\u00e6kker dejkrogen eller dejrullen.<\/p>","protected":false},"excerpt":{"rendered":"<p>Dejkrog lavet i rustfrit st\u00e5l. I stedet for at \u00e6lte dejen, s\u00e5 tr\u00e6kker dejkrogen i dejen. Anbefales n\u00e5r der skal bages store portioner.<\/p>\n","protected":false},"featured_media":13757,"comment_status":"open","ping_status":"closed","template":"","meta":{"_acf_changed":false,"content-type":"","editor_notices":[]},"product_brand":[],"product_cat":[450],"product_tag":[],"product-tag":[],"machines":[255,257,259],"filter":[271],"class_list":{"0":"post-5333","1":"product","2":"type-product","3":"status-publish","4":"has-post-thumbnail","6":"product_cat-ankarsrum-assistent-dele","7":"machines-16-n25","8":"machines-17-n28","9":"machines-18-n30","10":"filter-basispakke","12":"first","13":"instock","14":"taxable","15":"shipping-taxable","16":"purchasable","17":"product-type-simple"},"bundled_by":[],"bundle_stock_status":"instock","bundle_stock_quantity":null,"bundle_virtual":false,"bundle_layout":"","bundle_add_to_cart_form_location":"","bundle_editable_in_cart":false,"bundle_sold_individually_context":"","bundle_item_grouping":"","bundle_min_size":"","bundle_max_size":"","bundle_price":[],"bundled_items":[],"bundle_sell_ids":[],"acf":[],"yoast_head":"<!-- This site is optimized with the Yoast SEO Premium plugin v26.6 (Yoast SEO v26.6) - https:\/\/yoast.com\/wordpress\/plugins\/seo\/ -->\n<title>Dejkrog \u2013 original tilbeh\u00f8r til Ankarsrum<\/title>\n<meta name=\"description\" content=\"Oppdag dejkrogen fra Ankarsrum \u2013 rustfrit st\u00e5l, designet for modell N25 og nyere, ideel til \u00e6ltning af st\u00f8rre dejportioner.\" \/>\n<meta name=\"robots\" content=\"index, follow, max-snippet:-1, max-image-preview:large, max-video-preview:-1\" \/>\n<link rel=\"canonical\" href=\"https:\/\/www.ankarsrum.com\/dk\/product\/dejkrog\/\" \/>\n<meta property=\"og:locale\" content=\"da_DK\" \/>\n<meta property=\"og:type\" content=\"article\" \/>\n<meta property=\"og:title\" content=\"Dejkrog\" \/>\n<meta property=\"og:description\" content=\"Oppdag dejkrogen fra Ankarsrum \u2013 rustfrit st\u00e5l, designet for modell N25 og nyere, ideel til \u00e6ltning af st\u00f8rre dejportioner.\" \/>\n<meta property=\"og:url\" content=\"https:\/\/www.ankarsrum.com\/dk\/product\/dejkrog\/\" \/>\n<meta property=\"og:site_name\" content=\"Ankarsrum Denmark\" \/>\n<meta property=\"article:modified_time\" content=\"2026-04-15T21:36:34+00:00\" \/>\n<meta property=\"og:image\" content=\"https:\/\/www.ankarsrum.com\/dk\/wp-content\/uploads\/sites\/19\/2024\/09\/dough-hook-920900021.jpg\" \/>\n\t<meta property=\"og:image:width\" content=\"1200\" \/>\n\t<meta property=\"og:image:height\" content=\"630\" \/>\n\t<meta property=\"og:image:type\" content=\"image\/jpeg\" \/>\n<meta name=\"twitter:card\" content=\"summary_large_image\" \/>\n<meta name=\"twitter:label1\" content=\"Estimeret l\u00e6setid\" \/>\n\t<meta name=\"twitter:data1\" content=\"1 minut\" \/>\n<script type=\"application\/ld+json\" class=\"yoast-schema-graph\">{\"@context\":\"https:\/\/schema.org\",\"@graph\":[{\"@type\":\"WebPage\",\"@id\":\"https:\/\/www.ankarsrum.com\/dk\/product\/dejkrog\/\",\"url\":\"https:\/\/www.ankarsrum.com\/dk\/product\/dejkrog\/\",\"name\":\"Dejkrog \u2013 original tilbeh\u00f8r til Ankarsrum\",\"isPartOf\":{\"@id\":\"https:\/\/www.ankarsrum.com\/dk\/#website\"},\"primaryImageOfPage\":{\"@id\":\"https:\/\/www.ankarsrum.com\/dk\/product\/dejkrog\/#primaryimage\"},\"image\":{\"@id\":\"https:\/\/www.ankarsrum.com\/dk\/product\/dejkrog\/#primaryimage\"},\"thumbnailUrl\":\"https:\/\/www.ankarsrum.com\/img-srv\/GlzzsNh5KMpD1Nz8V5KS6MYREB6st6kXUXtdJL4-FFI\/resizing_type:auto\/width:0\/height:0\/gravity:sm\/enlarge:1\/ext:webp\/strip_metadata:1\/quality:90\/cachebuster:filesize-154778\/bG9jYWw6Ly8vd3d3LmFua2Fyc3J1bS5jb20vd3AtY29udGVudC91cGxvYWRzL3NpdGVzLzE5LzIwMjQvMDkvZG91Z2gtaG9vay05MjA5MDAwMjEuanBn.webp\",\"datePublished\":\"2024-07-10T14:30:33+00:00\",\"dateModified\":\"2026-04-15T21:36:34+00:00\",\"description\":\"Oppdag dejkrogen fra Ankarsrum \u2013 rustfrit st\u00e5l, designet for modell N25 og nyere, ideel til \u00e6ltning af st\u00f8rre dejportioner.\",\"breadcrumb\":{\"@id\":\"https:\/\/www.ankarsrum.com\/dk\/product\/dejkrog\/#breadcrumb\"},\"inLanguage\":\"da-DK\",\"potentialAction\":[{\"@type\":\"ReadAction\",\"target\":[\"https:\/\/www.ankarsrum.com\/dk\/product\/dejkrog\/\"]}]},{\"@type\":\"ImageObject\",\"inLanguage\":\"da-DK\",\"@id\":\"https:\/\/www.ankarsrum.com\/dk\/product\/dejkrog\/#primaryimage\",\"url\":\"https:\/\/www.ankarsrum.com\/img-srv\/GlzzsNh5KMpD1Nz8V5KS6MYREB6st6kXUXtdJL4-FFI\/resizing_type:auto\/width:0\/height:0\/gravity:sm\/enlarge:1\/ext:webp\/strip_metadata:1\/quality:90\/cachebuster:filesize-154778\/bG9jYWw6Ly8vd3d3LmFua2Fyc3J1bS5jb20vd3AtY29udGVudC91cGxvYWRzL3NpdGVzLzE5LzIwMjQvMDkvZG91Z2gtaG9vay05MjA5MDAwMjEuanBn.webp\",\"contentUrl\":\"https:\/\/www.ankarsrum.com\/img-srv\/GlzzsNh5KMpD1Nz8V5KS6MYREB6st6kXUXtdJL4-FFI\/resizing_type:auto\/width:0\/height:0\/gravity:sm\/enlarge:1\/ext:webp\/strip_metadata:1\/quality:90\/cachebuster:filesize-154778\/bG9jYWw6Ly8vd3d3LmFua2Fyc3J1bS5jb20vd3AtY29udGVudC91cGxvYWRzL3NpdGVzLzE5LzIwMjQvMDkvZG91Z2gtaG9vay05MjA5MDAwMjEuanBn.webp\",\"width\":2384,\"height\":2550},{\"@type\":\"BreadcrumbList\",\"@id\":\"https:\/\/www.ankarsrum.com\/dk\/product\/dejkrog\/#breadcrumb\",\"itemListElement\":[{\"@type\":\"ListItem\",\"position\":1,\"name\":\"Home\",\"item\":\"https:\/\/www.ankarsrum.com\/dk\/\"},{\"@type\":\"ListItem\",\"position\":2,\"name\":\"Produce name\",\"item\":\"https:\/\/www.ankarsrum.com\/dk\/shop\/\"},{\"@type\":\"ListItem\",\"position\":3,\"name\":\"Dejkrog\"}]},{\"@type\":\"WebSite\",\"@id\":\"https:\/\/www.ankarsrum.com\/dk\/#website\",\"url\":\"https:\/\/www.ankarsrum.com\/dk\/\",\"name\":\"Ankarsrum Denmark\",\"description\":\"The bread of the world\",\"potentialAction\":[{\"@type\":\"SearchAction\",\"target\":{\"@type\":\"EntryPoint\",\"urlTemplate\":\"https:\/\/www.ankarsrum.com\/dk\/?s={search_term_string}\"},\"query-input\":{\"@type\":\"PropertyValueSpecification\",\"valueRequired\":true,\"valueName\":\"search_term_string\"}}],\"inLanguage\":\"da-DK\"}]}<\/script>\n<!-- \/ Yoast SEO Premium plugin. -->","yoast_head_json":{"title":"Dejkrog \u2013 original tilbeh\u00f8r til Ankarsrum","description":"Oppdag dejkrogen fra Ankarsrum \u2013 rustfrit st\u00e5l, designet for modell N25 og nyere, ideel til \u00e6ltning af st\u00f8rre dejportioner.","robots":{"index":"index","follow":"follow","max-snippet":"max-snippet:-1","max-image-preview":"max-image-preview:large","max-video-preview":"max-video-preview:-1"},"canonical":"https:\/\/www.ankarsrum.com\/dk\/product\/dejkrog\/","og_locale":"da_DK","og_type":"article","og_title":"Dejkrog","og_description":"Oppdag dejkrogen fra Ankarsrum \u2013 rustfrit st\u00e5l, designet for modell N25 og nyere, ideel til \u00e6ltning af st\u00f8rre dejportioner.","og_url":"https:\/\/www.ankarsrum.com\/dk\/product\/dejkrog\/","og_site_name":"Ankarsrum Denmark","article_modified_time":"2026-04-15T21:36:34+00:00","og_image":[{"width":1200,"height":630,"url":"https:\/\/www.ankarsrum.com\/dk\/wp-content\/uploads\/sites\/19\/2024\/09\/dough-hook-920900021.jpg","type":"image\/jpeg"}],"twitter_card":"summary_large_image","twitter_misc":{"Estimeret l\u00e6setid":"1 minut"},"schema":{"@context":"https:\/\/schema.org","@graph":[{"@type":"WebPage","@id":"https:\/\/www.ankarsrum.com\/dk\/product\/dejkrog\/","url":"https:\/\/www.ankarsrum.com\/dk\/product\/dejkrog\/","name":"Dejkrog \u2013 original tilbeh\u00f8r til Ankarsrum","isPartOf":{"@id":"https:\/\/www.ankarsrum.com\/dk\/#website"},"primaryImageOfPage":{"@id":"https:\/\/www.ankarsrum.com\/dk\/product\/dejkrog\/#primaryimage"},"image":{"@id":"https:\/\/www.ankarsrum.com\/dk\/product\/dejkrog\/#primaryimage"},"thumbnailUrl":"https:\/\/www.ankarsrum.com\/img-srv\/GlzzsNh5KMpD1Nz8V5KS6MYREB6st6kXUXtdJL4-FFI\/resizing_type:auto\/width:0\/height:0\/gravity:sm\/enlarge:1\/ext:webp\/strip_metadata:1\/quality:90\/cachebuster:filesize-154778\/bG9jYWw6Ly8vd3d3LmFua2Fyc3J1bS5jb20vd3AtY29udGVudC91cGxvYWRzL3NpdGVzLzE5LzIwMjQvMDkvZG91Z2gtaG9vay05MjA5MDAwMjEuanBn.webp","datePublished":"2024-07-10T14:30:33+00:00","dateModified":"2026-04-15T21:36:34+00:00","description":"Oppdag dejkrogen fra Ankarsrum \u2013 rustfrit st\u00e5l, designet for modell N25 og nyere, ideel til \u00e6ltning af st\u00f8rre dejportioner.","breadcrumb":{"@id":"https:\/\/www.ankarsrum.com\/dk\/product\/dejkrog\/#breadcrumb"},"inLanguage":"da-DK","potentialAction":[{"@type":"ReadAction","target":["https:\/\/www.ankarsrum.com\/dk\/product\/dejkrog\/"]}]},{"@type":"ImageObject","inLanguage":"da-DK","@id":"https:\/\/www.ankarsrum.com\/dk\/product\/dejkrog\/#primaryimage","url":"https:\/\/www.ankarsrum.com\/img-srv\/GlzzsNh5KMpD1Nz8V5KS6MYREB6st6kXUXtdJL4-FFI\/resizing_type:auto\/width:0\/height:0\/gravity:sm\/enlarge:1\/ext:webp\/strip_metadata:1\/quality:90\/cachebuster:filesize-154778\/bG9jYWw6Ly8vd3d3LmFua2Fyc3J1bS5jb20vd3AtY29udGVudC91cGxvYWRzL3NpdGVzLzE5LzIwMjQvMDkvZG91Z2gtaG9vay05MjA5MDAwMjEuanBn.webp","contentUrl":"https:\/\/www.ankarsrum.com\/img-srv\/GlzzsNh5KMpD1Nz8V5KS6MYREB6st6kXUXtdJL4-FFI\/resizing_type:auto\/width:0\/height:0\/gravity:sm\/enlarge:1\/ext:webp\/strip_metadata:1\/quality:90\/cachebuster:filesize-154778\/bG9jYWw6Ly8vd3d3LmFua2Fyc3J1bS5jb20vd3AtY29udGVudC91cGxvYWRzL3NpdGVzLzE5LzIwMjQvMDkvZG91Z2gtaG9vay05MjA5MDAwMjEuanBn.webp","width":2384,"height":2550},{"@type":"BreadcrumbList","@id":"https:\/\/www.ankarsrum.com\/dk\/product\/dejkrog\/#breadcrumb","itemListElement":[{"@type":"ListItem","position":1,"name":"Home","item":"https:\/\/www.ankarsrum.com\/dk\/"},{"@type":"ListItem","position":2,"name":"Produce name","item":"https:\/\/www.ankarsrum.com\/dk\/shop\/"},{"@type":"ListItem","position":3,"name":"Dejkrog"}]},{"@type":"WebSite","@id":"https:\/\/www.ankarsrum.com\/dk\/#website","url":"https:\/\/www.ankarsrum.com\/dk\/","name":"Ankarsrum Denmark","description":"The bread of the world","potentialAction":[{"@type":"SearchAction","target":{"@type":"EntryPoint","urlTemplate":"https:\/\/www.ankarsrum.com\/dk\/?s={search_term_string}"},"query-input":{"@type":"PropertyValueSpecification","valueRequired":true,"valueName":"search_term_string"}}],"inLanguage":"da-DK"}]}},"_links":{"self":[{"href":"https:\/\/www.ankarsrum.com\/dk\/wp-json\/wp\/v2\/product\/5333","targetHints":{"allow":["GET"]}}],"collection":[{"href":"https:\/\/www.ankarsrum.com\/dk\/wp-json\/wp\/v2\/product"}],"about":[{"href":"https:\/\/www.ankarsrum.com\/dk\/wp-json\/wp\/v2\/types\/product"}],"replies":[{"embeddable":true,"href":"https:\/\/www.ankarsrum.com\/dk\/wp-json\/wp\/v2\/comments?post=5333"}],"wp:featuredmedia":[{"embeddable":true,"href":"https:\/\/www.ankarsrum.com\/dk\/wp-json\/wp\/v2\/media\/13757"}],"wp:attachment":[{"href":"https:\/\/www.ankarsrum.com\/dk\/wp-json\/wp\/v2\/media?parent=5333"}],"wp:term":[{"taxonomy":"product_brand","embeddable":true,"href":"https:\/\/www.ankarsrum.com\/dk\/wp-json\/wp\/v2\/product_brand?post=5333"},{"taxonomy":"product_cat","embeddable":true,"href":"https:\/\/www.ankarsrum.com\/dk\/wp-json\/wp\/v2\/product_cat?post=5333"},{"taxonomy":"product_tag","embeddable":true,"href":"https:\/\/www.ankarsrum.com\/dk\/wp-json\/wp\/v2\/product_tag?post=5333"},{"taxonomy":"product-tag","embeddable":true,"href":"https:\/\/www.ankarsrum.com\/dk\/wp-json\/wp\/v2\/product-tag?post=5333"},{"taxonomy":"machines","embeddable":true,"href":"https:\/\/www.ankarsrum.com\/dk\/wp-json\/wp\/v2\/machines?post=5333"},{"taxonomy":"filter","embeddable":true,"href":"https:\/\/www.ankarsrum.com\/dk\/wp-json\/wp\/v2\/filter?post=5333"}],"curies":[{"name":"wp","href":"https:\/\/api.w.org\/{rel}","templated":true}]}}