{"id":5334,"date":"2024-07-15T14:09:23","date_gmt":"2024-07-15T12:09:23","guid":{"rendered":"https:\/\/www.ankarsrum.com\/dk\/product\/dejkrog-classic\/"},"modified":"2026-04-28T00:31:40","modified_gmt":"2026-04-27T22:31:40","slug":"dejkrog-classic","status":"publish","type":"product","link":"https:\/\/www.ankarsrum.com\/dk\/product\/dejkrog-classic\/","title":{"rendered":"Dejkrog Classic"},"content":{"rendered":"<p>Dejkrogen bruges prim\u00e6rt til bagning!<br \/>\u2022 Brug altid dejkrogen med dejkniven til at hj\u00e6lpe med at k\u00f8re dejen ind mod midten af sk\u00e5len.<br \/>\u2022 Dejkrog Classic passer til modellerne N6-N24<\/p>\n<p>Hvilken \u00e9n skal man bruge, dejenrulle eller dejkrogen? Det er et sp\u00f8rgsm\u00e5l om holdning og smag. Dejrullen \u00e6lter dejen, og krogen tr\u00e6kker mere i dejen. Dejrullen har eksisteret hos os siden tidernes morgen, mens dejkrogen blev tilf\u00f8jet, da man introducerede Assistent-originalen i USA. Vores r\u00e5d er at pr\u00f8ve begge og se, hvad du synes. Det er v\u00e6rd at bem\u00e6rke, at dejkrogen er bedre egnet til st\u00f8rre deje.<\/p>","protected":false},"excerpt":{"rendered":"<p>Dejkrog i rustfrit st\u00e5l, der \u201ctr\u00e6kker\u201d dejen. Anbefales ved bagning af st\u00f8rre deje.<\/p>\n","protected":false},"featured_media":13781,"comment_status":"open","ping_status":"closed","template":"","meta":{"_acf_changed":false,"content-type":"","editor_notices":[]},"product_brand":[],"product_cat":[450],"product_tag":[],"product-tag":[],"machines":[215,232,234,238,243,248,249,250],"filter":[271],"class_list":{"0":"post-5334","1":"product","2":"type-product","3":"status-publish","4":"has-post-thumbnail","6":"product_cat-ankarsrum-assistent-dele","7":"machines-02-n1","8":"machines-09-n10","9":"machines-10-n100","10":"machines-11-n20","11":"machines-12-n21","12":"machines-13-n22","13":"machines-14-n23","14":"machines-15-n24","15":"filter-basispakke","17":"first","18":"instock","19":"taxable","20":"shipping-taxable","21":"purchasable","22":"product-type-simple"},"bundled_by":[],"bundle_stock_status":"instock","bundle_stock_quantity":null,"bundle_virtual":false,"bundle_layout":"","bundle_add_to_cart_form_location":"","bundle_editable_in_cart":false,"bundle_sold_individually_context":"","bundle_item_grouping":"","bundle_min_size":"","bundle_max_size":"","bundle_price":[],"bundled_items":[],"bundle_sell_ids":[],"acf":[],"yoast_head":"<!-- This site is optimized with the Yoast SEO Premium plugin v26.6 (Yoast SEO v26.6) - https:\/\/yoast.com\/wordpress\/plugins\/seo\/ -->\n<title>Dejkrog Classic \u2013 tilbeh\u00f8r til Ankarsrum bakning<\/title>\n<meta name=\"description\" content=\"Oppdag dejkrogen Classic i rustfritt st\u00e5l fra Ankarsrum \u2013 perfekt til st\u00f8rre bake\u00addeiger og kompatibel med modellerne N1-N24.\" \/>\n<meta name=\"robots\" content=\"index, follow, max-snippet:-1, max-image-preview:large, max-video-preview:-1\" \/>\n<link rel=\"canonical\" href=\"https:\/\/www.ankarsrum.com\/dk\/product\/dejkrog-classic\/\" \/>\n<meta property=\"og:locale\" content=\"da_DK\" \/>\n<meta property=\"og:type\" content=\"article\" \/>\n<meta property=\"og:title\" content=\"Dejkrog Classic\" \/>\n<meta property=\"og:description\" content=\"Oppdag dejkrogen Classic i rustfritt st\u00e5l fra Ankarsrum \u2013 perfekt til st\u00f8rre bake\u00addeiger og kompatibel med modellerne N1-N24.\" \/>\n<meta property=\"og:url\" content=\"https:\/\/www.ankarsrum.com\/dk\/product\/dejkrog-classic\/\" \/>\n<meta property=\"og:site_name\" content=\"Ankarsrum Denmark\" \/>\n<meta property=\"article:modified_time\" content=\"2026-04-27T22:31:40+00:00\" \/>\n<meta property=\"og:image\" content=\"https:\/\/www.ankarsrum.com\/dk\/wp-content\/uploads\/sites\/19\/2024\/09\/dough-hook-classic.jpg\" \/>\n\t<meta property=\"og:image:width\" content=\"1200\" \/>\n\t<meta property=\"og:image:height\" content=\"630\" \/>\n\t<meta property=\"og:image:type\" content=\"image\/jpeg\" \/>\n<meta name=\"twitter:card\" content=\"summary_large_image\" \/>\n<meta name=\"twitter:label1\" content=\"Estimeret l\u00e6setid\" \/>\n\t<meta name=\"twitter:data1\" content=\"1 minut\" \/>\n<script type=\"application\/ld+json\" class=\"yoast-schema-graph\">{\"@context\":\"https:\/\/schema.org\",\"@graph\":[{\"@type\":\"WebPage\",\"@id\":\"https:\/\/www.ankarsrum.com\/dk\/product\/dejkrog-classic\/\",\"url\":\"https:\/\/www.ankarsrum.com\/dk\/product\/dejkrog-classic\/\",\"name\":\"Dejkrog Classic \u2013 tilbeh\u00f8r til Ankarsrum bakning\",\"isPartOf\":{\"@id\":\"https:\/\/www.ankarsrum.com\/dk\/#website\"},\"primaryImageOfPage\":{\"@id\":\"https:\/\/www.ankarsrum.com\/dk\/product\/dejkrog-classic\/#primaryimage\"},\"image\":{\"@id\":\"https:\/\/www.ankarsrum.com\/dk\/product\/dejkrog-classic\/#primaryimage\"},\"thumbnailUrl\":\"https:\/\/www.ankarsrum.com\/img-srv\/sZIvlBG_MjQGRJRDHXXoDuOE-esDTWYW5bxibzIhvyY\/resizing_type:auto\/width:0\/height:0\/gravity:sm\/enlarge:1\/ext:webp\/strip_metadata:1\/quality:90\/cachebuster:filesize-92109\/bG9jYWw6Ly8vd3d3LmFua2Fyc3J1bS5jb20vd3AtY29udGVudC91cGxvYWRzL3NpdGVzLzE5LzIwMjQvMDkvZG91Z2gtaG9vay1jbGFzc2ljLmpwZw.webp\",\"datePublished\":\"2024-07-15T12:09:23+00:00\",\"dateModified\":\"2026-04-27T22:31:40+00:00\",\"description\":\"Oppdag dejkrogen Classic i rustfritt st\u00e5l fra Ankarsrum \u2013 perfekt til st\u00f8rre bake\u00addeiger og kompatibel med modellerne N1-N24.\",\"breadcrumb\":{\"@id\":\"https:\/\/www.ankarsrum.com\/dk\/product\/dejkrog-classic\/#breadcrumb\"},\"inLanguage\":\"da-DK\",\"potentialAction\":[{\"@type\":\"ReadAction\",\"target\":[\"https:\/\/www.ankarsrum.com\/dk\/product\/dejkrog-classic\/\"]}]},{\"@type\":\"ImageObject\",\"inLanguage\":\"da-DK\",\"@id\":\"https:\/\/www.ankarsrum.com\/dk\/product\/dejkrog-classic\/#primaryimage\",\"url\":\"https:\/\/www.ankarsrum.com\/img-srv\/sZIvlBG_MjQGRJRDHXXoDuOE-esDTWYW5bxibzIhvyY\/resizing_type:auto\/width:0\/height:0\/gravity:sm\/enlarge:1\/ext:webp\/strip_metadata:1\/quality:90\/cachebuster:filesize-92109\/bG9jYWw6Ly8vd3d3LmFua2Fyc3J1bS5jb20vd3AtY29udGVudC91cGxvYWRzL3NpdGVzLzE5LzIwMjQvMDkvZG91Z2gtaG9vay1jbGFzc2ljLmpwZw.webp\",\"contentUrl\":\"https:\/\/www.ankarsrum.com\/img-srv\/sZIvlBG_MjQGRJRDHXXoDuOE-esDTWYW5bxibzIhvyY\/resizing_type:auto\/width:0\/height:0\/gravity:sm\/enlarge:1\/ext:webp\/strip_metadata:1\/quality:90\/cachebuster:filesize-92109\/bG9jYWw6Ly8vd3d3LmFua2Fyc3J1bS5jb20vd3AtY29udGVudC91cGxvYWRzL3NpdGVzLzE5LzIwMjQvMDkvZG91Z2gtaG9vay1jbGFzc2ljLmpwZw.webp\",\"width\":2000,\"height\":2000},{\"@type\":\"BreadcrumbList\",\"@id\":\"https:\/\/www.ankarsrum.com\/dk\/product\/dejkrog-classic\/#breadcrumb\",\"itemListElement\":[{\"@type\":\"ListItem\",\"position\":1,\"name\":\"Home\",\"item\":\"https:\/\/www.ankarsrum.com\/dk\/\"},{\"@type\":\"ListItem\",\"position\":2,\"name\":\"Produce name\",\"item\":\"https:\/\/www.ankarsrum.com\/dk\/shop\/\"},{\"@type\":\"ListItem\",\"position\":3,\"name\":\"Dejkrog Classic\"}]},{\"@type\":\"WebSite\",\"@id\":\"https:\/\/www.ankarsrum.com\/dk\/#website\",\"url\":\"https:\/\/www.ankarsrum.com\/dk\/\",\"name\":\"Ankarsrum Denmark\",\"description\":\"The bread of the world\",\"potentialAction\":[{\"@type\":\"SearchAction\",\"target\":{\"@type\":\"EntryPoint\",\"urlTemplate\":\"https:\/\/www.ankarsrum.com\/dk\/?s={search_term_string}\"},\"query-input\":{\"@type\":\"PropertyValueSpecification\",\"valueRequired\":true,\"valueName\":\"search_term_string\"}}],\"inLanguage\":\"da-DK\"}]}<\/script>\n<!-- \/ Yoast SEO Premium plugin. -->","yoast_head_json":{"title":"Dejkrog Classic \u2013 tilbeh\u00f8r til Ankarsrum bakning","description":"Oppdag dejkrogen Classic i rustfritt st\u00e5l fra Ankarsrum \u2013 perfekt til st\u00f8rre bake\u00addeiger og kompatibel med modellerne N1-N24.","robots":{"index":"index","follow":"follow","max-snippet":"max-snippet:-1","max-image-preview":"max-image-preview:large","max-video-preview":"max-video-preview:-1"},"canonical":"https:\/\/www.ankarsrum.com\/dk\/product\/dejkrog-classic\/","og_locale":"da_DK","og_type":"article","og_title":"Dejkrog Classic","og_description":"Oppdag dejkrogen Classic i rustfritt st\u00e5l fra Ankarsrum \u2013 perfekt til st\u00f8rre bake\u00addeiger og kompatibel med modellerne N1-N24.","og_url":"https:\/\/www.ankarsrum.com\/dk\/product\/dejkrog-classic\/","og_site_name":"Ankarsrum Denmark","article_modified_time":"2026-04-27T22:31:40+00:00","og_image":[{"width":1200,"height":630,"url":"https:\/\/www.ankarsrum.com\/dk\/wp-content\/uploads\/sites\/19\/2024\/09\/dough-hook-classic.jpg","type":"image\/jpeg"}],"twitter_card":"summary_large_image","twitter_misc":{"Estimeret l\u00e6setid":"1 minut"},"schema":{"@context":"https:\/\/schema.org","@graph":[{"@type":"WebPage","@id":"https:\/\/www.ankarsrum.com\/dk\/product\/dejkrog-classic\/","url":"https:\/\/www.ankarsrum.com\/dk\/product\/dejkrog-classic\/","name":"Dejkrog Classic \u2013 tilbeh\u00f8r til Ankarsrum bakning","isPartOf":{"@id":"https:\/\/www.ankarsrum.com\/dk\/#website"},"primaryImageOfPage":{"@id":"https:\/\/www.ankarsrum.com\/dk\/product\/dejkrog-classic\/#primaryimage"},"image":{"@id":"https:\/\/www.ankarsrum.com\/dk\/product\/dejkrog-classic\/#primaryimage"},"thumbnailUrl":"https:\/\/www.ankarsrum.com\/img-srv\/sZIvlBG_MjQGRJRDHXXoDuOE-esDTWYW5bxibzIhvyY\/resizing_type:auto\/width:0\/height:0\/gravity:sm\/enlarge:1\/ext:webp\/strip_metadata:1\/quality:90\/cachebuster:filesize-92109\/bG9jYWw6Ly8vd3d3LmFua2Fyc3J1bS5jb20vd3AtY29udGVudC91cGxvYWRzL3NpdGVzLzE5LzIwMjQvMDkvZG91Z2gtaG9vay1jbGFzc2ljLmpwZw.webp","datePublished":"2024-07-15T12:09:23+00:00","dateModified":"2026-04-27T22:31:40+00:00","description":"Oppdag dejkrogen Classic i rustfritt st\u00e5l fra Ankarsrum \u2013 perfekt til st\u00f8rre bake\u00addeiger og kompatibel med modellerne N1-N24.","breadcrumb":{"@id":"https:\/\/www.ankarsrum.com\/dk\/product\/dejkrog-classic\/#breadcrumb"},"inLanguage":"da-DK","potentialAction":[{"@type":"ReadAction","target":["https:\/\/www.ankarsrum.com\/dk\/product\/dejkrog-classic\/"]}]},{"@type":"ImageObject","inLanguage":"da-DK","@id":"https:\/\/www.ankarsrum.com\/dk\/product\/dejkrog-classic\/#primaryimage","url":"https:\/\/www.ankarsrum.com\/img-srv\/sZIvlBG_MjQGRJRDHXXoDuOE-esDTWYW5bxibzIhvyY\/resizing_type:auto\/width:0\/height:0\/gravity:sm\/enlarge:1\/ext:webp\/strip_metadata:1\/quality:90\/cachebuster:filesize-92109\/bG9jYWw6Ly8vd3d3LmFua2Fyc3J1bS5jb20vd3AtY29udGVudC91cGxvYWRzL3NpdGVzLzE5LzIwMjQvMDkvZG91Z2gtaG9vay1jbGFzc2ljLmpwZw.webp","contentUrl":"https:\/\/www.ankarsrum.com\/img-srv\/sZIvlBG_MjQGRJRDHXXoDuOE-esDTWYW5bxibzIhvyY\/resizing_type:auto\/width:0\/height:0\/gravity:sm\/enlarge:1\/ext:webp\/strip_metadata:1\/quality:90\/cachebuster:filesize-92109\/bG9jYWw6Ly8vd3d3LmFua2Fyc3J1bS5jb20vd3AtY29udGVudC91cGxvYWRzL3NpdGVzLzE5LzIwMjQvMDkvZG91Z2gtaG9vay1jbGFzc2ljLmpwZw.webp","width":2000,"height":2000},{"@type":"BreadcrumbList","@id":"https:\/\/www.ankarsrum.com\/dk\/product\/dejkrog-classic\/#breadcrumb","itemListElement":[{"@type":"ListItem","position":1,"name":"Home","item":"https:\/\/www.ankarsrum.com\/dk\/"},{"@type":"ListItem","position":2,"name":"Produce name","item":"https:\/\/www.ankarsrum.com\/dk\/shop\/"},{"@type":"ListItem","position":3,"name":"Dejkrog Classic"}]},{"@type":"WebSite","@id":"https:\/\/www.ankarsrum.com\/dk\/#website","url":"https:\/\/www.ankarsrum.com\/dk\/","name":"Ankarsrum Denmark","description":"The bread of the world","potentialAction":[{"@type":"SearchAction","target":{"@type":"EntryPoint","urlTemplate":"https:\/\/www.ankarsrum.com\/dk\/?s={search_term_string}"},"query-input":{"@type":"PropertyValueSpecification","valueRequired":true,"valueName":"search_term_string"}}],"inLanguage":"da-DK"}]}},"_links":{"self":[{"href":"https:\/\/www.ankarsrum.com\/dk\/wp-json\/wp\/v2\/product\/5334","targetHints":{"allow":["GET"]}}],"collection":[{"href":"https:\/\/www.ankarsrum.com\/dk\/wp-json\/wp\/v2\/product"}],"about":[{"href":"https:\/\/www.ankarsrum.com\/dk\/wp-json\/wp\/v2\/types\/product"}],"replies":[{"embeddable":true,"href":"https:\/\/www.ankarsrum.com\/dk\/wp-json\/wp\/v2\/comments?post=5334"}],"wp:featuredmedia":[{"embeddable":true,"href":"https:\/\/www.ankarsrum.com\/dk\/wp-json\/wp\/v2\/media\/13781"}],"wp:attachment":[{"href":"https:\/\/www.ankarsrum.com\/dk\/wp-json\/wp\/v2\/media?parent=5334"}],"wp:term":[{"taxonomy":"product_brand","embeddable":true,"href":"https:\/\/www.ankarsrum.com\/dk\/wp-json\/wp\/v2\/product_brand?post=5334"},{"taxonomy":"product_cat","embeddable":true,"href":"https:\/\/www.ankarsrum.com\/dk\/wp-json\/wp\/v2\/product_cat?post=5334"},{"taxonomy":"product_tag","embeddable":true,"href":"https:\/\/www.ankarsrum.com\/dk\/wp-json\/wp\/v2\/product_tag?post=5334"},{"taxonomy":"product-tag","embeddable":true,"href":"https:\/\/www.ankarsrum.com\/dk\/wp-json\/wp\/v2\/product-tag?post=5334"},{"taxonomy":"machines","embeddable":true,"href":"https:\/\/www.ankarsrum.com\/dk\/wp-json\/wp\/v2\/machines?post=5334"},{"taxonomy":"filter","embeddable":true,"href":"https:\/\/www.ankarsrum.com\/dk\/wp-json\/wp\/v2\/filter?post=5334"}],"curies":[{"name":"wp","href":"https:\/\/api.w.org\/{rel}","templated":true}]}}