{"id":5335,"date":"2024-07-10T16:39:15","date_gmt":"2024-07-10T14:39:15","guid":{"rendered":"https:\/\/www.ankarsrum.com\/dk\/product\/hurtigpisker-saet\/"},"modified":"2026-04-29T00:36:37","modified_gmt":"2026-04-28T22:36:37","slug":"hurtigpisker-saet","status":"publish","type":"product","link":"https:\/\/www.ankarsrum.com\/dk\/product\/hurtigpisker-saet\/","title":{"rendered":"Hurtigpisker-s\u00e6t"},"content":{"rendered":"<p>Ballonpiskerisene \u2013 til ideel fluffiness!<\/p>\n<p><br \/>\u2022 Brug ballonpiskerisene n\u00e5r du vil piske l\u00f8se blandinger s\u00e5som marengs, fl\u00f8de, \u00e6g eller svampede kagemix.<br \/>\u2022 Volumenkapacitet: fl\u00f8de (0,1-0,8 liter), \u00e6ggehvider (2-20 \u00e6g), Pandekagedej (0,5-2,5 liter), svampede kagemix (1-2pakker).<br \/>\u2022 Brug m\u00f8rdejs\u00e6lteren n\u00e5r du vil lave en dej, der er baseret p\u00e5 sturtempereret sm\u00f8r, for eksempel t\u00e6rtedej eller cookiedej.<br \/>\u2022 Hurtigpiskerensk\u00e5len p\u00e5sat m\u00f8rdejs\u00e6lteren skal altid anvendes med stuetempereret eller smeltet sm\u00f8r.<br \/>\u2022 Plastsk\u00e5len t\u00e5ler varme og er fremragende til at lave italiensk marengs.<br \/>\u2022 Plastsk\u00e5len er lavet af Tritan copolyester, BPA fri.<br \/>\u2022 Passer til alle Assistenter N1-N30.<\/p>","protected":false},"excerpt":{"rendered":"<p>Med ballonpiskerisene kan du alltid piske den perfekte fl\u00f8deskum, fluffy creme og marengs, og med m\u00f8rdejs\u00e6lteren laver du b\u00e5de de smukkeste sm\u00e5kager og de spr\u00f8deste pie-kager, du kan forestille dig. Lad det sjove begynde: form det, bag det &#8211; spis det! Kagen er din!<\/p>\n","protected":false},"featured_media":14028,"comment_status":"open","ping_status":"closed","template":"","meta":{"_acf_changed":false,"content-type":"","editor_notices":[]},"product_brand":[],"product_cat":[450],"product_tag":[155],"product-tag":[],"machines":[215,232,234,238,243,248,249,250,255,257,220,259,222,226,227,231,214,218],"filter":[271],"class_list":{"0":"post-5335","1":"product","2":"type-product","3":"status-publish","4":"has-post-thumbnail","6":"product_cat-ankarsrum-assistent-dele","7":"product_tag-akm6230","8":"machines-02-n1","9":"machines-09-n10","10":"machines-10-n100","11":"machines-11-n20","12":"machines-12-n21","13":"machines-13-n22","14":"machines-14-n23","15":"machines-15-n24","16":"machines-16-n25","17":"machines-17-n28","18":"machines-04-n3","19":"machines-18-n30","20":"machines-05-n4","21":"machines-06-n6","22":"machines-07-n7","23":"machines-08-n8","24":"machines-01-ng1","25":"machines-03-nx1","26":"filter-basispakke","28":"first","29":"instock","30":"taxable","31":"shipping-taxable","32":"purchasable","33":"product-type-simple"},"bundled_by":[],"bundle_stock_status":"instock","bundle_stock_quantity":null,"bundle_virtual":false,"bundle_layout":"","bundle_add_to_cart_form_location":"","bundle_editable_in_cart":false,"bundle_sold_individually_context":"","bundle_item_grouping":"","bundle_min_size":"","bundle_max_size":"","bundle_price":[],"bundled_items":[],"bundle_sell_ids":[],"acf":[],"yoast_head":"<!-- This site is optimized with the Yoast SEO Premium plugin v26.6 (Yoast SEO v26.6) - https:\/\/yoast.com\/wordpress\/plugins\/seo\/ -->\n<title>Hurtigpisker-s\u00e6t \u2013 tilbeh\u00f8r til Ankarsrum k\u00f8kkenmaskine<\/title>\n<meta name=\"description\" content=\"Opdag Hurtigpisker-s\u00e6ttet fra Ankarsrum \u2013 inkl. ballonpiskeris, m\u00f8rdejs\u00e6lter og piskesk\u00e5l til luftig fl\u00f8deskum, marengs og sm\u00e5kagedej.\" \/>\n<meta name=\"robots\" content=\"index, follow, max-snippet:-1, max-image-preview:large, max-video-preview:-1\" \/>\n<link rel=\"canonical\" href=\"https:\/\/www.ankarsrum.com\/dk\/product\/hurtigpisker-saet\/\" \/>\n<meta property=\"og:locale\" content=\"da_DK\" \/>\n<meta property=\"og:type\" content=\"article\" \/>\n<meta property=\"og:title\" content=\"Hurtigpisker-s\u00e6t\" \/>\n<meta property=\"og:description\" content=\"Opdag Hurtigpisker-s\u00e6ttet fra Ankarsrum \u2013 inkl. ballonpiskeris, m\u00f8rdejs\u00e6lter og piskesk\u00e5l til luftig fl\u00f8deskum, marengs og sm\u00e5kagedej.\" \/>\n<meta property=\"og:url\" content=\"https:\/\/www.ankarsrum.com\/dk\/product\/hurtigpisker-saet\/\" \/>\n<meta property=\"og:site_name\" content=\"Ankarsrum Denmark\" \/>\n<meta property=\"article:modified_time\" content=\"2026-04-28T22:36:37+00:00\" \/>\n<meta property=\"og:image\" content=\"https:\/\/www.ankarsrum.com\/dk\/wp-content\/uploads\/sites\/19\/2024\/09\/dubbelvisp-komplett.jpg\" \/>\n\t<meta property=\"og:image:width\" content=\"1200\" \/>\n\t<meta property=\"og:image:height\" content=\"630\" \/>\n\t<meta property=\"og:image:type\" content=\"image\/jpeg\" \/>\n<meta name=\"twitter:card\" content=\"summary_large_image\" \/>\n<meta name=\"twitter:label1\" content=\"Estimeret l\u00e6setid\" \/>\n\t<meta name=\"twitter:data1\" content=\"1 minut\" \/>\n<script type=\"application\/ld+json\" class=\"yoast-schema-graph\">{\"@context\":\"https:\/\/schema.org\",\"@graph\":[{\"@type\":\"WebPage\",\"@id\":\"https:\/\/www.ankarsrum.com\/dk\/product\/hurtigpisker-saet\/\",\"url\":\"https:\/\/www.ankarsrum.com\/dk\/product\/hurtigpisker-saet\/\",\"name\":\"Hurtigpisker-s\u00e6t \u2013 tilbeh\u00f8r til Ankarsrum k\u00f8kkenmaskine\",\"isPartOf\":{\"@id\":\"https:\/\/www.ankarsrum.com\/dk\/#website\"},\"primaryImageOfPage\":{\"@id\":\"https:\/\/www.ankarsrum.com\/dk\/product\/hurtigpisker-saet\/#primaryimage\"},\"image\":{\"@id\":\"https:\/\/www.ankarsrum.com\/dk\/product\/hurtigpisker-saet\/#primaryimage\"},\"thumbnailUrl\":\"https:\/\/www.ankarsrum.com\/img-srv\/6msRslMCXE54ZX3xjwtl6URuT91fK59QYEcoW8B2Pzk\/resizing_type:auto\/width:0\/height:0\/gravity:sm\/enlarge:1\/ext:webp\/strip_metadata:1\/quality:90\/cachebuster:filesize-129807\/bG9jYWw6Ly8vd3d3LmFua2Fyc3J1bS5jb20vd3AtY29udGVudC91cGxvYWRzL3NpdGVzLzE5LzIwMjQvMDkvZHViYmVsdmlzcC1rb21wbGV0dC5qcGc.webp\",\"datePublished\":\"2024-07-10T14:39:15+00:00\",\"dateModified\":\"2026-04-28T22:36:37+00:00\",\"description\":\"Opdag Hurtigpisker-s\u00e6ttet fra Ankarsrum \u2013 inkl. ballonpiskeris, m\u00f8rdejs\u00e6lter og piskesk\u00e5l til luftig fl\u00f8deskum, marengs og sm\u00e5kagedej.\",\"breadcrumb\":{\"@id\":\"https:\/\/www.ankarsrum.com\/dk\/product\/hurtigpisker-saet\/#breadcrumb\"},\"inLanguage\":\"da-DK\",\"potentialAction\":[{\"@type\":\"ReadAction\",\"target\":[\"https:\/\/www.ankarsrum.com\/dk\/product\/hurtigpisker-saet\/\"]}]},{\"@type\":\"ImageObject\",\"inLanguage\":\"da-DK\",\"@id\":\"https:\/\/www.ankarsrum.com\/dk\/product\/hurtigpisker-saet\/#primaryimage\",\"url\":\"https:\/\/www.ankarsrum.com\/img-srv\/6msRslMCXE54ZX3xjwtl6URuT91fK59QYEcoW8B2Pzk\/resizing_type:auto\/width:0\/height:0\/gravity:sm\/enlarge:1\/ext:webp\/strip_metadata:1\/quality:90\/cachebuster:filesize-129807\/bG9jYWw6Ly8vd3d3LmFua2Fyc3J1bS5jb20vd3AtY29udGVudC91cGxvYWRzL3NpdGVzLzE5LzIwMjQvMDkvZHViYmVsdmlzcC1rb21wbGV0dC5qcGc.webp\",\"contentUrl\":\"https:\/\/www.ankarsrum.com\/img-srv\/6msRslMCXE54ZX3xjwtl6URuT91fK59QYEcoW8B2Pzk\/resizing_type:auto\/width:0\/height:0\/gravity:sm\/enlarge:1\/ext:webp\/strip_metadata:1\/quality:90\/cachebuster:filesize-129807\/bG9jYWw6Ly8vd3d3LmFua2Fyc3J1bS5jb20vd3AtY29udGVudC91cGxvYWRzL3NpdGVzLzE5LzIwMjQvMDkvZHViYmVsdmlzcC1rb21wbGV0dC5qcGc.webp\",\"width\":2000,\"height\":2000},{\"@type\":\"BreadcrumbList\",\"@id\":\"https:\/\/www.ankarsrum.com\/dk\/product\/hurtigpisker-saet\/#breadcrumb\",\"itemListElement\":[{\"@type\":\"ListItem\",\"position\":1,\"name\":\"Home\",\"item\":\"https:\/\/www.ankarsrum.com\/dk\/\"},{\"@type\":\"ListItem\",\"position\":2,\"name\":\"Produce name\",\"item\":\"https:\/\/www.ankarsrum.com\/dk\/shop\/\"},{\"@type\":\"ListItem\",\"position\":3,\"name\":\"Hurtigpisker-s\u00e6t\"}]},{\"@type\":\"WebSite\",\"@id\":\"https:\/\/www.ankarsrum.com\/dk\/#website\",\"url\":\"https:\/\/www.ankarsrum.com\/dk\/\",\"name\":\"Ankarsrum Denmark\",\"description\":\"The bread of the world\",\"potentialAction\":[{\"@type\":\"SearchAction\",\"target\":{\"@type\":\"EntryPoint\",\"urlTemplate\":\"https:\/\/www.ankarsrum.com\/dk\/?s={search_term_string}\"},\"query-input\":{\"@type\":\"PropertyValueSpecification\",\"valueRequired\":true,\"valueName\":\"search_term_string\"}}],\"inLanguage\":\"da-DK\"}]}<\/script>\n<!-- \/ Yoast SEO Premium plugin. -->","yoast_head_json":{"title":"Hurtigpisker-s\u00e6t \u2013 tilbeh\u00f8r til Ankarsrum k\u00f8kkenmaskine","description":"Opdag Hurtigpisker-s\u00e6ttet fra Ankarsrum \u2013 inkl. ballonpiskeris, m\u00f8rdejs\u00e6lter og piskesk\u00e5l til luftig fl\u00f8deskum, marengs og sm\u00e5kagedej.","robots":{"index":"index","follow":"follow","max-snippet":"max-snippet:-1","max-image-preview":"max-image-preview:large","max-video-preview":"max-video-preview:-1"},"canonical":"https:\/\/www.ankarsrum.com\/dk\/product\/hurtigpisker-saet\/","og_locale":"da_DK","og_type":"article","og_title":"Hurtigpisker-s\u00e6t","og_description":"Opdag Hurtigpisker-s\u00e6ttet fra Ankarsrum \u2013 inkl. ballonpiskeris, m\u00f8rdejs\u00e6lter og piskesk\u00e5l til luftig fl\u00f8deskum, marengs og sm\u00e5kagedej.","og_url":"https:\/\/www.ankarsrum.com\/dk\/product\/hurtigpisker-saet\/","og_site_name":"Ankarsrum Denmark","article_modified_time":"2026-04-28T22:36:37+00:00","og_image":[{"width":1200,"height":630,"url":"https:\/\/www.ankarsrum.com\/dk\/wp-content\/uploads\/sites\/19\/2024\/09\/dubbelvisp-komplett.jpg","type":"image\/jpeg"}],"twitter_card":"summary_large_image","twitter_misc":{"Estimeret l\u00e6setid":"1 minut"},"schema":{"@context":"https:\/\/schema.org","@graph":[{"@type":"WebPage","@id":"https:\/\/www.ankarsrum.com\/dk\/product\/hurtigpisker-saet\/","url":"https:\/\/www.ankarsrum.com\/dk\/product\/hurtigpisker-saet\/","name":"Hurtigpisker-s\u00e6t \u2013 tilbeh\u00f8r til Ankarsrum k\u00f8kkenmaskine","isPartOf":{"@id":"https:\/\/www.ankarsrum.com\/dk\/#website"},"primaryImageOfPage":{"@id":"https:\/\/www.ankarsrum.com\/dk\/product\/hurtigpisker-saet\/#primaryimage"},"image":{"@id":"https:\/\/www.ankarsrum.com\/dk\/product\/hurtigpisker-saet\/#primaryimage"},"thumbnailUrl":"https:\/\/www.ankarsrum.com\/img-srv\/6msRslMCXE54ZX3xjwtl6URuT91fK59QYEcoW8B2Pzk\/resizing_type:auto\/width:0\/height:0\/gravity:sm\/enlarge:1\/ext:webp\/strip_metadata:1\/quality:90\/cachebuster:filesize-129807\/bG9jYWw6Ly8vd3d3LmFua2Fyc3J1bS5jb20vd3AtY29udGVudC91cGxvYWRzL3NpdGVzLzE5LzIwMjQvMDkvZHViYmVsdmlzcC1rb21wbGV0dC5qcGc.webp","datePublished":"2024-07-10T14:39:15+00:00","dateModified":"2026-04-28T22:36:37+00:00","description":"Opdag Hurtigpisker-s\u00e6ttet fra Ankarsrum \u2013 inkl. ballonpiskeris, m\u00f8rdejs\u00e6lter og piskesk\u00e5l til luftig fl\u00f8deskum, marengs og sm\u00e5kagedej.","breadcrumb":{"@id":"https:\/\/www.ankarsrum.com\/dk\/product\/hurtigpisker-saet\/#breadcrumb"},"inLanguage":"da-DK","potentialAction":[{"@type":"ReadAction","target":["https:\/\/www.ankarsrum.com\/dk\/product\/hurtigpisker-saet\/"]}]},{"@type":"ImageObject","inLanguage":"da-DK","@id":"https:\/\/www.ankarsrum.com\/dk\/product\/hurtigpisker-saet\/#primaryimage","url":"https:\/\/www.ankarsrum.com\/img-srv\/6msRslMCXE54ZX3xjwtl6URuT91fK59QYEcoW8B2Pzk\/resizing_type:auto\/width:0\/height:0\/gravity:sm\/enlarge:1\/ext:webp\/strip_metadata:1\/quality:90\/cachebuster:filesize-129807\/bG9jYWw6Ly8vd3d3LmFua2Fyc3J1bS5jb20vd3AtY29udGVudC91cGxvYWRzL3NpdGVzLzE5LzIwMjQvMDkvZHViYmVsdmlzcC1rb21wbGV0dC5qcGc.webp","contentUrl":"https:\/\/www.ankarsrum.com\/img-srv\/6msRslMCXE54ZX3xjwtl6URuT91fK59QYEcoW8B2Pzk\/resizing_type:auto\/width:0\/height:0\/gravity:sm\/enlarge:1\/ext:webp\/strip_metadata:1\/quality:90\/cachebuster:filesize-129807\/bG9jYWw6Ly8vd3d3LmFua2Fyc3J1bS5jb20vd3AtY29udGVudC91cGxvYWRzL3NpdGVzLzE5LzIwMjQvMDkvZHViYmVsdmlzcC1rb21wbGV0dC5qcGc.webp","width":2000,"height":2000},{"@type":"BreadcrumbList","@id":"https:\/\/www.ankarsrum.com\/dk\/product\/hurtigpisker-saet\/#breadcrumb","itemListElement":[{"@type":"ListItem","position":1,"name":"Home","item":"https:\/\/www.ankarsrum.com\/dk\/"},{"@type":"ListItem","position":2,"name":"Produce name","item":"https:\/\/www.ankarsrum.com\/dk\/shop\/"},{"@type":"ListItem","position":3,"name":"Hurtigpisker-s\u00e6t"}]},{"@type":"WebSite","@id":"https:\/\/www.ankarsrum.com\/dk\/#website","url":"https:\/\/www.ankarsrum.com\/dk\/","name":"Ankarsrum Denmark","description":"The bread of the world","potentialAction":[{"@type":"SearchAction","target":{"@type":"EntryPoint","urlTemplate":"https:\/\/www.ankarsrum.com\/dk\/?s={search_term_string}"},"query-input":{"@type":"PropertyValueSpecification","valueRequired":true,"valueName":"search_term_string"}}],"inLanguage":"da-DK"}]}},"_links":{"self":[{"href":"https:\/\/www.ankarsrum.com\/dk\/wp-json\/wp\/v2\/product\/5335","targetHints":{"allow":["GET"]}}],"collection":[{"href":"https:\/\/www.ankarsrum.com\/dk\/wp-json\/wp\/v2\/product"}],"about":[{"href":"https:\/\/www.ankarsrum.com\/dk\/wp-json\/wp\/v2\/types\/product"}],"replies":[{"embeddable":true,"href":"https:\/\/www.ankarsrum.com\/dk\/wp-json\/wp\/v2\/comments?post=5335"}],"wp:featuredmedia":[{"embeddable":true,"href":"https:\/\/www.ankarsrum.com\/dk\/wp-json\/wp\/v2\/media\/14028"}],"wp:attachment":[{"href":"https:\/\/www.ankarsrum.com\/dk\/wp-json\/wp\/v2\/media?parent=5335"}],"wp:term":[{"taxonomy":"product_brand","embeddable":true,"href":"https:\/\/www.ankarsrum.com\/dk\/wp-json\/wp\/v2\/product_brand?post=5335"},{"taxonomy":"product_cat","embeddable":true,"href":"https:\/\/www.ankarsrum.com\/dk\/wp-json\/wp\/v2\/product_cat?post=5335"},{"taxonomy":"product_tag","embeddable":true,"href":"https:\/\/www.ankarsrum.com\/dk\/wp-json\/wp\/v2\/product_tag?post=5335"},{"taxonomy":"product-tag","embeddable":true,"href":"https:\/\/www.ankarsrum.com\/dk\/wp-json\/wp\/v2\/product-tag?post=5335"},{"taxonomy":"machines","embeddable":true,"href":"https:\/\/www.ankarsrum.com\/dk\/wp-json\/wp\/v2\/machines?post=5335"},{"taxonomy":"filter","embeddable":true,"href":"https:\/\/www.ankarsrum.com\/dk\/wp-json\/wp\/v2\/filter?post=5335"}],"curies":[{"name":"wp","href":"https:\/\/api.w.org\/{rel}","templated":true}]}}