{"id":5337,"date":"2024-07-04T09:07:22","date_gmt":"2024-07-04T07:07:22","guid":{"rendered":"https:\/\/www.ankarsrum.com\/dk\/product\/citruspresser\/"},"modified":"2026-04-15T23:35:52","modified_gmt":"2026-04-15T21:35:52","slug":"citruspresser","status":"publish","type":"product","link":"https:\/\/www.ankarsrum.com\/dk\/product\/citruspresser\/","title":{"rendered":"Citruspresser"},"content":{"rendered":"<p>Med Ankarsrums Citruspresser bliver det nemt at presse frugt \u2013 og det er lige s\u00e5 effektivt, som det er enkelt. Monter Citruspresseren p\u00e5 din Ankarsrum Assistent Original og lad maskinen g\u00f8re arbejdet for dig. Uanset om du vil presse lime til din mad eller servere frisk appelsinjuice til morgenmad, f\u00e5r du maksimal juice med minimal indsats. Perfekt til alt fra appelsiner og citroner til limefrugter og grapefrugt!<\/p>\n<p>Det smarte si-design fanger fr\u00f8 og frugtk\u00f8d, mens selve pressedelen s\u00f8rger for, at bitterheden fra frugten ikke f\u00f8lger med. <span>Med en kapacitet p\u00e5 1,2 liter kan du nemt lave juice til hele familien, og den BPA-fri beholder g\u00f8r det nemt at h\u00e6lde direkte fra sk\u00e5len. G\u00f8r hver dag lidt friskere med Ankarsrum Citruspresser &#8211; den perfekte hj\u00e6lper i dit k\u00f8kken!<\/span><\/p>\n<p><strong>Citruspresseren passer til alle modeller af Assistent Original N1-N30.<\/strong><\/p>\n<p>Hvad er inkluderet?<\/p>\n<ul>\n<li>Gennemsigtig beholder\/sk\u00e5l<\/li>\n<li class=\"MsoNormal\" style=\"line-height: normal;\">Hvid citruspresser<\/li>\n<\/ul>","protected":false},"excerpt":{"rendered":"<p>Giv dine morgener en forfriskende start med friskpresset juice \u2013 g\u00f8res nemt med Ankarsrums Citruspresser. Uanset om det er appelsin, lime eller grapefrugt, bliver det en uundv\u00e6rlig del i k\u00f8kkenet, som hele familien kan nyde.<\/p>\n","protected":false},"featured_media":13425,"comment_status":"open","ping_status":"closed","template":"","meta":{"_acf_changed":false,"content-type":"","editor_notices":[]},"product_brand":[],"product_cat":[453],"product_tag":[],"product-tag":[],"machines":[215,232,234,238,243,248,249,250,255,257,220,259,222,226,227,231,214,218],"filter":[314],"class_list":{"0":"post-5337","1":"product","2":"type-product","3":"status-publish","4":"has-post-thumbnail","6":"product_cat-ankarsrum-tilbehoer","7":"machines-02-n1","8":"machines-09-n10","9":"machines-10-n100","10":"machines-11-n20","11":"machines-12-n21","12":"machines-13-n22","13":"machines-14-n23","14":"machines-15-n24","15":"machines-16-n25","16":"machines-17-n28","17":"machines-04-n3","18":"machines-18-n30","19":"machines-05-n4","20":"machines-06-n6","21":"machines-07-n7","22":"machines-08-n8","23":"machines-01-ng1","24":"machines-03-nx1","25":"filter-frugt-og-groent","27":"first","28":"instock","29":"taxable","30":"shipping-taxable","31":"purchasable","32":"product-type-simple"},"bundled_by":[],"bundle_stock_status":"instock","bundle_stock_quantity":null,"bundle_virtual":false,"bundle_layout":"","bundle_add_to_cart_form_location":"","bundle_editable_in_cart":false,"bundle_sold_individually_context":"","bundle_item_grouping":"","bundle_min_size":"","bundle_max_size":"","bundle_price":[],"bundled_items":[],"bundle_sell_ids":[],"acf":[],"yoast_head":"<!-- This site is optimized with the Yoast SEO Premium plugin v26.6 (Yoast SEO v26.6) - https:\/\/yoast.com\/wordpress\/plugins\/seo\/ -->\n<title>Citruspresser til Ankarsrum k\u00f8kkenmaskine<\/title>\n<meta name=\"description\" content=\"Citruspresser til Ankarsrum k\u00f8kkenmaskine. Perfekt til friskpresset juice af citroner og appelsiner. Nem at bruge og reng\u00f8re.\" \/>\n<meta name=\"robots\" content=\"index, follow, max-snippet:-1, max-image-preview:large, max-video-preview:-1\" \/>\n<link rel=\"canonical\" href=\"https:\/\/www.ankarsrum.com\/dk\/product\/citruspresser\/\" \/>\n<meta property=\"og:locale\" content=\"da_DK\" \/>\n<meta property=\"og:type\" content=\"article\" \/>\n<meta property=\"og:title\" content=\"Citruspresser\" \/>\n<meta property=\"og:description\" content=\"Citruspresser til Ankarsrum k\u00f8kkenmaskine. Perfekt til friskpresset juice af citroner og appelsiner. Nem at bruge og reng\u00f8re.\" \/>\n<meta property=\"og:url\" content=\"https:\/\/www.ankarsrum.com\/dk\/product\/citruspresser\/\" \/>\n<meta property=\"og:site_name\" content=\"Ankarsrum Denmark\" \/>\n<meta property=\"article:modified_time\" content=\"2026-04-15T21:35:52+00:00\" \/>\n<meta property=\"og:image\" content=\"https:\/\/www.ankarsrum.com\/dk\/wp-content\/uploads\/sites\/19\/2024\/09\/citruspress-scaled.jpg\" \/>\n\t<meta property=\"og:image:width\" content=\"1200\" \/>\n\t<meta property=\"og:image:height\" content=\"630\" \/>\n\t<meta property=\"og:image:type\" content=\"image\/jpeg\" \/>\n<meta name=\"twitter:card\" content=\"summary_large_image\" \/>\n<meta name=\"twitter:label1\" content=\"Estimeret l\u00e6setid\" \/>\n\t<meta name=\"twitter:data1\" content=\"1 minut\" \/>\n<script type=\"application\/ld+json\" class=\"yoast-schema-graph\">{\"@context\":\"https:\/\/schema.org\",\"@graph\":[{\"@type\":\"WebPage\",\"@id\":\"https:\/\/www.ankarsrum.com\/dk\/product\/citruspresser\/\",\"url\":\"https:\/\/www.ankarsrum.com\/dk\/product\/citruspresser\/\",\"name\":\"Citruspresser til Ankarsrum k\u00f8kkenmaskine\",\"isPartOf\":{\"@id\":\"https:\/\/www.ankarsrum.com\/dk\/#website\"},\"primaryImageOfPage\":{\"@id\":\"https:\/\/www.ankarsrum.com\/dk\/product\/citruspresser\/#primaryimage\"},\"image\":{\"@id\":\"https:\/\/www.ankarsrum.com\/dk\/product\/citruspresser\/#primaryimage\"},\"thumbnailUrl\":\"https:\/\/www.ankarsrum.com\/img-srv\/MJsw3_TBzHfFiOpbRhYNIei9_J-PDrRENcuXzp0PSEU\/resizing_type:auto\/width:0\/height:0\/gravity:sm\/enlarge:1\/ext:webp\/strip_metadata:1\/quality:90\/cachebuster:filesize-210432\/bG9jYWw6Ly8vd3d3LmFua2Fyc3J1bS5jb20vd3AtY29udGVudC91cGxvYWRzL3NpdGVzLzE5LzIwMjQvMDkvY2l0cnVzcHJlc3Mtc2NhbGVkLmpwZw.webp\",\"datePublished\":\"2024-07-04T07:07:22+00:00\",\"dateModified\":\"2026-04-15T21:35:52+00:00\",\"description\":\"Citruspresser til Ankarsrum k\u00f8kkenmaskine. Perfekt til friskpresset juice af citroner og appelsiner. Nem at bruge og reng\u00f8re.\",\"breadcrumb\":{\"@id\":\"https:\/\/www.ankarsrum.com\/dk\/product\/citruspresser\/#breadcrumb\"},\"inLanguage\":\"da-DK\",\"potentialAction\":[{\"@type\":\"ReadAction\",\"target\":[\"https:\/\/www.ankarsrum.com\/dk\/product\/citruspresser\/\"]}]},{\"@type\":\"ImageObject\",\"inLanguage\":\"da-DK\",\"@id\":\"https:\/\/www.ankarsrum.com\/dk\/product\/citruspresser\/#primaryimage\",\"url\":\"https:\/\/www.ankarsrum.com\/img-srv\/MJsw3_TBzHfFiOpbRhYNIei9_J-PDrRENcuXzp0PSEU\/resizing_type:auto\/width:0\/height:0\/gravity:sm\/enlarge:1\/ext:webp\/strip_metadata:1\/quality:90\/cachebuster:filesize-210432\/bG9jYWw6Ly8vd3d3LmFua2Fyc3J1bS5jb20vd3AtY29udGVudC91cGxvYWRzL3NpdGVzLzE5LzIwMjQvMDkvY2l0cnVzcHJlc3Mtc2NhbGVkLmpwZw.webp\",\"contentUrl\":\"https:\/\/www.ankarsrum.com\/img-srv\/MJsw3_TBzHfFiOpbRhYNIei9_J-PDrRENcuXzp0PSEU\/resizing_type:auto\/width:0\/height:0\/gravity:sm\/enlarge:1\/ext:webp\/strip_metadata:1\/quality:90\/cachebuster:filesize-210432\/bG9jYWw6Ly8vd3d3LmFua2Fyc3J1bS5jb20vd3AtY29udGVudC91cGxvYWRzL3NpdGVzLzE5LzIwMjQvMDkvY2l0cnVzcHJlc3Mtc2NhbGVkLmpwZw.webp\",\"width\":2560,\"height\":2560},{\"@type\":\"BreadcrumbList\",\"@id\":\"https:\/\/www.ankarsrum.com\/dk\/product\/citruspresser\/#breadcrumb\",\"itemListElement\":[{\"@type\":\"ListItem\",\"position\":1,\"name\":\"Home\",\"item\":\"https:\/\/www.ankarsrum.com\/dk\/\"},{\"@type\":\"ListItem\",\"position\":2,\"name\":\"Produce name\",\"item\":\"https:\/\/www.ankarsrum.com\/dk\/shop\/\"},{\"@type\":\"ListItem\",\"position\":3,\"name\":\"Citruspresser\"}]},{\"@type\":\"WebSite\",\"@id\":\"https:\/\/www.ankarsrum.com\/dk\/#website\",\"url\":\"https:\/\/www.ankarsrum.com\/dk\/\",\"name\":\"Ankarsrum Denmark\",\"description\":\"The bread of the world\",\"potentialAction\":[{\"@type\":\"SearchAction\",\"target\":{\"@type\":\"EntryPoint\",\"urlTemplate\":\"https:\/\/www.ankarsrum.com\/dk\/?s={search_term_string}\"},\"query-input\":{\"@type\":\"PropertyValueSpecification\",\"valueRequired\":true,\"valueName\":\"search_term_string\"}}],\"inLanguage\":\"da-DK\"}]}<\/script>\n<!-- \/ Yoast SEO Premium plugin. -->","yoast_head_json":{"title":"Citruspresser til Ankarsrum k\u00f8kkenmaskine","description":"Citruspresser til Ankarsrum k\u00f8kkenmaskine. Perfekt til friskpresset juice af citroner og appelsiner. Nem at bruge og reng\u00f8re.","robots":{"index":"index","follow":"follow","max-snippet":"max-snippet:-1","max-image-preview":"max-image-preview:large","max-video-preview":"max-video-preview:-1"},"canonical":"https:\/\/www.ankarsrum.com\/dk\/product\/citruspresser\/","og_locale":"da_DK","og_type":"article","og_title":"Citruspresser","og_description":"Citruspresser til Ankarsrum k\u00f8kkenmaskine. Perfekt til friskpresset juice af citroner og appelsiner. Nem at bruge og reng\u00f8re.","og_url":"https:\/\/www.ankarsrum.com\/dk\/product\/citruspresser\/","og_site_name":"Ankarsrum Denmark","article_modified_time":"2026-04-15T21:35:52+00:00","og_image":[{"width":1200,"height":630,"url":"https:\/\/www.ankarsrum.com\/dk\/wp-content\/uploads\/sites\/19\/2024\/09\/citruspress-scaled.jpg","type":"image\/jpeg"}],"twitter_card":"summary_large_image","twitter_misc":{"Estimeret l\u00e6setid":"1 minut"},"schema":{"@context":"https:\/\/schema.org","@graph":[{"@type":"WebPage","@id":"https:\/\/www.ankarsrum.com\/dk\/product\/citruspresser\/","url":"https:\/\/www.ankarsrum.com\/dk\/product\/citruspresser\/","name":"Citruspresser til Ankarsrum k\u00f8kkenmaskine","isPartOf":{"@id":"https:\/\/www.ankarsrum.com\/dk\/#website"},"primaryImageOfPage":{"@id":"https:\/\/www.ankarsrum.com\/dk\/product\/citruspresser\/#primaryimage"},"image":{"@id":"https:\/\/www.ankarsrum.com\/dk\/product\/citruspresser\/#primaryimage"},"thumbnailUrl":"https:\/\/www.ankarsrum.com\/img-srv\/MJsw3_TBzHfFiOpbRhYNIei9_J-PDrRENcuXzp0PSEU\/resizing_type:auto\/width:0\/height:0\/gravity:sm\/enlarge:1\/ext:webp\/strip_metadata:1\/quality:90\/cachebuster:filesize-210432\/bG9jYWw6Ly8vd3d3LmFua2Fyc3J1bS5jb20vd3AtY29udGVudC91cGxvYWRzL3NpdGVzLzE5LzIwMjQvMDkvY2l0cnVzcHJlc3Mtc2NhbGVkLmpwZw.webp","datePublished":"2024-07-04T07:07:22+00:00","dateModified":"2026-04-15T21:35:52+00:00","description":"Citruspresser til Ankarsrum k\u00f8kkenmaskine. Perfekt til friskpresset juice af citroner og appelsiner. Nem at bruge og reng\u00f8re.","breadcrumb":{"@id":"https:\/\/www.ankarsrum.com\/dk\/product\/citruspresser\/#breadcrumb"},"inLanguage":"da-DK","potentialAction":[{"@type":"ReadAction","target":["https:\/\/www.ankarsrum.com\/dk\/product\/citruspresser\/"]}]},{"@type":"ImageObject","inLanguage":"da-DK","@id":"https:\/\/www.ankarsrum.com\/dk\/product\/citruspresser\/#primaryimage","url":"https:\/\/www.ankarsrum.com\/img-srv\/MJsw3_TBzHfFiOpbRhYNIei9_J-PDrRENcuXzp0PSEU\/resizing_type:auto\/width:0\/height:0\/gravity:sm\/enlarge:1\/ext:webp\/strip_metadata:1\/quality:90\/cachebuster:filesize-210432\/bG9jYWw6Ly8vd3d3LmFua2Fyc3J1bS5jb20vd3AtY29udGVudC91cGxvYWRzL3NpdGVzLzE5LzIwMjQvMDkvY2l0cnVzcHJlc3Mtc2NhbGVkLmpwZw.webp","contentUrl":"https:\/\/www.ankarsrum.com\/img-srv\/MJsw3_TBzHfFiOpbRhYNIei9_J-PDrRENcuXzp0PSEU\/resizing_type:auto\/width:0\/height:0\/gravity:sm\/enlarge:1\/ext:webp\/strip_metadata:1\/quality:90\/cachebuster:filesize-210432\/bG9jYWw6Ly8vd3d3LmFua2Fyc3J1bS5jb20vd3AtY29udGVudC91cGxvYWRzL3NpdGVzLzE5LzIwMjQvMDkvY2l0cnVzcHJlc3Mtc2NhbGVkLmpwZw.webp","width":2560,"height":2560},{"@type":"BreadcrumbList","@id":"https:\/\/www.ankarsrum.com\/dk\/product\/citruspresser\/#breadcrumb","itemListElement":[{"@type":"ListItem","position":1,"name":"Home","item":"https:\/\/www.ankarsrum.com\/dk\/"},{"@type":"ListItem","position":2,"name":"Produce name","item":"https:\/\/www.ankarsrum.com\/dk\/shop\/"},{"@type":"ListItem","position":3,"name":"Citruspresser"}]},{"@type":"WebSite","@id":"https:\/\/www.ankarsrum.com\/dk\/#website","url":"https:\/\/www.ankarsrum.com\/dk\/","name":"Ankarsrum Denmark","description":"The bread of the world","potentialAction":[{"@type":"SearchAction","target":{"@type":"EntryPoint","urlTemplate":"https:\/\/www.ankarsrum.com\/dk\/?s={search_term_string}"},"query-input":{"@type":"PropertyValueSpecification","valueRequired":true,"valueName":"search_term_string"}}],"inLanguage":"da-DK"}]}},"_links":{"self":[{"href":"https:\/\/www.ankarsrum.com\/dk\/wp-json\/wp\/v2\/product\/5337","targetHints":{"allow":["GET"]}}],"collection":[{"href":"https:\/\/www.ankarsrum.com\/dk\/wp-json\/wp\/v2\/product"}],"about":[{"href":"https:\/\/www.ankarsrum.com\/dk\/wp-json\/wp\/v2\/types\/product"}],"replies":[{"embeddable":true,"href":"https:\/\/www.ankarsrum.com\/dk\/wp-json\/wp\/v2\/comments?post=5337"}],"wp:featuredmedia":[{"embeddable":true,"href":"https:\/\/www.ankarsrum.com\/dk\/wp-json\/wp\/v2\/media\/13425"}],"wp:attachment":[{"href":"https:\/\/www.ankarsrum.com\/dk\/wp-json\/wp\/v2\/media?parent=5337"}],"wp:term":[{"taxonomy":"product_brand","embeddable":true,"href":"https:\/\/www.ankarsrum.com\/dk\/wp-json\/wp\/v2\/product_brand?post=5337"},{"taxonomy":"product_cat","embeddable":true,"href":"https:\/\/www.ankarsrum.com\/dk\/wp-json\/wp\/v2\/product_cat?post=5337"},{"taxonomy":"product_tag","embeddable":true,"href":"https:\/\/www.ankarsrum.com\/dk\/wp-json\/wp\/v2\/product_tag?post=5337"},{"taxonomy":"product-tag","embeddable":true,"href":"https:\/\/www.ankarsrum.com\/dk\/wp-json\/wp\/v2\/product-tag?post=5337"},{"taxonomy":"machines","embeddable":true,"href":"https:\/\/www.ankarsrum.com\/dk\/wp-json\/wp\/v2\/machines?post=5337"},{"taxonomy":"filter","embeddable":true,"href":"https:\/\/www.ankarsrum.com\/dk\/wp-json\/wp\/v2\/filter?post=5337"}],"curies":[{"name":"wp","href":"https:\/\/api.w.org\/{rel}","templated":true}]}}