{"id":5338,"date":"2024-07-15T14:17:57","date_gmt":"2024-07-15T12:17:57","guid":{"rendered":"https:\/\/www.ankarsrum.com\/dk\/product\/purepresser\/"},"modified":"2026-05-09T01:26:37","modified_gmt":"2026-05-08T23:26:37","slug":"purepresser","status":"publish","type":"product","link":"https:\/\/www.ankarsrum.com\/dk\/product\/purepresser\/","title":{"rendered":"Pur\u00e9presser"},"content":{"rendered":"<p>Med Ankarsrums Pur\u00e9presser tager du din madlavning til nye niveauer. Pur\u00e9presseren monteres p\u00e5 din k\u00f8dhakker og g\u00f8r det nemt at pur\u00e9re frugt og b\u00e6r til glatte pur\u00e9er eller mos, uden at det er n\u00f8dvendigt at skr\u00e6lle eller udkerne dem. Perfekt til \u00e6blemos, tomatsauce, marmelade, babymad eller tilbeh\u00f8r til aftensmaden.<\/p>\n<p>Pur\u00e9presseren hj\u00e6lper dig med at bevare de naturlige smagsstoffer og vitaminer i frugten, s\u00e5 du kan nyde sommerens h\u00f8st l\u00e6nge efter s\u00e6sonen er slut. Juster konsistensen ved hj\u00e6lp af indstillingsskiven &#8211; fra l\u00f8s til fast mos. For de bedste resultater skal du altid starte i den laveste position.<\/p>\n<p>Med sit fleksible design giver det dig mulighed for at beholde b\u00e5de skal og kernehus, hvilket sparer tid og g\u00f8r processen glat. Et perfekt valg for dem, der \u00f8nsker at tilberede sunde og hjemmelavede retter med minimal indsats.<\/p>\n<p><strong><span>Pur\u00e9presseren er kompatibelt med k\u00f8dhakkermodel 10.\u00a0<\/span>P\u00e5 den 4-bladede kniv til k\u00f8dhakkeren skal der st\u00e5 tallet &#34;10&#34;.<\/strong><\/p>\n<p>Hvad er inkluderet?<\/p>\n<ul>\n<li>Si<\/li>\n<li>Ventil<\/li>\n<li>Passerr\u00f8r<\/li>\n<li>Ventil<\/li>\n<li>Genneml\u00f8bsskakt<\/li>\n<\/ul>","protected":false},"excerpt":{"rendered":"<p>Forvandl frugt og b\u00e6r til glatte pur\u00e9er og mos med Ankarsrums Pur\u00e9presser!\u00a0Et fleksibelt og enkelt tilbeh\u00f8r, der passer nemt p\u00e5 din k\u00f8dhakker. Perfekt, n\u00e5r du vil g\u00f8re brug af frugt og b\u00e6r til at lave \u00e6blemos, b\u00e6rsovs eller pur\u00e9 &#8211; direkte i dit eget k\u00f8kken.<\/p>\n","protected":false},"featured_media":13837,"comment_status":"open","ping_status":"closed","template":"","meta":{"_acf_changed":false,"content-type":"","editor_notices":[]},"product_brand":[],"product_cat":[453],"product_tag":[],"product-tag":[],"machines":[232,234,238,243,248,249,250,255,257,259],"filter":[267],"class_list":{"0":"post-5338","1":"product","2":"type-product","3":"status-publish","4":"has-post-thumbnail","6":"product_cat-ankarsrum-tilbehoer","7":"machines-09-n10","8":"machines-10-n100","9":"machines-11-n20","10":"machines-12-n21","11":"machines-13-n22","12":"machines-14-n23","13":"machines-15-n24","14":"machines-16-n25","15":"machines-17-n28","16":"machines-18-n30","17":"filter-koedhakker","19":"first","20":"instock","21":"taxable","22":"shipping-taxable","23":"purchasable","24":"product-type-simple"},"bundled_by":[],"bundle_stock_status":"instock","bundle_stock_quantity":null,"bundle_virtual":false,"bundle_layout":"","bundle_add_to_cart_form_location":"","bundle_editable_in_cart":false,"bundle_sold_individually_context":"","bundle_item_grouping":"","bundle_min_size":"","bundle_max_size":"","bundle_price":[],"bundled_items":[],"bundle_sell_ids":[],"acf":[],"yoast_head":"<!-- This site is optimized with the Yoast SEO Premium plugin v26.6 (Yoast SEO v26.6) - https:\/\/yoast.com\/wordpress\/plugins\/seo\/ -->\n<title>Pur\u00e9presser til Ankarsrum k\u00f8kkenmaskine<\/title>\n<meta name=\"description\" content=\"Pur\u00e9presser til Ankarsrum k\u00f8kkenmaskine. Perfekt til at lave frugtpur\u00e9er og babymad. Effektivt, holdbart og nemt at reng\u00f8re.\" \/>\n<meta name=\"robots\" content=\"index, follow, max-snippet:-1, max-image-preview:large, max-video-preview:-1\" \/>\n<link rel=\"canonical\" href=\"https:\/\/www.ankarsrum.com\/dk\/product\/purepresser\/\" \/>\n<meta property=\"og:locale\" content=\"da_DK\" \/>\n<meta property=\"og:type\" content=\"article\" \/>\n<meta property=\"og:title\" content=\"Pur\u00e9presser\" \/>\n<meta property=\"og:description\" content=\"Pur\u00e9presser til Ankarsrum k\u00f8kkenmaskine. Perfekt til at lave frugtpur\u00e9er og babymad. Effektivt, holdbart og nemt at reng\u00f8re.\" \/>\n<meta property=\"og:url\" content=\"https:\/\/www.ankarsrum.com\/dk\/product\/purepresser\/\" \/>\n<meta property=\"og:site_name\" content=\"Ankarsrum Denmark\" \/>\n<meta property=\"article:modified_time\" content=\"2026-05-08T23:26:37+00:00\" \/>\n<meta property=\"og:image\" content=\"https:\/\/www.ankarsrum.com\/dk\/wp-content\/uploads\/sites\/19\/2024\/09\/strainer-scaled.jpg\" \/>\n\t<meta property=\"og:image:width\" content=\"1200\" \/>\n\t<meta property=\"og:image:height\" content=\"630\" \/>\n\t<meta property=\"og:image:type\" content=\"image\/jpeg\" \/>\n<meta name=\"twitter:card\" content=\"summary_large_image\" \/>\n<meta name=\"twitter:label1\" content=\"Estimeret l\u00e6setid\" \/>\n\t<meta name=\"twitter:data1\" content=\"1 minut\" \/>\n<script type=\"application\/ld+json\" class=\"yoast-schema-graph\">{\"@context\":\"https:\/\/schema.org\",\"@graph\":[{\"@type\":\"WebPage\",\"@id\":\"https:\/\/www.ankarsrum.com\/dk\/product\/purepresser\/\",\"url\":\"https:\/\/www.ankarsrum.com\/dk\/product\/purepresser\/\",\"name\":\"Pur\u00e9presser til Ankarsrum k\u00f8kkenmaskine\",\"isPartOf\":{\"@id\":\"https:\/\/www.ankarsrum.com\/dk\/#website\"},\"primaryImageOfPage\":{\"@id\":\"https:\/\/www.ankarsrum.com\/dk\/product\/purepresser\/#primaryimage\"},\"image\":{\"@id\":\"https:\/\/www.ankarsrum.com\/dk\/product\/purepresser\/#primaryimage\"},\"thumbnailUrl\":\"https:\/\/www.ankarsrum.com\/img-srv\/1LJ2-WzljY_B01LfNNieaHSQSLXZGMtlSg3aDcI5WI8\/resizing_type:auto\/width:0\/height:0\/gravity:sm\/enlarge:1\/ext:webp\/strip_metadata:1\/quality:90\/cachebuster:filesize-184446\/bG9jYWw6Ly8vd3d3LmFua2Fyc3J1bS5jb20vd3AtY29udGVudC91cGxvYWRzL3NpdGVzLzE5LzIwMjQvMDkvc3RyYWluZXItc2NhbGVkLmpwZw.webp\",\"datePublished\":\"2024-07-15T12:17:57+00:00\",\"dateModified\":\"2026-05-08T23:26:37+00:00\",\"description\":\"Pur\u00e9presser til Ankarsrum k\u00f8kkenmaskine. Perfekt til at lave frugtpur\u00e9er og babymad. Effektivt, holdbart og nemt at reng\u00f8re.\",\"breadcrumb\":{\"@id\":\"https:\/\/www.ankarsrum.com\/dk\/product\/purepresser\/#breadcrumb\"},\"inLanguage\":\"da-DK\",\"potentialAction\":[{\"@type\":\"ReadAction\",\"target\":[\"https:\/\/www.ankarsrum.com\/dk\/product\/purepresser\/\"]}]},{\"@type\":\"ImageObject\",\"inLanguage\":\"da-DK\",\"@id\":\"https:\/\/www.ankarsrum.com\/dk\/product\/purepresser\/#primaryimage\",\"url\":\"https:\/\/www.ankarsrum.com\/img-srv\/1LJ2-WzljY_B01LfNNieaHSQSLXZGMtlSg3aDcI5WI8\/resizing_type:auto\/width:0\/height:0\/gravity:sm\/enlarge:1\/ext:webp\/strip_metadata:1\/quality:90\/cachebuster:filesize-184446\/bG9jYWw6Ly8vd3d3LmFua2Fyc3J1bS5jb20vd3AtY29udGVudC91cGxvYWRzL3NpdGVzLzE5LzIwMjQvMDkvc3RyYWluZXItc2NhbGVkLmpwZw.webp\",\"contentUrl\":\"https:\/\/www.ankarsrum.com\/img-srv\/1LJ2-WzljY_B01LfNNieaHSQSLXZGMtlSg3aDcI5WI8\/resizing_type:auto\/width:0\/height:0\/gravity:sm\/enlarge:1\/ext:webp\/strip_metadata:1\/quality:90\/cachebuster:filesize-184446\/bG9jYWw6Ly8vd3d3LmFua2Fyc3J1bS5jb20vd3AtY29udGVudC91cGxvYWRzL3NpdGVzLzE5LzIwMjQvMDkvc3RyYWluZXItc2NhbGVkLmpwZw.webp\",\"width\":2560,\"height\":2560},{\"@type\":\"BreadcrumbList\",\"@id\":\"https:\/\/www.ankarsrum.com\/dk\/product\/purepresser\/#breadcrumb\",\"itemListElement\":[{\"@type\":\"ListItem\",\"position\":1,\"name\":\"Home\",\"item\":\"https:\/\/www.ankarsrum.com\/dk\/\"},{\"@type\":\"ListItem\",\"position\":2,\"name\":\"Produce name\",\"item\":\"https:\/\/www.ankarsrum.com\/dk\/shop\/\"},{\"@type\":\"ListItem\",\"position\":3,\"name\":\"Pur\u00e9presser\"}]},{\"@type\":\"WebSite\",\"@id\":\"https:\/\/www.ankarsrum.com\/dk\/#website\",\"url\":\"https:\/\/www.ankarsrum.com\/dk\/\",\"name\":\"Ankarsrum Denmark\",\"description\":\"The bread of the world\",\"potentialAction\":[{\"@type\":\"SearchAction\",\"target\":{\"@type\":\"EntryPoint\",\"urlTemplate\":\"https:\/\/www.ankarsrum.com\/dk\/?s={search_term_string}\"},\"query-input\":{\"@type\":\"PropertyValueSpecification\",\"valueRequired\":true,\"valueName\":\"search_term_string\"}}],\"inLanguage\":\"da-DK\"}]}<\/script>\n<!-- \/ Yoast SEO Premium plugin. -->","yoast_head_json":{"title":"Pur\u00e9presser til Ankarsrum k\u00f8kkenmaskine","description":"Pur\u00e9presser til Ankarsrum k\u00f8kkenmaskine. Perfekt til at lave frugtpur\u00e9er og babymad. Effektivt, holdbart og nemt at reng\u00f8re.","robots":{"index":"index","follow":"follow","max-snippet":"max-snippet:-1","max-image-preview":"max-image-preview:large","max-video-preview":"max-video-preview:-1"},"canonical":"https:\/\/www.ankarsrum.com\/dk\/product\/purepresser\/","og_locale":"da_DK","og_type":"article","og_title":"Pur\u00e9presser","og_description":"Pur\u00e9presser til Ankarsrum k\u00f8kkenmaskine. Perfekt til at lave frugtpur\u00e9er og babymad. Effektivt, holdbart og nemt at reng\u00f8re.","og_url":"https:\/\/www.ankarsrum.com\/dk\/product\/purepresser\/","og_site_name":"Ankarsrum Denmark","article_modified_time":"2026-05-08T23:26:37+00:00","og_image":[{"width":1200,"height":630,"url":"https:\/\/www.ankarsrum.com\/dk\/wp-content\/uploads\/sites\/19\/2024\/09\/strainer-scaled.jpg","type":"image\/jpeg"}],"twitter_card":"summary_large_image","twitter_misc":{"Estimeret l\u00e6setid":"1 minut"},"schema":{"@context":"https:\/\/schema.org","@graph":[{"@type":"WebPage","@id":"https:\/\/www.ankarsrum.com\/dk\/product\/purepresser\/","url":"https:\/\/www.ankarsrum.com\/dk\/product\/purepresser\/","name":"Pur\u00e9presser til Ankarsrum k\u00f8kkenmaskine","isPartOf":{"@id":"https:\/\/www.ankarsrum.com\/dk\/#website"},"primaryImageOfPage":{"@id":"https:\/\/www.ankarsrum.com\/dk\/product\/purepresser\/#primaryimage"},"image":{"@id":"https:\/\/www.ankarsrum.com\/dk\/product\/purepresser\/#primaryimage"},"thumbnailUrl":"https:\/\/www.ankarsrum.com\/img-srv\/1LJ2-WzljY_B01LfNNieaHSQSLXZGMtlSg3aDcI5WI8\/resizing_type:auto\/width:0\/height:0\/gravity:sm\/enlarge:1\/ext:webp\/strip_metadata:1\/quality:90\/cachebuster:filesize-184446\/bG9jYWw6Ly8vd3d3LmFua2Fyc3J1bS5jb20vd3AtY29udGVudC91cGxvYWRzL3NpdGVzLzE5LzIwMjQvMDkvc3RyYWluZXItc2NhbGVkLmpwZw.webp","datePublished":"2024-07-15T12:17:57+00:00","dateModified":"2026-05-08T23:26:37+00:00","description":"Pur\u00e9presser til Ankarsrum k\u00f8kkenmaskine. Perfekt til at lave frugtpur\u00e9er og babymad. Effektivt, holdbart og nemt at reng\u00f8re.","breadcrumb":{"@id":"https:\/\/www.ankarsrum.com\/dk\/product\/purepresser\/#breadcrumb"},"inLanguage":"da-DK","potentialAction":[{"@type":"ReadAction","target":["https:\/\/www.ankarsrum.com\/dk\/product\/purepresser\/"]}]},{"@type":"ImageObject","inLanguage":"da-DK","@id":"https:\/\/www.ankarsrum.com\/dk\/product\/purepresser\/#primaryimage","url":"https:\/\/www.ankarsrum.com\/img-srv\/1LJ2-WzljY_B01LfNNieaHSQSLXZGMtlSg3aDcI5WI8\/resizing_type:auto\/width:0\/height:0\/gravity:sm\/enlarge:1\/ext:webp\/strip_metadata:1\/quality:90\/cachebuster:filesize-184446\/bG9jYWw6Ly8vd3d3LmFua2Fyc3J1bS5jb20vd3AtY29udGVudC91cGxvYWRzL3NpdGVzLzE5LzIwMjQvMDkvc3RyYWluZXItc2NhbGVkLmpwZw.webp","contentUrl":"https:\/\/www.ankarsrum.com\/img-srv\/1LJ2-WzljY_B01LfNNieaHSQSLXZGMtlSg3aDcI5WI8\/resizing_type:auto\/width:0\/height:0\/gravity:sm\/enlarge:1\/ext:webp\/strip_metadata:1\/quality:90\/cachebuster:filesize-184446\/bG9jYWw6Ly8vd3d3LmFua2Fyc3J1bS5jb20vd3AtY29udGVudC91cGxvYWRzL3NpdGVzLzE5LzIwMjQvMDkvc3RyYWluZXItc2NhbGVkLmpwZw.webp","width":2560,"height":2560},{"@type":"BreadcrumbList","@id":"https:\/\/www.ankarsrum.com\/dk\/product\/purepresser\/#breadcrumb","itemListElement":[{"@type":"ListItem","position":1,"name":"Home","item":"https:\/\/www.ankarsrum.com\/dk\/"},{"@type":"ListItem","position":2,"name":"Produce name","item":"https:\/\/www.ankarsrum.com\/dk\/shop\/"},{"@type":"ListItem","position":3,"name":"Pur\u00e9presser"}]},{"@type":"WebSite","@id":"https:\/\/www.ankarsrum.com\/dk\/#website","url":"https:\/\/www.ankarsrum.com\/dk\/","name":"Ankarsrum Denmark","description":"The bread of the world","potentialAction":[{"@type":"SearchAction","target":{"@type":"EntryPoint","urlTemplate":"https:\/\/www.ankarsrum.com\/dk\/?s={search_term_string}"},"query-input":{"@type":"PropertyValueSpecification","valueRequired":true,"valueName":"search_term_string"}}],"inLanguage":"da-DK"}]}},"_links":{"self":[{"href":"https:\/\/www.ankarsrum.com\/dk\/wp-json\/wp\/v2\/product\/5338","targetHints":{"allow":["GET"]}}],"collection":[{"href":"https:\/\/www.ankarsrum.com\/dk\/wp-json\/wp\/v2\/product"}],"about":[{"href":"https:\/\/www.ankarsrum.com\/dk\/wp-json\/wp\/v2\/types\/product"}],"replies":[{"embeddable":true,"href":"https:\/\/www.ankarsrum.com\/dk\/wp-json\/wp\/v2\/comments?post=5338"}],"wp:featuredmedia":[{"embeddable":true,"href":"https:\/\/www.ankarsrum.com\/dk\/wp-json\/wp\/v2\/media\/13837"}],"wp:attachment":[{"href":"https:\/\/www.ankarsrum.com\/dk\/wp-json\/wp\/v2\/media?parent=5338"}],"wp:term":[{"taxonomy":"product_brand","embeddable":true,"href":"https:\/\/www.ankarsrum.com\/dk\/wp-json\/wp\/v2\/product_brand?post=5338"},{"taxonomy":"product_cat","embeddable":true,"href":"https:\/\/www.ankarsrum.com\/dk\/wp-json\/wp\/v2\/product_cat?post=5338"},{"taxonomy":"product_tag","embeddable":true,"href":"https:\/\/www.ankarsrum.com\/dk\/wp-json\/wp\/v2\/product_tag?post=5338"},{"taxonomy":"product-tag","embeddable":true,"href":"https:\/\/www.ankarsrum.com\/dk\/wp-json\/wp\/v2\/product-tag?post=5338"},{"taxonomy":"machines","embeddable":true,"href":"https:\/\/www.ankarsrum.com\/dk\/wp-json\/wp\/v2\/machines?post=5338"},{"taxonomy":"filter","embeddable":true,"href":"https:\/\/www.ankarsrum.com\/dk\/wp-json\/wp\/v2\/filter?post=5338"}],"curies":[{"name":"wp","href":"https:\/\/api.w.org\/{rel}","templated":true}]}}