{"id":5339,"date":"2024-07-15T14:32:24","date_gmt":"2024-07-15T12:32:24","guid":{"rendered":"https:\/\/www.ankarsrum.com\/dk\/product\/rivejern-til-noedder-parmesan\/"},"modified":"2026-04-28T00:31:42","modified_gmt":"2026-04-27T22:31:42","slug":"rivejern-til-noedder-parmesan","status":"publish","type":"product","link":"https:\/\/www.ankarsrum.com\/dk\/product\/rivejern-til-noedder-parmesan\/","title":{"rendered":"Rivejern til k\u00f8dhakker"},"content":{"rendered":"<p>Med Ankarsrums Rivejern kan du nemt lave fint revne r\u00e5varer, der l\u00f8fter dine retter. Tilbeh\u00f8ret monteres nemt p\u00e5 din k\u00f8dhakker og er perfekt til at rive parmesan til pastaretter, n\u00f8dder og chokolade til bagning. Det fleksible design giver dig mulighed for at h\u00e5ndtere en r\u00e6kke forskellige ingredienser fra h\u00e5rde oste til bl\u00f8dere ingredienser &#8211; med samme fleksibilitet og pr\u00e6cision.<\/p>\n<p>Rivejernet er b\u00e5de hurtigt og nemt at bruge, hvilket g\u00f8r det til et uvurderligt v\u00e6rkt\u00f8j i k\u00f8kkenet til b\u00e5de hverdagsmadlavning og festlige lejligheder. Det hj\u00e6lper dig med at spare tid, samtidig med at du f\u00e5r et j\u00e6vnt og flot resultat.<\/p>\n<p><strong>Rivejernet er kompatibelt med k\u00f8dhakker model 10. P\u00e5 den 4-bladede kniv til k\u00f8dhakkeren skal der st\u00e5 tallet &#34;10&#34;.<\/strong><\/p>\n<p>Hvad er inkluderet?<\/p>\n<ul>\n<li>Rivecylinder<\/li>\n<li>Rivevalse<\/li>\n<\/ul>","protected":false},"excerpt":{"rendered":"<p>G\u00f8r din Ankarsrum Assistent Original til en alsidig makuleringsmaskine med Rivejernet! Monter den p\u00e5 din k\u00f8dhakker for nemt at rive n\u00f8dder, chokolade eller parmesan fint &#8211; hurtigt, smidigt og med perfekt resultat hver gang.<\/p>\n","protected":false},"featured_media":13834,"comment_status":"open","ping_status":"closed","template":"","meta":{"_acf_changed":false,"content-type":"","editor_notices":[]},"product_brand":[],"product_cat":[453],"product_tag":[],"product-tag":[],"machines":[232,234,238,243,248,249,250,255,257,259],"filter":[267],"class_list":{"0":"post-5339","1":"product","2":"type-product","3":"status-publish","4":"has-post-thumbnail","6":"product_cat-ankarsrum-tilbehoer","7":"machines-09-n10","8":"machines-10-n100","9":"machines-11-n20","10":"machines-12-n21","11":"machines-13-n22","12":"machines-14-n23","13":"machines-15-n24","14":"machines-16-n25","15":"machines-17-n28","16":"machines-18-n30","17":"filter-koedhakker","19":"first","20":"instock","21":"taxable","22":"shipping-taxable","23":"purchasable","24":"product-type-simple"},"bundled_by":[],"bundle_stock_status":"instock","bundle_stock_quantity":null,"bundle_virtual":false,"bundle_layout":"","bundle_add_to_cart_form_location":"","bundle_editable_in_cart":false,"bundle_sold_individually_context":"","bundle_item_grouping":"","bundle_min_size":"","bundle_max_size":"","bundle_price":[],"bundled_items":[],"bundle_sell_ids":[],"acf":[],"yoast_head":"<!-- This site is optimized with the Yoast SEO Premium plugin v26.6 (Yoast SEO v26.6) - https:\/\/yoast.com\/wordpress\/plugins\/seo\/ -->\n<title>Rivejern til n\u00f8dder og parmesan \u2013 Ankarsrum<\/title>\n<meta name=\"description\" content=\"Rivejern til n\u00f8dder og parmesan til Ankarsrum k\u00f8kkenmaskine. Perfekt til pr\u00e6cis rivning. Holdbart, effektivt og nemt at reng\u00f8re.\" \/>\n<meta name=\"robots\" content=\"index, follow, max-snippet:-1, max-image-preview:large, max-video-preview:-1\" \/>\n<link rel=\"canonical\" href=\"https:\/\/www.ankarsrum.com\/dk\/product\/rivejern-til-noedder-parmesan\/\" \/>\n<meta property=\"og:locale\" content=\"da_DK\" \/>\n<meta property=\"og:type\" content=\"article\" \/>\n<meta property=\"og:title\" content=\"Rivejern til k\u00f8dhakker\" \/>\n<meta property=\"og:description\" content=\"Rivejern til n\u00f8dder og parmesan til Ankarsrum k\u00f8kkenmaskine. Perfekt til pr\u00e6cis rivning. Holdbart, effektivt og nemt at reng\u00f8re.\" \/>\n<meta property=\"og:url\" content=\"https:\/\/www.ankarsrum.com\/dk\/product\/rivejern-til-noedder-parmesan\/\" \/>\n<meta property=\"og:site_name\" content=\"Ankarsrum Denmark\" \/>\n<meta property=\"article:modified_time\" content=\"2026-04-27T22:31:42+00:00\" \/>\n<meta property=\"og:image\" content=\"https:\/\/www.ankarsrum.com\/dk\/wp-content\/uploads\/sites\/19\/2024\/09\/grater.jpg\" \/>\n\t<meta property=\"og:image:width\" content=\"1200\" \/>\n\t<meta property=\"og:image:height\" content=\"630\" \/>\n\t<meta property=\"og:image:type\" content=\"image\/jpeg\" \/>\n<meta name=\"twitter:card\" content=\"summary_large_image\" \/>\n<meta name=\"twitter:label1\" content=\"Estimeret l\u00e6setid\" \/>\n\t<meta name=\"twitter:data1\" content=\"1 minut\" \/>\n<script type=\"application\/ld+json\" class=\"yoast-schema-graph\">{\"@context\":\"https:\/\/schema.org\",\"@graph\":[{\"@type\":\"WebPage\",\"@id\":\"https:\/\/www.ankarsrum.com\/dk\/product\/rivejern-til-noedder-parmesan\/\",\"url\":\"https:\/\/www.ankarsrum.com\/dk\/product\/rivejern-til-noedder-parmesan\/\",\"name\":\"Rivejern til n\u00f8dder og parmesan \u2013 Ankarsrum\",\"isPartOf\":{\"@id\":\"https:\/\/www.ankarsrum.com\/dk\/#website\"},\"primaryImageOfPage\":{\"@id\":\"https:\/\/www.ankarsrum.com\/dk\/product\/rivejern-til-noedder-parmesan\/#primaryimage\"},\"image\":{\"@id\":\"https:\/\/www.ankarsrum.com\/dk\/product\/rivejern-til-noedder-parmesan\/#primaryimage\"},\"thumbnailUrl\":\"https:\/\/www.ankarsrum.com\/img-srv\/8Z_6UBsNBkYTT8PorOMWSCH2bucf-E3CvbLNsdhPFBU\/resizing_type:auto\/width:0\/height:0\/gravity:sm\/enlarge:1\/ext:webp\/strip_metadata:1\/quality:90\/cachebuster:filesize-174482\/bG9jYWw6Ly8vd3d3LmFua2Fyc3J1bS5jb20vd3AtY29udGVudC91cGxvYWRzL3NpdGVzLzE5LzIwMjQvMDkvZ3JhdGVyLmpwZw.webp\",\"datePublished\":\"2024-07-15T12:32:24+00:00\",\"dateModified\":\"2026-04-27T22:31:42+00:00\",\"description\":\"Rivejern til n\u00f8dder og parmesan til Ankarsrum k\u00f8kkenmaskine. Perfekt til pr\u00e6cis rivning. Holdbart, effektivt og nemt at reng\u00f8re.\",\"breadcrumb\":{\"@id\":\"https:\/\/www.ankarsrum.com\/dk\/product\/rivejern-til-noedder-parmesan\/#breadcrumb\"},\"inLanguage\":\"da-DK\",\"potentialAction\":[{\"@type\":\"ReadAction\",\"target\":[\"https:\/\/www.ankarsrum.com\/dk\/product\/rivejern-til-noedder-parmesan\/\"]}]},{\"@type\":\"ImageObject\",\"inLanguage\":\"da-DK\",\"@id\":\"https:\/\/www.ankarsrum.com\/dk\/product\/rivejern-til-noedder-parmesan\/#primaryimage\",\"url\":\"https:\/\/www.ankarsrum.com\/img-srv\/8Z_6UBsNBkYTT8PorOMWSCH2bucf-E3CvbLNsdhPFBU\/resizing_type:auto\/width:0\/height:0\/gravity:sm\/enlarge:1\/ext:webp\/strip_metadata:1\/quality:90\/cachebuster:filesize-174482\/bG9jYWw6Ly8vd3d3LmFua2Fyc3J1bS5jb20vd3AtY29udGVudC91cGxvYWRzL3NpdGVzLzE5LzIwMjQvMDkvZ3JhdGVyLmpwZw.webp\",\"contentUrl\":\"https:\/\/www.ankarsrum.com\/img-srv\/8Z_6UBsNBkYTT8PorOMWSCH2bucf-E3CvbLNsdhPFBU\/resizing_type:auto\/width:0\/height:0\/gravity:sm\/enlarge:1\/ext:webp\/strip_metadata:1\/quality:90\/cachebuster:filesize-174482\/bG9jYWw6Ly8vd3d3LmFua2Fyc3J1bS5jb20vd3AtY29udGVudC91cGxvYWRzL3NpdGVzLzE5LzIwMjQvMDkvZ3JhdGVyLmpwZw.webp\",\"width\":2000,\"height\":2000},{\"@type\":\"BreadcrumbList\",\"@id\":\"https:\/\/www.ankarsrum.com\/dk\/product\/rivejern-til-noedder-parmesan\/#breadcrumb\",\"itemListElement\":[{\"@type\":\"ListItem\",\"position\":1,\"name\":\"Home\",\"item\":\"https:\/\/www.ankarsrum.com\/dk\/\"},{\"@type\":\"ListItem\",\"position\":2,\"name\":\"Produce name\",\"item\":\"https:\/\/www.ankarsrum.com\/dk\/shop\/\"},{\"@type\":\"ListItem\",\"position\":3,\"name\":\"Rivejern til k\u00f8dhakker\"}]},{\"@type\":\"WebSite\",\"@id\":\"https:\/\/www.ankarsrum.com\/dk\/#website\",\"url\":\"https:\/\/www.ankarsrum.com\/dk\/\",\"name\":\"Ankarsrum Denmark\",\"description\":\"The bread of the world\",\"potentialAction\":[{\"@type\":\"SearchAction\",\"target\":{\"@type\":\"EntryPoint\",\"urlTemplate\":\"https:\/\/www.ankarsrum.com\/dk\/?s={search_term_string}\"},\"query-input\":{\"@type\":\"PropertyValueSpecification\",\"valueRequired\":true,\"valueName\":\"search_term_string\"}}],\"inLanguage\":\"da-DK\"}]}<\/script>\n<!-- \/ Yoast SEO Premium plugin. -->","yoast_head_json":{"title":"Rivejern til n\u00f8dder og parmesan \u2013 Ankarsrum","description":"Rivejern til n\u00f8dder og parmesan til Ankarsrum k\u00f8kkenmaskine. Perfekt til pr\u00e6cis rivning. Holdbart, effektivt og nemt at reng\u00f8re.","robots":{"index":"index","follow":"follow","max-snippet":"max-snippet:-1","max-image-preview":"max-image-preview:large","max-video-preview":"max-video-preview:-1"},"canonical":"https:\/\/www.ankarsrum.com\/dk\/product\/rivejern-til-noedder-parmesan\/","og_locale":"da_DK","og_type":"article","og_title":"Rivejern til k\u00f8dhakker","og_description":"Rivejern til n\u00f8dder og parmesan til Ankarsrum k\u00f8kkenmaskine. Perfekt til pr\u00e6cis rivning. Holdbart, effektivt og nemt at reng\u00f8re.","og_url":"https:\/\/www.ankarsrum.com\/dk\/product\/rivejern-til-noedder-parmesan\/","og_site_name":"Ankarsrum Denmark","article_modified_time":"2026-04-27T22:31:42+00:00","og_image":[{"width":1200,"height":630,"url":"https:\/\/www.ankarsrum.com\/dk\/wp-content\/uploads\/sites\/19\/2024\/09\/grater.jpg","type":"image\/jpeg"}],"twitter_card":"summary_large_image","twitter_misc":{"Estimeret l\u00e6setid":"1 minut"},"schema":{"@context":"https:\/\/schema.org","@graph":[{"@type":"WebPage","@id":"https:\/\/www.ankarsrum.com\/dk\/product\/rivejern-til-noedder-parmesan\/","url":"https:\/\/www.ankarsrum.com\/dk\/product\/rivejern-til-noedder-parmesan\/","name":"Rivejern til n\u00f8dder og parmesan \u2013 Ankarsrum","isPartOf":{"@id":"https:\/\/www.ankarsrum.com\/dk\/#website"},"primaryImageOfPage":{"@id":"https:\/\/www.ankarsrum.com\/dk\/product\/rivejern-til-noedder-parmesan\/#primaryimage"},"image":{"@id":"https:\/\/www.ankarsrum.com\/dk\/product\/rivejern-til-noedder-parmesan\/#primaryimage"},"thumbnailUrl":"https:\/\/www.ankarsrum.com\/img-srv\/8Z_6UBsNBkYTT8PorOMWSCH2bucf-E3CvbLNsdhPFBU\/resizing_type:auto\/width:0\/height:0\/gravity:sm\/enlarge:1\/ext:webp\/strip_metadata:1\/quality:90\/cachebuster:filesize-174482\/bG9jYWw6Ly8vd3d3LmFua2Fyc3J1bS5jb20vd3AtY29udGVudC91cGxvYWRzL3NpdGVzLzE5LzIwMjQvMDkvZ3JhdGVyLmpwZw.webp","datePublished":"2024-07-15T12:32:24+00:00","dateModified":"2026-04-27T22:31:42+00:00","description":"Rivejern til n\u00f8dder og parmesan til Ankarsrum k\u00f8kkenmaskine. Perfekt til pr\u00e6cis rivning. Holdbart, effektivt og nemt at reng\u00f8re.","breadcrumb":{"@id":"https:\/\/www.ankarsrum.com\/dk\/product\/rivejern-til-noedder-parmesan\/#breadcrumb"},"inLanguage":"da-DK","potentialAction":[{"@type":"ReadAction","target":["https:\/\/www.ankarsrum.com\/dk\/product\/rivejern-til-noedder-parmesan\/"]}]},{"@type":"ImageObject","inLanguage":"da-DK","@id":"https:\/\/www.ankarsrum.com\/dk\/product\/rivejern-til-noedder-parmesan\/#primaryimage","url":"https:\/\/www.ankarsrum.com\/img-srv\/8Z_6UBsNBkYTT8PorOMWSCH2bucf-E3CvbLNsdhPFBU\/resizing_type:auto\/width:0\/height:0\/gravity:sm\/enlarge:1\/ext:webp\/strip_metadata:1\/quality:90\/cachebuster:filesize-174482\/bG9jYWw6Ly8vd3d3LmFua2Fyc3J1bS5jb20vd3AtY29udGVudC91cGxvYWRzL3NpdGVzLzE5LzIwMjQvMDkvZ3JhdGVyLmpwZw.webp","contentUrl":"https:\/\/www.ankarsrum.com\/img-srv\/8Z_6UBsNBkYTT8PorOMWSCH2bucf-E3CvbLNsdhPFBU\/resizing_type:auto\/width:0\/height:0\/gravity:sm\/enlarge:1\/ext:webp\/strip_metadata:1\/quality:90\/cachebuster:filesize-174482\/bG9jYWw6Ly8vd3d3LmFua2Fyc3J1bS5jb20vd3AtY29udGVudC91cGxvYWRzL3NpdGVzLzE5LzIwMjQvMDkvZ3JhdGVyLmpwZw.webp","width":2000,"height":2000},{"@type":"BreadcrumbList","@id":"https:\/\/www.ankarsrum.com\/dk\/product\/rivejern-til-noedder-parmesan\/#breadcrumb","itemListElement":[{"@type":"ListItem","position":1,"name":"Home","item":"https:\/\/www.ankarsrum.com\/dk\/"},{"@type":"ListItem","position":2,"name":"Produce name","item":"https:\/\/www.ankarsrum.com\/dk\/shop\/"},{"@type":"ListItem","position":3,"name":"Rivejern til k\u00f8dhakker"}]},{"@type":"WebSite","@id":"https:\/\/www.ankarsrum.com\/dk\/#website","url":"https:\/\/www.ankarsrum.com\/dk\/","name":"Ankarsrum Denmark","description":"The bread of the world","potentialAction":[{"@type":"SearchAction","target":{"@type":"EntryPoint","urlTemplate":"https:\/\/www.ankarsrum.com\/dk\/?s={search_term_string}"},"query-input":{"@type":"PropertyValueSpecification","valueRequired":true,"valueName":"search_term_string"}}],"inLanguage":"da-DK"}]}},"_links":{"self":[{"href":"https:\/\/www.ankarsrum.com\/dk\/wp-json\/wp\/v2\/product\/5339","targetHints":{"allow":["GET"]}}],"collection":[{"href":"https:\/\/www.ankarsrum.com\/dk\/wp-json\/wp\/v2\/product"}],"about":[{"href":"https:\/\/www.ankarsrum.com\/dk\/wp-json\/wp\/v2\/types\/product"}],"replies":[{"embeddable":true,"href":"https:\/\/www.ankarsrum.com\/dk\/wp-json\/wp\/v2\/comments?post=5339"}],"wp:featuredmedia":[{"embeddable":true,"href":"https:\/\/www.ankarsrum.com\/dk\/wp-json\/wp\/v2\/media\/13834"}],"wp:attachment":[{"href":"https:\/\/www.ankarsrum.com\/dk\/wp-json\/wp\/v2\/media?parent=5339"}],"wp:term":[{"taxonomy":"product_brand","embeddable":true,"href":"https:\/\/www.ankarsrum.com\/dk\/wp-json\/wp\/v2\/product_brand?post=5339"},{"taxonomy":"product_cat","embeddable":true,"href":"https:\/\/www.ankarsrum.com\/dk\/wp-json\/wp\/v2\/product_cat?post=5339"},{"taxonomy":"product_tag","embeddable":true,"href":"https:\/\/www.ankarsrum.com\/dk\/wp-json\/wp\/v2\/product_tag?post=5339"},{"taxonomy":"product-tag","embeddable":true,"href":"https:\/\/www.ankarsrum.com\/dk\/wp-json\/wp\/v2\/product-tag?post=5339"},{"taxonomy":"machines","embeddable":true,"href":"https:\/\/www.ankarsrum.com\/dk\/wp-json\/wp\/v2\/machines?post=5339"},{"taxonomy":"filter","embeddable":true,"href":"https:\/\/www.ankarsrum.com\/dk\/wp-json\/wp\/v2\/filter?post=5339"}],"curies":[{"name":"wp","href":"https:\/\/api.w.org\/{rel}","templated":true}]}}