{"id":5343,"date":"2024-07-15T15:19:22","date_gmt":"2024-07-15T13:19:22","guid":{"rendered":"https:\/\/www.ankarsrum.com\/dk\/product\/groentsagssnitter\/"},"modified":"2026-05-17T02:07:15","modified_gmt":"2026-05-17T00:07:15","slug":"groentsagssnitter","status":"publish","type":"product","link":"https:\/\/www.ankarsrum.com\/dk\/product\/groentsagssnitter\/","title":{"rendered":"Gr\u00f8ntsagssnitter"},"content":{"rendered":"<p>Med Ankarsrums Gr\u00f8ntsagssnitter, som nemt monteres p\u00e5 din Assistent Original, bliver hvert m\u00e5ltid b\u00e5de lettere og sjovere. De tre inkluderede tromler giver dig alt, hvad du beh\u00f8ver for at skabe perfekte skiver eller revne gr\u00f8ntsager p\u00e5 ingen tid:<\/p>\n<ul>\n<li><span><strong>Skivetromle:<\/strong> Perfekt til at sk\u00e6re kartofler, l\u00f8g, rodfrugter, frugt og gr\u00f8ntsager i skiver. Skab smukke salater og gratiner uden besv\u00e6r.<\/span><\/li>\n<li><span><strong>Groft rivetromle:<\/strong> Riv rodfrugter, gr\u00f8ntsager, frugt til supper og t\u00e6rter, eller mandler, n\u00f8dder, chokolade og ost \u2013 hurtigt og nemt.<\/span><\/li>\n<li><span><strong>Mellem rivetromle:<\/strong> Perfekt til r\u00e5kost, bagning og rivning af frugt og ost &#8211; direkte i sk\u00e5len.<\/span><\/li>\n<\/ul>\n<p><span>Ankarsrums Gr\u00f8ntsagssnitter er ikke kun effektiv, den er ogs\u00e5 nem at reng\u00f8re og giver dig fuld kontrol over, hvad der ender p\u00e5 din tallerken. Uanset om du laver salater, t\u00e6rter eller klassikere som r\u00f6sti, s\u00e5 klarer snitteren arbejdet p\u00e5 et \u00f8jeblik.<\/span><\/p>\n<p><span>\u00d8nsker du at udvide dine muligheder yderligere, kan du k\u00f8be en pakke med ekstra tromler som best\u00e5r af fin rivetromle, rivetromle og kropkagetromle til din gr\u00f8ntsagssnitter. Med Ankarsrums Gr\u00f8ntsagssnitter bliver hverdagen gr\u00f8nnere, og madlavningen bliver mere smidig \u2013 et uundv\u00e6rligt v\u00e6rkt\u00f8j i dit k\u00f8kken!<\/span><\/p>\n<p><strong><span>Gr\u00f8ntsagssnitteren passer til alle modeller af Assistent Original N1-N30.<\/span><\/strong><\/p>\n<p><span>Hvad er inkluderet?<\/span><\/p>\n<ul>\n<li><span>Skivetromle<\/span><\/li>\n<li><span>Grov rivetromle<\/span><\/li>\n<li><span>Mellemgrov rivetromle<\/span><\/li>\n<li><span>Nedstopper til gr\u00f8ntsagssnitter<\/span><\/li>\n<li>L\u00e5sering til gr\u00f8ntsagssnitter<\/li>\n<li>Gr\u00f8ntsagssnitterhus<\/li>\n<\/ul>","protected":false},"excerpt":{"rendered":"<p><span>G\u00f8r din madlavning simpel at lave med Ankarsrums Gr\u00f8ntsagssnitter! Perfekt til hurtigt at snitte og rive alt fra kartofler til frugt og gr\u00f8ntsager. Med tre medf\u00f8lgende tromler f\u00e5r du et alsidigt v\u00e6rkt\u00f8j, der g\u00f8r madlavningen sjovere &#8211; og du sparer tid i k\u00f8kkenet!<\/span><\/p>\n","protected":false},"featured_media":13840,"comment_status":"open","ping_status":"closed","template":"","meta":{"_acf_changed":false,"content-type":"","editor_notices":[]},"product_brand":[],"product_cat":[453],"product_tag":[],"product-tag":[],"machines":[248,249,250,255,257,259],"filter":[314,310],"class_list":{"0":"post-5343","1":"product","2":"type-product","3":"status-publish","4":"has-post-thumbnail","6":"product_cat-ankarsrum-tilbehoer","7":"machines-13-n22","8":"machines-14-n23","9":"machines-15-n24","10":"machines-16-n25","11":"machines-17-n28","12":"machines-18-n30","13":"filter-frugt-og-groent","14":"filter-mad","16":"first","17":"instock","18":"taxable","19":"shipping-taxable","20":"purchasable","21":"product-type-simple"},"bundled_by":[],"bundle_stock_status":"instock","bundle_stock_quantity":null,"bundle_virtual":false,"bundle_layout":"","bundle_add_to_cart_form_location":"","bundle_editable_in_cart":false,"bundle_sold_individually_context":"","bundle_item_grouping":"","bundle_min_size":"","bundle_max_size":"","bundle_price":[],"bundled_items":[],"bundle_sell_ids":[],"acf":[],"yoast_head":"<!-- This site is optimized with the Yoast SEO Premium plugin v26.6 (Yoast SEO v26.6) - https:\/\/yoast.com\/wordpress\/plugins\/seo\/ -->\n<title>Gr\u00f8ntsagssnitter til Ankarsrum k\u00f8kkenmaskine<\/title>\n<meta name=\"description\" content=\"Gr\u00f8ntsagssnitter til Ankarsrum k\u00f8kkenmaskine. Perfekt til at snitte og skive gr\u00f8ntsager hurtigt og effektivt. Holdbar og nem at reng\u00f8re.\" \/>\n<meta name=\"robots\" content=\"index, follow, max-snippet:-1, max-image-preview:large, max-video-preview:-1\" \/>\n<link rel=\"canonical\" href=\"https:\/\/www.ankarsrum.com\/dk\/product\/groentsagssnitter\/\" \/>\n<meta property=\"og:locale\" content=\"da_DK\" \/>\n<meta property=\"og:type\" content=\"article\" \/>\n<meta property=\"og:title\" content=\"Gr\u00f8ntsagssnitter\" \/>\n<meta property=\"og:description\" content=\"Gr\u00f8ntsagssnitter til Ankarsrum k\u00f8kkenmaskine. Perfekt til at snitte og skive gr\u00f8ntsager hurtigt og effektivt. Holdbar og nem at reng\u00f8re.\" \/>\n<meta property=\"og:url\" content=\"https:\/\/www.ankarsrum.com\/dk\/product\/groentsagssnitter\/\" \/>\n<meta property=\"og:site_name\" content=\"Ankarsrum Denmark\" \/>\n<meta property=\"article:modified_time\" content=\"2026-05-17T00:07:15+00:00\" \/>\n<meta property=\"og:image\" content=\"https:\/\/www.ankarsrum.com\/dk\/wp-content\/uploads\/sites\/19\/2024\/09\/vegetable-cutter.jpg\" \/>\n\t<meta property=\"og:image:width\" content=\"1200\" \/>\n\t<meta property=\"og:image:height\" content=\"630\" \/>\n\t<meta property=\"og:image:type\" content=\"image\/jpeg\" \/>\n<meta name=\"twitter:card\" content=\"summary_large_image\" \/>\n<meta name=\"twitter:label1\" content=\"Estimeret l\u00e6setid\" \/>\n\t<meta name=\"twitter:data1\" content=\"2 minutter\" \/>\n<script type=\"application\/ld+json\" class=\"yoast-schema-graph\">{\"@context\":\"https:\/\/schema.org\",\"@graph\":[{\"@type\":\"WebPage\",\"@id\":\"https:\/\/www.ankarsrum.com\/dk\/product\/groentsagssnitter\/\",\"url\":\"https:\/\/www.ankarsrum.com\/dk\/product\/groentsagssnitter\/\",\"name\":\"Gr\u00f8ntsagssnitter til Ankarsrum k\u00f8kkenmaskine\",\"isPartOf\":{\"@id\":\"https:\/\/www.ankarsrum.com\/dk\/#website\"},\"primaryImageOfPage\":{\"@id\":\"https:\/\/www.ankarsrum.com\/dk\/product\/groentsagssnitter\/#primaryimage\"},\"image\":{\"@id\":\"https:\/\/www.ankarsrum.com\/dk\/product\/groentsagssnitter\/#primaryimage\"},\"thumbnailUrl\":\"https:\/\/www.ankarsrum.com\/img-srv\/M5hT6DtPs9eyn95vVXkqNHFp6BZJnJndbab33gQhr_s\/resizing_type:auto\/width:0\/height:0\/gravity:sm\/enlarge:1\/ext:webp\/strip_metadata:1\/quality:90\/cachebuster:filesize-105500\/bG9jYWw6Ly8vd3d3LmFua2Fyc3J1bS5jb20vd3AtY29udGVudC91cGxvYWRzL3NpdGVzLzE5LzIwMjQvMDkvdmVnZXRhYmxlLWN1dHRlci5qcGc.webp\",\"datePublished\":\"2024-07-15T13:19:22+00:00\",\"dateModified\":\"2026-05-17T00:07:15+00:00\",\"description\":\"Gr\u00f8ntsagssnitter til Ankarsrum k\u00f8kkenmaskine. Perfekt til at snitte og skive gr\u00f8ntsager hurtigt og effektivt. Holdbar og nem at reng\u00f8re.\",\"breadcrumb\":{\"@id\":\"https:\/\/www.ankarsrum.com\/dk\/product\/groentsagssnitter\/#breadcrumb\"},\"inLanguage\":\"da-DK\",\"potentialAction\":[{\"@type\":\"ReadAction\",\"target\":[\"https:\/\/www.ankarsrum.com\/dk\/product\/groentsagssnitter\/\"]}]},{\"@type\":\"ImageObject\",\"inLanguage\":\"da-DK\",\"@id\":\"https:\/\/www.ankarsrum.com\/dk\/product\/groentsagssnitter\/#primaryimage\",\"url\":\"https:\/\/www.ankarsrum.com\/img-srv\/M5hT6DtPs9eyn95vVXkqNHFp6BZJnJndbab33gQhr_s\/resizing_type:auto\/width:0\/height:0\/gravity:sm\/enlarge:1\/ext:webp\/strip_metadata:1\/quality:90\/cachebuster:filesize-105500\/bG9jYWw6Ly8vd3d3LmFua2Fyc3J1bS5jb20vd3AtY29udGVudC91cGxvYWRzL3NpdGVzLzE5LzIwMjQvMDkvdmVnZXRhYmxlLWN1dHRlci5qcGc.webp\",\"contentUrl\":\"https:\/\/www.ankarsrum.com\/img-srv\/M5hT6DtPs9eyn95vVXkqNHFp6BZJnJndbab33gQhr_s\/resizing_type:auto\/width:0\/height:0\/gravity:sm\/enlarge:1\/ext:webp\/strip_metadata:1\/quality:90\/cachebuster:filesize-105500\/bG9jYWw6Ly8vd3d3LmFua2Fyc3J1bS5jb20vd3AtY29udGVudC91cGxvYWRzL3NpdGVzLzE5LzIwMjQvMDkvdmVnZXRhYmxlLWN1dHRlci5qcGc.webp\",\"width\":2000,\"height\":2000},{\"@type\":\"BreadcrumbList\",\"@id\":\"https:\/\/www.ankarsrum.com\/dk\/product\/groentsagssnitter\/#breadcrumb\",\"itemListElement\":[{\"@type\":\"ListItem\",\"position\":1,\"name\":\"Home\",\"item\":\"https:\/\/www.ankarsrum.com\/dk\/\"},{\"@type\":\"ListItem\",\"position\":2,\"name\":\"Produce name\",\"item\":\"https:\/\/www.ankarsrum.com\/dk\/shop\/\"},{\"@type\":\"ListItem\",\"position\":3,\"name\":\"Gr\u00f8ntsagssnitter\"}]},{\"@type\":\"WebSite\",\"@id\":\"https:\/\/www.ankarsrum.com\/dk\/#website\",\"url\":\"https:\/\/www.ankarsrum.com\/dk\/\",\"name\":\"Ankarsrum Denmark\",\"description\":\"The bread of the world\",\"potentialAction\":[{\"@type\":\"SearchAction\",\"target\":{\"@type\":\"EntryPoint\",\"urlTemplate\":\"https:\/\/www.ankarsrum.com\/dk\/?s={search_term_string}\"},\"query-input\":{\"@type\":\"PropertyValueSpecification\",\"valueRequired\":true,\"valueName\":\"search_term_string\"}}],\"inLanguage\":\"da-DK\"}]}<\/script>\n<!-- \/ Yoast SEO Premium plugin. -->","yoast_head_json":{"title":"Gr\u00f8ntsagssnitter til Ankarsrum k\u00f8kkenmaskine","description":"Gr\u00f8ntsagssnitter til Ankarsrum k\u00f8kkenmaskine. Perfekt til at snitte og skive gr\u00f8ntsager hurtigt og effektivt. Holdbar og nem at reng\u00f8re.","robots":{"index":"index","follow":"follow","max-snippet":"max-snippet:-1","max-image-preview":"max-image-preview:large","max-video-preview":"max-video-preview:-1"},"canonical":"https:\/\/www.ankarsrum.com\/dk\/product\/groentsagssnitter\/","og_locale":"da_DK","og_type":"article","og_title":"Gr\u00f8ntsagssnitter","og_description":"Gr\u00f8ntsagssnitter til Ankarsrum k\u00f8kkenmaskine. Perfekt til at snitte og skive gr\u00f8ntsager hurtigt og effektivt. Holdbar og nem at reng\u00f8re.","og_url":"https:\/\/www.ankarsrum.com\/dk\/product\/groentsagssnitter\/","og_site_name":"Ankarsrum Denmark","article_modified_time":"2026-05-17T00:07:15+00:00","og_image":[{"width":1200,"height":630,"url":"https:\/\/www.ankarsrum.com\/dk\/wp-content\/uploads\/sites\/19\/2024\/09\/vegetable-cutter.jpg","type":"image\/jpeg"}],"twitter_card":"summary_large_image","twitter_misc":{"Estimeret l\u00e6setid":"2 minutter"},"schema":{"@context":"https:\/\/schema.org","@graph":[{"@type":"WebPage","@id":"https:\/\/www.ankarsrum.com\/dk\/product\/groentsagssnitter\/","url":"https:\/\/www.ankarsrum.com\/dk\/product\/groentsagssnitter\/","name":"Gr\u00f8ntsagssnitter til Ankarsrum k\u00f8kkenmaskine","isPartOf":{"@id":"https:\/\/www.ankarsrum.com\/dk\/#website"},"primaryImageOfPage":{"@id":"https:\/\/www.ankarsrum.com\/dk\/product\/groentsagssnitter\/#primaryimage"},"image":{"@id":"https:\/\/www.ankarsrum.com\/dk\/product\/groentsagssnitter\/#primaryimage"},"thumbnailUrl":"https:\/\/www.ankarsrum.com\/img-srv\/M5hT6DtPs9eyn95vVXkqNHFp6BZJnJndbab33gQhr_s\/resizing_type:auto\/width:0\/height:0\/gravity:sm\/enlarge:1\/ext:webp\/strip_metadata:1\/quality:90\/cachebuster:filesize-105500\/bG9jYWw6Ly8vd3d3LmFua2Fyc3J1bS5jb20vd3AtY29udGVudC91cGxvYWRzL3NpdGVzLzE5LzIwMjQvMDkvdmVnZXRhYmxlLWN1dHRlci5qcGc.webp","datePublished":"2024-07-15T13:19:22+00:00","dateModified":"2026-05-17T00:07:15+00:00","description":"Gr\u00f8ntsagssnitter til Ankarsrum k\u00f8kkenmaskine. Perfekt til at snitte og skive gr\u00f8ntsager hurtigt og effektivt. Holdbar og nem at reng\u00f8re.","breadcrumb":{"@id":"https:\/\/www.ankarsrum.com\/dk\/product\/groentsagssnitter\/#breadcrumb"},"inLanguage":"da-DK","potentialAction":[{"@type":"ReadAction","target":["https:\/\/www.ankarsrum.com\/dk\/product\/groentsagssnitter\/"]}]},{"@type":"ImageObject","inLanguage":"da-DK","@id":"https:\/\/www.ankarsrum.com\/dk\/product\/groentsagssnitter\/#primaryimage","url":"https:\/\/www.ankarsrum.com\/img-srv\/M5hT6DtPs9eyn95vVXkqNHFp6BZJnJndbab33gQhr_s\/resizing_type:auto\/width:0\/height:0\/gravity:sm\/enlarge:1\/ext:webp\/strip_metadata:1\/quality:90\/cachebuster:filesize-105500\/bG9jYWw6Ly8vd3d3LmFua2Fyc3J1bS5jb20vd3AtY29udGVudC91cGxvYWRzL3NpdGVzLzE5LzIwMjQvMDkvdmVnZXRhYmxlLWN1dHRlci5qcGc.webp","contentUrl":"https:\/\/www.ankarsrum.com\/img-srv\/M5hT6DtPs9eyn95vVXkqNHFp6BZJnJndbab33gQhr_s\/resizing_type:auto\/width:0\/height:0\/gravity:sm\/enlarge:1\/ext:webp\/strip_metadata:1\/quality:90\/cachebuster:filesize-105500\/bG9jYWw6Ly8vd3d3LmFua2Fyc3J1bS5jb20vd3AtY29udGVudC91cGxvYWRzL3NpdGVzLzE5LzIwMjQvMDkvdmVnZXRhYmxlLWN1dHRlci5qcGc.webp","width":2000,"height":2000},{"@type":"BreadcrumbList","@id":"https:\/\/www.ankarsrum.com\/dk\/product\/groentsagssnitter\/#breadcrumb","itemListElement":[{"@type":"ListItem","position":1,"name":"Home","item":"https:\/\/www.ankarsrum.com\/dk\/"},{"@type":"ListItem","position":2,"name":"Produce name","item":"https:\/\/www.ankarsrum.com\/dk\/shop\/"},{"@type":"ListItem","position":3,"name":"Gr\u00f8ntsagssnitter"}]},{"@type":"WebSite","@id":"https:\/\/www.ankarsrum.com\/dk\/#website","url":"https:\/\/www.ankarsrum.com\/dk\/","name":"Ankarsrum Denmark","description":"The bread of the world","potentialAction":[{"@type":"SearchAction","target":{"@type":"EntryPoint","urlTemplate":"https:\/\/www.ankarsrum.com\/dk\/?s={search_term_string}"},"query-input":{"@type":"PropertyValueSpecification","valueRequired":true,"valueName":"search_term_string"}}],"inLanguage":"da-DK"}]}},"_links":{"self":[{"href":"https:\/\/www.ankarsrum.com\/dk\/wp-json\/wp\/v2\/product\/5343","targetHints":{"allow":["GET"]}}],"collection":[{"href":"https:\/\/www.ankarsrum.com\/dk\/wp-json\/wp\/v2\/product"}],"about":[{"href":"https:\/\/www.ankarsrum.com\/dk\/wp-json\/wp\/v2\/types\/product"}],"replies":[{"embeddable":true,"href":"https:\/\/www.ankarsrum.com\/dk\/wp-json\/wp\/v2\/comments?post=5343"}],"wp:featuredmedia":[{"embeddable":true,"href":"https:\/\/www.ankarsrum.com\/dk\/wp-json\/wp\/v2\/media\/13840"}],"wp:attachment":[{"href":"https:\/\/www.ankarsrum.com\/dk\/wp-json\/wp\/v2\/media?parent=5343"}],"wp:term":[{"taxonomy":"product_brand","embeddable":true,"href":"https:\/\/www.ankarsrum.com\/dk\/wp-json\/wp\/v2\/product_brand?post=5343"},{"taxonomy":"product_cat","embeddable":true,"href":"https:\/\/www.ankarsrum.com\/dk\/wp-json\/wp\/v2\/product_cat?post=5343"},{"taxonomy":"product_tag","embeddable":true,"href":"https:\/\/www.ankarsrum.com\/dk\/wp-json\/wp\/v2\/product_tag?post=5343"},{"taxonomy":"product-tag","embeddable":true,"href":"https:\/\/www.ankarsrum.com\/dk\/wp-json\/wp\/v2\/product-tag?post=5343"},{"taxonomy":"machines","embeddable":true,"href":"https:\/\/www.ankarsrum.com\/dk\/wp-json\/wp\/v2\/machines?post=5343"},{"taxonomy":"filter","embeddable":true,"href":"https:\/\/www.ankarsrum.com\/dk\/wp-json\/wp\/v2\/filter?post=5343"}],"curies":[{"name":"wp","href":"https:\/\/api.w.org\/{rel}","templated":true}]}}