{"id":5345,"date":"2024-07-15T15:37:53","date_gmt":"2024-07-15T13:37:53","guid":{"rendered":"https:\/\/www.ankarsrum.com\/dk\/product\/mel-kaffekvaern\/"},"modified":"2026-05-06T01:11:55","modified_gmt":"2026-05-05T23:11:55","slug":"mel-kaffekvaern","status":"publish","type":"product","link":"https:\/\/www.ankarsrum.com\/dk\/product\/mel-kaffekvaern\/","title":{"rendered":"Mel- og Kaffekv\u00e6rn"},"content":{"rendered":"<p>Med Ankarsrums mel- og kaffekv\u00e6rn kan du nyde friskmalede, velsmagende og velduftende r\u00e5varer, der tager din bagning og madlavning til n\u00e6ste niveau. Monter kv\u00e6rnen p\u00e5 din Ankarsrum Assistent Original og kv\u00e6rn nemt korn, kaffeb\u00f8nner, t\u00f8rrede krydderier eller svampe \u2013 lige som du \u00f8nsker det.<\/p>\n<p><span>Det fleksible design giver dig mulighed for at justere slibegraden fra groft til fin (0,25-0,45 mm) ved at dreje justeringsknappen mod uret for den grove slibning og med uret for den fine slibning.\u00a0<\/span>Det g\u00f8r det nemt at tilpasse formalingsgraden til dine yndlingsopskrifter, uanset om du bager br\u00f8d eller brygger kaffe. Kv\u00e6rnens p\u00e5fyldningstragt rummer op til 1,25 kg r\u00e5varer, og du kan selvf\u00f8lgelig male meget st\u00f8rre m\u00e6ngder end det ved at genopfylde p\u00e5fyldningstragten.<\/p>\n<p>Frisk mel giver dit br\u00f8d en dybere og mere naturlig smag, mens friskmalede kaffeb\u00f8nner forst\u00e6rker smagen af \u200b\u200bhver kop kaffe. M\u00e5ske bedst af alt, ved du pr\u00e6cis, hvad der er i dine ingredienser, og kan nyde at lave mad og bage med den h\u00f8jeste kvalitet.\u00a0Kv\u00e6rnen er kun beregnet til t\u00f8rre ingredienser.<\/p>\n<p><strong>Mel- og kaffekv\u00e6rnen er kompatibel med alle modeller af Assistent Original N1\u2013N30.<\/strong><\/p>\n<p>Hvad er inkluderet?<\/p>\n<ul>\n<li>Kv\u00e6rnhus<\/li>\n<li>P\u00e5fyldningstragt<\/li>\n<\/ul>","protected":false},"excerpt":{"rendered":"<p class=\"MsoNormal\">Frisk mel og friskmalede kaffeb\u00f8nner \u2013 n\u00e5r du vil have styr p\u00e5 smagen! Ankarsrums mel- og kaffekv\u00e6rn g\u00f8r det nemt at male alt fra korn og krydderier til kaffeb\u00f8nner. Tilpas formalingsgraden til dine behov og nyd friske, smagfulde ingredienser derhjemme.<\/p>\n","protected":false},"featured_media":13975,"comment_status":"open","ping_status":"closed","template":"","meta":{"_acf_changed":false,"content-type":"","editor_notices":[]},"product_brand":[],"product_cat":[453],"product_tag":[],"product-tag":[],"machines":[215,232,234,238,243,248,249,250,255,257,220,259,222,226,227,231,214,218],"filter":[312],"class_list":{"0":"post-5345","1":"product","2":"type-product","3":"status-publish","4":"has-post-thumbnail","6":"product_cat-ankarsrum-tilbehoer","7":"machines-02-n1","8":"machines-09-n10","9":"machines-10-n100","10":"machines-11-n20","11":"machines-12-n21","12":"machines-13-n22","13":"machines-14-n23","14":"machines-15-n24","15":"machines-16-n25","16":"machines-17-n28","17":"machines-04-n3","18":"machines-18-n30","19":"machines-05-n4","20":"machines-06-n6","21":"machines-07-n7","22":"machines-08-n8","23":"machines-01-ng1","24":"machines-03-nx1","25":"filter-bagning","27":"first","28":"instock","29":"taxable","30":"shipping-taxable","31":"purchasable","32":"product-type-simple"},"bundled_by":[],"bundle_stock_status":"instock","bundle_stock_quantity":null,"bundle_virtual":false,"bundle_layout":"","bundle_add_to_cart_form_location":"","bundle_editable_in_cart":false,"bundle_sold_individually_context":"","bundle_item_grouping":"","bundle_min_size":"","bundle_max_size":"","bundle_price":[],"bundled_items":[],"bundle_sell_ids":[],"acf":[],"yoast_head":"<!-- This site is optimized with the Yoast SEO Premium plugin v26.6 (Yoast SEO v26.6) - https:\/\/yoast.com\/wordpress\/plugins\/seo\/ -->\n<title>Mel- og kaffekv\u00e6rn til Ankarsrum k\u00f8kkenmaskine<\/title>\n<meta name=\"description\" content=\"Mel- og kaffekv\u00e6rn til Ankarsrum k\u00f8kkenmaskine. Perfekt til at male frisk mel og kaffe derhjemme. Holdbar og nem at bruge.\" \/>\n<meta name=\"robots\" content=\"index, follow, max-snippet:-1, max-image-preview:large, max-video-preview:-1\" \/>\n<link rel=\"canonical\" href=\"https:\/\/www.ankarsrum.com\/dk\/product\/mel-kaffekvaern\/\" \/>\n<meta property=\"og:locale\" content=\"da_DK\" \/>\n<meta property=\"og:type\" content=\"article\" \/>\n<meta property=\"og:title\" content=\"Mel- og Kaffekv\u00e6rn\" \/>\n<meta property=\"og:description\" content=\"Mel- og kaffekv\u00e6rn til Ankarsrum k\u00f8kkenmaskine. Perfekt til at male frisk mel og kaffe derhjemme. Holdbar og nem at bruge.\" \/>\n<meta property=\"og:url\" content=\"https:\/\/www.ankarsrum.com\/dk\/product\/mel-kaffekvaern\/\" \/>\n<meta property=\"og:site_name\" content=\"Ankarsrum Denmark\" \/>\n<meta property=\"article:modified_time\" content=\"2026-05-05T23:11:55+00:00\" \/>\n<meta property=\"og:image\" content=\"https:\/\/www.ankarsrum.com\/dk\/wp-content\/uploads\/sites\/19\/2024\/09\/grain-mill.jpg\" \/>\n\t<meta property=\"og:image:width\" content=\"1200\" \/>\n\t<meta property=\"og:image:height\" content=\"630\" \/>\n\t<meta property=\"og:image:type\" content=\"image\/jpeg\" \/>\n<meta name=\"twitter:card\" content=\"summary_large_image\" \/>\n<meta name=\"twitter:label1\" content=\"Estimeret l\u00e6setid\" \/>\n\t<meta name=\"twitter:data1\" content=\"2 minutter\" \/>\n<script type=\"application\/ld+json\" class=\"yoast-schema-graph\">{\"@context\":\"https:\/\/schema.org\",\"@graph\":[{\"@type\":\"WebPage\",\"@id\":\"https:\/\/www.ankarsrum.com\/dk\/product\/mel-kaffekvaern\/\",\"url\":\"https:\/\/www.ankarsrum.com\/dk\/product\/mel-kaffekvaern\/\",\"name\":\"Mel- og kaffekv\u00e6rn til Ankarsrum k\u00f8kkenmaskine\",\"isPartOf\":{\"@id\":\"https:\/\/www.ankarsrum.com\/dk\/#website\"},\"primaryImageOfPage\":{\"@id\":\"https:\/\/www.ankarsrum.com\/dk\/product\/mel-kaffekvaern\/#primaryimage\"},\"image\":{\"@id\":\"https:\/\/www.ankarsrum.com\/dk\/product\/mel-kaffekvaern\/#primaryimage\"},\"thumbnailUrl\":\"https:\/\/www.ankarsrum.com\/img-srv\/ZF0LLGzMtdKKkRjg_7OTIPIU1WIEdA3cr_PWm6Op0AQ\/resizing_type:auto\/width:0\/height:0\/gravity:sm\/enlarge:1\/ext:webp\/strip_metadata:1\/quality:90\/cachebuster:filesize-77435\/bG9jYWw6Ly8vd3d3LmFua2Fyc3J1bS5jb20vd3AtY29udGVudC91cGxvYWRzL3NpdGVzLzE5LzIwMjQvMDkvZ3JhaW4tbWlsbC5qcGc.webp\",\"datePublished\":\"2024-07-15T13:37:53+00:00\",\"dateModified\":\"2026-05-05T23:11:55+00:00\",\"description\":\"Mel- og kaffekv\u00e6rn til Ankarsrum k\u00f8kkenmaskine. Perfekt til at male frisk mel og kaffe derhjemme. Holdbar og nem at bruge.\",\"breadcrumb\":{\"@id\":\"https:\/\/www.ankarsrum.com\/dk\/product\/mel-kaffekvaern\/#breadcrumb\"},\"inLanguage\":\"da-DK\",\"potentialAction\":[{\"@type\":\"ReadAction\",\"target\":[\"https:\/\/www.ankarsrum.com\/dk\/product\/mel-kaffekvaern\/\"]}]},{\"@type\":\"ImageObject\",\"inLanguage\":\"da-DK\",\"@id\":\"https:\/\/www.ankarsrum.com\/dk\/product\/mel-kaffekvaern\/#primaryimage\",\"url\":\"https:\/\/www.ankarsrum.com\/img-srv\/ZF0LLGzMtdKKkRjg_7OTIPIU1WIEdA3cr_PWm6Op0AQ\/resizing_type:auto\/width:0\/height:0\/gravity:sm\/enlarge:1\/ext:webp\/strip_metadata:1\/quality:90\/cachebuster:filesize-77435\/bG9jYWw6Ly8vd3d3LmFua2Fyc3J1bS5jb20vd3AtY29udGVudC91cGxvYWRzL3NpdGVzLzE5LzIwMjQvMDkvZ3JhaW4tbWlsbC5qcGc.webp\",\"contentUrl\":\"https:\/\/www.ankarsrum.com\/img-srv\/ZF0LLGzMtdKKkRjg_7OTIPIU1WIEdA3cr_PWm6Op0AQ\/resizing_type:auto\/width:0\/height:0\/gravity:sm\/enlarge:1\/ext:webp\/strip_metadata:1\/quality:90\/cachebuster:filesize-77435\/bG9jYWw6Ly8vd3d3LmFua2Fyc3J1bS5jb20vd3AtY29udGVudC91cGxvYWRzL3NpdGVzLzE5LzIwMjQvMDkvZ3JhaW4tbWlsbC5qcGc.webp\",\"width\":2000,\"height\":2000},{\"@type\":\"BreadcrumbList\",\"@id\":\"https:\/\/www.ankarsrum.com\/dk\/product\/mel-kaffekvaern\/#breadcrumb\",\"itemListElement\":[{\"@type\":\"ListItem\",\"position\":1,\"name\":\"Home\",\"item\":\"https:\/\/www.ankarsrum.com\/dk\/\"},{\"@type\":\"ListItem\",\"position\":2,\"name\":\"Produce name\",\"item\":\"https:\/\/www.ankarsrum.com\/dk\/shop\/\"},{\"@type\":\"ListItem\",\"position\":3,\"name\":\"Mel- og Kaffekv\u00e6rn\"}]},{\"@type\":\"WebSite\",\"@id\":\"https:\/\/www.ankarsrum.com\/dk\/#website\",\"url\":\"https:\/\/www.ankarsrum.com\/dk\/\",\"name\":\"Ankarsrum Denmark\",\"description\":\"The bread of the world\",\"potentialAction\":[{\"@type\":\"SearchAction\",\"target\":{\"@type\":\"EntryPoint\",\"urlTemplate\":\"https:\/\/www.ankarsrum.com\/dk\/?s={search_term_string}\"},\"query-input\":{\"@type\":\"PropertyValueSpecification\",\"valueRequired\":true,\"valueName\":\"search_term_string\"}}],\"inLanguage\":\"da-DK\"}]}<\/script>\n<!-- \/ Yoast SEO Premium plugin. -->","yoast_head_json":{"title":"Mel- og kaffekv\u00e6rn til Ankarsrum k\u00f8kkenmaskine","description":"Mel- og kaffekv\u00e6rn til Ankarsrum k\u00f8kkenmaskine. Perfekt til at male frisk mel og kaffe derhjemme. Holdbar og nem at bruge.","robots":{"index":"index","follow":"follow","max-snippet":"max-snippet:-1","max-image-preview":"max-image-preview:large","max-video-preview":"max-video-preview:-1"},"canonical":"https:\/\/www.ankarsrum.com\/dk\/product\/mel-kaffekvaern\/","og_locale":"da_DK","og_type":"article","og_title":"Mel- og Kaffekv\u00e6rn","og_description":"Mel- og kaffekv\u00e6rn til Ankarsrum k\u00f8kkenmaskine. Perfekt til at male frisk mel og kaffe derhjemme. Holdbar og nem at bruge.","og_url":"https:\/\/www.ankarsrum.com\/dk\/product\/mel-kaffekvaern\/","og_site_name":"Ankarsrum Denmark","article_modified_time":"2026-05-05T23:11:55+00:00","og_image":[{"width":1200,"height":630,"url":"https:\/\/www.ankarsrum.com\/dk\/wp-content\/uploads\/sites\/19\/2024\/09\/grain-mill.jpg","type":"image\/jpeg"}],"twitter_card":"summary_large_image","twitter_misc":{"Estimeret l\u00e6setid":"2 minutter"},"schema":{"@context":"https:\/\/schema.org","@graph":[{"@type":"WebPage","@id":"https:\/\/www.ankarsrum.com\/dk\/product\/mel-kaffekvaern\/","url":"https:\/\/www.ankarsrum.com\/dk\/product\/mel-kaffekvaern\/","name":"Mel- og kaffekv\u00e6rn til Ankarsrum k\u00f8kkenmaskine","isPartOf":{"@id":"https:\/\/www.ankarsrum.com\/dk\/#website"},"primaryImageOfPage":{"@id":"https:\/\/www.ankarsrum.com\/dk\/product\/mel-kaffekvaern\/#primaryimage"},"image":{"@id":"https:\/\/www.ankarsrum.com\/dk\/product\/mel-kaffekvaern\/#primaryimage"},"thumbnailUrl":"https:\/\/www.ankarsrum.com\/img-srv\/ZF0LLGzMtdKKkRjg_7OTIPIU1WIEdA3cr_PWm6Op0AQ\/resizing_type:auto\/width:0\/height:0\/gravity:sm\/enlarge:1\/ext:webp\/strip_metadata:1\/quality:90\/cachebuster:filesize-77435\/bG9jYWw6Ly8vd3d3LmFua2Fyc3J1bS5jb20vd3AtY29udGVudC91cGxvYWRzL3NpdGVzLzE5LzIwMjQvMDkvZ3JhaW4tbWlsbC5qcGc.webp","datePublished":"2024-07-15T13:37:53+00:00","dateModified":"2026-05-05T23:11:55+00:00","description":"Mel- og kaffekv\u00e6rn til Ankarsrum k\u00f8kkenmaskine. Perfekt til at male frisk mel og kaffe derhjemme. Holdbar og nem at bruge.","breadcrumb":{"@id":"https:\/\/www.ankarsrum.com\/dk\/product\/mel-kaffekvaern\/#breadcrumb"},"inLanguage":"da-DK","potentialAction":[{"@type":"ReadAction","target":["https:\/\/www.ankarsrum.com\/dk\/product\/mel-kaffekvaern\/"]}]},{"@type":"ImageObject","inLanguage":"da-DK","@id":"https:\/\/www.ankarsrum.com\/dk\/product\/mel-kaffekvaern\/#primaryimage","url":"https:\/\/www.ankarsrum.com\/img-srv\/ZF0LLGzMtdKKkRjg_7OTIPIU1WIEdA3cr_PWm6Op0AQ\/resizing_type:auto\/width:0\/height:0\/gravity:sm\/enlarge:1\/ext:webp\/strip_metadata:1\/quality:90\/cachebuster:filesize-77435\/bG9jYWw6Ly8vd3d3LmFua2Fyc3J1bS5jb20vd3AtY29udGVudC91cGxvYWRzL3NpdGVzLzE5LzIwMjQvMDkvZ3JhaW4tbWlsbC5qcGc.webp","contentUrl":"https:\/\/www.ankarsrum.com\/img-srv\/ZF0LLGzMtdKKkRjg_7OTIPIU1WIEdA3cr_PWm6Op0AQ\/resizing_type:auto\/width:0\/height:0\/gravity:sm\/enlarge:1\/ext:webp\/strip_metadata:1\/quality:90\/cachebuster:filesize-77435\/bG9jYWw6Ly8vd3d3LmFua2Fyc3J1bS5jb20vd3AtY29udGVudC91cGxvYWRzL3NpdGVzLzE5LzIwMjQvMDkvZ3JhaW4tbWlsbC5qcGc.webp","width":2000,"height":2000},{"@type":"BreadcrumbList","@id":"https:\/\/www.ankarsrum.com\/dk\/product\/mel-kaffekvaern\/#breadcrumb","itemListElement":[{"@type":"ListItem","position":1,"name":"Home","item":"https:\/\/www.ankarsrum.com\/dk\/"},{"@type":"ListItem","position":2,"name":"Produce name","item":"https:\/\/www.ankarsrum.com\/dk\/shop\/"},{"@type":"ListItem","position":3,"name":"Mel- og Kaffekv\u00e6rn"}]},{"@type":"WebSite","@id":"https:\/\/www.ankarsrum.com\/dk\/#website","url":"https:\/\/www.ankarsrum.com\/dk\/","name":"Ankarsrum Denmark","description":"The bread of the world","potentialAction":[{"@type":"SearchAction","target":{"@type":"EntryPoint","urlTemplate":"https:\/\/www.ankarsrum.com\/dk\/?s={search_term_string}"},"query-input":{"@type":"PropertyValueSpecification","valueRequired":true,"valueName":"search_term_string"}}],"inLanguage":"da-DK"}]}},"_links":{"self":[{"href":"https:\/\/www.ankarsrum.com\/dk\/wp-json\/wp\/v2\/product\/5345","targetHints":{"allow":["GET"]}}],"collection":[{"href":"https:\/\/www.ankarsrum.com\/dk\/wp-json\/wp\/v2\/product"}],"about":[{"href":"https:\/\/www.ankarsrum.com\/dk\/wp-json\/wp\/v2\/types\/product"}],"replies":[{"embeddable":true,"href":"https:\/\/www.ankarsrum.com\/dk\/wp-json\/wp\/v2\/comments?post=5345"}],"wp:featuredmedia":[{"embeddable":true,"href":"https:\/\/www.ankarsrum.com\/dk\/wp-json\/wp\/v2\/media\/13975"}],"wp:attachment":[{"href":"https:\/\/www.ankarsrum.com\/dk\/wp-json\/wp\/v2\/media?parent=5345"}],"wp:term":[{"taxonomy":"product_brand","embeddable":true,"href":"https:\/\/www.ankarsrum.com\/dk\/wp-json\/wp\/v2\/product_brand?post=5345"},{"taxonomy":"product_cat","embeddable":true,"href":"https:\/\/www.ankarsrum.com\/dk\/wp-json\/wp\/v2\/product_cat?post=5345"},{"taxonomy":"product_tag","embeddable":true,"href":"https:\/\/www.ankarsrum.com\/dk\/wp-json\/wp\/v2\/product_tag?post=5345"},{"taxonomy":"product-tag","embeddable":true,"href":"https:\/\/www.ankarsrum.com\/dk\/wp-json\/wp\/v2\/product-tag?post=5345"},{"taxonomy":"machines","embeddable":true,"href":"https:\/\/www.ankarsrum.com\/dk\/wp-json\/wp\/v2\/machines?post=5345"},{"taxonomy":"filter","embeddable":true,"href":"https:\/\/www.ankarsrum.com\/dk\/wp-json\/wp\/v2\/filter?post=5345"}],"curies":[{"name":"wp","href":"https:\/\/api.w.org\/{rel}","templated":true}]}}