{"id":5354,"date":"2024-07-16T09:17:29","date_gmt":"2024-07-16T07:17:29","guid":{"rendered":"https:\/\/www.ankarsrum.com\/dk\/product\/koedhakker-medium-pakke\/"},"modified":"2026-04-28T00:31:50","modified_gmt":"2026-04-27T22:31:50","slug":"koedhakker-medium-pakke","status":"publish","type":"product","link":"https:\/\/www.ankarsrum.com\/dk\/product\/koedhakker-medium-pakke\/","title":{"rendered":"K\u00f8dhakker Efter\u00e5rspakke"},"content":{"rendered":"<p>Ankarsrums k\u00f8dhakker giver dig friheden til at lave dine egne retter \u2013 fra k\u00f8d og fisk til vegetariske muligheder som kik\u00e6rtefars og falafel. N\u00e5r du monterer kv\u00e6rnen p\u00e5 din Ankarsrum, f\u00e5r du kraften fra Assistentens st\u00e6rke motor, som g\u00f8r, at du hurtigt og smidigt kan hakke store m\u00e6ngder.<\/p>\n<p>K\u00f8dhakkeren er lavet i Sverige med h\u00f8j kvalitet og er perfekt til b\u00e5de hjemmekokke og j\u00e6gere, der \u00f8nsker at hakke deres eget k\u00f8d. Efter\u00e5rspakken indeholder alt, hvad du skal bruge for at komme i gang: K\u00f8dhakkeren, tre forskellige p\u00f8lsehorn, hulskive og Pur\u00e9presseren, som giver dig mulighed for at lave endnu flere retter fra bunden. Vil du justere slibegraden? Der kan tilk\u00f8bes ekstra hulskiver.<\/p>\n<p>Skab dine egne p\u00f8lser, saftige hamburgere og s\u00e6t dit eget pr\u00e6g p\u00e5 smagene.<\/p>\n<p>Med Pur\u00e9presseren, som du nemt kan montere p\u00e5 K\u00f8dhakkeren, kan du ogs\u00e5 nemt lave babymad, tomatsauce, \u00e6blemos og marmelade. En perfekt m\u00e5de at drage fordel af \u00e5rstidens r\u00e5varer og skabe hjemmelavede m\u00e5ltider fra bunden.<\/p>\n<p>Nyd friheden til at lave dine egne retter med ingredienser, du stoler p\u00e5. Ankarsrums K\u00f8dhakker er ikke bare et v\u00e6rkt\u00f8j \u2013 det er din vej til bedre og mere personlig madlavning.<\/p>\n<p><strong>K\u00f8dhakkeren passer til alle modeller af Assistent Original N1-N30.<br \/>Pur\u00e9presseren er kompatibelt med k\u00f8dhakker Model 10. Kv\u00e6rnmodellen er angivet p\u00e5 den 4-bladede kniv &#34;10&#34;.<\/strong><\/p>\n<p>Hvad er inkluderet?<\/p>\n<ul>\n<li>K\u00f8dhakkerhus med fremtr\u00e6ksvalse<\/li>\n<li>4-bladet kniv<\/li>\n<li>3 p\u00f8lsehorn 10\/20\/25 mm<\/li>\n<li>F\u00f8deplade<\/li>\n<li>Nedstopper<\/li>\n<li>Hulskive 4,5 mm<\/li>\n<li>St\u00e6nksk\u00e6rm til k\u00f8dhakker<\/li>\n<li>Pur\u00e9presser : Passervalse, ventil, genneml\u00f8bsr\u00f8r, justeringsknap og genneml\u00f8bsskakt<\/li>\n<\/ul>","protected":false},"excerpt":{"rendered":"<p>F\u00e5 mere ud af din Ankarsrum Assistent Original med k\u00f8dhakker Efter\u00e5rspakken! En komplet pakke, der lader dig hakke, pur\u00e9re og skabe dine egne p\u00f8lser \u2013 hurtigt og nemt. Perfekt til dem, der \u00f8nsker at lave mad fra bunden og drage fordel af \u00e5rstidens r\u00e5varer.<\/p>\n","protected":false},"featured_media":13986,"comment_status":"open","ping_status":"closed","template":"","meta":{"_acf_changed":false,"content-type":"","editor_notices":[]},"product_brand":[],"product_cat":[453],"product_tag":[],"product-tag":[],"machines":[232,234,238,243,248,249,250,255,257,259],"filter":[267,310],"class_list":{"0":"post-5354","1":"product","2":"type-product","3":"status-publish","4":"has-post-thumbnail","6":"product_cat-ankarsrum-tilbehoer","7":"machines-09-n10","8":"machines-10-n100","9":"machines-11-n20","10":"machines-12-n21","11":"machines-13-n22","12":"machines-14-n23","13":"machines-15-n24","14":"machines-16-n25","15":"machines-17-n28","16":"machines-18-n30","17":"filter-koedhakker","18":"filter-mad","20":"first","21":"instock","22":"taxable","23":"shipping-taxable","24":"purchasable","25":"product-type-simple"},"bundled_by":[],"bundle_stock_status":"instock","bundle_stock_quantity":null,"bundle_virtual":false,"bundle_layout":"","bundle_add_to_cart_form_location":"","bundle_editable_in_cart":false,"bundle_sold_individually_context":"","bundle_item_grouping":"","bundle_min_size":"","bundle_max_size":"","bundle_price":[],"bundled_items":[],"bundle_sell_ids":[],"acf":[],"yoast_head":"<!-- This site is optimized with the Yoast SEO Premium plugin v26.6 (Yoast SEO v26.6) - https:\/\/yoast.com\/wordpress\/plugins\/seo\/ -->\n<title>K\u00f8dhakker medium pakke til Ankarsrum<\/title>\n<meta name=\"description\" content=\"K\u00f8dhakker medium pakke til Ankarsrum k\u00f8kkenmaskine. Ideel til k\u00f8d, fars og p\u00f8lser. Holdbar, effektiv og nem at bruge i k\u00f8kkenet.\" \/>\n<meta name=\"robots\" content=\"index, follow, max-snippet:-1, max-image-preview:large, max-video-preview:-1\" \/>\n<link rel=\"canonical\" href=\"https:\/\/www.ankarsrum.com\/dk\/product\/koedhakker-medium-pakke\/\" \/>\n<meta property=\"og:locale\" content=\"da_DK\" \/>\n<meta property=\"og:type\" content=\"article\" \/>\n<meta property=\"og:title\" content=\"K\u00f8dhakker Efter\u00e5rspakke\" \/>\n<meta property=\"og:description\" content=\"K\u00f8dhakker medium pakke til Ankarsrum k\u00f8kkenmaskine. Ideel til k\u00f8d, fars og p\u00f8lser. Holdbar, effektiv og nem at bruge i k\u00f8kkenet.\" \/>\n<meta property=\"og:url\" content=\"https:\/\/www.ankarsrum.com\/dk\/product\/koedhakker-medium-pakke\/\" \/>\n<meta property=\"og:site_name\" content=\"Ankarsrum Denmark\" \/>\n<meta property=\"article:modified_time\" content=\"2026-04-27T22:31:50+00:00\" \/>\n<meta property=\"og:image\" content=\"https:\/\/www.ankarsrum.com\/dk\/wp-content\/uploads\/sites\/19\/2024\/09\/mincer-harvest.jpg\" \/>\n\t<meta property=\"og:image:width\" content=\"1080\" \/>\n\t<meta property=\"og:image:height\" content=\"630\" \/>\n\t<meta property=\"og:image:type\" content=\"image\/jpeg\" \/>\n<meta name=\"twitter:card\" content=\"summary_large_image\" \/>\n<meta name=\"twitter:label1\" content=\"Estimeret l\u00e6setid\" \/>\n\t<meta name=\"twitter:data1\" content=\"1 minut\" \/>\n<script type=\"application\/ld+json\" class=\"yoast-schema-graph\">{\"@context\":\"https:\/\/schema.org\",\"@graph\":[{\"@type\":\"WebPage\",\"@id\":\"https:\/\/www.ankarsrum.com\/dk\/product\/koedhakker-medium-pakke\/\",\"url\":\"https:\/\/www.ankarsrum.com\/dk\/product\/koedhakker-medium-pakke\/\",\"name\":\"K\u00f8dhakker medium pakke til Ankarsrum\",\"isPartOf\":{\"@id\":\"https:\/\/www.ankarsrum.com\/dk\/#website\"},\"primaryImageOfPage\":{\"@id\":\"https:\/\/www.ankarsrum.com\/dk\/product\/koedhakker-medium-pakke\/#primaryimage\"},\"image\":{\"@id\":\"https:\/\/www.ankarsrum.com\/dk\/product\/koedhakker-medium-pakke\/#primaryimage\"},\"thumbnailUrl\":\"https:\/\/www.ankarsrum.com\/img-srv\/PdowUgsR37onwXcv1dRtIP8ciaa0kQVSdfKdwTXY4sg\/resizing_type:auto\/width:0\/height:0\/gravity:sm\/enlarge:1\/ext:webp\/strip_metadata:1\/quality:90\/cachebuster:filesize-64170\/bG9jYWw6Ly8vd3d3LmFua2Fyc3J1bS5jb20vd3AtY29udGVudC91cGxvYWRzL3NpdGVzLzE5LzIwMjQvMDkvbWluY2VyLWhhcnZlc3QuanBn.webp\",\"datePublished\":\"2024-07-16T07:17:29+00:00\",\"dateModified\":\"2026-04-27T22:31:50+00:00\",\"description\":\"K\u00f8dhakker medium pakke til Ankarsrum k\u00f8kkenmaskine. Ideel til k\u00f8d, fars og p\u00f8lser. Holdbar, effektiv og nem at bruge i k\u00f8kkenet.\",\"breadcrumb\":{\"@id\":\"https:\/\/www.ankarsrum.com\/dk\/product\/koedhakker-medium-pakke\/#breadcrumb\"},\"inLanguage\":\"da-DK\",\"potentialAction\":[{\"@type\":\"ReadAction\",\"target\":[\"https:\/\/www.ankarsrum.com\/dk\/product\/koedhakker-medium-pakke\/\"]}]},{\"@type\":\"ImageObject\",\"inLanguage\":\"da-DK\",\"@id\":\"https:\/\/www.ankarsrum.com\/dk\/product\/koedhakker-medium-pakke\/#primaryimage\",\"url\":\"https:\/\/www.ankarsrum.com\/img-srv\/PdowUgsR37onwXcv1dRtIP8ciaa0kQVSdfKdwTXY4sg\/resizing_type:auto\/width:0\/height:0\/gravity:sm\/enlarge:1\/ext:webp\/strip_metadata:1\/quality:90\/cachebuster:filesize-64170\/bG9jYWw6Ly8vd3d3LmFua2Fyc3J1bS5jb20vd3AtY29udGVudC91cGxvYWRzL3NpdGVzLzE5LzIwMjQvMDkvbWluY2VyLWhhcnZlc3QuanBn.webp\",\"contentUrl\":\"https:\/\/www.ankarsrum.com\/img-srv\/PdowUgsR37onwXcv1dRtIP8ciaa0kQVSdfKdwTXY4sg\/resizing_type:auto\/width:0\/height:0\/gravity:sm\/enlarge:1\/ext:webp\/strip_metadata:1\/quality:90\/cachebuster:filesize-64170\/bG9jYWw6Ly8vd3d3LmFua2Fyc3J1bS5jb20vd3AtY29udGVudC91cGxvYWRzL3NpdGVzLzE5LzIwMjQvMDkvbWluY2VyLWhhcnZlc3QuanBn.webp\",\"width\":1080,\"height\":1080},{\"@type\":\"BreadcrumbList\",\"@id\":\"https:\/\/www.ankarsrum.com\/dk\/product\/koedhakker-medium-pakke\/#breadcrumb\",\"itemListElement\":[{\"@type\":\"ListItem\",\"position\":1,\"name\":\"Home\",\"item\":\"https:\/\/www.ankarsrum.com\/dk\/\"},{\"@type\":\"ListItem\",\"position\":2,\"name\":\"Produce name\",\"item\":\"https:\/\/www.ankarsrum.com\/dk\/shop\/\"},{\"@type\":\"ListItem\",\"position\":3,\"name\":\"K\u00f8dhakker Efter\u00e5rspakke\"}]},{\"@type\":\"WebSite\",\"@id\":\"https:\/\/www.ankarsrum.com\/dk\/#website\",\"url\":\"https:\/\/www.ankarsrum.com\/dk\/\",\"name\":\"Ankarsrum Denmark\",\"description\":\"The bread of the world\",\"potentialAction\":[{\"@type\":\"SearchAction\",\"target\":{\"@type\":\"EntryPoint\",\"urlTemplate\":\"https:\/\/www.ankarsrum.com\/dk\/?s={search_term_string}\"},\"query-input\":{\"@type\":\"PropertyValueSpecification\",\"valueRequired\":true,\"valueName\":\"search_term_string\"}}],\"inLanguage\":\"da-DK\"}]}<\/script>\n<!-- \/ Yoast SEO Premium plugin. -->","yoast_head_json":{"title":"K\u00f8dhakker medium pakke til Ankarsrum","description":"K\u00f8dhakker medium pakke til Ankarsrum k\u00f8kkenmaskine. Ideel til k\u00f8d, fars og p\u00f8lser. Holdbar, effektiv og nem at bruge i k\u00f8kkenet.","robots":{"index":"index","follow":"follow","max-snippet":"max-snippet:-1","max-image-preview":"max-image-preview:large","max-video-preview":"max-video-preview:-1"},"canonical":"https:\/\/www.ankarsrum.com\/dk\/product\/koedhakker-medium-pakke\/","og_locale":"da_DK","og_type":"article","og_title":"K\u00f8dhakker Efter\u00e5rspakke","og_description":"K\u00f8dhakker medium pakke til Ankarsrum k\u00f8kkenmaskine. Ideel til k\u00f8d, fars og p\u00f8lser. Holdbar, effektiv og nem at bruge i k\u00f8kkenet.","og_url":"https:\/\/www.ankarsrum.com\/dk\/product\/koedhakker-medium-pakke\/","og_site_name":"Ankarsrum Denmark","article_modified_time":"2026-04-27T22:31:50+00:00","og_image":[{"width":1080,"height":630,"url":"https:\/\/www.ankarsrum.com\/dk\/wp-content\/uploads\/sites\/19\/2024\/09\/mincer-harvest.jpg","type":"image\/jpeg"}],"twitter_card":"summary_large_image","twitter_misc":{"Estimeret l\u00e6setid":"1 minut"},"schema":{"@context":"https:\/\/schema.org","@graph":[{"@type":"WebPage","@id":"https:\/\/www.ankarsrum.com\/dk\/product\/koedhakker-medium-pakke\/","url":"https:\/\/www.ankarsrum.com\/dk\/product\/koedhakker-medium-pakke\/","name":"K\u00f8dhakker medium pakke til Ankarsrum","isPartOf":{"@id":"https:\/\/www.ankarsrum.com\/dk\/#website"},"primaryImageOfPage":{"@id":"https:\/\/www.ankarsrum.com\/dk\/product\/koedhakker-medium-pakke\/#primaryimage"},"image":{"@id":"https:\/\/www.ankarsrum.com\/dk\/product\/koedhakker-medium-pakke\/#primaryimage"},"thumbnailUrl":"https:\/\/www.ankarsrum.com\/img-srv\/PdowUgsR37onwXcv1dRtIP8ciaa0kQVSdfKdwTXY4sg\/resizing_type:auto\/width:0\/height:0\/gravity:sm\/enlarge:1\/ext:webp\/strip_metadata:1\/quality:90\/cachebuster:filesize-64170\/bG9jYWw6Ly8vd3d3LmFua2Fyc3J1bS5jb20vd3AtY29udGVudC91cGxvYWRzL3NpdGVzLzE5LzIwMjQvMDkvbWluY2VyLWhhcnZlc3QuanBn.webp","datePublished":"2024-07-16T07:17:29+00:00","dateModified":"2026-04-27T22:31:50+00:00","description":"K\u00f8dhakker medium pakke til Ankarsrum k\u00f8kkenmaskine. Ideel til k\u00f8d, fars og p\u00f8lser. Holdbar, effektiv og nem at bruge i k\u00f8kkenet.","breadcrumb":{"@id":"https:\/\/www.ankarsrum.com\/dk\/product\/koedhakker-medium-pakke\/#breadcrumb"},"inLanguage":"da-DK","potentialAction":[{"@type":"ReadAction","target":["https:\/\/www.ankarsrum.com\/dk\/product\/koedhakker-medium-pakke\/"]}]},{"@type":"ImageObject","inLanguage":"da-DK","@id":"https:\/\/www.ankarsrum.com\/dk\/product\/koedhakker-medium-pakke\/#primaryimage","url":"https:\/\/www.ankarsrum.com\/img-srv\/PdowUgsR37onwXcv1dRtIP8ciaa0kQVSdfKdwTXY4sg\/resizing_type:auto\/width:0\/height:0\/gravity:sm\/enlarge:1\/ext:webp\/strip_metadata:1\/quality:90\/cachebuster:filesize-64170\/bG9jYWw6Ly8vd3d3LmFua2Fyc3J1bS5jb20vd3AtY29udGVudC91cGxvYWRzL3NpdGVzLzE5LzIwMjQvMDkvbWluY2VyLWhhcnZlc3QuanBn.webp","contentUrl":"https:\/\/www.ankarsrum.com\/img-srv\/PdowUgsR37onwXcv1dRtIP8ciaa0kQVSdfKdwTXY4sg\/resizing_type:auto\/width:0\/height:0\/gravity:sm\/enlarge:1\/ext:webp\/strip_metadata:1\/quality:90\/cachebuster:filesize-64170\/bG9jYWw6Ly8vd3d3LmFua2Fyc3J1bS5jb20vd3AtY29udGVudC91cGxvYWRzL3NpdGVzLzE5LzIwMjQvMDkvbWluY2VyLWhhcnZlc3QuanBn.webp","width":1080,"height":1080},{"@type":"BreadcrumbList","@id":"https:\/\/www.ankarsrum.com\/dk\/product\/koedhakker-medium-pakke\/#breadcrumb","itemListElement":[{"@type":"ListItem","position":1,"name":"Home","item":"https:\/\/www.ankarsrum.com\/dk\/"},{"@type":"ListItem","position":2,"name":"Produce name","item":"https:\/\/www.ankarsrum.com\/dk\/shop\/"},{"@type":"ListItem","position":3,"name":"K\u00f8dhakker Efter\u00e5rspakke"}]},{"@type":"WebSite","@id":"https:\/\/www.ankarsrum.com\/dk\/#website","url":"https:\/\/www.ankarsrum.com\/dk\/","name":"Ankarsrum Denmark","description":"The bread of the world","potentialAction":[{"@type":"SearchAction","target":{"@type":"EntryPoint","urlTemplate":"https:\/\/www.ankarsrum.com\/dk\/?s={search_term_string}"},"query-input":{"@type":"PropertyValueSpecification","valueRequired":true,"valueName":"search_term_string"}}],"inLanguage":"da-DK"}]}},"_links":{"self":[{"href":"https:\/\/www.ankarsrum.com\/dk\/wp-json\/wp\/v2\/product\/5354","targetHints":{"allow":["GET"]}}],"collection":[{"href":"https:\/\/www.ankarsrum.com\/dk\/wp-json\/wp\/v2\/product"}],"about":[{"href":"https:\/\/www.ankarsrum.com\/dk\/wp-json\/wp\/v2\/types\/product"}],"replies":[{"embeddable":true,"href":"https:\/\/www.ankarsrum.com\/dk\/wp-json\/wp\/v2\/comments?post=5354"}],"wp:featuredmedia":[{"embeddable":true,"href":"https:\/\/www.ankarsrum.com\/dk\/wp-json\/wp\/v2\/media\/13986"}],"wp:attachment":[{"href":"https:\/\/www.ankarsrum.com\/dk\/wp-json\/wp\/v2\/media?parent=5354"}],"wp:term":[{"taxonomy":"product_brand","embeddable":true,"href":"https:\/\/www.ankarsrum.com\/dk\/wp-json\/wp\/v2\/product_brand?post=5354"},{"taxonomy":"product_cat","embeddable":true,"href":"https:\/\/www.ankarsrum.com\/dk\/wp-json\/wp\/v2\/product_cat?post=5354"},{"taxonomy":"product_tag","embeddable":true,"href":"https:\/\/www.ankarsrum.com\/dk\/wp-json\/wp\/v2\/product_tag?post=5354"},{"taxonomy":"product-tag","embeddable":true,"href":"https:\/\/www.ankarsrum.com\/dk\/wp-json\/wp\/v2\/product-tag?post=5354"},{"taxonomy":"machines","embeddable":true,"href":"https:\/\/www.ankarsrum.com\/dk\/wp-json\/wp\/v2\/machines?post=5354"},{"taxonomy":"filter","embeddable":true,"href":"https:\/\/www.ankarsrum.com\/dk\/wp-json\/wp\/v2\/filter?post=5354"}],"curies":[{"name":"wp","href":"https:\/\/api.w.org\/{rel}","templated":true}]}}