{"id":5355,"date":"2024-07-16T09:28:42","date_gmt":"2024-07-16T07:28:42","guid":{"rendered":"https:\/\/www.ankarsrum.com\/dk\/product\/koedhakker-lille-pakke\/"},"modified":"2026-04-28T00:31:51","modified_gmt":"2026-04-27T22:31:51","slug":"koedhakker-lille-pakke","status":"publish","type":"product","link":"https:\/\/www.ankarsrum.com\/dk\/product\/koedhakker-lille-pakke\/","title":{"rendered":"K\u00f8dhakker Jagtpakke"},"content":{"rendered":"<p>Ankarsrums k\u00f8dhakker giver dig friheden til at lave dine egne retter \u2013 fra k\u00f8d og fisk til vegetariske muligheder som kik\u00e6rtefars og falafel. N\u00e5r du monterer k\u00f8dhakkeren\u00a0p\u00e5 din Ankarsrum, f\u00e5r du kraften fra Assistentens st\u00e6rke motor, som g\u00f8r, at du hurtigt og smidigt kan hakke store m\u00e6ngder.<\/p>\n<p>K\u00f8dhakkeren er lavet i Sverige med h\u00f8j kvalitet og er perfekt til b\u00e5de hjemmekokke og j\u00e6gere, der \u00f8nsker at hakke deres eget k\u00f8d. Med de fire medf\u00f8lgende hulskiver (2,5\/4,5\/6\/8 mm) kan du justere st\u00f8rrelsen efter behov \u2013 fra finthakket k\u00f8d til grovere k\u00f8d til for eksempel vildtp\u00f8lser.<\/p>\n<p>Denne jagtpakke er designet til dem, der \u00f8nsker ekstra pr\u00e6cision ved hakning og evnen til at h\u00e5ndtere st\u00f8rre variationer i k\u00f8dets tekstur &#8211; perfekt til vildtk\u00f8d. Med Ankarsrums K\u00f8dhakker bestemmer du selv, hvad der ender p\u00e5 din tallerken. Skab dine egne p\u00f8lser, saftige hamburgere og s\u00e6t dit eget pr\u00e6g p\u00e5 smagene. Nyd friheden til at lave dine egne retter med ingredienser, du stoler p\u00e5.<\/p>\n<p><strong>K\u00f8dhakkeren passer til alle modeller af Assistent Original N1-N30.<\/strong><\/p>\n<p>Hvad er inkluderet?<\/p>\n<ul>\n<li>K\u00f8dhakkerhus med fremtr\u00e6ksvalse<\/li>\n<li>4-bladet kniv<\/li>\n<li>3 p\u00f8lsehorn: 10\/20\/25 mm<\/li>\n<li>F\u00f8deplade<\/li>\n<li>Nedstopper<\/li>\n<li>Fire Hulskiver: 2,5\/4,5\/6\/8 mm<\/li>\n<li>St\u00e6nksk\u00e6rm til k\u00f8dhakker<\/li>\n<\/ul>","protected":false},"excerpt":{"rendered":"<p>Tag din madlavning til n\u00e6ste niveau med Ankarsrums k\u00f8dhakker! Skab alt fra saftige burgere til hjemmelavede p\u00f8lser og vegetariske favoritter. Takket v\u00e6re Assistent Originals st\u00e6rke motor bliver hakkeren hurtigt din bedste ven i k\u00f8kkenet, uanset hvad der st\u00e5r p\u00e5 menuen. Perfekt til dem, der vil bruge vildtk\u00f8d og lave deres eget charcuteri eller \u00f8nsker at lave vegetariske alternativer med pr\u00e6cision.<\/p>\n","protected":false},"featured_media":13983,"comment_status":"open","ping_status":"closed","template":"","meta":{"_acf_changed":false,"content-type":"","editor_notices":[]},"product_brand":[],"product_cat":[453],"product_tag":[],"product-tag":[],"machines":[232,234,238,243,248,249,250,255,257,259],"filter":[267,310],"class_list":{"0":"post-5355","1":"product","2":"type-product","3":"status-publish","4":"has-post-thumbnail","6":"product_cat-ankarsrum-tilbehoer","7":"machines-09-n10","8":"machines-10-n100","9":"machines-11-n20","10":"machines-12-n21","11":"machines-13-n22","12":"machines-14-n23","13":"machines-15-n24","14":"machines-16-n25","15":"machines-17-n28","16":"machines-18-n30","17":"filter-koedhakker","18":"filter-mad","20":"first","21":"instock","22":"taxable","23":"shipping-taxable","24":"purchasable","25":"product-type-simple"},"bundled_by":[],"bundle_stock_status":"instock","bundle_stock_quantity":null,"bundle_virtual":false,"bundle_layout":"","bundle_add_to_cart_form_location":"","bundle_editable_in_cart":false,"bundle_sold_individually_context":"","bundle_item_grouping":"","bundle_min_size":"","bundle_max_size":"","bundle_price":[],"bundled_items":[],"bundle_sell_ids":[],"acf":[],"yoast_head":"<!-- This site is optimized with the Yoast SEO Premium plugin v26.6 (Yoast SEO v26.6) - https:\/\/yoast.com\/wordpress\/plugins\/seo\/ -->\n<title>Ankarsrum k\u00f8dhakker lille pakke - r\u00f8remaskine<\/title>\n<meta name=\"description\" content=\"Ankarsrum k\u00f8dhakker lille pakke til k\u00f8kkenmaskine. Perfekt til mindre k\u00f8kkenopgaver. Effektiv, holdbar og nem at anvende.\" \/>\n<meta name=\"robots\" content=\"index, follow, max-snippet:-1, max-image-preview:large, max-video-preview:-1\" \/>\n<link rel=\"canonical\" href=\"https:\/\/www.ankarsrum.com\/dk\/product\/koedhakker-lille-pakke\/\" \/>\n<meta property=\"og:locale\" content=\"da_DK\" \/>\n<meta property=\"og:type\" content=\"article\" \/>\n<meta property=\"og:title\" content=\"K\u00f8dhakker Jagtpakke\" \/>\n<meta property=\"og:description\" content=\"Ankarsrum k\u00f8dhakker lille pakke til k\u00f8kkenmaskine. Perfekt til mindre k\u00f8kkenopgaver. Effektiv, holdbar og nem at anvende.\" \/>\n<meta property=\"og:url\" content=\"https:\/\/www.ankarsrum.com\/dk\/product\/koedhakker-lille-pakke\/\" \/>\n<meta property=\"og:site_name\" content=\"Ankarsrum Denmark\" \/>\n<meta property=\"article:modified_time\" content=\"2026-04-27T22:31:51+00:00\" \/>\n<meta property=\"og:image\" content=\"https:\/\/www.ankarsrum.com\/dk\/wp-content\/uploads\/sites\/19\/2024\/09\/mincer-hunting.jpg\" \/>\n\t<meta property=\"og:image:width\" content=\"1080\" \/>\n\t<meta property=\"og:image:height\" content=\"630\" \/>\n\t<meta property=\"og:image:type\" content=\"image\/jpeg\" \/>\n<meta name=\"twitter:card\" content=\"summary_large_image\" \/>\n<meta name=\"twitter:label1\" content=\"Estimeret l\u00e6setid\" \/>\n\t<meta name=\"twitter:data1\" content=\"1 minut\" \/>\n<script type=\"application\/ld+json\" class=\"yoast-schema-graph\">{\"@context\":\"https:\/\/schema.org\",\"@graph\":[{\"@type\":\"WebPage\",\"@id\":\"https:\/\/www.ankarsrum.com\/dk\/product\/koedhakker-lille-pakke\/\",\"url\":\"https:\/\/www.ankarsrum.com\/dk\/product\/koedhakker-lille-pakke\/\",\"name\":\"Ankarsrum k\u00f8dhakker lille pakke - r\u00f8remaskine\",\"isPartOf\":{\"@id\":\"https:\/\/www.ankarsrum.com\/dk\/#website\"},\"primaryImageOfPage\":{\"@id\":\"https:\/\/www.ankarsrum.com\/dk\/product\/koedhakker-lille-pakke\/#primaryimage\"},\"image\":{\"@id\":\"https:\/\/www.ankarsrum.com\/dk\/product\/koedhakker-lille-pakke\/#primaryimage\"},\"thumbnailUrl\":\"https:\/\/www.ankarsrum.com\/img-srv\/KgH6hMiMldZt_ClrDO3z5op46Rypwv3Wz3L9diUHpw0\/resizing_type:auto\/width:0\/height:0\/gravity:sm\/enlarge:1\/ext:webp\/strip_metadata:1\/quality:90\/cachebuster:filesize-88016\/bG9jYWw6Ly8vd3d3LmFua2Fyc3J1bS5jb20vd3AtY29udGVudC91cGxvYWRzL3NpdGVzLzE5LzIwMjQvMDkvbWluY2VyLWh1bnRpbmcuanBn.webp\",\"datePublished\":\"2024-07-16T07:28:42+00:00\",\"dateModified\":\"2026-04-27T22:31:51+00:00\",\"description\":\"Ankarsrum k\u00f8dhakker lille pakke til k\u00f8kkenmaskine. Perfekt til mindre k\u00f8kkenopgaver. Effektiv, holdbar og nem at anvende.\",\"breadcrumb\":{\"@id\":\"https:\/\/www.ankarsrum.com\/dk\/product\/koedhakker-lille-pakke\/#breadcrumb\"},\"inLanguage\":\"da-DK\",\"potentialAction\":[{\"@type\":\"ReadAction\",\"target\":[\"https:\/\/www.ankarsrum.com\/dk\/product\/koedhakker-lille-pakke\/\"]}]},{\"@type\":\"ImageObject\",\"inLanguage\":\"da-DK\",\"@id\":\"https:\/\/www.ankarsrum.com\/dk\/product\/koedhakker-lille-pakke\/#primaryimage\",\"url\":\"https:\/\/www.ankarsrum.com\/img-srv\/KgH6hMiMldZt_ClrDO3z5op46Rypwv3Wz3L9diUHpw0\/resizing_type:auto\/width:0\/height:0\/gravity:sm\/enlarge:1\/ext:webp\/strip_metadata:1\/quality:90\/cachebuster:filesize-88016\/bG9jYWw6Ly8vd3d3LmFua2Fyc3J1bS5jb20vd3AtY29udGVudC91cGxvYWRzL3NpdGVzLzE5LzIwMjQvMDkvbWluY2VyLWh1bnRpbmcuanBn.webp\",\"contentUrl\":\"https:\/\/www.ankarsrum.com\/img-srv\/KgH6hMiMldZt_ClrDO3z5op46Rypwv3Wz3L9diUHpw0\/resizing_type:auto\/width:0\/height:0\/gravity:sm\/enlarge:1\/ext:webp\/strip_metadata:1\/quality:90\/cachebuster:filesize-88016\/bG9jYWw6Ly8vd3d3LmFua2Fyc3J1bS5jb20vd3AtY29udGVudC91cGxvYWRzL3NpdGVzLzE5LzIwMjQvMDkvbWluY2VyLWh1bnRpbmcuanBn.webp\",\"width\":1080,\"height\":1080},{\"@type\":\"BreadcrumbList\",\"@id\":\"https:\/\/www.ankarsrum.com\/dk\/product\/koedhakker-lille-pakke\/#breadcrumb\",\"itemListElement\":[{\"@type\":\"ListItem\",\"position\":1,\"name\":\"Home\",\"item\":\"https:\/\/www.ankarsrum.com\/dk\/\"},{\"@type\":\"ListItem\",\"position\":2,\"name\":\"Produce name\",\"item\":\"https:\/\/www.ankarsrum.com\/dk\/shop\/\"},{\"@type\":\"ListItem\",\"position\":3,\"name\":\"K\u00f8dhakker Jagtpakke\"}]},{\"@type\":\"WebSite\",\"@id\":\"https:\/\/www.ankarsrum.com\/dk\/#website\",\"url\":\"https:\/\/www.ankarsrum.com\/dk\/\",\"name\":\"Ankarsrum Denmark\",\"description\":\"The bread of the world\",\"potentialAction\":[{\"@type\":\"SearchAction\",\"target\":{\"@type\":\"EntryPoint\",\"urlTemplate\":\"https:\/\/www.ankarsrum.com\/dk\/?s={search_term_string}\"},\"query-input\":{\"@type\":\"PropertyValueSpecification\",\"valueRequired\":true,\"valueName\":\"search_term_string\"}}],\"inLanguage\":\"da-DK\"}]}<\/script>\n<!-- \/ Yoast SEO Premium plugin. -->","yoast_head_json":{"title":"Ankarsrum k\u00f8dhakker lille pakke - r\u00f8remaskine","description":"Ankarsrum k\u00f8dhakker lille pakke til k\u00f8kkenmaskine. Perfekt til mindre k\u00f8kkenopgaver. Effektiv, holdbar og nem at anvende.","robots":{"index":"index","follow":"follow","max-snippet":"max-snippet:-1","max-image-preview":"max-image-preview:large","max-video-preview":"max-video-preview:-1"},"canonical":"https:\/\/www.ankarsrum.com\/dk\/product\/koedhakker-lille-pakke\/","og_locale":"da_DK","og_type":"article","og_title":"K\u00f8dhakker Jagtpakke","og_description":"Ankarsrum k\u00f8dhakker lille pakke til k\u00f8kkenmaskine. Perfekt til mindre k\u00f8kkenopgaver. Effektiv, holdbar og nem at anvende.","og_url":"https:\/\/www.ankarsrum.com\/dk\/product\/koedhakker-lille-pakke\/","og_site_name":"Ankarsrum Denmark","article_modified_time":"2026-04-27T22:31:51+00:00","og_image":[{"width":1080,"height":630,"url":"https:\/\/www.ankarsrum.com\/dk\/wp-content\/uploads\/sites\/19\/2024\/09\/mincer-hunting.jpg","type":"image\/jpeg"}],"twitter_card":"summary_large_image","twitter_misc":{"Estimeret l\u00e6setid":"1 minut"},"schema":{"@context":"https:\/\/schema.org","@graph":[{"@type":"WebPage","@id":"https:\/\/www.ankarsrum.com\/dk\/product\/koedhakker-lille-pakke\/","url":"https:\/\/www.ankarsrum.com\/dk\/product\/koedhakker-lille-pakke\/","name":"Ankarsrum k\u00f8dhakker lille pakke - r\u00f8remaskine","isPartOf":{"@id":"https:\/\/www.ankarsrum.com\/dk\/#website"},"primaryImageOfPage":{"@id":"https:\/\/www.ankarsrum.com\/dk\/product\/koedhakker-lille-pakke\/#primaryimage"},"image":{"@id":"https:\/\/www.ankarsrum.com\/dk\/product\/koedhakker-lille-pakke\/#primaryimage"},"thumbnailUrl":"https:\/\/www.ankarsrum.com\/img-srv\/KgH6hMiMldZt_ClrDO3z5op46Rypwv3Wz3L9diUHpw0\/resizing_type:auto\/width:0\/height:0\/gravity:sm\/enlarge:1\/ext:webp\/strip_metadata:1\/quality:90\/cachebuster:filesize-88016\/bG9jYWw6Ly8vd3d3LmFua2Fyc3J1bS5jb20vd3AtY29udGVudC91cGxvYWRzL3NpdGVzLzE5LzIwMjQvMDkvbWluY2VyLWh1bnRpbmcuanBn.webp","datePublished":"2024-07-16T07:28:42+00:00","dateModified":"2026-04-27T22:31:51+00:00","description":"Ankarsrum k\u00f8dhakker lille pakke til k\u00f8kkenmaskine. Perfekt til mindre k\u00f8kkenopgaver. Effektiv, holdbar og nem at anvende.","breadcrumb":{"@id":"https:\/\/www.ankarsrum.com\/dk\/product\/koedhakker-lille-pakke\/#breadcrumb"},"inLanguage":"da-DK","potentialAction":[{"@type":"ReadAction","target":["https:\/\/www.ankarsrum.com\/dk\/product\/koedhakker-lille-pakke\/"]}]},{"@type":"ImageObject","inLanguage":"da-DK","@id":"https:\/\/www.ankarsrum.com\/dk\/product\/koedhakker-lille-pakke\/#primaryimage","url":"https:\/\/www.ankarsrum.com\/img-srv\/KgH6hMiMldZt_ClrDO3z5op46Rypwv3Wz3L9diUHpw0\/resizing_type:auto\/width:0\/height:0\/gravity:sm\/enlarge:1\/ext:webp\/strip_metadata:1\/quality:90\/cachebuster:filesize-88016\/bG9jYWw6Ly8vd3d3LmFua2Fyc3J1bS5jb20vd3AtY29udGVudC91cGxvYWRzL3NpdGVzLzE5LzIwMjQvMDkvbWluY2VyLWh1bnRpbmcuanBn.webp","contentUrl":"https:\/\/www.ankarsrum.com\/img-srv\/KgH6hMiMldZt_ClrDO3z5op46Rypwv3Wz3L9diUHpw0\/resizing_type:auto\/width:0\/height:0\/gravity:sm\/enlarge:1\/ext:webp\/strip_metadata:1\/quality:90\/cachebuster:filesize-88016\/bG9jYWw6Ly8vd3d3LmFua2Fyc3J1bS5jb20vd3AtY29udGVudC91cGxvYWRzL3NpdGVzLzE5LzIwMjQvMDkvbWluY2VyLWh1bnRpbmcuanBn.webp","width":1080,"height":1080},{"@type":"BreadcrumbList","@id":"https:\/\/www.ankarsrum.com\/dk\/product\/koedhakker-lille-pakke\/#breadcrumb","itemListElement":[{"@type":"ListItem","position":1,"name":"Home","item":"https:\/\/www.ankarsrum.com\/dk\/"},{"@type":"ListItem","position":2,"name":"Produce name","item":"https:\/\/www.ankarsrum.com\/dk\/shop\/"},{"@type":"ListItem","position":3,"name":"K\u00f8dhakker Jagtpakke"}]},{"@type":"WebSite","@id":"https:\/\/www.ankarsrum.com\/dk\/#website","url":"https:\/\/www.ankarsrum.com\/dk\/","name":"Ankarsrum Denmark","description":"The bread of the world","potentialAction":[{"@type":"SearchAction","target":{"@type":"EntryPoint","urlTemplate":"https:\/\/www.ankarsrum.com\/dk\/?s={search_term_string}"},"query-input":{"@type":"PropertyValueSpecification","valueRequired":true,"valueName":"search_term_string"}}],"inLanguage":"da-DK"}]}},"_links":{"self":[{"href":"https:\/\/www.ankarsrum.com\/dk\/wp-json\/wp\/v2\/product\/5355","targetHints":{"allow":["GET"]}}],"collection":[{"href":"https:\/\/www.ankarsrum.com\/dk\/wp-json\/wp\/v2\/product"}],"about":[{"href":"https:\/\/www.ankarsrum.com\/dk\/wp-json\/wp\/v2\/types\/product"}],"replies":[{"embeddable":true,"href":"https:\/\/www.ankarsrum.com\/dk\/wp-json\/wp\/v2\/comments?post=5355"}],"wp:featuredmedia":[{"embeddable":true,"href":"https:\/\/www.ankarsrum.com\/dk\/wp-json\/wp\/v2\/media\/13983"}],"wp:attachment":[{"href":"https:\/\/www.ankarsrum.com\/dk\/wp-json\/wp\/v2\/media?parent=5355"}],"wp:term":[{"taxonomy":"product_brand","embeddable":true,"href":"https:\/\/www.ankarsrum.com\/dk\/wp-json\/wp\/v2\/product_brand?post=5355"},{"taxonomy":"product_cat","embeddable":true,"href":"https:\/\/www.ankarsrum.com\/dk\/wp-json\/wp\/v2\/product_cat?post=5355"},{"taxonomy":"product_tag","embeddable":true,"href":"https:\/\/www.ankarsrum.com\/dk\/wp-json\/wp\/v2\/product_tag?post=5355"},{"taxonomy":"product-tag","embeddable":true,"href":"https:\/\/www.ankarsrum.com\/dk\/wp-json\/wp\/v2\/product-tag?post=5355"},{"taxonomy":"machines","embeddable":true,"href":"https:\/\/www.ankarsrum.com\/dk\/wp-json\/wp\/v2\/machines?post=5355"},{"taxonomy":"filter","embeddable":true,"href":"https:\/\/www.ankarsrum.com\/dk\/wp-json\/wp\/v2\/filter?post=5355"}],"curies":[{"name":"wp","href":"https:\/\/api.w.org\/{rel}","templated":true}]}}