{"id":5356,"date":"2024-07-16T09:36:17","date_gmt":"2024-07-16T07:36:17","guid":{"rendered":"https:\/\/www.ankarsrum.com\/dk\/product\/pastaroller-lasagne\/"},"modified":"2026-04-28T00:31:52","modified_gmt":"2026-04-27T22:31:52","slug":"pastaroller-lasagne","status":"publish","type":"product","link":"https:\/\/www.ankarsrum.com\/dk\/product\/pastaroller-lasagne\/","title":{"rendered":"Pastaroller Lasagne"},"content":{"rendered":"<p><span>Med Ankarsrums Pastaroller til Lasagne er det nemmere end nogensinde at lave sin egen pasta derhjemme. Lasagnerolleren monteres nemt p\u00e5 din Ankarsrum Assistent Original. Ved hj\u00e6lp af assistentens kraftige motor rulles dejen hurtigt og effektivt ud til lasagneplader, ravioli eller tortellini \u2013 uden at du skal g\u00f8re det i h\u00e5nden. Resultatet? Perfekt j\u00e6vne plader hver gang.<\/span><\/p>\n<p><span>Med en justerbar tykkelse fra 0,6 mm til 4,8 mm kan du nemt skabe b\u00e5de tynde lasagneplader og tykkere pastaplader, tilpasset dine retter. Dette er ikke kun en maskine for de professionelle \u2013 det bliver en sjov aktivitet, som hele familien kan lave sammen. N\u00e5r pastaen er klar, kan du bruge den til lasagne eller lave fettuccine, spaghetti og lasagnette.<\/span><\/p>\n<p><span>Pastarolleren er lavet i Italien af <\/span><span>\u200b\u200b<\/span><span>Marcato, en af <\/span><span>\u200b\u200b<\/span><span>verdens f\u00f8rende producenter af pastamaskiner med over 80 \u00e5rs erfaring, hvilket garanterer h\u00f8j kvalitet og holdbarhed. Med Ankarsrums Pastavalser kan du nyde frisk, hjemmelavet pasta \u2013 enkelt og sjovt, lige i dit eget k\u00f8kken.<\/span><\/p>\n<p><span>Vi anbefaler 1 mm tykke pastaplader til fremstilling af lasagne, dette svarer til position 7 p\u00e5 pastarullen. Men det er selvf\u00f8lgelig muligt at variere efter smag.<\/span><\/p>\n<p><strong><span>Pastaroller lasagne passer til alle modeller af Assistent Original N1-N30.<\/span><\/strong><\/p>\n<p><span>Hvad er inkluderet?<\/span><\/p>\n<ul>\n<li><span>Pastaroller til lasagne<\/span><\/li>\n<\/ul>","protected":false},"excerpt":{"rendered":"<p><span>Imponer med hjemmelavet pasta! Med Ankarsrums Pastaroller Lasagne kan du nemt lave perfekte pastaplader \u2013 hurtigt og nemt. <\/span>Ikke mere b\u00f8vl med at rulle i h\u00e5nden, bare glatte, flotte plader som hele familien kan nyde sammen.<\/p>\n","protected":false},"featured_media":13960,"comment_status":"open","ping_status":"closed","template":"","meta":{"_acf_changed":false,"content-type":"","editor_notices":[]},"product_brand":[],"product_cat":[453],"product_tag":[],"product-tag":[],"machines":[215,232,234,238,243,248,249,250,255,257,220,259,222,226,227,231,214,218],"filter":[310,262],"class_list":{"0":"post-5356","1":"product","2":"type-product","3":"status-publish","4":"has-post-thumbnail","6":"product_cat-ankarsrum-tilbehoer","7":"machines-02-n1","8":"machines-09-n10","9":"machines-10-n100","10":"machines-11-n20","11":"machines-12-n21","12":"machines-13-n22","13":"machines-14-n23","14":"machines-15-n24","15":"machines-16-n25","16":"machines-17-n28","17":"machines-04-n3","18":"machines-18-n30","19":"machines-05-n4","20":"machines-06-n6","21":"machines-07-n7","22":"machines-08-n8","23":"machines-01-ng1","24":"machines-03-nx1","25":"filter-mad","26":"filter-pasta","28":"first","29":"instock","30":"taxable","31":"shipping-taxable","32":"purchasable","33":"product-type-simple"},"bundled_by":[],"bundle_stock_status":"instock","bundle_stock_quantity":null,"bundle_virtual":false,"bundle_layout":"","bundle_add_to_cart_form_location":"","bundle_editable_in_cart":false,"bundle_sold_individually_context":"","bundle_item_grouping":"","bundle_min_size":"","bundle_max_size":"","bundle_price":[],"bundled_items":[],"bundle_sell_ids":[],"acf":[],"yoast_head":"<!-- This site is optimized with the Yoast SEO Premium plugin v26.6 (Yoast SEO v26.6) - https:\/\/yoast.com\/wordpress\/plugins\/seo\/ -->\n<title>Pastarulle lasagne til Ankarsrum k\u00f8kkenmaskine<\/title>\n<meta name=\"description\" content=\"K\u00f8b pastarulle til lasagne til Ankarsrum k\u00f8kkenmaskine. Perfekt til hjemmelavet pasta med professionelt resultat. Holdbar og nem at bruge.\" \/>\n<meta name=\"robots\" content=\"index, follow, max-snippet:-1, max-image-preview:large, max-video-preview:-1\" \/>\n<link rel=\"canonical\" href=\"https:\/\/www.ankarsrum.com\/dk\/product\/pastaroller-lasagne\/\" \/>\n<meta property=\"og:locale\" content=\"da_DK\" \/>\n<meta property=\"og:type\" content=\"article\" \/>\n<meta property=\"og:title\" content=\"Pastaroller Lasagne\" \/>\n<meta property=\"og:description\" content=\"K\u00f8b pastarulle til lasagne til Ankarsrum k\u00f8kkenmaskine. Perfekt til hjemmelavet pasta med professionelt resultat. Holdbar og nem at bruge.\" \/>\n<meta property=\"og:url\" content=\"https:\/\/www.ankarsrum.com\/dk\/product\/pastaroller-lasagne\/\" \/>\n<meta property=\"og:site_name\" content=\"Ankarsrum Denmark\" \/>\n<meta property=\"article:modified_time\" content=\"2026-04-27T22:31:52+00:00\" \/>\n<meta property=\"og:image\" content=\"https:\/\/www.ankarsrum.com\/dk\/wp-content\/uploads\/sites\/19\/2024\/09\/lasagna-angle-1-scaled.jpg\" \/>\n\t<meta property=\"og:image:width\" content=\"1200\" \/>\n\t<meta property=\"og:image:height\" content=\"630\" \/>\n\t<meta property=\"og:image:type\" content=\"image\/jpeg\" \/>\n<meta name=\"twitter:card\" content=\"summary_large_image\" \/>\n<meta name=\"twitter:label1\" content=\"Estimeret l\u00e6setid\" \/>\n\t<meta name=\"twitter:data1\" content=\"2 minutter\" \/>\n<script type=\"application\/ld+json\" class=\"yoast-schema-graph\">{\"@context\":\"https:\/\/schema.org\",\"@graph\":[{\"@type\":\"WebPage\",\"@id\":\"https:\/\/www.ankarsrum.com\/dk\/product\/pastaroller-lasagne\/\",\"url\":\"https:\/\/www.ankarsrum.com\/dk\/product\/pastaroller-lasagne\/\",\"name\":\"Pastarulle lasagne til Ankarsrum k\u00f8kkenmaskine\",\"isPartOf\":{\"@id\":\"https:\/\/www.ankarsrum.com\/dk\/#website\"},\"primaryImageOfPage\":{\"@id\":\"https:\/\/www.ankarsrum.com\/dk\/product\/pastaroller-lasagne\/#primaryimage\"},\"image\":{\"@id\":\"https:\/\/www.ankarsrum.com\/dk\/product\/pastaroller-lasagne\/#primaryimage\"},\"thumbnailUrl\":\"https:\/\/www.ankarsrum.com\/img-srv\/4tITtx_lbA6eEJgOeY_Gk_Mwf4PBvGXBhnDu6Sk7ZaM\/resizing_type:auto\/width:0\/height:0\/gravity:sm\/enlarge:1\/ext:webp\/strip_metadata:1\/quality:90\/cachebuster:filesize-221114\/bG9jYWw6Ly8vd3d3LmFua2Fyc3J1bS5jb20vd3AtY29udGVudC91cGxvYWRzL3NpdGVzLzE5LzIwMjQvMDkvbGFzYWduYS1hbmdsZS0xLXNjYWxlZC5qcGc.webp\",\"datePublished\":\"2024-07-16T07:36:17+00:00\",\"dateModified\":\"2026-04-27T22:31:52+00:00\",\"description\":\"K\u00f8b pastarulle til lasagne til Ankarsrum k\u00f8kkenmaskine. Perfekt til hjemmelavet pasta med professionelt resultat. Holdbar og nem at bruge.\",\"breadcrumb\":{\"@id\":\"https:\/\/www.ankarsrum.com\/dk\/product\/pastaroller-lasagne\/#breadcrumb\"},\"inLanguage\":\"da-DK\",\"potentialAction\":[{\"@type\":\"ReadAction\",\"target\":[\"https:\/\/www.ankarsrum.com\/dk\/product\/pastaroller-lasagne\/\"]}]},{\"@type\":\"ImageObject\",\"inLanguage\":\"da-DK\",\"@id\":\"https:\/\/www.ankarsrum.com\/dk\/product\/pastaroller-lasagne\/#primaryimage\",\"url\":\"https:\/\/www.ankarsrum.com\/img-srv\/4tITtx_lbA6eEJgOeY_Gk_Mwf4PBvGXBhnDu6Sk7ZaM\/resizing_type:auto\/width:0\/height:0\/gravity:sm\/enlarge:1\/ext:webp\/strip_metadata:1\/quality:90\/cachebuster:filesize-221114\/bG9jYWw6Ly8vd3d3LmFua2Fyc3J1bS5jb20vd3AtY29udGVudC91cGxvYWRzL3NpdGVzLzE5LzIwMjQvMDkvbGFzYWduYS1hbmdsZS0xLXNjYWxlZC5qcGc.webp\",\"contentUrl\":\"https:\/\/www.ankarsrum.com\/img-srv\/4tITtx_lbA6eEJgOeY_Gk_Mwf4PBvGXBhnDu6Sk7ZaM\/resizing_type:auto\/width:0\/height:0\/gravity:sm\/enlarge:1\/ext:webp\/strip_metadata:1\/quality:90\/cachebuster:filesize-221114\/bG9jYWw6Ly8vd3d3LmFua2Fyc3J1bS5jb20vd3AtY29udGVudC91cGxvYWRzL3NpdGVzLzE5LzIwMjQvMDkvbGFzYWduYS1hbmdsZS0xLXNjYWxlZC5qcGc.webp\",\"width\":2560,\"height\":2560},{\"@type\":\"BreadcrumbList\",\"@id\":\"https:\/\/www.ankarsrum.com\/dk\/product\/pastaroller-lasagne\/#breadcrumb\",\"itemListElement\":[{\"@type\":\"ListItem\",\"position\":1,\"name\":\"Home\",\"item\":\"https:\/\/www.ankarsrum.com\/dk\/\"},{\"@type\":\"ListItem\",\"position\":2,\"name\":\"Produce name\",\"item\":\"https:\/\/www.ankarsrum.com\/dk\/shop\/\"},{\"@type\":\"ListItem\",\"position\":3,\"name\":\"Pastaroller Lasagne\"}]},{\"@type\":\"WebSite\",\"@id\":\"https:\/\/www.ankarsrum.com\/dk\/#website\",\"url\":\"https:\/\/www.ankarsrum.com\/dk\/\",\"name\":\"Ankarsrum Denmark\",\"description\":\"The bread of the world\",\"potentialAction\":[{\"@type\":\"SearchAction\",\"target\":{\"@type\":\"EntryPoint\",\"urlTemplate\":\"https:\/\/www.ankarsrum.com\/dk\/?s={search_term_string}\"},\"query-input\":{\"@type\":\"PropertyValueSpecification\",\"valueRequired\":true,\"valueName\":\"search_term_string\"}}],\"inLanguage\":\"da-DK\"}]}<\/script>\n<!-- \/ Yoast SEO Premium plugin. -->","yoast_head_json":{"title":"Pastarulle lasagne til Ankarsrum k\u00f8kkenmaskine","description":"K\u00f8b pastarulle til lasagne til Ankarsrum k\u00f8kkenmaskine. Perfekt til hjemmelavet pasta med professionelt resultat. Holdbar og nem at bruge.","robots":{"index":"index","follow":"follow","max-snippet":"max-snippet:-1","max-image-preview":"max-image-preview:large","max-video-preview":"max-video-preview:-1"},"canonical":"https:\/\/www.ankarsrum.com\/dk\/product\/pastaroller-lasagne\/","og_locale":"da_DK","og_type":"article","og_title":"Pastaroller Lasagne","og_description":"K\u00f8b pastarulle til lasagne til Ankarsrum k\u00f8kkenmaskine. Perfekt til hjemmelavet pasta med professionelt resultat. Holdbar og nem at bruge.","og_url":"https:\/\/www.ankarsrum.com\/dk\/product\/pastaroller-lasagne\/","og_site_name":"Ankarsrum Denmark","article_modified_time":"2026-04-27T22:31:52+00:00","og_image":[{"width":1200,"height":630,"url":"https:\/\/www.ankarsrum.com\/dk\/wp-content\/uploads\/sites\/19\/2024\/09\/lasagna-angle-1-scaled.jpg","type":"image\/jpeg"}],"twitter_card":"summary_large_image","twitter_misc":{"Estimeret l\u00e6setid":"2 minutter"},"schema":{"@context":"https:\/\/schema.org","@graph":[{"@type":"WebPage","@id":"https:\/\/www.ankarsrum.com\/dk\/product\/pastaroller-lasagne\/","url":"https:\/\/www.ankarsrum.com\/dk\/product\/pastaroller-lasagne\/","name":"Pastarulle lasagne til Ankarsrum k\u00f8kkenmaskine","isPartOf":{"@id":"https:\/\/www.ankarsrum.com\/dk\/#website"},"primaryImageOfPage":{"@id":"https:\/\/www.ankarsrum.com\/dk\/product\/pastaroller-lasagne\/#primaryimage"},"image":{"@id":"https:\/\/www.ankarsrum.com\/dk\/product\/pastaroller-lasagne\/#primaryimage"},"thumbnailUrl":"https:\/\/www.ankarsrum.com\/img-srv\/4tITtx_lbA6eEJgOeY_Gk_Mwf4PBvGXBhnDu6Sk7ZaM\/resizing_type:auto\/width:0\/height:0\/gravity:sm\/enlarge:1\/ext:webp\/strip_metadata:1\/quality:90\/cachebuster:filesize-221114\/bG9jYWw6Ly8vd3d3LmFua2Fyc3J1bS5jb20vd3AtY29udGVudC91cGxvYWRzL3NpdGVzLzE5LzIwMjQvMDkvbGFzYWduYS1hbmdsZS0xLXNjYWxlZC5qcGc.webp","datePublished":"2024-07-16T07:36:17+00:00","dateModified":"2026-04-27T22:31:52+00:00","description":"K\u00f8b pastarulle til lasagne til Ankarsrum k\u00f8kkenmaskine. Perfekt til hjemmelavet pasta med professionelt resultat. Holdbar og nem at bruge.","breadcrumb":{"@id":"https:\/\/www.ankarsrum.com\/dk\/product\/pastaroller-lasagne\/#breadcrumb"},"inLanguage":"da-DK","potentialAction":[{"@type":"ReadAction","target":["https:\/\/www.ankarsrum.com\/dk\/product\/pastaroller-lasagne\/"]}]},{"@type":"ImageObject","inLanguage":"da-DK","@id":"https:\/\/www.ankarsrum.com\/dk\/product\/pastaroller-lasagne\/#primaryimage","url":"https:\/\/www.ankarsrum.com\/img-srv\/4tITtx_lbA6eEJgOeY_Gk_Mwf4PBvGXBhnDu6Sk7ZaM\/resizing_type:auto\/width:0\/height:0\/gravity:sm\/enlarge:1\/ext:webp\/strip_metadata:1\/quality:90\/cachebuster:filesize-221114\/bG9jYWw6Ly8vd3d3LmFua2Fyc3J1bS5jb20vd3AtY29udGVudC91cGxvYWRzL3NpdGVzLzE5LzIwMjQvMDkvbGFzYWduYS1hbmdsZS0xLXNjYWxlZC5qcGc.webp","contentUrl":"https:\/\/www.ankarsrum.com\/img-srv\/4tITtx_lbA6eEJgOeY_Gk_Mwf4PBvGXBhnDu6Sk7ZaM\/resizing_type:auto\/width:0\/height:0\/gravity:sm\/enlarge:1\/ext:webp\/strip_metadata:1\/quality:90\/cachebuster:filesize-221114\/bG9jYWw6Ly8vd3d3LmFua2Fyc3J1bS5jb20vd3AtY29udGVudC91cGxvYWRzL3NpdGVzLzE5LzIwMjQvMDkvbGFzYWduYS1hbmdsZS0xLXNjYWxlZC5qcGc.webp","width":2560,"height":2560},{"@type":"BreadcrumbList","@id":"https:\/\/www.ankarsrum.com\/dk\/product\/pastaroller-lasagne\/#breadcrumb","itemListElement":[{"@type":"ListItem","position":1,"name":"Home","item":"https:\/\/www.ankarsrum.com\/dk\/"},{"@type":"ListItem","position":2,"name":"Produce name","item":"https:\/\/www.ankarsrum.com\/dk\/shop\/"},{"@type":"ListItem","position":3,"name":"Pastaroller Lasagne"}]},{"@type":"WebSite","@id":"https:\/\/www.ankarsrum.com\/dk\/#website","url":"https:\/\/www.ankarsrum.com\/dk\/","name":"Ankarsrum Denmark","description":"The bread of the world","potentialAction":[{"@type":"SearchAction","target":{"@type":"EntryPoint","urlTemplate":"https:\/\/www.ankarsrum.com\/dk\/?s={search_term_string}"},"query-input":{"@type":"PropertyValueSpecification","valueRequired":true,"valueName":"search_term_string"}}],"inLanguage":"da-DK"}]}},"_links":{"self":[{"href":"https:\/\/www.ankarsrum.com\/dk\/wp-json\/wp\/v2\/product\/5356","targetHints":{"allow":["GET"]}}],"collection":[{"href":"https:\/\/www.ankarsrum.com\/dk\/wp-json\/wp\/v2\/product"}],"about":[{"href":"https:\/\/www.ankarsrum.com\/dk\/wp-json\/wp\/v2\/types\/product"}],"replies":[{"embeddable":true,"href":"https:\/\/www.ankarsrum.com\/dk\/wp-json\/wp\/v2\/comments?post=5356"}],"wp:featuredmedia":[{"embeddable":true,"href":"https:\/\/www.ankarsrum.com\/dk\/wp-json\/wp\/v2\/media\/13960"}],"wp:attachment":[{"href":"https:\/\/www.ankarsrum.com\/dk\/wp-json\/wp\/v2\/media?parent=5356"}],"wp:term":[{"taxonomy":"product_brand","embeddable":true,"href":"https:\/\/www.ankarsrum.com\/dk\/wp-json\/wp\/v2\/product_brand?post=5356"},{"taxonomy":"product_cat","embeddable":true,"href":"https:\/\/www.ankarsrum.com\/dk\/wp-json\/wp\/v2\/product_cat?post=5356"},{"taxonomy":"product_tag","embeddable":true,"href":"https:\/\/www.ankarsrum.com\/dk\/wp-json\/wp\/v2\/product_tag?post=5356"},{"taxonomy":"product-tag","embeddable":true,"href":"https:\/\/www.ankarsrum.com\/dk\/wp-json\/wp\/v2\/product-tag?post=5356"},{"taxonomy":"machines","embeddable":true,"href":"https:\/\/www.ankarsrum.com\/dk\/wp-json\/wp\/v2\/machines?post=5356"},{"taxonomy":"filter","embeddable":true,"href":"https:\/\/www.ankarsrum.com\/dk\/wp-json\/wp\/v2\/filter?post=5356"}],"curies":[{"name":"wp","href":"https:\/\/api.w.org\/{rel}","templated":true}]}}