{"id":5358,"date":"2024-07-16T10:00:59","date_gmt":"2024-07-16T08:00:59","guid":{"rendered":"https:\/\/www.ankarsrum.com\/dk\/product\/pastacutter-spaghetti-2-mm\/"},"modified":"2026-04-15T23:36:53","modified_gmt":"2026-04-15T21:36:53","slug":"pastacutter-spaghetti-2-mm","status":"publish","type":"product","link":"https:\/\/www.ankarsrum.com\/dk\/product\/pastacutter-spaghetti-2-mm\/","title":{"rendered":"Pastarulle spaghetti"},"content":{"rendered":"<p>Med Ankarsrums Pastarulle Spaghetti kan du nemt lave perfekt sk\u00e5ret pasta hver gang. N\u00e5r dejen er rullet ud med vores lasagnerulle, sk\u00e6rer denne pastarulle dine plader i 2 mm tynde spaghetti. Rullen monteres nemt p\u00e5 din Ankarsrum Assistent Original og\u00a0drives af dens kraftige motor, hvilket g\u00f8r hele processen hurtig og nem, fuldst\u00e6ndig ubesv\u00e6ret.<\/p>\n<p>Pastarullen er lavet i Italien af Marcato, en af de f\u00f8rende virksomheder inden for fremstilling af pastamaskiner med over 80 \u00e5rs erfaring. At lave pasta sammen er ikke kun sjovt, det bliver ogs\u00e5 en v\u00e6rdsat aktivitet for hele familien. Skab velsmagende m\u00e5ltider, hvor alle kan v\u00e6re med og nyde frisk, hjemmelavet spaghetti direkte fra dit k\u00f8kken.<\/p>\n<p>Vi anbefaler 1,2-1,5 mm tykke pastaplader til fremstilling af spaghetti, hvilket svarer til position 5-6 p\u00e5 pastarullen til lasagne.<\/p>\n<p><strong>Pastarulle Spaghetti passer til alle modeller af Assistent Original N1-N30.<\/strong><\/p>\n<p>Hvad er inkluderet?<\/p>\n<ul>\n<li>Pastarulle til spaghetti<\/li>\n<\/ul>","protected":false},"excerpt":{"rendered":"<p>Imponer ved middagsbordet med hjemmelavet spaghetti! Med Ankarsrums Pastarulle Spaghetti kan du nemt lave 2 mm tynd rund pasta &#8211; hurtigt og nemt. Spring over besv\u00e6ret med at sk\u00e6re i h\u00e5nden og nyd perfekt sk\u00e5ret spaghetti hver gang.<\/p>\n","protected":false},"featured_media":13936,"comment_status":"open","ping_status":"closed","template":"","meta":{"_acf_changed":false,"content-type":"","editor_notices":[]},"product_brand":[],"product_cat":[453],"product_tag":[],"product-tag":[],"machines":[215,232,234,238,243,248,249,250,255,257,220,259,222,226,227,231,214,218],"filter":[310,262],"class_list":{"0":"post-5358","1":"product","2":"type-product","3":"status-publish","4":"has-post-thumbnail","6":"product_cat-ankarsrum-tilbehoer","7":"machines-02-n1","8":"machines-09-n10","9":"machines-10-n100","10":"machines-11-n20","11":"machines-12-n21","12":"machines-13-n22","13":"machines-14-n23","14":"machines-15-n24","15":"machines-16-n25","16":"machines-17-n28","17":"machines-04-n3","18":"machines-18-n30","19":"machines-05-n4","20":"machines-06-n6","21":"machines-07-n7","22":"machines-08-n8","23":"machines-01-ng1","24":"machines-03-nx1","25":"filter-mad","26":"filter-pasta","28":"first","29":"instock","30":"taxable","31":"shipping-taxable","32":"purchasable","33":"product-type-simple"},"bundled_by":[],"bundle_stock_status":"instock","bundle_stock_quantity":null,"bundle_virtual":false,"bundle_layout":"","bundle_add_to_cart_form_location":"","bundle_editable_in_cart":false,"bundle_sold_individually_context":"","bundle_item_grouping":"","bundle_min_size":"","bundle_max_size":"","bundle_price":[],"bundled_items":[],"bundle_sell_ids":[],"acf":[],"yoast_head":"<!-- This site is optimized with the Yoast SEO Premium plugin v26.6 (Yoast SEO v26.6) - https:\/\/yoast.com\/wordpress\/plugins\/seo\/ -->\n<title>Pastask\u00e6rer spaghetti 2 mm til Ankarsrum<\/title>\n<meta name=\"description\" content=\"Pastask\u00e6rer til spaghetti 2 mm til Ankarsrum k\u00f8kkenmaskine. Lav perfekt hjemmelavet spaghetti nemt. Holdbar og brugervenlig.\" \/>\n<meta name=\"robots\" content=\"index, follow, max-snippet:-1, max-image-preview:large, max-video-preview:-1\" \/>\n<link rel=\"canonical\" href=\"https:\/\/www.ankarsrum.com\/dk\/product\/pastacutter-spaghetti-2-mm\/\" \/>\n<meta property=\"og:locale\" content=\"da_DK\" \/>\n<meta property=\"og:type\" content=\"article\" \/>\n<meta property=\"og:title\" content=\"Pastarulle spaghetti\" \/>\n<meta property=\"og:description\" content=\"Pastask\u00e6rer til spaghetti 2 mm til Ankarsrum k\u00f8kkenmaskine. Lav perfekt hjemmelavet spaghetti nemt. Holdbar og brugervenlig.\" \/>\n<meta property=\"og:url\" content=\"https:\/\/www.ankarsrum.com\/dk\/product\/pastacutter-spaghetti-2-mm\/\" \/>\n<meta property=\"og:site_name\" content=\"Ankarsrum Denmark\" \/>\n<meta property=\"article:modified_time\" content=\"2026-04-15T21:36:53+00:00\" \/>\n<meta property=\"og:image\" content=\"https:\/\/www.ankarsrum.com\/dk\/wp-content\/uploads\/sites\/19\/2024\/09\/spagetti-1.jpg\" \/>\n\t<meta property=\"og:image:width\" content=\"1200\" \/>\n\t<meta property=\"og:image:height\" content=\"630\" \/>\n\t<meta property=\"og:image:type\" content=\"image\/jpeg\" \/>\n<meta name=\"twitter:card\" content=\"summary_large_image\" \/>\n<meta name=\"twitter:label1\" content=\"Estimeret l\u00e6setid\" \/>\n\t<meta name=\"twitter:data1\" content=\"1 minut\" \/>\n<script type=\"application\/ld+json\" class=\"yoast-schema-graph\">{\"@context\":\"https:\/\/schema.org\",\"@graph\":[{\"@type\":\"WebPage\",\"@id\":\"https:\/\/www.ankarsrum.com\/dk\/product\/pastacutter-spaghetti-2-mm\/\",\"url\":\"https:\/\/www.ankarsrum.com\/dk\/product\/pastacutter-spaghetti-2-mm\/\",\"name\":\"Pastask\u00e6rer spaghetti 2 mm til Ankarsrum\",\"isPartOf\":{\"@id\":\"https:\/\/www.ankarsrum.com\/dk\/#website\"},\"primaryImageOfPage\":{\"@id\":\"https:\/\/www.ankarsrum.com\/dk\/product\/pastacutter-spaghetti-2-mm\/#primaryimage\"},\"image\":{\"@id\":\"https:\/\/www.ankarsrum.com\/dk\/product\/pastacutter-spaghetti-2-mm\/#primaryimage\"},\"thumbnailUrl\":\"https:\/\/www.ankarsrum.com\/img-srv\/z7aYXhdM-8LbAw-GieEILxPlTUZbXiIfSJVkhwObaRg\/resizing_type:auto\/width:0\/height:0\/gravity:sm\/enlarge:1\/ext:webp\/strip_metadata:1\/quality:90\/cachebuster:filesize-107584\/bG9jYWw6Ly8vd3d3LmFua2Fyc3J1bS5jb20vd3AtY29udGVudC91cGxvYWRzL3NpdGVzLzE5LzIwMjQvMDkvc3BhZ2V0dGktMS5qcGc.webp\",\"datePublished\":\"2024-07-16T08:00:59+00:00\",\"dateModified\":\"2026-04-15T21:36:53+00:00\",\"description\":\"Pastask\u00e6rer til spaghetti 2 mm til Ankarsrum k\u00f8kkenmaskine. Lav perfekt hjemmelavet spaghetti nemt. Holdbar og brugervenlig.\",\"breadcrumb\":{\"@id\":\"https:\/\/www.ankarsrum.com\/dk\/product\/pastacutter-spaghetti-2-mm\/#breadcrumb\"},\"inLanguage\":\"da-DK\",\"potentialAction\":[{\"@type\":\"ReadAction\",\"target\":[\"https:\/\/www.ankarsrum.com\/dk\/product\/pastacutter-spaghetti-2-mm\/\"]}]},{\"@type\":\"ImageObject\",\"inLanguage\":\"da-DK\",\"@id\":\"https:\/\/www.ankarsrum.com\/dk\/product\/pastacutter-spaghetti-2-mm\/#primaryimage\",\"url\":\"https:\/\/www.ankarsrum.com\/img-srv\/z7aYXhdM-8LbAw-GieEILxPlTUZbXiIfSJVkhwObaRg\/resizing_type:auto\/width:0\/height:0\/gravity:sm\/enlarge:1\/ext:webp\/strip_metadata:1\/quality:90\/cachebuster:filesize-107584\/bG9jYWw6Ly8vd3d3LmFua2Fyc3J1bS5jb20vd3AtY29udGVudC91cGxvYWRzL3NpdGVzLzE5LzIwMjQvMDkvc3BhZ2V0dGktMS5qcGc.webp\",\"contentUrl\":\"https:\/\/www.ankarsrum.com\/img-srv\/z7aYXhdM-8LbAw-GieEILxPlTUZbXiIfSJVkhwObaRg\/resizing_type:auto\/width:0\/height:0\/gravity:sm\/enlarge:1\/ext:webp\/strip_metadata:1\/quality:90\/cachebuster:filesize-107584\/bG9jYWw6Ly8vd3d3LmFua2Fyc3J1bS5jb20vd3AtY29udGVudC91cGxvYWRzL3NpdGVzLzE5LzIwMjQvMDkvc3BhZ2V0dGktMS5qcGc.webp\",\"width\":2000,\"height\":2000},{\"@type\":\"BreadcrumbList\",\"@id\":\"https:\/\/www.ankarsrum.com\/dk\/product\/pastacutter-spaghetti-2-mm\/#breadcrumb\",\"itemListElement\":[{\"@type\":\"ListItem\",\"position\":1,\"name\":\"Home\",\"item\":\"https:\/\/www.ankarsrum.com\/dk\/\"},{\"@type\":\"ListItem\",\"position\":2,\"name\":\"Produce name\",\"item\":\"https:\/\/www.ankarsrum.com\/dk\/shop\/\"},{\"@type\":\"ListItem\",\"position\":3,\"name\":\"Pastarulle spaghetti\"}]},{\"@type\":\"WebSite\",\"@id\":\"https:\/\/www.ankarsrum.com\/dk\/#website\",\"url\":\"https:\/\/www.ankarsrum.com\/dk\/\",\"name\":\"Ankarsrum Denmark\",\"description\":\"The bread of the world\",\"potentialAction\":[{\"@type\":\"SearchAction\",\"target\":{\"@type\":\"EntryPoint\",\"urlTemplate\":\"https:\/\/www.ankarsrum.com\/dk\/?s={search_term_string}\"},\"query-input\":{\"@type\":\"PropertyValueSpecification\",\"valueRequired\":true,\"valueName\":\"search_term_string\"}}],\"inLanguage\":\"da-DK\"}]}<\/script>\n<!-- \/ Yoast SEO Premium plugin. -->","yoast_head_json":{"title":"Pastask\u00e6rer spaghetti 2 mm til Ankarsrum","description":"Pastask\u00e6rer til spaghetti 2 mm til Ankarsrum k\u00f8kkenmaskine. Lav perfekt hjemmelavet spaghetti nemt. Holdbar og brugervenlig.","robots":{"index":"index","follow":"follow","max-snippet":"max-snippet:-1","max-image-preview":"max-image-preview:large","max-video-preview":"max-video-preview:-1"},"canonical":"https:\/\/www.ankarsrum.com\/dk\/product\/pastacutter-spaghetti-2-mm\/","og_locale":"da_DK","og_type":"article","og_title":"Pastarulle spaghetti","og_description":"Pastask\u00e6rer til spaghetti 2 mm til Ankarsrum k\u00f8kkenmaskine. Lav perfekt hjemmelavet spaghetti nemt. Holdbar og brugervenlig.","og_url":"https:\/\/www.ankarsrum.com\/dk\/product\/pastacutter-spaghetti-2-mm\/","og_site_name":"Ankarsrum Denmark","article_modified_time":"2026-04-15T21:36:53+00:00","og_image":[{"width":1200,"height":630,"url":"https:\/\/www.ankarsrum.com\/dk\/wp-content\/uploads\/sites\/19\/2024\/09\/spagetti-1.jpg","type":"image\/jpeg"}],"twitter_card":"summary_large_image","twitter_misc":{"Estimeret l\u00e6setid":"1 minut"},"schema":{"@context":"https:\/\/schema.org","@graph":[{"@type":"WebPage","@id":"https:\/\/www.ankarsrum.com\/dk\/product\/pastacutter-spaghetti-2-mm\/","url":"https:\/\/www.ankarsrum.com\/dk\/product\/pastacutter-spaghetti-2-mm\/","name":"Pastask\u00e6rer spaghetti 2 mm til Ankarsrum","isPartOf":{"@id":"https:\/\/www.ankarsrum.com\/dk\/#website"},"primaryImageOfPage":{"@id":"https:\/\/www.ankarsrum.com\/dk\/product\/pastacutter-spaghetti-2-mm\/#primaryimage"},"image":{"@id":"https:\/\/www.ankarsrum.com\/dk\/product\/pastacutter-spaghetti-2-mm\/#primaryimage"},"thumbnailUrl":"https:\/\/www.ankarsrum.com\/img-srv\/z7aYXhdM-8LbAw-GieEILxPlTUZbXiIfSJVkhwObaRg\/resizing_type:auto\/width:0\/height:0\/gravity:sm\/enlarge:1\/ext:webp\/strip_metadata:1\/quality:90\/cachebuster:filesize-107584\/bG9jYWw6Ly8vd3d3LmFua2Fyc3J1bS5jb20vd3AtY29udGVudC91cGxvYWRzL3NpdGVzLzE5LzIwMjQvMDkvc3BhZ2V0dGktMS5qcGc.webp","datePublished":"2024-07-16T08:00:59+00:00","dateModified":"2026-04-15T21:36:53+00:00","description":"Pastask\u00e6rer til spaghetti 2 mm til Ankarsrum k\u00f8kkenmaskine. Lav perfekt hjemmelavet spaghetti nemt. Holdbar og brugervenlig.","breadcrumb":{"@id":"https:\/\/www.ankarsrum.com\/dk\/product\/pastacutter-spaghetti-2-mm\/#breadcrumb"},"inLanguage":"da-DK","potentialAction":[{"@type":"ReadAction","target":["https:\/\/www.ankarsrum.com\/dk\/product\/pastacutter-spaghetti-2-mm\/"]}]},{"@type":"ImageObject","inLanguage":"da-DK","@id":"https:\/\/www.ankarsrum.com\/dk\/product\/pastacutter-spaghetti-2-mm\/#primaryimage","url":"https:\/\/www.ankarsrum.com\/img-srv\/z7aYXhdM-8LbAw-GieEILxPlTUZbXiIfSJVkhwObaRg\/resizing_type:auto\/width:0\/height:0\/gravity:sm\/enlarge:1\/ext:webp\/strip_metadata:1\/quality:90\/cachebuster:filesize-107584\/bG9jYWw6Ly8vd3d3LmFua2Fyc3J1bS5jb20vd3AtY29udGVudC91cGxvYWRzL3NpdGVzLzE5LzIwMjQvMDkvc3BhZ2V0dGktMS5qcGc.webp","contentUrl":"https:\/\/www.ankarsrum.com\/img-srv\/z7aYXhdM-8LbAw-GieEILxPlTUZbXiIfSJVkhwObaRg\/resizing_type:auto\/width:0\/height:0\/gravity:sm\/enlarge:1\/ext:webp\/strip_metadata:1\/quality:90\/cachebuster:filesize-107584\/bG9jYWw6Ly8vd3d3LmFua2Fyc3J1bS5jb20vd3AtY29udGVudC91cGxvYWRzL3NpdGVzLzE5LzIwMjQvMDkvc3BhZ2V0dGktMS5qcGc.webp","width":2000,"height":2000},{"@type":"BreadcrumbList","@id":"https:\/\/www.ankarsrum.com\/dk\/product\/pastacutter-spaghetti-2-mm\/#breadcrumb","itemListElement":[{"@type":"ListItem","position":1,"name":"Home","item":"https:\/\/www.ankarsrum.com\/dk\/"},{"@type":"ListItem","position":2,"name":"Produce name","item":"https:\/\/www.ankarsrum.com\/dk\/shop\/"},{"@type":"ListItem","position":3,"name":"Pastarulle spaghetti"}]},{"@type":"WebSite","@id":"https:\/\/www.ankarsrum.com\/dk\/#website","url":"https:\/\/www.ankarsrum.com\/dk\/","name":"Ankarsrum Denmark","description":"The bread of the world","potentialAction":[{"@type":"SearchAction","target":{"@type":"EntryPoint","urlTemplate":"https:\/\/www.ankarsrum.com\/dk\/?s={search_term_string}"},"query-input":{"@type":"PropertyValueSpecification","valueRequired":true,"valueName":"search_term_string"}}],"inLanguage":"da-DK"}]}},"_links":{"self":[{"href":"https:\/\/www.ankarsrum.com\/dk\/wp-json\/wp\/v2\/product\/5358","targetHints":{"allow":["GET"]}}],"collection":[{"href":"https:\/\/www.ankarsrum.com\/dk\/wp-json\/wp\/v2\/product"}],"about":[{"href":"https:\/\/www.ankarsrum.com\/dk\/wp-json\/wp\/v2\/types\/product"}],"replies":[{"embeddable":true,"href":"https:\/\/www.ankarsrum.com\/dk\/wp-json\/wp\/v2\/comments?post=5358"}],"wp:featuredmedia":[{"embeddable":true,"href":"https:\/\/www.ankarsrum.com\/dk\/wp-json\/wp\/v2\/media\/13936"}],"wp:attachment":[{"href":"https:\/\/www.ankarsrum.com\/dk\/wp-json\/wp\/v2\/media?parent=5358"}],"wp:term":[{"taxonomy":"product_brand","embeddable":true,"href":"https:\/\/www.ankarsrum.com\/dk\/wp-json\/wp\/v2\/product_brand?post=5358"},{"taxonomy":"product_cat","embeddable":true,"href":"https:\/\/www.ankarsrum.com\/dk\/wp-json\/wp\/v2\/product_cat?post=5358"},{"taxonomy":"product_tag","embeddable":true,"href":"https:\/\/www.ankarsrum.com\/dk\/wp-json\/wp\/v2\/product_tag?post=5358"},{"taxonomy":"product-tag","embeddable":true,"href":"https:\/\/www.ankarsrum.com\/dk\/wp-json\/wp\/v2\/product-tag?post=5358"},{"taxonomy":"machines","embeddable":true,"href":"https:\/\/www.ankarsrum.com\/dk\/wp-json\/wp\/v2\/machines?post=5358"},{"taxonomy":"filter","embeddable":true,"href":"https:\/\/www.ankarsrum.com\/dk\/wp-json\/wp\/v2\/filter?post=5358"}],"curies":[{"name":"wp","href":"https:\/\/api.w.org\/{rel}","templated":true}]}}