{"id":5364,"date":"2024-07-05T10:25:56","date_gmt":"2024-07-05T08:25:56","guid":{"rendered":"https:\/\/www.ankarsrum.com\/dk\/product\/sproejeskjold-til-koedhakker\/"},"modified":"2026-04-28T00:30:54","modified_gmt":"2026-04-27T22:30:54","slug":"sproejeskjold-til-koedhakker","status":"publish","type":"product","link":"https:\/\/www.ankarsrum.com\/dk\/product\/sproejeskjold-til-koedhakker\/","title":{"rendered":"Spr\u00f8jeskjold til k\u00f8dhakker"},"content":{"rendered":"<p>Passer til k\u00f8dhakkermodel 10.<\/p>","protected":false},"excerpt":{"rendered":"<p>Passer til k\u00f8dhakkermodel 10.. <\/p>\n","protected":false},"featured_media":13692,"comment_status":"open","ping_status":"closed","template":"","meta":{"_acf_changed":false,"content-type":"","editor_notices":[]},"product_brand":[],"product_cat":[450],"product_tag":[],"product-tag":[],"machines":[232,234,238,243,248,249,250,255,257,259],"filter":[267],"class_list":{"0":"post-5364","1":"product","2":"type-product","3":"status-publish","4":"has-post-thumbnail","6":"product_cat-ankarsrum-assistent-dele","7":"machines-09-n10","8":"machines-10-n100","9":"machines-11-n20","10":"machines-12-n21","11":"machines-13-n22","12":"machines-14-n23","13":"machines-15-n24","14":"machines-16-n25","15":"machines-17-n28","16":"machines-18-n30","17":"filter-koedhakker","19":"first","20":"instock","21":"taxable","22":"shipping-taxable","23":"purchasable","24":"product-type-simple"},"bundled_by":[],"bundle_stock_status":"instock","bundle_stock_quantity":null,"bundle_virtual":false,"bundle_layout":"","bundle_add_to_cart_form_location":"","bundle_editable_in_cart":false,"bundle_sold_individually_context":"","bundle_item_grouping":"","bundle_min_size":"","bundle_max_size":"","bundle_price":[],"bundled_items":[],"bundle_sell_ids":[],"acf":[],"yoast_head":"<!-- This site is optimized with the Yoast SEO Premium plugin v26.6 (Yoast SEO v26.6) - https:\/\/yoast.com\/wordpress\/plugins\/seo\/ -->\n<title>Sproejeskjold til k\u00f8dhakker | Ankarsrum k\u00f8kkenmaskine<\/title>\n<meta name=\"description\" content=\"Sproejeskjold til k\u00f8dhakker fra Ankarsrum. Praktisk tilbeh\u00f8r til din k\u00f8kkenmaskine, der beskytter imod spr\u00f8jt og sikrer renere madlavning.\" \/>\n<meta name=\"robots\" content=\"index, follow, max-snippet:-1, max-image-preview:large, max-video-preview:-1\" \/>\n<link rel=\"canonical\" href=\"https:\/\/www.ankarsrum.com\/dk\/product\/sproejeskjold-til-koedhakker\/\" \/>\n<meta property=\"og:locale\" content=\"da_DK\" \/>\n<meta property=\"og:type\" content=\"article\" \/>\n<meta property=\"og:title\" content=\"Spr\u00f8jeskjold til k\u00f8dhakker\" \/>\n<meta property=\"og:description\" content=\"Sproejeskjold til k\u00f8dhakker fra Ankarsrum. Praktisk tilbeh\u00f8r til din k\u00f8kkenmaskine, der beskytter imod spr\u00f8jt og sikrer renere madlavning.\" \/>\n<meta property=\"og:url\" content=\"https:\/\/www.ankarsrum.com\/dk\/product\/sproejeskjold-til-koedhakker\/\" \/>\n<meta property=\"og:site_name\" content=\"Ankarsrum Denmark\" \/>\n<meta property=\"article:modified_time\" content=\"2026-04-27T22:30:54+00:00\" \/>\n<meta property=\"og:image\" content=\"https:\/\/www.ankarsrum.com\/dk\/wp-content\/uploads\/sites\/19\/2024\/09\/splashshield-for-mincer-27626-55-scaled.jpg\" \/>\n\t<meta property=\"og:image:width\" content=\"1200\" \/>\n\t<meta property=\"og:image:height\" content=\"630\" \/>\n\t<meta property=\"og:image:type\" content=\"image\/jpeg\" \/>\n<meta name=\"twitter:card\" content=\"summary_large_image\" \/>\n<meta name=\"twitter:label1\" content=\"Estimeret l\u00e6setid\" \/>\n\t<meta name=\"twitter:data1\" content=\"1 minut\" \/>\n<script type=\"application\/ld+json\" class=\"yoast-schema-graph\">{\"@context\":\"https:\/\/schema.org\",\"@graph\":[{\"@type\":\"WebPage\",\"@id\":\"https:\/\/www.ankarsrum.com\/dk\/product\/sproejeskjold-til-koedhakker\/\",\"url\":\"https:\/\/www.ankarsrum.com\/dk\/product\/sproejeskjold-til-koedhakker\/\",\"name\":\"Sproejeskjold til k\u00f8dhakker | Ankarsrum k\u00f8kkenmaskine\",\"isPartOf\":{\"@id\":\"https:\/\/www.ankarsrum.com\/dk\/#website\"},\"primaryImageOfPage\":{\"@id\":\"https:\/\/www.ankarsrum.com\/dk\/product\/sproejeskjold-til-koedhakker\/#primaryimage\"},\"image\":{\"@id\":\"https:\/\/www.ankarsrum.com\/dk\/product\/sproejeskjold-til-koedhakker\/#primaryimage\"},\"thumbnailUrl\":\"https:\/\/www.ankarsrum.com\/img-srv\/gpVLD5tLChI8Y2gw1EJTj6lkBk2MTkdB2nSDY76X3Ng\/resizing_type:auto\/width:0\/height:0\/gravity:sm\/enlarge:1\/ext:webp\/strip_metadata:1\/quality:90\/cachebuster:filesize-130617\/bG9jYWw6Ly8vd3d3LmFua2Fyc3J1bS5jb20vd3AtY29udGVudC91cGxvYWRzL3NpdGVzLzE5LzIwMjQvMDkvc3BsYXNoc2hpZWxkLWZvci1taW5jZXItMjc2MjYtNTUtc2NhbGVkLmpwZw.webp\",\"datePublished\":\"2024-07-05T08:25:56+00:00\",\"dateModified\":\"2026-04-27T22:30:54+00:00\",\"description\":\"Sproejeskjold til k\u00f8dhakker fra Ankarsrum. Praktisk tilbeh\u00f8r til din k\u00f8kkenmaskine, der beskytter imod spr\u00f8jt og sikrer renere madlavning.\",\"breadcrumb\":{\"@id\":\"https:\/\/www.ankarsrum.com\/dk\/product\/sproejeskjold-til-koedhakker\/#breadcrumb\"},\"inLanguage\":\"da-DK\",\"potentialAction\":[{\"@type\":\"ReadAction\",\"target\":[\"https:\/\/www.ankarsrum.com\/dk\/product\/sproejeskjold-til-koedhakker\/\"]}]},{\"@type\":\"ImageObject\",\"inLanguage\":\"da-DK\",\"@id\":\"https:\/\/www.ankarsrum.com\/dk\/product\/sproejeskjold-til-koedhakker\/#primaryimage\",\"url\":\"https:\/\/www.ankarsrum.com\/img-srv\/gpVLD5tLChI8Y2gw1EJTj6lkBk2MTkdB2nSDY76X3Ng\/resizing_type:auto\/width:0\/height:0\/gravity:sm\/enlarge:1\/ext:webp\/strip_metadata:1\/quality:90\/cachebuster:filesize-130617\/bG9jYWw6Ly8vd3d3LmFua2Fyc3J1bS5jb20vd3AtY29udGVudC91cGxvYWRzL3NpdGVzLzE5LzIwMjQvMDkvc3BsYXNoc2hpZWxkLWZvci1taW5jZXItMjc2MjYtNTUtc2NhbGVkLmpwZw.webp\",\"contentUrl\":\"https:\/\/www.ankarsrum.com\/img-srv\/gpVLD5tLChI8Y2gw1EJTj6lkBk2MTkdB2nSDY76X3Ng\/resizing_type:auto\/width:0\/height:0\/gravity:sm\/enlarge:1\/ext:webp\/strip_metadata:1\/quality:90\/cachebuster:filesize-130617\/bG9jYWw6Ly8vd3d3LmFua2Fyc3J1bS5jb20vd3AtY29udGVudC91cGxvYWRzL3NpdGVzLzE5LzIwMjQvMDkvc3BsYXNoc2hpZWxkLWZvci1taW5jZXItMjc2MjYtNTUtc2NhbGVkLmpwZw.webp\",\"width\":2560,\"height\":2560},{\"@type\":\"BreadcrumbList\",\"@id\":\"https:\/\/www.ankarsrum.com\/dk\/product\/sproejeskjold-til-koedhakker\/#breadcrumb\",\"itemListElement\":[{\"@type\":\"ListItem\",\"position\":1,\"name\":\"Home\",\"item\":\"https:\/\/www.ankarsrum.com\/dk\/\"},{\"@type\":\"ListItem\",\"position\":2,\"name\":\"Produce name\",\"item\":\"https:\/\/www.ankarsrum.com\/dk\/shop\/\"},{\"@type\":\"ListItem\",\"position\":3,\"name\":\"Spr\u00f8jeskjold til k\u00f8dhakker\"}]},{\"@type\":\"WebSite\",\"@id\":\"https:\/\/www.ankarsrum.com\/dk\/#website\",\"url\":\"https:\/\/www.ankarsrum.com\/dk\/\",\"name\":\"Ankarsrum Denmark\",\"description\":\"The bread of the world\",\"potentialAction\":[{\"@type\":\"SearchAction\",\"target\":{\"@type\":\"EntryPoint\",\"urlTemplate\":\"https:\/\/www.ankarsrum.com\/dk\/?s={search_term_string}\"},\"query-input\":{\"@type\":\"PropertyValueSpecification\",\"valueRequired\":true,\"valueName\":\"search_term_string\"}}],\"inLanguage\":\"da-DK\"}]}<\/script>\n<!-- \/ Yoast SEO Premium plugin. -->","yoast_head_json":{"title":"Sproejeskjold til k\u00f8dhakker | Ankarsrum k\u00f8kkenmaskine","description":"Sproejeskjold til k\u00f8dhakker fra Ankarsrum. Praktisk tilbeh\u00f8r til din k\u00f8kkenmaskine, der beskytter imod spr\u00f8jt og sikrer renere madlavning.","robots":{"index":"index","follow":"follow","max-snippet":"max-snippet:-1","max-image-preview":"max-image-preview:large","max-video-preview":"max-video-preview:-1"},"canonical":"https:\/\/www.ankarsrum.com\/dk\/product\/sproejeskjold-til-koedhakker\/","og_locale":"da_DK","og_type":"article","og_title":"Spr\u00f8jeskjold til k\u00f8dhakker","og_description":"Sproejeskjold til k\u00f8dhakker fra Ankarsrum. Praktisk tilbeh\u00f8r til din k\u00f8kkenmaskine, der beskytter imod spr\u00f8jt og sikrer renere madlavning.","og_url":"https:\/\/www.ankarsrum.com\/dk\/product\/sproejeskjold-til-koedhakker\/","og_site_name":"Ankarsrum Denmark","article_modified_time":"2026-04-27T22:30:54+00:00","og_image":[{"width":1200,"height":630,"url":"https:\/\/www.ankarsrum.com\/dk\/wp-content\/uploads\/sites\/19\/2024\/09\/splashshield-for-mincer-27626-55-scaled.jpg","type":"image\/jpeg"}],"twitter_card":"summary_large_image","twitter_misc":{"Estimeret l\u00e6setid":"1 minut"},"schema":{"@context":"https:\/\/schema.org","@graph":[{"@type":"WebPage","@id":"https:\/\/www.ankarsrum.com\/dk\/product\/sproejeskjold-til-koedhakker\/","url":"https:\/\/www.ankarsrum.com\/dk\/product\/sproejeskjold-til-koedhakker\/","name":"Sproejeskjold til k\u00f8dhakker | Ankarsrum k\u00f8kkenmaskine","isPartOf":{"@id":"https:\/\/www.ankarsrum.com\/dk\/#website"},"primaryImageOfPage":{"@id":"https:\/\/www.ankarsrum.com\/dk\/product\/sproejeskjold-til-koedhakker\/#primaryimage"},"image":{"@id":"https:\/\/www.ankarsrum.com\/dk\/product\/sproejeskjold-til-koedhakker\/#primaryimage"},"thumbnailUrl":"https:\/\/www.ankarsrum.com\/img-srv\/gpVLD5tLChI8Y2gw1EJTj6lkBk2MTkdB2nSDY76X3Ng\/resizing_type:auto\/width:0\/height:0\/gravity:sm\/enlarge:1\/ext:webp\/strip_metadata:1\/quality:90\/cachebuster:filesize-130617\/bG9jYWw6Ly8vd3d3LmFua2Fyc3J1bS5jb20vd3AtY29udGVudC91cGxvYWRzL3NpdGVzLzE5LzIwMjQvMDkvc3BsYXNoc2hpZWxkLWZvci1taW5jZXItMjc2MjYtNTUtc2NhbGVkLmpwZw.webp","datePublished":"2024-07-05T08:25:56+00:00","dateModified":"2026-04-27T22:30:54+00:00","description":"Sproejeskjold til k\u00f8dhakker fra Ankarsrum. Praktisk tilbeh\u00f8r til din k\u00f8kkenmaskine, der beskytter imod spr\u00f8jt og sikrer renere madlavning.","breadcrumb":{"@id":"https:\/\/www.ankarsrum.com\/dk\/product\/sproejeskjold-til-koedhakker\/#breadcrumb"},"inLanguage":"da-DK","potentialAction":[{"@type":"ReadAction","target":["https:\/\/www.ankarsrum.com\/dk\/product\/sproejeskjold-til-koedhakker\/"]}]},{"@type":"ImageObject","inLanguage":"da-DK","@id":"https:\/\/www.ankarsrum.com\/dk\/product\/sproejeskjold-til-koedhakker\/#primaryimage","url":"https:\/\/www.ankarsrum.com\/img-srv\/gpVLD5tLChI8Y2gw1EJTj6lkBk2MTkdB2nSDY76X3Ng\/resizing_type:auto\/width:0\/height:0\/gravity:sm\/enlarge:1\/ext:webp\/strip_metadata:1\/quality:90\/cachebuster:filesize-130617\/bG9jYWw6Ly8vd3d3LmFua2Fyc3J1bS5jb20vd3AtY29udGVudC91cGxvYWRzL3NpdGVzLzE5LzIwMjQvMDkvc3BsYXNoc2hpZWxkLWZvci1taW5jZXItMjc2MjYtNTUtc2NhbGVkLmpwZw.webp","contentUrl":"https:\/\/www.ankarsrum.com\/img-srv\/gpVLD5tLChI8Y2gw1EJTj6lkBk2MTkdB2nSDY76X3Ng\/resizing_type:auto\/width:0\/height:0\/gravity:sm\/enlarge:1\/ext:webp\/strip_metadata:1\/quality:90\/cachebuster:filesize-130617\/bG9jYWw6Ly8vd3d3LmFua2Fyc3J1bS5jb20vd3AtY29udGVudC91cGxvYWRzL3NpdGVzLzE5LzIwMjQvMDkvc3BsYXNoc2hpZWxkLWZvci1taW5jZXItMjc2MjYtNTUtc2NhbGVkLmpwZw.webp","width":2560,"height":2560},{"@type":"BreadcrumbList","@id":"https:\/\/www.ankarsrum.com\/dk\/product\/sproejeskjold-til-koedhakker\/#breadcrumb","itemListElement":[{"@type":"ListItem","position":1,"name":"Home","item":"https:\/\/www.ankarsrum.com\/dk\/"},{"@type":"ListItem","position":2,"name":"Produce name","item":"https:\/\/www.ankarsrum.com\/dk\/shop\/"},{"@type":"ListItem","position":3,"name":"Spr\u00f8jeskjold til k\u00f8dhakker"}]},{"@type":"WebSite","@id":"https:\/\/www.ankarsrum.com\/dk\/#website","url":"https:\/\/www.ankarsrum.com\/dk\/","name":"Ankarsrum Denmark","description":"The bread of the world","potentialAction":[{"@type":"SearchAction","target":{"@type":"EntryPoint","urlTemplate":"https:\/\/www.ankarsrum.com\/dk\/?s={search_term_string}"},"query-input":{"@type":"PropertyValueSpecification","valueRequired":true,"valueName":"search_term_string"}}],"inLanguage":"da-DK"}]}},"_links":{"self":[{"href":"https:\/\/www.ankarsrum.com\/dk\/wp-json\/wp\/v2\/product\/5364","targetHints":{"allow":["GET"]}}],"collection":[{"href":"https:\/\/www.ankarsrum.com\/dk\/wp-json\/wp\/v2\/product"}],"about":[{"href":"https:\/\/www.ankarsrum.com\/dk\/wp-json\/wp\/v2\/types\/product"}],"replies":[{"embeddable":true,"href":"https:\/\/www.ankarsrum.com\/dk\/wp-json\/wp\/v2\/comments?post=5364"}],"wp:featuredmedia":[{"embeddable":true,"href":"https:\/\/www.ankarsrum.com\/dk\/wp-json\/wp\/v2\/media\/13692"}],"wp:attachment":[{"href":"https:\/\/www.ankarsrum.com\/dk\/wp-json\/wp\/v2\/media?parent=5364"}],"wp:term":[{"taxonomy":"product_brand","embeddable":true,"href":"https:\/\/www.ankarsrum.com\/dk\/wp-json\/wp\/v2\/product_brand?post=5364"},{"taxonomy":"product_cat","embeddable":true,"href":"https:\/\/www.ankarsrum.com\/dk\/wp-json\/wp\/v2\/product_cat?post=5364"},{"taxonomy":"product_tag","embeddable":true,"href":"https:\/\/www.ankarsrum.com\/dk\/wp-json\/wp\/v2\/product_tag?post=5364"},{"taxonomy":"product-tag","embeddable":true,"href":"https:\/\/www.ankarsrum.com\/dk\/wp-json\/wp\/v2\/product-tag?post=5364"},{"taxonomy":"machines","embeddable":true,"href":"https:\/\/www.ankarsrum.com\/dk\/wp-json\/wp\/v2\/machines?post=5364"},{"taxonomy":"filter","embeddable":true,"href":"https:\/\/www.ankarsrum.com\/dk\/wp-json\/wp\/v2\/filter?post=5364"}],"curies":[{"name":"wp","href":"https:\/\/api.w.org\/{rel}","templated":true}]}}