{"id":5372,"date":"2024-07-05T11:37:47","date_gmt":"2024-07-05T09:37:47","guid":{"rendered":"https:\/\/www.ankarsrum.com\/dk\/product\/laasering-til-koedhakker\/"},"modified":"2026-04-16T23:40:59","modified_gmt":"2026-04-16T21:40:59","slug":"laasering-til-koedhakker","status":"publish","type":"product","link":"https:\/\/www.ankarsrum.com\/dk\/product\/laasering-til-koedhakker\/","title":{"rendered":"L\u00e5sering til k\u00f8dhakker"},"content":{"rendered":"<p>L\u00e5sering til k\u00f8dhakker<\/p>","protected":false},"excerpt":{"rendered":"<p>Passer til dagens model afK\u00f8dhakker, model 10, der er produceret siden 1978.\u00a0<\/p>\n","protected":false},"featured_media":13653,"comment_status":"open","ping_status":"closed","template":"","meta":{"_acf_changed":false,"content-type":"","editor_notices":[]},"product_brand":[],"product_cat":[450],"product_tag":[],"product-tag":[],"machines":[],"filter":[],"class_list":{"0":"post-5372","1":"product","2":"type-product","3":"status-publish","4":"has-post-thumbnail","6":"product_cat-ankarsrum-assistent-dele","8":"first","9":"instock","10":"taxable","11":"shipping-taxable","12":"purchasable","13":"product-type-simple"},"bundled_by":[],"bundle_stock_status":"instock","bundle_stock_quantity":null,"bundle_virtual":false,"bundle_layout":"","bundle_add_to_cart_form_location":"","bundle_editable_in_cart":false,"bundle_sold_individually_context":"","bundle_item_grouping":"","bundle_min_size":"","bundle_max_size":"","bundle_price":[],"bundled_items":[],"bundle_sell_ids":[],"acf":[],"yoast_head":"<!-- This site is optimized with the Yoast SEO Premium plugin v26.6 (Yoast SEO v26.6) - https:\/\/yoast.com\/wordpress\/plugins\/seo\/ -->\n<title>L\u00e5sering til k\u00f8dhakker | Ankarsrum k\u00f8kkenmaskine<\/title>\n<meta name=\"description\" content=\"L\u00e5sering til k\u00f8dhakker fra Ankarsrum. Praktisk tilbeh\u00f8r til din k\u00f8kkenmaskine, der sikrer stabil og sikker montering ved madlavning.\" \/>\n<meta name=\"robots\" content=\"index, follow, max-snippet:-1, max-image-preview:large, max-video-preview:-1\" \/>\n<link rel=\"canonical\" href=\"https:\/\/www.ankarsrum.com\/dk\/product\/laasering-til-koedhakker\/\" \/>\n<meta property=\"og:locale\" content=\"da_DK\" \/>\n<meta property=\"og:type\" content=\"article\" \/>\n<meta property=\"og:title\" content=\"L\u00e5sering til k\u00f8dhakker\" \/>\n<meta property=\"og:description\" content=\"L\u00e5sering til k\u00f8dhakker fra Ankarsrum. Praktisk tilbeh\u00f8r til din k\u00f8kkenmaskine, der sikrer stabil og sikker montering ved madlavning.\" \/>\n<meta property=\"og:url\" content=\"https:\/\/www.ankarsrum.com\/dk\/product\/laasering-til-koedhakker\/\" \/>\n<meta property=\"og:site_name\" content=\"Ankarsrum Denmark\" \/>\n<meta property=\"article:modified_time\" content=\"2026-04-16T21:40:59+00:00\" \/>\n<meta property=\"og:image\" content=\"https:\/\/www.ankarsrum.com\/dk\/wp-content\/uploads\/sites\/19\/2024\/09\/lock-ring-to-mincer-4351483-50.jpg\" \/>\n\t<meta property=\"og:image:width\" content=\"1080\" \/>\n\t<meta property=\"og:image:height\" content=\"630\" \/>\n\t<meta property=\"og:image:type\" content=\"image\/jpeg\" \/>\n<meta name=\"twitter:card\" content=\"summary_large_image\" \/>\n<meta name=\"twitter:label1\" content=\"Estimeret l\u00e6setid\" \/>\n\t<meta name=\"twitter:data1\" content=\"1 minut\" \/>\n<script type=\"application\/ld+json\" class=\"yoast-schema-graph\">{\"@context\":\"https:\/\/schema.org\",\"@graph\":[{\"@type\":\"WebPage\",\"@id\":\"https:\/\/www.ankarsrum.com\/dk\/product\/laasering-til-koedhakker\/\",\"url\":\"https:\/\/www.ankarsrum.com\/dk\/product\/laasering-til-koedhakker\/\",\"name\":\"L\u00e5sering til k\u00f8dhakker | Ankarsrum k\u00f8kkenmaskine\",\"isPartOf\":{\"@id\":\"https:\/\/www.ankarsrum.com\/dk\/#website\"},\"primaryImageOfPage\":{\"@id\":\"https:\/\/www.ankarsrum.com\/dk\/product\/laasering-til-koedhakker\/#primaryimage\"},\"image\":{\"@id\":\"https:\/\/www.ankarsrum.com\/dk\/product\/laasering-til-koedhakker\/#primaryimage\"},\"thumbnailUrl\":\"https:\/\/www.ankarsrum.com\/img-srv\/AY6v3zaN48E6SoaO0IOwtmRWEB8EwD4JKodrFdcHcbo\/resizing_type:auto\/width:0\/height:0\/gravity:sm\/enlarge:1\/ext:webp\/strip_metadata:1\/quality:90\/cachebuster:filesize-32779\/bG9jYWw6Ly8vd3d3LmFua2Fyc3J1bS5jb20vd3AtY29udGVudC91cGxvYWRzL3NpdGVzLzE5LzIwMjQvMDkvbG9jay1yaW5nLXRvLW1pbmNlci00MzUxNDgzLTUwLmpwZw.webp\",\"datePublished\":\"2024-07-05T09:37:47+00:00\",\"dateModified\":\"2026-04-16T21:40:59+00:00\",\"description\":\"L\u00e5sering til k\u00f8dhakker fra Ankarsrum. Praktisk tilbeh\u00f8r til din k\u00f8kkenmaskine, der sikrer stabil og sikker montering ved madlavning.\",\"breadcrumb\":{\"@id\":\"https:\/\/www.ankarsrum.com\/dk\/product\/laasering-til-koedhakker\/#breadcrumb\"},\"inLanguage\":\"da-DK\",\"potentialAction\":[{\"@type\":\"ReadAction\",\"target\":[\"https:\/\/www.ankarsrum.com\/dk\/product\/laasering-til-koedhakker\/\"]}]},{\"@type\":\"ImageObject\",\"inLanguage\":\"da-DK\",\"@id\":\"https:\/\/www.ankarsrum.com\/dk\/product\/laasering-til-koedhakker\/#primaryimage\",\"url\":\"https:\/\/www.ankarsrum.com\/img-srv\/AY6v3zaN48E6SoaO0IOwtmRWEB8EwD4JKodrFdcHcbo\/resizing_type:auto\/width:0\/height:0\/gravity:sm\/enlarge:1\/ext:webp\/strip_metadata:1\/quality:90\/cachebuster:filesize-32779\/bG9jYWw6Ly8vd3d3LmFua2Fyc3J1bS5jb20vd3AtY29udGVudC91cGxvYWRzL3NpdGVzLzE5LzIwMjQvMDkvbG9jay1yaW5nLXRvLW1pbmNlci00MzUxNDgzLTUwLmpwZw.webp\",\"contentUrl\":\"https:\/\/www.ankarsrum.com\/img-srv\/AY6v3zaN48E6SoaO0IOwtmRWEB8EwD4JKodrFdcHcbo\/resizing_type:auto\/width:0\/height:0\/gravity:sm\/enlarge:1\/ext:webp\/strip_metadata:1\/quality:90\/cachebuster:filesize-32779\/bG9jYWw6Ly8vd3d3LmFua2Fyc3J1bS5jb20vd3AtY29udGVudC91cGxvYWRzL3NpdGVzLzE5LzIwMjQvMDkvbG9jay1yaW5nLXRvLW1pbmNlci00MzUxNDgzLTUwLmpwZw.webp\",\"width\":1080,\"height\":1080},{\"@type\":\"BreadcrumbList\",\"@id\":\"https:\/\/www.ankarsrum.com\/dk\/product\/laasering-til-koedhakker\/#breadcrumb\",\"itemListElement\":[{\"@type\":\"ListItem\",\"position\":1,\"name\":\"Home\",\"item\":\"https:\/\/www.ankarsrum.com\/dk\/\"},{\"@type\":\"ListItem\",\"position\":2,\"name\":\"Produce name\",\"item\":\"https:\/\/www.ankarsrum.com\/dk\/shop\/\"},{\"@type\":\"ListItem\",\"position\":3,\"name\":\"L\u00e5sering til k\u00f8dhakker\"}]},{\"@type\":\"WebSite\",\"@id\":\"https:\/\/www.ankarsrum.com\/dk\/#website\",\"url\":\"https:\/\/www.ankarsrum.com\/dk\/\",\"name\":\"Ankarsrum Denmark\",\"description\":\"The bread of the world\",\"potentialAction\":[{\"@type\":\"SearchAction\",\"target\":{\"@type\":\"EntryPoint\",\"urlTemplate\":\"https:\/\/www.ankarsrum.com\/dk\/?s={search_term_string}\"},\"query-input\":{\"@type\":\"PropertyValueSpecification\",\"valueRequired\":true,\"valueName\":\"search_term_string\"}}],\"inLanguage\":\"da-DK\"}]}<\/script>\n<!-- \/ Yoast SEO Premium plugin. -->","yoast_head_json":{"title":"L\u00e5sering til k\u00f8dhakker | Ankarsrum k\u00f8kkenmaskine","description":"L\u00e5sering til k\u00f8dhakker fra Ankarsrum. Praktisk tilbeh\u00f8r til din k\u00f8kkenmaskine, der sikrer stabil og sikker montering ved madlavning.","robots":{"index":"index","follow":"follow","max-snippet":"max-snippet:-1","max-image-preview":"max-image-preview:large","max-video-preview":"max-video-preview:-1"},"canonical":"https:\/\/www.ankarsrum.com\/dk\/product\/laasering-til-koedhakker\/","og_locale":"da_DK","og_type":"article","og_title":"L\u00e5sering til k\u00f8dhakker","og_description":"L\u00e5sering til k\u00f8dhakker fra Ankarsrum. Praktisk tilbeh\u00f8r til din k\u00f8kkenmaskine, der sikrer stabil og sikker montering ved madlavning.","og_url":"https:\/\/www.ankarsrum.com\/dk\/product\/laasering-til-koedhakker\/","og_site_name":"Ankarsrum Denmark","article_modified_time":"2026-04-16T21:40:59+00:00","og_image":[{"width":1080,"height":630,"url":"https:\/\/www.ankarsrum.com\/dk\/wp-content\/uploads\/sites\/19\/2024\/09\/lock-ring-to-mincer-4351483-50.jpg","type":"image\/jpeg"}],"twitter_card":"summary_large_image","twitter_misc":{"Estimeret l\u00e6setid":"1 minut"},"schema":{"@context":"https:\/\/schema.org","@graph":[{"@type":"WebPage","@id":"https:\/\/www.ankarsrum.com\/dk\/product\/laasering-til-koedhakker\/","url":"https:\/\/www.ankarsrum.com\/dk\/product\/laasering-til-koedhakker\/","name":"L\u00e5sering til k\u00f8dhakker | Ankarsrum k\u00f8kkenmaskine","isPartOf":{"@id":"https:\/\/www.ankarsrum.com\/dk\/#website"},"primaryImageOfPage":{"@id":"https:\/\/www.ankarsrum.com\/dk\/product\/laasering-til-koedhakker\/#primaryimage"},"image":{"@id":"https:\/\/www.ankarsrum.com\/dk\/product\/laasering-til-koedhakker\/#primaryimage"},"thumbnailUrl":"https:\/\/www.ankarsrum.com\/img-srv\/AY6v3zaN48E6SoaO0IOwtmRWEB8EwD4JKodrFdcHcbo\/resizing_type:auto\/width:0\/height:0\/gravity:sm\/enlarge:1\/ext:webp\/strip_metadata:1\/quality:90\/cachebuster:filesize-32779\/bG9jYWw6Ly8vd3d3LmFua2Fyc3J1bS5jb20vd3AtY29udGVudC91cGxvYWRzL3NpdGVzLzE5LzIwMjQvMDkvbG9jay1yaW5nLXRvLW1pbmNlci00MzUxNDgzLTUwLmpwZw.webp","datePublished":"2024-07-05T09:37:47+00:00","dateModified":"2026-04-16T21:40:59+00:00","description":"L\u00e5sering til k\u00f8dhakker fra Ankarsrum. Praktisk tilbeh\u00f8r til din k\u00f8kkenmaskine, der sikrer stabil og sikker montering ved madlavning.","breadcrumb":{"@id":"https:\/\/www.ankarsrum.com\/dk\/product\/laasering-til-koedhakker\/#breadcrumb"},"inLanguage":"da-DK","potentialAction":[{"@type":"ReadAction","target":["https:\/\/www.ankarsrum.com\/dk\/product\/laasering-til-koedhakker\/"]}]},{"@type":"ImageObject","inLanguage":"da-DK","@id":"https:\/\/www.ankarsrum.com\/dk\/product\/laasering-til-koedhakker\/#primaryimage","url":"https:\/\/www.ankarsrum.com\/img-srv\/AY6v3zaN48E6SoaO0IOwtmRWEB8EwD4JKodrFdcHcbo\/resizing_type:auto\/width:0\/height:0\/gravity:sm\/enlarge:1\/ext:webp\/strip_metadata:1\/quality:90\/cachebuster:filesize-32779\/bG9jYWw6Ly8vd3d3LmFua2Fyc3J1bS5jb20vd3AtY29udGVudC91cGxvYWRzL3NpdGVzLzE5LzIwMjQvMDkvbG9jay1yaW5nLXRvLW1pbmNlci00MzUxNDgzLTUwLmpwZw.webp","contentUrl":"https:\/\/www.ankarsrum.com\/img-srv\/AY6v3zaN48E6SoaO0IOwtmRWEB8EwD4JKodrFdcHcbo\/resizing_type:auto\/width:0\/height:0\/gravity:sm\/enlarge:1\/ext:webp\/strip_metadata:1\/quality:90\/cachebuster:filesize-32779\/bG9jYWw6Ly8vd3d3LmFua2Fyc3J1bS5jb20vd3AtY29udGVudC91cGxvYWRzL3NpdGVzLzE5LzIwMjQvMDkvbG9jay1yaW5nLXRvLW1pbmNlci00MzUxNDgzLTUwLmpwZw.webp","width":1080,"height":1080},{"@type":"BreadcrumbList","@id":"https:\/\/www.ankarsrum.com\/dk\/product\/laasering-til-koedhakker\/#breadcrumb","itemListElement":[{"@type":"ListItem","position":1,"name":"Home","item":"https:\/\/www.ankarsrum.com\/dk\/"},{"@type":"ListItem","position":2,"name":"Produce name","item":"https:\/\/www.ankarsrum.com\/dk\/shop\/"},{"@type":"ListItem","position":3,"name":"L\u00e5sering til k\u00f8dhakker"}]},{"@type":"WebSite","@id":"https:\/\/www.ankarsrum.com\/dk\/#website","url":"https:\/\/www.ankarsrum.com\/dk\/","name":"Ankarsrum Denmark","description":"The bread of the world","potentialAction":[{"@type":"SearchAction","target":{"@type":"EntryPoint","urlTemplate":"https:\/\/www.ankarsrum.com\/dk\/?s={search_term_string}"},"query-input":{"@type":"PropertyValueSpecification","valueRequired":true,"valueName":"search_term_string"}}],"inLanguage":"da-DK"}]}},"_links":{"self":[{"href":"https:\/\/www.ankarsrum.com\/dk\/wp-json\/wp\/v2\/product\/5372","targetHints":{"allow":["GET"]}}],"collection":[{"href":"https:\/\/www.ankarsrum.com\/dk\/wp-json\/wp\/v2\/product"}],"about":[{"href":"https:\/\/www.ankarsrum.com\/dk\/wp-json\/wp\/v2\/types\/product"}],"replies":[{"embeddable":true,"href":"https:\/\/www.ankarsrum.com\/dk\/wp-json\/wp\/v2\/comments?post=5372"}],"wp:featuredmedia":[{"embeddable":true,"href":"https:\/\/www.ankarsrum.com\/dk\/wp-json\/wp\/v2\/media\/13653"}],"wp:attachment":[{"href":"https:\/\/www.ankarsrum.com\/dk\/wp-json\/wp\/v2\/media?parent=5372"}],"wp:term":[{"taxonomy":"product_brand","embeddable":true,"href":"https:\/\/www.ankarsrum.com\/dk\/wp-json\/wp\/v2\/product_brand?post=5372"},{"taxonomy":"product_cat","embeddable":true,"href":"https:\/\/www.ankarsrum.com\/dk\/wp-json\/wp\/v2\/product_cat?post=5372"},{"taxonomy":"product_tag","embeddable":true,"href":"https:\/\/www.ankarsrum.com\/dk\/wp-json\/wp\/v2\/product_tag?post=5372"},{"taxonomy":"product-tag","embeddable":true,"href":"https:\/\/www.ankarsrum.com\/dk\/wp-json\/wp\/v2\/product-tag?post=5372"},{"taxonomy":"machines","embeddable":true,"href":"https:\/\/www.ankarsrum.com\/dk\/wp-json\/wp\/v2\/machines?post=5372"},{"taxonomy":"filter","embeddable":true,"href":"https:\/\/www.ankarsrum.com\/dk\/wp-json\/wp\/v2\/filter?post=5372"}],"curies":[{"name":"wp","href":"https:\/\/api.w.org\/{rel}","templated":true}]}}