{"id":5380,"date":"2024-07-10T10:51:41","date_gmt":"2024-07-10T08:51:41","guid":{"rendered":"https:\/\/www.ankarsrum.com\/dk\/product\/groentsagssnitter-medium-rivetromle\/"},"modified":"2026-04-05T22:46:12","modified_gmt":"2026-04-05T20:46:12","slug":"groentsagssnitter-medium-rivetromle","status":"publish","type":"product","link":"https:\/\/www.ankarsrum.com\/dk\/product\/groentsagssnitter-medium-rivetromle\/","title":{"rendered":"Gr\u00f8ntsagssnitter &#8211; medium rivetromle"},"content":{"rendered":"<p>Passer til dagens gr\u00f8ntsagssnitter, der er produceret siden 1991.<\/p>","protected":false},"excerpt":{"rendered":"<p>Gr\u00f8ntsagssnitter &#8211; medium rivetromle<\/p>\n","protected":false},"featured_media":13718,"comment_status":"open","ping_status":"closed","template":"","meta":{"_acf_changed":false,"content-type":"","editor_notices":[]},"product_brand":[],"product_cat":[450],"product_tag":[],"product-tag":[],"machines":[248,249,250,255,257,259],"filter":[280],"class_list":{"0":"post-5380","1":"product","2":"type-product","3":"status-publish","4":"has-post-thumbnail","6":"product_cat-ankarsrum-assistent-dele","7":"machines-13-n22","8":"machines-14-n23","9":"machines-15-n24","10":"machines-16-n25","11":"machines-17-n28","12":"machines-18-n30","13":"filter-groentsagssnitter","15":"first","16":"instock","17":"taxable","18":"shipping-taxable","19":"purchasable","20":"product-type-simple"},"bundled_by":[],"bundle_stock_status":"instock","bundle_stock_quantity":null,"bundle_virtual":false,"bundle_layout":"","bundle_add_to_cart_form_location":"","bundle_editable_in_cart":false,"bundle_sold_individually_context":"","bundle_item_grouping":"","bundle_min_size":"","bundle_max_size":"","bundle_price":[],"bundled_items":[],"bundle_sell_ids":[],"acf":[],"yoast_head":"<!-- This site is optimized with the Yoast SEO Premium plugin v26.6 (Yoast SEO v26.6) - https:\/\/yoast.com\/wordpress\/plugins\/seo\/ -->\n<title>Gr\u00f8ntsagssnitter medium rivetromle | Ankarsrum<\/title>\n<meta name=\"description\" content=\"Medium rivetromle til gr\u00f8ntsagssnitter fra Ankarsrum DK. Riv gr\u00f8ntsager nemt med din k\u00f8kkenmaskine til salater, gryderetter og mere.\" \/>\n<meta name=\"robots\" content=\"index, follow, max-snippet:-1, max-image-preview:large, max-video-preview:-1\" \/>\n<link rel=\"canonical\" href=\"https:\/\/www.ankarsrum.com\/dk\/product\/groentsagssnitter-medium-rivetromle\/\" \/>\n<meta property=\"og:locale\" content=\"da_DK\" \/>\n<meta property=\"og:type\" content=\"article\" \/>\n<meta property=\"og:title\" content=\"Gr\u00f8ntsagssnitter - medium rivetromle\" \/>\n<meta property=\"og:description\" content=\"Medium rivetromle til gr\u00f8ntsagssnitter fra Ankarsrum DK. Riv gr\u00f8ntsager nemt med din k\u00f8kkenmaskine til salater, gryderetter og mere.\" \/>\n<meta property=\"og:url\" content=\"https:\/\/www.ankarsrum.com\/dk\/product\/groentsagssnitter-medium-rivetromle\/\" \/>\n<meta property=\"og:site_name\" content=\"Ankarsrum Denmark\" \/>\n<meta property=\"article:modified_time\" content=\"2026-04-05T20:46:12+00:00\" \/>\n<meta property=\"og:image\" content=\"https:\/\/www.ankarsrum.com\/dk\/wp-content\/uploads\/sites\/19\/2024\/09\/vegetablecutter-medium-coarse-drum-920000064-62.jpg\" \/>\n\t<meta property=\"og:image:width\" content=\"1080\" \/>\n\t<meta property=\"og:image:height\" content=\"630\" \/>\n\t<meta property=\"og:image:type\" content=\"image\/jpeg\" \/>\n<meta name=\"twitter:card\" content=\"summary_large_image\" \/>\n<meta name=\"twitter:label1\" content=\"Estimeret l\u00e6setid\" \/>\n\t<meta name=\"twitter:data1\" content=\"1 minut\" \/>\n<script type=\"application\/ld+json\" class=\"yoast-schema-graph\">{\"@context\":\"https:\/\/schema.org\",\"@graph\":[{\"@type\":\"WebPage\",\"@id\":\"https:\/\/www.ankarsrum.com\/dk\/product\/groentsagssnitter-medium-rivetromle\/\",\"url\":\"https:\/\/www.ankarsrum.com\/dk\/product\/groentsagssnitter-medium-rivetromle\/\",\"name\":\"Gr\u00f8ntsagssnitter medium rivetromle | Ankarsrum\",\"isPartOf\":{\"@id\":\"https:\/\/www.ankarsrum.com\/dk\/#website\"},\"primaryImageOfPage\":{\"@id\":\"https:\/\/www.ankarsrum.com\/dk\/product\/groentsagssnitter-medium-rivetromle\/#primaryimage\"},\"image\":{\"@id\":\"https:\/\/www.ankarsrum.com\/dk\/product\/groentsagssnitter-medium-rivetromle\/#primaryimage\"},\"thumbnailUrl\":\"https:\/\/www.ankarsrum.com\/img-srv\/blsXnbSOzciE5C21T-8CpZDloc_ZTbBWws3jmJ89T4I\/resizing_type:auto\/width:0\/height:0\/gravity:sm\/enlarge:1\/ext:webp\/strip_metadata:1\/quality:90\/cachebuster:filesize-34548\/bG9jYWw6Ly8vd3d3LmFua2Fyc3J1bS5jb20vd3AtY29udGVudC91cGxvYWRzL3NpdGVzLzE5LzIwMjQvMDkvdmVnZXRhYmxlY3V0dGVyLW1lZGl1bS1jb2Fyc2UtZHJ1bS05MjAwMDAwNjQtNjIuanBn.webp\",\"datePublished\":\"2024-07-10T08:51:41+00:00\",\"dateModified\":\"2026-04-05T20:46:12+00:00\",\"description\":\"Medium rivetromle til gr\u00f8ntsagssnitter fra Ankarsrum DK. Riv gr\u00f8ntsager nemt med din k\u00f8kkenmaskine til salater, gryderetter og mere.\",\"breadcrumb\":{\"@id\":\"https:\/\/www.ankarsrum.com\/dk\/product\/groentsagssnitter-medium-rivetromle\/#breadcrumb\"},\"inLanguage\":\"da-DK\",\"potentialAction\":[{\"@type\":\"ReadAction\",\"target\":[\"https:\/\/www.ankarsrum.com\/dk\/product\/groentsagssnitter-medium-rivetromle\/\"]}]},{\"@type\":\"ImageObject\",\"inLanguage\":\"da-DK\",\"@id\":\"https:\/\/www.ankarsrum.com\/dk\/product\/groentsagssnitter-medium-rivetromle\/#primaryimage\",\"url\":\"https:\/\/www.ankarsrum.com\/img-srv\/blsXnbSOzciE5C21T-8CpZDloc_ZTbBWws3jmJ89T4I\/resizing_type:auto\/width:0\/height:0\/gravity:sm\/enlarge:1\/ext:webp\/strip_metadata:1\/quality:90\/cachebuster:filesize-34548\/bG9jYWw6Ly8vd3d3LmFua2Fyc3J1bS5jb20vd3AtY29udGVudC91cGxvYWRzL3NpdGVzLzE5LzIwMjQvMDkvdmVnZXRhYmxlY3V0dGVyLW1lZGl1bS1jb2Fyc2UtZHJ1bS05MjAwMDAwNjQtNjIuanBn.webp\",\"contentUrl\":\"https:\/\/www.ankarsrum.com\/img-srv\/blsXnbSOzciE5C21T-8CpZDloc_ZTbBWws3jmJ89T4I\/resizing_type:auto\/width:0\/height:0\/gravity:sm\/enlarge:1\/ext:webp\/strip_metadata:1\/quality:90\/cachebuster:filesize-34548\/bG9jYWw6Ly8vd3d3LmFua2Fyc3J1bS5jb20vd3AtY29udGVudC91cGxvYWRzL3NpdGVzLzE5LzIwMjQvMDkvdmVnZXRhYmxlY3V0dGVyLW1lZGl1bS1jb2Fyc2UtZHJ1bS05MjAwMDAwNjQtNjIuanBn.webp\",\"width\":1080,\"height\":1080},{\"@type\":\"BreadcrumbList\",\"@id\":\"https:\/\/www.ankarsrum.com\/dk\/product\/groentsagssnitter-medium-rivetromle\/#breadcrumb\",\"itemListElement\":[{\"@type\":\"ListItem\",\"position\":1,\"name\":\"Home\",\"item\":\"https:\/\/www.ankarsrum.com\/dk\/\"},{\"@type\":\"ListItem\",\"position\":2,\"name\":\"Produce name\",\"item\":\"https:\/\/www.ankarsrum.com\/dk\/shop\/\"},{\"@type\":\"ListItem\",\"position\":3,\"name\":\"Gr\u00f8ntsagssnitter &#8211; medium rivetromle\"}]},{\"@type\":\"WebSite\",\"@id\":\"https:\/\/www.ankarsrum.com\/dk\/#website\",\"url\":\"https:\/\/www.ankarsrum.com\/dk\/\",\"name\":\"Ankarsrum Denmark\",\"description\":\"The bread of the world\",\"potentialAction\":[{\"@type\":\"SearchAction\",\"target\":{\"@type\":\"EntryPoint\",\"urlTemplate\":\"https:\/\/www.ankarsrum.com\/dk\/?s={search_term_string}\"},\"query-input\":{\"@type\":\"PropertyValueSpecification\",\"valueRequired\":true,\"valueName\":\"search_term_string\"}}],\"inLanguage\":\"da-DK\"}]}<\/script>\n<!-- \/ Yoast SEO Premium plugin. -->","yoast_head_json":{"title":"Gr\u00f8ntsagssnitter medium rivetromle | Ankarsrum","description":"Medium rivetromle til gr\u00f8ntsagssnitter fra Ankarsrum DK. Riv gr\u00f8ntsager nemt med din k\u00f8kkenmaskine til salater, gryderetter og mere.","robots":{"index":"index","follow":"follow","max-snippet":"max-snippet:-1","max-image-preview":"max-image-preview:large","max-video-preview":"max-video-preview:-1"},"canonical":"https:\/\/www.ankarsrum.com\/dk\/product\/groentsagssnitter-medium-rivetromle\/","og_locale":"da_DK","og_type":"article","og_title":"Gr\u00f8ntsagssnitter - medium rivetromle","og_description":"Medium rivetromle til gr\u00f8ntsagssnitter fra Ankarsrum DK. Riv gr\u00f8ntsager nemt med din k\u00f8kkenmaskine til salater, gryderetter og mere.","og_url":"https:\/\/www.ankarsrum.com\/dk\/product\/groentsagssnitter-medium-rivetromle\/","og_site_name":"Ankarsrum Denmark","article_modified_time":"2026-04-05T20:46:12+00:00","og_image":[{"width":1080,"height":630,"url":"https:\/\/www.ankarsrum.com\/dk\/wp-content\/uploads\/sites\/19\/2024\/09\/vegetablecutter-medium-coarse-drum-920000064-62.jpg","type":"image\/jpeg"}],"twitter_card":"summary_large_image","twitter_misc":{"Estimeret l\u00e6setid":"1 minut"},"schema":{"@context":"https:\/\/schema.org","@graph":[{"@type":"WebPage","@id":"https:\/\/www.ankarsrum.com\/dk\/product\/groentsagssnitter-medium-rivetromle\/","url":"https:\/\/www.ankarsrum.com\/dk\/product\/groentsagssnitter-medium-rivetromle\/","name":"Gr\u00f8ntsagssnitter medium rivetromle | Ankarsrum","isPartOf":{"@id":"https:\/\/www.ankarsrum.com\/dk\/#website"},"primaryImageOfPage":{"@id":"https:\/\/www.ankarsrum.com\/dk\/product\/groentsagssnitter-medium-rivetromle\/#primaryimage"},"image":{"@id":"https:\/\/www.ankarsrum.com\/dk\/product\/groentsagssnitter-medium-rivetromle\/#primaryimage"},"thumbnailUrl":"https:\/\/www.ankarsrum.com\/img-srv\/blsXnbSOzciE5C21T-8CpZDloc_ZTbBWws3jmJ89T4I\/resizing_type:auto\/width:0\/height:0\/gravity:sm\/enlarge:1\/ext:webp\/strip_metadata:1\/quality:90\/cachebuster:filesize-34548\/bG9jYWw6Ly8vd3d3LmFua2Fyc3J1bS5jb20vd3AtY29udGVudC91cGxvYWRzL3NpdGVzLzE5LzIwMjQvMDkvdmVnZXRhYmxlY3V0dGVyLW1lZGl1bS1jb2Fyc2UtZHJ1bS05MjAwMDAwNjQtNjIuanBn.webp","datePublished":"2024-07-10T08:51:41+00:00","dateModified":"2026-04-05T20:46:12+00:00","description":"Medium rivetromle til gr\u00f8ntsagssnitter fra Ankarsrum DK. Riv gr\u00f8ntsager nemt med din k\u00f8kkenmaskine til salater, gryderetter og mere.","breadcrumb":{"@id":"https:\/\/www.ankarsrum.com\/dk\/product\/groentsagssnitter-medium-rivetromle\/#breadcrumb"},"inLanguage":"da-DK","potentialAction":[{"@type":"ReadAction","target":["https:\/\/www.ankarsrum.com\/dk\/product\/groentsagssnitter-medium-rivetromle\/"]}]},{"@type":"ImageObject","inLanguage":"da-DK","@id":"https:\/\/www.ankarsrum.com\/dk\/product\/groentsagssnitter-medium-rivetromle\/#primaryimage","url":"https:\/\/www.ankarsrum.com\/img-srv\/blsXnbSOzciE5C21T-8CpZDloc_ZTbBWws3jmJ89T4I\/resizing_type:auto\/width:0\/height:0\/gravity:sm\/enlarge:1\/ext:webp\/strip_metadata:1\/quality:90\/cachebuster:filesize-34548\/bG9jYWw6Ly8vd3d3LmFua2Fyc3J1bS5jb20vd3AtY29udGVudC91cGxvYWRzL3NpdGVzLzE5LzIwMjQvMDkvdmVnZXRhYmxlY3V0dGVyLW1lZGl1bS1jb2Fyc2UtZHJ1bS05MjAwMDAwNjQtNjIuanBn.webp","contentUrl":"https:\/\/www.ankarsrum.com\/img-srv\/blsXnbSOzciE5C21T-8CpZDloc_ZTbBWws3jmJ89T4I\/resizing_type:auto\/width:0\/height:0\/gravity:sm\/enlarge:1\/ext:webp\/strip_metadata:1\/quality:90\/cachebuster:filesize-34548\/bG9jYWw6Ly8vd3d3LmFua2Fyc3J1bS5jb20vd3AtY29udGVudC91cGxvYWRzL3NpdGVzLzE5LzIwMjQvMDkvdmVnZXRhYmxlY3V0dGVyLW1lZGl1bS1jb2Fyc2UtZHJ1bS05MjAwMDAwNjQtNjIuanBn.webp","width":1080,"height":1080},{"@type":"BreadcrumbList","@id":"https:\/\/www.ankarsrum.com\/dk\/product\/groentsagssnitter-medium-rivetromle\/#breadcrumb","itemListElement":[{"@type":"ListItem","position":1,"name":"Home","item":"https:\/\/www.ankarsrum.com\/dk\/"},{"@type":"ListItem","position":2,"name":"Produce name","item":"https:\/\/www.ankarsrum.com\/dk\/shop\/"},{"@type":"ListItem","position":3,"name":"Gr\u00f8ntsagssnitter &#8211; medium rivetromle"}]},{"@type":"WebSite","@id":"https:\/\/www.ankarsrum.com\/dk\/#website","url":"https:\/\/www.ankarsrum.com\/dk\/","name":"Ankarsrum Denmark","description":"The bread of the world","potentialAction":[{"@type":"SearchAction","target":{"@type":"EntryPoint","urlTemplate":"https:\/\/www.ankarsrum.com\/dk\/?s={search_term_string}"},"query-input":{"@type":"PropertyValueSpecification","valueRequired":true,"valueName":"search_term_string"}}],"inLanguage":"da-DK"}]}},"_links":{"self":[{"href":"https:\/\/www.ankarsrum.com\/dk\/wp-json\/wp\/v2\/product\/5380","targetHints":{"allow":["GET"]}}],"collection":[{"href":"https:\/\/www.ankarsrum.com\/dk\/wp-json\/wp\/v2\/product"}],"about":[{"href":"https:\/\/www.ankarsrum.com\/dk\/wp-json\/wp\/v2\/types\/product"}],"replies":[{"embeddable":true,"href":"https:\/\/www.ankarsrum.com\/dk\/wp-json\/wp\/v2\/comments?post=5380"}],"wp:featuredmedia":[{"embeddable":true,"href":"https:\/\/www.ankarsrum.com\/dk\/wp-json\/wp\/v2\/media\/13718"}],"wp:attachment":[{"href":"https:\/\/www.ankarsrum.com\/dk\/wp-json\/wp\/v2\/media?parent=5380"}],"wp:term":[{"taxonomy":"product_brand","embeddable":true,"href":"https:\/\/www.ankarsrum.com\/dk\/wp-json\/wp\/v2\/product_brand?post=5380"},{"taxonomy":"product_cat","embeddable":true,"href":"https:\/\/www.ankarsrum.com\/dk\/wp-json\/wp\/v2\/product_cat?post=5380"},{"taxonomy":"product_tag","embeddable":true,"href":"https:\/\/www.ankarsrum.com\/dk\/wp-json\/wp\/v2\/product_tag?post=5380"},{"taxonomy":"product-tag","embeddable":true,"href":"https:\/\/www.ankarsrum.com\/dk\/wp-json\/wp\/v2\/product-tag?post=5380"},{"taxonomy":"machines","embeddable":true,"href":"https:\/\/www.ankarsrum.com\/dk\/wp-json\/wp\/v2\/machines?post=5380"},{"taxonomy":"filter","embeddable":true,"href":"https:\/\/www.ankarsrum.com\/dk\/wp-json\/wp\/v2\/filter?post=5380"}],"curies":[{"name":"wp","href":"https:\/\/api.w.org\/{rel}","templated":true}]}}