{"id":5389,"date":"2024-07-10T11:12:41","date_gmt":"2024-07-10T09:12:41","guid":{"rendered":"https:\/\/www.ankarsrum.com\/dk\/product\/koedhakkerhus\/"},"modified":"2026-05-02T00:51:20","modified_gmt":"2026-05-01T22:51:20","slug":"koedhakkerhus","status":"publish","type":"product","link":"https:\/\/www.ankarsrum.com\/dk\/product\/koedhakkerhus\/","title":{"rendered":"K\u00f8dhakkerhus"},"content":{"rendered":"<p>Aluminium K\u00f8dhakkerhus, model 10, fremstillet siden 1978.<\/p>","protected":false},"excerpt":{"rendered":"<p>Alt K\u00f8dhakker-tilbeh\u00f8r fra 1978 og fremover passer til dette K\u00f8dhakkerhus.<\/p>\n","protected":false},"featured_media":13659,"comment_status":"open","ping_status":"closed","template":"","meta":{"_acf_changed":false,"content-type":"","editor_notices":[]},"product_brand":[],"product_cat":[450],"product_tag":[],"product-tag":[],"machines":[232,234,238,243,248,249,250,255,257,259],"filter":[267],"class_list":{"0":"post-5389","1":"product","2":"type-product","3":"status-publish","4":"has-post-thumbnail","6":"product_cat-ankarsrum-assistent-dele","7":"machines-09-n10","8":"machines-10-n100","9":"machines-11-n20","10":"machines-12-n21","11":"machines-13-n22","12":"machines-14-n23","13":"machines-15-n24","14":"machines-16-n25","15":"machines-17-n28","16":"machines-18-n30","17":"filter-koedhakker","19":"first","20":"instock","21":"taxable","22":"shipping-taxable","23":"purchasable","24":"product-type-simple"},"bundled_by":[],"bundle_stock_status":"instock","bundle_stock_quantity":null,"bundle_virtual":false,"bundle_layout":"","bundle_add_to_cart_form_location":"","bundle_editable_in_cart":false,"bundle_sold_individually_context":"","bundle_item_grouping":"","bundle_min_size":"","bundle_max_size":"","bundle_price":[],"bundled_items":[],"bundle_sell_ids":[],"acf":[],"yoast_head":"<!-- This site is optimized with the Yoast SEO Premium plugin v26.6 (Yoast SEO v26.6) - https:\/\/yoast.com\/wordpress\/plugins\/seo\/ -->\n<title>K\u00f8dhakkerhus til k\u00f8kkenmaskine | Ankarsrum<\/title>\n<meta name=\"description\" content=\"Aluminium k\u00f8dhakkerhus til Ankarsrum k\u00f8kkenmaskine. Reservedel der passer til modeller siden 1978 og sikrer lang holdbarhed og funktionalitet.\" \/>\n<meta name=\"robots\" content=\"index, follow, max-snippet:-1, max-image-preview:large, max-video-preview:-1\" \/>\n<link rel=\"canonical\" href=\"https:\/\/www.ankarsrum.com\/dk\/product\/koedhakkerhus\/\" \/>\n<meta property=\"og:locale\" content=\"da_DK\" \/>\n<meta property=\"og:type\" content=\"article\" \/>\n<meta property=\"og:title\" content=\"K\u00f8dhakkerhus\" \/>\n<meta property=\"og:description\" content=\"Aluminium k\u00f8dhakkerhus til Ankarsrum k\u00f8kkenmaskine. Reservedel der passer til modeller siden 1978 og sikrer lang holdbarhed og funktionalitet.\" \/>\n<meta property=\"og:url\" content=\"https:\/\/www.ankarsrum.com\/dk\/product\/koedhakkerhus\/\" \/>\n<meta property=\"og:site_name\" content=\"Ankarsrum Denmark\" \/>\n<meta property=\"article:modified_time\" content=\"2026-05-01T22:51:20+00:00\" \/>\n<meta property=\"og:image\" content=\"https:\/\/www.ankarsrum.com\/dk\/wp-content\/uploads\/sites\/19\/2024\/09\/mincer-house-920000192-50.jpg\" \/>\n\t<meta property=\"og:image:width\" content=\"1080\" \/>\n\t<meta property=\"og:image:height\" content=\"630\" \/>\n\t<meta property=\"og:image:type\" content=\"image\/jpeg\" \/>\n<meta name=\"twitter:card\" content=\"summary_large_image\" \/>\n<meta name=\"twitter:label1\" content=\"Estimeret l\u00e6setid\" \/>\n\t<meta name=\"twitter:data1\" content=\"1 minut\" \/>\n<script type=\"application\/ld+json\" class=\"yoast-schema-graph\">{\"@context\":\"https:\/\/schema.org\",\"@graph\":[{\"@type\":\"WebPage\",\"@id\":\"https:\/\/www.ankarsrum.com\/dk\/product\/koedhakkerhus\/\",\"url\":\"https:\/\/www.ankarsrum.com\/dk\/product\/koedhakkerhus\/\",\"name\":\"K\u00f8dhakkerhus til k\u00f8kkenmaskine | Ankarsrum\",\"isPartOf\":{\"@id\":\"https:\/\/www.ankarsrum.com\/dk\/#website\"},\"primaryImageOfPage\":{\"@id\":\"https:\/\/www.ankarsrum.com\/dk\/product\/koedhakkerhus\/#primaryimage\"},\"image\":{\"@id\":\"https:\/\/www.ankarsrum.com\/dk\/product\/koedhakkerhus\/#primaryimage\"},\"thumbnailUrl\":\"https:\/\/www.ankarsrum.com\/img-srv\/Hn1Fn_LV1Nq2JzE2UUjDm6Cs8kOH1A3o05YLZyB07W0\/resizing_type:auto\/width:0\/height:0\/gravity:sm\/enlarge:1\/ext:webp\/strip_metadata:1\/quality:90\/cachebuster:filesize-54332\/bG9jYWw6Ly8vd3d3LmFua2Fyc3J1bS5jb20vd3AtY29udGVudC91cGxvYWRzL3NpdGVzLzE5LzIwMjQvMDkvbWluY2VyLWhvdXNlLTkyMDAwMDE5Mi01MC5qcGc.webp\",\"datePublished\":\"2024-07-10T09:12:41+00:00\",\"dateModified\":\"2026-05-01T22:51:20+00:00\",\"description\":\"Aluminium k\u00f8dhakkerhus til Ankarsrum k\u00f8kkenmaskine. Reservedel der passer til modeller siden 1978 og sikrer lang holdbarhed og funktionalitet.\",\"breadcrumb\":{\"@id\":\"https:\/\/www.ankarsrum.com\/dk\/product\/koedhakkerhus\/#breadcrumb\"},\"inLanguage\":\"da-DK\",\"potentialAction\":[{\"@type\":\"ReadAction\",\"target\":[\"https:\/\/www.ankarsrum.com\/dk\/product\/koedhakkerhus\/\"]}]},{\"@type\":\"ImageObject\",\"inLanguage\":\"da-DK\",\"@id\":\"https:\/\/www.ankarsrum.com\/dk\/product\/koedhakkerhus\/#primaryimage\",\"url\":\"https:\/\/www.ankarsrum.com\/img-srv\/Hn1Fn_LV1Nq2JzE2UUjDm6Cs8kOH1A3o05YLZyB07W0\/resizing_type:auto\/width:0\/height:0\/gravity:sm\/enlarge:1\/ext:webp\/strip_metadata:1\/quality:90\/cachebuster:filesize-54332\/bG9jYWw6Ly8vd3d3LmFua2Fyc3J1bS5jb20vd3AtY29udGVudC91cGxvYWRzL3NpdGVzLzE5LzIwMjQvMDkvbWluY2VyLWhvdXNlLTkyMDAwMDE5Mi01MC5qcGc.webp\",\"contentUrl\":\"https:\/\/www.ankarsrum.com\/img-srv\/Hn1Fn_LV1Nq2JzE2UUjDm6Cs8kOH1A3o05YLZyB07W0\/resizing_type:auto\/width:0\/height:0\/gravity:sm\/enlarge:1\/ext:webp\/strip_metadata:1\/quality:90\/cachebuster:filesize-54332\/bG9jYWw6Ly8vd3d3LmFua2Fyc3J1bS5jb20vd3AtY29udGVudC91cGxvYWRzL3NpdGVzLzE5LzIwMjQvMDkvbWluY2VyLWhvdXNlLTkyMDAwMDE5Mi01MC5qcGc.webp\",\"width\":1080,\"height\":1080},{\"@type\":\"BreadcrumbList\",\"@id\":\"https:\/\/www.ankarsrum.com\/dk\/product\/koedhakkerhus\/#breadcrumb\",\"itemListElement\":[{\"@type\":\"ListItem\",\"position\":1,\"name\":\"Home\",\"item\":\"https:\/\/www.ankarsrum.com\/dk\/\"},{\"@type\":\"ListItem\",\"position\":2,\"name\":\"Produce name\",\"item\":\"https:\/\/www.ankarsrum.com\/dk\/shop\/\"},{\"@type\":\"ListItem\",\"position\":3,\"name\":\"K\u00f8dhakkerhus\"}]},{\"@type\":\"WebSite\",\"@id\":\"https:\/\/www.ankarsrum.com\/dk\/#website\",\"url\":\"https:\/\/www.ankarsrum.com\/dk\/\",\"name\":\"Ankarsrum Denmark\",\"description\":\"The bread of the world\",\"potentialAction\":[{\"@type\":\"SearchAction\",\"target\":{\"@type\":\"EntryPoint\",\"urlTemplate\":\"https:\/\/www.ankarsrum.com\/dk\/?s={search_term_string}\"},\"query-input\":{\"@type\":\"PropertyValueSpecification\",\"valueRequired\":true,\"valueName\":\"search_term_string\"}}],\"inLanguage\":\"da-DK\"}]}<\/script>\n<!-- \/ Yoast SEO Premium plugin. -->","yoast_head_json":{"title":"K\u00f8dhakkerhus til k\u00f8kkenmaskine | Ankarsrum","description":"Aluminium k\u00f8dhakkerhus til Ankarsrum k\u00f8kkenmaskine. Reservedel der passer til modeller siden 1978 og sikrer lang holdbarhed og funktionalitet.","robots":{"index":"index","follow":"follow","max-snippet":"max-snippet:-1","max-image-preview":"max-image-preview:large","max-video-preview":"max-video-preview:-1"},"canonical":"https:\/\/www.ankarsrum.com\/dk\/product\/koedhakkerhus\/","og_locale":"da_DK","og_type":"article","og_title":"K\u00f8dhakkerhus","og_description":"Aluminium k\u00f8dhakkerhus til Ankarsrum k\u00f8kkenmaskine. Reservedel der passer til modeller siden 1978 og sikrer lang holdbarhed og funktionalitet.","og_url":"https:\/\/www.ankarsrum.com\/dk\/product\/koedhakkerhus\/","og_site_name":"Ankarsrum Denmark","article_modified_time":"2026-05-01T22:51:20+00:00","og_image":[{"width":1080,"height":630,"url":"https:\/\/www.ankarsrum.com\/dk\/wp-content\/uploads\/sites\/19\/2024\/09\/mincer-house-920000192-50.jpg","type":"image\/jpeg"}],"twitter_card":"summary_large_image","twitter_misc":{"Estimeret l\u00e6setid":"1 minut"},"schema":{"@context":"https:\/\/schema.org","@graph":[{"@type":"WebPage","@id":"https:\/\/www.ankarsrum.com\/dk\/product\/koedhakkerhus\/","url":"https:\/\/www.ankarsrum.com\/dk\/product\/koedhakkerhus\/","name":"K\u00f8dhakkerhus til k\u00f8kkenmaskine | Ankarsrum","isPartOf":{"@id":"https:\/\/www.ankarsrum.com\/dk\/#website"},"primaryImageOfPage":{"@id":"https:\/\/www.ankarsrum.com\/dk\/product\/koedhakkerhus\/#primaryimage"},"image":{"@id":"https:\/\/www.ankarsrum.com\/dk\/product\/koedhakkerhus\/#primaryimage"},"thumbnailUrl":"https:\/\/www.ankarsrum.com\/img-srv\/Hn1Fn_LV1Nq2JzE2UUjDm6Cs8kOH1A3o05YLZyB07W0\/resizing_type:auto\/width:0\/height:0\/gravity:sm\/enlarge:1\/ext:webp\/strip_metadata:1\/quality:90\/cachebuster:filesize-54332\/bG9jYWw6Ly8vd3d3LmFua2Fyc3J1bS5jb20vd3AtY29udGVudC91cGxvYWRzL3NpdGVzLzE5LzIwMjQvMDkvbWluY2VyLWhvdXNlLTkyMDAwMDE5Mi01MC5qcGc.webp","datePublished":"2024-07-10T09:12:41+00:00","dateModified":"2026-05-01T22:51:20+00:00","description":"Aluminium k\u00f8dhakkerhus til Ankarsrum k\u00f8kkenmaskine. Reservedel der passer til modeller siden 1978 og sikrer lang holdbarhed og funktionalitet.","breadcrumb":{"@id":"https:\/\/www.ankarsrum.com\/dk\/product\/koedhakkerhus\/#breadcrumb"},"inLanguage":"da-DK","potentialAction":[{"@type":"ReadAction","target":["https:\/\/www.ankarsrum.com\/dk\/product\/koedhakkerhus\/"]}]},{"@type":"ImageObject","inLanguage":"da-DK","@id":"https:\/\/www.ankarsrum.com\/dk\/product\/koedhakkerhus\/#primaryimage","url":"https:\/\/www.ankarsrum.com\/img-srv\/Hn1Fn_LV1Nq2JzE2UUjDm6Cs8kOH1A3o05YLZyB07W0\/resizing_type:auto\/width:0\/height:0\/gravity:sm\/enlarge:1\/ext:webp\/strip_metadata:1\/quality:90\/cachebuster:filesize-54332\/bG9jYWw6Ly8vd3d3LmFua2Fyc3J1bS5jb20vd3AtY29udGVudC91cGxvYWRzL3NpdGVzLzE5LzIwMjQvMDkvbWluY2VyLWhvdXNlLTkyMDAwMDE5Mi01MC5qcGc.webp","contentUrl":"https:\/\/www.ankarsrum.com\/img-srv\/Hn1Fn_LV1Nq2JzE2UUjDm6Cs8kOH1A3o05YLZyB07W0\/resizing_type:auto\/width:0\/height:0\/gravity:sm\/enlarge:1\/ext:webp\/strip_metadata:1\/quality:90\/cachebuster:filesize-54332\/bG9jYWw6Ly8vd3d3LmFua2Fyc3J1bS5jb20vd3AtY29udGVudC91cGxvYWRzL3NpdGVzLzE5LzIwMjQvMDkvbWluY2VyLWhvdXNlLTkyMDAwMDE5Mi01MC5qcGc.webp","width":1080,"height":1080},{"@type":"BreadcrumbList","@id":"https:\/\/www.ankarsrum.com\/dk\/product\/koedhakkerhus\/#breadcrumb","itemListElement":[{"@type":"ListItem","position":1,"name":"Home","item":"https:\/\/www.ankarsrum.com\/dk\/"},{"@type":"ListItem","position":2,"name":"Produce name","item":"https:\/\/www.ankarsrum.com\/dk\/shop\/"},{"@type":"ListItem","position":3,"name":"K\u00f8dhakkerhus"}]},{"@type":"WebSite","@id":"https:\/\/www.ankarsrum.com\/dk\/#website","url":"https:\/\/www.ankarsrum.com\/dk\/","name":"Ankarsrum Denmark","description":"The bread of the world","potentialAction":[{"@type":"SearchAction","target":{"@type":"EntryPoint","urlTemplate":"https:\/\/www.ankarsrum.com\/dk\/?s={search_term_string}"},"query-input":{"@type":"PropertyValueSpecification","valueRequired":true,"valueName":"search_term_string"}}],"inLanguage":"da-DK"}]}},"_links":{"self":[{"href":"https:\/\/www.ankarsrum.com\/dk\/wp-json\/wp\/v2\/product\/5389","targetHints":{"allow":["GET"]}}],"collection":[{"href":"https:\/\/www.ankarsrum.com\/dk\/wp-json\/wp\/v2\/product"}],"about":[{"href":"https:\/\/www.ankarsrum.com\/dk\/wp-json\/wp\/v2\/types\/product"}],"replies":[{"embeddable":true,"href":"https:\/\/www.ankarsrum.com\/dk\/wp-json\/wp\/v2\/comments?post=5389"}],"wp:featuredmedia":[{"embeddable":true,"href":"https:\/\/www.ankarsrum.com\/dk\/wp-json\/wp\/v2\/media\/13659"}],"wp:attachment":[{"href":"https:\/\/www.ankarsrum.com\/dk\/wp-json\/wp\/v2\/media?parent=5389"}],"wp:term":[{"taxonomy":"product_brand","embeddable":true,"href":"https:\/\/www.ankarsrum.com\/dk\/wp-json\/wp\/v2\/product_brand?post=5389"},{"taxonomy":"product_cat","embeddable":true,"href":"https:\/\/www.ankarsrum.com\/dk\/wp-json\/wp\/v2\/product_cat?post=5389"},{"taxonomy":"product_tag","embeddable":true,"href":"https:\/\/www.ankarsrum.com\/dk\/wp-json\/wp\/v2\/product_tag?post=5389"},{"taxonomy":"product-tag","embeddable":true,"href":"https:\/\/www.ankarsrum.com\/dk\/wp-json\/wp\/v2\/product-tag?post=5389"},{"taxonomy":"machines","embeddable":true,"href":"https:\/\/www.ankarsrum.com\/dk\/wp-json\/wp\/v2\/machines?post=5389"},{"taxonomy":"filter","embeddable":true,"href":"https:\/\/www.ankarsrum.com\/dk\/wp-json\/wp\/v2\/filter?post=5389"}],"curies":[{"name":"wp","href":"https:\/\/api.w.org\/{rel}","templated":true}]}}