{"id":5391,"date":"2024-07-10T11:15:25","date_gmt":"2024-07-10T09:15:25","guid":{"rendered":"https:\/\/www.ankarsrum.com\/dk\/product\/hurtigpisker-plastskaal-35-liter\/"},"modified":"2026-04-28T00:31:22","modified_gmt":"2026-04-27T22:31:22","slug":"hurtigpisker-plastskaal-35-liter","status":"publish","type":"product","link":"https:\/\/www.ankarsrum.com\/dk\/product\/hurtigpisker-plastskaal-35-liter\/","title":{"rendered":"Hurtigpisker plastsk\u00e5l 3,5 liter"},"content":{"rendered":"<p>Pisk sk\u00e5l i Tritan.<\/p>","protected":false},"excerpt":{"rendered":"<p>Passer til alle modeller af Assistent Original.<\/p>\n","protected":false},"featured_media":13736,"comment_status":"open","ping_status":"closed","template":"","meta":{"_acf_changed":false,"content-type":"","editor_notices":[]},"product_brand":[],"product_cat":[450],"product_tag":[157,158,159,160,163,162,161],"product-tag":[],"machines":[215,232,234,238,243,248,249,250,255,257,220,259,222,226,227,231,214,218],"filter":[271],"class_list":{"0":"post-5391","1":"product","2":"type-product","3":"status-publish","4":"has-post-thumbnail","6":"product_cat-ankarsrum-assistent-dele","7":"product_tag-denmark","8":"product_tag-england","9":"product_tag-germany","10":"product_tag-norway","11":"product_tag-spare-parts","12":"product_tag-united-kingdom","13":"product_tag-usa","14":"machines-02-n1","15":"machines-09-n10","16":"machines-10-n100","17":"machines-11-n20","18":"machines-12-n21","19":"machines-13-n22","20":"machines-14-n23","21":"machines-15-n24","22":"machines-16-n25","23":"machines-17-n28","24":"machines-04-n3","25":"machines-18-n30","26":"machines-05-n4","27":"machines-06-n6","28":"machines-07-n7","29":"machines-08-n8","30":"machines-01-ng1","31":"machines-03-nx1","32":"filter-basispakke","34":"first","35":"instock","36":"taxable","37":"shipping-taxable","38":"purchasable","39":"product-type-simple"},"bundled_by":[],"bundle_stock_status":"instock","bundle_stock_quantity":null,"bundle_virtual":false,"bundle_layout":"","bundle_add_to_cart_form_location":"","bundle_editable_in_cart":false,"bundle_sold_individually_context":"","bundle_item_grouping":"","bundle_min_size":"","bundle_max_size":"","bundle_price":[],"bundled_items":[],"bundle_sell_ids":[],"acf":[],"yoast_head":"<!-- This site is optimized with the Yoast SEO Premium plugin v26.6 (Yoast SEO v26.6) - https:\/\/yoast.com\/wordpress\/plugins\/seo\/ -->\n<title>Hurtigpisker plastsk\u00e5l 3,5 liter \u2013 tilbeh\u00f8r til Ankarsrum<\/title>\n<meta name=\"description\" content=\"Opdag plastsk\u00e5len p\u00e5 3,5 liters Tritan til Hurtigpisker-udstyret fra Ankarsrum \u2013 ideel til vispning, piskning og let reng\u00f8ring.\" \/>\n<meta name=\"robots\" content=\"index, follow, max-snippet:-1, max-image-preview:large, max-video-preview:-1\" \/>\n<link rel=\"canonical\" href=\"https:\/\/www.ankarsrum.com\/dk\/product\/hurtigpisker-plastskaal-35-liter\/\" \/>\n<meta property=\"og:locale\" content=\"da_DK\" \/>\n<meta property=\"og:type\" content=\"article\" \/>\n<meta property=\"og:title\" content=\"Hurtigpisker plastsk\u00e5l 3,5 liter\" \/>\n<meta property=\"og:description\" content=\"Opdag plastsk\u00e5len p\u00e5 3,5 liters Tritan til Hurtigpisker-udstyret fra Ankarsrum \u2013 ideel til vispning, piskning og let reng\u00f8ring.\" \/>\n<meta property=\"og:url\" content=\"https:\/\/www.ankarsrum.com\/dk\/product\/hurtigpisker-plastskaal-35-liter\/\" \/>\n<meta property=\"og:site_name\" content=\"Ankarsrum Denmark\" \/>\n<meta property=\"article:modified_time\" content=\"2026-04-27T22:31:22+00:00\" \/>\n<meta property=\"og:image\" content=\"https:\/\/www.ankarsrum.com\/dk\/wp-content\/uploads\/sites\/19\/2024\/09\/beater-bowl-920000196-50.jpg\" \/>\n\t<meta property=\"og:image:width\" content=\"1080\" \/>\n\t<meta property=\"og:image:height\" content=\"630\" \/>\n\t<meta property=\"og:image:type\" content=\"image\/jpeg\" \/>\n<meta name=\"twitter:card\" content=\"summary_large_image\" \/>\n<meta name=\"twitter:label1\" content=\"Estimeret l\u00e6setid\" \/>\n\t<meta name=\"twitter:data1\" content=\"1 minut\" \/>\n<script type=\"application\/ld+json\" class=\"yoast-schema-graph\">{\"@context\":\"https:\/\/schema.org\",\"@graph\":[{\"@type\":\"WebPage\",\"@id\":\"https:\/\/www.ankarsrum.com\/dk\/product\/hurtigpisker-plastskaal-35-liter\/\",\"url\":\"https:\/\/www.ankarsrum.com\/dk\/product\/hurtigpisker-plastskaal-35-liter\/\",\"name\":\"Hurtigpisker plastsk\u00e5l 3,5 liter \u2013 tilbeh\u00f8r til Ankarsrum\",\"isPartOf\":{\"@id\":\"https:\/\/www.ankarsrum.com\/dk\/#website\"},\"primaryImageOfPage\":{\"@id\":\"https:\/\/www.ankarsrum.com\/dk\/product\/hurtigpisker-plastskaal-35-liter\/#primaryimage\"},\"image\":{\"@id\":\"https:\/\/www.ankarsrum.com\/dk\/product\/hurtigpisker-plastskaal-35-liter\/#primaryimage\"},\"thumbnailUrl\":\"https:\/\/www.ankarsrum.com\/img-srv\/AjfdCbwMaWqZIxqdfft6i7_iLJn3ujh-ppt8YSvxg1M\/resizing_type:auto\/width:0\/height:0\/gravity:sm\/enlarge:1\/ext:webp\/strip_metadata:1\/quality:90\/cachebuster:filesize-29395\/bG9jYWw6Ly8vd3d3LmFua2Fyc3J1bS5jb20vd3AtY29udGVudC91cGxvYWRzL3NpdGVzLzE5LzIwMjQvMDkvYmVhdGVyLWJvd2wtOTIwMDAwMTk2LTUwLmpwZw.webp\",\"datePublished\":\"2024-07-10T09:15:25+00:00\",\"dateModified\":\"2026-04-27T22:31:22+00:00\",\"description\":\"Opdag plastsk\u00e5len p\u00e5 3,5 liters Tritan til Hurtigpisker-udstyret fra Ankarsrum \u2013 ideel til vispning, piskning og let reng\u00f8ring.\",\"breadcrumb\":{\"@id\":\"https:\/\/www.ankarsrum.com\/dk\/product\/hurtigpisker-plastskaal-35-liter\/#breadcrumb\"},\"inLanguage\":\"da-DK\",\"potentialAction\":[{\"@type\":\"ReadAction\",\"target\":[\"https:\/\/www.ankarsrum.com\/dk\/product\/hurtigpisker-plastskaal-35-liter\/\"]}]},{\"@type\":\"ImageObject\",\"inLanguage\":\"da-DK\",\"@id\":\"https:\/\/www.ankarsrum.com\/dk\/product\/hurtigpisker-plastskaal-35-liter\/#primaryimage\",\"url\":\"https:\/\/www.ankarsrum.com\/img-srv\/AjfdCbwMaWqZIxqdfft6i7_iLJn3ujh-ppt8YSvxg1M\/resizing_type:auto\/width:0\/height:0\/gravity:sm\/enlarge:1\/ext:webp\/strip_metadata:1\/quality:90\/cachebuster:filesize-29395\/bG9jYWw6Ly8vd3d3LmFua2Fyc3J1bS5jb20vd3AtY29udGVudC91cGxvYWRzL3NpdGVzLzE5LzIwMjQvMDkvYmVhdGVyLWJvd2wtOTIwMDAwMTk2LTUwLmpwZw.webp\",\"contentUrl\":\"https:\/\/www.ankarsrum.com\/img-srv\/AjfdCbwMaWqZIxqdfft6i7_iLJn3ujh-ppt8YSvxg1M\/resizing_type:auto\/width:0\/height:0\/gravity:sm\/enlarge:1\/ext:webp\/strip_metadata:1\/quality:90\/cachebuster:filesize-29395\/bG9jYWw6Ly8vd3d3LmFua2Fyc3J1bS5jb20vd3AtY29udGVudC91cGxvYWRzL3NpdGVzLzE5LzIwMjQvMDkvYmVhdGVyLWJvd2wtOTIwMDAwMTk2LTUwLmpwZw.webp\",\"width\":1080,\"height\":1080},{\"@type\":\"BreadcrumbList\",\"@id\":\"https:\/\/www.ankarsrum.com\/dk\/product\/hurtigpisker-plastskaal-35-liter\/#breadcrumb\",\"itemListElement\":[{\"@type\":\"ListItem\",\"position\":1,\"name\":\"Home\",\"item\":\"https:\/\/www.ankarsrum.com\/dk\/\"},{\"@type\":\"ListItem\",\"position\":2,\"name\":\"Produce name\",\"item\":\"https:\/\/www.ankarsrum.com\/dk\/shop\/\"},{\"@type\":\"ListItem\",\"position\":3,\"name\":\"Hurtigpisker plastsk\u00e5l 3,5 liter\"}]},{\"@type\":\"WebSite\",\"@id\":\"https:\/\/www.ankarsrum.com\/dk\/#website\",\"url\":\"https:\/\/www.ankarsrum.com\/dk\/\",\"name\":\"Ankarsrum Denmark\",\"description\":\"The bread of the world\",\"potentialAction\":[{\"@type\":\"SearchAction\",\"target\":{\"@type\":\"EntryPoint\",\"urlTemplate\":\"https:\/\/www.ankarsrum.com\/dk\/?s={search_term_string}\"},\"query-input\":{\"@type\":\"PropertyValueSpecification\",\"valueRequired\":true,\"valueName\":\"search_term_string\"}}],\"inLanguage\":\"da-DK\"}]}<\/script>\n<!-- \/ Yoast SEO Premium plugin. -->","yoast_head_json":{"title":"Hurtigpisker plastsk\u00e5l 3,5 liter \u2013 tilbeh\u00f8r til Ankarsrum","description":"Opdag plastsk\u00e5len p\u00e5 3,5 liters Tritan til Hurtigpisker-udstyret fra Ankarsrum \u2013 ideel til vispning, piskning og let reng\u00f8ring.","robots":{"index":"index","follow":"follow","max-snippet":"max-snippet:-1","max-image-preview":"max-image-preview:large","max-video-preview":"max-video-preview:-1"},"canonical":"https:\/\/www.ankarsrum.com\/dk\/product\/hurtigpisker-plastskaal-35-liter\/","og_locale":"da_DK","og_type":"article","og_title":"Hurtigpisker plastsk\u00e5l 3,5 liter","og_description":"Opdag plastsk\u00e5len p\u00e5 3,5 liters Tritan til Hurtigpisker-udstyret fra Ankarsrum \u2013 ideel til vispning, piskning og let reng\u00f8ring.","og_url":"https:\/\/www.ankarsrum.com\/dk\/product\/hurtigpisker-plastskaal-35-liter\/","og_site_name":"Ankarsrum Denmark","article_modified_time":"2026-04-27T22:31:22+00:00","og_image":[{"width":1080,"height":630,"url":"https:\/\/www.ankarsrum.com\/dk\/wp-content\/uploads\/sites\/19\/2024\/09\/beater-bowl-920000196-50.jpg","type":"image\/jpeg"}],"twitter_card":"summary_large_image","twitter_misc":{"Estimeret l\u00e6setid":"1 minut"},"schema":{"@context":"https:\/\/schema.org","@graph":[{"@type":"WebPage","@id":"https:\/\/www.ankarsrum.com\/dk\/product\/hurtigpisker-plastskaal-35-liter\/","url":"https:\/\/www.ankarsrum.com\/dk\/product\/hurtigpisker-plastskaal-35-liter\/","name":"Hurtigpisker plastsk\u00e5l 3,5 liter \u2013 tilbeh\u00f8r til Ankarsrum","isPartOf":{"@id":"https:\/\/www.ankarsrum.com\/dk\/#website"},"primaryImageOfPage":{"@id":"https:\/\/www.ankarsrum.com\/dk\/product\/hurtigpisker-plastskaal-35-liter\/#primaryimage"},"image":{"@id":"https:\/\/www.ankarsrum.com\/dk\/product\/hurtigpisker-plastskaal-35-liter\/#primaryimage"},"thumbnailUrl":"https:\/\/www.ankarsrum.com\/img-srv\/AjfdCbwMaWqZIxqdfft6i7_iLJn3ujh-ppt8YSvxg1M\/resizing_type:auto\/width:0\/height:0\/gravity:sm\/enlarge:1\/ext:webp\/strip_metadata:1\/quality:90\/cachebuster:filesize-29395\/bG9jYWw6Ly8vd3d3LmFua2Fyc3J1bS5jb20vd3AtY29udGVudC91cGxvYWRzL3NpdGVzLzE5LzIwMjQvMDkvYmVhdGVyLWJvd2wtOTIwMDAwMTk2LTUwLmpwZw.webp","datePublished":"2024-07-10T09:15:25+00:00","dateModified":"2026-04-27T22:31:22+00:00","description":"Opdag plastsk\u00e5len p\u00e5 3,5 liters Tritan til Hurtigpisker-udstyret fra Ankarsrum \u2013 ideel til vispning, piskning og let reng\u00f8ring.","breadcrumb":{"@id":"https:\/\/www.ankarsrum.com\/dk\/product\/hurtigpisker-plastskaal-35-liter\/#breadcrumb"},"inLanguage":"da-DK","potentialAction":[{"@type":"ReadAction","target":["https:\/\/www.ankarsrum.com\/dk\/product\/hurtigpisker-plastskaal-35-liter\/"]}]},{"@type":"ImageObject","inLanguage":"da-DK","@id":"https:\/\/www.ankarsrum.com\/dk\/product\/hurtigpisker-plastskaal-35-liter\/#primaryimage","url":"https:\/\/www.ankarsrum.com\/img-srv\/AjfdCbwMaWqZIxqdfft6i7_iLJn3ujh-ppt8YSvxg1M\/resizing_type:auto\/width:0\/height:0\/gravity:sm\/enlarge:1\/ext:webp\/strip_metadata:1\/quality:90\/cachebuster:filesize-29395\/bG9jYWw6Ly8vd3d3LmFua2Fyc3J1bS5jb20vd3AtY29udGVudC91cGxvYWRzL3NpdGVzLzE5LzIwMjQvMDkvYmVhdGVyLWJvd2wtOTIwMDAwMTk2LTUwLmpwZw.webp","contentUrl":"https:\/\/www.ankarsrum.com\/img-srv\/AjfdCbwMaWqZIxqdfft6i7_iLJn3ujh-ppt8YSvxg1M\/resizing_type:auto\/width:0\/height:0\/gravity:sm\/enlarge:1\/ext:webp\/strip_metadata:1\/quality:90\/cachebuster:filesize-29395\/bG9jYWw6Ly8vd3d3LmFua2Fyc3J1bS5jb20vd3AtY29udGVudC91cGxvYWRzL3NpdGVzLzE5LzIwMjQvMDkvYmVhdGVyLWJvd2wtOTIwMDAwMTk2LTUwLmpwZw.webp","width":1080,"height":1080},{"@type":"BreadcrumbList","@id":"https:\/\/www.ankarsrum.com\/dk\/product\/hurtigpisker-plastskaal-35-liter\/#breadcrumb","itemListElement":[{"@type":"ListItem","position":1,"name":"Home","item":"https:\/\/www.ankarsrum.com\/dk\/"},{"@type":"ListItem","position":2,"name":"Produce name","item":"https:\/\/www.ankarsrum.com\/dk\/shop\/"},{"@type":"ListItem","position":3,"name":"Hurtigpisker plastsk\u00e5l 3,5 liter"}]},{"@type":"WebSite","@id":"https:\/\/www.ankarsrum.com\/dk\/#website","url":"https:\/\/www.ankarsrum.com\/dk\/","name":"Ankarsrum Denmark","description":"The bread of the world","potentialAction":[{"@type":"SearchAction","target":{"@type":"EntryPoint","urlTemplate":"https:\/\/www.ankarsrum.com\/dk\/?s={search_term_string}"},"query-input":{"@type":"PropertyValueSpecification","valueRequired":true,"valueName":"search_term_string"}}],"inLanguage":"da-DK"}]}},"_links":{"self":[{"href":"https:\/\/www.ankarsrum.com\/dk\/wp-json\/wp\/v2\/product\/5391","targetHints":{"allow":["GET"]}}],"collection":[{"href":"https:\/\/www.ankarsrum.com\/dk\/wp-json\/wp\/v2\/product"}],"about":[{"href":"https:\/\/www.ankarsrum.com\/dk\/wp-json\/wp\/v2\/types\/product"}],"replies":[{"embeddable":true,"href":"https:\/\/www.ankarsrum.com\/dk\/wp-json\/wp\/v2\/comments?post=5391"}],"wp:featuredmedia":[{"embeddable":true,"href":"https:\/\/www.ankarsrum.com\/dk\/wp-json\/wp\/v2\/media\/13736"}],"wp:attachment":[{"href":"https:\/\/www.ankarsrum.com\/dk\/wp-json\/wp\/v2\/media?parent=5391"}],"wp:term":[{"taxonomy":"product_brand","embeddable":true,"href":"https:\/\/www.ankarsrum.com\/dk\/wp-json\/wp\/v2\/product_brand?post=5391"},{"taxonomy":"product_cat","embeddable":true,"href":"https:\/\/www.ankarsrum.com\/dk\/wp-json\/wp\/v2\/product_cat?post=5391"},{"taxonomy":"product_tag","embeddable":true,"href":"https:\/\/www.ankarsrum.com\/dk\/wp-json\/wp\/v2\/product_tag?post=5391"},{"taxonomy":"product-tag","embeddable":true,"href":"https:\/\/www.ankarsrum.com\/dk\/wp-json\/wp\/v2\/product-tag?post=5391"},{"taxonomy":"machines","embeddable":true,"href":"https:\/\/www.ankarsrum.com\/dk\/wp-json\/wp\/v2\/machines?post=5391"},{"taxonomy":"filter","embeddable":true,"href":"https:\/\/www.ankarsrum.com\/dk\/wp-json\/wp\/v2\/filter?post=5391"}],"curies":[{"name":"wp","href":"https:\/\/api.w.org\/{rel}","templated":true}]}}