{"id":5409,"date":"2024-07-10T09:47:20","date_gmt":"2024-07-10T07:47:20","guid":{"rendered":"https:\/\/www.ankarsrum.com\/dk\/product\/assistent-original-glossy-white-gw\/"},"modified":"2026-04-14T23:31:13","modified_gmt":"2026-04-14T21:31:13","slug":"assistent-original-glossy-white-gw","status":"publish","type":"product","link":"https:\/\/www.ankarsrum.com\/dk\/product\/assistent-original-glossy-white-gw\/","title":{"rendered":"Ankarsrum Assistent Original K\u00f8kkenmaskine &#8211; Glossy White"},"content":{"rendered":"<p>Assistent Original\u00ae AKM6230 basispakke indeholder tilbeh\u00f8r til at g\u00f8re madlavning lettere og giver uvurderlig hj\u00e6lp, n\u00e5r du bager alt fra svampede kager til surdejbr\u00f8d. Dette er den nyeste model af den klassiske Assistent Original, med flere nye smarte funktioner og forbedringer.<\/p>\n<p>Takket v\u00e6re dens kraftigere 1500 W motor, kan du blande og \u00e6lte en endnu tungere dej og det g\u00f8res med endnu mere lethed. Assistent Original\u00ae har ogs\u00e5 motor feedback, hvilket betyder, at maskinen selv kan regulerer sin hastighed afh\u00e6ngigt af belastningen. Dens unikke gear enhed g\u00f8r det muligt for maskinen at v\u00e6re b\u00e5de kraftfuld og stille.<\/p>\n<p>En k\u00e6mpe 7 liters metalsk\u00e5l g\u00f8r dette til den ideelle maskine til at lave store portioner dej. Den kan \u00e6lte op til 1,5 L dejv\u00e6ske eller det der svarer til 5 kg dej uden problemer.<\/p>\n<p>Assistent Original\u00ae har et attraktivt og slankt design, lavt st\u00f8jniveau og st\u00e5r fast p\u00e5 din bordplade. Assistent Original\u00ae 6230 indeholder en 7 L rustfri metalsk\u00e5l, dejrulle, kantskraber, spatel, dejkrog og et h\u00e6vel\u00e5g. En hurtigpisker med 3,5 L plastsk\u00e5l i tritanplast og b\u00e5de m\u00f8rdejs\u00e6lter og ballonpiskeris. H\u00e5ndtaget p\u00e5 armen og drejekontrolknapper er i forkromet zink.<\/p>\n<p>Dette er opf\u00f8lgningen p\u00e5 den klassiske Assistent, der tidligere blev fremstillet af Electrolux og af den danske maskine Ballerup Mastermixer. F\u00e5s i mange forskellige farver.<\/p>\n<p>Med sit brede udvalg af tilbeh\u00f8r kan du ogs\u00e5 \u00e6lte, piske, hakke k\u00f8d, lave pasta, presse citrusfrugter og meget mere.<\/p>","protected":false},"excerpt":{"rendered":"<p>Ankarsrum Assistent Original er produceret og samlet i h\u00e5nden i Sverige og har det v\u00e6ret siden 1940. Hver enkelt Assistent k\u00f8kkenmaskine testes, f\u00f8r den forlader fabrikken. Vi arbejder efter principperne kvalitet, funktionalitet og design.<\/p>\n","protected":false},"featured_media":13614,"comment_status":"open","ping_status":"closed","template":"","meta":{"_acf_changed":false,"content-type":"","editor_notices":[]},"product_brand":[],"product_cat":[456],"product_tag":[],"product-tag":[],"machines":[],"filter":[],"class_list":{"0":"post-5409","1":"product","2":"type-product","3":"status-publish","4":"has-post-thumbnail","6":"product_cat-kokkenmaskine","8":"first","9":"instock","10":"taxable","11":"shipping-taxable","12":"purchasable","13":"product-type-simple"},"bundled_by":[],"bundle_stock_status":"instock","bundle_stock_quantity":null,"bundle_virtual":false,"bundle_layout":"","bundle_add_to_cart_form_location":"","bundle_editable_in_cart":false,"bundle_sold_individually_context":"","bundle_item_grouping":"","bundle_min_size":"","bundle_max_size":"","bundle_price":[],"bundled_items":[],"bundle_sell_ids":[],"acf":[],"yoast_head":"<!-- This site is optimized with the Yoast SEO Premium plugin v26.6 (Yoast SEO v26.6) - https:\/\/yoast.com\/wordpress\/plugins\/seo\/ -->\n<title>Ankarsrum Glossy White \u2013 Stilren og kraftfuld r\u00f8remaskine<\/title>\n<meta name=\"description\" content=\"Ankarsrum Assistent Original i glossy white \u2013 en elegant r\u00f8remaskine, ideel til store dejm\u00e6ngder og alsidige k\u00f8kkenopgaver.\" \/>\n<meta name=\"robots\" content=\"index, follow, max-snippet:-1, max-image-preview:large, max-video-preview:-1\" \/>\n<link rel=\"canonical\" href=\"https:\/\/www.ankarsrum.com\/dk\/product\/assistent-original-glossy-white-gw\/\" \/>\n<meta property=\"og:locale\" content=\"da_DK\" \/>\n<meta property=\"og:type\" content=\"article\" \/>\n<meta property=\"og:title\" content=\"Ankarsrum Assistent Original K\u00f8kkenmaskine - Glossy White\" \/>\n<meta property=\"og:description\" content=\"Ankarsrum Assistent Original i glossy white \u2013 en elegant r\u00f8remaskine, ideel til store dejm\u00e6ngder og alsidige k\u00f8kkenopgaver.\" \/>\n<meta property=\"og:url\" content=\"https:\/\/www.ankarsrum.com\/dk\/product\/assistent-original-glossy-white-gw\/\" \/>\n<meta property=\"og:site_name\" content=\"Ankarsrum Denmark\" \/>\n<meta property=\"article:modified_time\" content=\"2026-04-14T21:31:13+00:00\" \/>\n<meta property=\"og:image\" content=\"https:\/\/www.ankarsrum.com\/dk\/wp-content\/uploads\/sites\/19\/2024\/09\/ankarsrum-assistent-original-glossy-white-hero.jpg\" \/>\n\t<meta property=\"og:image:width\" content=\"1200\" \/>\n\t<meta property=\"og:image:height\" content=\"630\" \/>\n\t<meta property=\"og:image:type\" content=\"image\/jpeg\" \/>\n<meta name=\"twitter:card\" content=\"summary_large_image\" \/>\n<meta name=\"twitter:label1\" content=\"Estimeret l\u00e6setid\" \/>\n\t<meta name=\"twitter:data1\" content=\"2 minutter\" \/>\n<script type=\"application\/ld+json\" class=\"yoast-schema-graph\">{\"@context\":\"https:\/\/schema.org\",\"@graph\":[{\"@type\":\"WebPage\",\"@id\":\"https:\/\/www.ankarsrum.com\/dk\/product\/assistent-original-glossy-white-gw\/\",\"url\":\"https:\/\/www.ankarsrum.com\/dk\/product\/assistent-original-glossy-white-gw\/\",\"name\":\"Ankarsrum Glossy White \u2013 Stilren og kraftfuld r\u00f8remaskine\",\"isPartOf\":{\"@id\":\"https:\/\/www.ankarsrum.com\/dk\/#website\"},\"primaryImageOfPage\":{\"@id\":\"https:\/\/www.ankarsrum.com\/dk\/product\/assistent-original-glossy-white-gw\/#primaryimage\"},\"image\":{\"@id\":\"https:\/\/www.ankarsrum.com\/dk\/product\/assistent-original-glossy-white-gw\/#primaryimage\"},\"thumbnailUrl\":\"https:\/\/www.ankarsrum.com\/img-srv\/cglLRDt9zXhl-dyfv8xc_ePuwitBQBEnyi9mqFIDri8\/resizing_type:auto\/width:0\/height:0\/gravity:sm\/enlarge:1\/ext:webp\/strip_metadata:1\/quality:90\/cachebuster:filesize-179416\/bG9jYWw6Ly8vd3d3LmFua2Fyc3J1bS5jb20vd3AtY29udGVudC91cGxvYWRzL3NpdGVzLzE5LzIwMjQvMDkvYW5rYXJzcnVtLWFzc2lzdGVudC1vcmlnaW5hbC1nbG9zc3ktd2hpdGUtaGVyby5qcGc.webp\",\"datePublished\":\"2024-07-10T07:47:20+00:00\",\"dateModified\":\"2026-04-14T21:31:13+00:00\",\"description\":\"Ankarsrum Assistent Original i glossy white \u2013 en elegant r\u00f8remaskine, ideel til store dejm\u00e6ngder og alsidige k\u00f8kkenopgaver.\",\"breadcrumb\":{\"@id\":\"https:\/\/www.ankarsrum.com\/dk\/product\/assistent-original-glossy-white-gw\/#breadcrumb\"},\"inLanguage\":\"da-DK\",\"potentialAction\":[{\"@type\":\"ReadAction\",\"target\":[\"https:\/\/www.ankarsrum.com\/dk\/product\/assistent-original-glossy-white-gw\/\"]}]},{\"@type\":\"ImageObject\",\"inLanguage\":\"da-DK\",\"@id\":\"https:\/\/www.ankarsrum.com\/dk\/product\/assistent-original-glossy-white-gw\/#primaryimage\",\"url\":\"https:\/\/www.ankarsrum.com\/img-srv\/cglLRDt9zXhl-dyfv8xc_ePuwitBQBEnyi9mqFIDri8\/resizing_type:auto\/width:0\/height:0\/gravity:sm\/enlarge:1\/ext:webp\/strip_metadata:1\/quality:90\/cachebuster:filesize-179416\/bG9jYWw6Ly8vd3d3LmFua2Fyc3J1bS5jb20vd3AtY29udGVudC91cGxvYWRzL3NpdGVzLzE5LzIwMjQvMDkvYW5rYXJzcnVtLWFzc2lzdGVudC1vcmlnaW5hbC1nbG9zc3ktd2hpdGUtaGVyby5qcGc.webp\",\"contentUrl\":\"https:\/\/www.ankarsrum.com\/img-srv\/cglLRDt9zXhl-dyfv8xc_ePuwitBQBEnyi9mqFIDri8\/resizing_type:auto\/width:0\/height:0\/gravity:sm\/enlarge:1\/ext:webp\/strip_metadata:1\/quality:90\/cachebuster:filesize-179416\/bG9jYWw6Ly8vd3d3LmFua2Fyc3J1bS5jb20vd3AtY29udGVudC91cGxvYWRzL3NpdGVzLzE5LzIwMjQvMDkvYW5rYXJzcnVtLWFzc2lzdGVudC1vcmlnaW5hbC1nbG9zc3ktd2hpdGUtaGVyby5qcGc.webp\",\"width\":2000,\"height\":2000},{\"@type\":\"BreadcrumbList\",\"@id\":\"https:\/\/www.ankarsrum.com\/dk\/product\/assistent-original-glossy-white-gw\/#breadcrumb\",\"itemListElement\":[{\"@type\":\"ListItem\",\"position\":1,\"name\":\"Home\",\"item\":\"https:\/\/www.ankarsrum.com\/dk\/\"},{\"@type\":\"ListItem\",\"position\":2,\"name\":\"Produce name\",\"item\":\"https:\/\/www.ankarsrum.com\/dk\/shop\/\"},{\"@type\":\"ListItem\",\"position\":3,\"name\":\"Ankarsrum Assistent Original K\u00f8kkenmaskine &#8211; Glossy White\"}]},{\"@type\":\"WebSite\",\"@id\":\"https:\/\/www.ankarsrum.com\/dk\/#website\",\"url\":\"https:\/\/www.ankarsrum.com\/dk\/\",\"name\":\"Ankarsrum Denmark\",\"description\":\"The bread of the world\",\"potentialAction\":[{\"@type\":\"SearchAction\",\"target\":{\"@type\":\"EntryPoint\",\"urlTemplate\":\"https:\/\/www.ankarsrum.com\/dk\/?s={search_term_string}\"},\"query-input\":{\"@type\":\"PropertyValueSpecification\",\"valueRequired\":true,\"valueName\":\"search_term_string\"}}],\"inLanguage\":\"da-DK\"}]}<\/script>\n<!-- \/ Yoast SEO Premium plugin. -->","yoast_head_json":{"title":"Ankarsrum Glossy White \u2013 Stilren og kraftfuld r\u00f8remaskine","description":"Ankarsrum Assistent Original i glossy white \u2013 en elegant r\u00f8remaskine, ideel til store dejm\u00e6ngder og alsidige k\u00f8kkenopgaver.","robots":{"index":"index","follow":"follow","max-snippet":"max-snippet:-1","max-image-preview":"max-image-preview:large","max-video-preview":"max-video-preview:-1"},"canonical":"https:\/\/www.ankarsrum.com\/dk\/product\/assistent-original-glossy-white-gw\/","og_locale":"da_DK","og_type":"article","og_title":"Ankarsrum Assistent Original K\u00f8kkenmaskine - Glossy White","og_description":"Ankarsrum Assistent Original i glossy white \u2013 en elegant r\u00f8remaskine, ideel til store dejm\u00e6ngder og alsidige k\u00f8kkenopgaver.","og_url":"https:\/\/www.ankarsrum.com\/dk\/product\/assistent-original-glossy-white-gw\/","og_site_name":"Ankarsrum Denmark","article_modified_time":"2026-04-14T21:31:13+00:00","og_image":[{"width":1200,"height":630,"url":"https:\/\/www.ankarsrum.com\/dk\/wp-content\/uploads\/sites\/19\/2024\/09\/ankarsrum-assistent-original-glossy-white-hero.jpg","type":"image\/jpeg"}],"twitter_card":"summary_large_image","twitter_misc":{"Estimeret l\u00e6setid":"2 minutter"},"schema":{"@context":"https:\/\/schema.org","@graph":[{"@type":"WebPage","@id":"https:\/\/www.ankarsrum.com\/dk\/product\/assistent-original-glossy-white-gw\/","url":"https:\/\/www.ankarsrum.com\/dk\/product\/assistent-original-glossy-white-gw\/","name":"Ankarsrum Glossy White \u2013 Stilren og kraftfuld r\u00f8remaskine","isPartOf":{"@id":"https:\/\/www.ankarsrum.com\/dk\/#website"},"primaryImageOfPage":{"@id":"https:\/\/www.ankarsrum.com\/dk\/product\/assistent-original-glossy-white-gw\/#primaryimage"},"image":{"@id":"https:\/\/www.ankarsrum.com\/dk\/product\/assistent-original-glossy-white-gw\/#primaryimage"},"thumbnailUrl":"https:\/\/www.ankarsrum.com\/img-srv\/cglLRDt9zXhl-dyfv8xc_ePuwitBQBEnyi9mqFIDri8\/resizing_type:auto\/width:0\/height:0\/gravity:sm\/enlarge:1\/ext:webp\/strip_metadata:1\/quality:90\/cachebuster:filesize-179416\/bG9jYWw6Ly8vd3d3LmFua2Fyc3J1bS5jb20vd3AtY29udGVudC91cGxvYWRzL3NpdGVzLzE5LzIwMjQvMDkvYW5rYXJzcnVtLWFzc2lzdGVudC1vcmlnaW5hbC1nbG9zc3ktd2hpdGUtaGVyby5qcGc.webp","datePublished":"2024-07-10T07:47:20+00:00","dateModified":"2026-04-14T21:31:13+00:00","description":"Ankarsrum Assistent Original i glossy white \u2013 en elegant r\u00f8remaskine, ideel til store dejm\u00e6ngder og alsidige k\u00f8kkenopgaver.","breadcrumb":{"@id":"https:\/\/www.ankarsrum.com\/dk\/product\/assistent-original-glossy-white-gw\/#breadcrumb"},"inLanguage":"da-DK","potentialAction":[{"@type":"ReadAction","target":["https:\/\/www.ankarsrum.com\/dk\/product\/assistent-original-glossy-white-gw\/"]}]},{"@type":"ImageObject","inLanguage":"da-DK","@id":"https:\/\/www.ankarsrum.com\/dk\/product\/assistent-original-glossy-white-gw\/#primaryimage","url":"https:\/\/www.ankarsrum.com\/img-srv\/cglLRDt9zXhl-dyfv8xc_ePuwitBQBEnyi9mqFIDri8\/resizing_type:auto\/width:0\/height:0\/gravity:sm\/enlarge:1\/ext:webp\/strip_metadata:1\/quality:90\/cachebuster:filesize-179416\/bG9jYWw6Ly8vd3d3LmFua2Fyc3J1bS5jb20vd3AtY29udGVudC91cGxvYWRzL3NpdGVzLzE5LzIwMjQvMDkvYW5rYXJzcnVtLWFzc2lzdGVudC1vcmlnaW5hbC1nbG9zc3ktd2hpdGUtaGVyby5qcGc.webp","contentUrl":"https:\/\/www.ankarsrum.com\/img-srv\/cglLRDt9zXhl-dyfv8xc_ePuwitBQBEnyi9mqFIDri8\/resizing_type:auto\/width:0\/height:0\/gravity:sm\/enlarge:1\/ext:webp\/strip_metadata:1\/quality:90\/cachebuster:filesize-179416\/bG9jYWw6Ly8vd3d3LmFua2Fyc3J1bS5jb20vd3AtY29udGVudC91cGxvYWRzL3NpdGVzLzE5LzIwMjQvMDkvYW5rYXJzcnVtLWFzc2lzdGVudC1vcmlnaW5hbC1nbG9zc3ktd2hpdGUtaGVyby5qcGc.webp","width":2000,"height":2000},{"@type":"BreadcrumbList","@id":"https:\/\/www.ankarsrum.com\/dk\/product\/assistent-original-glossy-white-gw\/#breadcrumb","itemListElement":[{"@type":"ListItem","position":1,"name":"Home","item":"https:\/\/www.ankarsrum.com\/dk\/"},{"@type":"ListItem","position":2,"name":"Produce name","item":"https:\/\/www.ankarsrum.com\/dk\/shop\/"},{"@type":"ListItem","position":3,"name":"Ankarsrum Assistent Original K\u00f8kkenmaskine &#8211; Glossy White"}]},{"@type":"WebSite","@id":"https:\/\/www.ankarsrum.com\/dk\/#website","url":"https:\/\/www.ankarsrum.com\/dk\/","name":"Ankarsrum Denmark","description":"The bread of the world","potentialAction":[{"@type":"SearchAction","target":{"@type":"EntryPoint","urlTemplate":"https:\/\/www.ankarsrum.com\/dk\/?s={search_term_string}"},"query-input":{"@type":"PropertyValueSpecification","valueRequired":true,"valueName":"search_term_string"}}],"inLanguage":"da-DK"}]}},"_links":{"self":[{"href":"https:\/\/www.ankarsrum.com\/dk\/wp-json\/wp\/v2\/product\/5409","targetHints":{"allow":["GET"]}}],"collection":[{"href":"https:\/\/www.ankarsrum.com\/dk\/wp-json\/wp\/v2\/product"}],"about":[{"href":"https:\/\/www.ankarsrum.com\/dk\/wp-json\/wp\/v2\/types\/product"}],"replies":[{"embeddable":true,"href":"https:\/\/www.ankarsrum.com\/dk\/wp-json\/wp\/v2\/comments?post=5409"}],"wp:featuredmedia":[{"embeddable":true,"href":"https:\/\/www.ankarsrum.com\/dk\/wp-json\/wp\/v2\/media\/13614"}],"wp:attachment":[{"href":"https:\/\/www.ankarsrum.com\/dk\/wp-json\/wp\/v2\/media?parent=5409"}],"wp:term":[{"taxonomy":"product_brand","embeddable":true,"href":"https:\/\/www.ankarsrum.com\/dk\/wp-json\/wp\/v2\/product_brand?post=5409"},{"taxonomy":"product_cat","embeddable":true,"href":"https:\/\/www.ankarsrum.com\/dk\/wp-json\/wp\/v2\/product_cat?post=5409"},{"taxonomy":"product_tag","embeddable":true,"href":"https:\/\/www.ankarsrum.com\/dk\/wp-json\/wp\/v2\/product_tag?post=5409"},{"taxonomy":"product-tag","embeddable":true,"href":"https:\/\/www.ankarsrum.com\/dk\/wp-json\/wp\/v2\/product-tag?post=5409"},{"taxonomy":"machines","embeddable":true,"href":"https:\/\/www.ankarsrum.com\/dk\/wp-json\/wp\/v2\/machines?post=5409"},{"taxonomy":"filter","embeddable":true,"href":"https:\/\/www.ankarsrum.com\/dk\/wp-json\/wp\/v2\/filter?post=5409"}],"curies":[{"name":"wp","href":"https:\/\/api.w.org\/{rel}","templated":true}]}}