{"id":5925,"date":"2024-07-16T10:48:09","date_gmt":"2024-07-16T08:48:09","guid":{"rendered":"https:\/\/www.ankarsrum.com\/dk\/product\/none-2\/"},"modified":"2026-04-28T00:31:54","modified_gmt":"2026-04-27T22:31:54","slug":"go-green","status":"publish","type":"product","link":"https:\/\/www.ankarsrum.com\/dk\/product\/go-green\/","title":{"rendered":"Go Green"},"content":{"rendered":"<p>Med Go Green-pakken f\u00e5r du tre alsidige tilbeh\u00f8rsdele til din Ankarsrum Assistent Original: Blender med Tamper, Citruspresser og Gr\u00f8ntsagssnitter. Sammen g\u00f8r de det nemt og sjovt at lave sund mad. Lav alt fra forfriskende morgenjuice og n\u00e6rende smoothies til salater, saucer og gr\u00f8ntsagsbaserede retter, som hele familien kan nyde.<\/p>\n<p><strong>Blender med Tamper:<\/strong> Blend smoothies, knus b\u00e6r og lav cremede saucer \u2013 hurtigt og nemt. Fremstillet af slidst\u00e6rkt Tritan-plastik, der b\u00e5de er BPA-frit og holdbart.<br \/><strong>Citruspresser: <\/strong>Start dagen med friskpresset juice. Perfekt til appelsiner, citroner, limefrugter og grapefrugt. Den BPA-fri beholder rummer op til 1,2 liter juice \u2013 ideel til hele familien.<br \/><strong>Gr\u00f8ntsagssnitter:<\/strong> Sk\u00e6r, riv eller striml dine yndlingsgr\u00f8ntsager p\u00e5 ingen tid med de tre medf\u00f8lgende tromler. Perfekt til salater, r\u00e5kost og gr\u00f8ntsagsbaserede retter.<\/p>\n<p>Go Green-pakken er et komplet s\u00e6t, der g\u00f8r hverdagen nemmere og gr\u00f8nnere \u2013 og madlavningen er b\u00e5de effektiv og sjov!<\/p>\n<p><strong>Gr\u00f8ntsagssnitteren passer til alle modeller af Assistent Original N1-N30.<\/strong><br \/><strong>Citruspresseren passer til alle modeller af Assistent Original N1-N30.<\/strong><br \/><strong>Blenderenkanden passer til alle modeller af Assistent Original N24-N30.<\/strong><\/p>\n<p>Hvad er inkluderet?<\/p>\n<ul>\n<li><strong>Blender med Tamper:<\/strong> Blenderkande, topl\u00e5g, m\u00e5lel\u00e5g og Tamperstav.<\/li>\n<li><strong>Citruspresser:<\/strong> Gennemsigtig beholder og hvid citruspresse.<\/li>\n<li><strong>Gr\u00f8ntsagssnitter:<\/strong> Tre tromler (skivetromle, grov og mellemgrov rivetromle), Nedstopper, l\u00e5sering og gr\u00f8ntsagssnitterhus.<\/li>\n<\/ul>","protected":false},"excerpt":{"rendered":"<p>G\u00f8r hverdagen nemmere og gr\u00f8nnere med Go Green-pakken! Med Citruspresseren, Blenderen med Tamper og Gr\u00f8ntsagssnitteren har du alt hvad du beh\u00f8ver for at booste din dag med frugt og gr\u00f8nt. Blend smoothies, pres frisk juice og sk\u00e6r eller riv gr\u00f8ntsager \u2013 hurtigt og bekvemt i en samlet pakke.<\/p>\n","protected":false},"featured_media":13863,"comment_status":"open","ping_status":"closed","template":"","meta":{"_acf_changed":false,"content-type":"","editor_notices":[]},"product_brand":[],"product_cat":[453],"product_tag":[],"product-tag":[],"machines":[250,255,257,259],"filter":[314,310,275],"class_list":{"0":"post-5925","1":"product","2":"type-product","3":"status-publish","4":"has-post-thumbnail","6":"product_cat-ankarsrum-tilbehoer","7":"machines-15-n24","8":"machines-16-n25","9":"machines-17-n28","10":"machines-18-n30","11":"filter-frugt-og-groent","12":"filter-mad","13":"filter-tilbehoerspakke","15":"first","16":"instock","17":"taxable","18":"shipping-taxable","19":"purchasable","20":"product-type-simple"},"bundled_by":[],"bundle_stock_status":"instock","bundle_stock_quantity":null,"bundle_virtual":false,"bundle_layout":"","bundle_add_to_cart_form_location":"","bundle_editable_in_cart":false,"bundle_sold_individually_context":"","bundle_item_grouping":"","bundle_min_size":"","bundle_max_size":"","bundle_price":[],"bundled_items":[],"bundle_sell_ids":[],"acf":[],"yoast_head":"<!-- This site is optimized with the Yoast SEO Premium plugin v26.6 (Yoast SEO v26.6) - https:\/\/yoast.com\/wordpress\/plugins\/seo\/ -->\n<title>Go Green-pakke til Ankarsrum k\u00f8kkenmaskine<\/title>\n<meta name=\"description\" content=\"Go Green-pakke til Ankarsrum k\u00f8kkenmaskine. Perfekt til plantebaserede opskrifter med juicer, rivejern og mere. Praktisk og alsidig.\" \/>\n<meta name=\"robots\" content=\"index, follow, max-snippet:-1, max-image-preview:large, max-video-preview:-1\" \/>\n<link rel=\"canonical\" href=\"https:\/\/www.ankarsrum.com\/dk\/product\/go-green\/\" \/>\n<meta property=\"og:locale\" content=\"da_DK\" \/>\n<meta property=\"og:type\" content=\"article\" \/>\n<meta property=\"og:title\" content=\"Go Green\" \/>\n<meta property=\"og:description\" content=\"Go Green-pakke til Ankarsrum k\u00f8kkenmaskine. Perfekt til plantebaserede opskrifter med juicer, rivejern og mere. Praktisk og alsidig.\" \/>\n<meta property=\"og:url\" content=\"https:\/\/www.ankarsrum.com\/dk\/product\/go-green\/\" \/>\n<meta property=\"og:site_name\" content=\"Ankarsrum Denmark\" \/>\n<meta property=\"article:modified_time\" content=\"2026-04-27T22:31:54+00:00\" \/>\n<meta property=\"og:image\" content=\"https:\/\/www.ankarsrum.com\/dk\/wp-content\/uploads\/sites\/19\/2024\/09\/go-green.jpg\" \/>\n\t<meta property=\"og:image:width\" content=\"1200\" \/>\n\t<meta property=\"og:image:height\" content=\"630\" \/>\n\t<meta property=\"og:image:type\" content=\"image\/jpeg\" \/>\n<meta name=\"twitter:card\" content=\"summary_large_image\" \/>\n<meta name=\"twitter:label1\" content=\"Estimeret l\u00e6setid\" \/>\n\t<meta name=\"twitter:data1\" content=\"2 minutter\" \/>\n<script type=\"application\/ld+json\" class=\"yoast-schema-graph\">{\"@context\":\"https:\/\/schema.org\",\"@graph\":[{\"@type\":\"WebPage\",\"@id\":\"https:\/\/www.ankarsrum.com\/dk\/product\/go-green\/\",\"url\":\"https:\/\/www.ankarsrum.com\/dk\/product\/go-green\/\",\"name\":\"Go Green-pakke til Ankarsrum k\u00f8kkenmaskine\",\"isPartOf\":{\"@id\":\"https:\/\/www.ankarsrum.com\/dk\/#website\"},\"primaryImageOfPage\":{\"@id\":\"https:\/\/www.ankarsrum.com\/dk\/product\/go-green\/#primaryimage\"},\"image\":{\"@id\":\"https:\/\/www.ankarsrum.com\/dk\/product\/go-green\/#primaryimage\"},\"thumbnailUrl\":\"https:\/\/www.ankarsrum.com\/img-srv\/I4sJefeXCoqupYPxbw6pBSRr5GvCBVOEwbRk1pyrTpc\/resizing_type:auto\/width:0\/height:0\/gravity:sm\/enlarge:1\/ext:webp\/strip_metadata:1\/quality:90\/cachebuster:filesize-168702\/bG9jYWw6Ly8vd3d3LmFua2Fyc3J1bS5jb20vd3AtY29udGVudC91cGxvYWRzL3NpdGVzLzE5LzIwMjQvMDkvZ28tZ3JlZW4uanBn.webp\",\"datePublished\":\"2024-07-16T08:48:09+00:00\",\"dateModified\":\"2026-04-27T22:31:54+00:00\",\"description\":\"Go Green-pakke til Ankarsrum k\u00f8kkenmaskine. Perfekt til plantebaserede opskrifter med juicer, rivejern og mere. Praktisk og alsidig.\",\"breadcrumb\":{\"@id\":\"https:\/\/www.ankarsrum.com\/dk\/product\/go-green\/#breadcrumb\"},\"inLanguage\":\"da-DK\",\"potentialAction\":[{\"@type\":\"ReadAction\",\"target\":[\"https:\/\/www.ankarsrum.com\/dk\/product\/go-green\/\"]}]},{\"@type\":\"ImageObject\",\"inLanguage\":\"da-DK\",\"@id\":\"https:\/\/www.ankarsrum.com\/dk\/product\/go-green\/#primaryimage\",\"url\":\"https:\/\/www.ankarsrum.com\/img-srv\/I4sJefeXCoqupYPxbw6pBSRr5GvCBVOEwbRk1pyrTpc\/resizing_type:auto\/width:0\/height:0\/gravity:sm\/enlarge:1\/ext:webp\/strip_metadata:1\/quality:90\/cachebuster:filesize-168702\/bG9jYWw6Ly8vd3d3LmFua2Fyc3J1bS5jb20vd3AtY29udGVudC91cGxvYWRzL3NpdGVzLzE5LzIwMjQvMDkvZ28tZ3JlZW4uanBn.webp\",\"contentUrl\":\"https:\/\/www.ankarsrum.com\/img-srv\/I4sJefeXCoqupYPxbw6pBSRr5GvCBVOEwbRk1pyrTpc\/resizing_type:auto\/width:0\/height:0\/gravity:sm\/enlarge:1\/ext:webp\/strip_metadata:1\/quality:90\/cachebuster:filesize-168702\/bG9jYWw6Ly8vd3d3LmFua2Fyc3J1bS5jb20vd3AtY29udGVudC91cGxvYWRzL3NpdGVzLzE5LzIwMjQvMDkvZ28tZ3JlZW4uanBn.webp\",\"width\":2000,\"height\":2000},{\"@type\":\"BreadcrumbList\",\"@id\":\"https:\/\/www.ankarsrum.com\/dk\/product\/go-green\/#breadcrumb\",\"itemListElement\":[{\"@type\":\"ListItem\",\"position\":1,\"name\":\"Home\",\"item\":\"https:\/\/www.ankarsrum.com\/dk\/\"},{\"@type\":\"ListItem\",\"position\":2,\"name\":\"Produce name\",\"item\":\"https:\/\/www.ankarsrum.com\/dk\/shop\/\"},{\"@type\":\"ListItem\",\"position\":3,\"name\":\"Go Green\"}]},{\"@type\":\"WebSite\",\"@id\":\"https:\/\/www.ankarsrum.com\/dk\/#website\",\"url\":\"https:\/\/www.ankarsrum.com\/dk\/\",\"name\":\"Ankarsrum Denmark\",\"description\":\"The bread of the world\",\"potentialAction\":[{\"@type\":\"SearchAction\",\"target\":{\"@type\":\"EntryPoint\",\"urlTemplate\":\"https:\/\/www.ankarsrum.com\/dk\/?s={search_term_string}\"},\"query-input\":{\"@type\":\"PropertyValueSpecification\",\"valueRequired\":true,\"valueName\":\"search_term_string\"}}],\"inLanguage\":\"da-DK\"}]}<\/script>\n<!-- \/ Yoast SEO Premium plugin. -->","yoast_head_json":{"title":"Go Green-pakke til Ankarsrum k\u00f8kkenmaskine","description":"Go Green-pakke til Ankarsrum k\u00f8kkenmaskine. Perfekt til plantebaserede opskrifter med juicer, rivejern og mere. Praktisk og alsidig.","robots":{"index":"index","follow":"follow","max-snippet":"max-snippet:-1","max-image-preview":"max-image-preview:large","max-video-preview":"max-video-preview:-1"},"canonical":"https:\/\/www.ankarsrum.com\/dk\/product\/go-green\/","og_locale":"da_DK","og_type":"article","og_title":"Go Green","og_description":"Go Green-pakke til Ankarsrum k\u00f8kkenmaskine. Perfekt til plantebaserede opskrifter med juicer, rivejern og mere. Praktisk og alsidig.","og_url":"https:\/\/www.ankarsrum.com\/dk\/product\/go-green\/","og_site_name":"Ankarsrum Denmark","article_modified_time":"2026-04-27T22:31:54+00:00","og_image":[{"width":1200,"height":630,"url":"https:\/\/www.ankarsrum.com\/dk\/wp-content\/uploads\/sites\/19\/2024\/09\/go-green.jpg","type":"image\/jpeg"}],"twitter_card":"summary_large_image","twitter_misc":{"Estimeret l\u00e6setid":"2 minutter"},"schema":{"@context":"https:\/\/schema.org","@graph":[{"@type":"WebPage","@id":"https:\/\/www.ankarsrum.com\/dk\/product\/go-green\/","url":"https:\/\/www.ankarsrum.com\/dk\/product\/go-green\/","name":"Go Green-pakke til Ankarsrum k\u00f8kkenmaskine","isPartOf":{"@id":"https:\/\/www.ankarsrum.com\/dk\/#website"},"primaryImageOfPage":{"@id":"https:\/\/www.ankarsrum.com\/dk\/product\/go-green\/#primaryimage"},"image":{"@id":"https:\/\/www.ankarsrum.com\/dk\/product\/go-green\/#primaryimage"},"thumbnailUrl":"https:\/\/www.ankarsrum.com\/img-srv\/I4sJefeXCoqupYPxbw6pBSRr5GvCBVOEwbRk1pyrTpc\/resizing_type:auto\/width:0\/height:0\/gravity:sm\/enlarge:1\/ext:webp\/strip_metadata:1\/quality:90\/cachebuster:filesize-168702\/bG9jYWw6Ly8vd3d3LmFua2Fyc3J1bS5jb20vd3AtY29udGVudC91cGxvYWRzL3NpdGVzLzE5LzIwMjQvMDkvZ28tZ3JlZW4uanBn.webp","datePublished":"2024-07-16T08:48:09+00:00","dateModified":"2026-04-27T22:31:54+00:00","description":"Go Green-pakke til Ankarsrum k\u00f8kkenmaskine. Perfekt til plantebaserede opskrifter med juicer, rivejern og mere. Praktisk og alsidig.","breadcrumb":{"@id":"https:\/\/www.ankarsrum.com\/dk\/product\/go-green\/#breadcrumb"},"inLanguage":"da-DK","potentialAction":[{"@type":"ReadAction","target":["https:\/\/www.ankarsrum.com\/dk\/product\/go-green\/"]}]},{"@type":"ImageObject","inLanguage":"da-DK","@id":"https:\/\/www.ankarsrum.com\/dk\/product\/go-green\/#primaryimage","url":"https:\/\/www.ankarsrum.com\/img-srv\/I4sJefeXCoqupYPxbw6pBSRr5GvCBVOEwbRk1pyrTpc\/resizing_type:auto\/width:0\/height:0\/gravity:sm\/enlarge:1\/ext:webp\/strip_metadata:1\/quality:90\/cachebuster:filesize-168702\/bG9jYWw6Ly8vd3d3LmFua2Fyc3J1bS5jb20vd3AtY29udGVudC91cGxvYWRzL3NpdGVzLzE5LzIwMjQvMDkvZ28tZ3JlZW4uanBn.webp","contentUrl":"https:\/\/www.ankarsrum.com\/img-srv\/I4sJefeXCoqupYPxbw6pBSRr5GvCBVOEwbRk1pyrTpc\/resizing_type:auto\/width:0\/height:0\/gravity:sm\/enlarge:1\/ext:webp\/strip_metadata:1\/quality:90\/cachebuster:filesize-168702\/bG9jYWw6Ly8vd3d3LmFua2Fyc3J1bS5jb20vd3AtY29udGVudC91cGxvYWRzL3NpdGVzLzE5LzIwMjQvMDkvZ28tZ3JlZW4uanBn.webp","width":2000,"height":2000},{"@type":"BreadcrumbList","@id":"https:\/\/www.ankarsrum.com\/dk\/product\/go-green\/#breadcrumb","itemListElement":[{"@type":"ListItem","position":1,"name":"Home","item":"https:\/\/www.ankarsrum.com\/dk\/"},{"@type":"ListItem","position":2,"name":"Produce name","item":"https:\/\/www.ankarsrum.com\/dk\/shop\/"},{"@type":"ListItem","position":3,"name":"Go Green"}]},{"@type":"WebSite","@id":"https:\/\/www.ankarsrum.com\/dk\/#website","url":"https:\/\/www.ankarsrum.com\/dk\/","name":"Ankarsrum Denmark","description":"The bread of the world","potentialAction":[{"@type":"SearchAction","target":{"@type":"EntryPoint","urlTemplate":"https:\/\/www.ankarsrum.com\/dk\/?s={search_term_string}"},"query-input":{"@type":"PropertyValueSpecification","valueRequired":true,"valueName":"search_term_string"}}],"inLanguage":"da-DK"}]}},"_links":{"self":[{"href":"https:\/\/www.ankarsrum.com\/dk\/wp-json\/wp\/v2\/product\/5925","targetHints":{"allow":["GET"]}}],"collection":[{"href":"https:\/\/www.ankarsrum.com\/dk\/wp-json\/wp\/v2\/product"}],"about":[{"href":"https:\/\/www.ankarsrum.com\/dk\/wp-json\/wp\/v2\/types\/product"}],"replies":[{"embeddable":true,"href":"https:\/\/www.ankarsrum.com\/dk\/wp-json\/wp\/v2\/comments?post=5925"}],"wp:featuredmedia":[{"embeddable":true,"href":"https:\/\/www.ankarsrum.com\/dk\/wp-json\/wp\/v2\/media\/13863"}],"wp:attachment":[{"href":"https:\/\/www.ankarsrum.com\/dk\/wp-json\/wp\/v2\/media?parent=5925"}],"wp:term":[{"taxonomy":"product_brand","embeddable":true,"href":"https:\/\/www.ankarsrum.com\/dk\/wp-json\/wp\/v2\/product_brand?post=5925"},{"taxonomy":"product_cat","embeddable":true,"href":"https:\/\/www.ankarsrum.com\/dk\/wp-json\/wp\/v2\/product_cat?post=5925"},{"taxonomy":"product_tag","embeddable":true,"href":"https:\/\/www.ankarsrum.com\/dk\/wp-json\/wp\/v2\/product_tag?post=5925"},{"taxonomy":"product-tag","embeddable":true,"href":"https:\/\/www.ankarsrum.com\/dk\/wp-json\/wp\/v2\/product-tag?post=5925"},{"taxonomy":"machines","embeddable":true,"href":"https:\/\/www.ankarsrum.com\/dk\/wp-json\/wp\/v2\/machines?post=5925"},{"taxonomy":"filter","embeddable":true,"href":"https:\/\/www.ankarsrum.com\/dk\/wp-json\/wp\/v2\/filter?post=5925"}],"curies":[{"name":"wp","href":"https:\/\/api.w.org\/{rel}","templated":true}]}}