{"id":9643,"date":"2024-07-16T14:32:17","date_gmt":"2024-07-16T12:32:17","guid":{"rendered":"https:\/\/www.ankarsrum.com\/dk\/product\/pastacutter-lasagnette-10mm\/"},"modified":"2026-04-07T22:57:01","modified_gmt":"2026-04-07T20:57:01","slug":"pastacutter-lasagnette-10mm","status":"publish","type":"product","link":"https:\/\/www.ankarsrum.com\/dk\/product\/pastacutter-lasagnette-10mm\/","title":{"rendered":"Pastacutter Lasagnette 10mm"},"content":{"rendered":"<p>Hvis der er en pastaform, italienerne har et navn til det. At lave din egen pasta til familien er ikke madlavning, det er en handling af k\u00e6rlighed!<\/p>\n<p>\u2022 Ankarsrum pasta ruller kommer til det italienske selskab Marcato, med 80 \u00e5rs erfaring med at lave pasta.<br \/>\u2022 N\u00e5r du bruger lasagnette cutter bruge pasta ark, som du har rullet ved hj\u00e6lp af lasagne rulle, alternativt rulles ud i h\u00e5nden, og fodre gennem lasagnette cutter.<br \/>\u2022 Der m\u00e5 kun anvendes pasta dej til pasta tilbeh\u00f8r.<br \/>\u2022 Inds\u00e6t aldrig fingre eller fremmedlegemer i rullen.<br \/>\u2022 Pasta rullerne passer til alle assistenter N1-N30.<\/p>","protected":false},"excerpt":{"rendered":"<p>Servering hjemmelavet pasta g\u00f8r et godt indtryk under enhver middag. Smagen og tekstur giver en vidunderlig oplevelse for ganen-og det er s\u00e5 meget lettere at lave end du tror!<\/p>\n<p>Lasagnette cutter g\u00f8r 10mm bred pasta.<\/p>\n","protected":false},"featured_media":13951,"comment_status":"open","ping_status":"closed","template":"","meta":{"_acf_changed":false,"content-type":"","editor_notices":[]},"product_brand":[],"product_cat":[472,453],"product_tag":[],"product-tag":[],"machines":[],"filter":[310,262],"class_list":{"0":"post-9643","1":"product","2":"type-product","3":"status-publish","4":"has-post-thumbnail","6":"product_cat-sale","7":"product_cat-ankarsrum-tilbehoer","8":"filter-mad","9":"filter-pasta","11":"first","12":"instock","13":"taxable","14":"shipping-taxable","15":"purchasable","16":"product-type-simple"},"bundled_by":[],"bundle_stock_status":"instock","bundle_stock_quantity":null,"bundle_virtual":false,"bundle_layout":"","bundle_add_to_cart_form_location":"","bundle_editable_in_cart":false,"bundle_sold_individually_context":"","bundle_item_grouping":"","bundle_min_size":"","bundle_max_size":"","bundle_price":[],"bundled_items":[],"bundle_sell_ids":[],"acf":[],"yoast_head":"<!-- This site is optimized with the Yoast SEO Premium plugin v26.6 (Yoast SEO v26.6) - https:\/\/yoast.com\/wordpress\/plugins\/seo\/ -->\n<title>Pastask\u00e6rer lasagnette 10 mm til Ankarsrum<\/title>\n<meta name=\"description\" content=\"Pastask\u00e6rer til lasagnette 10 mm til Ankarsrum k\u00f8kkenmaskine. Ideel til hjemmelavet pasta. Holdbart tilbeh\u00f8r, nemt at bruge og reng\u00f8re.\" \/>\n<meta name=\"robots\" content=\"index, follow, max-snippet:-1, max-image-preview:large, max-video-preview:-1\" \/>\n<link rel=\"canonical\" href=\"https:\/\/www.ankarsrum.com\/dk\/product\/pastacutter-lasagnette-10mm\/\" \/>\n<meta property=\"og:locale\" content=\"da_DK\" \/>\n<meta property=\"og:type\" content=\"article\" \/>\n<meta property=\"og:title\" content=\"Pastacutter Lasagnette 10mm\" \/>\n<meta property=\"og:description\" content=\"Pastask\u00e6rer til lasagnette 10 mm til Ankarsrum k\u00f8kkenmaskine. Ideel til hjemmelavet pasta. Holdbart tilbeh\u00f8r, nemt at bruge og reng\u00f8re.\" \/>\n<meta property=\"og:url\" content=\"https:\/\/www.ankarsrum.com\/dk\/product\/pastacutter-lasagnette-10mm\/\" \/>\n<meta property=\"og:site_name\" content=\"Ankarsrum Denmark\" \/>\n<meta property=\"article:modified_time\" content=\"2026-04-07T20:57:01+00:00\" \/>\n<meta property=\"og:image\" content=\"https:\/\/www.ankarsrum.com\/dk\/wp-content\/uploads\/sites\/19\/2024\/09\/lasagnette-angle-1-scaled.jpg\" \/>\n\t<meta property=\"og:image:width\" content=\"1200\" \/>\n\t<meta property=\"og:image:height\" content=\"630\" \/>\n\t<meta property=\"og:image:type\" content=\"image\/jpeg\" \/>\n<meta name=\"twitter:card\" content=\"summary_large_image\" \/>\n<meta name=\"twitter:label1\" content=\"Estimeret l\u00e6setid\" \/>\n\t<meta name=\"twitter:data1\" content=\"1 minut\" \/>\n<script type=\"application\/ld+json\" class=\"yoast-schema-graph\">{\"@context\":\"https:\/\/schema.org\",\"@graph\":[{\"@type\":\"WebPage\",\"@id\":\"https:\/\/www.ankarsrum.com\/dk\/product\/pastacutter-lasagnette-10mm\/\",\"url\":\"https:\/\/www.ankarsrum.com\/dk\/product\/pastacutter-lasagnette-10mm\/\",\"name\":\"Pastask\u00e6rer lasagnette 10 mm til Ankarsrum\",\"isPartOf\":{\"@id\":\"https:\/\/www.ankarsrum.com\/dk\/#website\"},\"primaryImageOfPage\":{\"@id\":\"https:\/\/www.ankarsrum.com\/dk\/product\/pastacutter-lasagnette-10mm\/#primaryimage\"},\"image\":{\"@id\":\"https:\/\/www.ankarsrum.com\/dk\/product\/pastacutter-lasagnette-10mm\/#primaryimage\"},\"thumbnailUrl\":\"https:\/\/www.ankarsrum.com\/img-srv\/c7QYCY0_p6MxsKNJ9Z1uerlXd44rYwk3IQkKy8HKqjo\/resizing_type:auto\/width:0\/height:0\/gravity:sm\/enlarge:1\/ext:webp\/strip_metadata:1\/quality:90\/cachebuster:filesize-209377\/bG9jYWw6Ly8vd3d3LmFua2Fyc3J1bS5jb20vd3AtY29udGVudC91cGxvYWRzL3NpdGVzLzE5LzIwMjQvMDkvbGFzYWduZXR0ZS1hbmdsZS0xLXNjYWxlZC5qcGc.webp\",\"datePublished\":\"2024-07-16T12:32:17+00:00\",\"dateModified\":\"2026-04-07T20:57:01+00:00\",\"description\":\"Pastask\u00e6rer til lasagnette 10 mm til Ankarsrum k\u00f8kkenmaskine. Ideel til hjemmelavet pasta. Holdbart tilbeh\u00f8r, nemt at bruge og reng\u00f8re.\",\"breadcrumb\":{\"@id\":\"https:\/\/www.ankarsrum.com\/dk\/product\/pastacutter-lasagnette-10mm\/#breadcrumb\"},\"inLanguage\":\"da-DK\",\"potentialAction\":[{\"@type\":\"ReadAction\",\"target\":[\"https:\/\/www.ankarsrum.com\/dk\/product\/pastacutter-lasagnette-10mm\/\"]}]},{\"@type\":\"ImageObject\",\"inLanguage\":\"da-DK\",\"@id\":\"https:\/\/www.ankarsrum.com\/dk\/product\/pastacutter-lasagnette-10mm\/#primaryimage\",\"url\":\"https:\/\/www.ankarsrum.com\/img-srv\/c7QYCY0_p6MxsKNJ9Z1uerlXd44rYwk3IQkKy8HKqjo\/resizing_type:auto\/width:0\/height:0\/gravity:sm\/enlarge:1\/ext:webp\/strip_metadata:1\/quality:90\/cachebuster:filesize-209377\/bG9jYWw6Ly8vd3d3LmFua2Fyc3J1bS5jb20vd3AtY29udGVudC91cGxvYWRzL3NpdGVzLzE5LzIwMjQvMDkvbGFzYWduZXR0ZS1hbmdsZS0xLXNjYWxlZC5qcGc.webp\",\"contentUrl\":\"https:\/\/www.ankarsrum.com\/img-srv\/c7QYCY0_p6MxsKNJ9Z1uerlXd44rYwk3IQkKy8HKqjo\/resizing_type:auto\/width:0\/height:0\/gravity:sm\/enlarge:1\/ext:webp\/strip_metadata:1\/quality:90\/cachebuster:filesize-209377\/bG9jYWw6Ly8vd3d3LmFua2Fyc3J1bS5jb20vd3AtY29udGVudC91cGxvYWRzL3NpdGVzLzE5LzIwMjQvMDkvbGFzYWduZXR0ZS1hbmdsZS0xLXNjYWxlZC5qcGc.webp\",\"width\":2560,\"height\":2560},{\"@type\":\"BreadcrumbList\",\"@id\":\"https:\/\/www.ankarsrum.com\/dk\/product\/pastacutter-lasagnette-10mm\/#breadcrumb\",\"itemListElement\":[{\"@type\":\"ListItem\",\"position\":1,\"name\":\"Home\",\"item\":\"https:\/\/www.ankarsrum.com\/dk\/\"},{\"@type\":\"ListItem\",\"position\":2,\"name\":\"Produce name\",\"item\":\"https:\/\/www.ankarsrum.com\/dk\/shop\/\"},{\"@type\":\"ListItem\",\"position\":3,\"name\":\"Pastacutter Lasagnette 10mm\"}]},{\"@type\":\"WebSite\",\"@id\":\"https:\/\/www.ankarsrum.com\/dk\/#website\",\"url\":\"https:\/\/www.ankarsrum.com\/dk\/\",\"name\":\"Ankarsrum Denmark\",\"description\":\"The bread of the world\",\"potentialAction\":[{\"@type\":\"SearchAction\",\"target\":{\"@type\":\"EntryPoint\",\"urlTemplate\":\"https:\/\/www.ankarsrum.com\/dk\/?s={search_term_string}\"},\"query-input\":{\"@type\":\"PropertyValueSpecification\",\"valueRequired\":true,\"valueName\":\"search_term_string\"}}],\"inLanguage\":\"da-DK\"}]}<\/script>\n<!-- \/ Yoast SEO Premium plugin. -->","yoast_head_json":{"title":"Pastask\u00e6rer lasagnette 10 mm til Ankarsrum","description":"Pastask\u00e6rer til lasagnette 10 mm til Ankarsrum k\u00f8kkenmaskine. Ideel til hjemmelavet pasta. Holdbart tilbeh\u00f8r, nemt at bruge og reng\u00f8re.","robots":{"index":"index","follow":"follow","max-snippet":"max-snippet:-1","max-image-preview":"max-image-preview:large","max-video-preview":"max-video-preview:-1"},"canonical":"https:\/\/www.ankarsrum.com\/dk\/product\/pastacutter-lasagnette-10mm\/","og_locale":"da_DK","og_type":"article","og_title":"Pastacutter Lasagnette 10mm","og_description":"Pastask\u00e6rer til lasagnette 10 mm til Ankarsrum k\u00f8kkenmaskine. Ideel til hjemmelavet pasta. Holdbart tilbeh\u00f8r, nemt at bruge og reng\u00f8re.","og_url":"https:\/\/www.ankarsrum.com\/dk\/product\/pastacutter-lasagnette-10mm\/","og_site_name":"Ankarsrum Denmark","article_modified_time":"2026-04-07T20:57:01+00:00","og_image":[{"width":1200,"height":630,"url":"https:\/\/www.ankarsrum.com\/dk\/wp-content\/uploads\/sites\/19\/2024\/09\/lasagnette-angle-1-scaled.jpg","type":"image\/jpeg"}],"twitter_card":"summary_large_image","twitter_misc":{"Estimeret l\u00e6setid":"1 minut"},"schema":{"@context":"https:\/\/schema.org","@graph":[{"@type":"WebPage","@id":"https:\/\/www.ankarsrum.com\/dk\/product\/pastacutter-lasagnette-10mm\/","url":"https:\/\/www.ankarsrum.com\/dk\/product\/pastacutter-lasagnette-10mm\/","name":"Pastask\u00e6rer lasagnette 10 mm til Ankarsrum","isPartOf":{"@id":"https:\/\/www.ankarsrum.com\/dk\/#website"},"primaryImageOfPage":{"@id":"https:\/\/www.ankarsrum.com\/dk\/product\/pastacutter-lasagnette-10mm\/#primaryimage"},"image":{"@id":"https:\/\/www.ankarsrum.com\/dk\/product\/pastacutter-lasagnette-10mm\/#primaryimage"},"thumbnailUrl":"https:\/\/www.ankarsrum.com\/img-srv\/c7QYCY0_p6MxsKNJ9Z1uerlXd44rYwk3IQkKy8HKqjo\/resizing_type:auto\/width:0\/height:0\/gravity:sm\/enlarge:1\/ext:webp\/strip_metadata:1\/quality:90\/cachebuster:filesize-209377\/bG9jYWw6Ly8vd3d3LmFua2Fyc3J1bS5jb20vd3AtY29udGVudC91cGxvYWRzL3NpdGVzLzE5LzIwMjQvMDkvbGFzYWduZXR0ZS1hbmdsZS0xLXNjYWxlZC5qcGc.webp","datePublished":"2024-07-16T12:32:17+00:00","dateModified":"2026-04-07T20:57:01+00:00","description":"Pastask\u00e6rer til lasagnette 10 mm til Ankarsrum k\u00f8kkenmaskine. Ideel til hjemmelavet pasta. Holdbart tilbeh\u00f8r, nemt at bruge og reng\u00f8re.","breadcrumb":{"@id":"https:\/\/www.ankarsrum.com\/dk\/product\/pastacutter-lasagnette-10mm\/#breadcrumb"},"inLanguage":"da-DK","potentialAction":[{"@type":"ReadAction","target":["https:\/\/www.ankarsrum.com\/dk\/product\/pastacutter-lasagnette-10mm\/"]}]},{"@type":"ImageObject","inLanguage":"da-DK","@id":"https:\/\/www.ankarsrum.com\/dk\/product\/pastacutter-lasagnette-10mm\/#primaryimage","url":"https:\/\/www.ankarsrum.com\/img-srv\/c7QYCY0_p6MxsKNJ9Z1uerlXd44rYwk3IQkKy8HKqjo\/resizing_type:auto\/width:0\/height:0\/gravity:sm\/enlarge:1\/ext:webp\/strip_metadata:1\/quality:90\/cachebuster:filesize-209377\/bG9jYWw6Ly8vd3d3LmFua2Fyc3J1bS5jb20vd3AtY29udGVudC91cGxvYWRzL3NpdGVzLzE5LzIwMjQvMDkvbGFzYWduZXR0ZS1hbmdsZS0xLXNjYWxlZC5qcGc.webp","contentUrl":"https:\/\/www.ankarsrum.com\/img-srv\/c7QYCY0_p6MxsKNJ9Z1uerlXd44rYwk3IQkKy8HKqjo\/resizing_type:auto\/width:0\/height:0\/gravity:sm\/enlarge:1\/ext:webp\/strip_metadata:1\/quality:90\/cachebuster:filesize-209377\/bG9jYWw6Ly8vd3d3LmFua2Fyc3J1bS5jb20vd3AtY29udGVudC91cGxvYWRzL3NpdGVzLzE5LzIwMjQvMDkvbGFzYWduZXR0ZS1hbmdsZS0xLXNjYWxlZC5qcGc.webp","width":2560,"height":2560},{"@type":"BreadcrumbList","@id":"https:\/\/www.ankarsrum.com\/dk\/product\/pastacutter-lasagnette-10mm\/#breadcrumb","itemListElement":[{"@type":"ListItem","position":1,"name":"Home","item":"https:\/\/www.ankarsrum.com\/dk\/"},{"@type":"ListItem","position":2,"name":"Produce name","item":"https:\/\/www.ankarsrum.com\/dk\/shop\/"},{"@type":"ListItem","position":3,"name":"Pastacutter Lasagnette 10mm"}]},{"@type":"WebSite","@id":"https:\/\/www.ankarsrum.com\/dk\/#website","url":"https:\/\/www.ankarsrum.com\/dk\/","name":"Ankarsrum Denmark","description":"The bread of the world","potentialAction":[{"@type":"SearchAction","target":{"@type":"EntryPoint","urlTemplate":"https:\/\/www.ankarsrum.com\/dk\/?s={search_term_string}"},"query-input":{"@type":"PropertyValueSpecification","valueRequired":true,"valueName":"search_term_string"}}],"inLanguage":"da-DK"}]}},"_links":{"self":[{"href":"https:\/\/www.ankarsrum.com\/dk\/wp-json\/wp\/v2\/product\/9643","targetHints":{"allow":["GET"]}}],"collection":[{"href":"https:\/\/www.ankarsrum.com\/dk\/wp-json\/wp\/v2\/product"}],"about":[{"href":"https:\/\/www.ankarsrum.com\/dk\/wp-json\/wp\/v2\/types\/product"}],"replies":[{"embeddable":true,"href":"https:\/\/www.ankarsrum.com\/dk\/wp-json\/wp\/v2\/comments?post=9643"}],"wp:featuredmedia":[{"embeddable":true,"href":"https:\/\/www.ankarsrum.com\/dk\/wp-json\/wp\/v2\/media\/13951"}],"wp:attachment":[{"href":"https:\/\/www.ankarsrum.com\/dk\/wp-json\/wp\/v2\/media?parent=9643"}],"wp:term":[{"taxonomy":"product_brand","embeddable":true,"href":"https:\/\/www.ankarsrum.com\/dk\/wp-json\/wp\/v2\/product_brand?post=9643"},{"taxonomy":"product_cat","embeddable":true,"href":"https:\/\/www.ankarsrum.com\/dk\/wp-json\/wp\/v2\/product_cat?post=9643"},{"taxonomy":"product_tag","embeddable":true,"href":"https:\/\/www.ankarsrum.com\/dk\/wp-json\/wp\/v2\/product_tag?post=9643"},{"taxonomy":"product-tag","embeddable":true,"href":"https:\/\/www.ankarsrum.com\/dk\/wp-json\/wp\/v2\/product-tag?post=9643"},{"taxonomy":"machines","embeddable":true,"href":"https:\/\/www.ankarsrum.com\/dk\/wp-json\/wp\/v2\/machines?post=9643"},{"taxonomy":"filter","embeddable":true,"href":"https:\/\/www.ankarsrum.com\/dk\/wp-json\/wp\/v2\/filter?post=9643"}],"curies":[{"name":"wp","href":"https:\/\/api.w.org\/{rel}","templated":true}]}}