{"id":7075,"date":"2021-06-22T11:17:47","date_gmt":"2021-06-22T11:17:47","guid":{"rendered":"https:\/\/www.ankarsrum.com\/?page_id=7075"},"modified":"2024-11-05T10:58:41","modified_gmt":"2024-11-05T10:58:41","slug":"warranty-rules","status":"publish","type":"page","link":"https:\/\/www.ankarsrum.com\/es\/warranty-rules\/","title":{"rendered":"NORMAS DE GARANT\u00cdA"},"content":{"rendered":"La AKM6230 cuenta con una garant\u00eda de f\u00e1brica de 7 a\u00f1os que cubre la amasadora, excepto el bol de acero inoxidable y otros accesorios.\r\n\r\nLa garant\u00eda se limita a amasadoras usadas en casa y siempre y cuando se hayan respetado las instrucciones del manual. No cubre los da\u00f1os causados por el transporte ni por un uso incorrecto o descuidado, ni tampoco por un uso comercial. La garant\u00eda tampoco se aplicar\u00e1 en el caso de que no se haya llevado a cabo el mantenimiento adecuado. La amasadora no debe utilizarse para ninguna otra funci\u00f3n que no sea para la que est\u00e1 destinada. Para poder aplicar la garant\u00eda, la amasadora no puede abrirla ni repararla nadie que no forme parte del equipo de Ankarsrum o de un punto de servicio designado.\r\n\r\n<a href=\"https:\/\/www.ankarsrum.com\/es\/register-your-machine\/\">REGISTRA TU AMASADORA<\/a>","protected":false},"excerpt":{"rendered":"<p>REGISTRA TU AMASADORA. <\/p>\n","protected":false},"author":23,"featured_media":0,"parent":0,"menu_order":0,"comment_status":"closed","ping_status":"closed","template":"","meta":{"_acf_changed":false,"content-type":"","editor_notices":[],"footnotes":""},"class_list":["post-7075","page","type-page","status-publish","hentry"],"acf":[],"yoast_head":"<!-- This site is optimized with the Yoast SEO Premium plugin v26.6 (Yoast SEO v26.6) - https:\/\/yoast.com\/wordpress\/plugins\/seo\/ -->\n<title>NORMAS DE GARANT\u00cdA - Ankarsrum Spain<\/title>\n<meta name=\"robots\" content=\"index, follow, max-snippet:-1, max-image-preview:large, max-video-preview:-1\" \/>\n<link rel=\"canonical\" href=\"https:\/\/www.ankarsrum.com\/es\/warranty-rules\/\" \/>\n<meta property=\"og:locale\" content=\"es_ES\" \/>\n<meta property=\"og:type\" content=\"article\" \/>\n<meta property=\"og:title\" content=\"NORMAS DE GARANT\u00cdA\" \/>\n<meta property=\"og:description\" content=\"REGISTRA TU AMASADORA.\" \/>\n<meta property=\"og:url\" content=\"https:\/\/www.ankarsrum.com\/es\/warranty-rules\/\" \/>\n<meta property=\"og:site_name\" content=\"Ankarsrum Spain\" \/>\n<meta property=\"article:modified_time\" content=\"2024-11-05T10:58:41+00:00\" \/>\n<meta name=\"twitter:card\" content=\"summary_large_image\" \/>\n<meta name=\"twitter:label1\" content=\"Tiempo de lectura\" \/>\n\t<meta name=\"twitter:data1\" content=\"1 minuto\" \/>\n<script type=\"application\/ld+json\" class=\"yoast-schema-graph\">{\"@context\":\"https:\/\/schema.org\",\"@graph\":[{\"@type\":\"WebPage\",\"@id\":\"https:\/\/www.ankarsrum.com\/es\/warranty-rules\/\",\"url\":\"https:\/\/www.ankarsrum.com\/es\/warranty-rules\/\",\"name\":\"NORMAS DE GARANT\u00cdA - Ankarsrum Spain\",\"isPartOf\":{\"@id\":\"https:\/\/www.ankarsrum.com\/es\/#website\"},\"datePublished\":\"2021-06-22T11:17:47+00:00\",\"dateModified\":\"2024-11-05T10:58:41+00:00\",\"breadcrumb\":{\"@id\":\"https:\/\/www.ankarsrum.com\/es\/warranty-rules\/#breadcrumb\"},\"inLanguage\":\"es\",\"potentialAction\":[{\"@type\":\"ReadAction\",\"target\":[\"https:\/\/www.ankarsrum.com\/es\/warranty-rules\/\"]}]},{\"@type\":\"BreadcrumbList\",\"@id\":\"https:\/\/www.ankarsrum.com\/es\/warranty-rules\/#breadcrumb\",\"itemListElement\":[{\"@type\":\"ListItem\",\"position\":1,\"name\":\"Home\",\"item\":\"https:\/\/www.ankarsrum.com\/es\/\"},{\"@type\":\"ListItem\",\"position\":2,\"name\":\"NORMAS DE GARANT\u00cdA\"}]},{\"@type\":\"WebSite\",\"@id\":\"https:\/\/www.ankarsrum.com\/es\/#website\",\"url\":\"https:\/\/www.ankarsrum.com\/es\/\",\"name\":\"Ankarsrum Spain\",\"description\":\"The bread of the world\",\"potentialAction\":[{\"@type\":\"SearchAction\",\"target\":{\"@type\":\"EntryPoint\",\"urlTemplate\":\"https:\/\/www.ankarsrum.com\/es\/?s={search_term_string}\"},\"query-input\":{\"@type\":\"PropertyValueSpecification\",\"valueRequired\":true,\"valueName\":\"search_term_string\"}}],\"inLanguage\":\"es\"}]}<\/script>\n<!-- \/ Yoast SEO Premium plugin. -->","yoast_head_json":{"title":"NORMAS DE GARANT\u00cdA - Ankarsrum Spain","robots":{"index":"index","follow":"follow","max-snippet":"max-snippet:-1","max-image-preview":"max-image-preview:large","max-video-preview":"max-video-preview:-1"},"canonical":"https:\/\/www.ankarsrum.com\/es\/warranty-rules\/","og_locale":"es_ES","og_type":"article","og_title":"NORMAS DE GARANT\u00cdA","og_description":"REGISTRA TU AMASADORA.","og_url":"https:\/\/www.ankarsrum.com\/es\/warranty-rules\/","og_site_name":"Ankarsrum Spain","article_modified_time":"2024-11-05T10:58:41+00:00","twitter_card":"summary_large_image","twitter_misc":{"Tiempo de lectura":"1 minuto"},"schema":{"@context":"https:\/\/schema.org","@graph":[{"@type":"WebPage","@id":"https:\/\/www.ankarsrum.com\/es\/warranty-rules\/","url":"https:\/\/www.ankarsrum.com\/es\/warranty-rules\/","name":"NORMAS DE GARANT\u00cdA - Ankarsrum Spain","isPartOf":{"@id":"https:\/\/www.ankarsrum.com\/es\/#website"},"datePublished":"2021-06-22T11:17:47+00:00","dateModified":"2024-11-05T10:58:41+00:00","breadcrumb":{"@id":"https:\/\/www.ankarsrum.com\/es\/warranty-rules\/#breadcrumb"},"inLanguage":"es","potentialAction":[{"@type":"ReadAction","target":["https:\/\/www.ankarsrum.com\/es\/warranty-rules\/"]}]},{"@type":"BreadcrumbList","@id":"https:\/\/www.ankarsrum.com\/es\/warranty-rules\/#breadcrumb","itemListElement":[{"@type":"ListItem","position":1,"name":"Home","item":"https:\/\/www.ankarsrum.com\/es\/"},{"@type":"ListItem","position":2,"name":"NORMAS DE GARANT\u00cdA"}]},{"@type":"WebSite","@id":"https:\/\/www.ankarsrum.com\/es\/#website","url":"https:\/\/www.ankarsrum.com\/es\/","name":"Ankarsrum Spain","description":"The bread of the world","potentialAction":[{"@type":"SearchAction","target":{"@type":"EntryPoint","urlTemplate":"https:\/\/www.ankarsrum.com\/es\/?s={search_term_string}"},"query-input":{"@type":"PropertyValueSpecification","valueRequired":true,"valueName":"search_term_string"}}],"inLanguage":"es"}]}},"_links":{"self":[{"href":"https:\/\/www.ankarsrum.com\/es\/wp-json\/wp\/v2\/pages\/7075","targetHints":{"allow":["GET"]}}],"collection":[{"href":"https:\/\/www.ankarsrum.com\/es\/wp-json\/wp\/v2\/pages"}],"about":[{"href":"https:\/\/www.ankarsrum.com\/es\/wp-json\/wp\/v2\/types\/page"}],"author":[{"embeddable":true,"href":"https:\/\/www.ankarsrum.com\/es\/wp-json\/wp\/v2\/users\/23"}],"replies":[{"embeddable":true,"href":"https:\/\/www.ankarsrum.com\/es\/wp-json\/wp\/v2\/comments?post=7075"}],"version-history":[{"count":4,"href":"https:\/\/www.ankarsrum.com\/es\/wp-json\/wp\/v2\/pages\/7075\/revisions"}],"predecessor-version":[{"id":14508,"href":"https:\/\/www.ankarsrum.com\/es\/wp-json\/wp\/v2\/pages\/7075\/revisions\/14508"}],"wp:attachment":[{"href":"https:\/\/www.ankarsrum.com\/es\/wp-json\/wp\/v2\/media?parent=7075"}],"curies":[{"name":"wp","href":"https:\/\/api.w.org\/{rel}","templated":true}]}}