{"id":8241,"date":"2021-11-29T10:20:40","date_gmt":"2021-11-29T10:20:40","guid":{"rendered":"https:\/\/www.ankarsrum.com\/?page_id=8241"},"modified":"2023-10-12T07:09:57","modified_gmt":"2023-10-12T07:09:57","slug":"learn-more","status":"publish","type":"page","link":"https:\/\/www.ankarsrum.com\/es\/learn-more\/","title":{"rendered":"Descubre M\u00e1s"},"content":{"rendered":"\n<div class=\"wp-block-group alignfull usp-grid has-grey-mid-background-color has-background is-layout-flow wp-block-group-is-layout-flow\" style=\"padding-top:50px;padding-bottom:50px\">\n<div class=\"wp-block-columns is-layout-flex wp-container-core-columns-is-layout-28f84493 wp-block-columns-is-layout-flex\">\n<div class=\"wp-block-column is-layout-flow wp-block-column-is-layout-flow\">\n<div class=\"wp-block-group usp-grid-pattern has-light-purple-background-color has-background is-layout-flow wp-block-group-is-layout-flow\" style=\"padding-top:30px;padding-right:30px;padding-bottom:30px;padding-left:30px\">\n<div class=\"wp-block-columns are-vertically-aligned-center is-layout-flex wp-container-core-columns-is-layout-28f84493 wp-block-columns-is-layout-flex\">\n<div class=\"wp-block-column is-vertically-aligned-center is-layout-flow wp-block-column-is-layout-flow\" style=\"flex-basis:100px\">\n<figure class=\"wp-block-image size-large is-resized is-style-default\"><img loading=\"lazy\" decoding=\"async\" src=\"https:\/\/www.ankarsrum.com\/wp-content\/uploads\/sites\/73\/2022\/08\/heart-empty-1.svg\" alt=\"\" class=\"wp-image-10036\" width=\"60\" height=\"60\"\/><\/figure>\n<\/div>\n\n\n\n<div class=\"wp-block-column is-vertically-aligned-center is-layout-flow wp-block-column-is-layout-flow\">\n<h3 class=\"wp-block-heading\" id=\"h-conoce-tu-amasadora\"><a href=\"#\"><\/a><a href=\"https:\/\/www.ankarsrum.com\/se\/support\/\"><\/a><a href=\"https:\/\/www.ankarsrum.com\/support\/\"><\/a><a href=\"https:\/\/www.ankarsrum.com\/es\/support\/\">Conoce tu amasadora<\/a><\/h3>\n\n\n\n<p>Aqu\u00ed tienes m\u00e1s informaci\u00f3n sobre c\u00f3mo empezar a utilizar tu amasadora. Echa un vistazo a nuestra gu\u00eda r\u00e1pida, a las clases magistrales, a los v\u00eddeotutoriales y \u00a1mucho m\u00e1s!<\/p>\n<\/div>\n<\/div>\n<\/div>\n<\/div>\n\n\n\n<div class=\"wp-block-column is-layout-flow wp-block-column-is-layout-flow\">\n<div class=\"wp-block-group usp-grid-pattern has-light-purple-background-color has-background is-layout-flow wp-block-group-is-layout-flow\" style=\"padding-top:30px;padding-right:30px;padding-bottom:30px;padding-left:30px\">\n<div class=\"wp-block-columns are-vertically-aligned-center is-layout-flex wp-container-core-columns-is-layout-28f84493 wp-block-columns-is-layout-flex\">\n<div class=\"wp-block-column is-vertically-aligned-center is-layout-flow wp-block-column-is-layout-flow\" style=\"flex-basis:100px\">\n<figure class=\"wp-block-image size-large is-resized is-style-default\"><img loading=\"lazy\" decoding=\"async\" src=\"https:\/\/www.ankarsrum.com\/wp-content\/uploads\/sites\/73\/2022\/08\/lamp-off.svg\" alt=\"\" class=\"wp-image-10037\" width=\"60\" height=\"60\"\/><\/figure>\n<\/div>\n\n\n\n<div class=\"wp-block-column is-vertically-aligned-center is-layout-flow wp-block-column-is-layout-flow\">\n<h3 class=\"wp-block-heading\" id=\"h-banco-de-conocimientos\"><a href=\"https:\/\/www.ankarsrum.com\/es\/knowledge-bank\/\">Banco de conocimientos<\/a><\/h3>\n\n\n\n<p>Aqu\u00ed puedes aprender sobre panader\u00eda y reposter\u00eda, ingredientes, lo que puedes hacer con tu amasadora y \u00a1mucho m\u00e1s!<\/p>\n<\/div>\n<\/div>\n<\/div>\n<\/div>\n<\/div>\n\n\n\n<div class=\"wp-block-columns is-layout-flex wp-container-core-columns-is-layout-28f84493 wp-block-columns-is-layout-flex\">\n<div class=\"wp-block-column is-layout-flow wp-block-column-is-layout-flow\"><\/div>\n\n\n\n<div class=\"wp-block-column is-layout-flow wp-block-column-is-layout-flow\"><\/div>\n<\/div>\n<\/div>\n","protected":false},"excerpt":{"rendered":"<p>Conoce tu amasadora Aqu\u00ed tienes m\u00e1s informaci\u00f3n sobre c\u00f3mo empezar a utilizar tu amasadora. Echa un vistazo a nuestra gu\u00eda&hellip;<\/p>\n","protected":false},"author":23,"featured_media":0,"parent":0,"menu_order":0,"comment_status":"closed","ping_status":"closed","template":"","meta":{"_acf_changed":false,"content-type":"","editor_notices":[],"footnotes":""},"class_list":["post-8241","page","type-page","status-publish","hentry"],"acf":[],"yoast_head":"<!-- This site is optimized with the Yoast SEO Premium plugin v26.6 (Yoast SEO v26.6) - https:\/\/yoast.com\/wordpress\/plugins\/seo\/ -->\n<title>Descubre M\u00e1s - Ankarsrum Spain<\/title>\n<meta name=\"robots\" content=\"index, follow, max-snippet:-1, max-image-preview:large, max-video-preview:-1\" \/>\n<link rel=\"canonical\" href=\"https:\/\/www.ankarsrum.com\/es\/learn-more\/\" \/>\n<meta property=\"og:locale\" content=\"es_ES\" \/>\n<meta property=\"og:type\" content=\"article\" \/>\n<meta property=\"og:title\" content=\"Descubre M\u00e1s\" \/>\n<meta property=\"og:description\" content=\"Conoce tu amasadora Aqu\u00ed tienes m\u00e1s informaci\u00f3n sobre c\u00f3mo empezar a utilizar tu amasadora. Echa un vistazo a nuestra gu\u00eda&hellip;\" \/>\n<meta property=\"og:url\" content=\"https:\/\/www.ankarsrum.com\/es\/learn-more\/\" \/>\n<meta property=\"og:site_name\" content=\"Ankarsrum Spain\" \/>\n<meta property=\"article:modified_time\" content=\"2023-10-12T07:09:57+00:00\" \/>\n<meta property=\"og:image\" content=\"https:\/\/www.ankarsrum.com\/wp-content\/uploads\/sites\/73\/2022\/08\/heart-empty-1.svg\" \/>\n<meta name=\"twitter:card\" content=\"summary_large_image\" \/>\n<meta name=\"twitter:label1\" content=\"Tiempo de lectura\" \/>\n\t<meta name=\"twitter:data1\" content=\"1 minuto\" \/>\n<script type=\"application\/ld+json\" class=\"yoast-schema-graph\">{\"@context\":\"https:\/\/schema.org\",\"@graph\":[{\"@type\":\"WebPage\",\"@id\":\"https:\/\/www.ankarsrum.com\/es\/learn-more\/\",\"url\":\"https:\/\/www.ankarsrum.com\/es\/learn-more\/\",\"name\":\"Descubre M\u00e1s - Ankarsrum Spain\",\"isPartOf\":{\"@id\":\"https:\/\/www.ankarsrum.com\/es\/#website\"},\"primaryImageOfPage\":{\"@id\":\"https:\/\/www.ankarsrum.com\/es\/learn-more\/#primaryimage\"},\"image\":{\"@id\":\"https:\/\/www.ankarsrum.com\/es\/learn-more\/#primaryimage\"},\"thumbnailUrl\":\"https:\/\/www.ankarsrum.com\/wp-content\/uploads\/sites\/73\/2022\/08\/heart-empty-1.svg\",\"datePublished\":\"2021-11-29T10:20:40+00:00\",\"dateModified\":\"2023-10-12T07:09:57+00:00\",\"breadcrumb\":{\"@id\":\"https:\/\/www.ankarsrum.com\/es\/learn-more\/#breadcrumb\"},\"inLanguage\":\"es\",\"potentialAction\":[{\"@type\":\"ReadAction\",\"target\":[\"https:\/\/www.ankarsrum.com\/es\/learn-more\/\"]}]},{\"@type\":\"ImageObject\",\"inLanguage\":\"es\",\"@id\":\"https:\/\/www.ankarsrum.com\/es\/learn-more\/#primaryimage\",\"url\":\"https:\/\/www.ankarsrum.com\/wp-content\/uploads\/sites\/73\/2022\/08\/heart-empty-1.svg\",\"contentUrl\":\"https:\/\/www.ankarsrum.com\/wp-content\/uploads\/sites\/73\/2022\/08\/heart-empty-1.svg\"},{\"@type\":\"BreadcrumbList\",\"@id\":\"https:\/\/www.ankarsrum.com\/es\/learn-more\/#breadcrumb\",\"itemListElement\":[{\"@type\":\"ListItem\",\"position\":1,\"name\":\"Home\",\"item\":\"https:\/\/www.ankarsrum.com\/es\/\"},{\"@type\":\"ListItem\",\"position\":2,\"name\":\"Descubre M\u00e1s\"}]},{\"@type\":\"WebSite\",\"@id\":\"https:\/\/www.ankarsrum.com\/es\/#website\",\"url\":\"https:\/\/www.ankarsrum.com\/es\/\",\"name\":\"Ankarsrum Spain\",\"description\":\"The bread of the world\",\"potentialAction\":[{\"@type\":\"SearchAction\",\"target\":{\"@type\":\"EntryPoint\",\"urlTemplate\":\"https:\/\/www.ankarsrum.com\/es\/?s={search_term_string}\"},\"query-input\":{\"@type\":\"PropertyValueSpecification\",\"valueRequired\":true,\"valueName\":\"search_term_string\"}}],\"inLanguage\":\"es\"}]}<\/script>\n<!-- \/ Yoast SEO Premium plugin. -->","yoast_head_json":{"title":"Descubre M\u00e1s - Ankarsrum Spain","robots":{"index":"index","follow":"follow","max-snippet":"max-snippet:-1","max-image-preview":"max-image-preview:large","max-video-preview":"max-video-preview:-1"},"canonical":"https:\/\/www.ankarsrum.com\/es\/learn-more\/","og_locale":"es_ES","og_type":"article","og_title":"Descubre M\u00e1s","og_description":"Conoce tu amasadora Aqu\u00ed tienes m\u00e1s informaci\u00f3n sobre c\u00f3mo empezar a utilizar tu amasadora. Echa un vistazo a nuestra gu\u00eda&hellip;","og_url":"https:\/\/www.ankarsrum.com\/es\/learn-more\/","og_site_name":"Ankarsrum Spain","article_modified_time":"2023-10-12T07:09:57+00:00","og_image":[{"url":"https:\/\/www.ankarsrum.com\/wp-content\/uploads\/sites\/73\/2022\/08\/heart-empty-1.svg","type":"","width":"","height":""}],"twitter_card":"summary_large_image","twitter_misc":{"Tiempo de lectura":"1 minuto"},"schema":{"@context":"https:\/\/schema.org","@graph":[{"@type":"WebPage","@id":"https:\/\/www.ankarsrum.com\/es\/learn-more\/","url":"https:\/\/www.ankarsrum.com\/es\/learn-more\/","name":"Descubre M\u00e1s - Ankarsrum Spain","isPartOf":{"@id":"https:\/\/www.ankarsrum.com\/es\/#website"},"primaryImageOfPage":{"@id":"https:\/\/www.ankarsrum.com\/es\/learn-more\/#primaryimage"},"image":{"@id":"https:\/\/www.ankarsrum.com\/es\/learn-more\/#primaryimage"},"thumbnailUrl":"https:\/\/www.ankarsrum.com\/wp-content\/uploads\/sites\/73\/2022\/08\/heart-empty-1.svg","datePublished":"2021-11-29T10:20:40+00:00","dateModified":"2023-10-12T07:09:57+00:00","breadcrumb":{"@id":"https:\/\/www.ankarsrum.com\/es\/learn-more\/#breadcrumb"},"inLanguage":"es","potentialAction":[{"@type":"ReadAction","target":["https:\/\/www.ankarsrum.com\/es\/learn-more\/"]}]},{"@type":"ImageObject","inLanguage":"es","@id":"https:\/\/www.ankarsrum.com\/es\/learn-more\/#primaryimage","url":"https:\/\/www.ankarsrum.com\/wp-content\/uploads\/sites\/73\/2022\/08\/heart-empty-1.svg","contentUrl":"https:\/\/www.ankarsrum.com\/wp-content\/uploads\/sites\/73\/2022\/08\/heart-empty-1.svg"},{"@type":"BreadcrumbList","@id":"https:\/\/www.ankarsrum.com\/es\/learn-more\/#breadcrumb","itemListElement":[{"@type":"ListItem","position":1,"name":"Home","item":"https:\/\/www.ankarsrum.com\/es\/"},{"@type":"ListItem","position":2,"name":"Descubre M\u00e1s"}]},{"@type":"WebSite","@id":"https:\/\/www.ankarsrum.com\/es\/#website","url":"https:\/\/www.ankarsrum.com\/es\/","name":"Ankarsrum Spain","description":"The bread of the world","potentialAction":[{"@type":"SearchAction","target":{"@type":"EntryPoint","urlTemplate":"https:\/\/www.ankarsrum.com\/es\/?s={search_term_string}"},"query-input":{"@type":"PropertyValueSpecification","valueRequired":true,"valueName":"search_term_string"}}],"inLanguage":"es"}]}},"_links":{"self":[{"href":"https:\/\/www.ankarsrum.com\/es\/wp-json\/wp\/v2\/pages\/8241","targetHints":{"allow":["GET"]}}],"collection":[{"href":"https:\/\/www.ankarsrum.com\/es\/wp-json\/wp\/v2\/pages"}],"about":[{"href":"https:\/\/www.ankarsrum.com\/es\/wp-json\/wp\/v2\/types\/page"}],"author":[{"embeddable":true,"href":"https:\/\/www.ankarsrum.com\/es\/wp-json\/wp\/v2\/users\/23"}],"replies":[{"embeddable":true,"href":"https:\/\/www.ankarsrum.com\/es\/wp-json\/wp\/v2\/comments?post=8241"}],"version-history":[{"count":4,"href":"https:\/\/www.ankarsrum.com\/es\/wp-json\/wp\/v2\/pages\/8241\/revisions"}],"predecessor-version":[{"id":13501,"href":"https:\/\/www.ankarsrum.com\/es\/wp-json\/wp\/v2\/pages\/8241\/revisions\/13501"}],"wp:attachment":[{"href":"https:\/\/www.ankarsrum.com\/es\/wp-json\/wp\/v2\/media?parent=8241"}],"curies":[{"name":"wp","href":"https:\/\/api.w.org\/{rel}","templated":true}]}}