{"id":14385,"date":"2023-10-10T15:22:07","date_gmt":"2023-10-10T15:22:07","guid":{"rendered":"https:\/\/www.ankarsrum.com\/es\/product\/cortador-de-pasta-para-fettuccine-de-6-mm\/"},"modified":"2024-04-08T13:43:54","modified_gmt":"2024-04-08T13:43:54","slug":"cortador-de-pasta-para-fettuccine-de-6-mm","status":"publish","type":"product","link":"https:\/\/www.ankarsrum.com\/es\/product\/cortador-de-pasta-para-fettuccine-de-6-mm\/","title":{"rendered":"CORTADOR DE PASTA PARA FETTUCCINE DE 6 mm"},"content":{"rendered":"<p>para la familia no es cocinar, \u00a1es un acto de amor!<\/p>\n\n<p>\u2022 Los rodillos para pasta de Ankarsrum proceden de Marcato, una empresa italiana con m\u00e1s de 80 a\u00f1os de experiencia en la fabricaci\u00f3n de pasta.<br \/>\n\u2022 Cuando quieras hacer fettuccine o espaguetis, estira la masa en l\u00e1minas con el rodillo para lasa\u00f1a, o a mano, y luego p\u00e1salas por el cortador de 6 mil\u00edmetros.<br \/>\n\u2022 Solo es posible usar masa para pasta fresca para los accesorios de pasta.<br \/>\n\u2022 No introduzcas nunca los dedos ni objetos extra\u00f1os en el rodillo.<br \/>\n\u2022 Los rodillos para lasa\u00f1a son aptos para todas las amasadoras N1-N30.<\/p>\n","protected":false},"excerpt":{"rendered":"<p>Servir pasta casera siempre causa buena impresi\u00f3n. Su sabor y textura proporcionan una experiencia maravillosa para el paladar, \u00a1y es mucho m\u00e1s f\u00e1cil de preparar de lo que crees!<\/p>\n<p>El cortador de fettuccine saca tiras de 6 mil\u00edmetros de ancho.<\/p>\n","protected":false},"featured_media":14148,"template":"","meta":{"_acf_changed":false,"content-type":"","editor_notices":[]},"product_brand":[],"product_cat":[156],"product_tag":[],"product-tag":[],"machines":[],"filter":[311,268],"class_list":{"0":"post-14385","1":"product","2":"type-product","3":"status-publish","4":"has-post-thumbnail","6":"product_cat-accesorios","7":"filter-alimentos","8":"filter-pasta","10":"first","11":"instock","12":"taxable","13":"shipping-taxable","14":"product-type-simple"},"acf":[],"yoast_head":"<!-- This site is optimized with the Yoast SEO Premium plugin v26.6 (Yoast SEO v26.6) - https:\/\/yoast.com\/wordpress\/plugins\/seo\/ -->\n<title>CORTADOR DE PASTA PARA FETTUCCINE DE 6 mm - Ankarsrum Spain<\/title>\n<meta name=\"robots\" content=\"index, follow, max-snippet:-1, max-image-preview:large, max-video-preview:-1\" \/>\n<link rel=\"canonical\" href=\"https:\/\/www.ankarsrum.com\/es\/product\/cortador-de-pasta-para-fettuccine-de-6-mm\/\" \/>\n<meta property=\"og:locale\" content=\"es_ES\" \/>\n<meta property=\"og:type\" content=\"article\" \/>\n<meta property=\"og:title\" content=\"CORTADOR DE PASTA PARA FETTUCCINE DE 6 mm\" \/>\n<meta property=\"og:description\" content=\"Servir pasta casera siempre causa buena impresi\u00f3n. Su sabor y textura proporcionan una experiencia maravillosa para el paladar, \u00a1y es mucho m\u00e1s f\u00e1cil de preparar de lo que crees! El cortador de fettuccine saca tiras de 6 mil\u00edmetros de ancho.\" \/>\n<meta property=\"og:url\" content=\"https:\/\/www.ankarsrum.com\/es\/product\/cortador-de-pasta-para-fettuccine-de-6-mm\/\" \/>\n<meta property=\"og:site_name\" content=\"Ankarsrum Spain\" \/>\n<meta property=\"article:modified_time\" content=\"2024-04-08T13:43:54+00:00\" \/>\n<meta property=\"og:image\" content=\"https:\/\/www.ankarsrum.com\/es\/wp-content\/uploads\/sites\/73\/2023\/10\/las-pc42683c6.jpg\" \/>\n\t<meta property=\"og:image:width\" content=\"1080\" \/>\n\t<meta property=\"og:image:height\" content=\"630\" \/>\n\t<meta property=\"og:image:type\" content=\"image\/jpeg\" \/>\n<meta name=\"twitter:card\" content=\"summary_large_image\" \/>\n<meta name=\"twitter:label1\" content=\"Price\" \/>\n\t<meta name=\"twitter:data1\" content=\"95&nbsp;&euro;\" \/>\n\t<meta name=\"twitter:label2\" content=\"Availability\" \/>\n\t<meta name=\"twitter:data2\" content=\"In stock\" \/>\n<script type=\"application\/ld+json\" class=\"yoast-schema-graph\">{\"@context\":\"https:\/\/schema.org\",\"@graph\":[{\"@type\":\"WebPage\",\"@id\":\"https:\/\/www.ankarsrum.com\/es\/product\/cortador-de-pasta-para-fettuccine-de-6-mm\/\",\"url\":\"https:\/\/www.ankarsrum.com\/es\/product\/cortador-de-pasta-para-fettuccine-de-6-mm\/\",\"name\":\"CORTADOR DE PASTA PARA FETTUCCINE DE 6 mm - Ankarsrum Spain\",\"isPartOf\":{\"@id\":\"https:\/\/www.ankarsrum.com\/es\/#website\"},\"primaryImageOfPage\":{\"@id\":\"https:\/\/www.ankarsrum.com\/es\/product\/cortador-de-pasta-para-fettuccine-de-6-mm\/#primaryimage\"},\"image\":{\"@id\":\"https:\/\/www.ankarsrum.com\/es\/product\/cortador-de-pasta-para-fettuccine-de-6-mm\/#primaryimage\"},\"thumbnailUrl\":\"https:\/\/www.ankarsrum.com\/img-srv\/B6x68XFShJfwpOYyZvcTLK9SQM4eRtVSFJj1RsL6qMk\/resizing_type:auto\/width:0\/height:0\/gravity:sm\/enlarge:1\/ext:webp\/strip_metadata:1\/quality:90\/cachebuster:filesize-196821\/bG9jYWw6Ly8vd3d3LmFua2Fyc3J1bS5jb20vd3AtY29udGVudC91cGxvYWRzL3NpdGVzLzczLzIwMjMvMTAvbGFzLXBjNDI2ODNjNi5qcGc.webp\",\"datePublished\":\"2023-10-10T15:22:07+00:00\",\"dateModified\":\"2024-04-08T13:43:54+00:00\",\"breadcrumb\":{\"@id\":\"https:\/\/www.ankarsrum.com\/es\/product\/cortador-de-pasta-para-fettuccine-de-6-mm\/#breadcrumb\"},\"inLanguage\":\"es\",\"potentialAction\":[{\"@type\":\"ReadAction\",\"target\":[\"https:\/\/www.ankarsrum.com\/es\/product\/cortador-de-pasta-para-fettuccine-de-6-mm\/\"]}]},{\"@type\":\"ImageObject\",\"inLanguage\":\"es\",\"@id\":\"https:\/\/www.ankarsrum.com\/es\/product\/cortador-de-pasta-para-fettuccine-de-6-mm\/#primaryimage\",\"url\":\"https:\/\/www.ankarsrum.com\/img-srv\/B6x68XFShJfwpOYyZvcTLK9SQM4eRtVSFJj1RsL6qMk\/resizing_type:auto\/width:0\/height:0\/gravity:sm\/enlarge:1\/ext:webp\/strip_metadata:1\/quality:90\/cachebuster:filesize-196821\/bG9jYWw6Ly8vd3d3LmFua2Fyc3J1bS5jb20vd3AtY29udGVudC91cGxvYWRzL3NpdGVzLzczLzIwMjMvMTAvbGFzLXBjNDI2ODNjNi5qcGc.webp\",\"contentUrl\":\"https:\/\/www.ankarsrum.com\/img-srv\/B6x68XFShJfwpOYyZvcTLK9SQM4eRtVSFJj1RsL6qMk\/resizing_type:auto\/width:0\/height:0\/gravity:sm\/enlarge:1\/ext:webp\/strip_metadata:1\/quality:90\/cachebuster:filesize-196821\/bG9jYWw6Ly8vd3d3LmFua2Fyc3J1bS5jb20vd3AtY29udGVudC91cGxvYWRzL3NpdGVzLzczLzIwMjMvMTAvbGFzLXBjNDI2ODNjNi5qcGc.webp\",\"width\":1080,\"height\":1080},{\"@type\":\"BreadcrumbList\",\"@id\":\"https:\/\/www.ankarsrum.com\/es\/product\/cortador-de-pasta-para-fettuccine-de-6-mm\/#breadcrumb\",\"itemListElement\":[{\"@type\":\"ListItem\",\"position\":1,\"name\":\"Home\",\"item\":\"https:\/\/www.ankarsrum.com\/es\/\"},{\"@type\":\"ListItem\",\"position\":2,\"name\":\"Produce name\",\"item\":\"https:\/\/www.ankarsrum.com\/es\/shop\/\"},{\"@type\":\"ListItem\",\"position\":3,\"name\":\"CORTADOR DE PASTA PARA FETTUCCINE DE 6 mm\"}]},{\"@type\":\"WebSite\",\"@id\":\"https:\/\/www.ankarsrum.com\/es\/#website\",\"url\":\"https:\/\/www.ankarsrum.com\/es\/\",\"name\":\"Ankarsrum Spain\",\"description\":\"The bread of the world\",\"potentialAction\":[{\"@type\":\"SearchAction\",\"target\":{\"@type\":\"EntryPoint\",\"urlTemplate\":\"https:\/\/www.ankarsrum.com\/es\/?s={search_term_string}\"},\"query-input\":{\"@type\":\"PropertyValueSpecification\",\"valueRequired\":true,\"valueName\":\"search_term_string\"}}],\"inLanguage\":\"es\"}]}<\/script>\n<meta property=\"product:price:amount\" content=\"95\" \/>\n<meta property=\"product:price:currency\" content=\"EUR\" \/>\n<meta property=\"og:availability\" content=\"instock\" \/>\n<meta property=\"product:availability\" content=\"instock\" \/>\n<meta property=\"product:retailer_item_id\" content=\"920900064\" \/>\n<meta property=\"product:condition\" content=\"new\" \/>\n<!-- \/ Yoast SEO Premium plugin. -->","yoast_head_json":{"title":"CORTADOR DE PASTA PARA FETTUCCINE DE 6 mm - Ankarsrum Spain","robots":{"index":"index","follow":"follow","max-snippet":"max-snippet:-1","max-image-preview":"max-image-preview:large","max-video-preview":"max-video-preview:-1"},"canonical":"https:\/\/www.ankarsrum.com\/es\/product\/cortador-de-pasta-para-fettuccine-de-6-mm\/","og_locale":"es_ES","og_type":"article","og_title":"CORTADOR DE PASTA PARA FETTUCCINE DE 6 mm","og_description":"Servir pasta casera siempre causa buena impresi\u00f3n. Su sabor y textura proporcionan una experiencia maravillosa para el paladar, \u00a1y es mucho m\u00e1s f\u00e1cil de preparar de lo que crees! El cortador de fettuccine saca tiras de 6 mil\u00edmetros de ancho.","og_url":"https:\/\/www.ankarsrum.com\/es\/product\/cortador-de-pasta-para-fettuccine-de-6-mm\/","og_site_name":"Ankarsrum Spain","article_modified_time":"2024-04-08T13:43:54+00:00","og_image":[{"width":1080,"height":630,"url":"https:\/\/www.ankarsrum.com\/es\/wp-content\/uploads\/sites\/73\/2023\/10\/las-pc42683c6.jpg","type":"image\/jpeg"}],"twitter_card":"summary_large_image","twitter_misc":{"Price":"95&nbsp;&euro;","Availability":"In stock"},"schema":{"@context":"https:\/\/schema.org","@graph":[{"@type":"WebPage","@id":"https:\/\/www.ankarsrum.com\/es\/product\/cortador-de-pasta-para-fettuccine-de-6-mm\/","url":"https:\/\/www.ankarsrum.com\/es\/product\/cortador-de-pasta-para-fettuccine-de-6-mm\/","name":"CORTADOR DE PASTA PARA FETTUCCINE DE 6 mm - Ankarsrum Spain","isPartOf":{"@id":"https:\/\/www.ankarsrum.com\/es\/#website"},"primaryImageOfPage":{"@id":"https:\/\/www.ankarsrum.com\/es\/product\/cortador-de-pasta-para-fettuccine-de-6-mm\/#primaryimage"},"image":{"@id":"https:\/\/www.ankarsrum.com\/es\/product\/cortador-de-pasta-para-fettuccine-de-6-mm\/#primaryimage"},"thumbnailUrl":"https:\/\/www.ankarsrum.com\/img-srv\/B6x68XFShJfwpOYyZvcTLK9SQM4eRtVSFJj1RsL6qMk\/resizing_type:auto\/width:0\/height:0\/gravity:sm\/enlarge:1\/ext:webp\/strip_metadata:1\/quality:90\/cachebuster:filesize-196821\/bG9jYWw6Ly8vd3d3LmFua2Fyc3J1bS5jb20vd3AtY29udGVudC91cGxvYWRzL3NpdGVzLzczLzIwMjMvMTAvbGFzLXBjNDI2ODNjNi5qcGc.webp","datePublished":"2023-10-10T15:22:07+00:00","dateModified":"2024-04-08T13:43:54+00:00","breadcrumb":{"@id":"https:\/\/www.ankarsrum.com\/es\/product\/cortador-de-pasta-para-fettuccine-de-6-mm\/#breadcrumb"},"inLanguage":"es","potentialAction":[{"@type":"ReadAction","target":["https:\/\/www.ankarsrum.com\/es\/product\/cortador-de-pasta-para-fettuccine-de-6-mm\/"]}]},{"@type":"ImageObject","inLanguage":"es","@id":"https:\/\/www.ankarsrum.com\/es\/product\/cortador-de-pasta-para-fettuccine-de-6-mm\/#primaryimage","url":"https:\/\/www.ankarsrum.com\/img-srv\/B6x68XFShJfwpOYyZvcTLK9SQM4eRtVSFJj1RsL6qMk\/resizing_type:auto\/width:0\/height:0\/gravity:sm\/enlarge:1\/ext:webp\/strip_metadata:1\/quality:90\/cachebuster:filesize-196821\/bG9jYWw6Ly8vd3d3LmFua2Fyc3J1bS5jb20vd3AtY29udGVudC91cGxvYWRzL3NpdGVzLzczLzIwMjMvMTAvbGFzLXBjNDI2ODNjNi5qcGc.webp","contentUrl":"https:\/\/www.ankarsrum.com\/img-srv\/B6x68XFShJfwpOYyZvcTLK9SQM4eRtVSFJj1RsL6qMk\/resizing_type:auto\/width:0\/height:0\/gravity:sm\/enlarge:1\/ext:webp\/strip_metadata:1\/quality:90\/cachebuster:filesize-196821\/bG9jYWw6Ly8vd3d3LmFua2Fyc3J1bS5jb20vd3AtY29udGVudC91cGxvYWRzL3NpdGVzLzczLzIwMjMvMTAvbGFzLXBjNDI2ODNjNi5qcGc.webp","width":1080,"height":1080},{"@type":"BreadcrumbList","@id":"https:\/\/www.ankarsrum.com\/es\/product\/cortador-de-pasta-para-fettuccine-de-6-mm\/#breadcrumb","itemListElement":[{"@type":"ListItem","position":1,"name":"Home","item":"https:\/\/www.ankarsrum.com\/es\/"},{"@type":"ListItem","position":2,"name":"Produce name","item":"https:\/\/www.ankarsrum.com\/es\/shop\/"},{"@type":"ListItem","position":3,"name":"CORTADOR DE PASTA PARA FETTUCCINE DE 6 mm"}]},{"@type":"WebSite","@id":"https:\/\/www.ankarsrum.com\/es\/#website","url":"https:\/\/www.ankarsrum.com\/es\/","name":"Ankarsrum Spain","description":"The bread of the world","potentialAction":[{"@type":"SearchAction","target":{"@type":"EntryPoint","urlTemplate":"https:\/\/www.ankarsrum.com\/es\/?s={search_term_string}"},"query-input":{"@type":"PropertyValueSpecification","valueRequired":true,"valueName":"search_term_string"}}],"inLanguage":"es"}]},"product_price_amount":"95","product_price_currency":"EUR","og_availability":"instock","product_availability":"instock","product_retailer_item_id":"920900064","product_condition":"new"},"_links":{"self":[{"href":"https:\/\/www.ankarsrum.com\/es\/wp-json\/wp\/v2\/product\/14385","targetHints":{"allow":["GET"]}}],"collection":[{"href":"https:\/\/www.ankarsrum.com\/es\/wp-json\/wp\/v2\/product"}],"about":[{"href":"https:\/\/www.ankarsrum.com\/es\/wp-json\/wp\/v2\/types\/product"}],"wp:featuredmedia":[{"embeddable":true,"href":"https:\/\/www.ankarsrum.com\/es\/wp-json\/wp\/v2\/media\/14148"}],"wp:attachment":[{"href":"https:\/\/www.ankarsrum.com\/es\/wp-json\/wp\/v2\/media?parent=14385"}],"wp:term":[{"taxonomy":"product_brand","embeddable":true,"href":"https:\/\/www.ankarsrum.com\/es\/wp-json\/wp\/v2\/product_brand?post=14385"},{"taxonomy":"product_cat","embeddable":true,"href":"https:\/\/www.ankarsrum.com\/es\/wp-json\/wp\/v2\/product_cat?post=14385"},{"taxonomy":"product_tag","embeddable":true,"href":"https:\/\/www.ankarsrum.com\/es\/wp-json\/wp\/v2\/product_tag?post=14385"},{"taxonomy":"product-tag","embeddable":true,"href":"https:\/\/www.ankarsrum.com\/es\/wp-json\/wp\/v2\/product-tag?post=14385"},{"taxonomy":"machines","embeddable":true,"href":"https:\/\/www.ankarsrum.com\/es\/wp-json\/wp\/v2\/machines?post=14385"},{"taxonomy":"filter","embeddable":true,"href":"https:\/\/www.ankarsrum.com\/es\/wp-json\/wp\/v2\/filter?post=14385"}],"curies":[{"name":"wp","href":"https:\/\/api.w.org\/{rel}","templated":true}]}}