{"id":14390,"date":"2024-07-16T12:46:35","date_gmt":"2024-07-16T12:46:35","guid":{"rendered":"https:\/\/www.ankarsrum.com\/es\/product\/batidora\/"},"modified":"2026-05-01T05:04:09","modified_gmt":"2026-05-01T05:04:09","slug":"batidora","status":"publish","type":"product","link":"https:\/\/www.ankarsrum.com\/es\/product\/batidora\/","title":{"rendered":"BATIDORA"},"content":{"rendered":"<p>\u2022 La batidora consta de un vaso, una tapa superior y un mazo para empujar.<br \/>\u2022 El vaso tiene una capacidad de 1,5 litros, pero solo admite como m\u00e1ximo de 1,3 litros al licuar.<br \/>\u2022 Por razones de seguridad, la batidora est\u00e1 fabricada con pl\u00e1stico irrompible, copoli\u00e9ster tritan, sin bisfenol A.<br \/>\u2022 Siempre que uses la batidora, mant\u00e9n la mano sobre la tapa.<br \/>\u2022 La batidora es apta para los modelos de la amasadora Assistent N23-N30.<\/p>","protected":false},"excerpt":{"rendered":"<p>La batidora est\u00e1 dise\u00f1ada para hacer de todo con mucha energ\u00eda, desde picar chocolate hasta licuar hummus y batidos, \u00a1con la frecuencia y las veces que quieras!<\/p>\n<p>\u2022 La batidora consta de un vaso, una tapa superior y un mazo para empujar.<br \/>\u2022 El vaso tiene una capacidad de 1,5 litros, pero solo admite como m\u00e1ximo de 1,3 litros al licuar.<br \/>\u2022 Por razones de seguridad, la batidora est\u00e1 fabricada con pl\u00e1stico irrompible, copoli\u00e9ster tritan, sin bisfenol A.<br \/>\u2022 Siempre que uses la batidora, mant\u00e9n la mano sobre la tapa.<br \/>\u2022 La batidora es apta para los modelos de la amasadora Assistent N23-N30.<\/p>\n","protected":false},"featured_media":15332,"template":"","meta":{"_acf_changed":false,"content-type":"","editor_notices":[]},"product_brand":[],"product_cat":[156],"product_tag":[143],"product-tag":[],"machines":[],"filter":[311,318],"class_list":{"0":"post-14390","1":"product","2":"type-product","3":"status-publish","4":"has-post-thumbnail","6":"product_cat-accesorios","7":"product_tag-blender","8":"filter-alimentos","9":"filter-go-green","11":"first","12":"instock","13":"taxable","14":"shipping-taxable","15":"product-type-simple"},"acf":[],"yoast_head":"<!-- This site is optimized with the Yoast SEO Premium plugin v26.6 (Yoast SEO v26.6) - https:\/\/yoast.com\/wordpress\/plugins\/seo\/ -->\n<title>BATIDORA - Ankarsrum Spain<\/title>\n<meta name=\"robots\" content=\"index, follow, max-snippet:-1, max-image-preview:large, max-video-preview:-1\" \/>\n<link rel=\"canonical\" href=\"https:\/\/www.ankarsrum.com\/es\/product\/batidora\/\" \/>\n<meta property=\"og:locale\" content=\"es_ES\" \/>\n<meta property=\"og:type\" content=\"article\" \/>\n<meta property=\"og:title\" content=\"BATIDORA\" \/>\n<meta property=\"og:description\" content=\"La batidora est\u00e1 dise\u00f1ada para hacer de todo con mucha energ\u00eda, desde picar chocolate hasta licuar hummus y batidos, \u00a1con la frecuencia y las veces que quieras! \u2022 La batidora consta de un vaso, una tapa superior y un mazo para empujar.\u2022 El vaso tiene una capacidad de 1,5 litros, pero solo admite como m\u00e1ximo de 1,3 litros al licuar.\u2022 Por razones de seguridad, la batidora est\u00e1 fabricada con pl\u00e1stico irrompible, copoli\u00e9ster tritan, sin bisfenol A.\u2022 Siempre que uses la batidora, mant\u00e9n la mano sobre la tapa.\u2022 La batidora es apta para los modelos de la amasadora Assistent N23-N30.\" \/>\n<meta property=\"og:url\" content=\"https:\/\/www.ankarsrum.com\/es\/product\/batidora\/\" \/>\n<meta property=\"og:site_name\" content=\"Ankarsrum Spain\" \/>\n<meta property=\"article:modified_time\" content=\"2026-05-01T05:04:09+00:00\" \/>\n<meta property=\"og:image\" content=\"https:\/\/www.ankarsrum.com\/es\/wp-content\/uploads\/sites\/73\/2024\/09\/blender-with-tamper-920900082-3.png\" \/>\n\t<meta property=\"og:image:width\" content=\"1080\" \/>\n\t<meta property=\"og:image:height\" content=\"630\" \/>\n\t<meta property=\"og:image:type\" content=\"image\/png\" \/>\n<meta name=\"twitter:card\" content=\"summary_large_image\" \/>\n<meta name=\"twitter:label1\" content=\"Price\" \/>\n\t<meta name=\"twitter:data1\" content=\"109&nbsp;&euro;\" \/>\n\t<meta name=\"twitter:label2\" content=\"Availability\" \/>\n\t<meta name=\"twitter:data2\" content=\"In stock\" \/>\n<script type=\"application\/ld+json\" class=\"yoast-schema-graph\">{\"@context\":\"https:\/\/schema.org\",\"@graph\":[{\"@type\":\"WebPage\",\"@id\":\"https:\/\/www.ankarsrum.com\/es\/product\/batidora\/\",\"url\":\"https:\/\/www.ankarsrum.com\/es\/product\/batidora\/\",\"name\":\"BATIDORA - Ankarsrum Spain\",\"isPartOf\":{\"@id\":\"https:\/\/www.ankarsrum.com\/es\/#website\"},\"primaryImageOfPage\":{\"@id\":\"https:\/\/www.ankarsrum.com\/es\/product\/batidora\/#primaryimage\"},\"image\":{\"@id\":\"https:\/\/www.ankarsrum.com\/es\/product\/batidora\/#primaryimage\"},\"thumbnailUrl\":\"https:\/\/www.ankarsrum.com\/img-srv\/ax3sBYaAcoXA0fCU-tlPwt__2zwPaHitcQ9kLKtAiJ4\/resizing_type:auto\/width:0\/height:0\/gravity:sm\/enlarge:1\/ext:webp\/strip_metadata:1\/quality:90\/cachebuster:filesize-350030\/bG9jYWw6Ly8vd3d3LmFua2Fyc3J1bS5jb20vd3AtY29udGVudC91cGxvYWRzL3NpdGVzLzczLzIwMjQvMDkvYmxlbmRlci13aXRoLXRhbXBlci05MjA5MDAwODItMy5wbmc.webp\",\"datePublished\":\"2024-07-16T12:46:35+00:00\",\"dateModified\":\"2026-05-01T05:04:09+00:00\",\"breadcrumb\":{\"@id\":\"https:\/\/www.ankarsrum.com\/es\/product\/batidora\/#breadcrumb\"},\"inLanguage\":\"es\",\"potentialAction\":[{\"@type\":\"ReadAction\",\"target\":[\"https:\/\/www.ankarsrum.com\/es\/product\/batidora\/\"]}]},{\"@type\":\"ImageObject\",\"inLanguage\":\"es\",\"@id\":\"https:\/\/www.ankarsrum.com\/es\/product\/batidora\/#primaryimage\",\"url\":\"https:\/\/www.ankarsrum.com\/img-srv\/ax3sBYaAcoXA0fCU-tlPwt__2zwPaHitcQ9kLKtAiJ4\/resizing_type:auto\/width:0\/height:0\/gravity:sm\/enlarge:1\/ext:webp\/strip_metadata:1\/quality:90\/cachebuster:filesize-350030\/bG9jYWw6Ly8vd3d3LmFua2Fyc3J1bS5jb20vd3AtY29udGVudC91cGxvYWRzL3NpdGVzLzczLzIwMjQvMDkvYmxlbmRlci13aXRoLXRhbXBlci05MjA5MDAwODItMy5wbmc.webp\",\"contentUrl\":\"https:\/\/www.ankarsrum.com\/img-srv\/ax3sBYaAcoXA0fCU-tlPwt__2zwPaHitcQ9kLKtAiJ4\/resizing_type:auto\/width:0\/height:0\/gravity:sm\/enlarge:1\/ext:webp\/strip_metadata:1\/quality:90\/cachebuster:filesize-350030\/bG9jYWw6Ly8vd3d3LmFua2Fyc3J1bS5jb20vd3AtY29udGVudC91cGxvYWRzL3NpdGVzLzczLzIwMjQvMDkvYmxlbmRlci13aXRoLXRhbXBlci05MjA5MDAwODItMy5wbmc.webp\",\"width\":1080,\"height\":1080},{\"@type\":\"BreadcrumbList\",\"@id\":\"https:\/\/www.ankarsrum.com\/es\/product\/batidora\/#breadcrumb\",\"itemListElement\":[{\"@type\":\"ListItem\",\"position\":1,\"name\":\"Home\",\"item\":\"https:\/\/www.ankarsrum.com\/es\/\"},{\"@type\":\"ListItem\",\"position\":2,\"name\":\"Produce name\",\"item\":\"https:\/\/www.ankarsrum.com\/es\/shop\/\"},{\"@type\":\"ListItem\",\"position\":3,\"name\":\"BATIDORA\"}]},{\"@type\":\"WebSite\",\"@id\":\"https:\/\/www.ankarsrum.com\/es\/#website\",\"url\":\"https:\/\/www.ankarsrum.com\/es\/\",\"name\":\"Ankarsrum Spain\",\"description\":\"The bread of the world\",\"potentialAction\":[{\"@type\":\"SearchAction\",\"target\":{\"@type\":\"EntryPoint\",\"urlTemplate\":\"https:\/\/www.ankarsrum.com\/es\/?s={search_term_string}\"},\"query-input\":{\"@type\":\"PropertyValueSpecification\",\"valueRequired\":true,\"valueName\":\"search_term_string\"}}],\"inLanguage\":\"es\"}]}<\/script>\n<meta property=\"product:price:amount\" content=\"109\" \/>\n<meta property=\"product:price:currency\" content=\"EUR\" \/>\n<meta property=\"og:availability\" content=\"instock\" \/>\n<meta property=\"product:availability\" content=\"instock\" \/>\n<meta property=\"product:retailer_item_id\" content=\"920900082\" \/>\n<meta property=\"product:condition\" content=\"new\" \/>\n<!-- \/ Yoast SEO Premium plugin. -->","yoast_head_json":{"title":"BATIDORA - Ankarsrum Spain","robots":{"index":"index","follow":"follow","max-snippet":"max-snippet:-1","max-image-preview":"max-image-preview:large","max-video-preview":"max-video-preview:-1"},"canonical":"https:\/\/www.ankarsrum.com\/es\/product\/batidora\/","og_locale":"es_ES","og_type":"article","og_title":"BATIDORA","og_description":"La batidora est\u00e1 dise\u00f1ada para hacer de todo con mucha energ\u00eda, desde picar chocolate hasta licuar hummus y batidos, \u00a1con la frecuencia y las veces que quieras! \u2022 La batidora consta de un vaso, una tapa superior y un mazo para empujar.\u2022 El vaso tiene una capacidad de 1,5 litros, pero solo admite como m\u00e1ximo de 1,3 litros al licuar.\u2022 Por razones de seguridad, la batidora est\u00e1 fabricada con pl\u00e1stico irrompible, copoli\u00e9ster tritan, sin bisfenol A.\u2022 Siempre que uses la batidora, mant\u00e9n la mano sobre la tapa.\u2022 La batidora es apta para los modelos de la amasadora Assistent N23-N30.","og_url":"https:\/\/www.ankarsrum.com\/es\/product\/batidora\/","og_site_name":"Ankarsrum Spain","article_modified_time":"2026-05-01T05:04:09+00:00","og_image":[{"width":1080,"height":630,"url":"https:\/\/www.ankarsrum.com\/es\/wp-content\/uploads\/sites\/73\/2024\/09\/blender-with-tamper-920900082-3.png","type":"image\/png"}],"twitter_card":"summary_large_image","twitter_misc":{"Price":"109&nbsp;&euro;","Availability":"In stock"},"schema":{"@context":"https:\/\/schema.org","@graph":[{"@type":"WebPage","@id":"https:\/\/www.ankarsrum.com\/es\/product\/batidora\/","url":"https:\/\/www.ankarsrum.com\/es\/product\/batidora\/","name":"BATIDORA - Ankarsrum Spain","isPartOf":{"@id":"https:\/\/www.ankarsrum.com\/es\/#website"},"primaryImageOfPage":{"@id":"https:\/\/www.ankarsrum.com\/es\/product\/batidora\/#primaryimage"},"image":{"@id":"https:\/\/www.ankarsrum.com\/es\/product\/batidora\/#primaryimage"},"thumbnailUrl":"https:\/\/www.ankarsrum.com\/img-srv\/ax3sBYaAcoXA0fCU-tlPwt__2zwPaHitcQ9kLKtAiJ4\/resizing_type:auto\/width:0\/height:0\/gravity:sm\/enlarge:1\/ext:webp\/strip_metadata:1\/quality:90\/cachebuster:filesize-350030\/bG9jYWw6Ly8vd3d3LmFua2Fyc3J1bS5jb20vd3AtY29udGVudC91cGxvYWRzL3NpdGVzLzczLzIwMjQvMDkvYmxlbmRlci13aXRoLXRhbXBlci05MjA5MDAwODItMy5wbmc.webp","datePublished":"2024-07-16T12:46:35+00:00","dateModified":"2026-05-01T05:04:09+00:00","breadcrumb":{"@id":"https:\/\/www.ankarsrum.com\/es\/product\/batidora\/#breadcrumb"},"inLanguage":"es","potentialAction":[{"@type":"ReadAction","target":["https:\/\/www.ankarsrum.com\/es\/product\/batidora\/"]}]},{"@type":"ImageObject","inLanguage":"es","@id":"https:\/\/www.ankarsrum.com\/es\/product\/batidora\/#primaryimage","url":"https:\/\/www.ankarsrum.com\/img-srv\/ax3sBYaAcoXA0fCU-tlPwt__2zwPaHitcQ9kLKtAiJ4\/resizing_type:auto\/width:0\/height:0\/gravity:sm\/enlarge:1\/ext:webp\/strip_metadata:1\/quality:90\/cachebuster:filesize-350030\/bG9jYWw6Ly8vd3d3LmFua2Fyc3J1bS5jb20vd3AtY29udGVudC91cGxvYWRzL3NpdGVzLzczLzIwMjQvMDkvYmxlbmRlci13aXRoLXRhbXBlci05MjA5MDAwODItMy5wbmc.webp","contentUrl":"https:\/\/www.ankarsrum.com\/img-srv\/ax3sBYaAcoXA0fCU-tlPwt__2zwPaHitcQ9kLKtAiJ4\/resizing_type:auto\/width:0\/height:0\/gravity:sm\/enlarge:1\/ext:webp\/strip_metadata:1\/quality:90\/cachebuster:filesize-350030\/bG9jYWw6Ly8vd3d3LmFua2Fyc3J1bS5jb20vd3AtY29udGVudC91cGxvYWRzL3NpdGVzLzczLzIwMjQvMDkvYmxlbmRlci13aXRoLXRhbXBlci05MjA5MDAwODItMy5wbmc.webp","width":1080,"height":1080},{"@type":"BreadcrumbList","@id":"https:\/\/www.ankarsrum.com\/es\/product\/batidora\/#breadcrumb","itemListElement":[{"@type":"ListItem","position":1,"name":"Home","item":"https:\/\/www.ankarsrum.com\/es\/"},{"@type":"ListItem","position":2,"name":"Produce name","item":"https:\/\/www.ankarsrum.com\/es\/shop\/"},{"@type":"ListItem","position":3,"name":"BATIDORA"}]},{"@type":"WebSite","@id":"https:\/\/www.ankarsrum.com\/es\/#website","url":"https:\/\/www.ankarsrum.com\/es\/","name":"Ankarsrum Spain","description":"The bread of the world","potentialAction":[{"@type":"SearchAction","target":{"@type":"EntryPoint","urlTemplate":"https:\/\/www.ankarsrum.com\/es\/?s={search_term_string}"},"query-input":{"@type":"PropertyValueSpecification","valueRequired":true,"valueName":"search_term_string"}}],"inLanguage":"es"}]},"product_price_amount":"109","product_price_currency":"EUR","og_availability":"instock","product_availability":"instock","product_retailer_item_id":"920900082","product_condition":"new"},"_links":{"self":[{"href":"https:\/\/www.ankarsrum.com\/es\/wp-json\/wp\/v2\/product\/14390","targetHints":{"allow":["GET"]}}],"collection":[{"href":"https:\/\/www.ankarsrum.com\/es\/wp-json\/wp\/v2\/product"}],"about":[{"href":"https:\/\/www.ankarsrum.com\/es\/wp-json\/wp\/v2\/types\/product"}],"wp:featuredmedia":[{"embeddable":true,"href":"https:\/\/www.ankarsrum.com\/es\/wp-json\/wp\/v2\/media\/15332"}],"wp:attachment":[{"href":"https:\/\/www.ankarsrum.com\/es\/wp-json\/wp\/v2\/media?parent=14390"}],"wp:term":[{"taxonomy":"product_brand","embeddable":true,"href":"https:\/\/www.ankarsrum.com\/es\/wp-json\/wp\/v2\/product_brand?post=14390"},{"taxonomy":"product_cat","embeddable":true,"href":"https:\/\/www.ankarsrum.com\/es\/wp-json\/wp\/v2\/product_cat?post=14390"},{"taxonomy":"product_tag","embeddable":true,"href":"https:\/\/www.ankarsrum.com\/es\/wp-json\/wp\/v2\/product_tag?post=14390"},{"taxonomy":"product-tag","embeddable":true,"href":"https:\/\/www.ankarsrum.com\/es\/wp-json\/wp\/v2\/product-tag?post=14390"},{"taxonomy":"machines","embeddable":true,"href":"https:\/\/www.ankarsrum.com\/es\/wp-json\/wp\/v2\/machines?post=14390"},{"taxonomy":"filter","embeddable":true,"href":"https:\/\/www.ankarsrum.com\/es\/wp-json\/wp\/v2\/filter?post=14390"}],"curies":[{"name":"wp","href":"https:\/\/api.w.org\/{rel}","templated":true}]}}