{"id":14394,"date":"2024-07-16T13:07:54","date_gmt":"2024-07-16T13:07:54","guid":{"rendered":"https:\/\/www.ankarsrum.com\/es\/product\/bol-de-acero-inoxidable-para-montar\/"},"modified":"2026-04-16T03:49:13","modified_gmt":"2026-04-16T03:49:13","slug":"bol-de-acero-inoxidable-para-montar","status":"publish","type":"product","link":"https:\/\/www.ankarsrum.com\/es\/product\/bol-de-acero-inoxidable-para-montar\/","title":{"rendered":"BOL DE ACERO INOXIDABLE PARA MONTAR"},"content":{"rendered":"<p>\u00a1Mejora tus dotes reposteras! Ahora todos los que sue\u00f1an con preparar el merengue italiano perfecto, hacer macarons de colores o tartas m\u00e1s elaboradas pueden convertirse en reyes de la reposter\u00eda.<\/p>\n<p>Bol de acero inoxidable para montar. Dise\u00f1ado para todos los modelos de la amasadora Assistent Original N1-N30.<\/p>","protected":false},"excerpt":{"rendered":"<p>\u2022 Este bol para montar es resistente al calor y excelente para hacer, por ejemplo, merengue italiano.<br \/>\u2022 Est\u00e1 hecho de acero inoxidable.<br \/>\u2022 Est\u00e1 dise\u00f1ado para todos los modelos de la amasadora Assistent Original N1-N30.<br \/>\u2022 Tiene una capacidad de hasta 3,5 litros<\/p>\n<p>\u2022 Es f\u00e1cil de usar, tanto por el tama\u00f1o como por las asas. El bol cuenta con un anillo de silicona para mejorar la estabilidad.<\/p>\n","protected":false},"featured_media":15255,"template":"","meta":{"_acf_changed":false,"content-type":"","editor_notices":[]},"product_brand":[],"product_cat":[156],"product_tag":[],"product-tag":[],"machines":[],"filter":[319,313],"class_list":{"0":"post-14394","1":"product","2":"type-product","3":"status-publish","4":"has-post-thumbnail","6":"product_cat-accesorios","7":"filter-postres","8":"filter-reposteria","10":"first","11":"instock","12":"taxable","13":"shipping-taxable","14":"product-type-simple"},"acf":[],"yoast_head":"<!-- This site is optimized with the Yoast SEO Premium plugin v26.6 (Yoast SEO v26.6) - https:\/\/yoast.com\/wordpress\/plugins\/seo\/ -->\n<title>BOL DE ACERO INOXIDABLE PARA MONTAR - Ankarsrum Spain<\/title>\n<meta name=\"robots\" content=\"index, follow, max-snippet:-1, max-image-preview:large, max-video-preview:-1\" \/>\n<link rel=\"canonical\" href=\"https:\/\/www.ankarsrum.com\/es\/product\/bol-de-acero-inoxidable-para-montar\/\" \/>\n<meta property=\"og:locale\" content=\"es_ES\" \/>\n<meta property=\"og:type\" content=\"article\" \/>\n<meta property=\"og:title\" content=\"BOL DE ACERO INOXIDABLE PARA MONTAR\" \/>\n<meta property=\"og:description\" content=\"\u2022 Este bol para montar es resistente al calor y excelente para hacer, por ejemplo, merengue italiano.\u2022 Est\u00e1 hecho de acero inoxidable.\u2022 Est\u00e1 dise\u00f1ado para todos los modelos de la amasadora Assistent Original N1-N30.\u2022 Tiene una capacidad de hasta 3,5 litros \u2022 Es f\u00e1cil de usar, tanto por el tama\u00f1o como por las asas. El bol cuenta con un anillo de silicona para mejorar la estabilidad.\" \/>\n<meta property=\"og:url\" content=\"https:\/\/www.ankarsrum.com\/es\/product\/bol-de-acero-inoxidable-para-montar\/\" \/>\n<meta property=\"og:site_name\" content=\"Ankarsrum Spain\" \/>\n<meta property=\"article:modified_time\" content=\"2026-04-16T03:49:13+00:00\" \/>\n<meta property=\"og:image\" content=\"https:\/\/www.ankarsrum.com\/es\/wp-content\/uploads\/sites\/73\/2024\/09\/beater-bowl-in-stainless-steel.jpg\" \/>\n\t<meta property=\"og:image:width\" content=\"1200\" \/>\n\t<meta property=\"og:image:height\" content=\"630\" \/>\n\t<meta property=\"og:image:type\" content=\"image\/jpeg\" \/>\n<meta name=\"twitter:card\" content=\"summary_large_image\" \/>\n<meta name=\"twitter:label1\" content=\"Price\" \/>\n\t<meta name=\"twitter:data1\" content=\"119&nbsp;&euro;\" \/>\n\t<meta name=\"twitter:label2\" content=\"Availability\" \/>\n\t<meta name=\"twitter:data2\" content=\"In stock\" \/>\n<script type=\"application\/ld+json\" class=\"yoast-schema-graph\">{\"@context\":\"https:\/\/schema.org\",\"@graph\":[{\"@type\":\"WebPage\",\"@id\":\"https:\/\/www.ankarsrum.com\/es\/product\/bol-de-acero-inoxidable-para-montar\/\",\"url\":\"https:\/\/www.ankarsrum.com\/es\/product\/bol-de-acero-inoxidable-para-montar\/\",\"name\":\"BOL DE ACERO INOXIDABLE PARA MONTAR - Ankarsrum Spain\",\"isPartOf\":{\"@id\":\"https:\/\/www.ankarsrum.com\/es\/#website\"},\"primaryImageOfPage\":{\"@id\":\"https:\/\/www.ankarsrum.com\/es\/product\/bol-de-acero-inoxidable-para-montar\/#primaryimage\"},\"image\":{\"@id\":\"https:\/\/www.ankarsrum.com\/es\/product\/bol-de-acero-inoxidable-para-montar\/#primaryimage\"},\"thumbnailUrl\":\"https:\/\/www.ankarsrum.com\/img-srv\/X2b0Aal1uL-U9lI-BtMeUJMLdsdPvVsTr6ZlpcNArms\/resizing_type:auto\/width:0\/height:0\/gravity:sm\/enlarge:1\/ext:webp\/strip_metadata:1\/quality:90\/cachebuster:filesize-115069\/bG9jYWw6Ly8vd3d3LmFua2Fyc3J1bS5jb20vd3AtY29udGVudC91cGxvYWRzL3NpdGVzLzczLzIwMjQvMDkvYmVhdGVyLWJvd2wtaW4tc3RhaW5sZXNzLXN0ZWVsLmpwZw.webp\",\"datePublished\":\"2024-07-16T13:07:54+00:00\",\"dateModified\":\"2026-04-16T03:49:13+00:00\",\"breadcrumb\":{\"@id\":\"https:\/\/www.ankarsrum.com\/es\/product\/bol-de-acero-inoxidable-para-montar\/#breadcrumb\"},\"inLanguage\":\"es\",\"potentialAction\":[{\"@type\":\"ReadAction\",\"target\":[\"https:\/\/www.ankarsrum.com\/es\/product\/bol-de-acero-inoxidable-para-montar\/\"]}]},{\"@type\":\"ImageObject\",\"inLanguage\":\"es\",\"@id\":\"https:\/\/www.ankarsrum.com\/es\/product\/bol-de-acero-inoxidable-para-montar\/#primaryimage\",\"url\":\"https:\/\/www.ankarsrum.com\/img-srv\/X2b0Aal1uL-U9lI-BtMeUJMLdsdPvVsTr6ZlpcNArms\/resizing_type:auto\/width:0\/height:0\/gravity:sm\/enlarge:1\/ext:webp\/strip_metadata:1\/quality:90\/cachebuster:filesize-115069\/bG9jYWw6Ly8vd3d3LmFua2Fyc3J1bS5jb20vd3AtY29udGVudC91cGxvYWRzL3NpdGVzLzczLzIwMjQvMDkvYmVhdGVyLWJvd2wtaW4tc3RhaW5sZXNzLXN0ZWVsLmpwZw.webp\",\"contentUrl\":\"https:\/\/www.ankarsrum.com\/img-srv\/X2b0Aal1uL-U9lI-BtMeUJMLdsdPvVsTr6ZlpcNArms\/resizing_type:auto\/width:0\/height:0\/gravity:sm\/enlarge:1\/ext:webp\/strip_metadata:1\/quality:90\/cachebuster:filesize-115069\/bG9jYWw6Ly8vd3d3LmFua2Fyc3J1bS5jb20vd3AtY29udGVudC91cGxvYWRzL3NpdGVzLzczLzIwMjQvMDkvYmVhdGVyLWJvd2wtaW4tc3RhaW5sZXNzLXN0ZWVsLmpwZw.webp\",\"width\":2000,\"height\":2000},{\"@type\":\"BreadcrumbList\",\"@id\":\"https:\/\/www.ankarsrum.com\/es\/product\/bol-de-acero-inoxidable-para-montar\/#breadcrumb\",\"itemListElement\":[{\"@type\":\"ListItem\",\"position\":1,\"name\":\"Home\",\"item\":\"https:\/\/www.ankarsrum.com\/es\/\"},{\"@type\":\"ListItem\",\"position\":2,\"name\":\"Produce name\",\"item\":\"https:\/\/www.ankarsrum.com\/es\/shop\/\"},{\"@type\":\"ListItem\",\"position\":3,\"name\":\"BOL DE ACERO INOXIDABLE PARA MONTAR\"}]},{\"@type\":\"WebSite\",\"@id\":\"https:\/\/www.ankarsrum.com\/es\/#website\",\"url\":\"https:\/\/www.ankarsrum.com\/es\/\",\"name\":\"Ankarsrum Spain\",\"description\":\"The bread of the world\",\"potentialAction\":[{\"@type\":\"SearchAction\",\"target\":{\"@type\":\"EntryPoint\",\"urlTemplate\":\"https:\/\/www.ankarsrum.com\/es\/?s={search_term_string}\"},\"query-input\":{\"@type\":\"PropertyValueSpecification\",\"valueRequired\":true,\"valueName\":\"search_term_string\"}}],\"inLanguage\":\"es\"}]}<\/script>\n<meta property=\"product:price:amount\" content=\"119\" \/>\n<meta property=\"product:price:currency\" content=\"EUR\" \/>\n<meta property=\"og:availability\" content=\"instock\" \/>\n<meta property=\"product:availability\" content=\"instock\" \/>\n<meta property=\"product:retailer_item_id\" content=\"920900078\" \/>\n<meta property=\"product:condition\" content=\"new\" \/>\n<!-- \/ Yoast SEO Premium plugin. -->","yoast_head_json":{"title":"BOL DE ACERO INOXIDABLE PARA MONTAR - Ankarsrum Spain","robots":{"index":"index","follow":"follow","max-snippet":"max-snippet:-1","max-image-preview":"max-image-preview:large","max-video-preview":"max-video-preview:-1"},"canonical":"https:\/\/www.ankarsrum.com\/es\/product\/bol-de-acero-inoxidable-para-montar\/","og_locale":"es_ES","og_type":"article","og_title":"BOL DE ACERO INOXIDABLE PARA MONTAR","og_description":"\u2022 Este bol para montar es resistente al calor y excelente para hacer, por ejemplo, merengue italiano.\u2022 Est\u00e1 hecho de acero inoxidable.\u2022 Est\u00e1 dise\u00f1ado para todos los modelos de la amasadora Assistent Original N1-N30.\u2022 Tiene una capacidad de hasta 3,5 litros \u2022 Es f\u00e1cil de usar, tanto por el tama\u00f1o como por las asas. El bol cuenta con un anillo de silicona para mejorar la estabilidad.","og_url":"https:\/\/www.ankarsrum.com\/es\/product\/bol-de-acero-inoxidable-para-montar\/","og_site_name":"Ankarsrum Spain","article_modified_time":"2026-04-16T03:49:13+00:00","og_image":[{"width":1200,"height":630,"url":"https:\/\/www.ankarsrum.com\/es\/wp-content\/uploads\/sites\/73\/2024\/09\/beater-bowl-in-stainless-steel.jpg","type":"image\/jpeg"}],"twitter_card":"summary_large_image","twitter_misc":{"Price":"119&nbsp;&euro;","Availability":"In stock"},"schema":{"@context":"https:\/\/schema.org","@graph":[{"@type":"WebPage","@id":"https:\/\/www.ankarsrum.com\/es\/product\/bol-de-acero-inoxidable-para-montar\/","url":"https:\/\/www.ankarsrum.com\/es\/product\/bol-de-acero-inoxidable-para-montar\/","name":"BOL DE ACERO INOXIDABLE PARA MONTAR - Ankarsrum Spain","isPartOf":{"@id":"https:\/\/www.ankarsrum.com\/es\/#website"},"primaryImageOfPage":{"@id":"https:\/\/www.ankarsrum.com\/es\/product\/bol-de-acero-inoxidable-para-montar\/#primaryimage"},"image":{"@id":"https:\/\/www.ankarsrum.com\/es\/product\/bol-de-acero-inoxidable-para-montar\/#primaryimage"},"thumbnailUrl":"https:\/\/www.ankarsrum.com\/img-srv\/X2b0Aal1uL-U9lI-BtMeUJMLdsdPvVsTr6ZlpcNArms\/resizing_type:auto\/width:0\/height:0\/gravity:sm\/enlarge:1\/ext:webp\/strip_metadata:1\/quality:90\/cachebuster:filesize-115069\/bG9jYWw6Ly8vd3d3LmFua2Fyc3J1bS5jb20vd3AtY29udGVudC91cGxvYWRzL3NpdGVzLzczLzIwMjQvMDkvYmVhdGVyLWJvd2wtaW4tc3RhaW5sZXNzLXN0ZWVsLmpwZw.webp","datePublished":"2024-07-16T13:07:54+00:00","dateModified":"2026-04-16T03:49:13+00:00","breadcrumb":{"@id":"https:\/\/www.ankarsrum.com\/es\/product\/bol-de-acero-inoxidable-para-montar\/#breadcrumb"},"inLanguage":"es","potentialAction":[{"@type":"ReadAction","target":["https:\/\/www.ankarsrum.com\/es\/product\/bol-de-acero-inoxidable-para-montar\/"]}]},{"@type":"ImageObject","inLanguage":"es","@id":"https:\/\/www.ankarsrum.com\/es\/product\/bol-de-acero-inoxidable-para-montar\/#primaryimage","url":"https:\/\/www.ankarsrum.com\/img-srv\/X2b0Aal1uL-U9lI-BtMeUJMLdsdPvVsTr6ZlpcNArms\/resizing_type:auto\/width:0\/height:0\/gravity:sm\/enlarge:1\/ext:webp\/strip_metadata:1\/quality:90\/cachebuster:filesize-115069\/bG9jYWw6Ly8vd3d3LmFua2Fyc3J1bS5jb20vd3AtY29udGVudC91cGxvYWRzL3NpdGVzLzczLzIwMjQvMDkvYmVhdGVyLWJvd2wtaW4tc3RhaW5sZXNzLXN0ZWVsLmpwZw.webp","contentUrl":"https:\/\/www.ankarsrum.com\/img-srv\/X2b0Aal1uL-U9lI-BtMeUJMLdsdPvVsTr6ZlpcNArms\/resizing_type:auto\/width:0\/height:0\/gravity:sm\/enlarge:1\/ext:webp\/strip_metadata:1\/quality:90\/cachebuster:filesize-115069\/bG9jYWw6Ly8vd3d3LmFua2Fyc3J1bS5jb20vd3AtY29udGVudC91cGxvYWRzL3NpdGVzLzczLzIwMjQvMDkvYmVhdGVyLWJvd2wtaW4tc3RhaW5sZXNzLXN0ZWVsLmpwZw.webp","width":2000,"height":2000},{"@type":"BreadcrumbList","@id":"https:\/\/www.ankarsrum.com\/es\/product\/bol-de-acero-inoxidable-para-montar\/#breadcrumb","itemListElement":[{"@type":"ListItem","position":1,"name":"Home","item":"https:\/\/www.ankarsrum.com\/es\/"},{"@type":"ListItem","position":2,"name":"Produce name","item":"https:\/\/www.ankarsrum.com\/es\/shop\/"},{"@type":"ListItem","position":3,"name":"BOL DE ACERO INOXIDABLE PARA MONTAR"}]},{"@type":"WebSite","@id":"https:\/\/www.ankarsrum.com\/es\/#website","url":"https:\/\/www.ankarsrum.com\/es\/","name":"Ankarsrum Spain","description":"The bread of the world","potentialAction":[{"@type":"SearchAction","target":{"@type":"EntryPoint","urlTemplate":"https:\/\/www.ankarsrum.com\/es\/?s={search_term_string}"},"query-input":{"@type":"PropertyValueSpecification","valueRequired":true,"valueName":"search_term_string"}}],"inLanguage":"es"}]},"product_price_amount":"119","product_price_currency":"EUR","og_availability":"instock","product_availability":"instock","product_retailer_item_id":"920900078","product_condition":"new"},"_links":{"self":[{"href":"https:\/\/www.ankarsrum.com\/es\/wp-json\/wp\/v2\/product\/14394","targetHints":{"allow":["GET"]}}],"collection":[{"href":"https:\/\/www.ankarsrum.com\/es\/wp-json\/wp\/v2\/product"}],"about":[{"href":"https:\/\/www.ankarsrum.com\/es\/wp-json\/wp\/v2\/types\/product"}],"wp:featuredmedia":[{"embeddable":true,"href":"https:\/\/www.ankarsrum.com\/es\/wp-json\/wp\/v2\/media\/15255"}],"wp:attachment":[{"href":"https:\/\/www.ankarsrum.com\/es\/wp-json\/wp\/v2\/media?parent=14394"}],"wp:term":[{"taxonomy":"product_brand","embeddable":true,"href":"https:\/\/www.ankarsrum.com\/es\/wp-json\/wp\/v2\/product_brand?post=14394"},{"taxonomy":"product_cat","embeddable":true,"href":"https:\/\/www.ankarsrum.com\/es\/wp-json\/wp\/v2\/product_cat?post=14394"},{"taxonomy":"product_tag","embeddable":true,"href":"https:\/\/www.ankarsrum.com\/es\/wp-json\/wp\/v2\/product_tag?post=14394"},{"taxonomy":"product-tag","embeddable":true,"href":"https:\/\/www.ankarsrum.com\/es\/wp-json\/wp\/v2\/product-tag?post=14394"},{"taxonomy":"machines","embeddable":true,"href":"https:\/\/www.ankarsrum.com\/es\/wp-json\/wp\/v2\/machines?post=14394"},{"taxonomy":"filter","embeddable":true,"href":"https:\/\/www.ankarsrum.com\/es\/wp-json\/wp\/v2\/filter?post=14394"}],"curies":[{"name":"wp","href":"https:\/\/api.w.org\/{rel}","templated":true}]}}