{"id":14403,"date":"2024-07-10T07:29:20","date_gmt":"2024-07-10T07:29:20","guid":{"rendered":"https:\/\/www.ankarsrum.com\/es\/product\/assistent-original-creme-light-cl\/"},"modified":"2026-04-16T03:48:58","modified_gmt":"2026-04-16T03:48:58","slug":"assistent-original-creme-light-cl","status":"publish","type":"product","link":"https:\/\/www.ankarsrum.com\/es\/product\/assistent-original-creme-light-cl\/","title":{"rendered":"Ankarsrum Assistent Original &#8211; Creme Light"},"content":{"rendered":"<p>Cada paquete est\u00e1ndar de la amasadora Assistent Original\u00ae AKM6230 incluye accesorios que hacen que cocinar sea m\u00e1s f\u00e1cil y proporcionan una ayuda inestimable a la hora de elaborar desde bizcochos hasta panes de masa madre. Se trata del \u00faltimo modelo de la cl\u00e1sica Assistent Original a la que se le han a\u00f1adido mejoras y nuevas funciones inteligentes.<\/p>\n<p>Gracias a su potente motor, puedes mezclar con facilidad incluso las masas m\u00e1s pesadas. El motor de la Assistent Original\u00ae tambi\u00e9n cuenta con un sistema de retroalimentaci\u00f3n, lo que significa que la propia amasadora puede regular la velocidad en funci\u00f3n de la carga. Su engranaje exclusivo permite que sea potente a la vez que silenciosa.<\/p>\n<p>Su enorme bol de 7 litros la convierte en la amasadora ideal para hacer grandes remesas de masa. Puede amasar sin problemas 1,5 litros de ingredientes l\u00edquidos y 5 kilos de masa.<\/p>\n<p>La amasadora Assistent Original\u00ae cuenta con un dise\u00f1o atractivo y elegante, emite un nivel bajo de ruido y se agarra con firmeza a la encimera. La Assistent Original\u00ae 6230 incluye bol de acero inoxidable de 7 litros de capacidad, rodillo, rasqueta separadora, rasqueta para limpiar, gancho y tapa. Tambi\u00e9n cuenta con un bol de pl\u00e1stico tritan de 3,5 litros para obtener los mejores resultados, unas varillas para montar y otras para mezclar. Perilla de ajuste y mandos de control de zinc cromado. Y, adem\u00e1s, el Recetario de Ankarsrum.\u00a0<\/p>\n<p>Es la nueva generaci\u00f3n de la Assistent cl\u00e1sica, fabricada anteriormente por Electrolux. Disponible en varios colores.<\/p>\n<p>Con su amplia gama de accesorios, tambi\u00e9n puedes mezclar, montar, picar carne, hacer pasta, exprimir y mucho m\u00e1s.<\/p>","protected":false},"excerpt":{"rendered":"<p>Llevamos fabricando y montando a mano la amasadora Assistent Original en Suecia desde 1940. Todas se prueban antes de salir de la f\u00e1brica. Trabajamos bajo los lemas de calidad, funcionalidad y dise\u00f1o.<\/p>\n","protected":false},"featured_media":15050,"template":"","meta":{"_acf_changed":false,"content-type":"","editor_notices":[]},"product_brand":[],"product_cat":[445],"product_tag":[],"product-tag":[],"machines":[],"filter":[],"class_list":{"0":"post-14403","1":"product","2":"type-product","3":"status-publish","4":"has-post-thumbnail","6":"product_cat-amasadora","8":"first","9":"instock","10":"taxable","11":"shipping-taxable","12":"product-type-simple"},"acf":[],"yoast_head":"<!-- This site is optimized with the Yoast SEO Premium plugin v26.6 (Yoast SEO v26.6) - https:\/\/yoast.com\/wordpress\/plugins\/seo\/ -->\n<title>Ankarsrum Assistent Original - Creme Light - Ankarsrum Spain<\/title>\n<meta name=\"robots\" content=\"index, follow, max-snippet:-1, max-image-preview:large, max-video-preview:-1\" \/>\n<link rel=\"canonical\" href=\"https:\/\/www.ankarsrum.com\/es\/product\/assistent-original-creme-light-cl\/\" \/>\n<meta property=\"og:locale\" content=\"es_ES\" \/>\n<meta property=\"og:type\" content=\"article\" \/>\n<meta property=\"og:title\" content=\"Ankarsrum Assistent Original - Creme Light\" \/>\n<meta property=\"og:description\" content=\"Llevamos fabricando y montando a mano la amasadora Assistent Original en Suecia desde 1940. Todas se prueban antes de salir de la f\u00e1brica. Trabajamos bajo los lemas de calidad, funcionalidad y dise\u00f1o.\" \/>\n<meta property=\"og:url\" content=\"https:\/\/www.ankarsrum.com\/es\/product\/assistent-original-creme-light-cl\/\" \/>\n<meta property=\"og:site_name\" content=\"Ankarsrum Spain\" \/>\n<meta property=\"article:modified_time\" content=\"2026-04-16T03:48:58+00:00\" \/>\n<meta property=\"og:image\" content=\"https:\/\/www.ankarsrum.com\/es\/wp-content\/uploads\/sites\/73\/2024\/09\/ankarsrum-assistent-original-creme-light-hero.jpg\" \/>\n\t<meta property=\"og:image:width\" content=\"1200\" \/>\n\t<meta property=\"og:image:height\" content=\"630\" \/>\n\t<meta property=\"og:image:type\" content=\"image\/jpeg\" \/>\n<meta name=\"twitter:card\" content=\"summary_large_image\" \/>\n<meta name=\"twitter:label1\" content=\"Price\" \/>\n\t<meta name=\"twitter:data1\" content=\"799&nbsp;&euro;\" \/>\n\t<meta name=\"twitter:label2\" content=\"Availability\" \/>\n\t<meta name=\"twitter:data2\" content=\"In stock\" \/>\n<script type=\"application\/ld+json\" class=\"yoast-schema-graph\">{\"@context\":\"https:\/\/schema.org\",\"@graph\":[{\"@type\":\"WebPage\",\"@id\":\"https:\/\/www.ankarsrum.com\/es\/product\/assistent-original-creme-light-cl\/\",\"url\":\"https:\/\/www.ankarsrum.com\/es\/product\/assistent-original-creme-light-cl\/\",\"name\":\"Ankarsrum Assistent Original - Creme Light - Ankarsrum Spain\",\"isPartOf\":{\"@id\":\"https:\/\/www.ankarsrum.com\/es\/#website\"},\"primaryImageOfPage\":{\"@id\":\"https:\/\/www.ankarsrum.com\/es\/product\/assistent-original-creme-light-cl\/#primaryimage\"},\"image\":{\"@id\":\"https:\/\/www.ankarsrum.com\/es\/product\/assistent-original-creme-light-cl\/#primaryimage\"},\"thumbnailUrl\":\"https:\/\/www.ankarsrum.com\/img-srv\/7ew8r1DgLc061aGun9gEe_WB7s2kYRNewGC_UfopAoE\/resizing_type:auto\/width:0\/height:0\/gravity:sm\/enlarge:1\/ext:webp\/strip_metadata:1\/quality:90\/cachebuster:filesize-180893\/bG9jYWw6Ly8vd3d3LmFua2Fyc3J1bS5jb20vd3AtY29udGVudC91cGxvYWRzL3NpdGVzLzczLzIwMjQvMDkvYW5rYXJzcnVtLWFzc2lzdGVudC1vcmlnaW5hbC1jcmVtZS1saWdodC1oZXJvLmpwZw.webp\",\"datePublished\":\"2024-07-10T07:29:20+00:00\",\"dateModified\":\"2026-04-16T03:48:58+00:00\",\"breadcrumb\":{\"@id\":\"https:\/\/www.ankarsrum.com\/es\/product\/assistent-original-creme-light-cl\/#breadcrumb\"},\"inLanguage\":\"es\",\"potentialAction\":[{\"@type\":\"ReadAction\",\"target\":[\"https:\/\/www.ankarsrum.com\/es\/product\/assistent-original-creme-light-cl\/\"]}]},{\"@type\":\"ImageObject\",\"inLanguage\":\"es\",\"@id\":\"https:\/\/www.ankarsrum.com\/es\/product\/assistent-original-creme-light-cl\/#primaryimage\",\"url\":\"https:\/\/www.ankarsrum.com\/img-srv\/7ew8r1DgLc061aGun9gEe_WB7s2kYRNewGC_UfopAoE\/resizing_type:auto\/width:0\/height:0\/gravity:sm\/enlarge:1\/ext:webp\/strip_metadata:1\/quality:90\/cachebuster:filesize-180893\/bG9jYWw6Ly8vd3d3LmFua2Fyc3J1bS5jb20vd3AtY29udGVudC91cGxvYWRzL3NpdGVzLzczLzIwMjQvMDkvYW5rYXJzcnVtLWFzc2lzdGVudC1vcmlnaW5hbC1jcmVtZS1saWdodC1oZXJvLmpwZw.webp\",\"contentUrl\":\"https:\/\/www.ankarsrum.com\/img-srv\/7ew8r1DgLc061aGun9gEe_WB7s2kYRNewGC_UfopAoE\/resizing_type:auto\/width:0\/height:0\/gravity:sm\/enlarge:1\/ext:webp\/strip_metadata:1\/quality:90\/cachebuster:filesize-180893\/bG9jYWw6Ly8vd3d3LmFua2Fyc3J1bS5jb20vd3AtY29udGVudC91cGxvYWRzL3NpdGVzLzczLzIwMjQvMDkvYW5rYXJzcnVtLWFzc2lzdGVudC1vcmlnaW5hbC1jcmVtZS1saWdodC1oZXJvLmpwZw.webp\",\"width\":2000,\"height\":2000},{\"@type\":\"BreadcrumbList\",\"@id\":\"https:\/\/www.ankarsrum.com\/es\/product\/assistent-original-creme-light-cl\/#breadcrumb\",\"itemListElement\":[{\"@type\":\"ListItem\",\"position\":1,\"name\":\"Home\",\"item\":\"https:\/\/www.ankarsrum.com\/es\/\"},{\"@type\":\"ListItem\",\"position\":2,\"name\":\"Produce name\",\"item\":\"https:\/\/www.ankarsrum.com\/es\/shop\/\"},{\"@type\":\"ListItem\",\"position\":3,\"name\":\"Ankarsrum Assistent Original &#8211; Creme Light\"}]},{\"@type\":\"WebSite\",\"@id\":\"https:\/\/www.ankarsrum.com\/es\/#website\",\"url\":\"https:\/\/www.ankarsrum.com\/es\/\",\"name\":\"Ankarsrum Spain\",\"description\":\"The bread of the world\",\"potentialAction\":[{\"@type\":\"SearchAction\",\"target\":{\"@type\":\"EntryPoint\",\"urlTemplate\":\"https:\/\/www.ankarsrum.com\/es\/?s={search_term_string}\"},\"query-input\":{\"@type\":\"PropertyValueSpecification\",\"valueRequired\":true,\"valueName\":\"search_term_string\"}}],\"inLanguage\":\"es\"}]}<\/script>\n<meta property=\"product:price:amount\" content=\"799\" \/>\n<meta property=\"product:price:currency\" content=\"EUR\" \/>\n<meta property=\"og:availability\" content=\"instock\" \/>\n<meta property=\"product:availability\" content=\"instock\" \/>\n<meta property=\"product:retailer_item_id\" content=\"2300109\" \/>\n<meta property=\"product:condition\" content=\"new\" \/>\n<!-- \/ Yoast SEO Premium plugin. -->","yoast_head_json":{"title":"Ankarsrum Assistent Original - Creme Light - Ankarsrum Spain","robots":{"index":"index","follow":"follow","max-snippet":"max-snippet:-1","max-image-preview":"max-image-preview:large","max-video-preview":"max-video-preview:-1"},"canonical":"https:\/\/www.ankarsrum.com\/es\/product\/assistent-original-creme-light-cl\/","og_locale":"es_ES","og_type":"article","og_title":"Ankarsrum Assistent Original - Creme Light","og_description":"Llevamos fabricando y montando a mano la amasadora Assistent Original en Suecia desde 1940. Todas se prueban antes de salir de la f\u00e1brica. Trabajamos bajo los lemas de calidad, funcionalidad y dise\u00f1o.","og_url":"https:\/\/www.ankarsrum.com\/es\/product\/assistent-original-creme-light-cl\/","og_site_name":"Ankarsrum Spain","article_modified_time":"2026-04-16T03:48:58+00:00","og_image":[{"width":1200,"height":630,"url":"https:\/\/www.ankarsrum.com\/es\/wp-content\/uploads\/sites\/73\/2024\/09\/ankarsrum-assistent-original-creme-light-hero.jpg","type":"image\/jpeg"}],"twitter_card":"summary_large_image","twitter_misc":{"Price":"799&nbsp;&euro;","Availability":"In stock"},"schema":{"@context":"https:\/\/schema.org","@graph":[{"@type":"WebPage","@id":"https:\/\/www.ankarsrum.com\/es\/product\/assistent-original-creme-light-cl\/","url":"https:\/\/www.ankarsrum.com\/es\/product\/assistent-original-creme-light-cl\/","name":"Ankarsrum Assistent Original - Creme Light - Ankarsrum Spain","isPartOf":{"@id":"https:\/\/www.ankarsrum.com\/es\/#website"},"primaryImageOfPage":{"@id":"https:\/\/www.ankarsrum.com\/es\/product\/assistent-original-creme-light-cl\/#primaryimage"},"image":{"@id":"https:\/\/www.ankarsrum.com\/es\/product\/assistent-original-creme-light-cl\/#primaryimage"},"thumbnailUrl":"https:\/\/www.ankarsrum.com\/img-srv\/7ew8r1DgLc061aGun9gEe_WB7s2kYRNewGC_UfopAoE\/resizing_type:auto\/width:0\/height:0\/gravity:sm\/enlarge:1\/ext:webp\/strip_metadata:1\/quality:90\/cachebuster:filesize-180893\/bG9jYWw6Ly8vd3d3LmFua2Fyc3J1bS5jb20vd3AtY29udGVudC91cGxvYWRzL3NpdGVzLzczLzIwMjQvMDkvYW5rYXJzcnVtLWFzc2lzdGVudC1vcmlnaW5hbC1jcmVtZS1saWdodC1oZXJvLmpwZw.webp","datePublished":"2024-07-10T07:29:20+00:00","dateModified":"2026-04-16T03:48:58+00:00","breadcrumb":{"@id":"https:\/\/www.ankarsrum.com\/es\/product\/assistent-original-creme-light-cl\/#breadcrumb"},"inLanguage":"es","potentialAction":[{"@type":"ReadAction","target":["https:\/\/www.ankarsrum.com\/es\/product\/assistent-original-creme-light-cl\/"]}]},{"@type":"ImageObject","inLanguage":"es","@id":"https:\/\/www.ankarsrum.com\/es\/product\/assistent-original-creme-light-cl\/#primaryimage","url":"https:\/\/www.ankarsrum.com\/img-srv\/7ew8r1DgLc061aGun9gEe_WB7s2kYRNewGC_UfopAoE\/resizing_type:auto\/width:0\/height:0\/gravity:sm\/enlarge:1\/ext:webp\/strip_metadata:1\/quality:90\/cachebuster:filesize-180893\/bG9jYWw6Ly8vd3d3LmFua2Fyc3J1bS5jb20vd3AtY29udGVudC91cGxvYWRzL3NpdGVzLzczLzIwMjQvMDkvYW5rYXJzcnVtLWFzc2lzdGVudC1vcmlnaW5hbC1jcmVtZS1saWdodC1oZXJvLmpwZw.webp","contentUrl":"https:\/\/www.ankarsrum.com\/img-srv\/7ew8r1DgLc061aGun9gEe_WB7s2kYRNewGC_UfopAoE\/resizing_type:auto\/width:0\/height:0\/gravity:sm\/enlarge:1\/ext:webp\/strip_metadata:1\/quality:90\/cachebuster:filesize-180893\/bG9jYWw6Ly8vd3d3LmFua2Fyc3J1bS5jb20vd3AtY29udGVudC91cGxvYWRzL3NpdGVzLzczLzIwMjQvMDkvYW5rYXJzcnVtLWFzc2lzdGVudC1vcmlnaW5hbC1jcmVtZS1saWdodC1oZXJvLmpwZw.webp","width":2000,"height":2000},{"@type":"BreadcrumbList","@id":"https:\/\/www.ankarsrum.com\/es\/product\/assistent-original-creme-light-cl\/#breadcrumb","itemListElement":[{"@type":"ListItem","position":1,"name":"Home","item":"https:\/\/www.ankarsrum.com\/es\/"},{"@type":"ListItem","position":2,"name":"Produce name","item":"https:\/\/www.ankarsrum.com\/es\/shop\/"},{"@type":"ListItem","position":3,"name":"Ankarsrum Assistent Original &#8211; Creme Light"}]},{"@type":"WebSite","@id":"https:\/\/www.ankarsrum.com\/es\/#website","url":"https:\/\/www.ankarsrum.com\/es\/","name":"Ankarsrum Spain","description":"The bread of the world","potentialAction":[{"@type":"SearchAction","target":{"@type":"EntryPoint","urlTemplate":"https:\/\/www.ankarsrum.com\/es\/?s={search_term_string}"},"query-input":{"@type":"PropertyValueSpecification","valueRequired":true,"valueName":"search_term_string"}}],"inLanguage":"es"}]},"product_price_amount":"799","product_price_currency":"EUR","og_availability":"instock","product_availability":"instock","product_retailer_item_id":"2300109","product_condition":"new"},"_links":{"self":[{"href":"https:\/\/www.ankarsrum.com\/es\/wp-json\/wp\/v2\/product\/14403","targetHints":{"allow":["GET"]}}],"collection":[{"href":"https:\/\/www.ankarsrum.com\/es\/wp-json\/wp\/v2\/product"}],"about":[{"href":"https:\/\/www.ankarsrum.com\/es\/wp-json\/wp\/v2\/types\/product"}],"wp:featuredmedia":[{"embeddable":true,"href":"https:\/\/www.ankarsrum.com\/es\/wp-json\/wp\/v2\/media\/15050"}],"wp:attachment":[{"href":"https:\/\/www.ankarsrum.com\/es\/wp-json\/wp\/v2\/media?parent=14403"}],"wp:term":[{"taxonomy":"product_brand","embeddable":true,"href":"https:\/\/www.ankarsrum.com\/es\/wp-json\/wp\/v2\/product_brand?post=14403"},{"taxonomy":"product_cat","embeddable":true,"href":"https:\/\/www.ankarsrum.com\/es\/wp-json\/wp\/v2\/product_cat?post=14403"},{"taxonomy":"product_tag","embeddable":true,"href":"https:\/\/www.ankarsrum.com\/es\/wp-json\/wp\/v2\/product_tag?post=14403"},{"taxonomy":"product-tag","embeddable":true,"href":"https:\/\/www.ankarsrum.com\/es\/wp-json\/wp\/v2\/product-tag?post=14403"},{"taxonomy":"machines","embeddable":true,"href":"https:\/\/www.ankarsrum.com\/es\/wp-json\/wp\/v2\/machines?post=14403"},{"taxonomy":"filter","embeddable":true,"href":"https:\/\/www.ankarsrum.com\/es\/wp-json\/wp\/v2\/filter?post=14403"}],"curies":[{"name":"wp","href":"https:\/\/api.w.org\/{rel}","templated":true}]}}