{"id":12331,"date":"2022-09-20T14:43:28","date_gmt":"2022-09-20T14:43:28","guid":{"rendered":"https:\/\/www.ankarsrum.com\/fi\/?page_id=12331"},"modified":"2024-10-30T09:48:38","modified_gmt":"2024-10-30T09:48:38","slug":"ostoehdot","status":"publish","type":"page","link":"https:\/\/www.ankarsrum.com\/fi\/ostoehdot\/","title":{"rendered":"Ostoehdot"},"content":{"rendered":"<strong>Tietoja Ankarsrum Kitchen AB:st\u00e4<\/strong>\r\n\r\nAnkarsrum Kitchen AB (Ankarsrum Kitchen) tuottaa, markkinoi, myy ja jakelee Ankarsrum\u00ae Assistent Original\u00ae -keitti\u00f6konetta ja sen lis\u00e4varusteita.\r\n\r\nOsoitteessa <a href=\"http:\/\/www.ankarsrum.com\/se\">www.ankarsrum.com\/se<\/a> tai <a href=\"http:\/\/www.ankarsrum.com\/fi\">www.ankarsrum.com\/fi<\/a> tehtyjen ostojen osalta ostosopimus solmitaan Ankarsrum Kitchenin kanssa.\r\n\r\nAnkarsrum Kitchen AB\r\nLysingsv\u00e4gen 18\r\nSE-593 53 V\u00e4stervik\r\nSverige\r\nALV-numero SE5567576300-01\r\n\r\n<strong>Asiakaspalvelu\r\n<\/strong><strong>Puhelin: <\/strong>+46 (0) 490-52\u00a0000<strong>\r\n<\/strong><strong>S\u00e4hk\u00f6posti: <\/strong><a href=\"mailto:info@ankarsrum.com\">info@ankarsrum.com<\/a>\r\n\r\nJos l\u00e4het\u00e4t kirjepostia Ankarsrum Kitchenin asiakaspalveluun, merkitse kuoreen &#8221;Kundservice&#8221;.\r\n\r\n<strong>Yleist\u00e4\r\n<\/strong>N\u00e4it\u00e4 k\u00e4ytt\u00f6ehtoja sovelletaan, kun teet kuluttajana (yksityishenkil\u00f6n\u00e4) tilauksen Ankarsrum Kitchenin verkkokaupasta osoitteessa <a href=\"http:\/\/www.ankarsrum.com\/se\">www.ankarsrum.com\/se<\/a> tai <a href=\"http:\/\/www.ankarsrum.com\/fi\">www.ankarsrum.com\/fi<\/a>. Tilattujen tuotteidesi toimitusta koskeva sopimus sinun ja Ankarsrum Kitchenin v\u00e4lill\u00e4 astuu voimaan, kun vastaanotat toimitusvahvistuksen.\r\n\r\nJotta voit tehd\u00e4 ostoksia Ankarsrum Kitchenin verkkokaupassa, sinun on oltava v\u00e4hint\u00e4\u00e4n 18-vuotias, et saa olla holhouksen alainen, ja sinulla on oltava laillinen kyky sopimuksen solmimiseen. Jos olet alle 18-vuotias, sinulla on oltava vanhempasi lupa tilauksen tekemiseen.\r\n\r\nPid\u00e4t\u00e4mme oikeuden muuttaa toimitusaikaa viiv\u00e4stysten sattuessa. Tilaus on voimassa vasta, kun tuotteen saatavuus ja tilaushinta on vahvistettu.\u00a0 Lis\u00e4ksi pid\u00e4t\u00e4mme oikeuden verkkosivuston p\u00e4ivitt\u00e4miseen teknisten virheiden, painovirheiden ja kirjoitusvirheiden osalta. Pid\u00e4t\u00e4mme oikeuden hintatiedoissa mahdollisesti olevien virheiden oikaisemiseen ennen tilauksen k\u00e4sittely\u00e4 ja hintatiedoissa mahdollisesti olevien ilmeisten virheiden oikaisemiseen viel\u00e4 tilauksen k\u00e4sittelyn j\u00e4lkeen.\r\n\r\nTietosuojailmoituksestamme voit lukea lis\u00e4\u00e4 siit\u00e4, miten Ankarsrum Kitchen hallinnoi ja k\u00e4sittelee henkil\u00f6tietojasi.\r\n\r\n<strong>Toimitus ja tilaus\r\n<\/strong>Kaikkien tilausten toimitus tapahtuu DHL:ll\u00e4. Pakettisi toimitetaan sinua l\u00e4hell\u00e4 olevaan noutopisteeseen. Toimitusvaihtoehtoihimme kuuluu toimitus l\u00e4himp\u00e4\u00e4n DHL-palvelupisteeseen. Nykyiset toimituskulut n\u00e4kyv\u00e4t verkkokassassa. Kuljetuksen aikana syntyneist\u00e4 vaurioista on ilmoitettava Ankarsrum Kitchenille v\u00e4litt\u00f6m\u00e4sti, viimeist\u00e4\u00e4n 7\u00a0p\u00e4iv\u00e4n kuluttua siit\u00e4, kun saaja on vastaanottanut paketin.\r\n\r\n<strong>Jos et nouda pakettiasi\r\n<\/strong>Pakettisi s\u00e4ilytysaika noutopisteess\u00e4 riippuu valitsemasi toimittajan s\u00e4\u00e4nn\u00f6ksist\u00e4. Jos pakettia ei ole noudettu s\u00e4ilytysajan puitteissa, se l\u00e4hetet\u00e4\u00e4n takaisin varastollemme. Jos olet maksanut tilauksesi, mutta et nouda sit\u00e4 ajoissa, palautamme sinulle automaattisesti tilaussumman (lukuun ottamatta toimituskuluja), kun olemme k\u00e4sitelleet toimituksesi.\r\n\r\nTilauksista, joita ei noudeta palvelupisteest\u00e4 tai joita ei voida toimittaa kotiin, veloitetaan ylim\u00e4\u00e4r\u00e4inen k\u00e4sittelykulu. K\u00e4sittelykulu on palvelupistetoimituksen osalta 15\u00a0Euro.\r\n\r\n<strong>Force Majeure\r\n<\/strong>Ankarsrum Kitchen ei vastaa n\u00e4iden ehtojen mukaisten velvoitteidemme t\u00e4ytt\u00e4m\u00e4tt\u00e4 j\u00e4tt\u00e4misest\u00e4 tai t\u00e4ytt\u00e4misen viiv\u00e4stymisest\u00e4, joka johtuu tapahtumista, joihin emme pysty kohtuudella vaikuttamaan, tai jos velvoitteiden t\u00e4ytt\u00e4minen edellytt\u00e4isi uhrauksia, jotka ovat kohtuuttomia verrattuna asiakkaalle siit\u00e4 koituvaan etuun. Asiakkaalla ei my\u00f6sk\u00e4\u00e4n ole oikeutta korvaukseen vahingosta, joka h\u00e4nelle aiheutuu Ankarsrum Kitchenin viiv\u00e4styksen tai virheen vuoksi, jos viiv\u00e4stys tai virhe johtuu esteest\u00e4, joka on Ankarsrum Kitchenin vaikutusmahdollisuuksien ulkopuolella ja jonka seurauksia Ankarsrum Kitchen ei olisi kohtuudella voinut v\u00e4ltt\u00e4\u00e4.\r\n\r\n<strong>Tilausvahvistus\r\n<\/strong>Kun olet tehnyt tilauksen, l\u00e4het\u00e4mme sinulle tilausvahvistuksen s\u00e4hk\u00f6postitse. Jos et ole saanut tilausvahvistusta, tarkista, ett\u00e4 olet antanut oikean s\u00e4hk\u00f6postiosoitteen ja ettei tilausvahvistus ole mennyt roskapostikansioon. Jos et viel\u00e4k\u00e4\u00e4n l\u00f6yd\u00e4 tilausvahvistusta, ota yhteytt\u00e4 Ankarsrum Kitchenin asiakaspalveluun, niin l\u00e4het\u00e4mme sen uudelleen.\r\n\r\n<strong>Palautus\r\n<\/strong>Ankarsrum Kitchen AB tarjoaa 30\u00a0p\u00e4iv\u00e4n maksuttoman palautuksen. T\u00e4m\u00e4 tarkoittaa, ett\u00e4 sinulla kuluttajana on oikeus peruuttaa ostoksesi kolmenkymmenen (30) p\u00e4iv\u00e4n ajan tilauksesta.\r\n\r\nIlmoita palautuksesta <a href=\"https:\/\/www.ankarsrum.com\/se\/returns\/\">palautussivullamme<\/a> ja t\u00e4yt\u00e4 pyydetyt tiedot. Ankarsrum Kitchen maksaa palautuskulut. Sin\u00e4 olet asiakkaana vastuussa siit\u00e4, ett\u00e4 l\u00e4het\u00e4t tuotteen takaisin alkuper\u00e4isess\u00e4 pakkauksessaan ja samassa moitteettomassa kunnossa kuin miss\u00e4 vastaanotit sen. Poikkeamat t\u00e4st\u00e4 voivat johtaa ostohinnan alennukseen, mik\u00e4li kuljetuksen aikana tai tuotetta puhdistettaessa on syntynyt vaurioita tai mik\u00e4li osia puuttuu. T\u00e4m\u00e4n lis\u00e4ksi sovelletaan peruuttamisoikeuden ehtoja.\r\n\r\n<strong>Peruutusoikeus\r\n<\/strong>Sinulla on asiakkaana (yksityishenkil\u00f6n\u00e4) oikeus peruuttaa tilauksesi nelj\u00e4ntoista (14) p\u00e4iv\u00e4n kuluessa Ruotsin et\u00e4sopimuksista ja elinkeinonharjoittajan toimitilojen ulkopuolella tehdyist\u00e4 sopimuksista annetun lain mukaisesti (lag om distansavtal och avtal utanf\u00f6r aff\u00e4rslokaler, 2005:59). Peruuttamisaika alkaa seuraavasta p\u00e4iv\u00e4st\u00e4 lukien siit\u00e4 p\u00e4iv\u00e4st\u00e4, kun kuluttaja on vastaanottanut tuotteen.\r\n\r\nVoit k\u00e4ytt\u00e4\u00e4 peruutusoikeutesi ottamalla yhteytt\u00e4 Ankarsrum Kitcheniin joko suullisesti tai kirjallisesti nelj\u00e4ntoista (14) p\u00e4iv\u00e4n kuluessa tuotteesi vastaanottamisesta, joko soittamalla numeroon +46 (0) 490-52 000 tai l\u00e4hett\u00e4m\u00e4ll\u00e4 s\u00e4hk\u00f6postia osoitteeseen <a href=\"mailto:info@ankarsrum.com\">info@ankarsrum.com<\/a>.\r\n\r\nJos p\u00e4\u00e4t\u00e4t peruuttaa tilauksesi, tuote tulee l\u00e4hett\u00e4\u00e4 takaisin Ankarsrum Kitchenille nelj\u00e4ntoista (14) p\u00e4iv\u00e4n kuluessa siit\u00e4, kun ilmoitit Ankarsrum Kitchenille peruutuksestasi. Palautamme maksusi nelj\u00e4ntoista (14) p\u00e4iv\u00e4n kuluessa siit\u00e4, kun olemme saaneet peruutusilmoituksesi. Meill\u00e4 on oikeus viiv\u00e4stytt\u00e4\u00e4 maksun palautusta siihen asti, ett\u00e4 olemme vastaanottaneet palautettavat tuotteet. Suoritamme maksun palautuksen samalla maksutavalla, jolla tilaus on alun perin tehty.\r\n\r\nAnkarsrum Kitchen ei ole vastuussa tuotteesta sin\u00e4 aikana, kun se kuljetetaan asiakkaan peruutusoikeuden puitteissa l\u00e4hett\u00e4m\u00e4n\u00e4 takaisin Ankarsrum Kitchenille. Pakkaa tuotteet huolellisesti ja l\u00e4het\u00e4 ne meille pakettina. Pid\u00e4 seurantanumero tallessa, kunnes maksusi on palautettu tai olet saanut meilt\u00e4 yhteydenoton.\r\n\r\nTuotteet tulee palauttaa alkuper\u00e4isiss\u00e4 pakkauksissaan ja samassa kunnossa kuin miss\u00e4 vastaanotit ne. Ankarsrum Kitchenill\u00e4 on oikeus peri\u00e4 asiakkaalta maksu tuotteiden palauttamisesta alkuper\u00e4iseen kuntoonsa.\r\n\r\n<strong>Reklamaatiot\r\n<\/strong>Jokainen laite k\u00e4y l\u00e4pi laatutarkastuksen, ennen kuin se l\u00e4hetet\u00e4\u00e4n sinulle kuluttajana. Jos tilaamasi tuote on laatutarkastuksesta huolimatta rikki tai virheellinen vastaanottaessasi sen, sinulla on kuluttajana (ei yrityksen\u00e4) oikeus reklamoida alkuper\u00e4isvioista kolmen (3) vuoden kuluessa siit\u00e4 p\u00e4iv\u00e4st\u00e4, jona ostit tuotteen. Jos haluat reklamoida tilaamassasi tuotteessa havaitsemastasi viasta, ota yhteytt\u00e4 Ankarsrum Kitchenin asiakaspalveluun mahdollisimman nopeasti vian havaitsemisen j\u00e4lkeen:\r\n\r\nAnkarsrum Kitchen AB\r\nLysingsv\u00e4gen 18\r\nSE-593 53 V\u00e4stervik\r\nSverige\r\n\r\nPuhelin: +46 (0) 490-52\u00a0000\r\nS\u00e4hk\u00f6posti:\u00a0<a href=\"mailto:info@ankarsrum.com\">info@ankarsrum.com<\/a>\r\n\r\nKahdenkymmenennelj\u00e4n (24) kuukauden ajan tuotteen ostosta on Ankarsrum Kitchenin vastuulla todistaa, ett\u00e4 tuotteessa on alkuper\u00e4inen vika. T\u00e4m\u00e4n ajanjakson j\u00e4lkeen siihen saakka, kun reklamaatio-oikeus vanhenee kolmen (3) vuoden kuluttua ostosta, todistustaakka on kuluttajalla.\r\n\r\n<strong>J\u00e4lleenmyyjilt\u00e4 ostetut tuotteet\r\n<\/strong>Jos haluat reklamoida tai palauttaa Ankarsrum-tuotteen, jonka olet ostanut j\u00e4lleenmyyj\u00e4lt\u00e4mme, ota yhteytt\u00e4 kyseiseen j\u00e4lleenmyyj\u00e4\u00e4n. J\u00e4lleenmyyj\u00e4n tiedot l\u00f6ytyv\u00e4t tilausvahvistuksesta. Voit tutustua j\u00e4lleenmyyj\u00e4luetteloomme t\u00e4\u00e4ll\u00e4: <a href=\"https:\/\/www.ankarsrum.com\/distributors\/\">https:\/\/www.ankarsrum.com\/distributors\/<\/a>.\r\n\r\nAnkarsrum Kitchen ei k\u00e4sittele reklamaatioita tai palautuksia, jotka koskevat tuotteita, joita ei ole ostettu suoraan meilt\u00e4 sivustolta <a href=\"http:\/\/www.ankarsrum.com\/se\">www.ankarsrum.com\/se<\/a> tai <u>www.ankarsrum.com\/fi<\/u>.\r\n\r\nMik\u00e4li reklamaatio tai palautus tehd\u00e4\u00e4n jollekin j\u00e4lleenmyyjist\u00e4mme, reklamaatio- ja palautusaika ovat samat kuin ostaessasi tuotteita suoraan meilt\u00e4. Asiakkaana sinulla on 30\u00a0p\u00e4iv\u00e4n palautusoikeus ja kolmen vuoden reklamaatio-oikeus alkuper\u00e4isist\u00e4 vioista siit\u00e4 p\u00e4iv\u00e4st\u00e4 alkaen, kun ostit tuotteen j\u00e4lleenmyyj\u00e4lt\u00e4, ellei kansallinen lains\u00e4\u00e4d\u00e4nt\u00f6 toisin m\u00e4\u00e4r\u00e4\u00e4.\r\n\r\n<strong>Takuuehdot\r\n<\/strong>Laitemallilla AKM6230 (1\u00a0500 watin moottori) on seitsem\u00e4n (7) vuoden tehdastakuu, joka kattaa laitteen lukuun ottamatta ter\u00e4skulhoa ja muita lis\u00e4osia. Vanhemmilla malleilla on viiden (5) vuoden tehdastakuu, joka kattaa laitteen lukuun ottamatta ter\u00e4skulhoa ja muita lis\u00e4osia.\r\n\r\nTakuu koskee vain laitteita, joita on k\u00e4ytetty kotioloissa ja k\u00e4ytt\u00f6ohjeita noudattaen. Takuu ei kata kuljetuksen aikana tulleita vaurioita. Takuu ei p\u00e4de, mik\u00e4li laitetta on k\u00e4ytetty virheellisesti tai huolimattomasti tai kaupallisessa tarkoituksessa. Takuu ei my\u00f6sk\u00e4\u00e4n p\u00e4de, mik\u00e4li laitetta on huollettu v\u00e4\u00e4rin. Laitetta ei saa k\u00e4ytt\u00e4\u00e4 muuhun kuin sen tarkoitettuun k\u00e4ytt\u00f6tarkoitukseen. Takuun voimassa olemiseksi laitetta ei saa avata eik\u00e4 korjaustoimia saa suorittaa kukaan muu kuin Ankarsrum Kitchenin henkil\u00f6kunnan j\u00e4sen tai valtuutetun huoltopisteen ty\u00f6ntekij\u00e4.\r\n\r\nJos laitetta k\u00e4ytet\u00e4\u00e4n muualla kuin kotioloissa, esimerkiksi kevyess\u00e4 teollisuudessa, maatilalla tai bed-and-breakfast-majoituspaikassa (IEC-standardi 60335-2-14 \u00a71), takuuaika rajoittuu yhteen (1) vuoteen. Takuu on voimassa vain, jos laitteen k\u00e4yt\u00f6ss\u00e4 on noudatettu sen mukana toimitettuja k\u00e4ytt\u00f6- ja turvallisuusohjeita.\r\n\r\n<strong>Takuu- ja reklamaatiokulut<\/strong>\r\nMik\u00e4li reklamaatiosi hyv\u00e4ksyt\u00e4\u00e4n, Ankarsrum Kitchen maksaa palautuskulut puolestasi. Jos reklamaatiota ei hyv\u00e4ksyt\u00e4 tai jos k\u00e4yt\u00e4t peruutusoikeuttasi, maksat palautuskulut itse.\r\n\r\nJos tuotteet todetaan virheett\u00f6miksi takuuta haettaessa tai reklamaation j\u00e4lkeen, perimme toimituskuluina ja tutkintamaksuna yhteens\u00e4 875\u00a0Ruotsin kruunua.\r\n\r\n<strong>Maksu ja hinnat<\/strong>\r\n<strong>\r\n<em>Turvallinen maksu\r\n<\/em><\/strong>Ostosten tekeminen Ankarsrum Kitchenin verkkokaupassa on turvallista ja helppoa. Voit valita, haluatko maksaa laskulla (Klarna), osamaksulla (Klarna-tili) vai pankki- tai luottokortilla (Visa tai Mastercard\/Eurocard). Lue lis\u00e4\u00e4 eri maksuvaihtoehdoista seuraavien otsikoiden alta.\r\n\r\n<strong><em>Korttimaksu\r\n<\/em><\/strong>Jos sinulla on Visan tai Mastercardin my\u00f6nt\u00e4m\u00e4 pankki-\/luottokortti, voit maksaa ostoksesi sill\u00e4. Kun valitset t\u00e4m\u00e4n maksutavan, summa varataan luottokortiltasi tilaushetkell\u00e4. Veloitamme summan vasta, kun l\u00e4het\u00e4mme tilauksesi sinulle.\r\n\r\n<strong><em>Lasku\r\n<\/em><\/strong>Jos valitset maksutavaksi laskun, laskutuksesta vastaava kumppanimme Klarna AB l\u00e4hett\u00e4\u00e4 laskun sinulle s\u00e4hk\u00f6postitse. Klarna suorittaa yksinkertaistetun luottoarvion, josta ei l\u00e4hetet\u00e4 kopiota sinulle. Kun valitset maksutavaksi laskun, tilatut tuotteet toimitetaan v\u00e4est\u00f6rekisteriss\u00e4 olevaan osoitteeseesi. <u>T\u00e4\u00e4lt\u00e4<\/u> voit lukea lis\u00e4\u00e4 Klarnan ehdoista koskien laskua maksutapana.\r\n\r\n<strong><em>Osamaksu (Klarna-tili)<\/em><\/strong>\r\nJos valitset maksutavaksi osamaksun, voit itse p\u00e4\u00e4tt\u00e4\u00e4, kuinka suuren summan maksat kuukausittain. Osamaksusta vastaa kumppanimme Klarna AB. Kun valitset maksutavaksi osamaksun, tilatut tuotteet toimitetaan v\u00e4est\u00f6rekisteriss\u00e4 olevaan osoitteeseesi. T\u00e4\u00e4lt\u00e4 voit lukea lis\u00e4\u00e4 Klarnan ehdoista koskien osamaksua maksutapana.\r\n\r\n<strong><em>Hinnat\r\n<\/em><\/strong>Kaikki hinnat sivustoilla <a href=\"http:\/\/www.ankarsrum.com\/se\">www.ankarsrum.com\/se<\/a> ja <u>www.ankarsrum.com\/fi<\/u> ilmoitetaan Ruotsin kruunuissa (SEK) ja euroissa (EUR). Hinnat sis\u00e4lt\u00e4v\u00e4t arvonlis\u00e4veron, joka n\u00e4kyy eriteltyn\u00e4 tilausvahvistuksessa\/kuitissa.\r\n\r\nL\u00f6yd\u00e4t j\u00e4lleenmyyjiemme hinta- ja valuuttatiedot kunkin j\u00e4lleenmyyj\u00e4n omalta verkkosivustolta.\r\n\r\n<strong>Muutos\/peruutus\r\n<\/strong>Jos haluat muuttaa tilaustasi tai peruuttaa sen, ota mahdollisimman pian yhteytt\u00e4 Ankarsrum Kitcheniin joko l\u00e4hett\u00e4m\u00e4ll\u00e4 s\u00e4hk\u00f6postia osoitteeseen order@ankarsrum.com tai soittamalla numeroon +46\u00a0(0)\u00a0490-52\u00a0000. Ilmoita aina tilausnumerosi. Pid\u00e4t\u00e4mme oikeuden ev\u00e4t\u00e4 muutos- tai peruutuspyynn\u00f6n.\r\n\r\n<strong>Tuotetiedot ja -kuvat<\/strong>\r\nJos kaipaat lis\u00e4tietoja jostakin tuotteesta, ota yhteytt\u00e4 asiakaspalveluumme.\r\n\r\nAnkarsrum Kitchen omistaa kaiken sis\u00e4ll\u00f6n verkkosivustolla www.ankarsrum.com. Tietoja suojaavat mm. immateriaali- ja markkinaoikeudelliset lait. T\u00e4m\u00e4 tarkoittaa sit\u00e4, ett\u00e4 tavaramerkkej\u00e4, liikenime\u00e4, tuotteiden nimi\u00e4, kuvia, grafiikoita, designia, taittoa, tietoja tuotteista ja palveluista sek\u00e4 muuta sis\u00e4lt\u00f6\u00e4 ei saa kopioida tai k\u00e4ytt\u00e4\u00e4 ilman Ankarsrum Kitchenlt\u00e4 etuk\u00e4teen saatua kirjallista suostumusta.\r\n\r\n<strong>Sovellettava laki ja kiistat\r\n<\/strong>Kiistat ratkaistaan joko Ruotsin yleisess\u00e4 kuluttajalautakunnassa (Allm\u00e4nna reklamationsn\u00e4mnden, ARN) tai Euroopan komission verkkov\u00e4litteisell\u00e4 riidanratkaisufoorumilla (ODR), tai viime k\u00e4dess\u00e4 yleisess\u00e4 tuomioistuimessa.\r\n\r\nN\u00e4it\u00e4 k\u00e4ytt\u00f6ehtoja tulkitaan Ruotsin lain mukaisesti.\r\n\r\n<strong><em>Allm\u00e4nna reklamationsn\u00e4mnden\r\n<\/em><\/strong><em>www.arn.se<\/em><em>\r\nBox 174\r\n101 23 Stockholm<\/em>\r\n\r\n<em>EU:n verkkov\u00e4litteinen riidanratkaisufoorumi (ODR)<\/em>\r\nEuroopan komission perustama verkkov\u00e4litteinen riidanratkaisufoorumi pyrkii tekem\u00e4\u00e4n verkko-ostosten tekemisest\u00e4 turvallisempaa ja reilumpaa. Jos sijaitset EU-alueella, Norjassa, Islannissa tai Liechtensteinissa, voit kuluttajana k\u00e4ytt\u00e4\u00e4 foorumia l\u00f6yt\u00e4\u00e4ksesi parhaan ratkaisun ongelmaasi, neuvotellaksesi ratkaisusta suoraan meid\u00e4n kanssamme tai antaaksesi tapauksesi riidanratkaisuelimen k\u00e4sitelt\u00e4v\u00e4ksi.\r\n\r\nODR ei ole sidoksissa Ankarsrum Kitcheniin. Voit k\u00e4ytt\u00e4\u00e4 ODR-foorumia kaikilla Euroopan unionin kielill\u00e4 sek\u00e4 islanniksi ja norjaksi. Lue lis\u00e4\u00e4 ODR:st\u00e4 t\u00e4\u00e4lt\u00e4: <u>http:\/\/ec.europa.eu\/consumers\/odr<\/u>\r\n\r\n<strong>Muutokset n\u00e4ihin ehtoihin\r\n<\/strong>Ankarsrum Kitchen pid\u00e4tt\u00e4\u00e4 oikeuden tehd\u00e4 muutoksia k\u00e4ytt\u00f6ehtoihin. K\u00e4ytt\u00f6ehtoihin tehdyist\u00e4 muutoksista ilmoitetaan sivustolla www.ankarsrum.com\/fi. Voimassa olevat ehdot l\u00f6ytyv\u00e4t osoitteesta <a href=\"https:\/\/www.ankarsrum.com\/fi\/ostoehdot\/\">https:\/\/www.ankarsrum.com\/fi\/ostoehdot\/<\/a>\r\n\r\n<strong>Ankarsrum Kitchen AB:n asiakaspalvelu<\/strong>\r\nOta yhteytt\u00e4 Ankarsrum Kitchenin asiakaspalveluun, jos sinulla on kysytt\u00e4v\u00e4\u00e4 ehdoistamme \u2013 tai jos vaikkapa kaipaat vinkkej\u00e4 sopivan tuotteen valintaan. Asiakaspalvelun yhteystiedot l\u00f6ytyv\u00e4t alta.\r\nPuhelin: +46 (0) 490-52\u00a0000\r\n\r\nS\u00e4hk\u00f6posti: <a href=\"mailto:info@ankarsrum.com\">info@ankarsrum.com<\/a>","protected":false},"excerpt":{"rendered":"<p>Tietoja Ankarsrum Kitchen AB:st\u00e4. www.ankarsrum.com\/se. www.ankarsrum.com\/fi. Asiakaspalvelu. Puhelin:. <\/p>\n","protected":false},"author":23,"featured_media":0,"parent":0,"menu_order":0,"comment_status":"closed","ping_status":"closed","template":"","meta":{"_acf_changed":false,"content-type":"","editor_notices":[],"footnotes":""},"class_list":["post-12331","page","type-page","status-publish","hentry"],"acf":[],"yoast_head":"<!-- This site is optimized with the Yoast SEO Premium plugin v26.6 (Yoast SEO v26.6) - https:\/\/yoast.com\/wordpress\/plugins\/seo\/ -->\n<title>Ostoehdot - Ankarsrum Finland<\/title>\n<meta name=\"robots\" content=\"index, follow, max-snippet:-1, max-image-preview:large, max-video-preview:-1\" \/>\n<link rel=\"canonical\" href=\"https:\/\/www.ankarsrum.com\/fi\/ostoehdot\/\" \/>\n<meta property=\"og:locale\" content=\"fi_FI\" \/>\n<meta property=\"og:type\" content=\"article\" \/>\n<meta property=\"og:title\" content=\"Ostoehdot\" \/>\n<meta property=\"og:description\" content=\"Tietoja Ankarsrum Kitchen AB:st\u00e4. www.ankarsrum.com\/se. www.ankarsrum.com\/fi. Asiakaspalvelu. Puhelin:.\" \/>\n<meta property=\"og:url\" content=\"https:\/\/www.ankarsrum.com\/fi\/ostoehdot\/\" \/>\n<meta property=\"og:site_name\" content=\"Ankarsrum Finland\" \/>\n<meta property=\"article:modified_time\" content=\"2024-10-30T09:48:38+00:00\" \/>\n<meta name=\"twitter:card\" content=\"summary_large_image\" \/>\n<meta name=\"twitter:label1\" content=\"Arvioitu lukuaika\" \/>\n\t<meta name=\"twitter:data1\" content=\"7 minuuttia\" \/>\n<script type=\"application\/ld+json\" class=\"yoast-schema-graph\">{\"@context\":\"https:\/\/schema.org\",\"@graph\":[{\"@type\":\"WebPage\",\"@id\":\"https:\/\/www.ankarsrum.com\/fi\/ostoehdot\/\",\"url\":\"https:\/\/www.ankarsrum.com\/fi\/ostoehdot\/\",\"name\":\"Ostoehdot - Ankarsrum Finland\",\"isPartOf\":{\"@id\":\"https:\/\/www.ankarsrum.com\/fi\/#website\"},\"datePublished\":\"2022-09-20T14:43:28+00:00\",\"dateModified\":\"2024-10-30T09:48:38+00:00\",\"breadcrumb\":{\"@id\":\"https:\/\/www.ankarsrum.com\/fi\/ostoehdot\/#breadcrumb\"},\"inLanguage\":\"fi\",\"potentialAction\":[{\"@type\":\"ReadAction\",\"target\":[\"https:\/\/www.ankarsrum.com\/fi\/ostoehdot\/\"]}]},{\"@type\":\"BreadcrumbList\",\"@id\":\"https:\/\/www.ankarsrum.com\/fi\/ostoehdot\/#breadcrumb\",\"itemListElement\":[{\"@type\":\"ListItem\",\"position\":1,\"name\":\"Home\",\"item\":\"https:\/\/www.ankarsrum.com\/fi\/\"},{\"@type\":\"ListItem\",\"position\":2,\"name\":\"Ostoehdot\"}]},{\"@type\":\"WebSite\",\"@id\":\"https:\/\/www.ankarsrum.com\/fi\/#website\",\"url\":\"https:\/\/www.ankarsrum.com\/fi\/\",\"name\":\"Ankarsrum Finland\",\"description\":\"The bread of the world\",\"potentialAction\":[{\"@type\":\"SearchAction\",\"target\":{\"@type\":\"EntryPoint\",\"urlTemplate\":\"https:\/\/www.ankarsrum.com\/fi\/?s={search_term_string}\"},\"query-input\":{\"@type\":\"PropertyValueSpecification\",\"valueRequired\":true,\"valueName\":\"search_term_string\"}}],\"inLanguage\":\"fi\"}]}<\/script>\n<!-- \/ Yoast SEO Premium plugin. -->","yoast_head_json":{"title":"Ostoehdot - Ankarsrum Finland","robots":{"index":"index","follow":"follow","max-snippet":"max-snippet:-1","max-image-preview":"max-image-preview:large","max-video-preview":"max-video-preview:-1"},"canonical":"https:\/\/www.ankarsrum.com\/fi\/ostoehdot\/","og_locale":"fi_FI","og_type":"article","og_title":"Ostoehdot","og_description":"Tietoja Ankarsrum Kitchen AB:st\u00e4. www.ankarsrum.com\/se. www.ankarsrum.com\/fi. Asiakaspalvelu. Puhelin:.","og_url":"https:\/\/www.ankarsrum.com\/fi\/ostoehdot\/","og_site_name":"Ankarsrum Finland","article_modified_time":"2024-10-30T09:48:38+00:00","twitter_card":"summary_large_image","twitter_misc":{"Arvioitu lukuaika":"7 minuuttia"},"schema":{"@context":"https:\/\/schema.org","@graph":[{"@type":"WebPage","@id":"https:\/\/www.ankarsrum.com\/fi\/ostoehdot\/","url":"https:\/\/www.ankarsrum.com\/fi\/ostoehdot\/","name":"Ostoehdot - Ankarsrum Finland","isPartOf":{"@id":"https:\/\/www.ankarsrum.com\/fi\/#website"},"datePublished":"2022-09-20T14:43:28+00:00","dateModified":"2024-10-30T09:48:38+00:00","breadcrumb":{"@id":"https:\/\/www.ankarsrum.com\/fi\/ostoehdot\/#breadcrumb"},"inLanguage":"fi","potentialAction":[{"@type":"ReadAction","target":["https:\/\/www.ankarsrum.com\/fi\/ostoehdot\/"]}]},{"@type":"BreadcrumbList","@id":"https:\/\/www.ankarsrum.com\/fi\/ostoehdot\/#breadcrumb","itemListElement":[{"@type":"ListItem","position":1,"name":"Home","item":"https:\/\/www.ankarsrum.com\/fi\/"},{"@type":"ListItem","position":2,"name":"Ostoehdot"}]},{"@type":"WebSite","@id":"https:\/\/www.ankarsrum.com\/fi\/#website","url":"https:\/\/www.ankarsrum.com\/fi\/","name":"Ankarsrum Finland","description":"The bread of the world","potentialAction":[{"@type":"SearchAction","target":{"@type":"EntryPoint","urlTemplate":"https:\/\/www.ankarsrum.com\/fi\/?s={search_term_string}"},"query-input":{"@type":"PropertyValueSpecification","valueRequired":true,"valueName":"search_term_string"}}],"inLanguage":"fi"}]}},"_links":{"self":[{"href":"https:\/\/www.ankarsrum.com\/fi\/wp-json\/wp\/v2\/pages\/12331","targetHints":{"allow":["GET"]}}],"collection":[{"href":"https:\/\/www.ankarsrum.com\/fi\/wp-json\/wp\/v2\/pages"}],"about":[{"href":"https:\/\/www.ankarsrum.com\/fi\/wp-json\/wp\/v2\/types\/page"}],"author":[{"embeddable":true,"href":"https:\/\/www.ankarsrum.com\/fi\/wp-json\/wp\/v2\/users\/23"}],"replies":[{"embeddable":true,"href":"https:\/\/www.ankarsrum.com\/fi\/wp-json\/wp\/v2\/comments?post=12331"}],"version-history":[{"count":5,"href":"https:\/\/www.ankarsrum.com\/fi\/wp-json\/wp\/v2\/pages\/12331\/revisions"}],"predecessor-version":[{"id":18346,"href":"https:\/\/www.ankarsrum.com\/fi\/wp-json\/wp\/v2\/pages\/12331\/revisions\/18346"}],"wp:attachment":[{"href":"https:\/\/www.ankarsrum.com\/fi\/wp-json\/wp\/v2\/media?parent=12331"}],"curies":[{"name":"wp","href":"https:\/\/api.w.org\/{rel}","templated":true}]}}