{"id":1708,"date":"2018-12-28T14:10:55","date_gmt":"2018-12-28T14:10:55","guid":{"rendered":"https:\/\/www.ankarsrum.com\/?page_id=1708"},"modified":"2025-01-20T10:42:58","modified_gmt":"2025-01-20T10:42:58","slug":"register-your-machine","status":"publish","type":"page","link":"https:\/\/www.ankarsrum.com\/fi\/register-your-machine\/","title":{"rendered":"Rekister\u00f6i laitteesi"},"content":{"rendered":"\n<div class=\"wp-block-cover alignfull is-light\" style=\"min-height:370px;aspect-ratio:unset;\"><span aria-hidden=\"true\" class=\"wp-block-cover__background has-base-900-background-color has-background-dim-40 has-background-dim\"><\/span><img decoding=\"async\" class=\"wp-block-cover__image-background wp-image-42241\" alt=\"Vit Ankarsrum k\u00f6ksassistent \" src=\"https:\/\/www.ankarsrum.com\/se\/wp-content\/uploads\/sites\/11\/2023\/09\/ankarsrum-liggande.jpg\" style=\"object-position:56% 51%\" data-object-fit=\"cover\" data-object-position=\"56% 51%\"\/><div class=\"wp-block-cover__inner-container is-layout-flow wp-block-cover-is-layout-flow\">\n<h1 class=\"wp-block-heading has-text-align-center\" id=\"h-rekisteroi-laitteesi\"><strong><strong>Rekister\u00f6i laitteesi<\/strong><\/strong><\/h1>\n\n\n\n<div class=\"wp-block-columns is-layout-flex wp-container-core-columns-is-layout-28f84493 wp-block-columns-is-layout-flex\">\n<div class=\"wp-block-column is-layout-flow wp-block-column-is-layout-flow\" style=\"flex-basis:25%\"><\/div>\n\n\n\n<div class=\"wp-block-column is-layout-flow wp-block-column-is-layout-flow\" style=\"flex-basis:50%\">\n<p class=\"has-text-align-center\">ANKARSRUM\u00ae Assistent Original on edustanut ruotsalaista muotoilua vuodesta 1940 asti. AKM6230-laitteella on 7 vuoden tehdastakuu, joka kattaa laitteen lukuun ottamatta ruostumattomasta ter\u00e4ksest\u00e4 valmistettua kulhoa ja muita lis\u00e4osia.<\/p>\n<\/div>\n\n\n\n<div class=\"wp-block-column is-layout-flow wp-block-column-is-layout-flow\" style=\"flex-basis:25%\"><\/div>\n<\/div>\n<\/div><\/div>\n\n\n\n<div style=\"height:69px\" aria-hidden=\"true\" class=\"wp-block-spacer\"><\/div>\n\n\n\n<div class=\"wp-block-columns alignwide is-layout-flex wp-container-core-columns-is-layout-28f84493 wp-block-columns-is-layout-flex\">\n<div class=\"wp-block-column is-layout-flow wp-block-column-is-layout-flow\" style=\"flex-basis:25%\"><\/div>\n\n\n\n<div class=\"wp-block-column is-layout-flow wp-block-column-is-layout-flow\" style=\"flex-basis:50%\">\n<div class=\"wp-block-leadin-hubspot-form-block\">\n\t\t\t\t\t\t<script>\n\t\t\t\t\t\t\twindow.hsFormsOnReady = window.hsFormsOnReady || [];\n\t\t\t\t\t\t\twindow.hsFormsOnReady.push(()=>{\n\t\t\t\t\t\t\t\thbspt.forms.create({\n\t\t\t\t\t\t\t\t\tportalId: 145411780,\n\t\t\t\t\t\t\t\t\tformId: \"179d98cd-c2f3-468a-bfc7-1152738b21f1\",\n\t\t\t\t\t\t\t\t\ttarget: \"#hbspt-form-1776426640000-1941929198\",\n\t\t\t\t\t\t\t\t\tregion: \"eu1\",\n\t\t\t\t\t\t\t\t\t\n\t\t\t\t\t\t\t})});\n\t\t\t\t\t\t<\/script>\n\t\t\t\t\t\t<div class=\"hbspt-form\" id=\"hbspt-form-1776426640000-1941929198\"><\/div><\/div>\n\n\n\n<div style=\"height:49px\" aria-hidden=\"true\" class=\"wp-block-spacer\"><\/div>\n<\/div>\n\n\n\n<div class=\"wp-block-column is-layout-flow wp-block-column-is-layout-flow\" style=\"flex-basis:25%\"><\/div>\n<\/div>\n","protected":false},"excerpt":{"rendered":"<p>Rekister\u00f6i laitteesi. ANKARSRUM\u00ae Assistent Original on edustanut ruotsalaista muotoilua vuodesta 1940 asti. AKM6230-laitteella on 7 vuoden tehdastakuu joka kattaa laitteen&hellip;<\/p>\n","protected":false},"author":224,"featured_media":3384,"parent":0,"menu_order":0,"comment_status":"closed","ping_status":"closed","template":"","meta":{"_acf_changed":false,"content-type":"","editor_notices":[],"footnotes":""},"class_list":["post-1708","page","type-page","status-publish","has-post-thumbnail","hentry"],"acf":[],"yoast_head":"<!-- This site is optimized with the Yoast SEO Premium plugin v26.6 (Yoast SEO v26.6) - https:\/\/yoast.com\/wordpress\/plugins\/seo\/ -->\n<title>Rekister\u00f6i laitteesi - Ankarsrum Finland<\/title>\n<meta name=\"robots\" content=\"index, follow, max-snippet:-1, max-image-preview:large, max-video-preview:-1\" \/>\n<link rel=\"canonical\" href=\"https:\/\/www.ankarsrum.com\/fi\/register-your-machine\/\" \/>\n<meta property=\"og:locale\" content=\"fi_FI\" \/>\n<meta property=\"og:type\" content=\"article\" \/>\n<meta property=\"og:title\" content=\"Rekister\u00f6i laitteesi\" \/>\n<meta property=\"og:description\" content=\"Rekister\u00f6i laitteesi. ANKARSRUM\u00ae Assistent Original on edustanut ruotsalaista muotoilua vuodesta 1940 asti. AKM6230-laitteella on 7 vuoden tehdastakuu joka kattaa laitteen&hellip;\" \/>\n<meta property=\"og:url\" content=\"https:\/\/www.ankarsrum.com\/fi\/register-your-machine\/\" \/>\n<meta property=\"og:site_name\" content=\"Ankarsrum Finland\" \/>\n<meta property=\"article:modified_time\" content=\"2025-01-20T10:42:58+00:00\" \/>\n<meta property=\"og:image\" content=\"https:\/\/www.ankarsrum.com\/fi\/wp-content\/uploads\/sites\/57\/2019\/11\/GarantiEmblem-7-Years_CMYK.png\" \/>\n\t<meta property=\"og:image:width\" content=\"800\" \/>\n\t<meta property=\"og:image:height\" content=\"630\" \/>\n\t<meta property=\"og:image:type\" content=\"image\/png\" \/>\n<meta name=\"twitter:card\" content=\"summary_large_image\" \/>\n<meta name=\"twitter:label1\" content=\"Arvioitu lukuaika\" \/>\n\t<meta name=\"twitter:data1\" content=\"1 minuutti\" \/>\n<script type=\"application\/ld+json\" class=\"yoast-schema-graph\">{\"@context\":\"https:\/\/schema.org\",\"@graph\":[{\"@type\":\"WebPage\",\"@id\":\"https:\/\/www.ankarsrum.com\/fi\/register-your-machine\/\",\"url\":\"https:\/\/www.ankarsrum.com\/fi\/register-your-machine\/\",\"name\":\"Rekister\u00f6i laitteesi - Ankarsrum Finland\",\"isPartOf\":{\"@id\":\"https:\/\/www.ankarsrum.com\/fi\/#website\"},\"primaryImageOfPage\":{\"@id\":\"https:\/\/www.ankarsrum.com\/fi\/register-your-machine\/#primaryimage\"},\"image\":{\"@id\":\"https:\/\/www.ankarsrum.com\/fi\/register-your-machine\/#primaryimage\"},\"thumbnailUrl\":\"https:\/\/www.ankarsrum.com\/img-srv\/SE0-t03O9SslDR3IxBAWGLiRkLMvm8HtESCPdCoAv2M\/resizing_type:auto\/width:0\/height:0\/gravity:sm\/enlarge:1\/ext:webp\/strip_metadata:1\/quality:90\/cachebuster:filesize-44830\/bG9jYWw6Ly8vd3d3LmFua2Fyc3J1bS5jb20vd3AtY29udGVudC91cGxvYWRzL3NpdGVzLzU3LzIwMTkvMTEvR2FyYW50aUVtYmxlbS03LVllYXJzX0NNWUsucG5n.webp\",\"datePublished\":\"2018-12-28T14:10:55+00:00\",\"dateModified\":\"2025-01-20T10:42:58+00:00\",\"breadcrumb\":{\"@id\":\"https:\/\/www.ankarsrum.com\/fi\/register-your-machine\/#breadcrumb\"},\"inLanguage\":\"fi\",\"potentialAction\":[{\"@type\":\"ReadAction\",\"target\":[\"https:\/\/www.ankarsrum.com\/fi\/register-your-machine\/\"]}]},{\"@type\":\"ImageObject\",\"inLanguage\":\"fi\",\"@id\":\"https:\/\/www.ankarsrum.com\/fi\/register-your-machine\/#primaryimage\",\"url\":\"https:\/\/www.ankarsrum.com\/img-srv\/SE0-t03O9SslDR3IxBAWGLiRkLMvm8HtESCPdCoAv2M\/resizing_type:auto\/width:0\/height:0\/gravity:sm\/enlarge:1\/ext:webp\/strip_metadata:1\/quality:90\/cachebuster:filesize-44830\/bG9jYWw6Ly8vd3d3LmFua2Fyc3J1bS5jb20vd3AtY29udGVudC91cGxvYWRzL3NpdGVzLzU3LzIwMTkvMTEvR2FyYW50aUVtYmxlbS03LVllYXJzX0NNWUsucG5n.webp\",\"contentUrl\":\"https:\/\/www.ankarsrum.com\/img-srv\/SE0-t03O9SslDR3IxBAWGLiRkLMvm8HtESCPdCoAv2M\/resizing_type:auto\/width:0\/height:0\/gravity:sm\/enlarge:1\/ext:webp\/strip_metadata:1\/quality:90\/cachebuster:filesize-44830\/bG9jYWw6Ly8vd3d3LmFua2Fyc3J1bS5jb20vd3AtY29udGVudC91cGxvYWRzL3NpdGVzLzU3LzIwMTkvMTEvR2FyYW50aUVtYmxlbS03LVllYXJzX0NNWUsucG5n.webp\",\"width\":800,\"height\":800},{\"@type\":\"BreadcrumbList\",\"@id\":\"https:\/\/www.ankarsrum.com\/fi\/register-your-machine\/#breadcrumb\",\"itemListElement\":[{\"@type\":\"ListItem\",\"position\":1,\"name\":\"Home\",\"item\":\"https:\/\/www.ankarsrum.com\/fi\/\"},{\"@type\":\"ListItem\",\"position\":2,\"name\":\"Rekister\u00f6i laitteesi\"}]},{\"@type\":\"WebSite\",\"@id\":\"https:\/\/www.ankarsrum.com\/fi\/#website\",\"url\":\"https:\/\/www.ankarsrum.com\/fi\/\",\"name\":\"Ankarsrum Finland\",\"description\":\"The bread of the world\",\"potentialAction\":[{\"@type\":\"SearchAction\",\"target\":{\"@type\":\"EntryPoint\",\"urlTemplate\":\"https:\/\/www.ankarsrum.com\/fi\/?s={search_term_string}\"},\"query-input\":{\"@type\":\"PropertyValueSpecification\",\"valueRequired\":true,\"valueName\":\"search_term_string\"}}],\"inLanguage\":\"fi\"}]}<\/script>\n<!-- \/ Yoast SEO Premium plugin. -->","yoast_head_json":{"title":"Rekister\u00f6i laitteesi - Ankarsrum Finland","robots":{"index":"index","follow":"follow","max-snippet":"max-snippet:-1","max-image-preview":"max-image-preview:large","max-video-preview":"max-video-preview:-1"},"canonical":"https:\/\/www.ankarsrum.com\/fi\/register-your-machine\/","og_locale":"fi_FI","og_type":"article","og_title":"Rekister\u00f6i laitteesi","og_description":"Rekister\u00f6i laitteesi. ANKARSRUM\u00ae Assistent Original on edustanut ruotsalaista muotoilua vuodesta 1940 asti. AKM6230-laitteella on 7 vuoden tehdastakuu joka kattaa laitteen&hellip;","og_url":"https:\/\/www.ankarsrum.com\/fi\/register-your-machine\/","og_site_name":"Ankarsrum Finland","article_modified_time":"2025-01-20T10:42:58+00:00","og_image":[{"width":800,"height":630,"url":"https:\/\/www.ankarsrum.com\/fi\/wp-content\/uploads\/sites\/57\/2019\/11\/GarantiEmblem-7-Years_CMYK.png","type":"image\/png"}],"twitter_card":"summary_large_image","twitter_misc":{"Arvioitu lukuaika":"1 minuutti"},"schema":{"@context":"https:\/\/schema.org","@graph":[{"@type":"WebPage","@id":"https:\/\/www.ankarsrum.com\/fi\/register-your-machine\/","url":"https:\/\/www.ankarsrum.com\/fi\/register-your-machine\/","name":"Rekister\u00f6i laitteesi - Ankarsrum Finland","isPartOf":{"@id":"https:\/\/www.ankarsrum.com\/fi\/#website"},"primaryImageOfPage":{"@id":"https:\/\/www.ankarsrum.com\/fi\/register-your-machine\/#primaryimage"},"image":{"@id":"https:\/\/www.ankarsrum.com\/fi\/register-your-machine\/#primaryimage"},"thumbnailUrl":"https:\/\/www.ankarsrum.com\/img-srv\/SE0-t03O9SslDR3IxBAWGLiRkLMvm8HtESCPdCoAv2M\/resizing_type:auto\/width:0\/height:0\/gravity:sm\/enlarge:1\/ext:webp\/strip_metadata:1\/quality:90\/cachebuster:filesize-44830\/bG9jYWw6Ly8vd3d3LmFua2Fyc3J1bS5jb20vd3AtY29udGVudC91cGxvYWRzL3NpdGVzLzU3LzIwMTkvMTEvR2FyYW50aUVtYmxlbS03LVllYXJzX0NNWUsucG5n.webp","datePublished":"2018-12-28T14:10:55+00:00","dateModified":"2025-01-20T10:42:58+00:00","breadcrumb":{"@id":"https:\/\/www.ankarsrum.com\/fi\/register-your-machine\/#breadcrumb"},"inLanguage":"fi","potentialAction":[{"@type":"ReadAction","target":["https:\/\/www.ankarsrum.com\/fi\/register-your-machine\/"]}]},{"@type":"ImageObject","inLanguage":"fi","@id":"https:\/\/www.ankarsrum.com\/fi\/register-your-machine\/#primaryimage","url":"https:\/\/www.ankarsrum.com\/img-srv\/SE0-t03O9SslDR3IxBAWGLiRkLMvm8HtESCPdCoAv2M\/resizing_type:auto\/width:0\/height:0\/gravity:sm\/enlarge:1\/ext:webp\/strip_metadata:1\/quality:90\/cachebuster:filesize-44830\/bG9jYWw6Ly8vd3d3LmFua2Fyc3J1bS5jb20vd3AtY29udGVudC91cGxvYWRzL3NpdGVzLzU3LzIwMTkvMTEvR2FyYW50aUVtYmxlbS03LVllYXJzX0NNWUsucG5n.webp","contentUrl":"https:\/\/www.ankarsrum.com\/img-srv\/SE0-t03O9SslDR3IxBAWGLiRkLMvm8HtESCPdCoAv2M\/resizing_type:auto\/width:0\/height:0\/gravity:sm\/enlarge:1\/ext:webp\/strip_metadata:1\/quality:90\/cachebuster:filesize-44830\/bG9jYWw6Ly8vd3d3LmFua2Fyc3J1bS5jb20vd3AtY29udGVudC91cGxvYWRzL3NpdGVzLzU3LzIwMTkvMTEvR2FyYW50aUVtYmxlbS03LVllYXJzX0NNWUsucG5n.webp","width":800,"height":800},{"@type":"BreadcrumbList","@id":"https:\/\/www.ankarsrum.com\/fi\/register-your-machine\/#breadcrumb","itemListElement":[{"@type":"ListItem","position":1,"name":"Home","item":"https:\/\/www.ankarsrum.com\/fi\/"},{"@type":"ListItem","position":2,"name":"Rekister\u00f6i laitteesi"}]},{"@type":"WebSite","@id":"https:\/\/www.ankarsrum.com\/fi\/#website","url":"https:\/\/www.ankarsrum.com\/fi\/","name":"Ankarsrum Finland","description":"The bread of the world","potentialAction":[{"@type":"SearchAction","target":{"@type":"EntryPoint","urlTemplate":"https:\/\/www.ankarsrum.com\/fi\/?s={search_term_string}"},"query-input":{"@type":"PropertyValueSpecification","valueRequired":true,"valueName":"search_term_string"}}],"inLanguage":"fi"}]}},"_links":{"self":[{"href":"https:\/\/www.ankarsrum.com\/fi\/wp-json\/wp\/v2\/pages\/1708","targetHints":{"allow":["GET"]}}],"collection":[{"href":"https:\/\/www.ankarsrum.com\/fi\/wp-json\/wp\/v2\/pages"}],"about":[{"href":"https:\/\/www.ankarsrum.com\/fi\/wp-json\/wp\/v2\/types\/page"}],"author":[{"embeddable":true,"href":"https:\/\/www.ankarsrum.com\/fi\/wp-json\/wp\/v2\/users\/224"}],"replies":[{"embeddable":true,"href":"https:\/\/www.ankarsrum.com\/fi\/wp-json\/wp\/v2\/comments?post=1708"}],"version-history":[{"count":5,"href":"https:\/\/www.ankarsrum.com\/fi\/wp-json\/wp\/v2\/pages\/1708\/revisions"}],"predecessor-version":[{"id":18620,"href":"https:\/\/www.ankarsrum.com\/fi\/wp-json\/wp\/v2\/pages\/1708\/revisions\/18620"}],"wp:featuredmedia":[{"embeddable":true,"href":"https:\/\/www.ankarsrum.com\/fi\/wp-json\/wp\/v2\/media\/3384"}],"wp:attachment":[{"href":"https:\/\/www.ankarsrum.com\/fi\/wp-json\/wp\/v2\/media?parent=1708"}],"curies":[{"name":"wp","href":"https:\/\/api.w.org\/{rel}","templated":true}]}}