{"id":7075,"date":"2021-06-22T11:17:47","date_gmt":"2021-06-22T11:17:47","guid":{"rendered":"https:\/\/www.ankarsrum.com\/?page_id=7075"},"modified":"2022-05-31T07:26:06","modified_gmt":"2022-05-31T07:26:06","slug":"warranty-rules","status":"publish","type":"page","link":"https:\/\/www.ankarsrum.com\/fi\/warranty-rules\/","title":{"rendered":"Takuuehdot"},"content":{"rendered":"AKM6230-laitteella on 7 vuoden tehdastakuu, joka kattaa laitteen lukuun ottamatta ruostumattomasta ter\u00e4ksest\u00e4 valmistettua kulhoa ja muita lis\u00e4osia.\r\n\r\nTakuu koskee vain laitteita, joita on k\u00e4ytetty kotioloissa ja k\u00e4ytt\u00f6ohjeita noudattaen. Takuu ei koske kuljetuksen aikana tulleita vaurioita. Takuu ei p\u00e4de, mik\u00e4li laitetta on k\u00e4ytetty virheellisesti tai huolimattomasti tai kaupallisessa tarkoituksessa. Takuu ei my\u00f6sk\u00e4\u00e4n p\u00e4de, mik\u00e4li laitetta on huollettu v\u00e4\u00e4rin. Laitetta ei saa k\u00e4ytt\u00e4\u00e4 muuhun kuin sen oikeaan k\u00e4ytt\u00f6tarkoitukseen. Takuun voimassa olemiseksi laitetta ei saa avata eik\u00e4 korjaustoimia saa suorittaa kukaan muu kuin Ankarsrumin henkil\u00f6kunnan j\u00e4sen tai valtuutetun huoltopisteen ty\u00f6ntekij\u00e4.","protected":false},"excerpt":{"rendered":"<p>AKM6230-laitteella on 7 vuoden tehdastakuu joka kattaa laitteen lukuun ottamatta ruostumattomasta ter\u00e4ksest\u00e4 valmistettua kulhoa ja muita lis\u00e4osia<\/p>\n","protected":false},"author":23,"featured_media":0,"parent":0,"menu_order":0,"comment_status":"closed","ping_status":"closed","template":"","meta":{"_acf_changed":false,"content-type":"","editor_notices":[],"footnotes":""},"class_list":["post-7075","page","type-page","status-publish","hentry"],"acf":[],"yoast_head":"<!-- This site is optimized with the Yoast SEO Premium plugin v26.6 (Yoast SEO v26.6) - https:\/\/yoast.com\/wordpress\/plugins\/seo\/ -->\n<title>Takuuehdot - Ankarsrum Finland<\/title>\n<meta name=\"robots\" content=\"index, follow, max-snippet:-1, max-image-preview:large, max-video-preview:-1\" \/>\n<link rel=\"canonical\" href=\"https:\/\/www.ankarsrum.com\/fi\/warranty-rules\/\" \/>\n<meta property=\"og:locale\" content=\"fi_FI\" \/>\n<meta property=\"og:type\" content=\"article\" \/>\n<meta property=\"og:title\" content=\"Takuuehdot\" \/>\n<meta property=\"og:description\" content=\"AKM6230-laitteella on 7 vuoden tehdastakuu joka kattaa laitteen lukuun ottamatta ruostumattomasta ter\u00e4ksest\u00e4 valmistettua kulhoa ja muita lis\u00e4osia\" \/>\n<meta property=\"og:url\" content=\"https:\/\/www.ankarsrum.com\/fi\/warranty-rules\/\" \/>\n<meta property=\"og:site_name\" content=\"Ankarsrum Finland\" \/>\n<meta property=\"article:modified_time\" content=\"2022-05-31T07:26:06+00:00\" \/>\n<meta name=\"twitter:card\" content=\"summary_large_image\" \/>\n<meta name=\"twitter:label1\" content=\"Arvioitu lukuaika\" \/>\n\t<meta name=\"twitter:data1\" content=\"1 minuutti\" \/>\n<script type=\"application\/ld+json\" class=\"yoast-schema-graph\">{\"@context\":\"https:\/\/schema.org\",\"@graph\":[{\"@type\":\"WebPage\",\"@id\":\"https:\/\/www.ankarsrum.com\/fi\/warranty-rules\/\",\"url\":\"https:\/\/www.ankarsrum.com\/fi\/warranty-rules\/\",\"name\":\"Takuuehdot - Ankarsrum Finland\",\"isPartOf\":{\"@id\":\"https:\/\/www.ankarsrum.com\/fi\/#website\"},\"datePublished\":\"2021-06-22T11:17:47+00:00\",\"dateModified\":\"2022-05-31T07:26:06+00:00\",\"breadcrumb\":{\"@id\":\"https:\/\/www.ankarsrum.com\/fi\/warranty-rules\/#breadcrumb\"},\"inLanguage\":\"fi\",\"potentialAction\":[{\"@type\":\"ReadAction\",\"target\":[\"https:\/\/www.ankarsrum.com\/fi\/warranty-rules\/\"]}]},{\"@type\":\"BreadcrumbList\",\"@id\":\"https:\/\/www.ankarsrum.com\/fi\/warranty-rules\/#breadcrumb\",\"itemListElement\":[{\"@type\":\"ListItem\",\"position\":1,\"name\":\"Home\",\"item\":\"https:\/\/www.ankarsrum.com\/fi\/\"},{\"@type\":\"ListItem\",\"position\":2,\"name\":\"Takuuehdot\"}]},{\"@type\":\"WebSite\",\"@id\":\"https:\/\/www.ankarsrum.com\/fi\/#website\",\"url\":\"https:\/\/www.ankarsrum.com\/fi\/\",\"name\":\"Ankarsrum Finland\",\"description\":\"The bread of the world\",\"potentialAction\":[{\"@type\":\"SearchAction\",\"target\":{\"@type\":\"EntryPoint\",\"urlTemplate\":\"https:\/\/www.ankarsrum.com\/fi\/?s={search_term_string}\"},\"query-input\":{\"@type\":\"PropertyValueSpecification\",\"valueRequired\":true,\"valueName\":\"search_term_string\"}}],\"inLanguage\":\"fi\"}]}<\/script>\n<!-- \/ Yoast SEO Premium plugin. -->","yoast_head_json":{"title":"Takuuehdot - Ankarsrum Finland","robots":{"index":"index","follow":"follow","max-snippet":"max-snippet:-1","max-image-preview":"max-image-preview:large","max-video-preview":"max-video-preview:-1"},"canonical":"https:\/\/www.ankarsrum.com\/fi\/warranty-rules\/","og_locale":"fi_FI","og_type":"article","og_title":"Takuuehdot","og_description":"AKM6230-laitteella on 7 vuoden tehdastakuu joka kattaa laitteen lukuun ottamatta ruostumattomasta ter\u00e4ksest\u00e4 valmistettua kulhoa ja muita lis\u00e4osia","og_url":"https:\/\/www.ankarsrum.com\/fi\/warranty-rules\/","og_site_name":"Ankarsrum Finland","article_modified_time":"2022-05-31T07:26:06+00:00","twitter_card":"summary_large_image","twitter_misc":{"Arvioitu lukuaika":"1 minuutti"},"schema":{"@context":"https:\/\/schema.org","@graph":[{"@type":"WebPage","@id":"https:\/\/www.ankarsrum.com\/fi\/warranty-rules\/","url":"https:\/\/www.ankarsrum.com\/fi\/warranty-rules\/","name":"Takuuehdot - Ankarsrum Finland","isPartOf":{"@id":"https:\/\/www.ankarsrum.com\/fi\/#website"},"datePublished":"2021-06-22T11:17:47+00:00","dateModified":"2022-05-31T07:26:06+00:00","breadcrumb":{"@id":"https:\/\/www.ankarsrum.com\/fi\/warranty-rules\/#breadcrumb"},"inLanguage":"fi","potentialAction":[{"@type":"ReadAction","target":["https:\/\/www.ankarsrum.com\/fi\/warranty-rules\/"]}]},{"@type":"BreadcrumbList","@id":"https:\/\/www.ankarsrum.com\/fi\/warranty-rules\/#breadcrumb","itemListElement":[{"@type":"ListItem","position":1,"name":"Home","item":"https:\/\/www.ankarsrum.com\/fi\/"},{"@type":"ListItem","position":2,"name":"Takuuehdot"}]},{"@type":"WebSite","@id":"https:\/\/www.ankarsrum.com\/fi\/#website","url":"https:\/\/www.ankarsrum.com\/fi\/","name":"Ankarsrum Finland","description":"The bread of the world","potentialAction":[{"@type":"SearchAction","target":{"@type":"EntryPoint","urlTemplate":"https:\/\/www.ankarsrum.com\/fi\/?s={search_term_string}"},"query-input":{"@type":"PropertyValueSpecification","valueRequired":true,"valueName":"search_term_string"}}],"inLanguage":"fi"}]}},"_links":{"self":[{"href":"https:\/\/www.ankarsrum.com\/fi\/wp-json\/wp\/v2\/pages\/7075","targetHints":{"allow":["GET"]}}],"collection":[{"href":"https:\/\/www.ankarsrum.com\/fi\/wp-json\/wp\/v2\/pages"}],"about":[{"href":"https:\/\/www.ankarsrum.com\/fi\/wp-json\/wp\/v2\/types\/page"}],"author":[{"embeddable":true,"href":"https:\/\/www.ankarsrum.com\/fi\/wp-json\/wp\/v2\/users\/23"}],"replies":[{"embeddable":true,"href":"https:\/\/www.ankarsrum.com\/fi\/wp-json\/wp\/v2\/comments?post=7075"}],"version-history":[{"count":4,"href":"https:\/\/www.ankarsrum.com\/fi\/wp-json\/wp\/v2\/pages\/7075\/revisions"}],"predecessor-version":[{"id":9787,"href":"https:\/\/www.ankarsrum.com\/fi\/wp-json\/wp\/v2\/pages\/7075\/revisions\/9787"}],"wp:attachment":[{"href":"https:\/\/www.ankarsrum.com\/fi\/wp-json\/wp\/v2\/media?parent=7075"}],"curies":[{"name":"wp","href":"https:\/\/api.w.org\/{rel}","templated":true}]}}