{"id":8241,"date":"2021-11-29T10:20:40","date_gmt":"2021-11-29T10:20:40","guid":{"rendered":"https:\/\/www.ankarsrum.com\/?page_id=8241"},"modified":"2022-08-25T07:09:41","modified_gmt":"2022-08-25T07:09:41","slug":"learn-more","status":"publish","type":"page","link":"https:\/\/www.ankarsrum.com\/fi\/learn-more\/","title":{"rendered":"Tietopankki"},"content":{"rendered":"\n<div class=\"wp-block-group alignfull usp-grid has-grey-mid-background-color has-background\" style=\"padding-top:50px;padding-bottom:50px\"><div class=\"wp-block-group__inner-container is-layout-flow wp-block-group-is-layout-flow\">\n<div class=\"wp-block-columns is-layout-flex wp-container-core-columns-is-layout-28f84493 wp-block-columns-is-layout-flex\">\n<div class=\"wp-block-column is-layout-flow wp-block-column-is-layout-flow\">\n<div class=\"wp-block-group usp-grid-pattern has-light-purple-background-color has-background\" style=\"padding-top:30px;padding-right:30px;padding-bottom:30px;padding-left:30px\"><div class=\"wp-block-group__inner-container is-layout-flow wp-block-group-is-layout-flow\">\n<div class=\"wp-block-columns are-vertically-aligned-center is-layout-flex wp-container-core-columns-is-layout-28f84493 wp-block-columns-is-layout-flex\">\n<div class=\"wp-block-column is-vertically-aligned-center is-layout-flow wp-block-column-is-layout-flow\" style=\"flex-basis:100px\">\n<figure class=\"wp-block-image size-large is-resized is-style-default\"><img loading=\"lazy\" decoding=\"async\" src=\"https:\/\/www.ankarsrum.com\/wp-content\/uploads\/2022\/08\/heart-empty-1.svg\" alt=\"\" class=\"wp-image-10036\" width=\"60\" height=\"60\"\/><\/figure>\n<\/div>\n\n\n\n<div class=\"wp-block-column is-vertically-aligned-center is-layout-flow wp-block-column-is-layout-flow\">\n<h3 class=\"wp-block-heading\"><a href=\"#\"><\/a><a href=\"https:\/\/www.ankarsrum.com\/se\/support\/\"><\/a><a href=\"https:\/\/www.ankarsrum.com\/support\/\"><\/a><a href=\"https:\/\/www.ankarsrum.com\/se\/support\/\"><\/a><a href=\"https:\/\/www.ankarsrum.com\/fi\/learn-more\/\"><a href=\"https:\/\/www.ankarsrum.com\/support\/\">N\u00e4in p\u00e4\u00e4set alkuun!<\/a><\/a><\/h3>\n\n\n\n<p>T\u00e4\u00e4lt\u00e4 l\u00f6yd\u00e4t kaiken mit\u00e4 tarvitset, jotta p\u00e4\u00e4set alkuun uuden laitteesi k\u00e4yt\u00f6ss\u00e4. Tutustu pikaoppaaseen ja opetusvideoihin \u2013 neuvoja ja vinkkej\u00e4 on tarjolla runsaasti!<\/p>\n<\/div>\n<\/div>\n<\/div><\/div>\n<\/div>\n\n\n\n<div class=\"wp-block-column is-layout-flow wp-block-column-is-layout-flow\">\n<div class=\"wp-block-group usp-grid-pattern has-light-purple-background-color has-background\" style=\"padding-top:30px;padding-right:30px;padding-bottom:30px;padding-left:30px\"><div class=\"wp-block-group__inner-container is-layout-flow wp-block-group-is-layout-flow\">\n<div class=\"wp-block-columns are-vertically-aligned-center is-layout-flex wp-container-core-columns-is-layout-28f84493 wp-block-columns-is-layout-flex\">\n<div class=\"wp-block-column is-vertically-aligned-center is-layout-flow wp-block-column-is-layout-flow\" style=\"flex-basis:100px\">\n<figure class=\"wp-block-image size-large is-resized is-style-default\"><img loading=\"lazy\" decoding=\"async\" src=\"https:\/\/www.ankarsrum.com\/wp-content\/uploads\/2022\/08\/lamp-off.svg\" alt=\"\" class=\"wp-image-10037\" width=\"60\" height=\"60\"\/><\/figure>\n<\/div>\n\n\n\n<div class=\"wp-block-column is-vertically-aligned-center is-layout-flow wp-block-column-is-layout-flow\">\n<h3 class=\"wp-block-heading\"><a href=\"#\"><\/a><a href=\"https:\/\/www.ankarsrum.com\/se\/kunskapsbanken\/\"><\/a><a href=\"https:\/\/www.ankarsrum.com\/knowledge-bank\/\"><\/a><a href=\"https:\/\/www.ankarsrum.com\/se\/knowledge-bank\/\"><\/a><a href=\"https:\/\/www.ankarsrum.com\/fi\/knowledge-bank\/\"><a href=\"https:\/\/www.ankarsrum.com\/knowledge-bank\/\">Tietopankki<\/a><\/a><\/h3>\n\n\n\n<p>T\u00e4\u00e4ll\u00e4 opit lis\u00e4\u00e4 leipomisesta, ainesosista ja laitteen monipuolisista k\u00e4ytt\u00f6mahdollisuuksista.<\/p>\n<\/div>\n<\/div>\n<\/div><\/div>\n<\/div>\n<\/div>\n\n\n\n<div class=\"wp-block-columns is-layout-flex wp-container-core-columns-is-layout-28f84493 wp-block-columns-is-layout-flex\">\n<div class=\"wp-block-column is-layout-flow wp-block-column-is-layout-flow\"><\/div>\n\n\n\n<div class=\"wp-block-column is-layout-flow wp-block-column-is-layout-flow\"><\/div>\n<\/div>\n<\/div><\/div>\n","protected":false},"excerpt":{"rendered":"<p>N\u00e4in p\u00e4\u00e4set alkuun!<\/p>\n<p>T\u00e4\u00e4lt\u00e4 l\u00f6yd\u00e4t<\/p>\n","protected":false},"author":23,"featured_media":0,"parent":0,"menu_order":0,"comment_status":"closed","ping_status":"closed","template":"","meta":{"_acf_changed":false,"content-type":"","editor_notices":[],"footnotes":""},"class_list":["post-8241","page","type-page","status-publish","hentry"],"acf":[],"yoast_head":"<!-- This site is optimized with the Yoast SEO Premium plugin v26.6 (Yoast SEO v26.6) - https:\/\/yoast.com\/wordpress\/plugins\/seo\/ -->\n<title>Tietopankki - Ankarsrum Finland<\/title>\n<meta name=\"robots\" content=\"index, follow, max-snippet:-1, max-image-preview:large, max-video-preview:-1\" \/>\n<link rel=\"canonical\" href=\"https:\/\/www.ankarsrum.com\/fi\/learn-more\/\" \/>\n<meta property=\"og:locale\" content=\"fi_FI\" \/>\n<meta property=\"og:type\" content=\"article\" \/>\n<meta property=\"og:title\" content=\"Tietopankki\" \/>\n<meta property=\"og:description\" content=\"N\u00e4in p\u00e4\u00e4set alkuun!  T\u00e4\u00e4lt\u00e4 l\u00f6yd\u00e4t\" \/>\n<meta property=\"og:url\" content=\"https:\/\/www.ankarsrum.com\/fi\/learn-more\/\" \/>\n<meta property=\"og:site_name\" content=\"Ankarsrum Finland\" \/>\n<meta property=\"article:modified_time\" content=\"2022-08-25T07:09:41+00:00\" \/>\n<meta property=\"og:image\" content=\"https:\/\/www.ankarsrum.com\/wp-content\/uploads\/2022\/08\/heart-empty-1.svg\" \/>\n<meta name=\"twitter:card\" content=\"summary_large_image\" \/>\n<meta name=\"twitter:label1\" content=\"Arvioitu lukuaika\" \/>\n\t<meta name=\"twitter:data1\" content=\"1 minuutti\" \/>\n<script type=\"application\/ld+json\" class=\"yoast-schema-graph\">{\"@context\":\"https:\/\/schema.org\",\"@graph\":[{\"@type\":\"WebPage\",\"@id\":\"https:\/\/www.ankarsrum.com\/fi\/learn-more\/\",\"url\":\"https:\/\/www.ankarsrum.com\/fi\/learn-more\/\",\"name\":\"Tietopankki - Ankarsrum Finland\",\"isPartOf\":{\"@id\":\"https:\/\/www.ankarsrum.com\/fi\/#website\"},\"primaryImageOfPage\":{\"@id\":\"https:\/\/www.ankarsrum.com\/fi\/learn-more\/#primaryimage\"},\"image\":{\"@id\":\"https:\/\/www.ankarsrum.com\/fi\/learn-more\/#primaryimage\"},\"thumbnailUrl\":\"https:\/\/www.ankarsrum.com\/wp-content\/uploads\/2022\/08\/heart-empty-1.svg\",\"datePublished\":\"2021-11-29T10:20:40+00:00\",\"dateModified\":\"2022-08-25T07:09:41+00:00\",\"breadcrumb\":{\"@id\":\"https:\/\/www.ankarsrum.com\/fi\/learn-more\/#breadcrumb\"},\"inLanguage\":\"fi\",\"potentialAction\":[{\"@type\":\"ReadAction\",\"target\":[\"https:\/\/www.ankarsrum.com\/fi\/learn-more\/\"]}]},{\"@type\":\"ImageObject\",\"inLanguage\":\"fi\",\"@id\":\"https:\/\/www.ankarsrum.com\/fi\/learn-more\/#primaryimage\",\"url\":\"https:\/\/www.ankarsrum.com\/wp-content\/uploads\/2022\/08\/heart-empty-1.svg\",\"contentUrl\":\"https:\/\/www.ankarsrum.com\/wp-content\/uploads\/2022\/08\/heart-empty-1.svg\"},{\"@type\":\"BreadcrumbList\",\"@id\":\"https:\/\/www.ankarsrum.com\/fi\/learn-more\/#breadcrumb\",\"itemListElement\":[{\"@type\":\"ListItem\",\"position\":1,\"name\":\"Home\",\"item\":\"https:\/\/www.ankarsrum.com\/fi\/\"},{\"@type\":\"ListItem\",\"position\":2,\"name\":\"Tietopankki\"}]},{\"@type\":\"WebSite\",\"@id\":\"https:\/\/www.ankarsrum.com\/fi\/#website\",\"url\":\"https:\/\/www.ankarsrum.com\/fi\/\",\"name\":\"Ankarsrum Finland\",\"description\":\"The bread of the world\",\"potentialAction\":[{\"@type\":\"SearchAction\",\"target\":{\"@type\":\"EntryPoint\",\"urlTemplate\":\"https:\/\/www.ankarsrum.com\/fi\/?s={search_term_string}\"},\"query-input\":{\"@type\":\"PropertyValueSpecification\",\"valueRequired\":true,\"valueName\":\"search_term_string\"}}],\"inLanguage\":\"fi\"}]}<\/script>\n<!-- \/ Yoast SEO Premium plugin. -->","yoast_head_json":{"title":"Tietopankki - Ankarsrum Finland","robots":{"index":"index","follow":"follow","max-snippet":"max-snippet:-1","max-image-preview":"max-image-preview:large","max-video-preview":"max-video-preview:-1"},"canonical":"https:\/\/www.ankarsrum.com\/fi\/learn-more\/","og_locale":"fi_FI","og_type":"article","og_title":"Tietopankki","og_description":"N\u00e4in p\u00e4\u00e4set alkuun!  T\u00e4\u00e4lt\u00e4 l\u00f6yd\u00e4t","og_url":"https:\/\/www.ankarsrum.com\/fi\/learn-more\/","og_site_name":"Ankarsrum Finland","article_modified_time":"2022-08-25T07:09:41+00:00","og_image":[{"url":"https:\/\/www.ankarsrum.com\/wp-content\/uploads\/2022\/08\/heart-empty-1.svg","type":"","width":"","height":""}],"twitter_card":"summary_large_image","twitter_misc":{"Arvioitu lukuaika":"1 minuutti"},"schema":{"@context":"https:\/\/schema.org","@graph":[{"@type":"WebPage","@id":"https:\/\/www.ankarsrum.com\/fi\/learn-more\/","url":"https:\/\/www.ankarsrum.com\/fi\/learn-more\/","name":"Tietopankki - Ankarsrum Finland","isPartOf":{"@id":"https:\/\/www.ankarsrum.com\/fi\/#website"},"primaryImageOfPage":{"@id":"https:\/\/www.ankarsrum.com\/fi\/learn-more\/#primaryimage"},"image":{"@id":"https:\/\/www.ankarsrum.com\/fi\/learn-more\/#primaryimage"},"thumbnailUrl":"https:\/\/www.ankarsrum.com\/wp-content\/uploads\/2022\/08\/heart-empty-1.svg","datePublished":"2021-11-29T10:20:40+00:00","dateModified":"2022-08-25T07:09:41+00:00","breadcrumb":{"@id":"https:\/\/www.ankarsrum.com\/fi\/learn-more\/#breadcrumb"},"inLanguage":"fi","potentialAction":[{"@type":"ReadAction","target":["https:\/\/www.ankarsrum.com\/fi\/learn-more\/"]}]},{"@type":"ImageObject","inLanguage":"fi","@id":"https:\/\/www.ankarsrum.com\/fi\/learn-more\/#primaryimage","url":"https:\/\/www.ankarsrum.com\/wp-content\/uploads\/2022\/08\/heart-empty-1.svg","contentUrl":"https:\/\/www.ankarsrum.com\/wp-content\/uploads\/2022\/08\/heart-empty-1.svg"},{"@type":"BreadcrumbList","@id":"https:\/\/www.ankarsrum.com\/fi\/learn-more\/#breadcrumb","itemListElement":[{"@type":"ListItem","position":1,"name":"Home","item":"https:\/\/www.ankarsrum.com\/fi\/"},{"@type":"ListItem","position":2,"name":"Tietopankki"}]},{"@type":"WebSite","@id":"https:\/\/www.ankarsrum.com\/fi\/#website","url":"https:\/\/www.ankarsrum.com\/fi\/","name":"Ankarsrum Finland","description":"The bread of the world","potentialAction":[{"@type":"SearchAction","target":{"@type":"EntryPoint","urlTemplate":"https:\/\/www.ankarsrum.com\/fi\/?s={search_term_string}"},"query-input":{"@type":"PropertyValueSpecification","valueRequired":true,"valueName":"search_term_string"}}],"inLanguage":"fi"}]}},"_links":{"self":[{"href":"https:\/\/www.ankarsrum.com\/fi\/wp-json\/wp\/v2\/pages\/8241","targetHints":{"allow":["GET"]}}],"collection":[{"href":"https:\/\/www.ankarsrum.com\/fi\/wp-json\/wp\/v2\/pages"}],"about":[{"href":"https:\/\/www.ankarsrum.com\/fi\/wp-json\/wp\/v2\/types\/page"}],"author":[{"embeddable":true,"href":"https:\/\/www.ankarsrum.com\/fi\/wp-json\/wp\/v2\/users\/23"}],"replies":[{"embeddable":true,"href":"https:\/\/www.ankarsrum.com\/fi\/wp-json\/wp\/v2\/comments?post=8241"}],"version-history":[{"count":4,"href":"https:\/\/www.ankarsrum.com\/fi\/wp-json\/wp\/v2\/pages\/8241\/revisions"}],"predecessor-version":[{"id":12164,"href":"https:\/\/www.ankarsrum.com\/fi\/wp-json\/wp\/v2\/pages\/8241\/revisions\/12164"}],"wp:attachment":[{"href":"https:\/\/www.ankarsrum.com\/fi\/wp-json\/wp\/v2\/media?parent=8241"}],"curies":[{"name":"wp","href":"https:\/\/api.w.org\/{rel}","templated":true}]}}