{"id":15235,"date":"2024-07-04T07:07:22","date_gmt":"2024-07-04T07:07:22","guid":{"rendered":"https:\/\/www.ankarsrum.com\/fi\/product\/sitruspuserrin\/"},"modified":"2026-04-29T04:26:21","modified_gmt":"2026-04-29T04:26:21","slug":"sitruspuserrin","status":"publish","type":"product","link":"https:\/\/www.ankarsrum.com\/fi\/product\/sitruspuserrin\/","title":{"rendered":"SITRUSPUSERRIN"},"content":{"rendered":"<p><span>Ankarsrumin sitruspusertimella puserrat hedelm\u00e4t mehuksi tehokkaasti ja helposti. Kiinnit\u00e4 puserrin Ankarsrum Assistent Originaliin ja anna laitteen tehd\u00e4 ty\u00f6 puolestasi. Halusitpa sitten tehd\u00e4 limettimehua leivontaresepti\u00e4 varten tai tarjota raikasta appelsiinimehua aamiaisella, sitruspusertimen avulla saat valmista vaivattomasti. Sopii useimmille sitrushedelmille \u2013 kokeile ainakin appelsiineja, sitruunoita, limettej\u00e4 ja greippej\u00e4!<\/span><\/p>\n<p><span>Fiksusti muotoillussa pusertimessa on suodatin, joka nappaa siemenet ja hedelm\u00e4lihan erilleen. Ura varmistaa, ett\u00e4 hedelm\u00e4n kitker\u00e4 valkoinen kuoriosa ei p\u00e4\u00e4se mukaan mehuun. BPA-vapaan kulhon tilavuus on 1,2\u00a0litraa, joten voit tehd\u00e4 kerralla mehua koko perheelle ja kaataa sen laseihin halutessasi suoraan kulhosta. Tuo arkeen v\u00e4ri\u00e4 ja virtaa Ankarsrum-sitruspusertimella!<br \/><br \/><\/span><\/p>\n<p><strong><span>Sitruspuserrin on yhteensopiva seuraavien Ankarsrum Assistent Original -mallien kanssa \u2013 Tyyppi: N1\u2013N30 | Tyyppi: N30 \/ Malli: AKM6230<\/span><\/strong><\/p>\n<p><span><br \/>Mit\u00e4 pakkaukseen sis\u00e4ltyy? <\/span><\/p>\n<ul>\n<li><span>Kest\u00e4v\u00e4, BPA-vapaa kulho<\/span><\/li>\n<li><span>Puserrinosa<\/span><\/li>\n<li><span>Siivil\u00e4<\/span><\/li>\n<\/ul>","protected":false},"excerpt":{"rendered":"<p><span>Aloita aamusi virkist\u00e4v\u00e4ll\u00e4 lasillisella tuorepuristettua mehua \u2013 muuta appelsiinit, limetit tai greipit helposti mehuksi Ankarsrumin sitruspusertimella. Sitruspusertimella teet k\u00e4tev\u00e4sti niin yhden mehulasillisen kuin isommankin kannullisen juotavaa koko perheelle.\u00a0 <\/span><\/p>\n","protected":false},"featured_media":17576,"comment_status":"open","ping_status":"closed","template":"","meta":{"_acf_changed":false,"content-type":"","editor_notices":[]},"product_brand":[],"product_cat":[455],"product_tag":[],"product-tag":[],"machines":[],"filter":[292],"class_list":{"0":"post-15235","1":"product","2":"type-product","3":"status-publish","4":"has-post-thumbnail","6":"product_cat-lisavarusteet","7":"filter-go-green","9":"first","10":"instock","11":"taxable","12":"shipping-taxable","13":"purchasable","14":"product-type-simple"},"bundled_by":[],"bundle_stock_status":"instock","bundle_stock_quantity":null,"bundle_virtual":false,"bundle_layout":"","bundle_add_to_cart_form_location":"","bundle_editable_in_cart":false,"bundle_sold_individually_context":"","bundle_item_grouping":"","bundle_min_size":"","bundle_max_size":"","bundle_price":[],"bundled_items":[],"bundle_sell_ids":[],"acf":[],"yoast_head":"<!-- This site is optimized with the Yoast SEO Premium plugin v26.6 (Yoast SEO v26.6) - https:\/\/yoast.com\/wordpress\/plugins\/seo\/ -->\n<title>SITRUSPUSERRIN - Ankarsrum Finland<\/title>\n<meta name=\"robots\" content=\"index, follow, max-snippet:-1, max-image-preview:large, max-video-preview:-1\" \/>\n<link rel=\"canonical\" href=\"https:\/\/www.ankarsrum.com\/fi\/product\/sitruspuserrin\/\" \/>\n<meta property=\"og:locale\" content=\"fi_FI\" \/>\n<meta property=\"og:type\" content=\"article\" \/>\n<meta property=\"og:title\" content=\"SITRUSPUSERRIN\" \/>\n<meta property=\"og:description\" content=\"Aloita aamusi virkist\u00e4v\u00e4ll\u00e4 lasillisella tuorepuristettua mehua \u2013 muuta appelsiinit, limetit tai greipit helposti mehuksi Ankarsrumin sitruspusertimella. Sitruspusertimella teet k\u00e4tev\u00e4sti niin yhden mehulasillisen kuin isommankin kannullisen juotavaa koko perheelle.\u00a0\" \/>\n<meta property=\"og:url\" content=\"https:\/\/www.ankarsrum.com\/fi\/product\/sitruspuserrin\/\" \/>\n<meta property=\"og:site_name\" content=\"Ankarsrum Finland\" \/>\n<meta property=\"article:modified_time\" content=\"2026-04-29T04:26:21+00:00\" \/>\n<meta property=\"og:image\" content=\"https:\/\/www.ankarsrum.com\/fi\/wp-content\/uploads\/sites\/57\/2024\/09\/citruspress-scaled.jpg\" \/>\n\t<meta property=\"og:image:width\" content=\"1200\" \/>\n\t<meta property=\"og:image:height\" content=\"630\" \/>\n\t<meta property=\"og:image:type\" content=\"image\/jpeg\" \/>\n<meta name=\"twitter:card\" content=\"summary_large_image\" \/>\n<meta name=\"twitter:label1\" content=\"Price\" \/>\n\t<meta name=\"twitter:data1\" content=\"44,00&nbsp;&euro;\" \/>\n\t<meta name=\"twitter:label2\" content=\"Availability\" \/>\n\t<meta name=\"twitter:data2\" content=\"In stock\" \/>\n<script type=\"application\/ld+json\" class=\"yoast-schema-graph\">{\"@context\":\"https:\/\/schema.org\",\"@graph\":[{\"@type\":\"WebPage\",\"@id\":\"https:\/\/www.ankarsrum.com\/fi\/product\/sitruspuserrin\/\",\"url\":\"https:\/\/www.ankarsrum.com\/fi\/product\/sitruspuserrin\/\",\"name\":\"SITRUSPUSERRIN - Ankarsrum Finland\",\"isPartOf\":{\"@id\":\"https:\/\/www.ankarsrum.com\/fi\/#website\"},\"primaryImageOfPage\":{\"@id\":\"https:\/\/www.ankarsrum.com\/fi\/product\/sitruspuserrin\/#primaryimage\"},\"image\":{\"@id\":\"https:\/\/www.ankarsrum.com\/fi\/product\/sitruspuserrin\/#primaryimage\"},\"thumbnailUrl\":\"https:\/\/www.ankarsrum.com\/img-srv\/uVZM6MQm-KL5SL2JwrEsD5CAnWn_OzZcRJoWmY6GhL0\/resizing_type:auto\/width:0\/height:0\/gravity:sm\/enlarge:1\/ext:webp\/strip_metadata:1\/quality:90\/cachebuster:filesize-210432\/bG9jYWw6Ly8vd3d3LmFua2Fyc3J1bS5jb20vd3AtY29udGVudC91cGxvYWRzL3NpdGVzLzU3LzIwMjQvMDkvY2l0cnVzcHJlc3Mtc2NhbGVkLmpwZw.webp\",\"datePublished\":\"2024-07-04T07:07:22+00:00\",\"dateModified\":\"2026-04-29T04:26:21+00:00\",\"breadcrumb\":{\"@id\":\"https:\/\/www.ankarsrum.com\/fi\/product\/sitruspuserrin\/#breadcrumb\"},\"inLanguage\":\"fi\",\"potentialAction\":[{\"@type\":\"ReadAction\",\"target\":[\"https:\/\/www.ankarsrum.com\/fi\/product\/sitruspuserrin\/\"]}]},{\"@type\":\"ImageObject\",\"inLanguage\":\"fi\",\"@id\":\"https:\/\/www.ankarsrum.com\/fi\/product\/sitruspuserrin\/#primaryimage\",\"url\":\"https:\/\/www.ankarsrum.com\/img-srv\/uVZM6MQm-KL5SL2JwrEsD5CAnWn_OzZcRJoWmY6GhL0\/resizing_type:auto\/width:0\/height:0\/gravity:sm\/enlarge:1\/ext:webp\/strip_metadata:1\/quality:90\/cachebuster:filesize-210432\/bG9jYWw6Ly8vd3d3LmFua2Fyc3J1bS5jb20vd3AtY29udGVudC91cGxvYWRzL3NpdGVzLzU3LzIwMjQvMDkvY2l0cnVzcHJlc3Mtc2NhbGVkLmpwZw.webp\",\"contentUrl\":\"https:\/\/www.ankarsrum.com\/img-srv\/uVZM6MQm-KL5SL2JwrEsD5CAnWn_OzZcRJoWmY6GhL0\/resizing_type:auto\/width:0\/height:0\/gravity:sm\/enlarge:1\/ext:webp\/strip_metadata:1\/quality:90\/cachebuster:filesize-210432\/bG9jYWw6Ly8vd3d3LmFua2Fyc3J1bS5jb20vd3AtY29udGVudC91cGxvYWRzL3NpdGVzLzU3LzIwMjQvMDkvY2l0cnVzcHJlc3Mtc2NhbGVkLmpwZw.webp\",\"width\":2560,\"height\":2560},{\"@type\":\"BreadcrumbList\",\"@id\":\"https:\/\/www.ankarsrum.com\/fi\/product\/sitruspuserrin\/#breadcrumb\",\"itemListElement\":[{\"@type\":\"ListItem\",\"position\":1,\"name\":\"Home\",\"item\":\"https:\/\/www.ankarsrum.com\/fi\/\"},{\"@type\":\"ListItem\",\"position\":2,\"name\":\"Produce name\",\"item\":\"https:\/\/www.ankarsrum.com\/fi\/shop\/\"},{\"@type\":\"ListItem\",\"position\":3,\"name\":\"SITRUSPUSERRIN\"}]},{\"@type\":\"WebSite\",\"@id\":\"https:\/\/www.ankarsrum.com\/fi\/#website\",\"url\":\"https:\/\/www.ankarsrum.com\/fi\/\",\"name\":\"Ankarsrum Finland\",\"description\":\"The bread of the world\",\"potentialAction\":[{\"@type\":\"SearchAction\",\"target\":{\"@type\":\"EntryPoint\",\"urlTemplate\":\"https:\/\/www.ankarsrum.com\/fi\/?s={search_term_string}\"},\"query-input\":{\"@type\":\"PropertyValueSpecification\",\"valueRequired\":true,\"valueName\":\"search_term_string\"}}],\"inLanguage\":\"fi\"}]}<\/script>\n<meta property=\"product:price:amount\" content=\"44.00\" \/>\n<meta property=\"product:price:currency\" content=\"EUR\" \/>\n<meta property=\"og:availability\" content=\"instock\" \/>\n<meta property=\"product:availability\" content=\"instock\" \/>\n<meta property=\"product:retailer_item_id\" content=\"920900026\" \/>\n<meta property=\"product:condition\" content=\"new\" \/>\n<!-- \/ Yoast SEO Premium plugin. -->","yoast_head_json":{"title":"SITRUSPUSERRIN - Ankarsrum Finland","robots":{"index":"index","follow":"follow","max-snippet":"max-snippet:-1","max-image-preview":"max-image-preview:large","max-video-preview":"max-video-preview:-1"},"canonical":"https:\/\/www.ankarsrum.com\/fi\/product\/sitruspuserrin\/","og_locale":"fi_FI","og_type":"article","og_title":"SITRUSPUSERRIN","og_description":"Aloita aamusi virkist\u00e4v\u00e4ll\u00e4 lasillisella tuorepuristettua mehua \u2013 muuta appelsiinit, limetit tai greipit helposti mehuksi Ankarsrumin sitruspusertimella. Sitruspusertimella teet k\u00e4tev\u00e4sti niin yhden mehulasillisen kuin isommankin kannullisen juotavaa koko perheelle.\u00a0","og_url":"https:\/\/www.ankarsrum.com\/fi\/product\/sitruspuserrin\/","og_site_name":"Ankarsrum Finland","article_modified_time":"2026-04-29T04:26:21+00:00","og_image":[{"width":1200,"height":630,"url":"https:\/\/www.ankarsrum.com\/fi\/wp-content\/uploads\/sites\/57\/2024\/09\/citruspress-scaled.jpg","type":"image\/jpeg"}],"twitter_card":"summary_large_image","twitter_misc":{"Price":"44,00&nbsp;&euro;","Availability":"In stock"},"schema":{"@context":"https:\/\/schema.org","@graph":[{"@type":"WebPage","@id":"https:\/\/www.ankarsrum.com\/fi\/product\/sitruspuserrin\/","url":"https:\/\/www.ankarsrum.com\/fi\/product\/sitruspuserrin\/","name":"SITRUSPUSERRIN - Ankarsrum Finland","isPartOf":{"@id":"https:\/\/www.ankarsrum.com\/fi\/#website"},"primaryImageOfPage":{"@id":"https:\/\/www.ankarsrum.com\/fi\/product\/sitruspuserrin\/#primaryimage"},"image":{"@id":"https:\/\/www.ankarsrum.com\/fi\/product\/sitruspuserrin\/#primaryimage"},"thumbnailUrl":"https:\/\/www.ankarsrum.com\/img-srv\/uVZM6MQm-KL5SL2JwrEsD5CAnWn_OzZcRJoWmY6GhL0\/resizing_type:auto\/width:0\/height:0\/gravity:sm\/enlarge:1\/ext:webp\/strip_metadata:1\/quality:90\/cachebuster:filesize-210432\/bG9jYWw6Ly8vd3d3LmFua2Fyc3J1bS5jb20vd3AtY29udGVudC91cGxvYWRzL3NpdGVzLzU3LzIwMjQvMDkvY2l0cnVzcHJlc3Mtc2NhbGVkLmpwZw.webp","datePublished":"2024-07-04T07:07:22+00:00","dateModified":"2026-04-29T04:26:21+00:00","breadcrumb":{"@id":"https:\/\/www.ankarsrum.com\/fi\/product\/sitruspuserrin\/#breadcrumb"},"inLanguage":"fi","potentialAction":[{"@type":"ReadAction","target":["https:\/\/www.ankarsrum.com\/fi\/product\/sitruspuserrin\/"]}]},{"@type":"ImageObject","inLanguage":"fi","@id":"https:\/\/www.ankarsrum.com\/fi\/product\/sitruspuserrin\/#primaryimage","url":"https:\/\/www.ankarsrum.com\/img-srv\/uVZM6MQm-KL5SL2JwrEsD5CAnWn_OzZcRJoWmY6GhL0\/resizing_type:auto\/width:0\/height:0\/gravity:sm\/enlarge:1\/ext:webp\/strip_metadata:1\/quality:90\/cachebuster:filesize-210432\/bG9jYWw6Ly8vd3d3LmFua2Fyc3J1bS5jb20vd3AtY29udGVudC91cGxvYWRzL3NpdGVzLzU3LzIwMjQvMDkvY2l0cnVzcHJlc3Mtc2NhbGVkLmpwZw.webp","contentUrl":"https:\/\/www.ankarsrum.com\/img-srv\/uVZM6MQm-KL5SL2JwrEsD5CAnWn_OzZcRJoWmY6GhL0\/resizing_type:auto\/width:0\/height:0\/gravity:sm\/enlarge:1\/ext:webp\/strip_metadata:1\/quality:90\/cachebuster:filesize-210432\/bG9jYWw6Ly8vd3d3LmFua2Fyc3J1bS5jb20vd3AtY29udGVudC91cGxvYWRzL3NpdGVzLzU3LzIwMjQvMDkvY2l0cnVzcHJlc3Mtc2NhbGVkLmpwZw.webp","width":2560,"height":2560},{"@type":"BreadcrumbList","@id":"https:\/\/www.ankarsrum.com\/fi\/product\/sitruspuserrin\/#breadcrumb","itemListElement":[{"@type":"ListItem","position":1,"name":"Home","item":"https:\/\/www.ankarsrum.com\/fi\/"},{"@type":"ListItem","position":2,"name":"Produce name","item":"https:\/\/www.ankarsrum.com\/fi\/shop\/"},{"@type":"ListItem","position":3,"name":"SITRUSPUSERRIN"}]},{"@type":"WebSite","@id":"https:\/\/www.ankarsrum.com\/fi\/#website","url":"https:\/\/www.ankarsrum.com\/fi\/","name":"Ankarsrum Finland","description":"The bread of the world","potentialAction":[{"@type":"SearchAction","target":{"@type":"EntryPoint","urlTemplate":"https:\/\/www.ankarsrum.com\/fi\/?s={search_term_string}"},"query-input":{"@type":"PropertyValueSpecification","valueRequired":true,"valueName":"search_term_string"}}],"inLanguage":"fi"}]},"product_price_amount":"44.00","product_price_currency":"EUR","og_availability":"instock","product_availability":"instock","product_retailer_item_id":"920900026","product_condition":"new"},"_links":{"self":[{"href":"https:\/\/www.ankarsrum.com\/fi\/wp-json\/wp\/v2\/product\/15235","targetHints":{"allow":["GET"]}}],"collection":[{"href":"https:\/\/www.ankarsrum.com\/fi\/wp-json\/wp\/v2\/product"}],"about":[{"href":"https:\/\/www.ankarsrum.com\/fi\/wp-json\/wp\/v2\/types\/product"}],"replies":[{"embeddable":true,"href":"https:\/\/www.ankarsrum.com\/fi\/wp-json\/wp\/v2\/comments?post=15235"}],"wp:featuredmedia":[{"embeddable":true,"href":"https:\/\/www.ankarsrum.com\/fi\/wp-json\/wp\/v2\/media\/17576"}],"wp:attachment":[{"href":"https:\/\/www.ankarsrum.com\/fi\/wp-json\/wp\/v2\/media?parent=15235"}],"wp:term":[{"taxonomy":"product_brand","embeddable":true,"href":"https:\/\/www.ankarsrum.com\/fi\/wp-json\/wp\/v2\/product_brand?post=15235"},{"taxonomy":"product_cat","embeddable":true,"href":"https:\/\/www.ankarsrum.com\/fi\/wp-json\/wp\/v2\/product_cat?post=15235"},{"taxonomy":"product_tag","embeddable":true,"href":"https:\/\/www.ankarsrum.com\/fi\/wp-json\/wp\/v2\/product_tag?post=15235"},{"taxonomy":"product-tag","embeddable":true,"href":"https:\/\/www.ankarsrum.com\/fi\/wp-json\/wp\/v2\/product-tag?post=15235"},{"taxonomy":"machines","embeddable":true,"href":"https:\/\/www.ankarsrum.com\/fi\/wp-json\/wp\/v2\/machines?post=15235"},{"taxonomy":"filter","embeddable":true,"href":"https:\/\/www.ankarsrum.com\/fi\/wp-json\/wp\/v2\/filter?post=15235"}],"curies":[{"name":"wp","href":"https:\/\/api.w.org\/{rel}","templated":true}]}}