{"id":15237,"date":"2024-07-15T12:17:57","date_gmt":"2024-07-15T12:17:57","guid":{"rendered":"https:\/\/www.ankarsrum.com\/fi\/product\/marja-ja-hedelmapuserrin\/"},"modified":"2026-05-13T05:37:26","modified_gmt":"2026-05-13T05:37:26","slug":"marja-ja-hedelmapuserrin","status":"publish","type":"product","link":"https:\/\/www.ankarsrum.com\/fi\/product\/marja-ja-hedelmapuserrin\/","title":{"rendered":"Marja- ja hedelm\u00e4puserrin"},"content":{"rendered":"<p><span>Ankarsrumin marja- ja hedelm\u00e4puserrin auttaa nostamaan ruoanlaittosi seuraavalle tasolle. Kiinnit\u00e4 puserrin Ankarsrum-lihamyllyyn ja tee hedelmist\u00e4 ja marjoista sileit\u00e4 soseita. Kuoria tai siemenkotia ei tarvitse poistaa etuk\u00e4teen. Omenasosetta, tomaattikastiketta, hilloja, marmeladeja, vauvanruokaa \u2013 vain mielikuvituksesi on rajana!<\/span><\/p>\n<p><span>Marja- ja hedelm\u00e4puserrin auttaa s\u00e4ilytt\u00e4m\u00e4\u00e4n hedelmien luonnolliset maut ja ravintoaineet, joten voit nauttia puutarhan sadosta pitk\u00e4lle syksyyn ja talveen. S\u00e4\u00e4t\u00f6nupin avulla voit muokata soseen rakennetta. Aloita aina tiukimmasta s\u00e4\u00e4d\u00f6st\u00e4, niin saat parhaan lopputuloksen. <\/span><\/p>\n<p><span>Joustavan muotoilun ansiosta voit j\u00e4tt\u00e4\u00e4 kuoret ja siemenet paikoilleen, mik\u00e4 s\u00e4\u00e4st\u00e4\u00e4 aikaa ja vaivaa. Ihana lis\u00e4osa kotikokille, joka haluaa loihtia terveellisi\u00e4 herkkuja v\u00e4h\u00e4ll\u00e4 vaivalla! <\/span><\/p>\n<p><strong><span>Marja- ja hedelm\u00e4puserrin on yhteensopiva lihamyllymallin 10 kanssa. Mallinumero \u201c10\u201d on leimattu 4-ter\u00e4iseen veitseen.<\/span><\/strong><\/p>\n<p><span>Mit\u00e4 pakkaukseen sis\u00e4ltyy?\u00a0<br \/><br \/><\/span><\/p>\n<ul>\n<li><span>Pusertimen sy\u00f6tt\u00f6ruuvi<\/span><\/li>\n<li><span>Venttiili<\/span><\/li>\n<li><span>Pusertimen putki<\/span><\/li>\n<li><span>S\u00e4\u00e4t\u00f6nupp<\/span><\/li>\n<li><span>Pusertimen kouru<\/span><\/li>\n<\/ul>","protected":false},"excerpt":{"rendered":"<p class=\"MsoNormal\" style=\"margin-bottom: 0cm; line-height: 115%;\"><span>Tee marjoista ja hedelmist\u00e4 herkullisia soseita Ankarsrumin marja- ja hedelm\u00e4pusertimella! Monipuolinen ja ja helppok\u00e4ytt\u00f6inen lis\u00e4varuste kiinnitet\u00e4\u00e4n Ankarsrum-lihamyllyyn. Omenasoseet ja marjakastikkeet valmistuvat helposti ja hauskasti omassa kotikeitti\u00f6ss\u00e4si. <\/span><\/p>\n","protected":false},"featured_media":17987,"comment_status":"open","ping_status":"closed","template":"","meta":{"_acf_changed":false,"content-type":"","editor_notices":[]},"product_brand":[],"product_cat":[455],"product_tag":[],"product-tag":[],"machines":[],"filter":[292,294,271],"class_list":{"0":"post-15237","1":"product","2":"type-product","3":"status-publish","4":"has-post-thumbnail","6":"product_cat-lisavarusteet","7":"filter-go-green","8":"filter-jalkiruoat","9":"filter-lihamylly","11":"first","12":"instock","13":"taxable","14":"shipping-taxable","15":"purchasable","16":"product-type-simple"},"bundled_by":[],"bundle_stock_status":"instock","bundle_stock_quantity":null,"bundle_virtual":false,"bundle_layout":"","bundle_add_to_cart_form_location":"","bundle_editable_in_cart":false,"bundle_sold_individually_context":"","bundle_item_grouping":"","bundle_min_size":"","bundle_max_size":"","bundle_price":[],"bundled_items":[],"bundle_sell_ids":[],"acf":[],"yoast_head":"<!-- This site is optimized with the Yoast SEO Premium plugin v26.6 (Yoast SEO v26.6) - https:\/\/yoast.com\/wordpress\/plugins\/seo\/ -->\n<title>Marja- ja hedelm\u00e4puserrin - Ankarsrum Finland<\/title>\n<meta name=\"robots\" content=\"index, follow, max-snippet:-1, max-image-preview:large, max-video-preview:-1\" \/>\n<link rel=\"canonical\" href=\"https:\/\/www.ankarsrum.com\/fi\/product\/marja-ja-hedelmapuserrin\/\" \/>\n<meta property=\"og:locale\" content=\"fi_FI\" \/>\n<meta property=\"og:type\" content=\"article\" \/>\n<meta property=\"og:title\" content=\"Marja- ja hedelm\u00e4puserrin\" \/>\n<meta property=\"og:description\" content=\"Tee marjoista ja hedelmist\u00e4 herkullisia soseita Ankarsrumin marja- ja hedelm\u00e4pusertimella! Monipuolinen ja ja helppok\u00e4ytt\u00f6inen lis\u00e4varuste kiinnitet\u00e4\u00e4n Ankarsrum-lihamyllyyn. Omenasoseet ja marjakastikkeet valmistuvat helposti ja hauskasti omassa kotikeitti\u00f6ss\u00e4si.\" \/>\n<meta property=\"og:url\" content=\"https:\/\/www.ankarsrum.com\/fi\/product\/marja-ja-hedelmapuserrin\/\" \/>\n<meta property=\"og:site_name\" content=\"Ankarsrum Finland\" \/>\n<meta property=\"article:modified_time\" content=\"2026-05-13T05:37:26+00:00\" \/>\n<meta property=\"og:image\" content=\"https:\/\/www.ankarsrum.com\/fi\/wp-content\/uploads\/sites\/57\/2024\/09\/strainer-scaled.jpg\" \/>\n\t<meta property=\"og:image:width\" content=\"1200\" \/>\n\t<meta property=\"og:image:height\" content=\"630\" \/>\n\t<meta property=\"og:image:type\" content=\"image\/jpeg\" \/>\n<meta name=\"twitter:card\" content=\"summary_large_image\" \/>\n<meta name=\"twitter:label1\" content=\"Price\" \/>\n\t<meta name=\"twitter:data1\" content=\"86,00&nbsp;&euro;\" \/>\n\t<meta name=\"twitter:label2\" content=\"Availability\" \/>\n\t<meta name=\"twitter:data2\" content=\"In stock\" \/>\n<script type=\"application\/ld+json\" class=\"yoast-schema-graph\">{\"@context\":\"https:\/\/schema.org\",\"@graph\":[{\"@type\":\"WebPage\",\"@id\":\"https:\/\/www.ankarsrum.com\/fi\/product\/marja-ja-hedelmapuserrin\/\",\"url\":\"https:\/\/www.ankarsrum.com\/fi\/product\/marja-ja-hedelmapuserrin\/\",\"name\":\"Marja- ja hedelm\u00e4puserrin - Ankarsrum Finland\",\"isPartOf\":{\"@id\":\"https:\/\/www.ankarsrum.com\/fi\/#website\"},\"primaryImageOfPage\":{\"@id\":\"https:\/\/www.ankarsrum.com\/fi\/product\/marja-ja-hedelmapuserrin\/#primaryimage\"},\"image\":{\"@id\":\"https:\/\/www.ankarsrum.com\/fi\/product\/marja-ja-hedelmapuserrin\/#primaryimage\"},\"thumbnailUrl\":\"https:\/\/www.ankarsrum.com\/img-srv\/p-K46ENiDSEdr2v7X2PciqX-QY4Aysz6X8nSeDInkBE\/resizing_type:auto\/width:0\/height:0\/gravity:sm\/enlarge:1\/ext:webp\/strip_metadata:1\/quality:90\/cachebuster:filesize-184446\/bG9jYWw6Ly8vd3d3LmFua2Fyc3J1bS5jb20vd3AtY29udGVudC91cGxvYWRzL3NpdGVzLzU3LzIwMjQvMDkvc3RyYWluZXItc2NhbGVkLmpwZw.webp\",\"datePublished\":\"2024-07-15T12:17:57+00:00\",\"dateModified\":\"2026-05-13T05:37:26+00:00\",\"breadcrumb\":{\"@id\":\"https:\/\/www.ankarsrum.com\/fi\/product\/marja-ja-hedelmapuserrin\/#breadcrumb\"},\"inLanguage\":\"fi\",\"potentialAction\":[{\"@type\":\"ReadAction\",\"target\":[\"https:\/\/www.ankarsrum.com\/fi\/product\/marja-ja-hedelmapuserrin\/\"]}]},{\"@type\":\"ImageObject\",\"inLanguage\":\"fi\",\"@id\":\"https:\/\/www.ankarsrum.com\/fi\/product\/marja-ja-hedelmapuserrin\/#primaryimage\",\"url\":\"https:\/\/www.ankarsrum.com\/img-srv\/p-K46ENiDSEdr2v7X2PciqX-QY4Aysz6X8nSeDInkBE\/resizing_type:auto\/width:0\/height:0\/gravity:sm\/enlarge:1\/ext:webp\/strip_metadata:1\/quality:90\/cachebuster:filesize-184446\/bG9jYWw6Ly8vd3d3LmFua2Fyc3J1bS5jb20vd3AtY29udGVudC91cGxvYWRzL3NpdGVzLzU3LzIwMjQvMDkvc3RyYWluZXItc2NhbGVkLmpwZw.webp\",\"contentUrl\":\"https:\/\/www.ankarsrum.com\/img-srv\/p-K46ENiDSEdr2v7X2PciqX-QY4Aysz6X8nSeDInkBE\/resizing_type:auto\/width:0\/height:0\/gravity:sm\/enlarge:1\/ext:webp\/strip_metadata:1\/quality:90\/cachebuster:filesize-184446\/bG9jYWw6Ly8vd3d3LmFua2Fyc3J1bS5jb20vd3AtY29udGVudC91cGxvYWRzL3NpdGVzLzU3LzIwMjQvMDkvc3RyYWluZXItc2NhbGVkLmpwZw.webp\",\"width\":2560,\"height\":2560},{\"@type\":\"BreadcrumbList\",\"@id\":\"https:\/\/www.ankarsrum.com\/fi\/product\/marja-ja-hedelmapuserrin\/#breadcrumb\",\"itemListElement\":[{\"@type\":\"ListItem\",\"position\":1,\"name\":\"Home\",\"item\":\"https:\/\/www.ankarsrum.com\/fi\/\"},{\"@type\":\"ListItem\",\"position\":2,\"name\":\"Produce name\",\"item\":\"https:\/\/www.ankarsrum.com\/fi\/shop\/\"},{\"@type\":\"ListItem\",\"position\":3,\"name\":\"Marja- ja hedelm\u00e4puserrin\"}]},{\"@type\":\"WebSite\",\"@id\":\"https:\/\/www.ankarsrum.com\/fi\/#website\",\"url\":\"https:\/\/www.ankarsrum.com\/fi\/\",\"name\":\"Ankarsrum Finland\",\"description\":\"The bread of the world\",\"potentialAction\":[{\"@type\":\"SearchAction\",\"target\":{\"@type\":\"EntryPoint\",\"urlTemplate\":\"https:\/\/www.ankarsrum.com\/fi\/?s={search_term_string}\"},\"query-input\":{\"@type\":\"PropertyValueSpecification\",\"valueRequired\":true,\"valueName\":\"search_term_string\"}}],\"inLanguage\":\"fi\"}]}<\/script>\n<meta property=\"product:price:amount\" content=\"86.00\" \/>\n<meta property=\"product:price:currency\" content=\"EUR\" \/>\n<meta property=\"og:availability\" content=\"instock\" \/>\n<meta property=\"product:availability\" content=\"instock\" \/>\n<meta property=\"product:retailer_item_id\" content=\"920900033\" \/>\n<meta property=\"product:condition\" content=\"new\" \/>\n<!-- \/ Yoast SEO Premium plugin. -->","yoast_head_json":{"title":"Marja- ja hedelm\u00e4puserrin - Ankarsrum Finland","robots":{"index":"index","follow":"follow","max-snippet":"max-snippet:-1","max-image-preview":"max-image-preview:large","max-video-preview":"max-video-preview:-1"},"canonical":"https:\/\/www.ankarsrum.com\/fi\/product\/marja-ja-hedelmapuserrin\/","og_locale":"fi_FI","og_type":"article","og_title":"Marja- ja hedelm\u00e4puserrin","og_description":"Tee marjoista ja hedelmist\u00e4 herkullisia soseita Ankarsrumin marja- ja hedelm\u00e4pusertimella! Monipuolinen ja ja helppok\u00e4ytt\u00f6inen lis\u00e4varuste kiinnitet\u00e4\u00e4n Ankarsrum-lihamyllyyn. Omenasoseet ja marjakastikkeet valmistuvat helposti ja hauskasti omassa kotikeitti\u00f6ss\u00e4si.","og_url":"https:\/\/www.ankarsrum.com\/fi\/product\/marja-ja-hedelmapuserrin\/","og_site_name":"Ankarsrum Finland","article_modified_time":"2026-05-13T05:37:26+00:00","og_image":[{"width":1200,"height":630,"url":"https:\/\/www.ankarsrum.com\/fi\/wp-content\/uploads\/sites\/57\/2024\/09\/strainer-scaled.jpg","type":"image\/jpeg"}],"twitter_card":"summary_large_image","twitter_misc":{"Price":"86,00&nbsp;&euro;","Availability":"In stock"},"schema":{"@context":"https:\/\/schema.org","@graph":[{"@type":"WebPage","@id":"https:\/\/www.ankarsrum.com\/fi\/product\/marja-ja-hedelmapuserrin\/","url":"https:\/\/www.ankarsrum.com\/fi\/product\/marja-ja-hedelmapuserrin\/","name":"Marja- ja hedelm\u00e4puserrin - Ankarsrum Finland","isPartOf":{"@id":"https:\/\/www.ankarsrum.com\/fi\/#website"},"primaryImageOfPage":{"@id":"https:\/\/www.ankarsrum.com\/fi\/product\/marja-ja-hedelmapuserrin\/#primaryimage"},"image":{"@id":"https:\/\/www.ankarsrum.com\/fi\/product\/marja-ja-hedelmapuserrin\/#primaryimage"},"thumbnailUrl":"https:\/\/www.ankarsrum.com\/img-srv\/p-K46ENiDSEdr2v7X2PciqX-QY4Aysz6X8nSeDInkBE\/resizing_type:auto\/width:0\/height:0\/gravity:sm\/enlarge:1\/ext:webp\/strip_metadata:1\/quality:90\/cachebuster:filesize-184446\/bG9jYWw6Ly8vd3d3LmFua2Fyc3J1bS5jb20vd3AtY29udGVudC91cGxvYWRzL3NpdGVzLzU3LzIwMjQvMDkvc3RyYWluZXItc2NhbGVkLmpwZw.webp","datePublished":"2024-07-15T12:17:57+00:00","dateModified":"2026-05-13T05:37:26+00:00","breadcrumb":{"@id":"https:\/\/www.ankarsrum.com\/fi\/product\/marja-ja-hedelmapuserrin\/#breadcrumb"},"inLanguage":"fi","potentialAction":[{"@type":"ReadAction","target":["https:\/\/www.ankarsrum.com\/fi\/product\/marja-ja-hedelmapuserrin\/"]}]},{"@type":"ImageObject","inLanguage":"fi","@id":"https:\/\/www.ankarsrum.com\/fi\/product\/marja-ja-hedelmapuserrin\/#primaryimage","url":"https:\/\/www.ankarsrum.com\/img-srv\/p-K46ENiDSEdr2v7X2PciqX-QY4Aysz6X8nSeDInkBE\/resizing_type:auto\/width:0\/height:0\/gravity:sm\/enlarge:1\/ext:webp\/strip_metadata:1\/quality:90\/cachebuster:filesize-184446\/bG9jYWw6Ly8vd3d3LmFua2Fyc3J1bS5jb20vd3AtY29udGVudC91cGxvYWRzL3NpdGVzLzU3LzIwMjQvMDkvc3RyYWluZXItc2NhbGVkLmpwZw.webp","contentUrl":"https:\/\/www.ankarsrum.com\/img-srv\/p-K46ENiDSEdr2v7X2PciqX-QY4Aysz6X8nSeDInkBE\/resizing_type:auto\/width:0\/height:0\/gravity:sm\/enlarge:1\/ext:webp\/strip_metadata:1\/quality:90\/cachebuster:filesize-184446\/bG9jYWw6Ly8vd3d3LmFua2Fyc3J1bS5jb20vd3AtY29udGVudC91cGxvYWRzL3NpdGVzLzU3LzIwMjQvMDkvc3RyYWluZXItc2NhbGVkLmpwZw.webp","width":2560,"height":2560},{"@type":"BreadcrumbList","@id":"https:\/\/www.ankarsrum.com\/fi\/product\/marja-ja-hedelmapuserrin\/#breadcrumb","itemListElement":[{"@type":"ListItem","position":1,"name":"Home","item":"https:\/\/www.ankarsrum.com\/fi\/"},{"@type":"ListItem","position":2,"name":"Produce name","item":"https:\/\/www.ankarsrum.com\/fi\/shop\/"},{"@type":"ListItem","position":3,"name":"Marja- ja hedelm\u00e4puserrin"}]},{"@type":"WebSite","@id":"https:\/\/www.ankarsrum.com\/fi\/#website","url":"https:\/\/www.ankarsrum.com\/fi\/","name":"Ankarsrum Finland","description":"The bread of the world","potentialAction":[{"@type":"SearchAction","target":{"@type":"EntryPoint","urlTemplate":"https:\/\/www.ankarsrum.com\/fi\/?s={search_term_string}"},"query-input":{"@type":"PropertyValueSpecification","valueRequired":true,"valueName":"search_term_string"}}],"inLanguage":"fi"}]},"product_price_amount":"86.00","product_price_currency":"EUR","og_availability":"instock","product_availability":"instock","product_retailer_item_id":"920900033","product_condition":"new"},"_links":{"self":[{"href":"https:\/\/www.ankarsrum.com\/fi\/wp-json\/wp\/v2\/product\/15237","targetHints":{"allow":["GET"]}}],"collection":[{"href":"https:\/\/www.ankarsrum.com\/fi\/wp-json\/wp\/v2\/product"}],"about":[{"href":"https:\/\/www.ankarsrum.com\/fi\/wp-json\/wp\/v2\/types\/product"}],"replies":[{"embeddable":true,"href":"https:\/\/www.ankarsrum.com\/fi\/wp-json\/wp\/v2\/comments?post=15237"}],"wp:featuredmedia":[{"embeddable":true,"href":"https:\/\/www.ankarsrum.com\/fi\/wp-json\/wp\/v2\/media\/17987"}],"wp:attachment":[{"href":"https:\/\/www.ankarsrum.com\/fi\/wp-json\/wp\/v2\/media?parent=15237"}],"wp:term":[{"taxonomy":"product_brand","embeddable":true,"href":"https:\/\/www.ankarsrum.com\/fi\/wp-json\/wp\/v2\/product_brand?post=15237"},{"taxonomy":"product_cat","embeddable":true,"href":"https:\/\/www.ankarsrum.com\/fi\/wp-json\/wp\/v2\/product_cat?post=15237"},{"taxonomy":"product_tag","embeddable":true,"href":"https:\/\/www.ankarsrum.com\/fi\/wp-json\/wp\/v2\/product_tag?post=15237"},{"taxonomy":"product-tag","embeddable":true,"href":"https:\/\/www.ankarsrum.com\/fi\/wp-json\/wp\/v2\/product-tag?post=15237"},{"taxonomy":"machines","embeddable":true,"href":"https:\/\/www.ankarsrum.com\/fi\/wp-json\/wp\/v2\/machines?post=15237"},{"taxonomy":"filter","embeddable":true,"href":"https:\/\/www.ankarsrum.com\/fi\/wp-json\/wp\/v2\/filter?post=15237"}],"curies":[{"name":"wp","href":"https:\/\/api.w.org\/{rel}","templated":true}]}}