{"id":15249,"date":"2024-07-15T13:37:53","date_gmt":"2024-07-15T13:37:53","guid":{"rendered":"https:\/\/www.ankarsrum.com\/fi\/product\/viljamylly\/"},"modified":"2026-04-15T03:17:30","modified_gmt":"2026-04-15T03:17:30","slug":"viljamylly","status":"publish","type":"product","link":"https:\/\/www.ankarsrum.com\/fi\/product\/viljamylly\/","title":{"rendered":"Viljamylly"},"content":{"rendered":"<p><span>Ankarsrumin viljamyllyn avulla p\u00e4\u00e4set nauttimaan vastajauhetuista aineksista, jotka nostavat leivontasi, kokkauksesi ja juomasi uudelle tasolle. Liit\u00e4 mylly Ankarsrum Assistent Originaliin ja jauha viljat, kahvipavut tai kuivatut yrtit juuri niin kuin itse haluat.\u00a0<\/span><\/p>\n<p><span>Monipuolisen muotoilun ansiosta voit s\u00e4\u00e4t\u00e4\u00e4 jauhatusta karkeasta hienoon (0,25\u20130,45 mm): k\u00e4\u00e4nn\u00e4 s\u00e4\u00e4t\u00f6nuppia vastap\u00e4iv\u00e4\u00e4n, jos haluat karkeamman jauhatuksen, ja my\u00f6t\u00e4p\u00e4iv\u00e4\u00e4n jos hienomman. N\u00e4in saat helposti juuri suosikkireseptiisi sopivan jauhatuksen, olitpa sitten leipomassa leip\u00e4\u00e4 tai keitt\u00e4m\u00e4ss\u00e4 kahvia. Suppiloon mahtuu kerralla jopa 1,25 kg jauhamattomia aineksia.<\/span><\/p>\n<p><span>Tuoreista jauhoista leivottu leip\u00e4 maistuu t\u00e4ytel\u00e4isemm\u00e4lt\u00e4 ja luonnollisemmalta, ja vasta jauhettu kahvi tekee jokaisesta kupillisesta todellisen nautinnon. Ja mik\u00e4 parasta: voit k\u00e4ytt\u00e4\u00e4 laadukkaita aineksia, ja tied\u00e4t t\u00e4sm\u00e4lleen, mit\u00e4 ruokaasi laitat. Viljamyllyll\u00e4 voi k\u00e4sitell\u00e4 vain kuiva-aineita. <\/span><\/p>\n<p><strong><span>Viljamylly on yhteensopiva seuraavien Ankarsrum Assistent Original -mallien kanssa \u2013 Tyyppi: N1\u2013N30 | Tyyppi: N30 \/ Malli: AKM6230<\/span><\/strong><\/p>\n<p><span>Mit\u00e4 pakkaukseen sis\u00e4ltyy?<\/span><\/p>\n<ul>\n<li><span>Myllyn runko<\/span><\/li>\n<li><span>Suppilo<\/span><\/li>\n<\/ul>","protected":false},"excerpt":{"rendered":"<p><span>Jauha omat kuiva-aineesi \u2013 sin\u00e4 p\u00e4\u00e4t\u00e4t lopputuloksen rakenteen! Ankarsrumin viljamyllyll\u00e4 jauhat viljojen lis\u00e4ksi helposti my\u00f6s mausteet, kahvipavut ja p\u00e4hkin\u00e4t. S\u00e4\u00e4d\u00e4 karkeus juuri sellaiseksi kuin haluat ja nauti tuoreista aineksista, jotka ovat t\u00e4ynn\u00e4 makua. <\/span><\/p>\n","protected":false},"featured_media":18122,"comment_status":"open","ping_status":"closed","template":"","meta":{"_acf_changed":false,"content-type":"","editor_notices":[]},"product_brand":[],"product_cat":[455],"product_tag":[],"product-tag":[],"machines":[],"filter":[289],"class_list":{"0":"post-15249","1":"product","2":"type-product","3":"status-publish","4":"has-post-thumbnail","6":"product_cat-lisavarusteet","7":"filter-leivonta","9":"first","10":"instock","11":"taxable","12":"shipping-taxable","13":"purchasable","14":"product-type-simple"},"bundled_by":[],"bundle_stock_status":"instock","bundle_stock_quantity":null,"bundle_virtual":false,"bundle_layout":"","bundle_add_to_cart_form_location":"","bundle_editable_in_cart":false,"bundle_sold_individually_context":"","bundle_item_grouping":"","bundle_min_size":"","bundle_max_size":"","bundle_price":[],"bundled_items":[],"bundle_sell_ids":[],"acf":[],"yoast_head":"<!-- This site is optimized with the Yoast SEO Premium plugin v26.6 (Yoast SEO v26.6) - https:\/\/yoast.com\/wordpress\/plugins\/seo\/ -->\n<title>Viljamylly - Ankarsrum Finland<\/title>\n<meta name=\"robots\" content=\"index, follow, max-snippet:-1, max-image-preview:large, max-video-preview:-1\" \/>\n<link rel=\"canonical\" href=\"https:\/\/www.ankarsrum.com\/fi\/product\/viljamylly\/\" \/>\n<meta property=\"og:locale\" content=\"fi_FI\" \/>\n<meta property=\"og:type\" content=\"article\" \/>\n<meta property=\"og:title\" content=\"Viljamylly\" \/>\n<meta property=\"og:description\" content=\"Jauha omat kuiva-aineesi \u2013 sin\u00e4 p\u00e4\u00e4t\u00e4t lopputuloksen rakenteen! Ankarsrumin viljamyllyll\u00e4 jauhat viljojen lis\u00e4ksi helposti my\u00f6s mausteet, kahvipavut ja p\u00e4hkin\u00e4t. S\u00e4\u00e4d\u00e4 karkeus juuri sellaiseksi kuin haluat ja nauti tuoreista aineksista, jotka ovat t\u00e4ynn\u00e4 makua.\" \/>\n<meta property=\"og:url\" content=\"https:\/\/www.ankarsrum.com\/fi\/product\/viljamylly\/\" \/>\n<meta property=\"og:site_name\" content=\"Ankarsrum Finland\" \/>\n<meta property=\"article:modified_time\" content=\"2026-04-15T03:17:30+00:00\" \/>\n<meta property=\"og:image\" content=\"https:\/\/www.ankarsrum.com\/fi\/wp-content\/uploads\/sites\/57\/2024\/09\/grain-mill.jpg\" \/>\n\t<meta property=\"og:image:width\" content=\"1200\" \/>\n\t<meta property=\"og:image:height\" content=\"630\" \/>\n\t<meta property=\"og:image:type\" content=\"image\/jpeg\" \/>\n<meta name=\"twitter:card\" content=\"summary_large_image\" \/>\n<meta name=\"twitter:label1\" content=\"Price\" \/>\n\t<meta name=\"twitter:data1\" content=\"164,00&nbsp;&euro;\" \/>\n\t<meta name=\"twitter:label2\" content=\"Availability\" \/>\n\t<meta name=\"twitter:data2\" content=\"In stock\" \/>\n<script type=\"application\/ld+json\" class=\"yoast-schema-graph\">{\"@context\":\"https:\/\/schema.org\",\"@graph\":[{\"@type\":\"WebPage\",\"@id\":\"https:\/\/www.ankarsrum.com\/fi\/product\/viljamylly\/\",\"url\":\"https:\/\/www.ankarsrum.com\/fi\/product\/viljamylly\/\",\"name\":\"Viljamylly - Ankarsrum Finland\",\"isPartOf\":{\"@id\":\"https:\/\/www.ankarsrum.com\/fi\/#website\"},\"primaryImageOfPage\":{\"@id\":\"https:\/\/www.ankarsrum.com\/fi\/product\/viljamylly\/#primaryimage\"},\"image\":{\"@id\":\"https:\/\/www.ankarsrum.com\/fi\/product\/viljamylly\/#primaryimage\"},\"thumbnailUrl\":\"https:\/\/www.ankarsrum.com\/img-srv\/JOljGLusJjEHV2e61dCL4UDvnzrNBCLFmi62tx5C-8M\/resizing_type:auto\/width:0\/height:0\/gravity:sm\/enlarge:1\/ext:webp\/strip_metadata:1\/quality:90\/cachebuster:filesize-77435\/bG9jYWw6Ly8vd3d3LmFua2Fyc3J1bS5jb20vd3AtY29udGVudC91cGxvYWRzL3NpdGVzLzU3LzIwMjQvMDkvZ3JhaW4tbWlsbC5qcGc.webp\",\"datePublished\":\"2024-07-15T13:37:53+00:00\",\"dateModified\":\"2026-04-15T03:17:30+00:00\",\"breadcrumb\":{\"@id\":\"https:\/\/www.ankarsrum.com\/fi\/product\/viljamylly\/#breadcrumb\"},\"inLanguage\":\"fi\",\"potentialAction\":[{\"@type\":\"ReadAction\",\"target\":[\"https:\/\/www.ankarsrum.com\/fi\/product\/viljamylly\/\"]}]},{\"@type\":\"ImageObject\",\"inLanguage\":\"fi\",\"@id\":\"https:\/\/www.ankarsrum.com\/fi\/product\/viljamylly\/#primaryimage\",\"url\":\"https:\/\/www.ankarsrum.com\/img-srv\/JOljGLusJjEHV2e61dCL4UDvnzrNBCLFmi62tx5C-8M\/resizing_type:auto\/width:0\/height:0\/gravity:sm\/enlarge:1\/ext:webp\/strip_metadata:1\/quality:90\/cachebuster:filesize-77435\/bG9jYWw6Ly8vd3d3LmFua2Fyc3J1bS5jb20vd3AtY29udGVudC91cGxvYWRzL3NpdGVzLzU3LzIwMjQvMDkvZ3JhaW4tbWlsbC5qcGc.webp\",\"contentUrl\":\"https:\/\/www.ankarsrum.com\/img-srv\/JOljGLusJjEHV2e61dCL4UDvnzrNBCLFmi62tx5C-8M\/resizing_type:auto\/width:0\/height:0\/gravity:sm\/enlarge:1\/ext:webp\/strip_metadata:1\/quality:90\/cachebuster:filesize-77435\/bG9jYWw6Ly8vd3d3LmFua2Fyc3J1bS5jb20vd3AtY29udGVudC91cGxvYWRzL3NpdGVzLzU3LzIwMjQvMDkvZ3JhaW4tbWlsbC5qcGc.webp\",\"width\":2000,\"height\":2000},{\"@type\":\"BreadcrumbList\",\"@id\":\"https:\/\/www.ankarsrum.com\/fi\/product\/viljamylly\/#breadcrumb\",\"itemListElement\":[{\"@type\":\"ListItem\",\"position\":1,\"name\":\"Home\",\"item\":\"https:\/\/www.ankarsrum.com\/fi\/\"},{\"@type\":\"ListItem\",\"position\":2,\"name\":\"Produce name\",\"item\":\"https:\/\/www.ankarsrum.com\/fi\/shop\/\"},{\"@type\":\"ListItem\",\"position\":3,\"name\":\"Viljamylly\"}]},{\"@type\":\"WebSite\",\"@id\":\"https:\/\/www.ankarsrum.com\/fi\/#website\",\"url\":\"https:\/\/www.ankarsrum.com\/fi\/\",\"name\":\"Ankarsrum Finland\",\"description\":\"The bread of the world\",\"potentialAction\":[{\"@type\":\"SearchAction\",\"target\":{\"@type\":\"EntryPoint\",\"urlTemplate\":\"https:\/\/www.ankarsrum.com\/fi\/?s={search_term_string}\"},\"query-input\":{\"@type\":\"PropertyValueSpecification\",\"valueRequired\":true,\"valueName\":\"search_term_string\"}}],\"inLanguage\":\"fi\"}]}<\/script>\n<meta property=\"product:price:amount\" content=\"164.00\" \/>\n<meta property=\"product:price:currency\" content=\"EUR\" \/>\n<meta property=\"og:availability\" content=\"instock\" \/>\n<meta property=\"product:availability\" content=\"instock\" \/>\n<meta property=\"product:retailer_item_id\" content=\"920900045\" \/>\n<meta property=\"product:condition\" content=\"new\" \/>\n<!-- \/ Yoast SEO Premium plugin. -->","yoast_head_json":{"title":"Viljamylly - Ankarsrum Finland","robots":{"index":"index","follow":"follow","max-snippet":"max-snippet:-1","max-image-preview":"max-image-preview:large","max-video-preview":"max-video-preview:-1"},"canonical":"https:\/\/www.ankarsrum.com\/fi\/product\/viljamylly\/","og_locale":"fi_FI","og_type":"article","og_title":"Viljamylly","og_description":"Jauha omat kuiva-aineesi \u2013 sin\u00e4 p\u00e4\u00e4t\u00e4t lopputuloksen rakenteen! Ankarsrumin viljamyllyll\u00e4 jauhat viljojen lis\u00e4ksi helposti my\u00f6s mausteet, kahvipavut ja p\u00e4hkin\u00e4t. S\u00e4\u00e4d\u00e4 karkeus juuri sellaiseksi kuin haluat ja nauti tuoreista aineksista, jotka ovat t\u00e4ynn\u00e4 makua.","og_url":"https:\/\/www.ankarsrum.com\/fi\/product\/viljamylly\/","og_site_name":"Ankarsrum Finland","article_modified_time":"2026-04-15T03:17:30+00:00","og_image":[{"width":1200,"height":630,"url":"https:\/\/www.ankarsrum.com\/fi\/wp-content\/uploads\/sites\/57\/2024\/09\/grain-mill.jpg","type":"image\/jpeg"}],"twitter_card":"summary_large_image","twitter_misc":{"Price":"164,00&nbsp;&euro;","Availability":"In stock"},"schema":{"@context":"https:\/\/schema.org","@graph":[{"@type":"WebPage","@id":"https:\/\/www.ankarsrum.com\/fi\/product\/viljamylly\/","url":"https:\/\/www.ankarsrum.com\/fi\/product\/viljamylly\/","name":"Viljamylly - Ankarsrum Finland","isPartOf":{"@id":"https:\/\/www.ankarsrum.com\/fi\/#website"},"primaryImageOfPage":{"@id":"https:\/\/www.ankarsrum.com\/fi\/product\/viljamylly\/#primaryimage"},"image":{"@id":"https:\/\/www.ankarsrum.com\/fi\/product\/viljamylly\/#primaryimage"},"thumbnailUrl":"https:\/\/www.ankarsrum.com\/img-srv\/JOljGLusJjEHV2e61dCL4UDvnzrNBCLFmi62tx5C-8M\/resizing_type:auto\/width:0\/height:0\/gravity:sm\/enlarge:1\/ext:webp\/strip_metadata:1\/quality:90\/cachebuster:filesize-77435\/bG9jYWw6Ly8vd3d3LmFua2Fyc3J1bS5jb20vd3AtY29udGVudC91cGxvYWRzL3NpdGVzLzU3LzIwMjQvMDkvZ3JhaW4tbWlsbC5qcGc.webp","datePublished":"2024-07-15T13:37:53+00:00","dateModified":"2026-04-15T03:17:30+00:00","breadcrumb":{"@id":"https:\/\/www.ankarsrum.com\/fi\/product\/viljamylly\/#breadcrumb"},"inLanguage":"fi","potentialAction":[{"@type":"ReadAction","target":["https:\/\/www.ankarsrum.com\/fi\/product\/viljamylly\/"]}]},{"@type":"ImageObject","inLanguage":"fi","@id":"https:\/\/www.ankarsrum.com\/fi\/product\/viljamylly\/#primaryimage","url":"https:\/\/www.ankarsrum.com\/img-srv\/JOljGLusJjEHV2e61dCL4UDvnzrNBCLFmi62tx5C-8M\/resizing_type:auto\/width:0\/height:0\/gravity:sm\/enlarge:1\/ext:webp\/strip_metadata:1\/quality:90\/cachebuster:filesize-77435\/bG9jYWw6Ly8vd3d3LmFua2Fyc3J1bS5jb20vd3AtY29udGVudC91cGxvYWRzL3NpdGVzLzU3LzIwMjQvMDkvZ3JhaW4tbWlsbC5qcGc.webp","contentUrl":"https:\/\/www.ankarsrum.com\/img-srv\/JOljGLusJjEHV2e61dCL4UDvnzrNBCLFmi62tx5C-8M\/resizing_type:auto\/width:0\/height:0\/gravity:sm\/enlarge:1\/ext:webp\/strip_metadata:1\/quality:90\/cachebuster:filesize-77435\/bG9jYWw6Ly8vd3d3LmFua2Fyc3J1bS5jb20vd3AtY29udGVudC91cGxvYWRzL3NpdGVzLzU3LzIwMjQvMDkvZ3JhaW4tbWlsbC5qcGc.webp","width":2000,"height":2000},{"@type":"BreadcrumbList","@id":"https:\/\/www.ankarsrum.com\/fi\/product\/viljamylly\/#breadcrumb","itemListElement":[{"@type":"ListItem","position":1,"name":"Home","item":"https:\/\/www.ankarsrum.com\/fi\/"},{"@type":"ListItem","position":2,"name":"Produce name","item":"https:\/\/www.ankarsrum.com\/fi\/shop\/"},{"@type":"ListItem","position":3,"name":"Viljamylly"}]},{"@type":"WebSite","@id":"https:\/\/www.ankarsrum.com\/fi\/#website","url":"https:\/\/www.ankarsrum.com\/fi\/","name":"Ankarsrum Finland","description":"The bread of the world","potentialAction":[{"@type":"SearchAction","target":{"@type":"EntryPoint","urlTemplate":"https:\/\/www.ankarsrum.com\/fi\/?s={search_term_string}"},"query-input":{"@type":"PropertyValueSpecification","valueRequired":true,"valueName":"search_term_string"}}],"inLanguage":"fi"}]},"product_price_amount":"164.00","product_price_currency":"EUR","og_availability":"instock","product_availability":"instock","product_retailer_item_id":"920900045","product_condition":"new"},"_links":{"self":[{"href":"https:\/\/www.ankarsrum.com\/fi\/wp-json\/wp\/v2\/product\/15249","targetHints":{"allow":["GET"]}}],"collection":[{"href":"https:\/\/www.ankarsrum.com\/fi\/wp-json\/wp\/v2\/product"}],"about":[{"href":"https:\/\/www.ankarsrum.com\/fi\/wp-json\/wp\/v2\/types\/product"}],"replies":[{"embeddable":true,"href":"https:\/\/www.ankarsrum.com\/fi\/wp-json\/wp\/v2\/comments?post=15249"}],"wp:featuredmedia":[{"embeddable":true,"href":"https:\/\/www.ankarsrum.com\/fi\/wp-json\/wp\/v2\/media\/18122"}],"wp:attachment":[{"href":"https:\/\/www.ankarsrum.com\/fi\/wp-json\/wp\/v2\/media?parent=15249"}],"wp:term":[{"taxonomy":"product_brand","embeddable":true,"href":"https:\/\/www.ankarsrum.com\/fi\/wp-json\/wp\/v2\/product_brand?post=15249"},{"taxonomy":"product_cat","embeddable":true,"href":"https:\/\/www.ankarsrum.com\/fi\/wp-json\/wp\/v2\/product_cat?post=15249"},{"taxonomy":"product_tag","embeddable":true,"href":"https:\/\/www.ankarsrum.com\/fi\/wp-json\/wp\/v2\/product_tag?post=15249"},{"taxonomy":"product-tag","embeddable":true,"href":"https:\/\/www.ankarsrum.com\/fi\/wp-json\/wp\/v2\/product-tag?post=15249"},{"taxonomy":"machines","embeddable":true,"href":"https:\/\/www.ankarsrum.com\/fi\/wp-json\/wp\/v2\/machines?post=15249"},{"taxonomy":"filter","embeddable":true,"href":"https:\/\/www.ankarsrum.com\/fi\/wp-json\/wp\/v2\/filter?post=15249"}],"curies":[{"name":"wp","href":"https:\/\/api.w.org\/{rel}","templated":true}]}}