{"id":15255,"date":"2024-07-16T07:17:29","date_gmt":"2024-07-16T07:17:29","guid":{"rendered":"https:\/\/www.ankarsrum.com\/fi\/product\/lihamylly-syyspakkaus\/"},"modified":"2026-04-16T03:22:25","modified_gmt":"2026-04-16T03:22:25","slug":"lihamylly-syyspakkaus","status":"publish","type":"product","link":"https:\/\/www.ankarsrum.com\/fi\/product\/lihamylly-syyspakkaus\/","title":{"rendered":"Lihamylly, syyspakkaus"},"content":{"rendered":"<p><span>Ankarsrum-lihamylly antaa vapauden luoviin kokeiluihin \u2013 jauhatpa sitten lihaa tai kalaa, tai kikherneit\u00e4 pihveiksi tai falafeleiksi. Ankarsrum Assistent Originaliin kiinnitett\u00e4v\u00e4 lihamylly hy\u00f6dynt\u00e4\u00e4 yleiskoneen voimakasta moottoria, joten voit jauhaa suuriakin m\u00e4\u00e4ri\u00e4 aineksia tehokkaasti ja vaivattomasti.<\/span><\/p>\n<p><span>Ruotsissa valmistettu lihamylly on k\u00e4sity\u00f6l\u00e4isyyden taidonn\u00e4yte. Syyspakkaus t\u00e4ydent\u00e4\u00e4 jokaisen kotikokin, mets\u00e4st\u00e4j\u00e4n ja kulinaristin keitti\u00f6laitevalikoiman. Mukana on kaikki, mit\u00e4 tarvitset valjastaaksesi k\u00e4ytt\u00f6\u00f6n keitti\u00f6si koko potentiaalin:<\/span><\/p>\n<ul>\n<li><span>Lihamylly, jolla jauhat lihaa, kalaa ja kasvipohjaisia vaihtoehtoja<\/span><\/li>\n<li><span>Kolme makkarasuppiloa makkaroiden tekemiseen<\/span><\/li>\n<li><span>Reik\u00e4levy tarkkaan jauhamiseen<\/span><\/li>\n<li><span>Marja- ja hedelm\u00e4puserrin, jolla teet sosetta, kastiketta ja hilloa<\/span><\/li>\n<\/ul>\n<p><span>Haluatko s\u00e4\u00e4t\u00e4\u00e4 jauhatuksen rakennetta tarkemmin? Eri kokoisia Ankarsrum-reik\u00e4levyj\u00e4 on myyt\u00e4v\u00e4n\u00e4 erikseen.<\/span><\/p>\n<p><span>Marja- ja hedelm\u00e4pusertimella teet soseita, vauvanruokaa, tomaattikastiketta ja hilloa \u2013 ota puutarhan maut talteen ja nauti itse tehdyist\u00e4 herkuista ymp\u00e4ri vuoden. Lihamyllyn syyspakkaus sis\u00e4lt\u00e4\u00e4 kaiken, mit\u00e4 tarvitset sadonkorjuun ajan ruoanlaittoon. <\/span><span>Ruoka maistuu aina paremmalta, kun se on tehty aineksista, joihin luotat! Ankarsrum-lihamylly on enemm\u00e4n kuin keitti\u00f6v\u00e4line \u2013 se on avain herkullisempaan ja henkil\u00f6kohtaisempaan ruokaan.<\/span><span>\u00a0<\/span><\/p>\n<p><strong><span>Lihamylly on yhteensopiva seuraavien Ankarsrum Assistent Original -mallien kanssa \u2013 Tyyppi: N1\u2013N30 | Tyyppi: N30 \/ Malli: AKM6230<br \/><\/span><\/strong><strong><span>Marja- ja hedelm\u00e4puserrin on yhteensopiva lihamyllymallin 10 kanssa. Mallinumero \u201d10\u201d on leimattu 4-ter\u00e4iseen veitseen.<\/span><\/strong><\/p>\n<p><span>Mit\u00e4 pakkaukseen sis\u00e4ltyy?<\/span><\/p>\n<ul>\n<li><span>Lihamyllyn runko ja sy\u00f6tt\u00f6ruuvi<\/span><\/li>\n<li><span>4-ter\u00e4inen veitsi<\/span><\/li>\n<li><span>3 makkarasuppiloa (10\/20\/25 mm)<\/span><\/li>\n<li><span>Sy\u00f6tt\u00f6lautanen<\/span><\/li>\n<li><span>Sy\u00f6tt\u00f6tulppa<\/span><\/li>\n<li><span>4,5 mm:n reik\u00e4levy<\/span><\/li>\n<li><span>Roiskesuoja<\/span><\/li>\n<li><span>Marja- ja hedelm\u00e4puserrin: Pusertimen sy\u00f6tt\u00f6ruuvi, venttiili, sylinteri, kouru, s\u00e4\u00e4t\u00f6nuppi ja pultti<\/span><\/li>\n<\/ul>","protected":false},"excerpt":{"rendered":"<p class=\"MsoNormal\" style=\"line-height: 150%;\"><span>Ota kaikki irti Ankarsrum Assistent Originalistasi lihamyllyn avulla! Syyspakkauksessa on mukana kaikki, mit\u00e4 tarvitset lihan, kalan ja kasvisten jauhamiseen, marjojen ja hedelmien pusertamiseen ja makkaroiden tekemiseen \u2013 helposti ja nopeasti. T\u00e4ydellinen lis\u00e4varuste kotikokille, joka haluaa laittaa ruoan alusta asti itse, ottaa sadonkorjuun maut talteen ja intoutua luoviin kokeiluihin keitti\u00f6ss\u00e4.<\/span><\/p>\n","protected":false},"featured_media":18134,"comment_status":"open","ping_status":"closed","template":"","meta":{"_acf_changed":false,"content-type":"","editor_notices":[]},"product_brand":[],"product_cat":[455],"product_tag":[],"product-tag":[],"machines":[],"filter":[271,288],"class_list":{"0":"post-15255","1":"product","2":"type-product","3":"status-publish","4":"has-post-thumbnail","6":"product_cat-lisavarusteet","7":"filter-lihamylly","8":"filter-ruoka","10":"first","11":"instock","12":"taxable","13":"shipping-taxable","14":"purchasable","15":"product-type-simple"},"bundled_by":[],"bundle_stock_status":"instock","bundle_stock_quantity":null,"bundle_virtual":false,"bundle_layout":"","bundle_add_to_cart_form_location":"","bundle_editable_in_cart":false,"bundle_sold_individually_context":"","bundle_item_grouping":"","bundle_min_size":"","bundle_max_size":"","bundle_price":[],"bundled_items":[],"bundle_sell_ids":[],"acf":[],"yoast_head":"<!-- This site is optimized with the Yoast SEO Premium plugin v26.6 (Yoast SEO v26.6) - https:\/\/yoast.com\/wordpress\/plugins\/seo\/ -->\n<title>Lihamylly, syyspakkaus - Ankarsrum Finland<\/title>\n<meta name=\"robots\" content=\"index, follow, max-snippet:-1, max-image-preview:large, max-video-preview:-1\" \/>\n<link rel=\"canonical\" href=\"https:\/\/www.ankarsrum.com\/fi\/product\/lihamylly-syyspakkaus\/\" \/>\n<meta property=\"og:locale\" content=\"fi_FI\" \/>\n<meta property=\"og:type\" content=\"article\" \/>\n<meta property=\"og:title\" content=\"Lihamylly, syyspakkaus\" \/>\n<meta property=\"og:description\" content=\"Ota kaikki irti Ankarsrum Assistent Originalistasi lihamyllyn avulla! Syyspakkauksessa on mukana kaikki, mit\u00e4 tarvitset lihan, kalan ja kasvisten jauhamiseen, marjojen ja hedelmien pusertamiseen ja makkaroiden tekemiseen \u2013 helposti ja nopeasti. T\u00e4ydellinen lis\u00e4varuste kotikokille, joka haluaa laittaa ruoan alusta asti itse, ottaa sadonkorjuun maut talteen ja intoutua luoviin kokeiluihin keitti\u00f6ss\u00e4.\" \/>\n<meta property=\"og:url\" content=\"https:\/\/www.ankarsrum.com\/fi\/product\/lihamylly-syyspakkaus\/\" \/>\n<meta property=\"og:site_name\" content=\"Ankarsrum Finland\" \/>\n<meta property=\"article:modified_time\" content=\"2026-04-16T03:22:25+00:00\" \/>\n<meta property=\"og:image\" content=\"https:\/\/www.ankarsrum.com\/fi\/wp-content\/uploads\/sites\/57\/2024\/09\/mincer-harvest.jpg\" \/>\n\t<meta property=\"og:image:width\" content=\"1080\" \/>\n\t<meta property=\"og:image:height\" content=\"630\" \/>\n\t<meta property=\"og:image:type\" content=\"image\/jpeg\" \/>\n<meta name=\"twitter:card\" content=\"summary_large_image\" \/>\n<meta name=\"twitter:label1\" content=\"Price\" \/>\n\t<meta name=\"twitter:data1\" content=\"208,00&nbsp;&euro;\" \/>\n\t<meta name=\"twitter:label2\" content=\"Availability\" \/>\n\t<meta name=\"twitter:data2\" content=\"In stock\" \/>\n<script type=\"application\/ld+json\" class=\"yoast-schema-graph\">{\"@context\":\"https:\/\/schema.org\",\"@graph\":[{\"@type\":\"WebPage\",\"@id\":\"https:\/\/www.ankarsrum.com\/fi\/product\/lihamylly-syyspakkaus\/\",\"url\":\"https:\/\/www.ankarsrum.com\/fi\/product\/lihamylly-syyspakkaus\/\",\"name\":\"Lihamylly, syyspakkaus - Ankarsrum Finland\",\"isPartOf\":{\"@id\":\"https:\/\/www.ankarsrum.com\/fi\/#website\"},\"primaryImageOfPage\":{\"@id\":\"https:\/\/www.ankarsrum.com\/fi\/product\/lihamylly-syyspakkaus\/#primaryimage\"},\"image\":{\"@id\":\"https:\/\/www.ankarsrum.com\/fi\/product\/lihamylly-syyspakkaus\/#primaryimage\"},\"thumbnailUrl\":\"https:\/\/www.ankarsrum.com\/img-srv\/_Jb0lR4ewrQq5-rY3ObljtcKJr6jQI8lhemlUV2SYcY\/resizing_type:auto\/width:0\/height:0\/gravity:sm\/enlarge:1\/ext:webp\/strip_metadata:1\/quality:90\/cachebuster:filesize-64170\/bG9jYWw6Ly8vd3d3LmFua2Fyc3J1bS5jb20vd3AtY29udGVudC91cGxvYWRzL3NpdGVzLzU3LzIwMjQvMDkvbWluY2VyLWhhcnZlc3QuanBn.webp\",\"datePublished\":\"2024-07-16T07:17:29+00:00\",\"dateModified\":\"2026-04-16T03:22:25+00:00\",\"breadcrumb\":{\"@id\":\"https:\/\/www.ankarsrum.com\/fi\/product\/lihamylly-syyspakkaus\/#breadcrumb\"},\"inLanguage\":\"fi\",\"potentialAction\":[{\"@type\":\"ReadAction\",\"target\":[\"https:\/\/www.ankarsrum.com\/fi\/product\/lihamylly-syyspakkaus\/\"]}]},{\"@type\":\"ImageObject\",\"inLanguage\":\"fi\",\"@id\":\"https:\/\/www.ankarsrum.com\/fi\/product\/lihamylly-syyspakkaus\/#primaryimage\",\"url\":\"https:\/\/www.ankarsrum.com\/img-srv\/_Jb0lR4ewrQq5-rY3ObljtcKJr6jQI8lhemlUV2SYcY\/resizing_type:auto\/width:0\/height:0\/gravity:sm\/enlarge:1\/ext:webp\/strip_metadata:1\/quality:90\/cachebuster:filesize-64170\/bG9jYWw6Ly8vd3d3LmFua2Fyc3J1bS5jb20vd3AtY29udGVudC91cGxvYWRzL3NpdGVzLzU3LzIwMjQvMDkvbWluY2VyLWhhcnZlc3QuanBn.webp\",\"contentUrl\":\"https:\/\/www.ankarsrum.com\/img-srv\/_Jb0lR4ewrQq5-rY3ObljtcKJr6jQI8lhemlUV2SYcY\/resizing_type:auto\/width:0\/height:0\/gravity:sm\/enlarge:1\/ext:webp\/strip_metadata:1\/quality:90\/cachebuster:filesize-64170\/bG9jYWw6Ly8vd3d3LmFua2Fyc3J1bS5jb20vd3AtY29udGVudC91cGxvYWRzL3NpdGVzLzU3LzIwMjQvMDkvbWluY2VyLWhhcnZlc3QuanBn.webp\",\"width\":1080,\"height\":1080},{\"@type\":\"BreadcrumbList\",\"@id\":\"https:\/\/www.ankarsrum.com\/fi\/product\/lihamylly-syyspakkaus\/#breadcrumb\",\"itemListElement\":[{\"@type\":\"ListItem\",\"position\":1,\"name\":\"Home\",\"item\":\"https:\/\/www.ankarsrum.com\/fi\/\"},{\"@type\":\"ListItem\",\"position\":2,\"name\":\"Produce name\",\"item\":\"https:\/\/www.ankarsrum.com\/fi\/shop\/\"},{\"@type\":\"ListItem\",\"position\":3,\"name\":\"Lihamylly, syyspakkaus\"}]},{\"@type\":\"WebSite\",\"@id\":\"https:\/\/www.ankarsrum.com\/fi\/#website\",\"url\":\"https:\/\/www.ankarsrum.com\/fi\/\",\"name\":\"Ankarsrum Finland\",\"description\":\"The bread of the world\",\"potentialAction\":[{\"@type\":\"SearchAction\",\"target\":{\"@type\":\"EntryPoint\",\"urlTemplate\":\"https:\/\/www.ankarsrum.com\/fi\/?s={search_term_string}\"},\"query-input\":{\"@type\":\"PropertyValueSpecification\",\"valueRequired\":true,\"valueName\":\"search_term_string\"}}],\"inLanguage\":\"fi\"}]}<\/script>\n<meta property=\"product:price:amount\" content=\"208.00\" \/>\n<meta property=\"product:price:currency\" content=\"EUR\" \/>\n<meta property=\"og:availability\" content=\"instock\" \/>\n<meta property=\"product:availability\" content=\"instock\" \/>\n<meta property=\"product:retailer_item_id\" content=\"920900059\" \/>\n<meta property=\"product:condition\" content=\"new\" \/>\n<!-- \/ Yoast SEO Premium plugin. -->","yoast_head_json":{"title":"Lihamylly, syyspakkaus - Ankarsrum Finland","robots":{"index":"index","follow":"follow","max-snippet":"max-snippet:-1","max-image-preview":"max-image-preview:large","max-video-preview":"max-video-preview:-1"},"canonical":"https:\/\/www.ankarsrum.com\/fi\/product\/lihamylly-syyspakkaus\/","og_locale":"fi_FI","og_type":"article","og_title":"Lihamylly, syyspakkaus","og_description":"Ota kaikki irti Ankarsrum Assistent Originalistasi lihamyllyn avulla! Syyspakkauksessa on mukana kaikki, mit\u00e4 tarvitset lihan, kalan ja kasvisten jauhamiseen, marjojen ja hedelmien pusertamiseen ja makkaroiden tekemiseen \u2013 helposti ja nopeasti. T\u00e4ydellinen lis\u00e4varuste kotikokille, joka haluaa laittaa ruoan alusta asti itse, ottaa sadonkorjuun maut talteen ja intoutua luoviin kokeiluihin keitti\u00f6ss\u00e4.","og_url":"https:\/\/www.ankarsrum.com\/fi\/product\/lihamylly-syyspakkaus\/","og_site_name":"Ankarsrum Finland","article_modified_time":"2026-04-16T03:22:25+00:00","og_image":[{"width":1080,"height":630,"url":"https:\/\/www.ankarsrum.com\/fi\/wp-content\/uploads\/sites\/57\/2024\/09\/mincer-harvest.jpg","type":"image\/jpeg"}],"twitter_card":"summary_large_image","twitter_misc":{"Price":"208,00&nbsp;&euro;","Availability":"In stock"},"schema":{"@context":"https:\/\/schema.org","@graph":[{"@type":"WebPage","@id":"https:\/\/www.ankarsrum.com\/fi\/product\/lihamylly-syyspakkaus\/","url":"https:\/\/www.ankarsrum.com\/fi\/product\/lihamylly-syyspakkaus\/","name":"Lihamylly, syyspakkaus - Ankarsrum Finland","isPartOf":{"@id":"https:\/\/www.ankarsrum.com\/fi\/#website"},"primaryImageOfPage":{"@id":"https:\/\/www.ankarsrum.com\/fi\/product\/lihamylly-syyspakkaus\/#primaryimage"},"image":{"@id":"https:\/\/www.ankarsrum.com\/fi\/product\/lihamylly-syyspakkaus\/#primaryimage"},"thumbnailUrl":"https:\/\/www.ankarsrum.com\/img-srv\/_Jb0lR4ewrQq5-rY3ObljtcKJr6jQI8lhemlUV2SYcY\/resizing_type:auto\/width:0\/height:0\/gravity:sm\/enlarge:1\/ext:webp\/strip_metadata:1\/quality:90\/cachebuster:filesize-64170\/bG9jYWw6Ly8vd3d3LmFua2Fyc3J1bS5jb20vd3AtY29udGVudC91cGxvYWRzL3NpdGVzLzU3LzIwMjQvMDkvbWluY2VyLWhhcnZlc3QuanBn.webp","datePublished":"2024-07-16T07:17:29+00:00","dateModified":"2026-04-16T03:22:25+00:00","breadcrumb":{"@id":"https:\/\/www.ankarsrum.com\/fi\/product\/lihamylly-syyspakkaus\/#breadcrumb"},"inLanguage":"fi","potentialAction":[{"@type":"ReadAction","target":["https:\/\/www.ankarsrum.com\/fi\/product\/lihamylly-syyspakkaus\/"]}]},{"@type":"ImageObject","inLanguage":"fi","@id":"https:\/\/www.ankarsrum.com\/fi\/product\/lihamylly-syyspakkaus\/#primaryimage","url":"https:\/\/www.ankarsrum.com\/img-srv\/_Jb0lR4ewrQq5-rY3ObljtcKJr6jQI8lhemlUV2SYcY\/resizing_type:auto\/width:0\/height:0\/gravity:sm\/enlarge:1\/ext:webp\/strip_metadata:1\/quality:90\/cachebuster:filesize-64170\/bG9jYWw6Ly8vd3d3LmFua2Fyc3J1bS5jb20vd3AtY29udGVudC91cGxvYWRzL3NpdGVzLzU3LzIwMjQvMDkvbWluY2VyLWhhcnZlc3QuanBn.webp","contentUrl":"https:\/\/www.ankarsrum.com\/img-srv\/_Jb0lR4ewrQq5-rY3ObljtcKJr6jQI8lhemlUV2SYcY\/resizing_type:auto\/width:0\/height:0\/gravity:sm\/enlarge:1\/ext:webp\/strip_metadata:1\/quality:90\/cachebuster:filesize-64170\/bG9jYWw6Ly8vd3d3LmFua2Fyc3J1bS5jb20vd3AtY29udGVudC91cGxvYWRzL3NpdGVzLzU3LzIwMjQvMDkvbWluY2VyLWhhcnZlc3QuanBn.webp","width":1080,"height":1080},{"@type":"BreadcrumbList","@id":"https:\/\/www.ankarsrum.com\/fi\/product\/lihamylly-syyspakkaus\/#breadcrumb","itemListElement":[{"@type":"ListItem","position":1,"name":"Home","item":"https:\/\/www.ankarsrum.com\/fi\/"},{"@type":"ListItem","position":2,"name":"Produce name","item":"https:\/\/www.ankarsrum.com\/fi\/shop\/"},{"@type":"ListItem","position":3,"name":"Lihamylly, syyspakkaus"}]},{"@type":"WebSite","@id":"https:\/\/www.ankarsrum.com\/fi\/#website","url":"https:\/\/www.ankarsrum.com\/fi\/","name":"Ankarsrum Finland","description":"The bread of the world","potentialAction":[{"@type":"SearchAction","target":{"@type":"EntryPoint","urlTemplate":"https:\/\/www.ankarsrum.com\/fi\/?s={search_term_string}"},"query-input":{"@type":"PropertyValueSpecification","valueRequired":true,"valueName":"search_term_string"}}],"inLanguage":"fi"}]},"product_price_amount":"208.00","product_price_currency":"EUR","og_availability":"instock","product_availability":"instock","product_retailer_item_id":"920900059","product_condition":"new"},"_links":{"self":[{"href":"https:\/\/www.ankarsrum.com\/fi\/wp-json\/wp\/v2\/product\/15255","targetHints":{"allow":["GET"]}}],"collection":[{"href":"https:\/\/www.ankarsrum.com\/fi\/wp-json\/wp\/v2\/product"}],"about":[{"href":"https:\/\/www.ankarsrum.com\/fi\/wp-json\/wp\/v2\/types\/product"}],"replies":[{"embeddable":true,"href":"https:\/\/www.ankarsrum.com\/fi\/wp-json\/wp\/v2\/comments?post=15255"}],"wp:featuredmedia":[{"embeddable":true,"href":"https:\/\/www.ankarsrum.com\/fi\/wp-json\/wp\/v2\/media\/18134"}],"wp:attachment":[{"href":"https:\/\/www.ankarsrum.com\/fi\/wp-json\/wp\/v2\/media?parent=15255"}],"wp:term":[{"taxonomy":"product_brand","embeddable":true,"href":"https:\/\/www.ankarsrum.com\/fi\/wp-json\/wp\/v2\/product_brand?post=15255"},{"taxonomy":"product_cat","embeddable":true,"href":"https:\/\/www.ankarsrum.com\/fi\/wp-json\/wp\/v2\/product_cat?post=15255"},{"taxonomy":"product_tag","embeddable":true,"href":"https:\/\/www.ankarsrum.com\/fi\/wp-json\/wp\/v2\/product_tag?post=15255"},{"taxonomy":"product-tag","embeddable":true,"href":"https:\/\/www.ankarsrum.com\/fi\/wp-json\/wp\/v2\/product-tag?post=15255"},{"taxonomy":"machines","embeddable":true,"href":"https:\/\/www.ankarsrum.com\/fi\/wp-json\/wp\/v2\/machines?post=15255"},{"taxonomy":"filter","embeddable":true,"href":"https:\/\/www.ankarsrum.com\/fi\/wp-json\/wp\/v2\/filter?post=15255"}],"curies":[{"name":"wp","href":"https:\/\/api.w.org\/{rel}","templated":true}]}}