{"id":15257,"date":"2024-07-16T07:28:42","date_gmt":"2024-07-16T07:28:42","guid":{"rendered":"https:\/\/www.ankarsrum.com\/fi\/product\/lihamylly-metsastyspakkaus\/"},"modified":"2026-04-17T03:27:30","modified_gmt":"2026-04-17T03:27:30","slug":"lihamylly-metsastyspakkaus","status":"publish","type":"product","link":"https:\/\/www.ankarsrum.com\/fi\/product\/lihamylly-metsastyspakkaus\/","title":{"rendered":"Lihamylly, mets\u00e4styspakkaus"},"content":{"rendered":"<p><span>Ankarsrum-lihamylly antaa vapauden luoviin kokeiluihin \u2013 jauhatpa sitten lihaa tai kalaa, tai kikherneit\u00e4 pihveiksi tai falafeleiksi. Ankarsrum Assistent Originaliin kiinnitett\u00e4v\u00e4 lihamylly hy\u00f6dynt\u00e4\u00e4 yleiskoneen voimakasta moottoria, joten voit jauhaa suuriakin m\u00e4\u00e4ri\u00e4 aineksia tehokkaasti ja vaivattomasti.<\/span><\/p>\n<p><span>Ruotsissa valmistettu lihamylly on k\u00e4sity\u00f6l\u00e4isyyden taidonn\u00e4yte. Mets\u00e4styspakkaus t\u00e4ydent\u00e4\u00e4 jokaisen kotikokin, mets\u00e4st\u00e4j\u00e4n ja kulinaristin keitti\u00f6laitevalikoiman. Pakkaukseen sis\u00e4ltyy nelj\u00e4 reik\u00e4levy\u00e4 (2,5\/4,5\/6\/8 mm), joilla saat s\u00e4\u00e4detty\u00e4 lopputulosta \u2013 jauha liha erityisen hienoksi tai j\u00e4t\u00e4 riista hieman karkeammaksi.<\/span><\/p>\n<p><span>Lihamyllyn mets\u00e4styspakkauksen avulla saat hallittua tekstuuria tarkasti. T\u00e4m\u00e4 pakkaus sopii erityisen hyvin lihan ja riistan k\u00e4sittelyyn. Teetp\u00e4 sitten makkaroita, hampurilaispihvej\u00e4 tai kasvisruokia, sin\u00e4 p\u00e4\u00e4t\u00e4t itse, mit\u00e4 reseptiisi tulee. Ruoka maistuu aina paremmalta, kun se on tehty aineksista, joihin luotat!<\/span><\/p>\n<p><strong><span>Lihamylly on yhteensopiva seuraavien Ankarsrum Assistent Original -mallien kanssa \u2013 Tyyppi: N1\u2013N30 | Tyyppi: N30 \/ Malli: AKM6230<\/span><\/strong><\/p>\n<p><span>Mit\u00e4 pakkaukseen sis\u00e4ltyy?<\/span><\/p>\n<ul>\n<li><span>Lihamyllyn runko ja sy\u00f6tt\u00f6ruuvi<\/span><\/li>\n<li><span>4-ter\u00e4inen veitsi<\/span><\/li>\n<li><span>3 makkarasuppiloa (10\/20\/25\u00a0mm)<\/span><\/li>\n<li><span>Sy\u00f6tt\u00f6lautanen<\/span><\/li>\n<li><span>Sy\u00f6tt\u00f6tulppa<\/span><\/li>\n<li><span>Nelj\u00e4 reik\u00e4levy\u00e4: 2,5\/4,5\/6\/8\u00a0mm<\/span><\/li>\n<li><span>Roiskesuoja<\/span><\/li>\n<\/ul>","protected":false},"excerpt":{"rendered":"<p class=\"MsoNormal\" style=\"line-height: 150%;\"><span>Nosta ruoanlaittosi seuraavalle tasolle Ankarsrum Assistent Originalin ja Ankarsrum-lihamyllyn kanssa! Mets\u00e4styspakkauksessa on mukana kaikki, mit\u00e4 tarvitset herkullisiin keitti\u00f6hetkiin: tee mehevi\u00e4 jauhelihapihvej\u00e4, monenlaisia makkaroita ja maistuvia kasvisvaihtoehtoja. T\u00e4ydellinen vaativallekin kotikokille, joka haluaa k\u00e4sitell\u00e4 lihan ja riistan itse, tehd\u00e4 leikkeleit\u00e4 ja valmistaa kasvipohjaisia aterioita helposti.<\/span><\/p>\n","protected":false},"featured_media":18131,"comment_status":"open","ping_status":"closed","template":"","meta":{"_acf_changed":false,"content-type":"","editor_notices":[]},"product_brand":[],"product_cat":[455],"product_tag":[],"product-tag":[],"machines":[],"filter":[271,288],"class_list":{"0":"post-15257","1":"product","2":"type-product","3":"status-publish","4":"has-post-thumbnail","6":"product_cat-lisavarusteet","7":"filter-lihamylly","8":"filter-ruoka","10":"first","11":"instock","12":"taxable","13":"shipping-taxable","14":"purchasable","15":"product-type-simple"},"bundled_by":[],"bundle_stock_status":"instock","bundle_stock_quantity":null,"bundle_virtual":false,"bundle_layout":"","bundle_add_to_cart_form_location":"","bundle_editable_in_cart":false,"bundle_sold_individually_context":"","bundle_item_grouping":"","bundle_min_size":"","bundle_max_size":"","bundle_price":[],"bundled_items":[],"bundle_sell_ids":[],"acf":[],"yoast_head":"<!-- This site is optimized with the Yoast SEO Premium plugin v26.6 (Yoast SEO v26.6) - https:\/\/yoast.com\/wordpress\/plugins\/seo\/ -->\n<title>Lihamylly, mets\u00e4styspakkaus - Ankarsrum Finland<\/title>\n<meta name=\"robots\" content=\"index, follow, max-snippet:-1, max-image-preview:large, max-video-preview:-1\" \/>\n<link rel=\"canonical\" href=\"https:\/\/www.ankarsrum.com\/fi\/product\/lihamylly-metsastyspakkaus\/\" \/>\n<meta property=\"og:locale\" content=\"fi_FI\" \/>\n<meta property=\"og:type\" content=\"article\" \/>\n<meta property=\"og:title\" content=\"Lihamylly, mets\u00e4styspakkaus\" \/>\n<meta property=\"og:description\" content=\"Nosta ruoanlaittosi seuraavalle tasolle Ankarsrum Assistent Originalin ja Ankarsrum-lihamyllyn kanssa! Mets\u00e4styspakkauksessa on mukana kaikki, mit\u00e4 tarvitset herkullisiin keitti\u00f6hetkiin: tee mehevi\u00e4 jauhelihapihvej\u00e4, monenlaisia makkaroita ja maistuvia kasvisvaihtoehtoja. T\u00e4ydellinen vaativallekin kotikokille, joka haluaa k\u00e4sitell\u00e4 lihan ja riistan itse, tehd\u00e4 leikkeleit\u00e4 ja valmistaa kasvipohjaisia aterioita helposti.\" \/>\n<meta property=\"og:url\" content=\"https:\/\/www.ankarsrum.com\/fi\/product\/lihamylly-metsastyspakkaus\/\" \/>\n<meta property=\"og:site_name\" content=\"Ankarsrum Finland\" \/>\n<meta property=\"article:modified_time\" content=\"2026-04-17T03:27:30+00:00\" \/>\n<meta property=\"og:image\" content=\"https:\/\/www.ankarsrum.com\/fi\/wp-content\/uploads\/sites\/57\/2024\/09\/mincer-hunting.jpg\" \/>\n\t<meta property=\"og:image:width\" content=\"1080\" \/>\n\t<meta property=\"og:image:height\" content=\"630\" \/>\n\t<meta property=\"og:image:type\" content=\"image\/jpeg\" \/>\n<meta name=\"twitter:card\" content=\"summary_large_image\" \/>\n<meta name=\"twitter:label1\" content=\"Price\" \/>\n\t<meta name=\"twitter:data1\" content=\"208,00&nbsp;&euro;\" \/>\n\t<meta name=\"twitter:label2\" content=\"Availability\" \/>\n\t<meta name=\"twitter:data2\" content=\"In stock\" \/>\n<script type=\"application\/ld+json\" class=\"yoast-schema-graph\">{\"@context\":\"https:\/\/schema.org\",\"@graph\":[{\"@type\":\"WebPage\",\"@id\":\"https:\/\/www.ankarsrum.com\/fi\/product\/lihamylly-metsastyspakkaus\/\",\"url\":\"https:\/\/www.ankarsrum.com\/fi\/product\/lihamylly-metsastyspakkaus\/\",\"name\":\"Lihamylly, mets\u00e4styspakkaus - Ankarsrum Finland\",\"isPartOf\":{\"@id\":\"https:\/\/www.ankarsrum.com\/fi\/#website\"},\"primaryImageOfPage\":{\"@id\":\"https:\/\/www.ankarsrum.com\/fi\/product\/lihamylly-metsastyspakkaus\/#primaryimage\"},\"image\":{\"@id\":\"https:\/\/www.ankarsrum.com\/fi\/product\/lihamylly-metsastyspakkaus\/#primaryimage\"},\"thumbnailUrl\":\"https:\/\/www.ankarsrum.com\/img-srv\/XY-O2Aq93bQzy_wW846MPnB-_fW-wAWtcG4lpRuoQ2U\/resizing_type:auto\/width:0\/height:0\/gravity:sm\/enlarge:1\/ext:webp\/strip_metadata:1\/quality:90\/cachebuster:filesize-88016\/bG9jYWw6Ly8vd3d3LmFua2Fyc3J1bS5jb20vd3AtY29udGVudC91cGxvYWRzL3NpdGVzLzU3LzIwMjQvMDkvbWluY2VyLWh1bnRpbmcuanBn.webp\",\"datePublished\":\"2024-07-16T07:28:42+00:00\",\"dateModified\":\"2026-04-17T03:27:30+00:00\",\"breadcrumb\":{\"@id\":\"https:\/\/www.ankarsrum.com\/fi\/product\/lihamylly-metsastyspakkaus\/#breadcrumb\"},\"inLanguage\":\"fi\",\"potentialAction\":[{\"@type\":\"ReadAction\",\"target\":[\"https:\/\/www.ankarsrum.com\/fi\/product\/lihamylly-metsastyspakkaus\/\"]}]},{\"@type\":\"ImageObject\",\"inLanguage\":\"fi\",\"@id\":\"https:\/\/www.ankarsrum.com\/fi\/product\/lihamylly-metsastyspakkaus\/#primaryimage\",\"url\":\"https:\/\/www.ankarsrum.com\/img-srv\/XY-O2Aq93bQzy_wW846MPnB-_fW-wAWtcG4lpRuoQ2U\/resizing_type:auto\/width:0\/height:0\/gravity:sm\/enlarge:1\/ext:webp\/strip_metadata:1\/quality:90\/cachebuster:filesize-88016\/bG9jYWw6Ly8vd3d3LmFua2Fyc3J1bS5jb20vd3AtY29udGVudC91cGxvYWRzL3NpdGVzLzU3LzIwMjQvMDkvbWluY2VyLWh1bnRpbmcuanBn.webp\",\"contentUrl\":\"https:\/\/www.ankarsrum.com\/img-srv\/XY-O2Aq93bQzy_wW846MPnB-_fW-wAWtcG4lpRuoQ2U\/resizing_type:auto\/width:0\/height:0\/gravity:sm\/enlarge:1\/ext:webp\/strip_metadata:1\/quality:90\/cachebuster:filesize-88016\/bG9jYWw6Ly8vd3d3LmFua2Fyc3J1bS5jb20vd3AtY29udGVudC91cGxvYWRzL3NpdGVzLzU3LzIwMjQvMDkvbWluY2VyLWh1bnRpbmcuanBn.webp\",\"width\":1080,\"height\":1080},{\"@type\":\"BreadcrumbList\",\"@id\":\"https:\/\/www.ankarsrum.com\/fi\/product\/lihamylly-metsastyspakkaus\/#breadcrumb\",\"itemListElement\":[{\"@type\":\"ListItem\",\"position\":1,\"name\":\"Home\",\"item\":\"https:\/\/www.ankarsrum.com\/fi\/\"},{\"@type\":\"ListItem\",\"position\":2,\"name\":\"Produce name\",\"item\":\"https:\/\/www.ankarsrum.com\/fi\/shop\/\"},{\"@type\":\"ListItem\",\"position\":3,\"name\":\"Lihamylly, mets\u00e4styspakkaus\"}]},{\"@type\":\"WebSite\",\"@id\":\"https:\/\/www.ankarsrum.com\/fi\/#website\",\"url\":\"https:\/\/www.ankarsrum.com\/fi\/\",\"name\":\"Ankarsrum Finland\",\"description\":\"The bread of the world\",\"potentialAction\":[{\"@type\":\"SearchAction\",\"target\":{\"@type\":\"EntryPoint\",\"urlTemplate\":\"https:\/\/www.ankarsrum.com\/fi\/?s={search_term_string}\"},\"query-input\":{\"@type\":\"PropertyValueSpecification\",\"valueRequired\":true,\"valueName\":\"search_term_string\"}}],\"inLanguage\":\"fi\"}]}<\/script>\n<meta property=\"product:price:amount\" content=\"208.00\" \/>\n<meta property=\"product:price:currency\" content=\"EUR\" \/>\n<meta property=\"og:availability\" content=\"instock\" \/>\n<meta property=\"product:availability\" content=\"instock\" \/>\n<meta property=\"product:retailer_item_id\" content=\"920900060\" \/>\n<meta property=\"product:condition\" content=\"new\" \/>\n<!-- \/ Yoast SEO Premium plugin. -->","yoast_head_json":{"title":"Lihamylly, mets\u00e4styspakkaus - Ankarsrum Finland","robots":{"index":"index","follow":"follow","max-snippet":"max-snippet:-1","max-image-preview":"max-image-preview:large","max-video-preview":"max-video-preview:-1"},"canonical":"https:\/\/www.ankarsrum.com\/fi\/product\/lihamylly-metsastyspakkaus\/","og_locale":"fi_FI","og_type":"article","og_title":"Lihamylly, mets\u00e4styspakkaus","og_description":"Nosta ruoanlaittosi seuraavalle tasolle Ankarsrum Assistent Originalin ja Ankarsrum-lihamyllyn kanssa! Mets\u00e4styspakkauksessa on mukana kaikki, mit\u00e4 tarvitset herkullisiin keitti\u00f6hetkiin: tee mehevi\u00e4 jauhelihapihvej\u00e4, monenlaisia makkaroita ja maistuvia kasvisvaihtoehtoja. T\u00e4ydellinen vaativallekin kotikokille, joka haluaa k\u00e4sitell\u00e4 lihan ja riistan itse, tehd\u00e4 leikkeleit\u00e4 ja valmistaa kasvipohjaisia aterioita helposti.","og_url":"https:\/\/www.ankarsrum.com\/fi\/product\/lihamylly-metsastyspakkaus\/","og_site_name":"Ankarsrum Finland","article_modified_time":"2026-04-17T03:27:30+00:00","og_image":[{"width":1080,"height":630,"url":"https:\/\/www.ankarsrum.com\/fi\/wp-content\/uploads\/sites\/57\/2024\/09\/mincer-hunting.jpg","type":"image\/jpeg"}],"twitter_card":"summary_large_image","twitter_misc":{"Price":"208,00&nbsp;&euro;","Availability":"In stock"},"schema":{"@context":"https:\/\/schema.org","@graph":[{"@type":"WebPage","@id":"https:\/\/www.ankarsrum.com\/fi\/product\/lihamylly-metsastyspakkaus\/","url":"https:\/\/www.ankarsrum.com\/fi\/product\/lihamylly-metsastyspakkaus\/","name":"Lihamylly, mets\u00e4styspakkaus - Ankarsrum Finland","isPartOf":{"@id":"https:\/\/www.ankarsrum.com\/fi\/#website"},"primaryImageOfPage":{"@id":"https:\/\/www.ankarsrum.com\/fi\/product\/lihamylly-metsastyspakkaus\/#primaryimage"},"image":{"@id":"https:\/\/www.ankarsrum.com\/fi\/product\/lihamylly-metsastyspakkaus\/#primaryimage"},"thumbnailUrl":"https:\/\/www.ankarsrum.com\/img-srv\/XY-O2Aq93bQzy_wW846MPnB-_fW-wAWtcG4lpRuoQ2U\/resizing_type:auto\/width:0\/height:0\/gravity:sm\/enlarge:1\/ext:webp\/strip_metadata:1\/quality:90\/cachebuster:filesize-88016\/bG9jYWw6Ly8vd3d3LmFua2Fyc3J1bS5jb20vd3AtY29udGVudC91cGxvYWRzL3NpdGVzLzU3LzIwMjQvMDkvbWluY2VyLWh1bnRpbmcuanBn.webp","datePublished":"2024-07-16T07:28:42+00:00","dateModified":"2026-04-17T03:27:30+00:00","breadcrumb":{"@id":"https:\/\/www.ankarsrum.com\/fi\/product\/lihamylly-metsastyspakkaus\/#breadcrumb"},"inLanguage":"fi","potentialAction":[{"@type":"ReadAction","target":["https:\/\/www.ankarsrum.com\/fi\/product\/lihamylly-metsastyspakkaus\/"]}]},{"@type":"ImageObject","inLanguage":"fi","@id":"https:\/\/www.ankarsrum.com\/fi\/product\/lihamylly-metsastyspakkaus\/#primaryimage","url":"https:\/\/www.ankarsrum.com\/img-srv\/XY-O2Aq93bQzy_wW846MPnB-_fW-wAWtcG4lpRuoQ2U\/resizing_type:auto\/width:0\/height:0\/gravity:sm\/enlarge:1\/ext:webp\/strip_metadata:1\/quality:90\/cachebuster:filesize-88016\/bG9jYWw6Ly8vd3d3LmFua2Fyc3J1bS5jb20vd3AtY29udGVudC91cGxvYWRzL3NpdGVzLzU3LzIwMjQvMDkvbWluY2VyLWh1bnRpbmcuanBn.webp","contentUrl":"https:\/\/www.ankarsrum.com\/img-srv\/XY-O2Aq93bQzy_wW846MPnB-_fW-wAWtcG4lpRuoQ2U\/resizing_type:auto\/width:0\/height:0\/gravity:sm\/enlarge:1\/ext:webp\/strip_metadata:1\/quality:90\/cachebuster:filesize-88016\/bG9jYWw6Ly8vd3d3LmFua2Fyc3J1bS5jb20vd3AtY29udGVudC91cGxvYWRzL3NpdGVzLzU3LzIwMjQvMDkvbWluY2VyLWh1bnRpbmcuanBn.webp","width":1080,"height":1080},{"@type":"BreadcrumbList","@id":"https:\/\/www.ankarsrum.com\/fi\/product\/lihamylly-metsastyspakkaus\/#breadcrumb","itemListElement":[{"@type":"ListItem","position":1,"name":"Home","item":"https:\/\/www.ankarsrum.com\/fi\/"},{"@type":"ListItem","position":2,"name":"Produce name","item":"https:\/\/www.ankarsrum.com\/fi\/shop\/"},{"@type":"ListItem","position":3,"name":"Lihamylly, mets\u00e4styspakkaus"}]},{"@type":"WebSite","@id":"https:\/\/www.ankarsrum.com\/fi\/#website","url":"https:\/\/www.ankarsrum.com\/fi\/","name":"Ankarsrum Finland","description":"The bread of the world","potentialAction":[{"@type":"SearchAction","target":{"@type":"EntryPoint","urlTemplate":"https:\/\/www.ankarsrum.com\/fi\/?s={search_term_string}"},"query-input":{"@type":"PropertyValueSpecification","valueRequired":true,"valueName":"search_term_string"}}],"inLanguage":"fi"}]},"product_price_amount":"208.00","product_price_currency":"EUR","og_availability":"instock","product_availability":"instock","product_retailer_item_id":"920900060","product_condition":"new"},"_links":{"self":[{"href":"https:\/\/www.ankarsrum.com\/fi\/wp-json\/wp\/v2\/product\/15257","targetHints":{"allow":["GET"]}}],"collection":[{"href":"https:\/\/www.ankarsrum.com\/fi\/wp-json\/wp\/v2\/product"}],"about":[{"href":"https:\/\/www.ankarsrum.com\/fi\/wp-json\/wp\/v2\/types\/product"}],"replies":[{"embeddable":true,"href":"https:\/\/www.ankarsrum.com\/fi\/wp-json\/wp\/v2\/comments?post=15257"}],"wp:featuredmedia":[{"embeddable":true,"href":"https:\/\/www.ankarsrum.com\/fi\/wp-json\/wp\/v2\/media\/18131"}],"wp:attachment":[{"href":"https:\/\/www.ankarsrum.com\/fi\/wp-json\/wp\/v2\/media?parent=15257"}],"wp:term":[{"taxonomy":"product_brand","embeddable":true,"href":"https:\/\/www.ankarsrum.com\/fi\/wp-json\/wp\/v2\/product_brand?post=15257"},{"taxonomy":"product_cat","embeddable":true,"href":"https:\/\/www.ankarsrum.com\/fi\/wp-json\/wp\/v2\/product_cat?post=15257"},{"taxonomy":"product_tag","embeddable":true,"href":"https:\/\/www.ankarsrum.com\/fi\/wp-json\/wp\/v2\/product_tag?post=15257"},{"taxonomy":"product-tag","embeddable":true,"href":"https:\/\/www.ankarsrum.com\/fi\/wp-json\/wp\/v2\/product-tag?post=15257"},{"taxonomy":"machines","embeddable":true,"href":"https:\/\/www.ankarsrum.com\/fi\/wp-json\/wp\/v2\/machines?post=15257"},{"taxonomy":"filter","embeddable":true,"href":"https:\/\/www.ankarsrum.com\/fi\/wp-json\/wp\/v2\/filter?post=15257"}],"curies":[{"name":"wp","href":"https:\/\/api.w.org\/{rel}","templated":true}]}}