{"id":15259,"date":"2024-07-16T07:36:17","date_gmt":"2024-07-16T07:36:17","guid":{"rendered":"https:\/\/www.ankarsrum.com\/fi\/product\/lasagne-pastatela\/"},"modified":"2026-04-17T03:27:31","modified_gmt":"2026-04-17T03:27:31","slug":"lasagne-pastatela","status":"publish","type":"product","link":"https:\/\/www.ankarsrum.com\/fi\/product\/lasagne-pastatela\/","title":{"rendered":"Lasagnetela"},"content":{"rendered":"<p class=\"MsoNormal\"><span>Ankarsrum-lasagnetela tekee pastan valmistamisesta helpompaa kuin koskaan ennen. Lis\u00e4osa kiinnittyy k\u00e4tev\u00e4sti Ankarsrum Assistent Originaliin. Tehokkaan moottorin ansiosta se kaulii pastataikinan nopeasti levyiksi, joista voit tehd\u00e4 lasagnea, ravioleja tai tortellineja \u2013 taikinaa ei tarvitse telata manuaalisesti. Lopputuloksena saat t\u00e4ydellisen sileit\u00e4 pastalevyj\u00e4 joka kerta.<\/span><\/p>\n<p class=\"MsoNormal\"><span>Voit s\u00e4\u00e4st\u00e4\u00e4 pastalevyjen paksuutta (0,6\u20134,8\u00a0mm), joten saat juuri reseptiisi sopivat levyt, teetp\u00e4 sitten ohutta lasagnea tai paksumpia levyj\u00e4 vaativia pastalaatuja.<span style=\"mso-spacerun: yes;\">\u00a0 <\/span>Ankarsrum-valikoimaan kuuluu my\u00f6s pastaleikkureita, joilla saat tehty\u00e4 fettuccinea, spagettia ja lasagnettea.<\/span><\/p>\n<p class=\"MsoNormal\"><span>Laadukkaat ja kest\u00e4v\u00e4t Ankarsrum-lasagnetelat valmistaa italialainen Marcato, yksi maailman johtavista pastakonevalmistajista yli 80\u00a0vuoden kokemuksella.<\/span><\/p>\n<p class=\"MsoNormal\"><span>Suositeltu paksuus: 1\u00a0mm lasagnelle (asetus 7)<br \/><\/span><strong><span style=\"mso-ascii-font-family: Aptos; mso-hansi-font-family: Aptos; color: black; mso-themecolor: text1;\"><br \/><\/span><span>Lasagnetela on yhteensopiva seuraavien Ankarsrum Assistent Original -mallien kanssa \u2013 Tyyppi: N1\u2013N30 | Tyyppi: N30 \/ Malli: AKM6230<\/span><\/strong><\/p>\n<p class=\"MsoNormal\"><span>Mit\u00e4 pakkaukseen sis\u00e4ltyy?\u00a0<\/span><\/p>\n<ul>\n<li class=\"MsoNormal\"><span style=\"font-family: Symbol; mso-fareast-font-family: Symbol; mso-bidi-font-family: Symbol;\"><span style=\"mso-list: Ignore;\"><span style=\"font: 7.0pt &#039;Times New Roman&#039;;\">\u00a0<\/span><\/span><\/span><span>Lasagnetela <\/span><\/li>\n<\/ul>","protected":false},"excerpt":{"rendered":"<p><span>Tee vaikutus itse tehdyll\u00e4 pastalla! Ankarsrum-lasagnetelan avulla t\u00e4ydelliset pastalevyt valmistuvat nopeasti ja helposti. Ei en\u00e4\u00e4 hankalaa k\u00e4sin telaamista \u2013 saat vaivatta tasaisia lasagnelevyj\u00e4, jotka maistuvat koko perheelle.<\/span><\/p>\n","protected":false},"featured_media":18109,"comment_status":"open","ping_status":"closed","template":"","meta":{"_acf_changed":false,"content-type":"","editor_notices":[]},"product_brand":[],"product_cat":[455],"product_tag":[],"product-tag":[],"machines":[],"filter":[268,288],"class_list":{"0":"post-15259","1":"product","2":"type-product","3":"status-publish","4":"has-post-thumbnail","6":"product_cat-lisavarusteet","7":"filter-pasta","8":"filter-ruoka","10":"first","11":"instock","12":"taxable","13":"shipping-taxable","14":"purchasable","15":"product-type-simple"},"bundled_by":[],"bundle_stock_status":"instock","bundle_stock_quantity":null,"bundle_virtual":false,"bundle_layout":"","bundle_add_to_cart_form_location":"","bundle_editable_in_cart":false,"bundle_sold_individually_context":"","bundle_item_grouping":"","bundle_min_size":"","bundle_max_size":"","bundle_price":[],"bundled_items":[],"bundle_sell_ids":[],"acf":[],"yoast_head":"<!-- This site is optimized with the Yoast SEO Premium plugin v26.6 (Yoast SEO v26.6) - https:\/\/yoast.com\/wordpress\/plugins\/seo\/ -->\n<title>Lasagnetela - Ankarsrum Finland<\/title>\n<meta name=\"robots\" content=\"index, follow, max-snippet:-1, max-image-preview:large, max-video-preview:-1\" \/>\n<link rel=\"canonical\" href=\"https:\/\/www.ankarsrum.com\/fi\/product\/lasagne-pastatela\/\" \/>\n<meta property=\"og:locale\" content=\"fi_FI\" \/>\n<meta property=\"og:type\" content=\"article\" \/>\n<meta property=\"og:title\" content=\"Lasagnetela\" \/>\n<meta property=\"og:description\" content=\"Tee vaikutus itse tehdyll\u00e4 pastalla! Ankarsrum-lasagnetelan avulla t\u00e4ydelliset pastalevyt valmistuvat nopeasti ja helposti. Ei en\u00e4\u00e4 hankalaa k\u00e4sin telaamista \u2013 saat vaivatta tasaisia lasagnelevyj\u00e4, jotka maistuvat koko perheelle.\" \/>\n<meta property=\"og:url\" content=\"https:\/\/www.ankarsrum.com\/fi\/product\/lasagne-pastatela\/\" \/>\n<meta property=\"og:site_name\" content=\"Ankarsrum Finland\" \/>\n<meta property=\"article:modified_time\" content=\"2026-04-17T03:27:31+00:00\" \/>\n<meta property=\"og:image\" content=\"https:\/\/www.ankarsrum.com\/fi\/wp-content\/uploads\/sites\/57\/2024\/09\/lasagna-angle-1-scaled.jpg\" \/>\n\t<meta property=\"og:image:width\" content=\"1200\" \/>\n\t<meta property=\"og:image:height\" content=\"630\" \/>\n\t<meta property=\"og:image:type\" content=\"image\/jpeg\" \/>\n<meta name=\"twitter:card\" content=\"summary_large_image\" \/>\n<meta name=\"twitter:label1\" content=\"Price\" \/>\n\t<meta name=\"twitter:data1\" content=\"99,00&nbsp;&euro;\" \/>\n\t<meta name=\"twitter:label2\" content=\"Availability\" \/>\n\t<meta name=\"twitter:data2\" content=\"In stock\" \/>\n<script type=\"application\/ld+json\" class=\"yoast-schema-graph\">{\"@context\":\"https:\/\/schema.org\",\"@graph\":[{\"@type\":\"WebPage\",\"@id\":\"https:\/\/www.ankarsrum.com\/fi\/product\/lasagne-pastatela\/\",\"url\":\"https:\/\/www.ankarsrum.com\/fi\/product\/lasagne-pastatela\/\",\"name\":\"Lasagnetela - Ankarsrum Finland\",\"isPartOf\":{\"@id\":\"https:\/\/www.ankarsrum.com\/fi\/#website\"},\"primaryImageOfPage\":{\"@id\":\"https:\/\/www.ankarsrum.com\/fi\/product\/lasagne-pastatela\/#primaryimage\"},\"image\":{\"@id\":\"https:\/\/www.ankarsrum.com\/fi\/product\/lasagne-pastatela\/#primaryimage\"},\"thumbnailUrl\":\"https:\/\/www.ankarsrum.com\/img-srv\/GgZc84rN5IXHDPP7p5ex3C0RXs32OCdyVmkVU1iCLs8\/resizing_type:auto\/width:0\/height:0\/gravity:sm\/enlarge:1\/ext:webp\/strip_metadata:1\/quality:90\/cachebuster:filesize-221114\/bG9jYWw6Ly8vd3d3LmFua2Fyc3J1bS5jb20vd3AtY29udGVudC91cGxvYWRzL3NpdGVzLzU3LzIwMjQvMDkvbGFzYWduYS1hbmdsZS0xLXNjYWxlZC5qcGc.webp\",\"datePublished\":\"2024-07-16T07:36:17+00:00\",\"dateModified\":\"2026-04-17T03:27:31+00:00\",\"breadcrumb\":{\"@id\":\"https:\/\/www.ankarsrum.com\/fi\/product\/lasagne-pastatela\/#breadcrumb\"},\"inLanguage\":\"fi\",\"potentialAction\":[{\"@type\":\"ReadAction\",\"target\":[\"https:\/\/www.ankarsrum.com\/fi\/product\/lasagne-pastatela\/\"]}]},{\"@type\":\"ImageObject\",\"inLanguage\":\"fi\",\"@id\":\"https:\/\/www.ankarsrum.com\/fi\/product\/lasagne-pastatela\/#primaryimage\",\"url\":\"https:\/\/www.ankarsrum.com\/img-srv\/GgZc84rN5IXHDPP7p5ex3C0RXs32OCdyVmkVU1iCLs8\/resizing_type:auto\/width:0\/height:0\/gravity:sm\/enlarge:1\/ext:webp\/strip_metadata:1\/quality:90\/cachebuster:filesize-221114\/bG9jYWw6Ly8vd3d3LmFua2Fyc3J1bS5jb20vd3AtY29udGVudC91cGxvYWRzL3NpdGVzLzU3LzIwMjQvMDkvbGFzYWduYS1hbmdsZS0xLXNjYWxlZC5qcGc.webp\",\"contentUrl\":\"https:\/\/www.ankarsrum.com\/img-srv\/GgZc84rN5IXHDPP7p5ex3C0RXs32OCdyVmkVU1iCLs8\/resizing_type:auto\/width:0\/height:0\/gravity:sm\/enlarge:1\/ext:webp\/strip_metadata:1\/quality:90\/cachebuster:filesize-221114\/bG9jYWw6Ly8vd3d3LmFua2Fyc3J1bS5jb20vd3AtY29udGVudC91cGxvYWRzL3NpdGVzLzU3LzIwMjQvMDkvbGFzYWduYS1hbmdsZS0xLXNjYWxlZC5qcGc.webp\",\"width\":2560,\"height\":2560},{\"@type\":\"BreadcrumbList\",\"@id\":\"https:\/\/www.ankarsrum.com\/fi\/product\/lasagne-pastatela\/#breadcrumb\",\"itemListElement\":[{\"@type\":\"ListItem\",\"position\":1,\"name\":\"Home\",\"item\":\"https:\/\/www.ankarsrum.com\/fi\/\"},{\"@type\":\"ListItem\",\"position\":2,\"name\":\"Produce name\",\"item\":\"https:\/\/www.ankarsrum.com\/fi\/shop\/\"},{\"@type\":\"ListItem\",\"position\":3,\"name\":\"Lasagnetela\"}]},{\"@type\":\"WebSite\",\"@id\":\"https:\/\/www.ankarsrum.com\/fi\/#website\",\"url\":\"https:\/\/www.ankarsrum.com\/fi\/\",\"name\":\"Ankarsrum Finland\",\"description\":\"The bread of the world\",\"potentialAction\":[{\"@type\":\"SearchAction\",\"target\":{\"@type\":\"EntryPoint\",\"urlTemplate\":\"https:\/\/www.ankarsrum.com\/fi\/?s={search_term_string}\"},\"query-input\":{\"@type\":\"PropertyValueSpecification\",\"valueRequired\":true,\"valueName\":\"search_term_string\"}}],\"inLanguage\":\"fi\"}]}<\/script>\n<meta property=\"product:price:amount\" content=\"99.00\" \/>\n<meta property=\"product:price:currency\" content=\"EUR\" \/>\n<meta property=\"og:availability\" content=\"instock\" \/>\n<meta property=\"product:availability\" content=\"instock\" \/>\n<meta property=\"product:retailer_item_id\" content=\"920900063\" \/>\n<meta property=\"product:condition\" content=\"new\" \/>\n<!-- \/ Yoast SEO Premium plugin. -->","yoast_head_json":{"title":"Lasagnetela - Ankarsrum Finland","robots":{"index":"index","follow":"follow","max-snippet":"max-snippet:-1","max-image-preview":"max-image-preview:large","max-video-preview":"max-video-preview:-1"},"canonical":"https:\/\/www.ankarsrum.com\/fi\/product\/lasagne-pastatela\/","og_locale":"fi_FI","og_type":"article","og_title":"Lasagnetela","og_description":"Tee vaikutus itse tehdyll\u00e4 pastalla! Ankarsrum-lasagnetelan avulla t\u00e4ydelliset pastalevyt valmistuvat nopeasti ja helposti. Ei en\u00e4\u00e4 hankalaa k\u00e4sin telaamista \u2013 saat vaivatta tasaisia lasagnelevyj\u00e4, jotka maistuvat koko perheelle.","og_url":"https:\/\/www.ankarsrum.com\/fi\/product\/lasagne-pastatela\/","og_site_name":"Ankarsrum Finland","article_modified_time":"2026-04-17T03:27:31+00:00","og_image":[{"width":1200,"height":630,"url":"https:\/\/www.ankarsrum.com\/fi\/wp-content\/uploads\/sites\/57\/2024\/09\/lasagna-angle-1-scaled.jpg","type":"image\/jpeg"}],"twitter_card":"summary_large_image","twitter_misc":{"Price":"99,00&nbsp;&euro;","Availability":"In stock"},"schema":{"@context":"https:\/\/schema.org","@graph":[{"@type":"WebPage","@id":"https:\/\/www.ankarsrum.com\/fi\/product\/lasagne-pastatela\/","url":"https:\/\/www.ankarsrum.com\/fi\/product\/lasagne-pastatela\/","name":"Lasagnetela - Ankarsrum Finland","isPartOf":{"@id":"https:\/\/www.ankarsrum.com\/fi\/#website"},"primaryImageOfPage":{"@id":"https:\/\/www.ankarsrum.com\/fi\/product\/lasagne-pastatela\/#primaryimage"},"image":{"@id":"https:\/\/www.ankarsrum.com\/fi\/product\/lasagne-pastatela\/#primaryimage"},"thumbnailUrl":"https:\/\/www.ankarsrum.com\/img-srv\/GgZc84rN5IXHDPP7p5ex3C0RXs32OCdyVmkVU1iCLs8\/resizing_type:auto\/width:0\/height:0\/gravity:sm\/enlarge:1\/ext:webp\/strip_metadata:1\/quality:90\/cachebuster:filesize-221114\/bG9jYWw6Ly8vd3d3LmFua2Fyc3J1bS5jb20vd3AtY29udGVudC91cGxvYWRzL3NpdGVzLzU3LzIwMjQvMDkvbGFzYWduYS1hbmdsZS0xLXNjYWxlZC5qcGc.webp","datePublished":"2024-07-16T07:36:17+00:00","dateModified":"2026-04-17T03:27:31+00:00","breadcrumb":{"@id":"https:\/\/www.ankarsrum.com\/fi\/product\/lasagne-pastatela\/#breadcrumb"},"inLanguage":"fi","potentialAction":[{"@type":"ReadAction","target":["https:\/\/www.ankarsrum.com\/fi\/product\/lasagne-pastatela\/"]}]},{"@type":"ImageObject","inLanguage":"fi","@id":"https:\/\/www.ankarsrum.com\/fi\/product\/lasagne-pastatela\/#primaryimage","url":"https:\/\/www.ankarsrum.com\/img-srv\/GgZc84rN5IXHDPP7p5ex3C0RXs32OCdyVmkVU1iCLs8\/resizing_type:auto\/width:0\/height:0\/gravity:sm\/enlarge:1\/ext:webp\/strip_metadata:1\/quality:90\/cachebuster:filesize-221114\/bG9jYWw6Ly8vd3d3LmFua2Fyc3J1bS5jb20vd3AtY29udGVudC91cGxvYWRzL3NpdGVzLzU3LzIwMjQvMDkvbGFzYWduYS1hbmdsZS0xLXNjYWxlZC5qcGc.webp","contentUrl":"https:\/\/www.ankarsrum.com\/img-srv\/GgZc84rN5IXHDPP7p5ex3C0RXs32OCdyVmkVU1iCLs8\/resizing_type:auto\/width:0\/height:0\/gravity:sm\/enlarge:1\/ext:webp\/strip_metadata:1\/quality:90\/cachebuster:filesize-221114\/bG9jYWw6Ly8vd3d3LmFua2Fyc3J1bS5jb20vd3AtY29udGVudC91cGxvYWRzL3NpdGVzLzU3LzIwMjQvMDkvbGFzYWduYS1hbmdsZS0xLXNjYWxlZC5qcGc.webp","width":2560,"height":2560},{"@type":"BreadcrumbList","@id":"https:\/\/www.ankarsrum.com\/fi\/product\/lasagne-pastatela\/#breadcrumb","itemListElement":[{"@type":"ListItem","position":1,"name":"Home","item":"https:\/\/www.ankarsrum.com\/fi\/"},{"@type":"ListItem","position":2,"name":"Produce name","item":"https:\/\/www.ankarsrum.com\/fi\/shop\/"},{"@type":"ListItem","position":3,"name":"Lasagnetela"}]},{"@type":"WebSite","@id":"https:\/\/www.ankarsrum.com\/fi\/#website","url":"https:\/\/www.ankarsrum.com\/fi\/","name":"Ankarsrum Finland","description":"The bread of the world","potentialAction":[{"@type":"SearchAction","target":{"@type":"EntryPoint","urlTemplate":"https:\/\/www.ankarsrum.com\/fi\/?s={search_term_string}"},"query-input":{"@type":"PropertyValueSpecification","valueRequired":true,"valueName":"search_term_string"}}],"inLanguage":"fi"}]},"product_price_amount":"99.00","product_price_currency":"EUR","og_availability":"instock","product_availability":"instock","product_retailer_item_id":"920900063","product_condition":"new"},"_links":{"self":[{"href":"https:\/\/www.ankarsrum.com\/fi\/wp-json\/wp\/v2\/product\/15259","targetHints":{"allow":["GET"]}}],"collection":[{"href":"https:\/\/www.ankarsrum.com\/fi\/wp-json\/wp\/v2\/product"}],"about":[{"href":"https:\/\/www.ankarsrum.com\/fi\/wp-json\/wp\/v2\/types\/product"}],"replies":[{"embeddable":true,"href":"https:\/\/www.ankarsrum.com\/fi\/wp-json\/wp\/v2\/comments?post=15259"}],"wp:featuredmedia":[{"embeddable":true,"href":"https:\/\/www.ankarsrum.com\/fi\/wp-json\/wp\/v2\/media\/18109"}],"wp:attachment":[{"href":"https:\/\/www.ankarsrum.com\/fi\/wp-json\/wp\/v2\/media?parent=15259"}],"wp:term":[{"taxonomy":"product_brand","embeddable":true,"href":"https:\/\/www.ankarsrum.com\/fi\/wp-json\/wp\/v2\/product_brand?post=15259"},{"taxonomy":"product_cat","embeddable":true,"href":"https:\/\/www.ankarsrum.com\/fi\/wp-json\/wp\/v2\/product_cat?post=15259"},{"taxonomy":"product_tag","embeddable":true,"href":"https:\/\/www.ankarsrum.com\/fi\/wp-json\/wp\/v2\/product_tag?post=15259"},{"taxonomy":"product-tag","embeddable":true,"href":"https:\/\/www.ankarsrum.com\/fi\/wp-json\/wp\/v2\/product-tag?post=15259"},{"taxonomy":"machines","embeddable":true,"href":"https:\/\/www.ankarsrum.com\/fi\/wp-json\/wp\/v2\/machines?post=15259"},{"taxonomy":"filter","embeddable":true,"href":"https:\/\/www.ankarsrum.com\/fi\/wp-json\/wp\/v2\/filter?post=15259"}],"curies":[{"name":"wp","href":"https:\/\/api.w.org\/{rel}","templated":true}]}}